{"id":45617,"date":"2024-04-29T13:58:47","date_gmt":"2024-04-29T10:58:47","guid":{"rendered":"https:\/\/gohike.lv\/produkts\/naturehike-cloud-tunnel-2-personas-telts-20d\/"},"modified":"2025-12-30T17:24:54","modified_gmt":"2025-12-30T14:24:54","slug":"naturehike-cloud-tunnel-2-personas-telts-20d","status":"publish","type":"product","link":"https:\/\/gohike.lv\/ru\/produkts\/naturehike-cloud-tunnel-2-personas-telts-20d\/","title":{"rendered":"Naturehike &#8212; Cloud Tunnel 2 telts 20D &#8212; 2p"},"content":{"rendered":"<p>Telts ir viegla, pateicoties tam, ka stabi ir izgatavoti no alum\u012bnija sakaus\u0113juma 7001.<br \/>\nViena no sakaus\u0113juma priek\u0161roc\u012bb\u0101m ir t\u0101, ka t\u0101 nav pak\u013cauta palieko\u0161\u0101m deform\u0101cij\u0101m un p\u0113c telts izjauk\u0161anas atgrie\u017eas s\u0101kotn\u0113j\u0101 st\u0101vokl\u012b.<br \/>\nR\u0101mja elementi ir savienoti viens ar otru ar elast\u012bgu auklu.<br \/>\nLoki un tapas tiek papildus apstr\u0101d\u0101tas ar elektro\u0137\u012bmisko anod\u0113\u0161anu, pateicoties kur\u0101m tie ir pasarg\u0101ti no korozijas.<br \/>\nArku galiem un atbilsto\u0161aj\u0101m cilp\u0101m ir vien\u0101di mar\u0137\u0113jumi.<br \/>\nLiels skaits storm guy virvju ar dubultiem stiprin\u0101juma punktiem nodro\u0161ina lielisku v\u0113ja pretest\u012bbu.<br \/>\nKomplekt\u0101 ietilpst Footprint, kas pasarg\u0101 telts apak\u0161u no asu zaru vai akme\u0146u boj\u0101jumiem.<\/p>\n","protected":false},"excerpt":{"rendered":"<p>Paredz\u0113ta visiem gadalaikiem, viegla un \u016bdensnecaurlaid\u012bga.<\/p>\n","protected":false},"featured_media":23477,"template":"","meta":[],"product_brand":[167],"product_cat":[1817],"product_tag":[],"class_list":{"0":"post-45617","1":"product","2":"type-product","3":"status-publish","4":"has-post-thumbnail","6":"product_brand-naturehike-lv","7":"product_cat-teltis-un-tenti","8":"pa_ieksejais-materials-20d-neilons-parklats-ar-silikonu","9":"pa_izmeriscm-10037","10":"pa_kapacitate-2-cilveki","11":"pa_materials-telts-apaksas-70d-neilons","12":"pa_produkta-tips-kempinga-teltis","13":"pa_spalva-tumsi-zals","14":"pa_stabi-7001-aluminijs","15":"pa_telts-materials-20d-neilons-parklats-ar-silikonu","16":"pa_telts-materials-pu2000mm","17":"pa_tikla-materials-b3-elpojoss-siets","19":"first","20":"outofstock","21":"taxable","22":"shipping-taxable","23":"purchasable","24":"product-type-simple"},"raw_content":{"name":"Naturehike - Cloud Tunnel 2 telts 20D - 2p","description":"Telts ir viegla, pateicoties tam, ka stabi ir izgatavoti no alum\u012bnija sakaus\u0113juma 7001.\nViena no sakaus\u0113juma priek\u0161roc\u012bb\u0101m ir t\u0101, ka t\u0101 nav pak\u013cauta palieko\u0161\u0101m deform\u0101cij\u0101m un p\u0113c telts izjauk\u0161anas atgrie\u017eas s\u0101kotn\u0113j\u0101 st\u0101vokl\u012b.\nR\u0101mja elementi ir savienoti viens ar otru ar elast\u012bgu auklu.\nLoki un tapas tiek papildus apstr\u0101d\u0101tas ar elektro\u0137\u012bmisko anod\u0113\u0161anu, pateicoties kur\u0101m tie ir pasarg\u0101ti no korozijas.\nArku galiem un atbilsto\u0161aj\u0101m cilp\u0101m ir vien\u0101di mar\u0137\u0113jumi.\nLiels skaits storm guy virvju ar dubultiem stiprin\u0101juma punktiem nodro\u0161ina lielisku v\u0113ja pretest\u012bbu.\nKomplekt\u0101 ietilpst Footprint, kas pasarg\u0101 telts apak\u0161u no asu zaru vai akme\u0146u boj\u0101jumiem.","short_description":"Paredz\u0113ta visiem gadalaikiem, viegla un \u016bdensnecaurlaid\u012bga.","status":"publish","sku":"6927595761977","original":45617},"wpml":{"translation_type":1,"has_translations":true,"original":45617,"duplicates":[],"translations":{"lv":45617,"en":68768,"ru":null}},"supplier_id":null,"supplier_sku":"","barcode":null,"atum_controlled":true,"out_stock_date":"2025-06-16 14:30:16","out_stock_threshold":null,"inheritable":false,"inbound_stock":0,"stock_on_hold":0,"sold_today":0,"sales_last_days":0,"reserved_stock":0,"customer_returns":0,"warehouse_damage":0,"lost_in_post":0,"other_logs":0,"out_stock_days":149,"lost_sales":0,"has_location":false,"update_date":"2025-12-30T14:30:42","atum_locations":[],"atum_stock_status":"outofstock","restock_status":false,"low_stock_amount":"","sales_update_date":"2025-11-13T14:09:05","calc_backorders":null,"yoast_head":"<!-- This site is optimized with the Yoast SEO plugin v27.3 - https:\/\/yoast.com\/product\/yoast-seo-wordpress\/ -->\n<title>Naturehike - Cloud Tunnel 2 telts 20D - 2p<\/title>\n<meta name=\"description\" content=\"Paredz\u0113ta visiem gadalaikiem, viegla un \u016bdensnecaurlaid\u012bga.\" \/>\n<meta name=\"robots\" content=\"index, follow, max-snippet:-1, max-image-preview:large, max-video-preview:-1\" \/>\n<link rel=\"canonical\" href=\"https:\/\/gohike.lv\/ru\/produkts\/naturehike-cloud-tunnel-2-personas-telts-20d\/\" \/>\n<meta property=\"og:locale\" content=\"ru_RU\" \/>\n<meta property=\"og:type\" content=\"article\" \/>\n<meta property=\"og:title\" content=\"Naturehike - Kempinga telts\" \/>\n<meta property=\"og:description\" content=\"Paredz\u0113ta visiem gadalaikiem, viegla un \u016bdensnecaurlaid\u012bga.\" \/>\n<meta property=\"og:url\" content=\"https:\/\/gohike.lv\/ru\/produkts\/naturehike-cloud-tunnel-2-personas-telts-20d\/\" \/>\n<meta property=\"og:site_name\" content=\"GoHike\" \/>\n<meta property=\"article:publisher\" content=\"https:\/\/www.facebook.com\/gohike.shop\/\" \/>\n<meta property=\"article:modified_time\" content=\"2025-12-30T14:24:54+00:00\" \/>\n<meta property=\"og:image\" content=\"https:\/\/gohike.lv\/wp-content\/uploads\/2024\/03\/CloudTunnel2_ForestGreen_.webp\" \/>\n\t<meta property=\"og:image:width\" content=\"600\" \/>\n\t<meta property=\"og:image:height\" content=\"600\" \/>\n\t<meta property=\"og:image:type\" content=\"image\/webp\" \/>\n<meta name=\"twitter:card\" content=\"summary_large_image\" \/>\n<meta name=\"twitter:title\" content=\"Naturehike - Kempinga telts\" \/>\n<meta name=\"twitter:label1\" content=\"\u041f\u0440\u0438\u043c\u0435\u0440\u043d\u043e\u0435 \u0432\u0440\u0435\u043c\u044f \u0434\u043b\u044f \u0447\u0442\u0435\u043d\u0438\u044f\" \/>\n\t<meta name=\"twitter:data1\" content=\"1 \u043c\u0438\u043d\u0443\u0442\u0430\" \/>\n<script type=\"application\/ld+json\" class=\"yoast-schema-graph\">{\"@context\":\"https:\\\/\\\/schema.org\",\"@graph\":[{\"@type\":[\"WebPage\",\"ItemPage\"],\"@id\":\"https:\\\/\\\/gohike.lv\\\/ru\\\/produkts\\\/naturehike-cloud-tunnel-2-personas-telts-20d\\\/\",\"url\":\"https:\\\/\\\/gohike.lv\\\/ru\\\/produkts\\\/naturehike-cloud-tunnel-2-personas-telts-20d\\\/\",\"name\":\"Naturehike - Cloud Tunnel 2 telts 20D - 2p\",\"isPartOf\":{\"@id\":\"https:\\\/\\\/gohike.lv\\\/ru\\\/#website\"},\"primaryImageOfPage\":{\"@id\":\"https:\\\/\\\/gohike.lv\\\/ru\\\/produkts\\\/naturehike-cloud-tunnel-2-personas-telts-20d\\\/#primaryimage\"},\"image\":{\"@id\":\"https:\\\/\\\/gohike.lv\\\/ru\\\/produkts\\\/naturehike-cloud-tunnel-2-personas-telts-20d\\\/#primaryimage\"},\"thumbnailUrl\":\"https:\\\/\\\/gohike.lv\\\/wp-content\\\/uploads\\\/2024\\\/03\\\/CloudTunnel2_ForestGreen_.webp\",\"datePublished\":\"2024-04-29T10:58:47+00:00\",\"dateModified\":\"2025-12-30T14:24:54+00:00\",\"description\":\"Paredz\u0113ta visiem gadalaikiem, viegla un \u016bdensnecaurlaid\u012bga.\",\"breadcrumb\":{\"@id\":\"https:\\\/\\\/gohike.lv\\\/ru\\\/produkts\\\/naturehike-cloud-tunnel-2-personas-telts-20d\\\/#breadcrumb\"},\"inLanguage\":\"ru-RU\",\"potentialAction\":[{\"@type\":\"ReadAction\",\"target\":[\"https:\\\/\\\/gohike.lv\\\/ru\\\/produkts\\\/naturehike-cloud-tunnel-2-personas-telts-20d\\\/\"]}]},{\"@type\":\"ImageObject\",\"inLanguage\":\"ru-RU\",\"@id\":\"https:\\\/\\\/gohike.lv\\\/ru\\\/produkts\\\/naturehike-cloud-tunnel-2-personas-telts-20d\\\/#primaryimage\",\"url\":\"https:\\\/\\\/gohike.lv\\\/wp-content\\\/uploads\\\/2024\\\/03\\\/CloudTunnel2_ForestGreen_.webp\",\"contentUrl\":\"https:\\\/\\\/gohike.lv\\\/wp-content\\\/uploads\\\/2024\\\/03\\\/CloudTunnel2_ForestGreen_.webp\",\"width\":600,\"height\":600},{\"@type\":\"BreadcrumbList\",\"@id\":\"https:\\\/\\\/gohike.lv\\\/ru\\\/produkts\\\/naturehike-cloud-tunnel-2-personas-telts-20d\\\/#breadcrumb\",\"itemListElement\":[{\"@type\":\"ListItem\",\"position\":1,\"name\":\"\u0413\u043b\u0430\u0432\u043d\u0430\u044f\",\"item\":\"https:\\\/\\\/gohike.lv\\\/ru\\\/\"},{\"@type\":\"ListItem\",\"position\":2,\"name\":\"\u041a\u0430\u0442\u0435\u0433\u043e\u0440\u0438\u0438 \u0442\u043e\u0432\u0430\u0440\u043e\u0432\",\"item\":\"https:\\\/\\\/gohike.lv\\\/%d0%ba%d0%b0%d1%82%d0%b5%d0%b3%d0%be%d1%80%d0%b8%d0%b8-%d1%82%d0%be%d0%b2%d0%b0%d1%80%d0%be%d0%b2\\\/\"},{\"@type\":\"ListItem\",\"position\":3,\"name\":\"Naturehike &#8211; Cloud Tunnel 2 telts 20D &#8211; 2p\"}]},{\"@type\":\"WebSite\",\"@id\":\"https:\\\/\\\/gohike.lv\\\/ru\\\/#website\",\"url\":\"https:\\\/\\\/gohike.lv\\\/ru\\\/\",\"name\":\"GoHike\",\"description\":\"\",\"publisher\":{\"@id\":\"https:\\\/\\\/gohike.lv\\\/ru\\\/#organization\"},\"potentialAction\":[{\"@type\":\"SearchAction\",\"target\":{\"@type\":\"EntryPoint\",\"urlTemplate\":\"https:\\\/\\\/gohike.lv\\\/ru\\\/?s={search_term_string}\"},\"query-input\":{\"@type\":\"PropertyValueSpecification\",\"valueRequired\":true,\"valueName\":\"search_term_string\"}}],\"inLanguage\":\"ru-RU\"},{\"@type\":\"Organization\",\"@id\":\"https:\\\/\\\/gohike.lv\\\/ru\\\/#organization\",\"name\":\"GoHike\",\"url\":\"https:\\\/\\\/gohike.lv\\\/ru\\\/\",\"logo\":{\"@type\":\"ImageObject\",\"inLanguage\":\"ru-RU\",\"@id\":\"https:\\\/\\\/gohike.lv\\\/ru\\\/#\\\/schema\\\/logo\\\/image\\\/\",\"url\":\"https:\\\/\\\/gohike.lv\\\/wp-content\\\/uploads\\\/2023\\\/08\\\/Logo_GoHike.webp\",\"contentUrl\":\"https:\\\/\\\/gohike.lv\\\/wp-content\\\/uploads\\\/2023\\\/08\\\/Logo_GoHike.webp\",\"width\":512,\"height\":512,\"caption\":\"GoHike\"},\"image\":{\"@id\":\"https:\\\/\\\/gohike.lv\\\/ru\\\/#\\\/schema\\\/logo\\\/image\\\/\"},\"sameAs\":[\"https:\\\/\\\/www.facebook.com\\\/gohike.shop\\\/\",\"https:\\\/\\\/www.instagram.com\\\/gohike.shop\\\/\"]}]}<\/script>\n<!-- \/ Yoast SEO plugin. -->","yoast_head_json":{"title":"Naturehike - Cloud Tunnel 2 telts 20D - 2p","description":"Paredz\u0113ta visiem gadalaikiem, viegla un \u016bdensnecaurlaid\u012bga.","robots":{"index":"index","follow":"follow","max-snippet":"max-snippet:-1","max-image-preview":"max-image-preview:large","max-video-preview":"max-video-preview:-1"},"canonical":"https:\/\/gohike.lv\/ru\/produkts\/naturehike-cloud-tunnel-2-personas-telts-20d\/","og_locale":"ru_RU","og_type":"article","og_title":"Naturehike - Kempinga telts","og_description":"Paredz\u0113ta visiem gadalaikiem, viegla un \u016bdensnecaurlaid\u012bga.","og_url":"https:\/\/gohike.lv\/ru\/produkts\/naturehike-cloud-tunnel-2-personas-telts-20d\/","og_site_name":"GoHike","article_publisher":"https:\/\/www.facebook.com\/gohike.shop\/","article_modified_time":"2025-12-30T14:24:54+00:00","og_image":[{"width":600,"height":600,"url":"https:\/\/gohike.lv\/wp-content\/uploads\/2024\/03\/CloudTunnel2_ForestGreen_.webp","type":"image\/webp"}],"twitter_card":"summary_large_image","twitter_title":"Naturehike - Kempinga telts","twitter_misc":{"\u041f\u0440\u0438\u043c\u0435\u0440\u043d\u043e\u0435 \u0432\u0440\u0435\u043c\u044f \u0434\u043b\u044f \u0447\u0442\u0435\u043d\u0438\u044f":"1 \u043c\u0438\u043d\u0443\u0442\u0430"},"schema":{"@context":"https:\/\/schema.org","@graph":[{"@type":["WebPage","ItemPage"],"@id":"https:\/\/gohike.lv\/ru\/produkts\/naturehike-cloud-tunnel-2-personas-telts-20d\/","url":"https:\/\/gohike.lv\/ru\/produkts\/naturehike-cloud-tunnel-2-personas-telts-20d\/","name":"Naturehike - Cloud Tunnel 2 telts 20D - 2p","isPartOf":{"@id":"https:\/\/gohike.lv\/ru\/#website"},"primaryImageOfPage":{"@id":"https:\/\/gohike.lv\/ru\/produkts\/naturehike-cloud-tunnel-2-personas-telts-20d\/#primaryimage"},"image":{"@id":"https:\/\/gohike.lv\/ru\/produkts\/naturehike-cloud-tunnel-2-personas-telts-20d\/#primaryimage"},"thumbnailUrl":"https:\/\/gohike.lv\/wp-content\/uploads\/2024\/03\/CloudTunnel2_ForestGreen_.webp","datePublished":"2024-04-29T10:58:47+00:00","dateModified":"2025-12-30T14:24:54+00:00","description":"Paredz\u0113ta visiem gadalaikiem, viegla un \u016bdensnecaurlaid\u012bga.","breadcrumb":{"@id":"https:\/\/gohike.lv\/ru\/produkts\/naturehike-cloud-tunnel-2-personas-telts-20d\/#breadcrumb"},"inLanguage":"ru-RU","potentialAction":[{"@type":"ReadAction","target":["https:\/\/gohike.lv\/ru\/produkts\/naturehike-cloud-tunnel-2-personas-telts-20d\/"]}]},{"@type":"ImageObject","inLanguage":"ru-RU","@id":"https:\/\/gohike.lv\/ru\/produkts\/naturehike-cloud-tunnel-2-personas-telts-20d\/#primaryimage","url":"https:\/\/gohike.lv\/wp-content\/uploads\/2024\/03\/CloudTunnel2_ForestGreen_.webp","contentUrl":"https:\/\/gohike.lv\/wp-content\/uploads\/2024\/03\/CloudTunnel2_ForestGreen_.webp","width":600,"height":600},{"@type":"BreadcrumbList","@id":"https:\/\/gohike.lv\/ru\/produkts\/naturehike-cloud-tunnel-2-personas-telts-20d\/#breadcrumb","itemListElement":[{"@type":"ListItem","position":1,"name":"\u0413\u043b\u0430\u0432\u043d\u0430\u044f","item":"https:\/\/gohike.lv\/ru\/"},{"@type":"ListItem","position":2,"name":"\u041a\u0430\u0442\u0435\u0433\u043e\u0440\u0438\u0438 \u0442\u043e\u0432\u0430\u0440\u043e\u0432","item":"https:\/\/gohike.lv\/%d0%ba%d0%b0%d1%82%d0%b5%d0%b3%d0%be%d1%80%d0%b8%d0%b8-%d1%82%d0%be%d0%b2%d0%b0%d1%80%d0%be%d0%b2\/"},{"@type":"ListItem","position":3,"name":"Naturehike &#8211; Cloud Tunnel 2 telts 20D &#8211; 2p"}]},{"@type":"WebSite","@id":"https:\/\/gohike.lv\/ru\/#website","url":"https:\/\/gohike.lv\/ru\/","name":"GoHike","description":"","publisher":{"@id":"https:\/\/gohike.lv\/ru\/#organization"},"potentialAction":[{"@type":"SearchAction","target":{"@type":"EntryPoint","urlTemplate":"https:\/\/gohike.lv\/ru\/?s={search_term_string}"},"query-input":{"@type":"PropertyValueSpecification","valueRequired":true,"valueName":"search_term_string"}}],"inLanguage":"ru-RU"},{"@type":"Organization","@id":"https:\/\/gohike.lv\/ru\/#organization","name":"GoHike","url":"https:\/\/gohike.lv\/ru\/","logo":{"@type":"ImageObject","inLanguage":"ru-RU","@id":"https:\/\/gohike.lv\/ru\/#\/schema\/logo\/image\/","url":"https:\/\/gohike.lv\/wp-content\/uploads\/2023\/08\/Logo_GoHike.webp","contentUrl":"https:\/\/gohike.lv\/wp-content\/uploads\/2023\/08\/Logo_GoHike.webp","width":512,"height":512,"caption":"GoHike"},"image":{"@id":"https:\/\/gohike.lv\/ru\/#\/schema\/logo\/image\/"},"sameAs":["https:\/\/www.facebook.com\/gohike.shop\/","https:\/\/www.instagram.com\/gohike.shop\/"]}]}},"jetpack_sharing_enabled":true,"_links":{"self":[{"href":"https:\/\/gohike.lv\/ru\/wp-json\/wp\/v2\/product\/45617","targetHints":{"allow":["GET"]}}],"collection":[{"href":"https:\/\/gohike.lv\/ru\/wp-json\/wp\/v2\/product"}],"about":[{"href":"https:\/\/gohike.lv\/ru\/wp-json\/wp\/v2\/types\/product"}],"version-history":[{"count":1,"href":"https:\/\/gohike.lv\/ru\/wp-json\/wp\/v2\/product\/45617\/revisions"}],"predecessor-version":[{"id":118756,"href":"https:\/\/gohike.lv\/ru\/wp-json\/wp\/v2\/product\/45617\/revisions\/118756"}],"wp:featuredmedia":[{"embeddable":true,"href":"https:\/\/gohike.lv\/ru\/wp-json\/wp\/v2\/media\/23477"}],"wp:attachment":[{"href":"https:\/\/gohike.lv\/ru\/wp-json\/wp\/v2\/media?parent=45617"}],"wp:term":[{"taxonomy":"product_brand","embeddable":true,"href":"https:\/\/gohike.lv\/ru\/wp-json\/wp\/v2\/product_brand?post=45617"},{"taxonomy":"product_cat","embeddable":true,"href":"https:\/\/gohike.lv\/ru\/wp-json\/wp\/v2\/product_cat?post=45617"},{"taxonomy":"product_tag","embeddable":true,"href":"https:\/\/gohike.lv\/ru\/wp-json\/wp\/v2\/product_tag?post=45617"}],"curies":[{"name":"wp","href":"https:\/\/api.w.org\/{rel}","templated":true}]}}