{"id":45605,"date":"2024-04-29T13:58:47","date_gmt":"2024-04-29T10:58:47","guid":{"rendered":"https:\/\/gohike.lv\/produkts\/naturehike-cloud-peak-2-u-forma-15d\/"},"modified":"2025-12-30T17:24:54","modified_gmt":"2025-12-30T14:24:54","slug":"naturehike-cloud-peak-2-u-forma-15d","status":"publish","type":"product","link":"https:\/\/gohike.lv\/ru\/produkts\/naturehike-cloud-peak-2-u-forma-15d\/","title":{"rendered":"Naturehike &#8212; Cloud-Peak 2 T-zipper telts 15D (4 sezonas) telts &#8212; 2p"},"content":{"rendered":"<p>Pateicoties lokiem, veidojas stingra un uzticama konstrukcija, kas ir iztur\u012bga pret stipru v\u0113ju.<br \/>\n\u0100r\u0113j\u0101 telts ir izgatavota no neilona 15 D ar PU impregn\u0113\u0161anu un silikona p\u0101rkl\u0101jumu.<br \/>\nAuduma \u016bdensiztur\u012bba ir 4000 mm, kas \u013caus iztur\u0113t stipru un ilgsto\u0161u lietu.<br \/>\nTelts p\u0101rvalki, stabi un mieti\u0146i ir izgatavoti no viena un t\u0101 pa\u0161a materi\u0101la.<br \/>\nTelts ir piestiprin\u0101ta pie \u0101r\u0113j\u0101 r\u0101mja ark\u0101m ar \u0101\u0137iem.<br \/>\nDivas ieejas, katrai no t\u0101m ir ietilp\u012bga priek\u0161telpa mantu glab\u0101\u0161anai.<br \/>\nLogi ventil\u0101cijai atrodas telts aug\u0161\u0113j\u0101 da\u013c\u0101; tie no aug\u0161as ir aizv\u0113rti ar atsevi\u0161\u0137u nojumes-lietussargu.<br \/>\nPie griestiem ir \u0101\u0137\u012b\u0161i luktur\u012btim, pie sien\u0101m sieta kabatas, kur\u0101s var ielikt nepiecie\u0161amos s\u012bkumus.<br \/>\nTelts gr\u012bda ir veidota k\u0101 vanna, ar paceltiem s\u0101niem, lai pasarg\u0101tu no \u0161\u013cakat\u0101m un v\u0113ja pat stirp\u0101 liet\u016b un stipr\u0101 v\u0113j\u0101.<br \/>\nR\u0101mis ir izgatavots no le\u0123\u0113ta alum\u012bnija 7001Svar\u012bga sakaus\u0113juma priek\u0161roc\u012bba ir t\u0101, ka tas ir viegls un nav pak\u013cauts palieko\u0161\u0101m deform\u0101cij\u0101m.<br \/>\nP\u0113c telts saloc\u012b\u0161anas visi elementi ieg\u016bs savu s\u0101kotn\u0113jo formu.<br \/>\n\u0112rt\u012bbas labad r\u0101mja arku elementi ir savienoti viens ar otru ar stiepli, kas \u013cauj nezaud\u0113t atsevi\u0161\u0137us arku elementus un pa\u0101trina to mont\u0101\u017eu.<br \/>\nKomplekt\u0101 ietilpst papildu gr\u012bda, kas pasarg\u0101 telts apak\u0161u no asu zaru vai akme\u0146u boj\u0101jumiem.<\/p>\n","protected":false},"excerpt":{"rendered":"<p>Viegla un iztur\u012bga tr\u012bs loku telts.<\/p>\n","protected":false},"featured_media":23401,"template":"","meta":[],"product_brand":[167],"product_cat":[1817],"product_tag":[],"class_list":{"0":"post-45605","1":"product","2":"type-product","3":"status-publish","4":"has-post-thumbnail","6":"product_brand-naturehike-lv","7":"product_cat-teltis-un-tenti","8":"pa_ieksejais-materials-15d-neilona-pleds-silikona-parklajums","9":"pa_izmeriscm-2107213072120-3","10":"pa_kapacitate-2-cilveki","11":"pa_materials-telts-apaksas-20d-neilons-parklats-ar-silikonu","12":"pa_produkta-tips-pargajienu-teltis","13":"pa_spalva-zils","14":"pa_stabi-7001-aluminijs","15":"pa_telts-materials-15d-neilona-pleds-silikona-parklajums","16":"pa_telts-materials-pu4000mm","17":"pa_tikla-materials-b3-elpojoss-siets","19":"first","20":"outofstock","21":"taxable","22":"shipping-taxable","23":"purchasable","24":"product-type-simple"},"raw_content":{"name":"Naturehike - Cloud-Peak 2 T-zipper telts 15D (4 sezonas) telts - 2p","description":"Pateicoties lokiem, veidojas stingra un uzticama konstrukcija, kas ir iztur\u012bga pret stipru v\u0113ju.\n\u0100r\u0113j\u0101 telts ir izgatavota no neilona 15 D ar PU impregn\u0113\u0161anu un silikona p\u0101rkl\u0101jumu.\nAuduma \u016bdensiztur\u012bba ir 4000 mm, kas \u013caus iztur\u0113t stipru un ilgsto\u0161u lietu.\nTelts p\u0101rvalki, stabi un mieti\u0146i ir izgatavoti no viena un t\u0101 pa\u0161a materi\u0101la.\nTelts ir piestiprin\u0101ta pie \u0101r\u0113j\u0101 r\u0101mja ark\u0101m ar \u0101\u0137iem.\nDivas ieejas, katrai no t\u0101m ir ietilp\u012bga priek\u0161telpa mantu glab\u0101\u0161anai.\nLogi ventil\u0101cijai atrodas telts aug\u0161\u0113j\u0101 da\u013c\u0101; tie no aug\u0161as ir aizv\u0113rti ar atsevi\u0161\u0137u nojumes-lietussargu.\nPie griestiem ir \u0101\u0137\u012b\u0161i luktur\u012btim, pie sien\u0101m sieta kabatas, kur\u0101s var ielikt nepiecie\u0161amos s\u012bkumus.\nTelts gr\u012bda ir veidota k\u0101 vanna, ar paceltiem s\u0101niem, lai pasarg\u0101tu no \u0161\u013cakat\u0101m un v\u0113ja pat stirp\u0101 liet\u016b un stipr\u0101 v\u0113j\u0101.\nR\u0101mis ir izgatavots no le\u0123\u0113ta alum\u012bnija 7001Svar\u012bga sakaus\u0113juma priek\u0161roc\u012bba ir t\u0101, ka tas ir viegls un nav pak\u013cauts palieko\u0161\u0101m deform\u0101cij\u0101m.\nP\u0113c telts saloc\u012b\u0161anas visi elementi ieg\u016bs savu s\u0101kotn\u0113jo formu.\n\u0112rt\u012bbas labad r\u0101mja arku elementi ir savienoti viens ar otru ar stiepli, kas \u013cauj nezaud\u0113t atsevi\u0161\u0137us arku elementus un pa\u0101trina to mont\u0101\u017eu.\nKomplekt\u0101 ietilpst papildu gr\u012bda, kas pasarg\u0101 telts apak\u0161u no asu zaru vai akme\u0146u boj\u0101jumiem.","short_description":"Viegla un iztur\u012bga tr\u012bs loku telts.","status":"publish","sku":"6927595736326","original":45605},"wpml":{"translation_type":1,"has_translations":true,"original":45605,"duplicates":[],"translations":{"lv":45605,"en":68771,"ru":null}},"supplier_id":null,"supplier_sku":"","barcode":null,"atum_controlled":true,"out_stock_date":"2025-07-01 23:56:48","out_stock_threshold":null,"inheritable":false,"inbound_stock":0,"stock_on_hold":0,"sold_today":0,"sales_last_days":0,"reserved_stock":0,"customer_returns":0,"warehouse_damage":0,"lost_in_post":0,"other_logs":0,"out_stock_days":134,"lost_sales":0,"has_location":false,"update_date":"2025-12-30T14:30:42","atum_locations":[],"atum_stock_status":"outofstock","restock_status":false,"low_stock_amount":"","sales_update_date":"2025-11-13T14:09:06","calc_backorders":null,"yoast_head":"<!-- This site is optimized with the Yoast SEO plugin v27.3 - https:\/\/yoast.com\/product\/yoast-seo-wordpress\/ -->\n<title>Naturehike - Cloud-Peak 2 U-zipper telts 15D - 2p<\/title>\n<meta name=\"description\" content=\"Viegla un iztur\u012bga tr\u012bs loku telts. Divas ieejas, katrai no t\u0101m ir ietilp\u012bga priek\u0161telpa mantu glab\u0101\u0161anai.\" \/>\n<meta name=\"robots\" content=\"index, follow, max-snippet:-1, max-image-preview:large, max-video-preview:-1\" \/>\n<link rel=\"canonical\" href=\"https:\/\/gohike.lv\/ru\/produkts\/naturehike-cloud-peak-2-u-forma-15d\/\" \/>\n<meta property=\"og:locale\" content=\"ru_RU\" \/>\n<meta property=\"og:type\" content=\"article\" \/>\n<meta property=\"og:title\" content=\"Naturehike - P\u0101rg\u0101jienu telts\" \/>\n<meta property=\"og:description\" content=\"Viegla un iztur\u012bga tr\u012bs loku telts. Divas ieejas, katrai no t\u0101m ir ietilp\u012bga priek\u0161telpa mantu glab\u0101\u0161anai.\" \/>\n<meta property=\"og:url\" content=\"https:\/\/gohike.lv\/ru\/produkts\/naturehike-cloud-peak-2-u-forma-15d\/\" \/>\n<meta property=\"og:site_name\" content=\"GoHike\" \/>\n<meta property=\"article:publisher\" content=\"https:\/\/www.facebook.com\/gohike.shop\/\" \/>\n<meta property=\"article:modified_time\" content=\"2025-12-30T14:24:54+00:00\" \/>\n<meta property=\"og:image\" content=\"https:\/\/gohike.lv\/wp-content\/uploads\/2024\/03\/Cloud-Peak2U-shape15D_blue_.webp\" \/>\n\t<meta property=\"og:image:width\" content=\"630\" \/>\n\t<meta property=\"og:image:height\" content=\"630\" \/>\n\t<meta property=\"og:image:type\" content=\"image\/webp\" \/>\n<meta name=\"twitter:card\" content=\"summary_large_image\" \/>\n<meta name=\"twitter:title\" content=\"Naturehike - P\u0101rg\u0101jienu telts\" \/>\n<meta name=\"twitter:label1\" content=\"\u041f\u0440\u0438\u043c\u0435\u0440\u043d\u043e\u0435 \u0432\u0440\u0435\u043c\u044f \u0434\u043b\u044f \u0447\u0442\u0435\u043d\u0438\u044f\" \/>\n\t<meta name=\"twitter:data1\" content=\"2 \u043c\u0438\u043d\u0443\u0442\u0430\" \/>\n<script type=\"application\/ld+json\" class=\"yoast-schema-graph\">{\"@context\":\"https:\\\/\\\/schema.org\",\"@graph\":[{\"@type\":[\"WebPage\",\"ItemPage\"],\"@id\":\"https:\\\/\\\/gohike.lv\\\/ru\\\/produkts\\\/naturehike-cloud-peak-2-u-forma-15d\\\/\",\"url\":\"https:\\\/\\\/gohike.lv\\\/ru\\\/produkts\\\/naturehike-cloud-peak-2-u-forma-15d\\\/\",\"name\":\"Naturehike - Cloud-Peak 2 U-zipper telts 15D - 2p\",\"isPartOf\":{\"@id\":\"https:\\\/\\\/gohike.lv\\\/ru\\\/#website\"},\"primaryImageOfPage\":{\"@id\":\"https:\\\/\\\/gohike.lv\\\/ru\\\/produkts\\\/naturehike-cloud-peak-2-u-forma-15d\\\/#primaryimage\"},\"image\":{\"@id\":\"https:\\\/\\\/gohike.lv\\\/ru\\\/produkts\\\/naturehike-cloud-peak-2-u-forma-15d\\\/#primaryimage\"},\"thumbnailUrl\":\"https:\\\/\\\/gohike.lv\\\/wp-content\\\/uploads\\\/2024\\\/03\\\/Cloud-Peak2U-shape15D_blue_.webp\",\"datePublished\":\"2024-04-29T10:58:47+00:00\",\"dateModified\":\"2025-12-30T14:24:54+00:00\",\"description\":\"Viegla un iztur\u012bga tr\u012bs loku telts. Divas ieejas, katrai no t\u0101m ir ietilp\u012bga priek\u0161telpa mantu glab\u0101\u0161anai.\",\"breadcrumb\":{\"@id\":\"https:\\\/\\\/gohike.lv\\\/ru\\\/produkts\\\/naturehike-cloud-peak-2-u-forma-15d\\\/#breadcrumb\"},\"inLanguage\":\"ru-RU\",\"potentialAction\":[{\"@type\":\"ReadAction\",\"target\":[\"https:\\\/\\\/gohike.lv\\\/ru\\\/produkts\\\/naturehike-cloud-peak-2-u-forma-15d\\\/\"]}]},{\"@type\":\"ImageObject\",\"inLanguage\":\"ru-RU\",\"@id\":\"https:\\\/\\\/gohike.lv\\\/ru\\\/produkts\\\/naturehike-cloud-peak-2-u-forma-15d\\\/#primaryimage\",\"url\":\"https:\\\/\\\/gohike.lv\\\/wp-content\\\/uploads\\\/2024\\\/03\\\/Cloud-Peak2U-shape15D_blue_.webp\",\"contentUrl\":\"https:\\\/\\\/gohike.lv\\\/wp-content\\\/uploads\\\/2024\\\/03\\\/Cloud-Peak2U-shape15D_blue_.webp\",\"width\":630,\"height\":630},{\"@type\":\"BreadcrumbList\",\"@id\":\"https:\\\/\\\/gohike.lv\\\/ru\\\/produkts\\\/naturehike-cloud-peak-2-u-forma-15d\\\/#breadcrumb\",\"itemListElement\":[{\"@type\":\"ListItem\",\"position\":1,\"name\":\"\u0413\u043b\u0430\u0432\u043d\u0430\u044f\",\"item\":\"https:\\\/\\\/gohike.lv\\\/ru\\\/\"},{\"@type\":\"ListItem\",\"position\":2,\"name\":\"\u041a\u0430\u0442\u0435\u0433\u043e\u0440\u0438\u0438 \u0442\u043e\u0432\u0430\u0440\u043e\u0432\",\"item\":\"https:\\\/\\\/gohike.lv\\\/%d0%ba%d0%b0%d1%82%d0%b5%d0%b3%d0%be%d1%80%d0%b8%d0%b8-%d1%82%d0%be%d0%b2%d0%b0%d1%80%d0%be%d0%b2\\\/\"},{\"@type\":\"ListItem\",\"position\":3,\"name\":\"Naturehike &#8211; Cloud-Peak 2 T-zipper telts 15D (4 sezonas) telts &#8211; 2p\"}]},{\"@type\":\"WebSite\",\"@id\":\"https:\\\/\\\/gohike.lv\\\/ru\\\/#website\",\"url\":\"https:\\\/\\\/gohike.lv\\\/ru\\\/\",\"name\":\"GoHike\",\"description\":\"\",\"publisher\":{\"@id\":\"https:\\\/\\\/gohike.lv\\\/ru\\\/#organization\"},\"potentialAction\":[{\"@type\":\"SearchAction\",\"target\":{\"@type\":\"EntryPoint\",\"urlTemplate\":\"https:\\\/\\\/gohike.lv\\\/ru\\\/?s={search_term_string}\"},\"query-input\":{\"@type\":\"PropertyValueSpecification\",\"valueRequired\":true,\"valueName\":\"search_term_string\"}}],\"inLanguage\":\"ru-RU\"},{\"@type\":\"Organization\",\"@id\":\"https:\\\/\\\/gohike.lv\\\/ru\\\/#organization\",\"name\":\"GoHike\",\"url\":\"https:\\\/\\\/gohike.lv\\\/ru\\\/\",\"logo\":{\"@type\":\"ImageObject\",\"inLanguage\":\"ru-RU\",\"@id\":\"https:\\\/\\\/gohike.lv\\\/ru\\\/#\\\/schema\\\/logo\\\/image\\\/\",\"url\":\"https:\\\/\\\/gohike.lv\\\/wp-content\\\/uploads\\\/2023\\\/08\\\/Logo_GoHike.webp\",\"contentUrl\":\"https:\\\/\\\/gohike.lv\\\/wp-content\\\/uploads\\\/2023\\\/08\\\/Logo_GoHike.webp\",\"width\":512,\"height\":512,\"caption\":\"GoHike\"},\"image\":{\"@id\":\"https:\\\/\\\/gohike.lv\\\/ru\\\/#\\\/schema\\\/logo\\\/image\\\/\"},\"sameAs\":[\"https:\\\/\\\/www.facebook.com\\\/gohike.shop\\\/\",\"https:\\\/\\\/www.instagram.com\\\/gohike.shop\\\/\"]}]}<\/script>\n<!-- \/ Yoast SEO plugin. -->","yoast_head_json":{"title":"Naturehike - Cloud-Peak 2 U-zipper telts 15D - 2p","description":"Viegla un iztur\u012bga tr\u012bs loku telts. Divas ieejas, katrai no t\u0101m ir ietilp\u012bga priek\u0161telpa mantu glab\u0101\u0161anai.","robots":{"index":"index","follow":"follow","max-snippet":"max-snippet:-1","max-image-preview":"max-image-preview:large","max-video-preview":"max-video-preview:-1"},"canonical":"https:\/\/gohike.lv\/ru\/produkts\/naturehike-cloud-peak-2-u-forma-15d\/","og_locale":"ru_RU","og_type":"article","og_title":"Naturehike - P\u0101rg\u0101jienu telts","og_description":"Viegla un iztur\u012bga tr\u012bs loku telts. Divas ieejas, katrai no t\u0101m ir ietilp\u012bga priek\u0161telpa mantu glab\u0101\u0161anai.","og_url":"https:\/\/gohike.lv\/ru\/produkts\/naturehike-cloud-peak-2-u-forma-15d\/","og_site_name":"GoHike","article_publisher":"https:\/\/www.facebook.com\/gohike.shop\/","article_modified_time":"2025-12-30T14:24:54+00:00","og_image":[{"width":630,"height":630,"url":"https:\/\/gohike.lv\/wp-content\/uploads\/2024\/03\/Cloud-Peak2U-shape15D_blue_.webp","type":"image\/webp"}],"twitter_card":"summary_large_image","twitter_title":"Naturehike - P\u0101rg\u0101jienu telts","twitter_misc":{"\u041f\u0440\u0438\u043c\u0435\u0440\u043d\u043e\u0435 \u0432\u0440\u0435\u043c\u044f \u0434\u043b\u044f \u0447\u0442\u0435\u043d\u0438\u044f":"2 \u043c\u0438\u043d\u0443\u0442\u0430"},"schema":{"@context":"https:\/\/schema.org","@graph":[{"@type":["WebPage","ItemPage"],"@id":"https:\/\/gohike.lv\/ru\/produkts\/naturehike-cloud-peak-2-u-forma-15d\/","url":"https:\/\/gohike.lv\/ru\/produkts\/naturehike-cloud-peak-2-u-forma-15d\/","name":"Naturehike - Cloud-Peak 2 U-zipper telts 15D - 2p","isPartOf":{"@id":"https:\/\/gohike.lv\/ru\/#website"},"primaryImageOfPage":{"@id":"https:\/\/gohike.lv\/ru\/produkts\/naturehike-cloud-peak-2-u-forma-15d\/#primaryimage"},"image":{"@id":"https:\/\/gohike.lv\/ru\/produkts\/naturehike-cloud-peak-2-u-forma-15d\/#primaryimage"},"thumbnailUrl":"https:\/\/gohike.lv\/wp-content\/uploads\/2024\/03\/Cloud-Peak2U-shape15D_blue_.webp","datePublished":"2024-04-29T10:58:47+00:00","dateModified":"2025-12-30T14:24:54+00:00","description":"Viegla un iztur\u012bga tr\u012bs loku telts. Divas ieejas, katrai no t\u0101m ir ietilp\u012bga priek\u0161telpa mantu glab\u0101\u0161anai.","breadcrumb":{"@id":"https:\/\/gohike.lv\/ru\/produkts\/naturehike-cloud-peak-2-u-forma-15d\/#breadcrumb"},"inLanguage":"ru-RU","potentialAction":[{"@type":"ReadAction","target":["https:\/\/gohike.lv\/ru\/produkts\/naturehike-cloud-peak-2-u-forma-15d\/"]}]},{"@type":"ImageObject","inLanguage":"ru-RU","@id":"https:\/\/gohike.lv\/ru\/produkts\/naturehike-cloud-peak-2-u-forma-15d\/#primaryimage","url":"https:\/\/gohike.lv\/wp-content\/uploads\/2024\/03\/Cloud-Peak2U-shape15D_blue_.webp","contentUrl":"https:\/\/gohike.lv\/wp-content\/uploads\/2024\/03\/Cloud-Peak2U-shape15D_blue_.webp","width":630,"height":630},{"@type":"BreadcrumbList","@id":"https:\/\/gohike.lv\/ru\/produkts\/naturehike-cloud-peak-2-u-forma-15d\/#breadcrumb","itemListElement":[{"@type":"ListItem","position":1,"name":"\u0413\u043b\u0430\u0432\u043d\u0430\u044f","item":"https:\/\/gohike.lv\/ru\/"},{"@type":"ListItem","position":2,"name":"\u041a\u0430\u0442\u0435\u0433\u043e\u0440\u0438\u0438 \u0442\u043e\u0432\u0430\u0440\u043e\u0432","item":"https:\/\/gohike.lv\/%d0%ba%d0%b0%d1%82%d0%b5%d0%b3%d0%be%d1%80%d0%b8%d0%b8-%d1%82%d0%be%d0%b2%d0%b0%d1%80%d0%be%d0%b2\/"},{"@type":"ListItem","position":3,"name":"Naturehike &#8211; Cloud-Peak 2 T-zipper telts 15D (4 sezonas) telts &#8211; 2p"}]},{"@type":"WebSite","@id":"https:\/\/gohike.lv\/ru\/#website","url":"https:\/\/gohike.lv\/ru\/","name":"GoHike","description":"","publisher":{"@id":"https:\/\/gohike.lv\/ru\/#organization"},"potentialAction":[{"@type":"SearchAction","target":{"@type":"EntryPoint","urlTemplate":"https:\/\/gohike.lv\/ru\/?s={search_term_string}"},"query-input":{"@type":"PropertyValueSpecification","valueRequired":true,"valueName":"search_term_string"}}],"inLanguage":"ru-RU"},{"@type":"Organization","@id":"https:\/\/gohike.lv\/ru\/#organization","name":"GoHike","url":"https:\/\/gohike.lv\/ru\/","logo":{"@type":"ImageObject","inLanguage":"ru-RU","@id":"https:\/\/gohike.lv\/ru\/#\/schema\/logo\/image\/","url":"https:\/\/gohike.lv\/wp-content\/uploads\/2023\/08\/Logo_GoHike.webp","contentUrl":"https:\/\/gohike.lv\/wp-content\/uploads\/2023\/08\/Logo_GoHike.webp","width":512,"height":512,"caption":"GoHike"},"image":{"@id":"https:\/\/gohike.lv\/ru\/#\/schema\/logo\/image\/"},"sameAs":["https:\/\/www.facebook.com\/gohike.shop\/","https:\/\/www.instagram.com\/gohike.shop\/"]}]}},"jetpack_sharing_enabled":true,"_links":{"self":[{"href":"https:\/\/gohike.lv\/ru\/wp-json\/wp\/v2\/product\/45605","targetHints":{"allow":["GET"]}}],"collection":[{"href":"https:\/\/gohike.lv\/ru\/wp-json\/wp\/v2\/product"}],"about":[{"href":"https:\/\/gohike.lv\/ru\/wp-json\/wp\/v2\/types\/product"}],"version-history":[{"count":1,"href":"https:\/\/gohike.lv\/ru\/wp-json\/wp\/v2\/product\/45605\/revisions"}],"predecessor-version":[{"id":118754,"href":"https:\/\/gohike.lv\/ru\/wp-json\/wp\/v2\/product\/45605\/revisions\/118754"}],"wp:featuredmedia":[{"embeddable":true,"href":"https:\/\/gohike.lv\/ru\/wp-json\/wp\/v2\/media\/23401"}],"wp:attachment":[{"href":"https:\/\/gohike.lv\/ru\/wp-json\/wp\/v2\/media?parent=45605"}],"wp:term":[{"taxonomy":"product_brand","embeddable":true,"href":"https:\/\/gohike.lv\/ru\/wp-json\/wp\/v2\/product_brand?post=45605"},{"taxonomy":"product_cat","embeddable":true,"href":"https:\/\/gohike.lv\/ru\/wp-json\/wp\/v2\/product_cat?post=45605"},{"taxonomy":"product_tag","embeddable":true,"href":"https:\/\/gohike.lv\/ru\/wp-json\/wp\/v2\/product_tag?post=45605"}],"curies":[{"name":"wp","href":"https:\/\/api.w.org\/{rel}","templated":true}]}}