{"id":45603,"date":"2024-04-29T13:58:47","date_gmt":"2024-04-29T10:58:47","guid":{"rendered":"https:\/\/gohike.lv\/produkts\/naturehike-4-sezonu-star-river-kempinga-telts-2p\/"},"modified":"2025-12-30T17:25:06","modified_gmt":"2025-12-30T14:25:06","slug":"naturehike-4-sezonu-star-river-kempinga-telts-2p","status":"publish","type":"product","link":"https:\/\/gohike.lv\/ru\/produkts\/naturehike-4-sezonu-star-river-kempinga-telts-2p\/","title":{"rendered":"Naturehike &#8212; Star-River 2 (4\u00a0sezonas) telts &#8212; 2p"},"content":{"rendered":"<p>Izgatavota no pretskr\u0101p\u0113juma 20D neilona sieta, \u0113rta un elpojo\u0161a.<br \/>\nTelts \u0101r\u0113jais materi\u0101ls ir izgatavots no 20D rip-stop neilona un ar silikona p\u0101rkl\u0101jumu, nodro\u0161ina PU4000 mm \u016bdensiztur\u012bgu un UV 50+ saules aizsardz\u012bbu.<br \/>\nTelts stabi izgatavoti no 7001 alum\u012bnija.<br \/>\nBr\u012bvi st\u0101vo\u0161s dizains, \u0101tri un viegli uzst\u0101d\u0101ms, telts uzst\u0101d\u012b\u0161anai ar dubult\u0101m sloksn\u0113m nepiecie\u0161amas maz\u0101k nek\u0101 5 min\u016btes. Iepakojums ir mazs un komplekt\u0101 ir iek\u013cauti \u012bpa\u0161i kompakti kompresijas maisi\u0146i, lai to var\u0113tu \u0113rti p\u0101rvietot.<br \/>\n\u010cetru sezonu telts ar dubultsl\u0101\u0146iiem: iek\u0161\u0113j\u0101 un \u0101r\u0113j\u0101 telts ir savienota kop\u0101 k\u0101 \u016bdensnecaurlaid\u012bga un v\u0113ja necaurlaid\u012bga telts, ko var izmantot lietain\u0101 un sniegot\u0101 laik\u0101, bet iek\u0161\u0113jo sl\u0101ni var izmantot k\u0101 ventil\u0113jamu telti pavasar\u012b, vasar\u0101 un ruden\u012b.<br \/>\n<iframe title=\"Naturehike Star-river Upgraded 20D Nylon Ultralight Camping 2 Men Tent\" width=\"1200\" height=\"675\" src=\"https:\/\/www.youtube.com\/embed\/bHbNh5xiJ_M?feature=oembed\" frameborder=\"0\" allow=\"accelerometer; autoplay; clipboard-write; encrypted-media; gyroscope; picture-in-picture; web-share\" referrerpolicy=\"strict-origin-when-cross-origin\" allowfullscreen><\/iframe><\/p>\n","protected":false},"excerpt":{"rendered":"<p>Klasiska tipa, \u0113rta un komfortabla telts, kas piem\u0113rota visiem laikapst\u0101k\u013ciem.<\/p>\n","protected":false},"featured_media":23233,"template":"","meta":[],"product_brand":[167],"product_cat":[1817],"product_tag":[],"class_list":{"0":"post-45603","1":"product","2":"type-product","3":"status-publish","4":"has-post-thumbnail","6":"product_brand-naturehike-lv","7":"product_cat-teltis-un-tenti","8":"pa_aksesuari-7001-mitsubishi-aluminija-slipetais-x11-veja-trose-x3","9":"pa_ieksejais-materials-20d-neilons-parklats-ar-silikonu","10":"pa_izmeriscm-9977","11":"pa_kapacitate-2-cilveki","12":"pa_materials-telts-apaksas-20d-neilons-parklats-ar-silikonu","13":"pa_produkta-tips-pargajienu-teltis","14":"pa_spalva-gaisi-peleks","15":"pa_spalva-zals","16":"pa_stabi-7001-aluminijs","17":"pa_telts-materials-20d-neilons-parklats-ar-silikonu","18":"pa_telts-materials-pu40000mm","19":"pa_tikla-materials-b3-elpojoss-siets","21":"first","22":"instock","23":"taxable","24":"shipping-taxable","25":"purchasable","26":"product-type-variable"},"raw_content":{"name":"Naturehike - Star-River 2 (4\u00a0sezonas) telts - 2p","description":"Izgatavota no pretskr\u0101p\u0113juma 20D neilona sieta, \u0113rta un elpojo\u0161a.\nTelts \u0101r\u0113jais materi\u0101ls ir izgatavots no 20D rip-stop neilona un ar silikona p\u0101rkl\u0101jumu, nodro\u0161ina PU4000 mm \u016bdensiztur\u012bgu un UV 50+ saules aizsardz\u012bbu.\nTelts stabi izgatavoti no 7001 alum\u012bnija.\nBr\u012bvi st\u0101vo\u0161s dizains, \u0101tri un viegli uzst\u0101d\u0101ms, telts uzst\u0101d\u012b\u0161anai ar dubult\u0101m sloksn\u0113m nepiecie\u0161amas maz\u0101k nek\u0101 5 min\u016btes. Iepakojums ir mazs un komplekt\u0101 ir iek\u013cauti \u012bpa\u0161i kompakti kompresijas maisi\u0146i, lai to var\u0113tu \u0113rti p\u0101rvietot.\n\u010cetru sezonu telts ar dubultsl\u0101\u0146iiem: iek\u0161\u0113j\u0101 un \u0101r\u0113j\u0101 telts ir savienota kop\u0101 k\u0101 \u016bdensnecaurlaid\u012bga un v\u0113ja necaurlaid\u012bga telts, ko var izmantot lietain\u0101 un sniegot\u0101 laik\u0101, bet iek\u0161\u0113jo sl\u0101ni var izmantot k\u0101 ventil\u0113jamu telti pavasar\u012b, vasar\u0101 un ruden\u012b.\nhttps:\/\/youtu.be\/bHbNh5xiJ_M","short_description":"Klasiska tipa, \u0113rta un komfortabla telts, kas piem\u0113rota visiem laikapst\u0101k\u013ciem.","status":"publish","sku":"naturehike3040","original":45603},"wpml":{"translation_type":1,"has_translations":true,"original":45603,"duplicates":[],"translations":{"lv":45603,"en":68772,"ru":null}},"supplier_id":null,"supplier_sku":"","barcode":null,"atum_controlled":true,"out_stock_date":null,"out_stock_threshold":null,"inheritable":true,"inbound_stock":0,"stock_on_hold":0,"sold_today":0,"sales_last_days":0,"reserved_stock":0,"customer_returns":0,"warehouse_damage":0,"lost_in_post":0,"other_logs":0,"out_stock_days":0,"lost_sales":0,"has_location":false,"update_date":"2025-12-30T14:30:42","atum_locations":[],"atum_stock_status":"instock","restock_status":false,"low_stock_amount":"","sales_update_date":"2025-11-13T13:36:28","calc_backorders":null,"yoast_head":"<!-- This site is optimized with the Yoast SEO plugin v27.3 - https:\/\/yoast.com\/product\/yoast-seo-wordpress\/ -->\n<title>Naturehike - Star-River 2 (4\u00a0sezonas) telts - 2p<\/title>\n<meta name=\"description\" content=\"Klasiska tipa, \u0113rta un komfortabla telts, kas piem\u0113rota visiem laikapst\u0101k\u013ciem. Izgatavota no pretskr\u0101p\u0113juma 20D neilona sieta, \u0113rta un elpojo\u0161a.\" \/>\n<meta name=\"robots\" content=\"index, follow, max-snippet:-1, max-image-preview:large, max-video-preview:-1\" \/>\n<link rel=\"canonical\" href=\"https:\/\/gohike.lv\/ru\/produkts\/naturehike-4-sezonu-star-river-kempinga-telts-2p\/\" \/>\n<meta property=\"og:locale\" content=\"ru_RU\" \/>\n<meta property=\"og:type\" content=\"article\" \/>\n<meta property=\"og:title\" content=\"Naturehike - P\u0101rg\u0101jienu telts\" \/>\n<meta property=\"og:description\" content=\"Klasiska tipa, \u0113rta un komfortabla telts, kas piem\u0113rota visiem laikapst\u0101k\u013ciem. Izgatavota no pretskr\u0101p\u0113juma 20D neilona sieta, \u0113rta un elpojo\u0161a.\" \/>\n<meta property=\"og:url\" content=\"https:\/\/gohike.lv\/ru\/produkts\/naturehike-4-sezonu-star-river-kempinga-telts-2p\/\" \/>\n<meta property=\"og:site_name\" content=\"GoHike\" \/>\n<meta property=\"article:publisher\" content=\"https:\/\/www.facebook.com\/gohike.shop\/\" \/>\n<meta property=\"article:modified_time\" content=\"2025-12-30T14:25:06+00:00\" \/>\n<meta property=\"og:image\" content=\"https:\/\/gohike.lv\/wp-content\/uploads\/2024\/03\/4season_StarRiver_20D_green.webp\" \/>\n\t<meta property=\"og:image:width\" content=\"800\" \/>\n\t<meta property=\"og:image:height\" content=\"800\" \/>\n\t<meta property=\"og:image:type\" content=\"image\/webp\" \/>\n<meta name=\"twitter:card\" content=\"summary_large_image\" \/>\n<meta name=\"twitter:title\" content=\"Naturehike - P\u0101rg\u0101jienu telts\" \/>\n<meta name=\"twitter:label1\" content=\"\u041f\u0440\u0438\u043c\u0435\u0440\u043d\u043e\u0435 \u0432\u0440\u0435\u043c\u044f \u0434\u043b\u044f \u0447\u0442\u0435\u043d\u0438\u044f\" \/>\n\t<meta name=\"twitter:data1\" content=\"1 \u043c\u0438\u043d\u0443\u0442\u0430\" \/>\n<script type=\"application\/ld+json\" class=\"yoast-schema-graph\">{\"@context\":\"https:\\\/\\\/schema.org\",\"@graph\":[{\"@type\":[\"WebPage\",\"ItemPage\"],\"@id\":\"https:\\\/\\\/gohike.lv\\\/ru\\\/produkts\\\/naturehike-4-sezonu-star-river-kempinga-telts-2p\\\/\",\"url\":\"https:\\\/\\\/gohike.lv\\\/ru\\\/produkts\\\/naturehike-4-sezonu-star-river-kempinga-telts-2p\\\/\",\"name\":\"Naturehike - Star-River 2 (4\u00a0sezonas) telts - 2p\",\"isPartOf\":{\"@id\":\"https:\\\/\\\/gohike.lv\\\/ru\\\/#website\"},\"primaryImageOfPage\":{\"@id\":\"https:\\\/\\\/gohike.lv\\\/ru\\\/produkts\\\/naturehike-4-sezonu-star-river-kempinga-telts-2p\\\/#primaryimage\"},\"image\":{\"@id\":\"https:\\\/\\\/gohike.lv\\\/ru\\\/produkts\\\/naturehike-4-sezonu-star-river-kempinga-telts-2p\\\/#primaryimage\"},\"thumbnailUrl\":\"https:\\\/\\\/gohike.lv\\\/wp-content\\\/uploads\\\/2024\\\/03\\\/4season_StarRiver_20D_green.webp\",\"datePublished\":\"2024-04-29T10:58:47+00:00\",\"dateModified\":\"2025-12-30T14:25:06+00:00\",\"description\":\"Klasiska tipa, \u0113rta un komfortabla telts, kas piem\u0113rota visiem laikapst\u0101k\u013ciem. Izgatavota no pretskr\u0101p\u0113juma 20D neilona sieta, \u0113rta un elpojo\u0161a.\",\"breadcrumb\":{\"@id\":\"https:\\\/\\\/gohike.lv\\\/ru\\\/produkts\\\/naturehike-4-sezonu-star-river-kempinga-telts-2p\\\/#breadcrumb\"},\"inLanguage\":\"ru-RU\",\"potentialAction\":[{\"@type\":\"ReadAction\",\"target\":[\"https:\\\/\\\/gohike.lv\\\/ru\\\/produkts\\\/naturehike-4-sezonu-star-river-kempinga-telts-2p\\\/\"]}]},{\"@type\":\"ImageObject\",\"inLanguage\":\"ru-RU\",\"@id\":\"https:\\\/\\\/gohike.lv\\\/ru\\\/produkts\\\/naturehike-4-sezonu-star-river-kempinga-telts-2p\\\/#primaryimage\",\"url\":\"https:\\\/\\\/gohike.lv\\\/wp-content\\\/uploads\\\/2024\\\/03\\\/4season_StarRiver_20D_green.webp\",\"contentUrl\":\"https:\\\/\\\/gohike.lv\\\/wp-content\\\/uploads\\\/2024\\\/03\\\/4season_StarRiver_20D_green.webp\",\"width\":800,\"height\":800},{\"@type\":\"BreadcrumbList\",\"@id\":\"https:\\\/\\\/gohike.lv\\\/ru\\\/produkts\\\/naturehike-4-sezonu-star-river-kempinga-telts-2p\\\/#breadcrumb\",\"itemListElement\":[{\"@type\":\"ListItem\",\"position\":1,\"name\":\"\u0413\u043b\u0430\u0432\u043d\u0430\u044f\",\"item\":\"https:\\\/\\\/gohike.lv\\\/ru\\\/\"},{\"@type\":\"ListItem\",\"position\":2,\"name\":\"\u041a\u0430\u0442\u0435\u0433\u043e\u0440\u0438\u0438 \u0442\u043e\u0432\u0430\u0440\u043e\u0432\",\"item\":\"https:\\\/\\\/gohike.lv\\\/%d0%ba%d0%b0%d1%82%d0%b5%d0%b3%d0%be%d1%80%d0%b8%d0%b8-%d1%82%d0%be%d0%b2%d0%b0%d1%80%d0%be%d0%b2\\\/\"},{\"@type\":\"ListItem\",\"position\":3,\"name\":\"Naturehike &#8211; Star-River 2 (4\u00a0sezonas) telts &#8211; 2p\"}]},{\"@type\":\"WebSite\",\"@id\":\"https:\\\/\\\/gohike.lv\\\/ru\\\/#website\",\"url\":\"https:\\\/\\\/gohike.lv\\\/ru\\\/\",\"name\":\"GoHike\",\"description\":\"\",\"publisher\":{\"@id\":\"https:\\\/\\\/gohike.lv\\\/ru\\\/#organization\"},\"potentialAction\":[{\"@type\":\"SearchAction\",\"target\":{\"@type\":\"EntryPoint\",\"urlTemplate\":\"https:\\\/\\\/gohike.lv\\\/ru\\\/?s={search_term_string}\"},\"query-input\":{\"@type\":\"PropertyValueSpecification\",\"valueRequired\":true,\"valueName\":\"search_term_string\"}}],\"inLanguage\":\"ru-RU\"},{\"@type\":\"Organization\",\"@id\":\"https:\\\/\\\/gohike.lv\\\/ru\\\/#organization\",\"name\":\"GoHike\",\"url\":\"https:\\\/\\\/gohike.lv\\\/ru\\\/\",\"logo\":{\"@type\":\"ImageObject\",\"inLanguage\":\"ru-RU\",\"@id\":\"https:\\\/\\\/gohike.lv\\\/ru\\\/#\\\/schema\\\/logo\\\/image\\\/\",\"url\":\"https:\\\/\\\/gohike.lv\\\/wp-content\\\/uploads\\\/2023\\\/08\\\/Logo_GoHike.webp\",\"contentUrl\":\"https:\\\/\\\/gohike.lv\\\/wp-content\\\/uploads\\\/2023\\\/08\\\/Logo_GoHike.webp\",\"width\":512,\"height\":512,\"caption\":\"GoHike\"},\"image\":{\"@id\":\"https:\\\/\\\/gohike.lv\\\/ru\\\/#\\\/schema\\\/logo\\\/image\\\/\"},\"sameAs\":[\"https:\\\/\\\/www.facebook.com\\\/gohike.shop\\\/\",\"https:\\\/\\\/www.instagram.com\\\/gohike.shop\\\/\"]}]}<\/script>\n<!-- \/ Yoast SEO plugin. -->","yoast_head_json":{"title":"Naturehike - Star-River 2 (4\u00a0sezonas) telts - 2p","description":"Klasiska tipa, \u0113rta un komfortabla telts, kas piem\u0113rota visiem laikapst\u0101k\u013ciem. Izgatavota no pretskr\u0101p\u0113juma 20D neilona sieta, \u0113rta un elpojo\u0161a.","robots":{"index":"index","follow":"follow","max-snippet":"max-snippet:-1","max-image-preview":"max-image-preview:large","max-video-preview":"max-video-preview:-1"},"canonical":"https:\/\/gohike.lv\/ru\/produkts\/naturehike-4-sezonu-star-river-kempinga-telts-2p\/","og_locale":"ru_RU","og_type":"article","og_title":"Naturehike - P\u0101rg\u0101jienu telts","og_description":"Klasiska tipa, \u0113rta un komfortabla telts, kas piem\u0113rota visiem laikapst\u0101k\u013ciem. Izgatavota no pretskr\u0101p\u0113juma 20D neilona sieta, \u0113rta un elpojo\u0161a.","og_url":"https:\/\/gohike.lv\/ru\/produkts\/naturehike-4-sezonu-star-river-kempinga-telts-2p\/","og_site_name":"GoHike","article_publisher":"https:\/\/www.facebook.com\/gohike.shop\/","article_modified_time":"2025-12-30T14:25:06+00:00","og_image":[{"width":800,"height":800,"url":"https:\/\/gohike.lv\/wp-content\/uploads\/2024\/03\/4season_StarRiver_20D_green.webp","type":"image\/webp"}],"twitter_card":"summary_large_image","twitter_title":"Naturehike - P\u0101rg\u0101jienu telts","twitter_misc":{"\u041f\u0440\u0438\u043c\u0435\u0440\u043d\u043e\u0435 \u0432\u0440\u0435\u043c\u044f \u0434\u043b\u044f \u0447\u0442\u0435\u043d\u0438\u044f":"1 \u043c\u0438\u043d\u0443\u0442\u0430"},"schema":{"@context":"https:\/\/schema.org","@graph":[{"@type":["WebPage","ItemPage"],"@id":"https:\/\/gohike.lv\/ru\/produkts\/naturehike-4-sezonu-star-river-kempinga-telts-2p\/","url":"https:\/\/gohike.lv\/ru\/produkts\/naturehike-4-sezonu-star-river-kempinga-telts-2p\/","name":"Naturehike - Star-River 2 (4\u00a0sezonas) telts - 2p","isPartOf":{"@id":"https:\/\/gohike.lv\/ru\/#website"},"primaryImageOfPage":{"@id":"https:\/\/gohike.lv\/ru\/produkts\/naturehike-4-sezonu-star-river-kempinga-telts-2p\/#primaryimage"},"image":{"@id":"https:\/\/gohike.lv\/ru\/produkts\/naturehike-4-sezonu-star-river-kempinga-telts-2p\/#primaryimage"},"thumbnailUrl":"https:\/\/gohike.lv\/wp-content\/uploads\/2024\/03\/4season_StarRiver_20D_green.webp","datePublished":"2024-04-29T10:58:47+00:00","dateModified":"2025-12-30T14:25:06+00:00","description":"Klasiska tipa, \u0113rta un komfortabla telts, kas piem\u0113rota visiem laikapst\u0101k\u013ciem. Izgatavota no pretskr\u0101p\u0113juma 20D neilona sieta, \u0113rta un elpojo\u0161a.","breadcrumb":{"@id":"https:\/\/gohike.lv\/ru\/produkts\/naturehike-4-sezonu-star-river-kempinga-telts-2p\/#breadcrumb"},"inLanguage":"ru-RU","potentialAction":[{"@type":"ReadAction","target":["https:\/\/gohike.lv\/ru\/produkts\/naturehike-4-sezonu-star-river-kempinga-telts-2p\/"]}]},{"@type":"ImageObject","inLanguage":"ru-RU","@id":"https:\/\/gohike.lv\/ru\/produkts\/naturehike-4-sezonu-star-river-kempinga-telts-2p\/#primaryimage","url":"https:\/\/gohike.lv\/wp-content\/uploads\/2024\/03\/4season_StarRiver_20D_green.webp","contentUrl":"https:\/\/gohike.lv\/wp-content\/uploads\/2024\/03\/4season_StarRiver_20D_green.webp","width":800,"height":800},{"@type":"BreadcrumbList","@id":"https:\/\/gohike.lv\/ru\/produkts\/naturehike-4-sezonu-star-river-kempinga-telts-2p\/#breadcrumb","itemListElement":[{"@type":"ListItem","position":1,"name":"\u0413\u043b\u0430\u0432\u043d\u0430\u044f","item":"https:\/\/gohike.lv\/ru\/"},{"@type":"ListItem","position":2,"name":"\u041a\u0430\u0442\u0435\u0433\u043e\u0440\u0438\u0438 \u0442\u043e\u0432\u0430\u0440\u043e\u0432","item":"https:\/\/gohike.lv\/%d0%ba%d0%b0%d1%82%d0%b5%d0%b3%d0%be%d1%80%d0%b8%d0%b8-%d1%82%d0%be%d0%b2%d0%b0%d1%80%d0%be%d0%b2\/"},{"@type":"ListItem","position":3,"name":"Naturehike &#8211; Star-River 2 (4\u00a0sezonas) telts &#8211; 2p"}]},{"@type":"WebSite","@id":"https:\/\/gohike.lv\/ru\/#website","url":"https:\/\/gohike.lv\/ru\/","name":"GoHike","description":"","publisher":{"@id":"https:\/\/gohike.lv\/ru\/#organization"},"potentialAction":[{"@type":"SearchAction","target":{"@type":"EntryPoint","urlTemplate":"https:\/\/gohike.lv\/ru\/?s={search_term_string}"},"query-input":{"@type":"PropertyValueSpecification","valueRequired":true,"valueName":"search_term_string"}}],"inLanguage":"ru-RU"},{"@type":"Organization","@id":"https:\/\/gohike.lv\/ru\/#organization","name":"GoHike","url":"https:\/\/gohike.lv\/ru\/","logo":{"@type":"ImageObject","inLanguage":"ru-RU","@id":"https:\/\/gohike.lv\/ru\/#\/schema\/logo\/image\/","url":"https:\/\/gohike.lv\/wp-content\/uploads\/2023\/08\/Logo_GoHike.webp","contentUrl":"https:\/\/gohike.lv\/wp-content\/uploads\/2023\/08\/Logo_GoHike.webp","width":512,"height":512,"caption":"GoHike"},"image":{"@id":"https:\/\/gohike.lv\/ru\/#\/schema\/logo\/image\/"},"sameAs":["https:\/\/www.facebook.com\/gohike.shop\/","https:\/\/www.instagram.com\/gohike.shop\/"]}]}},"jetpack_sharing_enabled":true,"_links":{"self":[{"href":"https:\/\/gohike.lv\/ru\/wp-json\/wp\/v2\/product\/45603","targetHints":{"allow":["GET"]}}],"collection":[{"href":"https:\/\/gohike.lv\/ru\/wp-json\/wp\/v2\/product"}],"about":[{"href":"https:\/\/gohike.lv\/ru\/wp-json\/wp\/v2\/types\/product"}],"version-history":[{"count":0,"href":"https:\/\/gohike.lv\/ru\/wp-json\/wp\/v2\/product\/45603\/revisions"}],"wp:featuredmedia":[{"embeddable":true,"href":"https:\/\/gohike.lv\/ru\/wp-json\/wp\/v2\/media\/23233"}],"wp:attachment":[{"href":"https:\/\/gohike.lv\/ru\/wp-json\/wp\/v2\/media?parent=45603"}],"wp:term":[{"taxonomy":"product_brand","embeddable":true,"href":"https:\/\/gohike.lv\/ru\/wp-json\/wp\/v2\/product_brand?post=45603"},{"taxonomy":"product_cat","embeddable":true,"href":"https:\/\/gohike.lv\/ru\/wp-json\/wp\/v2\/product_cat?post=45603"},{"taxonomy":"product_tag","embeddable":true,"href":"https:\/\/gohike.lv\/ru\/wp-json\/wp\/v2\/product_tag?post=45603"}],"curies":[{"name":"wp","href":"https:\/\/api.w.org\/{rel}","templated":true}]}}