{"id":45599,"date":"2024-04-29T13:58:47","date_gmt":"2024-04-29T10:58:47","guid":{"rendered":"https:\/\/gohike.lv\/produkts\/naturehike-cloud-up-2-10d-superviegla-profesionala-telts\/"},"modified":"2025-12-30T17:24:53","modified_gmt":"2025-12-30T14:24:53","slug":"naturehike-cloud-up-2-10d-superviegla-profesionala-telts","status":"publish","type":"product","link":"https:\/\/gohike.lv\/ru\/produkts\/naturehike-cloud-up-2-10d-superviegla-profesionala-telts\/","title":{"rendered":"Naturehike &#8212; Cloud Up 2 10D Superviegla, profesion\u0101la telts &#8212; 2p"},"content":{"rendered":"<p>Divviet\u012bga t\u016bristu telts Cloud Up 2 10D &#8212; bezkompromisa fast &amp; light ar pilnv\u0113rt\u012bgu pa\u0161neso\u0161u r\u0101mi.<br \/>\n\u0100r\u0113j\u0101 telts ir izgatavota no pl\u0101na un viegla 10D neilona ar RipStop pinumu, PU un silikona p\u0101rkl\u0101jumu. Pateicoties \u0161\u0101da materi\u0101la izmanto\u0161anai, bija iesp\u0113jams sasniegt le\u0123end\u0101r\u0101s Cloud Up 2 svaru l\u012bdz rekordmaziem 930 gramiem, bez mieti\u0146iem.<br \/>\nPla\u0161aj\u0101 priek\u0161telp\u0101 var ievietot p\u0101ris iespaid\u012bga izm\u0113ra mugursomas.<br \/>\nIek\u0161\u0113j\u0101 telts ir nostiprin\u0101ta uz patst\u0101v\u012bgi st\u0101vo\u0161iem stabiem ar dro\u0161iem \u0101\u0137iem. \u0100r\u0113j\u0101 nojume tiek piestiprin\u0101ta un nospriegota, izmantojot Duraflex stiprin\u0101jumus.<br \/>\nIek\u0161pus\u0113 pie griestiem ir \u0101\u0137is laternas piek\u0101r\u0161anai. Uz sien\u0101m ir \u0113rtas sieta kabatas da\u017e\u0101diem s\u012bkumiem.<br \/>\nVisas \u0161uves ir labi apl\u012bm\u0113tas ar speci\u0101lu lenti, kas ne\u013cauj mitrumam iek\u013c\u016bt caur diegiem. Gr\u012bda ir vannas form\u0101, t\u0101s malas pasarg\u0101 no \u016bdens iek\u013c\u016b\u0161anas telt\u012b.<\/p>\n","protected":false},"excerpt":{"rendered":"<p>Naturehike Cloud UP 2 ir \u012bpa\u0161i viegla divviet\u012bga telts, kas izgatavota no 10D neilona ar silikona p\u0101rkl\u0101jumu. Kop\u0113jais svars ir tikai 1,06 kg! P\u0101rg\u0101jieniem, \u016bdens un velobraucieniem. Viegla, kompakta saloc\u012bt\u0101 st\u0101vokl\u012b un ietilp\u012bga, kad t\u0101 ir izlaista \u2013 lieliska izv\u0113le p\u0101rg\u0101jieniem un atp\u016btai br\u012bv\u0101 dab\u0101.<\/p>\n","protected":false},"featured_media":23819,"template":"","meta":[],"product_brand":[167],"product_cat":[1817],"product_tag":[],"class_list":{"0":"post-45599","1":"product","2":"type-product","3":"status-publish","4":"has-post-thumbnail","6":"product_brand-naturehike-lv","7":"product_cat-teltis-un-tenti","8":"pa_aksesuari-ground-nail-x12-guy-linex3","9":"pa_ieksejais-materials-10d-neilons-parklats-ar-silikonu","10":"pa_izmeriscm-10030","11":"pa_kapacitate-2-cilveki","12":"pa_materials-telts-apaksas-20d-neilons-parklats-ar-silikonu","13":"pa_produkta-tips-pargajienu-teltis","14":"pa_spalva-peleks-dzeltens","15":"pa_stabi-7001-aluminijs","16":"pa_telts-materials-10d-neilons-parklats-ar-silikonu","17":"pa_telts-materials-pu2000mm","18":"pa_tikla-materials-b3-elpojoss-siets","20":"first","21":"instock","22":"taxable","23":"shipping-taxable","24":"purchasable","25":"product-type-simple"},"raw_content":{"name":"Naturehike - Cloud Up 2 10D Superviegla, profesion\u0101la telts - 2p","description":"Divviet\u012bga t\u016bristu telts Cloud Up 2 10D - bezkompromisa fast &amp; light ar pilnv\u0113rt\u012bgu pa\u0161neso\u0161u r\u0101mi.\n\u0100r\u0113j\u0101 telts ir izgatavota no pl\u0101na un viegla 10D neilona ar RipStop pinumu, PU un silikona p\u0101rkl\u0101jumu. Pateicoties \u0161\u0101da materi\u0101la izmanto\u0161anai, bija iesp\u0113jams sasniegt le\u0123end\u0101r\u0101s Cloud Up 2 svaru l\u012bdz rekordmaziem 930 gramiem, bez mieti\u0146iem.\nPla\u0161aj\u0101 priek\u0161telp\u0101 var ievietot p\u0101ris iespaid\u012bga izm\u0113ra mugursomas.\nIek\u0161\u0113j\u0101 telts ir nostiprin\u0101ta uz patst\u0101v\u012bgi st\u0101vo\u0161iem stabiem ar dro\u0161iem \u0101\u0137iem. \u0100r\u0113j\u0101 nojume tiek piestiprin\u0101ta un nospriegota, izmantojot Duraflex stiprin\u0101jumus.\nIek\u0161pus\u0113 pie griestiem ir \u0101\u0137is laternas piek\u0101r\u0161anai. Uz sien\u0101m ir \u0113rtas sieta kabatas da\u017e\u0101diem s\u012bkumiem.\nVisas \u0161uves ir labi apl\u012bm\u0113tas ar speci\u0101lu lenti, kas ne\u013cauj mitrumam iek\u013c\u016bt caur diegiem. Gr\u012bda ir vannas form\u0101, t\u0101s malas pasarg\u0101 no \u016bdens iek\u013c\u016b\u0161anas telt\u012b.","short_description":"Naturehike Cloud UP 2 ir \u012bpa\u0161i viegla divviet\u012bga telts, kas izgatavota no 10D neilona ar silikona p\u0101rkl\u0101jumu. Kop\u0113jais svars ir tikai 1,06 kg! P\u0101rg\u0101jieniem, \u016bdens un velobraucieniem. Viegla, kompakta saloc\u012bt\u0101 st\u0101vokl\u012b un ietilp\u012bga, kad t\u0101 ir izlaista \u2013 lieliska izv\u0113le p\u0101rg\u0101jieniem un atp\u016btai br\u012bv\u0101 dab\u0101.","status":"publish","sku":"6927595728147","original":45599},"wpml":{"translation_type":1,"has_translations":true,"original":45599,"duplicates":[],"translations":{"lv":45599,"en":68777,"ru":null}},"supplier_id":null,"supplier_sku":"","barcode":null,"atum_controlled":true,"out_stock_date":null,"out_stock_threshold":null,"inheritable":false,"inbound_stock":0,"stock_on_hold":0,"sold_today":0,"sales_last_days":0,"reserved_stock":0,"customer_returns":0,"warehouse_damage":0,"lost_in_post":0,"other_logs":0,"out_stock_days":0,"lost_sales":0,"has_location":false,"update_date":"2025-12-30T14:30:42","atum_locations":[],"atum_stock_status":"instock","restock_status":false,"low_stock_amount":"","sales_update_date":"2025-11-13T13:36:28","calc_backorders":null,"yoast_head":"<!-- This site is optimized with the Yoast SEO plugin v27.3 - https:\/\/yoast.com\/product\/yoast-seo-wordpress\/ -->\n<title>Naturehike - Cloud Up 2 10D Superviegla, profesion\u0101la telts - 2p<\/title>\n<meta name=\"description\" content=\"Naturehike Cloud UP 2 ir \u012bpa\u0161i viegla divviet\u012bga telts, kas izgatavota no 10D neilona ar silikona p\u0101rkl\u0101jumu. Kop\u0113jais svars ir tikai 1,06 kg!\" \/>\n<meta name=\"robots\" content=\"index, follow, max-snippet:-1, max-image-preview:large, max-video-preview:-1\" \/>\n<link rel=\"canonical\" href=\"https:\/\/gohike.lv\/ru\/produkts\/naturehike-cloud-up-2-10d-superviegla-profesionala-telts\/\" \/>\n<meta property=\"og:locale\" content=\"ru_RU\" \/>\n<meta property=\"og:type\" content=\"article\" \/>\n<meta property=\"og:title\" content=\"Naturehike - \u012apa\u0161i viegla p\u0101rg\u0101jienu teltst\" \/>\n<meta property=\"og:description\" content=\"Naturehike Cloud UP 2 ir \u012bpa\u0161i viegla divviet\u012bga telts, kas izgatavota no 10D neilona ar silikona p\u0101rkl\u0101jumu. Kop\u0113jais svars ir tikai 1,06 kg!\" \/>\n<meta property=\"og:url\" content=\"https:\/\/gohike.lv\/ru\/produkts\/naturehike-cloud-up-2-10d-superviegla-profesionala-telts\/\" \/>\n<meta property=\"og:site_name\" content=\"GoHike\" \/>\n<meta property=\"article:publisher\" content=\"https:\/\/www.facebook.com\/gohike.shop\/\" \/>\n<meta property=\"article:modified_time\" content=\"2025-12-30T14:24:53+00:00\" \/>\n<meta property=\"og:image\" content=\"https:\/\/gohike.lv\/wp-content\/uploads\/2024\/03\/CloudUp2_Superlight_Pro_.webp\" \/>\n\t<meta property=\"og:image:width\" content=\"1200\" \/>\n\t<meta property=\"og:image:height\" content=\"1200\" \/>\n\t<meta property=\"og:image:type\" content=\"image\/webp\" \/>\n<meta name=\"twitter:card\" content=\"summary_large_image\" \/>\n<meta name=\"twitter:title\" content=\"Naturehike - \u012apa\u0161i viegla p\u0101rg\u0101jienu teltst\" \/>\n<meta name=\"twitter:label1\" content=\"\u041f\u0440\u0438\u043c\u0435\u0440\u043d\u043e\u0435 \u0432\u0440\u0435\u043c\u044f \u0434\u043b\u044f \u0447\u0442\u0435\u043d\u0438\u044f\" \/>\n\t<meta name=\"twitter:data1\" content=\"1 \u043c\u0438\u043d\u0443\u0442\u0430\" \/>\n<script type=\"application\/ld+json\" class=\"yoast-schema-graph\">{\"@context\":\"https:\\\/\\\/schema.org\",\"@graph\":[{\"@type\":[\"WebPage\",\"ItemPage\"],\"@id\":\"https:\\\/\\\/gohike.lv\\\/ru\\\/produkts\\\/naturehike-cloud-up-2-10d-superviegla-profesionala-telts\\\/\",\"url\":\"https:\\\/\\\/gohike.lv\\\/ru\\\/produkts\\\/naturehike-cloud-up-2-10d-superviegla-profesionala-telts\\\/\",\"name\":\"Naturehike - Cloud Up 2 10D Superviegla, profesion\u0101la telts - 2p\",\"isPartOf\":{\"@id\":\"https:\\\/\\\/gohike.lv\\\/ru\\\/#website\"},\"primaryImageOfPage\":{\"@id\":\"https:\\\/\\\/gohike.lv\\\/ru\\\/produkts\\\/naturehike-cloud-up-2-10d-superviegla-profesionala-telts\\\/#primaryimage\"},\"image\":{\"@id\":\"https:\\\/\\\/gohike.lv\\\/ru\\\/produkts\\\/naturehike-cloud-up-2-10d-superviegla-profesionala-telts\\\/#primaryimage\"},\"thumbnailUrl\":\"https:\\\/\\\/gohike.lv\\\/wp-content\\\/uploads\\\/2024\\\/03\\\/CloudUp2_Superlight_Pro_.webp\",\"datePublished\":\"2024-04-29T10:58:47+00:00\",\"dateModified\":\"2025-12-30T14:24:53+00:00\",\"description\":\"Naturehike Cloud UP 2 ir \u012bpa\u0161i viegla divviet\u012bga telts, kas izgatavota no 10D neilona ar silikona p\u0101rkl\u0101jumu. Kop\u0113jais svars ir tikai 1,06 kg!\",\"breadcrumb\":{\"@id\":\"https:\\\/\\\/gohike.lv\\\/ru\\\/produkts\\\/naturehike-cloud-up-2-10d-superviegla-profesionala-telts\\\/#breadcrumb\"},\"inLanguage\":\"ru-RU\",\"potentialAction\":[{\"@type\":\"ReadAction\",\"target\":[\"https:\\\/\\\/gohike.lv\\\/ru\\\/produkts\\\/naturehike-cloud-up-2-10d-superviegla-profesionala-telts\\\/\"]}]},{\"@type\":\"ImageObject\",\"inLanguage\":\"ru-RU\",\"@id\":\"https:\\\/\\\/gohike.lv\\\/ru\\\/produkts\\\/naturehike-cloud-up-2-10d-superviegla-profesionala-telts\\\/#primaryimage\",\"url\":\"https:\\\/\\\/gohike.lv\\\/wp-content\\\/uploads\\\/2024\\\/03\\\/CloudUp2_Superlight_Pro_.webp\",\"contentUrl\":\"https:\\\/\\\/gohike.lv\\\/wp-content\\\/uploads\\\/2024\\\/03\\\/CloudUp2_Superlight_Pro_.webp\",\"width\":1200,\"height\":1200},{\"@type\":\"BreadcrumbList\",\"@id\":\"https:\\\/\\\/gohike.lv\\\/ru\\\/produkts\\\/naturehike-cloud-up-2-10d-superviegla-profesionala-telts\\\/#breadcrumb\",\"itemListElement\":[{\"@type\":\"ListItem\",\"position\":1,\"name\":\"\u0413\u043b\u0430\u0432\u043d\u0430\u044f\",\"item\":\"https:\\\/\\\/gohike.lv\\\/ru\\\/\"},{\"@type\":\"ListItem\",\"position\":2,\"name\":\"\u041a\u0430\u0442\u0435\u0433\u043e\u0440\u0438\u0438 \u0442\u043e\u0432\u0430\u0440\u043e\u0432\",\"item\":\"https:\\\/\\\/gohike.lv\\\/%d0%ba%d0%b0%d1%82%d0%b5%d0%b3%d0%be%d1%80%d0%b8%d0%b8-%d1%82%d0%be%d0%b2%d0%b0%d1%80%d0%be%d0%b2\\\/\"},{\"@type\":\"ListItem\",\"position\":3,\"name\":\"Naturehike &#8211; Cloud Up 2 10D Superviegla, profesion\u0101la telts &#8211; 2p\"}]},{\"@type\":\"WebSite\",\"@id\":\"https:\\\/\\\/gohike.lv\\\/ru\\\/#website\",\"url\":\"https:\\\/\\\/gohike.lv\\\/ru\\\/\",\"name\":\"GoHike\",\"description\":\"\",\"publisher\":{\"@id\":\"https:\\\/\\\/gohike.lv\\\/ru\\\/#organization\"},\"potentialAction\":[{\"@type\":\"SearchAction\",\"target\":{\"@type\":\"EntryPoint\",\"urlTemplate\":\"https:\\\/\\\/gohike.lv\\\/ru\\\/?s={search_term_string}\"},\"query-input\":{\"@type\":\"PropertyValueSpecification\",\"valueRequired\":true,\"valueName\":\"search_term_string\"}}],\"inLanguage\":\"ru-RU\"},{\"@type\":\"Organization\",\"@id\":\"https:\\\/\\\/gohike.lv\\\/ru\\\/#organization\",\"name\":\"GoHike\",\"url\":\"https:\\\/\\\/gohike.lv\\\/ru\\\/\",\"logo\":{\"@type\":\"ImageObject\",\"inLanguage\":\"ru-RU\",\"@id\":\"https:\\\/\\\/gohike.lv\\\/ru\\\/#\\\/schema\\\/logo\\\/image\\\/\",\"url\":\"https:\\\/\\\/gohike.lv\\\/wp-content\\\/uploads\\\/2023\\\/08\\\/Logo_GoHike.webp\",\"contentUrl\":\"https:\\\/\\\/gohike.lv\\\/wp-content\\\/uploads\\\/2023\\\/08\\\/Logo_GoHike.webp\",\"width\":512,\"height\":512,\"caption\":\"GoHike\"},\"image\":{\"@id\":\"https:\\\/\\\/gohike.lv\\\/ru\\\/#\\\/schema\\\/logo\\\/image\\\/\"},\"sameAs\":[\"https:\\\/\\\/www.facebook.com\\\/gohike.shop\\\/\",\"https:\\\/\\\/www.instagram.com\\\/gohike.shop\\\/\"]}]}<\/script>\n<!-- \/ Yoast SEO plugin. -->","yoast_head_json":{"title":"Naturehike - Cloud Up 2 10D Superviegla, profesion\u0101la telts - 2p","description":"Naturehike Cloud UP 2 ir \u012bpa\u0161i viegla divviet\u012bga telts, kas izgatavota no 10D neilona ar silikona p\u0101rkl\u0101jumu. Kop\u0113jais svars ir tikai 1,06 kg!","robots":{"index":"index","follow":"follow","max-snippet":"max-snippet:-1","max-image-preview":"max-image-preview:large","max-video-preview":"max-video-preview:-1"},"canonical":"https:\/\/gohike.lv\/ru\/produkts\/naturehike-cloud-up-2-10d-superviegla-profesionala-telts\/","og_locale":"ru_RU","og_type":"article","og_title":"Naturehike - \u012apa\u0161i viegla p\u0101rg\u0101jienu teltst","og_description":"Naturehike Cloud UP 2 ir \u012bpa\u0161i viegla divviet\u012bga telts, kas izgatavota no 10D neilona ar silikona p\u0101rkl\u0101jumu. Kop\u0113jais svars ir tikai 1,06 kg!","og_url":"https:\/\/gohike.lv\/ru\/produkts\/naturehike-cloud-up-2-10d-superviegla-profesionala-telts\/","og_site_name":"GoHike","article_publisher":"https:\/\/www.facebook.com\/gohike.shop\/","article_modified_time":"2025-12-30T14:24:53+00:00","og_image":[{"width":1200,"height":1200,"url":"https:\/\/gohike.lv\/wp-content\/uploads\/2024\/03\/CloudUp2_Superlight_Pro_.webp","type":"image\/webp"}],"twitter_card":"summary_large_image","twitter_title":"Naturehike - \u012apa\u0161i viegla p\u0101rg\u0101jienu teltst","twitter_misc":{"\u041f\u0440\u0438\u043c\u0435\u0440\u043d\u043e\u0435 \u0432\u0440\u0435\u043c\u044f \u0434\u043b\u044f \u0447\u0442\u0435\u043d\u0438\u044f":"1 \u043c\u0438\u043d\u0443\u0442\u0430"},"schema":{"@context":"https:\/\/schema.org","@graph":[{"@type":["WebPage","ItemPage"],"@id":"https:\/\/gohike.lv\/ru\/produkts\/naturehike-cloud-up-2-10d-superviegla-profesionala-telts\/","url":"https:\/\/gohike.lv\/ru\/produkts\/naturehike-cloud-up-2-10d-superviegla-profesionala-telts\/","name":"Naturehike - Cloud Up 2 10D Superviegla, profesion\u0101la telts - 2p","isPartOf":{"@id":"https:\/\/gohike.lv\/ru\/#website"},"primaryImageOfPage":{"@id":"https:\/\/gohike.lv\/ru\/produkts\/naturehike-cloud-up-2-10d-superviegla-profesionala-telts\/#primaryimage"},"image":{"@id":"https:\/\/gohike.lv\/ru\/produkts\/naturehike-cloud-up-2-10d-superviegla-profesionala-telts\/#primaryimage"},"thumbnailUrl":"https:\/\/gohike.lv\/wp-content\/uploads\/2024\/03\/CloudUp2_Superlight_Pro_.webp","datePublished":"2024-04-29T10:58:47+00:00","dateModified":"2025-12-30T14:24:53+00:00","description":"Naturehike Cloud UP 2 ir \u012bpa\u0161i viegla divviet\u012bga telts, kas izgatavota no 10D neilona ar silikona p\u0101rkl\u0101jumu. Kop\u0113jais svars ir tikai 1,06 kg!","breadcrumb":{"@id":"https:\/\/gohike.lv\/ru\/produkts\/naturehike-cloud-up-2-10d-superviegla-profesionala-telts\/#breadcrumb"},"inLanguage":"ru-RU","potentialAction":[{"@type":"ReadAction","target":["https:\/\/gohike.lv\/ru\/produkts\/naturehike-cloud-up-2-10d-superviegla-profesionala-telts\/"]}]},{"@type":"ImageObject","inLanguage":"ru-RU","@id":"https:\/\/gohike.lv\/ru\/produkts\/naturehike-cloud-up-2-10d-superviegla-profesionala-telts\/#primaryimage","url":"https:\/\/gohike.lv\/wp-content\/uploads\/2024\/03\/CloudUp2_Superlight_Pro_.webp","contentUrl":"https:\/\/gohike.lv\/wp-content\/uploads\/2024\/03\/CloudUp2_Superlight_Pro_.webp","width":1200,"height":1200},{"@type":"BreadcrumbList","@id":"https:\/\/gohike.lv\/ru\/produkts\/naturehike-cloud-up-2-10d-superviegla-profesionala-telts\/#breadcrumb","itemListElement":[{"@type":"ListItem","position":1,"name":"\u0413\u043b\u0430\u0432\u043d\u0430\u044f","item":"https:\/\/gohike.lv\/ru\/"},{"@type":"ListItem","position":2,"name":"\u041a\u0430\u0442\u0435\u0433\u043e\u0440\u0438\u0438 \u0442\u043e\u0432\u0430\u0440\u043e\u0432","item":"https:\/\/gohike.lv\/%d0%ba%d0%b0%d1%82%d0%b5%d0%b3%d0%be%d1%80%d0%b8%d0%b8-%d1%82%d0%be%d0%b2%d0%b0%d1%80%d0%be%d0%b2\/"},{"@type":"ListItem","position":3,"name":"Naturehike &#8211; Cloud Up 2 10D Superviegla, profesion\u0101la telts &#8211; 2p"}]},{"@type":"WebSite","@id":"https:\/\/gohike.lv\/ru\/#website","url":"https:\/\/gohike.lv\/ru\/","name":"GoHike","description":"","publisher":{"@id":"https:\/\/gohike.lv\/ru\/#organization"},"potentialAction":[{"@type":"SearchAction","target":{"@type":"EntryPoint","urlTemplate":"https:\/\/gohike.lv\/ru\/?s={search_term_string}"},"query-input":{"@type":"PropertyValueSpecification","valueRequired":true,"valueName":"search_term_string"}}],"inLanguage":"ru-RU"},{"@type":"Organization","@id":"https:\/\/gohike.lv\/ru\/#organization","name":"GoHike","url":"https:\/\/gohike.lv\/ru\/","logo":{"@type":"ImageObject","inLanguage":"ru-RU","@id":"https:\/\/gohike.lv\/ru\/#\/schema\/logo\/image\/","url":"https:\/\/gohike.lv\/wp-content\/uploads\/2023\/08\/Logo_GoHike.webp","contentUrl":"https:\/\/gohike.lv\/wp-content\/uploads\/2023\/08\/Logo_GoHike.webp","width":512,"height":512,"caption":"GoHike"},"image":{"@id":"https:\/\/gohike.lv\/ru\/#\/schema\/logo\/image\/"},"sameAs":["https:\/\/www.facebook.com\/gohike.shop\/","https:\/\/www.instagram.com\/gohike.shop\/"]}]}},"jetpack_sharing_enabled":true,"_links":{"self":[{"href":"https:\/\/gohike.lv\/ru\/wp-json\/wp\/v2\/product\/45599","targetHints":{"allow":["GET"]}}],"collection":[{"href":"https:\/\/gohike.lv\/ru\/wp-json\/wp\/v2\/product"}],"about":[{"href":"https:\/\/gohike.lv\/ru\/wp-json\/wp\/v2\/types\/product"}],"version-history":[{"count":1,"href":"https:\/\/gohike.lv\/ru\/wp-json\/wp\/v2\/product\/45599\/revisions"}],"predecessor-version":[{"id":118748,"href":"https:\/\/gohike.lv\/ru\/wp-json\/wp\/v2\/product\/45599\/revisions\/118748"}],"wp:featuredmedia":[{"embeddable":true,"href":"https:\/\/gohike.lv\/ru\/wp-json\/wp\/v2\/media\/23819"}],"wp:attachment":[{"href":"https:\/\/gohike.lv\/ru\/wp-json\/wp\/v2\/media?parent=45599"}],"wp:term":[{"taxonomy":"product_brand","embeddable":true,"href":"https:\/\/gohike.lv\/ru\/wp-json\/wp\/v2\/product_brand?post=45599"},{"taxonomy":"product_cat","embeddable":true,"href":"https:\/\/gohike.lv\/ru\/wp-json\/wp\/v2\/product_cat?post=45599"},{"taxonomy":"product_tag","embeddable":true,"href":"https:\/\/gohike.lv\/ru\/wp-json\/wp\/v2\/product_tag?post=45599"}],"curies":[{"name":"wp","href":"https:\/\/api.w.org\/{rel}","templated":true}]}}