{"id":45597,"date":"2024-04-29T13:58:47","date_gmt":"2024-04-29T10:58:47","guid":{"rendered":"https:\/\/gohike.lv\/produkts\/naturehike-cloud-up-wing-kempinga-telts-dzeltena-10d-2p\/"},"modified":"2025-12-30T17:24:53","modified_gmt":"2025-12-30T14:24:53","slug":"naturehike-cloud-up-wing-kempinga-telts-dzeltena-10d-2p","status":"publish","type":"product","link":"https:\/\/gohike.lv\/ru\/produkts\/naturehike-cloud-up-wing-kempinga-telts-dzeltena-10d-2p\/","title":{"rendered":"Naturehike &#8212; Cloud Up Wing 2 telts 10D &#8212; 2p"},"content":{"rendered":"<p>10D ar sil\u012bciju p\u0101rkl\u0101tais neilona audums, br\u012bvi st\u0101vo\u0161ais dizains un \u0101r\u0113j\u0101 strukt\u016bra nodro\u0161ina aizsardz\u012bbu pret v\u0113ju un lietus, vienlaikus nodro\u0161inot ventil\u0101ciju.<br \/>\nIzgatavota no 10 D \u012bpa\u0161i viegla, vienpus\u0113ja, ar sil\u012bcija p\u0101rkl\u0101jumu p\u0101rkl\u0101ta neilona auduma, telts sver tikai aptuveni 1,25 kg (iz\u0146emot piederumus).<br \/>\nBr\u012bvi st\u0101vo\u0161a un vienk\u0101r\u0161a iestat\u012b\u0161ana: integr\u0113t\u0101 \u0101r\u0113j\u0101 strukt\u016bra \u013cauj veikt uzst\u0101d\u012b\u0161anu bez piep\u016bles. T\u0101 gludais, izliektais dizains nodro\u0161ina izcilu v\u0113ja pretest\u012bbu un pievilc\u012bgu izskatu.<br \/>\nT\u012bkla ventil\u0101cijas atveres ab\u0101s pus\u0113s un tr\u012bs logi uzlabo gaisa pl\u016bsmu, nov\u0113r\u0161ot kondens\u0101ciju un nodro\u0161inot komfortu da\u017e\u0101dos laikapst\u0101k\u013cos.<br \/>\nPatent\u0113ts Dual-Cross Hook: Naturehike dizaina patents \u2013 dubult\u0101 krusta \u0101\u0137is \u2013 iev\u0113rojami uzlabo \u0101\u0137a lietojam\u012bbu un stabilit\u0101ti, \u013caujot to viegli salikt ar vienu roku.<\/p>\n","protected":false},"excerpt":{"rendered":"<p>Cloud Wing no Naturehike, klasiska, viegla telts, kas paredz\u0113ta diviem cilv\u0113kiem.<\/p>\n","protected":false},"featured_media":23805,"template":"","meta":[],"product_brand":[167],"product_cat":[1817],"product_tag":[],"class_list":{"0":"post-45597","1":"product","2":"type-product","3":"status-publish","4":"has-post-thumbnail","6":"product_brand-naturehike-lv","7":"product_cat-teltis-un-tenti","8":"pa_aksesuari-telts-un-iekseja-telts-x1-telts-stabis-x1-vejas-virve-x5-aluminija-sakausejuma-tapas-x14-trace-x1-parnesasanas-soma-x1","9":"pa_izmeriscm-10031","10":"pa_kapacitate-2-cilveki","11":"pa_produkta-tips-pargajienu-teltis","12":"pa_spalva-peleks-dzeltens","13":"pa_stabi-7001-aluminijs","14":"pa_telts-materials-10d-neilons-parklats-ar-silikonu","15":"pa_telts-materials-pu2000mm","17":"first","18":"instock","19":"taxable","20":"shipping-taxable","21":"purchasable","22":"product-type-simple"},"raw_content":{"name":"Naturehike - Cloud Up Wing 2 telts 10D - 2p","description":"10D ar sil\u012bciju p\u0101rkl\u0101tais neilona audums, br\u012bvi st\u0101vo\u0161ais dizains un \u0101r\u0113j\u0101 strukt\u016bra nodro\u0161ina aizsardz\u012bbu pret v\u0113ju un lietus, vienlaikus nodro\u0161inot ventil\u0101ciju.\nIzgatavota no 10 D \u012bpa\u0161i viegla, vienpus\u0113ja, ar sil\u012bcija p\u0101rkl\u0101jumu p\u0101rkl\u0101ta neilona auduma, telts sver tikai aptuveni 1,25 kg (iz\u0146emot piederumus).\nBr\u012bvi st\u0101vo\u0161a un vienk\u0101r\u0161a iestat\u012b\u0161ana: integr\u0113t\u0101 \u0101r\u0113j\u0101 strukt\u016bra \u013cauj veikt uzst\u0101d\u012b\u0161anu bez piep\u016bles. T\u0101 gludais, izliektais dizains nodro\u0161ina izcilu v\u0113ja pretest\u012bbu un pievilc\u012bgu izskatu.\nT\u012bkla ventil\u0101cijas atveres ab\u0101s pus\u0113s un tr\u012bs logi uzlabo gaisa pl\u016bsmu, nov\u0113r\u0161ot kondens\u0101ciju un nodro\u0161inot komfortu da\u017e\u0101dos laikapst\u0101k\u013cos.\nPatent\u0113ts Dual-Cross Hook: Naturehike dizaina patents \u2013 dubult\u0101 krusta \u0101\u0137is \u2013 iev\u0113rojami uzlabo \u0101\u0137a lietojam\u012bbu un stabilit\u0101ti, \u013caujot to viegli salikt ar vienu roku.","short_description":"Cloud Wing no Naturehike, klasiska, viegla telts, kas paredz\u0113ta diviem cilv\u0113kiem.","status":"publish","sku":"6975641887423","original":45597},"wpml":{"translation_type":1,"has_translations":true,"original":45597,"duplicates":[],"translations":{"lv":45597,"en":68779,"ru":null}},"supplier_id":null,"supplier_sku":"","barcode":null,"atum_controlled":true,"out_stock_date":null,"out_stock_threshold":null,"inheritable":false,"inbound_stock":0,"stock_on_hold":0,"sold_today":0,"sales_last_days":0,"reserved_stock":0,"customer_returns":0,"warehouse_damage":0,"lost_in_post":0,"other_logs":0,"out_stock_days":0,"lost_sales":0,"has_location":false,"update_date":"2025-12-30T14:30:42","atum_locations":[],"atum_stock_status":"instock","restock_status":false,"low_stock_amount":"","sales_update_date":"2025-11-13T13:36:28","calc_backorders":null,"yoast_head":"<!-- This site is optimized with the Yoast SEO plugin v27.3 - https:\/\/yoast.com\/product\/yoast-seo-wordpress\/ -->\n<title>Naturehike - Cloud Up Wing 2 telts 10D - 2p<\/title>\n<meta name=\"description\" content=\"Cloud Wing no Naturehike, klasiska, viegla telts, kas paredz\u0113ta diviem cilv\u0113kiem.\" \/>\n<meta name=\"robots\" content=\"index, follow, max-snippet:-1, max-image-preview:large, max-video-preview:-1\" \/>\n<link rel=\"canonical\" href=\"https:\/\/gohike.lv\/ru\/produkts\/naturehike-cloud-up-wing-kempinga-telts-dzeltena-10d-2p\/\" \/>\n<meta property=\"og:locale\" content=\"ru_RU\" \/>\n<meta property=\"og:type\" content=\"article\" \/>\n<meta property=\"og:title\" content=\"Naturehike - P\u0101rg\u0101jienu telts\" \/>\n<meta property=\"og:description\" content=\"Cloud Wing no Naturehike, klasiska, viegla telts, kas paredz\u0113ta diviem cilv\u0113kiem.\" \/>\n<meta property=\"og:url\" content=\"https:\/\/gohike.lv\/ru\/produkts\/naturehike-cloud-up-wing-kempinga-telts-dzeltena-10d-2p\/\" \/>\n<meta property=\"og:site_name\" content=\"GoHike\" \/>\n<meta property=\"article:publisher\" content=\"https:\/\/www.facebook.com\/gohike.shop\/\" \/>\n<meta property=\"article:modified_time\" content=\"2025-12-30T14:24:53+00:00\" \/>\n<meta property=\"og:image\" content=\"https:\/\/gohike.lv\/wp-content\/uploads\/2024\/03\/Cloudwing_10D_.png\" \/>\n\t<meta property=\"og:image:width\" content=\"1500\" \/>\n\t<meta property=\"og:image:height\" content=\"1500\" \/>\n\t<meta property=\"og:image:type\" content=\"image\/png\" \/>\n<meta name=\"twitter:card\" content=\"summary_large_image\" \/>\n<meta name=\"twitter:title\" content=\"Naturehike - P\u0101rg\u0101jienu telts\" \/>\n<meta name=\"twitter:label1\" content=\"\u041f\u0440\u0438\u043c\u0435\u0440\u043d\u043e\u0435 \u0432\u0440\u0435\u043c\u044f \u0434\u043b\u044f \u0447\u0442\u0435\u043d\u0438\u044f\" \/>\n\t<meta name=\"twitter:data1\" content=\"1 \u043c\u0438\u043d\u0443\u0442\u0430\" \/>\n<script type=\"application\/ld+json\" class=\"yoast-schema-graph\">{\"@context\":\"https:\\\/\\\/schema.org\",\"@graph\":[{\"@type\":[\"WebPage\",\"ItemPage\"],\"@id\":\"https:\\\/\\\/gohike.lv\\\/ru\\\/produkts\\\/naturehike-cloud-up-wing-kempinga-telts-dzeltena-10d-2p\\\/\",\"url\":\"https:\\\/\\\/gohike.lv\\\/ru\\\/produkts\\\/naturehike-cloud-up-wing-kempinga-telts-dzeltena-10d-2p\\\/\",\"name\":\"Naturehike - Cloud Up Wing 2 telts 10D - 2p\",\"isPartOf\":{\"@id\":\"https:\\\/\\\/gohike.lv\\\/ru\\\/#website\"},\"primaryImageOfPage\":{\"@id\":\"https:\\\/\\\/gohike.lv\\\/ru\\\/produkts\\\/naturehike-cloud-up-wing-kempinga-telts-dzeltena-10d-2p\\\/#primaryimage\"},\"image\":{\"@id\":\"https:\\\/\\\/gohike.lv\\\/ru\\\/produkts\\\/naturehike-cloud-up-wing-kempinga-telts-dzeltena-10d-2p\\\/#primaryimage\"},\"thumbnailUrl\":\"https:\\\/\\\/gohike.lv\\\/wp-content\\\/uploads\\\/2024\\\/03\\\/Cloudwing_10D_.png\",\"datePublished\":\"2024-04-29T10:58:47+00:00\",\"dateModified\":\"2025-12-30T14:24:53+00:00\",\"description\":\"Cloud Wing no Naturehike, klasiska, viegla telts, kas paredz\u0113ta diviem cilv\u0113kiem.\",\"breadcrumb\":{\"@id\":\"https:\\\/\\\/gohike.lv\\\/ru\\\/produkts\\\/naturehike-cloud-up-wing-kempinga-telts-dzeltena-10d-2p\\\/#breadcrumb\"},\"inLanguage\":\"ru-RU\",\"potentialAction\":[{\"@type\":\"ReadAction\",\"target\":[\"https:\\\/\\\/gohike.lv\\\/ru\\\/produkts\\\/naturehike-cloud-up-wing-kempinga-telts-dzeltena-10d-2p\\\/\"]}]},{\"@type\":\"ImageObject\",\"inLanguage\":\"ru-RU\",\"@id\":\"https:\\\/\\\/gohike.lv\\\/ru\\\/produkts\\\/naturehike-cloud-up-wing-kempinga-telts-dzeltena-10d-2p\\\/#primaryimage\",\"url\":\"https:\\\/\\\/gohike.lv\\\/wp-content\\\/uploads\\\/2024\\\/03\\\/Cloudwing_10D_.png\",\"contentUrl\":\"https:\\\/\\\/gohike.lv\\\/wp-content\\\/uploads\\\/2024\\\/03\\\/Cloudwing_10D_.png\",\"width\":1500,\"height\":1500},{\"@type\":\"BreadcrumbList\",\"@id\":\"https:\\\/\\\/gohike.lv\\\/ru\\\/produkts\\\/naturehike-cloud-up-wing-kempinga-telts-dzeltena-10d-2p\\\/#breadcrumb\",\"itemListElement\":[{\"@type\":\"ListItem\",\"position\":1,\"name\":\"\u0413\u043b\u0430\u0432\u043d\u0430\u044f\",\"item\":\"https:\\\/\\\/gohike.lv\\\/ru\\\/\"},{\"@type\":\"ListItem\",\"position\":2,\"name\":\"\u041a\u0430\u0442\u0435\u0433\u043e\u0440\u0438\u0438 \u0442\u043e\u0432\u0430\u0440\u043e\u0432\",\"item\":\"https:\\\/\\\/gohike.lv\\\/%d0%ba%d0%b0%d1%82%d0%b5%d0%b3%d0%be%d1%80%d0%b8%d0%b8-%d1%82%d0%be%d0%b2%d0%b0%d1%80%d0%be%d0%b2\\\/\"},{\"@type\":\"ListItem\",\"position\":3,\"name\":\"Naturehike &#8211; Cloud Up Wing 2 telts 10D &#8211; 2p\"}]},{\"@type\":\"WebSite\",\"@id\":\"https:\\\/\\\/gohike.lv\\\/ru\\\/#website\",\"url\":\"https:\\\/\\\/gohike.lv\\\/ru\\\/\",\"name\":\"GoHike\",\"description\":\"\",\"publisher\":{\"@id\":\"https:\\\/\\\/gohike.lv\\\/ru\\\/#organization\"},\"potentialAction\":[{\"@type\":\"SearchAction\",\"target\":{\"@type\":\"EntryPoint\",\"urlTemplate\":\"https:\\\/\\\/gohike.lv\\\/ru\\\/?s={search_term_string}\"},\"query-input\":{\"@type\":\"PropertyValueSpecification\",\"valueRequired\":true,\"valueName\":\"search_term_string\"}}],\"inLanguage\":\"ru-RU\"},{\"@type\":\"Organization\",\"@id\":\"https:\\\/\\\/gohike.lv\\\/ru\\\/#organization\",\"name\":\"GoHike\",\"url\":\"https:\\\/\\\/gohike.lv\\\/ru\\\/\",\"logo\":{\"@type\":\"ImageObject\",\"inLanguage\":\"ru-RU\",\"@id\":\"https:\\\/\\\/gohike.lv\\\/ru\\\/#\\\/schema\\\/logo\\\/image\\\/\",\"url\":\"https:\\\/\\\/gohike.lv\\\/wp-content\\\/uploads\\\/2023\\\/08\\\/Logo_GoHike.webp\",\"contentUrl\":\"https:\\\/\\\/gohike.lv\\\/wp-content\\\/uploads\\\/2023\\\/08\\\/Logo_GoHike.webp\",\"width\":512,\"height\":512,\"caption\":\"GoHike\"},\"image\":{\"@id\":\"https:\\\/\\\/gohike.lv\\\/ru\\\/#\\\/schema\\\/logo\\\/image\\\/\"},\"sameAs\":[\"https:\\\/\\\/www.facebook.com\\\/gohike.shop\\\/\",\"https:\\\/\\\/www.instagram.com\\\/gohike.shop\\\/\"]}]}<\/script>\n<!-- \/ Yoast SEO plugin. -->","yoast_head_json":{"title":"Naturehike - Cloud Up Wing 2 telts 10D - 2p","description":"Cloud Wing no Naturehike, klasiska, viegla telts, kas paredz\u0113ta diviem cilv\u0113kiem.","robots":{"index":"index","follow":"follow","max-snippet":"max-snippet:-1","max-image-preview":"max-image-preview:large","max-video-preview":"max-video-preview:-1"},"canonical":"https:\/\/gohike.lv\/ru\/produkts\/naturehike-cloud-up-wing-kempinga-telts-dzeltena-10d-2p\/","og_locale":"ru_RU","og_type":"article","og_title":"Naturehike - P\u0101rg\u0101jienu telts","og_description":"Cloud Wing no Naturehike, klasiska, viegla telts, kas paredz\u0113ta diviem cilv\u0113kiem.","og_url":"https:\/\/gohike.lv\/ru\/produkts\/naturehike-cloud-up-wing-kempinga-telts-dzeltena-10d-2p\/","og_site_name":"GoHike","article_publisher":"https:\/\/www.facebook.com\/gohike.shop\/","article_modified_time":"2025-12-30T14:24:53+00:00","og_image":[{"width":1500,"height":1500,"url":"https:\/\/gohike.lv\/wp-content\/uploads\/2024\/03\/Cloudwing_10D_.png","type":"image\/png"}],"twitter_card":"summary_large_image","twitter_title":"Naturehike - P\u0101rg\u0101jienu telts","twitter_misc":{"\u041f\u0440\u0438\u043c\u0435\u0440\u043d\u043e\u0435 \u0432\u0440\u0435\u043c\u044f \u0434\u043b\u044f \u0447\u0442\u0435\u043d\u0438\u044f":"1 \u043c\u0438\u043d\u0443\u0442\u0430"},"schema":{"@context":"https:\/\/schema.org","@graph":[{"@type":["WebPage","ItemPage"],"@id":"https:\/\/gohike.lv\/ru\/produkts\/naturehike-cloud-up-wing-kempinga-telts-dzeltena-10d-2p\/","url":"https:\/\/gohike.lv\/ru\/produkts\/naturehike-cloud-up-wing-kempinga-telts-dzeltena-10d-2p\/","name":"Naturehike - Cloud Up Wing 2 telts 10D - 2p","isPartOf":{"@id":"https:\/\/gohike.lv\/ru\/#website"},"primaryImageOfPage":{"@id":"https:\/\/gohike.lv\/ru\/produkts\/naturehike-cloud-up-wing-kempinga-telts-dzeltena-10d-2p\/#primaryimage"},"image":{"@id":"https:\/\/gohike.lv\/ru\/produkts\/naturehike-cloud-up-wing-kempinga-telts-dzeltena-10d-2p\/#primaryimage"},"thumbnailUrl":"https:\/\/gohike.lv\/wp-content\/uploads\/2024\/03\/Cloudwing_10D_.png","datePublished":"2024-04-29T10:58:47+00:00","dateModified":"2025-12-30T14:24:53+00:00","description":"Cloud Wing no Naturehike, klasiska, viegla telts, kas paredz\u0113ta diviem cilv\u0113kiem.","breadcrumb":{"@id":"https:\/\/gohike.lv\/ru\/produkts\/naturehike-cloud-up-wing-kempinga-telts-dzeltena-10d-2p\/#breadcrumb"},"inLanguage":"ru-RU","potentialAction":[{"@type":"ReadAction","target":["https:\/\/gohike.lv\/ru\/produkts\/naturehike-cloud-up-wing-kempinga-telts-dzeltena-10d-2p\/"]}]},{"@type":"ImageObject","inLanguage":"ru-RU","@id":"https:\/\/gohike.lv\/ru\/produkts\/naturehike-cloud-up-wing-kempinga-telts-dzeltena-10d-2p\/#primaryimage","url":"https:\/\/gohike.lv\/wp-content\/uploads\/2024\/03\/Cloudwing_10D_.png","contentUrl":"https:\/\/gohike.lv\/wp-content\/uploads\/2024\/03\/Cloudwing_10D_.png","width":1500,"height":1500},{"@type":"BreadcrumbList","@id":"https:\/\/gohike.lv\/ru\/produkts\/naturehike-cloud-up-wing-kempinga-telts-dzeltena-10d-2p\/#breadcrumb","itemListElement":[{"@type":"ListItem","position":1,"name":"\u0413\u043b\u0430\u0432\u043d\u0430\u044f","item":"https:\/\/gohike.lv\/ru\/"},{"@type":"ListItem","position":2,"name":"\u041a\u0430\u0442\u0435\u0433\u043e\u0440\u0438\u0438 \u0442\u043e\u0432\u0430\u0440\u043e\u0432","item":"https:\/\/gohike.lv\/%d0%ba%d0%b0%d1%82%d0%b5%d0%b3%d0%be%d1%80%d0%b8%d0%b8-%d1%82%d0%be%d0%b2%d0%b0%d1%80%d0%be%d0%b2\/"},{"@type":"ListItem","position":3,"name":"Naturehike &#8211; Cloud Up Wing 2 telts 10D &#8211; 2p"}]},{"@type":"WebSite","@id":"https:\/\/gohike.lv\/ru\/#website","url":"https:\/\/gohike.lv\/ru\/","name":"GoHike","description":"","publisher":{"@id":"https:\/\/gohike.lv\/ru\/#organization"},"potentialAction":[{"@type":"SearchAction","target":{"@type":"EntryPoint","urlTemplate":"https:\/\/gohike.lv\/ru\/?s={search_term_string}"},"query-input":{"@type":"PropertyValueSpecification","valueRequired":true,"valueName":"search_term_string"}}],"inLanguage":"ru-RU"},{"@type":"Organization","@id":"https:\/\/gohike.lv\/ru\/#organization","name":"GoHike","url":"https:\/\/gohike.lv\/ru\/","logo":{"@type":"ImageObject","inLanguage":"ru-RU","@id":"https:\/\/gohike.lv\/ru\/#\/schema\/logo\/image\/","url":"https:\/\/gohike.lv\/wp-content\/uploads\/2023\/08\/Logo_GoHike.webp","contentUrl":"https:\/\/gohike.lv\/wp-content\/uploads\/2023\/08\/Logo_GoHike.webp","width":512,"height":512,"caption":"GoHike"},"image":{"@id":"https:\/\/gohike.lv\/ru\/#\/schema\/logo\/image\/"},"sameAs":["https:\/\/www.facebook.com\/gohike.shop\/","https:\/\/www.instagram.com\/gohike.shop\/"]}]}},"jetpack_sharing_enabled":true,"_links":{"self":[{"href":"https:\/\/gohike.lv\/ru\/wp-json\/wp\/v2\/product\/45597","targetHints":{"allow":["GET"]}}],"collection":[{"href":"https:\/\/gohike.lv\/ru\/wp-json\/wp\/v2\/product"}],"about":[{"href":"https:\/\/gohike.lv\/ru\/wp-json\/wp\/v2\/types\/product"}],"version-history":[{"count":1,"href":"https:\/\/gohike.lv\/ru\/wp-json\/wp\/v2\/product\/45597\/revisions"}],"predecessor-version":[{"id":118753,"href":"https:\/\/gohike.lv\/ru\/wp-json\/wp\/v2\/product\/45597\/revisions\/118753"}],"wp:featuredmedia":[{"embeddable":true,"href":"https:\/\/gohike.lv\/ru\/wp-json\/wp\/v2\/media\/23805"}],"wp:attachment":[{"href":"https:\/\/gohike.lv\/ru\/wp-json\/wp\/v2\/media?parent=45597"}],"wp:term":[{"taxonomy":"product_brand","embeddable":true,"href":"https:\/\/gohike.lv\/ru\/wp-json\/wp\/v2\/product_brand?post=45597"},{"taxonomy":"product_cat","embeddable":true,"href":"https:\/\/gohike.lv\/ru\/wp-json\/wp\/v2\/product_cat?post=45597"},{"taxonomy":"product_tag","embeddable":true,"href":"https:\/\/gohike.lv\/ru\/wp-json\/wp\/v2\/product_tag?post=45597"}],"curies":[{"name":"wp","href":"https:\/\/api.w.org\/{rel}","templated":true}]}}