{"id":45595,"date":"2024-04-29T13:58:47","date_gmt":"2024-04-29T10:58:47","guid":{"rendered":"https:\/\/gohike.lv\/produkts\/naturehike-cloud-up-2-wing-kempinga-telts-zila-15d\/"},"modified":"2025-12-30T17:24:53","modified_gmt":"2025-12-30T14:24:53","slug":"naturehike-cloud-up-2-wing-kempinga-telts-zila-15d","status":"publish","type":"product","link":"https:\/\/gohike.lv\/ru\/produkts\/naturehike-cloud-up-2-wing-kempinga-telts-zila-15d\/","title":{"rendered":"Naturehike &#8212; Cloud Up 2 Wing telts 15D &#8212; 2p"},"content":{"rendered":"<p>\u0100r\u0113jais r\u0101mis ir izgatavots no alum\u012bnija.<br \/>\nTelts ir \u016bdensiztur\u012bga un viegla.<br \/>\nVentil\u0101cijas sist\u0113ma ar augsta bl\u012bvuma sieta logiem nodro\u0161ina dro\u0161u aizsardz\u012bbu pret kukai\u0146iem un telts elpojam\u012bbu.<br \/>\nTelts ir paredz\u0113ta p\u0101rg\u0101jieniem, rite\u0146brauk\u0161anai un \u0113rtam kempingam.<br \/>\n\u012apatn\u012bbas:<br \/>\ntr\u012bs sezonu telts;<br \/>\n1 ieeja ar priek\u0161telpu;<br \/>\nventil\u0101cijas logi;<br \/>\nalum\u012bnija naglas.<br \/>\n<iframe title=\"\u041f\u0430\u043b\u0430\u0442\u043a\u0430\u00a0Naturehike CloudUP\u00a0-\u00a0Wing\u00a0II NH19ZP083\" width=\"1200\" height=\"675\" src=\"https:\/\/www.youtube.com\/embed\/HG2QTMPNa2s?feature=oembed\" frameborder=\"0\" allow=\"accelerometer; autoplay; clipboard-write; encrypted-media; gyroscope; picture-in-picture; web-share\" referrerpolicy=\"strict-origin-when-cross-origin\" allowfullscreen><\/iframe><\/p>\n","protected":false},"excerpt":{"rendered":"<p>\u012apa\u0161i viegla un \u016bdensiztur\u012bga telts atp\u016btai pie dabas.<\/p>\n","protected":false},"featured_media":23193,"template":"","meta":[],"product_brand":[13432],"product_cat":[13674],"product_tag":[],"class_list":{"0":"post-45595","1":"product","2":"type-product","3":"status-publish","4":"has-post-thumbnail","6":"product_brand-naturehike-ru","7":"product_cat-13674","8":"pa_aksesuari-pole-x1-komplekts-iepakojums-maiss-x1-knagi-x14-veja-troses-x7","9":"pa_ieksejais-materials-20d-dubulta-rezga-neilons","10":"pa_izmeriscm-10032","11":"pa_kapacitate-2-cilveki","12":"pa_produkta-tips-pargajienu-teltis","13":"pa_stabi-7001-aluminijs","14":"pa_telts-materials-15d-neilons-parklats-ar-silikonu","15":"pa_telts-materials-pu2000mm","16":"pa_tikla-materials-b3-elpojoss-siets","18":"first","19":"outofstock","20":"taxable","21":"shipping-taxable","22":"purchasable","23":"product-type-simple"},"raw_content":{"name":"Naturehike - Cloud Up 2 Wing telts 15D - 2p","description":"\u0100r\u0113jais r\u0101mis ir izgatavots no alum\u012bnija.\nTelts ir \u016bdensiztur\u012bga un viegla.\nVentil\u0101cijas sist\u0113ma ar augsta bl\u012bvuma sieta logiem nodro\u0161ina dro\u0161u aizsardz\u012bbu pret kukai\u0146iem un telts elpojam\u012bbu.\nTelts ir paredz\u0113ta p\u0101rg\u0101jieniem, rite\u0146brauk\u0161anai un \u0113rtam kempingam.\n\u012apatn\u012bbas:\ntr\u012bs sezonu telts;\n1 ieeja ar priek\u0161telpu;\nventil\u0101cijas logi;\nalum\u012bnija naglas.\nhttps:\/\/youtu.be\/HG2QTMPNa2s","short_description":"\u012apa\u0161i viegla un \u016bdensiztur\u012bga telts atp\u016btai pie dabas.","status":"publish","sku":"6927595743430","original":45595},"wpml":{"translation_type":1,"has_translations":true,"original":45595,"duplicates":[],"translations":{"lv":45595,"en":68780,"ru":null}},"supplier_id":null,"supplier_sku":"","barcode":null,"atum_controlled":true,"out_stock_date":"2025-09-18 15:08:24","out_stock_threshold":null,"inheritable":false,"inbound_stock":0,"stock_on_hold":0,"sold_today":0,"sales_last_days":0,"reserved_stock":0,"customer_returns":0,"warehouse_damage":0,"lost_in_post":0,"other_logs":0,"out_stock_days":55,"lost_sales":0,"has_location":false,"update_date":"2025-12-30T14:30:42","atum_locations":[],"atum_stock_status":"outofstock","restock_status":false,"low_stock_amount":"","sales_update_date":"2025-11-13T14:09:05","calc_backorders":null,"yoast_head":"<!-- This site is optimized with the Yoast SEO plugin v27.3 - https:\/\/yoast.com\/product\/yoast-seo-wordpress\/ -->\n<title>Naturehike - Cloud Up 2 Wing telts 15D - 2p<\/title>\n<meta name=\"description\" content=\"\u012apa\u0161i viegla un \u016bdensiztur\u012bga telts atp\u016btai pie dabas. Telts ir \u016bdensiztur\u012bga un viegla.\" \/>\n<meta name=\"robots\" content=\"index, follow, max-snippet:-1, max-image-preview:large, max-video-preview:-1\" \/>\n<link rel=\"canonical\" href=\"https:\/\/gohike.lv\/ru\/produkts\/naturehike-cloud-up-2-wing-kempinga-telts-zila-15d\/\" \/>\n<meta property=\"og:locale\" content=\"ru_RU\" \/>\n<meta property=\"og:type\" content=\"article\" \/>\n<meta property=\"og:title\" content=\"Naturehike - P\u0101rg\u0101jienu telts\" \/>\n<meta property=\"og:description\" content=\"\u012apa\u0161i viegla un \u016bdensiztur\u012bga telts atp\u016btai pie dabas. Telts ir \u016bdensiztur\u012bga un viegla.\" \/>\n<meta property=\"og:url\" content=\"https:\/\/gohike.lv\/ru\/produkts\/naturehike-cloud-up-2-wing-kempinga-telts-zila-15d\/\" \/>\n<meta property=\"og:site_name\" content=\"GoHike\" \/>\n<meta property=\"article:publisher\" content=\"https:\/\/www.facebook.com\/gohike.shop\/\" \/>\n<meta property=\"article:modified_time\" content=\"2025-12-30T14:24:53+00:00\" \/>\n<meta property=\"og:image\" content=\"https:\/\/gohike.lv\/wp-content\/uploads\/2024\/03\/Cloudwing_15D_.webp\" \/>\n\t<meta property=\"og:image:width\" content=\"800\" \/>\n\t<meta property=\"og:image:height\" content=\"800\" \/>\n\t<meta property=\"og:image:type\" content=\"image\/webp\" \/>\n<meta name=\"twitter:card\" content=\"summary_large_image\" \/>\n<meta name=\"twitter:title\" content=\"Naturehike - P\u0101rg\u0101jienu telts\" \/>\n<meta name=\"twitter:label1\" content=\"\u041f\u0440\u0438\u043c\u0435\u0440\u043d\u043e\u0435 \u0432\u0440\u0435\u043c\u044f \u0434\u043b\u044f \u0447\u0442\u0435\u043d\u0438\u044f\" \/>\n\t<meta name=\"twitter:data1\" content=\"1 \u043c\u0438\u043d\u0443\u0442\u0430\" \/>\n<script type=\"application\/ld+json\" class=\"yoast-schema-graph\">{\"@context\":\"https:\\\/\\\/schema.org\",\"@graph\":[{\"@type\":[\"WebPage\",\"ItemPage\"],\"@id\":\"https:\\\/\\\/gohike.lv\\\/ru\\\/produkts\\\/naturehike-cloud-up-2-wing-kempinga-telts-zila-15d\\\/\",\"url\":\"https:\\\/\\\/gohike.lv\\\/ru\\\/produkts\\\/naturehike-cloud-up-2-wing-kempinga-telts-zila-15d\\\/\",\"name\":\"Naturehike - Cloud Up 2 Wing telts 15D - 2p\",\"isPartOf\":{\"@id\":\"https:\\\/\\\/gohike.lv\\\/ru\\\/#website\"},\"primaryImageOfPage\":{\"@id\":\"https:\\\/\\\/gohike.lv\\\/ru\\\/produkts\\\/naturehike-cloud-up-2-wing-kempinga-telts-zila-15d\\\/#primaryimage\"},\"image\":{\"@id\":\"https:\\\/\\\/gohike.lv\\\/ru\\\/produkts\\\/naturehike-cloud-up-2-wing-kempinga-telts-zila-15d\\\/#primaryimage\"},\"thumbnailUrl\":\"https:\\\/\\\/gohike.lv\\\/wp-content\\\/uploads\\\/2024\\\/03\\\/Cloudwing_15D_.webp\",\"datePublished\":\"2024-04-29T10:58:47+00:00\",\"dateModified\":\"2025-12-30T14:24:53+00:00\",\"description\":\"\u012apa\u0161i viegla un \u016bdensiztur\u012bga telts atp\u016btai pie dabas. Telts ir \u016bdensiztur\u012bga un viegla.\",\"breadcrumb\":{\"@id\":\"https:\\\/\\\/gohike.lv\\\/ru\\\/produkts\\\/naturehike-cloud-up-2-wing-kempinga-telts-zila-15d\\\/#breadcrumb\"},\"inLanguage\":\"ru-RU\",\"potentialAction\":[{\"@type\":\"ReadAction\",\"target\":[\"https:\\\/\\\/gohike.lv\\\/ru\\\/produkts\\\/naturehike-cloud-up-2-wing-kempinga-telts-zila-15d\\\/\"]}]},{\"@type\":\"ImageObject\",\"inLanguage\":\"ru-RU\",\"@id\":\"https:\\\/\\\/gohike.lv\\\/ru\\\/produkts\\\/naturehike-cloud-up-2-wing-kempinga-telts-zila-15d\\\/#primaryimage\",\"url\":\"https:\\\/\\\/gohike.lv\\\/wp-content\\\/uploads\\\/2024\\\/03\\\/Cloudwing_15D_.webp\",\"contentUrl\":\"https:\\\/\\\/gohike.lv\\\/wp-content\\\/uploads\\\/2024\\\/03\\\/Cloudwing_15D_.webp\",\"width\":800,\"height\":800},{\"@type\":\"BreadcrumbList\",\"@id\":\"https:\\\/\\\/gohike.lv\\\/ru\\\/produkts\\\/naturehike-cloud-up-2-wing-kempinga-telts-zila-15d\\\/#breadcrumb\",\"itemListElement\":[{\"@type\":\"ListItem\",\"position\":1,\"name\":\"\u0413\u043b\u0430\u0432\u043d\u0430\u044f\",\"item\":\"https:\\\/\\\/gohike.lv\\\/ru\\\/\"},{\"@type\":\"ListItem\",\"position\":2,\"name\":\"\u041a\u0430\u0442\u0435\u0433\u043e\u0440\u0438\u0438 \u0442\u043e\u0432\u0430\u0440\u043e\u0432\",\"item\":\"https:\\\/\\\/gohike.lv\\\/%d0%ba%d0%b0%d1%82%d0%b5%d0%b3%d0%be%d1%80%d0%b8%d0%b8-%d1%82%d0%be%d0%b2%d0%b0%d1%80%d0%be%d0%b2\\\/\"},{\"@type\":\"ListItem\",\"position\":3,\"name\":\"Naturehike &#8211; Cloud Up 2 Wing telts 15D &#8211; 2p\"}]},{\"@type\":\"WebSite\",\"@id\":\"https:\\\/\\\/gohike.lv\\\/ru\\\/#website\",\"url\":\"https:\\\/\\\/gohike.lv\\\/ru\\\/\",\"name\":\"GoHike\",\"description\":\"\",\"publisher\":{\"@id\":\"https:\\\/\\\/gohike.lv\\\/ru\\\/#organization\"},\"potentialAction\":[{\"@type\":\"SearchAction\",\"target\":{\"@type\":\"EntryPoint\",\"urlTemplate\":\"https:\\\/\\\/gohike.lv\\\/ru\\\/?s={search_term_string}\"},\"query-input\":{\"@type\":\"PropertyValueSpecification\",\"valueRequired\":true,\"valueName\":\"search_term_string\"}}],\"inLanguage\":\"ru-RU\"},{\"@type\":\"Organization\",\"@id\":\"https:\\\/\\\/gohike.lv\\\/ru\\\/#organization\",\"name\":\"GoHike\",\"url\":\"https:\\\/\\\/gohike.lv\\\/ru\\\/\",\"logo\":{\"@type\":\"ImageObject\",\"inLanguage\":\"ru-RU\",\"@id\":\"https:\\\/\\\/gohike.lv\\\/ru\\\/#\\\/schema\\\/logo\\\/image\\\/\",\"url\":\"https:\\\/\\\/gohike.lv\\\/wp-content\\\/uploads\\\/2023\\\/08\\\/Logo_GoHike.webp\",\"contentUrl\":\"https:\\\/\\\/gohike.lv\\\/wp-content\\\/uploads\\\/2023\\\/08\\\/Logo_GoHike.webp\",\"width\":512,\"height\":512,\"caption\":\"GoHike\"},\"image\":{\"@id\":\"https:\\\/\\\/gohike.lv\\\/ru\\\/#\\\/schema\\\/logo\\\/image\\\/\"},\"sameAs\":[\"https:\\\/\\\/www.facebook.com\\\/gohike.shop\\\/\",\"https:\\\/\\\/www.instagram.com\\\/gohike.shop\\\/\"]}]}<\/script>\n<!-- \/ Yoast SEO plugin. -->","yoast_head_json":{"title":"Naturehike - Cloud Up 2 Wing telts 15D - 2p","description":"\u012apa\u0161i viegla un \u016bdensiztur\u012bga telts atp\u016btai pie dabas. Telts ir \u016bdensiztur\u012bga un viegla.","robots":{"index":"index","follow":"follow","max-snippet":"max-snippet:-1","max-image-preview":"max-image-preview:large","max-video-preview":"max-video-preview:-1"},"canonical":"https:\/\/gohike.lv\/ru\/produkts\/naturehike-cloud-up-2-wing-kempinga-telts-zila-15d\/","og_locale":"ru_RU","og_type":"article","og_title":"Naturehike - P\u0101rg\u0101jienu telts","og_description":"\u012apa\u0161i viegla un \u016bdensiztur\u012bga telts atp\u016btai pie dabas. Telts ir \u016bdensiztur\u012bga un viegla.","og_url":"https:\/\/gohike.lv\/ru\/produkts\/naturehike-cloud-up-2-wing-kempinga-telts-zila-15d\/","og_site_name":"GoHike","article_publisher":"https:\/\/www.facebook.com\/gohike.shop\/","article_modified_time":"2025-12-30T14:24:53+00:00","og_image":[{"width":800,"height":800,"url":"https:\/\/gohike.lv\/wp-content\/uploads\/2024\/03\/Cloudwing_15D_.webp","type":"image\/webp"}],"twitter_card":"summary_large_image","twitter_title":"Naturehike - P\u0101rg\u0101jienu telts","twitter_misc":{"\u041f\u0440\u0438\u043c\u0435\u0440\u043d\u043e\u0435 \u0432\u0440\u0435\u043c\u044f \u0434\u043b\u044f \u0447\u0442\u0435\u043d\u0438\u044f":"1 \u043c\u0438\u043d\u0443\u0442\u0430"},"schema":{"@context":"https:\/\/schema.org","@graph":[{"@type":["WebPage","ItemPage"],"@id":"https:\/\/gohike.lv\/ru\/produkts\/naturehike-cloud-up-2-wing-kempinga-telts-zila-15d\/","url":"https:\/\/gohike.lv\/ru\/produkts\/naturehike-cloud-up-2-wing-kempinga-telts-zila-15d\/","name":"Naturehike - Cloud Up 2 Wing telts 15D - 2p","isPartOf":{"@id":"https:\/\/gohike.lv\/ru\/#website"},"primaryImageOfPage":{"@id":"https:\/\/gohike.lv\/ru\/produkts\/naturehike-cloud-up-2-wing-kempinga-telts-zila-15d\/#primaryimage"},"image":{"@id":"https:\/\/gohike.lv\/ru\/produkts\/naturehike-cloud-up-2-wing-kempinga-telts-zila-15d\/#primaryimage"},"thumbnailUrl":"https:\/\/gohike.lv\/wp-content\/uploads\/2024\/03\/Cloudwing_15D_.webp","datePublished":"2024-04-29T10:58:47+00:00","dateModified":"2025-12-30T14:24:53+00:00","description":"\u012apa\u0161i viegla un \u016bdensiztur\u012bga telts atp\u016btai pie dabas. Telts ir \u016bdensiztur\u012bga un viegla.","breadcrumb":{"@id":"https:\/\/gohike.lv\/ru\/produkts\/naturehike-cloud-up-2-wing-kempinga-telts-zila-15d\/#breadcrumb"},"inLanguage":"ru-RU","potentialAction":[{"@type":"ReadAction","target":["https:\/\/gohike.lv\/ru\/produkts\/naturehike-cloud-up-2-wing-kempinga-telts-zila-15d\/"]}]},{"@type":"ImageObject","inLanguage":"ru-RU","@id":"https:\/\/gohike.lv\/ru\/produkts\/naturehike-cloud-up-2-wing-kempinga-telts-zila-15d\/#primaryimage","url":"https:\/\/gohike.lv\/wp-content\/uploads\/2024\/03\/Cloudwing_15D_.webp","contentUrl":"https:\/\/gohike.lv\/wp-content\/uploads\/2024\/03\/Cloudwing_15D_.webp","width":800,"height":800},{"@type":"BreadcrumbList","@id":"https:\/\/gohike.lv\/ru\/produkts\/naturehike-cloud-up-2-wing-kempinga-telts-zila-15d\/#breadcrumb","itemListElement":[{"@type":"ListItem","position":1,"name":"\u0413\u043b\u0430\u0432\u043d\u0430\u044f","item":"https:\/\/gohike.lv\/ru\/"},{"@type":"ListItem","position":2,"name":"\u041a\u0430\u0442\u0435\u0433\u043e\u0440\u0438\u0438 \u0442\u043e\u0432\u0430\u0440\u043e\u0432","item":"https:\/\/gohike.lv\/%d0%ba%d0%b0%d1%82%d0%b5%d0%b3%d0%be%d1%80%d0%b8%d0%b8-%d1%82%d0%be%d0%b2%d0%b0%d1%80%d0%be%d0%b2\/"},{"@type":"ListItem","position":3,"name":"Naturehike &#8211; Cloud Up 2 Wing telts 15D &#8211; 2p"}]},{"@type":"WebSite","@id":"https:\/\/gohike.lv\/ru\/#website","url":"https:\/\/gohike.lv\/ru\/","name":"GoHike","description":"","publisher":{"@id":"https:\/\/gohike.lv\/ru\/#organization"},"potentialAction":[{"@type":"SearchAction","target":{"@type":"EntryPoint","urlTemplate":"https:\/\/gohike.lv\/ru\/?s={search_term_string}"},"query-input":{"@type":"PropertyValueSpecification","valueRequired":true,"valueName":"search_term_string"}}],"inLanguage":"ru-RU"},{"@type":"Organization","@id":"https:\/\/gohike.lv\/ru\/#organization","name":"GoHike","url":"https:\/\/gohike.lv\/ru\/","logo":{"@type":"ImageObject","inLanguage":"ru-RU","@id":"https:\/\/gohike.lv\/ru\/#\/schema\/logo\/image\/","url":"https:\/\/gohike.lv\/wp-content\/uploads\/2023\/08\/Logo_GoHike.webp","contentUrl":"https:\/\/gohike.lv\/wp-content\/uploads\/2023\/08\/Logo_GoHike.webp","width":512,"height":512,"caption":"GoHike"},"image":{"@id":"https:\/\/gohike.lv\/ru\/#\/schema\/logo\/image\/"},"sameAs":["https:\/\/www.facebook.com\/gohike.shop\/","https:\/\/www.instagram.com\/gohike.shop\/"]}]}},"jetpack_sharing_enabled":true,"_links":{"self":[{"href":"https:\/\/gohike.lv\/ru\/wp-json\/wp\/v2\/product\/45595","targetHints":{"allow":["GET"]}}],"collection":[{"href":"https:\/\/gohike.lv\/ru\/wp-json\/wp\/v2\/product"}],"about":[{"href":"https:\/\/gohike.lv\/ru\/wp-json\/wp\/v2\/types\/product"}],"version-history":[{"count":1,"href":"https:\/\/gohike.lv\/ru\/wp-json\/wp\/v2\/product\/45595\/revisions"}],"predecessor-version":[{"id":118767,"href":"https:\/\/gohike.lv\/ru\/wp-json\/wp\/v2\/product\/45595\/revisions\/118767"}],"wp:featuredmedia":[{"embeddable":true,"href":"https:\/\/gohike.lv\/ru\/wp-json\/wp\/v2\/media\/23193"}],"wp:attachment":[{"href":"https:\/\/gohike.lv\/ru\/wp-json\/wp\/v2\/media?parent=45595"}],"wp:term":[{"taxonomy":"product_brand","embeddable":true,"href":"https:\/\/gohike.lv\/ru\/wp-json\/wp\/v2\/product_brand?post=45595"},{"taxonomy":"product_cat","embeddable":true,"href":"https:\/\/gohike.lv\/ru\/wp-json\/wp\/v2\/product_cat?post=45595"},{"taxonomy":"product_tag","embeddable":true,"href":"https:\/\/gohike.lv\/ru\/wp-json\/wp\/v2\/product_tag?post=45595"}],"curies":[{"name":"wp","href":"https:\/\/api.w.org\/{rel}","templated":true}]}}