{"id":45593,"date":"2024-04-29T13:58:47","date_gmt":"2024-04-29T10:58:47","guid":{"rendered":"https:\/\/gohike.lv\/produkts\/naturehike-spire-kempinga-telts\/"},"modified":"2025-12-30T17:24:53","modified_gmt":"2025-12-30T14:24:53","slug":"naturehike-spire-kempinga-telts","status":"publish","type":"product","link":"https:\/\/gohike.lv\/ru\/produkts\/naturehike-spire-kempinga-telts\/","title":{"rendered":"Naturehike &#8212; Spire 1 telts &#8212; 1p"},"content":{"rendered":"<p>Pla\u0161a un \u0113rta: unik\u0101l\u0101 tipi strukt\u016bra pied\u0101v\u0101 4 kvadr\u0101tmetrus lielu iek\u0161\u0113jo telpu \u0113rtai atp\u016btai.<br \/>\nTelts kop\u0113jais svars ir tikai 1450 g, ieskaitot piederumus, t\u0101p\u0113c to ir viegli p\u0101rn\u0113s\u0101t.<br \/>\nVair\u0101kas uzst\u0101d\u012b\u0161anas iesp\u0113jas: \u0101r\u0113jo telti var izmantot atsevi\u0161\u0137i ar p\u0101rg\u0101jienu n\u016bj\u0101m vai apvienot ar iek\u0161\u0113jo telti (trekinga n\u016bjas j\u0101ieg\u0101d\u0101jas papildus).<br \/>\n20D ar sil\u012bciju p\u0101rkl\u0101t\u0101 neilona \u0101r\u0113j\u0101 telts var iztur\u0113t lietu un v\u0113ju ar \u016bdensnecaurlaid\u012bbas pak\u0101pi 2000 mm.<br \/>\nTelts apak\u0161da\u013ca ir izgatavota no 3000mm \u016bdensiztur\u012bga neilona auduma.<br \/>\nTelts ir apr\u012bkota ar elpojo\u0161u aug\u0161\u0113jo ventil\u0101cijas logu, un 300D Oksfordas auduma materi\u0101ls st\u016bros, lai nov\u0113rstu izstiep\u0161anos un pl\u012bsumu.<br \/>\nPapildu \u0113rt\u012bbai iek\u0161\u0113j\u0101 un \u0101r\u0113j\u0101 telts ir savienota ar regul\u0113jam\u0101m spr\u0101dz\u0113m.<\/p>\n","protected":false},"excerpt":{"rendered":"<p>Naturehike&#8217;s Spire Single\/Double kempinga telts ir viegla, \u016bdensnecaurlaid\u012bga, elpojo\u0161a, viegli uzst\u0101d\u0101ma, daudzpus\u012bga un izgatavota no augstas kvalit\u0101tes materi\u0101liem.<\/p>\n","protected":false},"featured_media":23179,"template":"","meta":[],"product_brand":[167],"product_cat":[1817],"product_tag":[],"class_list":{"0":"post-45593","1":"product","2":"type-product","3":"status-publish","4":"has-post-thumbnail","6":"product_brand-naturehike-lv","7":"product_cat-teltis-un-tenti","8":"pa_ieksejais-materials-b3-poliestera-tikls","9":"pa_izmeriscm-10033","10":"pa_kapacitate-1-cilveks","11":"pa_materials-telts-apaksas-380t-neilons","12":"pa_produkta-tips-pargajienu-teltis","13":"pa_spalva-tumsi-zals","14":"pa_stabi-7001-aluminijs","15":"pa_telts-materials-20d-neilons-parklats-ar-silikonu","16":"pa_telts-materials-pu2000mm","18":"first","19":"instock","20":"taxable","21":"shipping-taxable","22":"purchasable","23":"product-type-simple"},"raw_content":{"name":"Naturehike - Spire 1 telts - 1p","description":"Pla\u0161a un \u0113rta: unik\u0101l\u0101 tipi strukt\u016bra pied\u0101v\u0101 4 kvadr\u0101tmetrus lielu iek\u0161\u0113jo telpu \u0113rtai atp\u016btai.\nTelts kop\u0113jais svars ir tikai 1450 g, ieskaitot piederumus, t\u0101p\u0113c to ir viegli p\u0101rn\u0113s\u0101t.\nVair\u0101kas uzst\u0101d\u012b\u0161anas iesp\u0113jas: \u0101r\u0113jo telti var izmantot atsevi\u0161\u0137i ar p\u0101rg\u0101jienu n\u016bj\u0101m vai apvienot ar iek\u0161\u0113jo telti (trekinga n\u016bjas j\u0101ieg\u0101d\u0101jas papildus).\n20D ar sil\u012bciju p\u0101rkl\u0101t\u0101 neilona \u0101r\u0113j\u0101 telts var iztur\u0113t lietu un v\u0113ju ar \u016bdensnecaurlaid\u012bbas pak\u0101pi 2000 mm.\nTelts apak\u0161da\u013ca ir izgatavota no 3000mm \u016bdensiztur\u012bga neilona auduma.\nTelts ir apr\u012bkota ar elpojo\u0161u aug\u0161\u0113jo ventil\u0101cijas logu, un 300D Oksfordas auduma materi\u0101ls st\u016bros, lai nov\u0113rstu izstiep\u0161anos un pl\u012bsumu.\nPapildu \u0113rt\u012bbai iek\u0161\u0113j\u0101 un \u0101r\u0113j\u0101 telts ir savienota ar regul\u0113jam\u0101m spr\u0101dz\u0113m.","short_description":"Naturehike's Spire Single\/Double kempinga telts ir viegla, \u016bdensnecaurlaid\u012bga, elpojo\u0161a, viegli uzst\u0101d\u0101ma, daudzpus\u012bga un izgatavota no augstas kvalit\u0101tes materi\u0101liem.","status":"publish","sku":"6975641885894","original":45593},"wpml":{"translation_type":1,"has_translations":true,"original":45593,"duplicates":[],"translations":{"lv":45593,"en":68782,"ru":null}},"supplier_id":null,"supplier_sku":"","barcode":null,"atum_controlled":true,"out_stock_date":null,"out_stock_threshold":null,"inheritable":false,"inbound_stock":0,"stock_on_hold":0,"sold_today":0,"sales_last_days":0,"reserved_stock":0,"customer_returns":0,"warehouse_damage":0,"lost_in_post":0,"other_logs":0,"out_stock_days":0,"lost_sales":0,"has_location":false,"update_date":"2025-12-30T14:30:42","atum_locations":[],"atum_stock_status":"instock","restock_status":false,"low_stock_amount":"","sales_update_date":"2025-11-13T13:36:28","calc_backorders":null,"yoast_head":"<!-- This site is optimized with the Yoast SEO plugin v27.3 - https:\/\/yoast.com\/product\/yoast-seo-wordpress\/ -->\n<title>Naturehike - Spire 1 telts - 1p<\/title>\n<meta name=\"description\" content=\"Naturehike&#039;s Spire Single\/Double kempinga telts ir viegla, \u016bdensnecaurlaid\u012bga, elpojo\u0161a, viegli uzst\u0101d\u0101ma, daudzpus\u012bga un izgatavota no augstas kvalit\u0101tes materi\u0101liem.\" \/>\n<meta name=\"robots\" content=\"index, follow, max-snippet:-1, max-image-preview:large, max-video-preview:-1\" \/>\n<link rel=\"canonical\" href=\"https:\/\/gohike.lv\/ru\/produkts\/naturehike-spire-kempinga-telts\/\" \/>\n<meta property=\"og:locale\" content=\"ru_RU\" \/>\n<meta property=\"og:type\" content=\"article\" \/>\n<meta property=\"og:title\" content=\"Naturehike - P\u0101rg\u0101jienu telts\" \/>\n<meta property=\"og:description\" content=\"Naturehike&#039;s Spire Single\/Double kempinga telts ir viegla, \u016bdensnecaurlaid\u012bga, elpojo\u0161a, viegli uzst\u0101d\u0101ma, daudzpus\u012bga un izgatavota no augstas kvalit\u0101tes materi\u0101liem.\" \/>\n<meta property=\"og:url\" content=\"https:\/\/gohike.lv\/ru\/produkts\/naturehike-spire-kempinga-telts\/\" \/>\n<meta property=\"og:site_name\" content=\"GoHike\" \/>\n<meta property=\"article:publisher\" content=\"https:\/\/www.facebook.com\/gohike.shop\/\" \/>\n<meta property=\"article:modified_time\" content=\"2025-12-30T14:24:53+00:00\" \/>\n<meta property=\"og:image\" content=\"https:\/\/gohike.lv\/wp-content\/uploads\/2024\/03\/Spire_1.webp\" \/>\n\t<meta property=\"og:image:width\" content=\"720\" \/>\n\t<meta property=\"og:image:height\" content=\"720\" \/>\n\t<meta property=\"og:image:type\" content=\"image\/webp\" \/>\n<meta name=\"twitter:card\" content=\"summary_large_image\" \/>\n<meta name=\"twitter:title\" content=\"Naturehike - P\u0101rg\u0101jienu telts\" \/>\n<meta name=\"twitter:label1\" content=\"\u041f\u0440\u0438\u043c\u0435\u0440\u043d\u043e\u0435 \u0432\u0440\u0435\u043c\u044f \u0434\u043b\u044f \u0447\u0442\u0435\u043d\u0438\u044f\" \/>\n\t<meta name=\"twitter:data1\" content=\"1 \u043c\u0438\u043d\u0443\u0442\u0430\" \/>\n<script type=\"application\/ld+json\" class=\"yoast-schema-graph\">{\"@context\":\"https:\\\/\\\/schema.org\",\"@graph\":[{\"@type\":[\"WebPage\",\"ItemPage\"],\"@id\":\"https:\\\/\\\/gohike.lv\\\/ru\\\/produkts\\\/naturehike-spire-kempinga-telts\\\/\",\"url\":\"https:\\\/\\\/gohike.lv\\\/ru\\\/produkts\\\/naturehike-spire-kempinga-telts\\\/\",\"name\":\"Naturehike - Spire 1 telts - 1p\",\"isPartOf\":{\"@id\":\"https:\\\/\\\/gohike.lv\\\/ru\\\/#website\"},\"primaryImageOfPage\":{\"@id\":\"https:\\\/\\\/gohike.lv\\\/ru\\\/produkts\\\/naturehike-spire-kempinga-telts\\\/#primaryimage\"},\"image\":{\"@id\":\"https:\\\/\\\/gohike.lv\\\/ru\\\/produkts\\\/naturehike-spire-kempinga-telts\\\/#primaryimage\"},\"thumbnailUrl\":\"https:\\\/\\\/gohike.lv\\\/wp-content\\\/uploads\\\/2024\\\/03\\\/Spire_1.webp\",\"datePublished\":\"2024-04-29T10:58:47+00:00\",\"dateModified\":\"2025-12-30T14:24:53+00:00\",\"description\":\"Naturehike's Spire Single\\\/Double kempinga telts ir viegla, \u016bdensnecaurlaid\u012bga, elpojo\u0161a, viegli uzst\u0101d\u0101ma, daudzpus\u012bga un izgatavota no augstas kvalit\u0101tes materi\u0101liem.\",\"breadcrumb\":{\"@id\":\"https:\\\/\\\/gohike.lv\\\/ru\\\/produkts\\\/naturehike-spire-kempinga-telts\\\/#breadcrumb\"},\"inLanguage\":\"ru-RU\",\"potentialAction\":[{\"@type\":\"ReadAction\",\"target\":[\"https:\\\/\\\/gohike.lv\\\/ru\\\/produkts\\\/naturehike-spire-kempinga-telts\\\/\"]}]},{\"@type\":\"ImageObject\",\"inLanguage\":\"ru-RU\",\"@id\":\"https:\\\/\\\/gohike.lv\\\/ru\\\/produkts\\\/naturehike-spire-kempinga-telts\\\/#primaryimage\",\"url\":\"https:\\\/\\\/gohike.lv\\\/wp-content\\\/uploads\\\/2024\\\/03\\\/Spire_1.webp\",\"contentUrl\":\"https:\\\/\\\/gohike.lv\\\/wp-content\\\/uploads\\\/2024\\\/03\\\/Spire_1.webp\",\"width\":720,\"height\":720},{\"@type\":\"BreadcrumbList\",\"@id\":\"https:\\\/\\\/gohike.lv\\\/ru\\\/produkts\\\/naturehike-spire-kempinga-telts\\\/#breadcrumb\",\"itemListElement\":[{\"@type\":\"ListItem\",\"position\":1,\"name\":\"\u0413\u043b\u0430\u0432\u043d\u0430\u044f\",\"item\":\"https:\\\/\\\/gohike.lv\\\/ru\\\/\"},{\"@type\":\"ListItem\",\"position\":2,\"name\":\"\u041a\u0430\u0442\u0435\u0433\u043e\u0440\u0438\u0438 \u0442\u043e\u0432\u0430\u0440\u043e\u0432\",\"item\":\"https:\\\/\\\/gohike.lv\\\/%d0%ba%d0%b0%d1%82%d0%b5%d0%b3%d0%be%d1%80%d0%b8%d0%b8-%d1%82%d0%be%d0%b2%d0%b0%d1%80%d0%be%d0%b2\\\/\"},{\"@type\":\"ListItem\",\"position\":3,\"name\":\"Naturehike &#8211; Spire 1 telts &#8211; 1p\"}]},{\"@type\":\"WebSite\",\"@id\":\"https:\\\/\\\/gohike.lv\\\/ru\\\/#website\",\"url\":\"https:\\\/\\\/gohike.lv\\\/ru\\\/\",\"name\":\"GoHike\",\"description\":\"\",\"publisher\":{\"@id\":\"https:\\\/\\\/gohike.lv\\\/ru\\\/#organization\"},\"potentialAction\":[{\"@type\":\"SearchAction\",\"target\":{\"@type\":\"EntryPoint\",\"urlTemplate\":\"https:\\\/\\\/gohike.lv\\\/ru\\\/?s={search_term_string}\"},\"query-input\":{\"@type\":\"PropertyValueSpecification\",\"valueRequired\":true,\"valueName\":\"search_term_string\"}}],\"inLanguage\":\"ru-RU\"},{\"@type\":\"Organization\",\"@id\":\"https:\\\/\\\/gohike.lv\\\/ru\\\/#organization\",\"name\":\"GoHike\",\"url\":\"https:\\\/\\\/gohike.lv\\\/ru\\\/\",\"logo\":{\"@type\":\"ImageObject\",\"inLanguage\":\"ru-RU\",\"@id\":\"https:\\\/\\\/gohike.lv\\\/ru\\\/#\\\/schema\\\/logo\\\/image\\\/\",\"url\":\"https:\\\/\\\/gohike.lv\\\/wp-content\\\/uploads\\\/2023\\\/08\\\/Logo_GoHike.webp\",\"contentUrl\":\"https:\\\/\\\/gohike.lv\\\/wp-content\\\/uploads\\\/2023\\\/08\\\/Logo_GoHike.webp\",\"width\":512,\"height\":512,\"caption\":\"GoHike\"},\"image\":{\"@id\":\"https:\\\/\\\/gohike.lv\\\/ru\\\/#\\\/schema\\\/logo\\\/image\\\/\"},\"sameAs\":[\"https:\\\/\\\/www.facebook.com\\\/gohike.shop\\\/\",\"https:\\\/\\\/www.instagram.com\\\/gohike.shop\\\/\"]}]}<\/script>\n<!-- \/ Yoast SEO plugin. -->","yoast_head_json":{"title":"Naturehike - Spire 1 telts - 1p","description":"Naturehike's Spire Single\/Double kempinga telts ir viegla, \u016bdensnecaurlaid\u012bga, elpojo\u0161a, viegli uzst\u0101d\u0101ma, daudzpus\u012bga un izgatavota no augstas kvalit\u0101tes materi\u0101liem.","robots":{"index":"index","follow":"follow","max-snippet":"max-snippet:-1","max-image-preview":"max-image-preview:large","max-video-preview":"max-video-preview:-1"},"canonical":"https:\/\/gohike.lv\/ru\/produkts\/naturehike-spire-kempinga-telts\/","og_locale":"ru_RU","og_type":"article","og_title":"Naturehike - P\u0101rg\u0101jienu telts","og_description":"Naturehike's Spire Single\/Double kempinga telts ir viegla, \u016bdensnecaurlaid\u012bga, elpojo\u0161a, viegli uzst\u0101d\u0101ma, daudzpus\u012bga un izgatavota no augstas kvalit\u0101tes materi\u0101liem.","og_url":"https:\/\/gohike.lv\/ru\/produkts\/naturehike-spire-kempinga-telts\/","og_site_name":"GoHike","article_publisher":"https:\/\/www.facebook.com\/gohike.shop\/","article_modified_time":"2025-12-30T14:24:53+00:00","og_image":[{"width":720,"height":720,"url":"https:\/\/gohike.lv\/wp-content\/uploads\/2024\/03\/Spire_1.webp","type":"image\/webp"}],"twitter_card":"summary_large_image","twitter_title":"Naturehike - P\u0101rg\u0101jienu telts","twitter_misc":{"\u041f\u0440\u0438\u043c\u0435\u0440\u043d\u043e\u0435 \u0432\u0440\u0435\u043c\u044f \u0434\u043b\u044f \u0447\u0442\u0435\u043d\u0438\u044f":"1 \u043c\u0438\u043d\u0443\u0442\u0430"},"schema":{"@context":"https:\/\/schema.org","@graph":[{"@type":["WebPage","ItemPage"],"@id":"https:\/\/gohike.lv\/ru\/produkts\/naturehike-spire-kempinga-telts\/","url":"https:\/\/gohike.lv\/ru\/produkts\/naturehike-spire-kempinga-telts\/","name":"Naturehike - Spire 1 telts - 1p","isPartOf":{"@id":"https:\/\/gohike.lv\/ru\/#website"},"primaryImageOfPage":{"@id":"https:\/\/gohike.lv\/ru\/produkts\/naturehike-spire-kempinga-telts\/#primaryimage"},"image":{"@id":"https:\/\/gohike.lv\/ru\/produkts\/naturehike-spire-kempinga-telts\/#primaryimage"},"thumbnailUrl":"https:\/\/gohike.lv\/wp-content\/uploads\/2024\/03\/Spire_1.webp","datePublished":"2024-04-29T10:58:47+00:00","dateModified":"2025-12-30T14:24:53+00:00","description":"Naturehike's Spire Single\/Double kempinga telts ir viegla, \u016bdensnecaurlaid\u012bga, elpojo\u0161a, viegli uzst\u0101d\u0101ma, daudzpus\u012bga un izgatavota no augstas kvalit\u0101tes materi\u0101liem.","breadcrumb":{"@id":"https:\/\/gohike.lv\/ru\/produkts\/naturehike-spire-kempinga-telts\/#breadcrumb"},"inLanguage":"ru-RU","potentialAction":[{"@type":"ReadAction","target":["https:\/\/gohike.lv\/ru\/produkts\/naturehike-spire-kempinga-telts\/"]}]},{"@type":"ImageObject","inLanguage":"ru-RU","@id":"https:\/\/gohike.lv\/ru\/produkts\/naturehike-spire-kempinga-telts\/#primaryimage","url":"https:\/\/gohike.lv\/wp-content\/uploads\/2024\/03\/Spire_1.webp","contentUrl":"https:\/\/gohike.lv\/wp-content\/uploads\/2024\/03\/Spire_1.webp","width":720,"height":720},{"@type":"BreadcrumbList","@id":"https:\/\/gohike.lv\/ru\/produkts\/naturehike-spire-kempinga-telts\/#breadcrumb","itemListElement":[{"@type":"ListItem","position":1,"name":"\u0413\u043b\u0430\u0432\u043d\u0430\u044f","item":"https:\/\/gohike.lv\/ru\/"},{"@type":"ListItem","position":2,"name":"\u041a\u0430\u0442\u0435\u0433\u043e\u0440\u0438\u0438 \u0442\u043e\u0432\u0430\u0440\u043e\u0432","item":"https:\/\/gohike.lv\/%d0%ba%d0%b0%d1%82%d0%b5%d0%b3%d0%be%d1%80%d0%b8%d0%b8-%d1%82%d0%be%d0%b2%d0%b0%d1%80%d0%be%d0%b2\/"},{"@type":"ListItem","position":3,"name":"Naturehike &#8211; Spire 1 telts &#8211; 1p"}]},{"@type":"WebSite","@id":"https:\/\/gohike.lv\/ru\/#website","url":"https:\/\/gohike.lv\/ru\/","name":"GoHike","description":"","publisher":{"@id":"https:\/\/gohike.lv\/ru\/#organization"},"potentialAction":[{"@type":"SearchAction","target":{"@type":"EntryPoint","urlTemplate":"https:\/\/gohike.lv\/ru\/?s={search_term_string}"},"query-input":{"@type":"PropertyValueSpecification","valueRequired":true,"valueName":"search_term_string"}}],"inLanguage":"ru-RU"},{"@type":"Organization","@id":"https:\/\/gohike.lv\/ru\/#organization","name":"GoHike","url":"https:\/\/gohike.lv\/ru\/","logo":{"@type":"ImageObject","inLanguage":"ru-RU","@id":"https:\/\/gohike.lv\/ru\/#\/schema\/logo\/image\/","url":"https:\/\/gohike.lv\/wp-content\/uploads\/2023\/08\/Logo_GoHike.webp","contentUrl":"https:\/\/gohike.lv\/wp-content\/uploads\/2023\/08\/Logo_GoHike.webp","width":512,"height":512,"caption":"GoHike"},"image":{"@id":"https:\/\/gohike.lv\/ru\/#\/schema\/logo\/image\/"},"sameAs":["https:\/\/www.facebook.com\/gohike.shop\/","https:\/\/www.instagram.com\/gohike.shop\/"]}]}},"jetpack_sharing_enabled":true,"_links":{"self":[{"href":"https:\/\/gohike.lv\/ru\/wp-json\/wp\/v2\/product\/45593","targetHints":{"allow":["GET"]}}],"collection":[{"href":"https:\/\/gohike.lv\/ru\/wp-json\/wp\/v2\/product"}],"about":[{"href":"https:\/\/gohike.lv\/ru\/wp-json\/wp\/v2\/types\/product"}],"version-history":[{"count":1,"href":"https:\/\/gohike.lv\/ru\/wp-json\/wp\/v2\/product\/45593\/revisions"}],"predecessor-version":[{"id":118790,"href":"https:\/\/gohike.lv\/ru\/wp-json\/wp\/v2\/product\/45593\/revisions\/118790"}],"wp:featuredmedia":[{"embeddable":true,"href":"https:\/\/gohike.lv\/ru\/wp-json\/wp\/v2\/media\/23179"}],"wp:attachment":[{"href":"https:\/\/gohike.lv\/ru\/wp-json\/wp\/v2\/media?parent=45593"}],"wp:term":[{"taxonomy":"product_brand","embeddable":true,"href":"https:\/\/gohike.lv\/ru\/wp-json\/wp\/v2\/product_brand?post=45593"},{"taxonomy":"product_cat","embeddable":true,"href":"https:\/\/gohike.lv\/ru\/wp-json\/wp\/v2\/product_cat?post=45593"},{"taxonomy":"product_tag","embeddable":true,"href":"https:\/\/gohike.lv\/ru\/wp-json\/wp\/v2\/product_tag?post=45593"}],"curies":[{"name":"wp","href":"https:\/\/api.w.org\/{rel}","templated":true}]}}