{"id":45589,"date":"2024-04-29T13:58:47","date_gmt":"2024-04-29T10:58:47","guid":{"rendered":"https:\/\/gohike.lv\/produkts\/naturehike-vik-series-kempinga-telts-1p\/"},"modified":"2025-12-30T17:24:53","modified_gmt":"2025-12-30T14:24:53","slug":"naturehike-vik-series-kempinga-telts-1p","status":"publish","type":"product","link":"https:\/\/gohike.lv\/ru\/produkts\/naturehike-vik-series-kempinga-telts-1p\/","title":{"rendered":"Naturehike &#8212; VIK Series telts &#8212; 1p"},"content":{"rendered":"<p>Viegla mugursomas telts, iepakota kompresijas mais\u0101, lai to var\u0113tu \u0113rti p\u0101rn\u0113s\u0101t.<br \/>\nDubultie jumta logi nodro\u0161ina gaisa cirkul\u0101ciju, k\u0101 ar\u012b efekt\u012bvi samazina kondens\u0101ciju telts iek\u0161pus\u0113.<br \/>\nTeltij ir &#171;dubult\u0101 Y&#187; \u0101r\u0113j\u0101 strukt\u016bra, kas iev\u0113rojami samazina nepiecie\u0161amo laiku t\u0101s salik\u0161anai.<br \/>\n\u016adensiztur\u012bgs 2000+: 15D neilona re\u017e\u0123a audums (ar vienpus\u0113ju silikona p\u0101rkl\u0101jumu).<br \/>\nNojume stiprin\u0101jama ar 2 p\u0101rg\u0101jienu n\u016bj\u0101m un v\u0113ja virvi, kas atbalsta durvju aizkaru (n\u016bjas un virve neietilpst komplekt\u0101).<br \/>\n<iframe title=\"Outdoor Gear Review- Naturehike VIK Series 1-2 Person Camping Tent\" width=\"1200\" height=\"675\" src=\"https:\/\/www.youtube.com\/embed\/wFDCWjobZz8?feature=oembed\" frameborder=\"0\" allow=\"accelerometer; autoplay; clipboard-write; encrypted-media; gyroscope; picture-in-picture; web-share\" referrerpolicy=\"strict-origin-when-cross-origin\" allowfullscreen><\/iframe><\/p>\n","protected":false},"excerpt":{"rendered":"<p>Ja mekl\u0113jat \u012bpa\u0161i vieglu telti, kas neaiz\u0146em daudz vietu un ir viegli p\u0101rvietojama, k\u0101 ar\u012b augstas kvalit\u0101tes produktu, tad Naturehike Cloud Up s\u0113rijas teltis ir J\u016bsu lab\u0101k\u0101 izv\u0113le.<\/p>\n","protected":false},"featured_media":23161,"template":"","meta":[],"product_brand":[167],"product_cat":[1817],"product_tag":[],"class_list":{"0":"post-45589","1":"product","2":"type-product","3":"status-publish","4":"has-post-thumbnail","6":"product_brand-naturehike-lv","7":"product_cat-teltis-un-tenti","8":"pa_aksesuari-zemes-smaile-x9-veja-trose-x3-viena-modela","9":"pa_ieksejais-materials-15d-neilona-pleds-silikona-parklajums","10":"pa_ieksejais-materials-pu2000mm","11":"pa_izmeriscm-10035","12":"pa_kapacitate-1-cilveks","13":"pa_materials-telts-apaksas-50d-oksfordas-audums","14":"pa_produkta-tips-pargajienu-teltis","15":"pa_spalva-peleks","16":"pa_stabi-7001-aluminijs","17":"pa_tikla-materials-b3-elpojoss-siets","19":"first","20":"outofstock","21":"taxable","22":"shipping-taxable","23":"purchasable","24":"product-type-simple"},"raw_content":{"name":"Naturehike - VIK Series telts - 1p","description":"Viegla mugursomas telts, iepakota kompresijas mais\u0101, lai to var\u0113tu \u0113rti p\u0101rn\u0113s\u0101t.\nDubultie jumta logi nodro\u0161ina gaisa cirkul\u0101ciju, k\u0101 ar\u012b efekt\u012bvi samazina kondens\u0101ciju telts iek\u0161pus\u0113.\nTeltij ir \"dubult\u0101 Y\" \u0101r\u0113j\u0101 strukt\u016bra, kas iev\u0113rojami samazina nepiecie\u0161amo laiku t\u0101s salik\u0161anai.\n\u016adensiztur\u012bgs 2000+: 15D neilona re\u017e\u0123a audums (ar vienpus\u0113ju silikona p\u0101rkl\u0101jumu).\nNojume stiprin\u0101jama ar 2 p\u0101rg\u0101jienu n\u016bj\u0101m un v\u0113ja virvi, kas atbalsta durvju aizkaru (n\u016bjas un virve neietilpst komplekt\u0101).\nhttps:\/\/youtu.be\/wFDCWjobZz8","short_description":"Ja mekl\u0113jat \u012bpa\u0161i vieglu telti, kas neaiz\u0146em daudz vietu un ir viegli p\u0101rvietojama, k\u0101 ar\u012b augstas kvalit\u0101tes produktu, tad Naturehike Cloud Up s\u0113rijas teltis ir J\u016bsu lab\u0101k\u0101 izv\u0113le.","status":"publish","sku":"6927595733844","original":45589},"wpml":{"translation_type":1,"has_translations":true,"original":45589,"duplicates":[],"translations":{"lv":45589,"en":68784,"ru":null}},"supplier_id":null,"supplier_sku":"","barcode":null,"atum_controlled":true,"out_stock_date":"2025-04-23 13:48:05","out_stock_threshold":null,"inheritable":false,"inbound_stock":0,"stock_on_hold":0,"sold_today":0,"sales_last_days":0,"reserved_stock":0,"customer_returns":0,"warehouse_damage":0,"lost_in_post":0,"other_logs":0,"out_stock_days":204,"lost_sales":0,"has_location":false,"update_date":"2025-12-30T14:30:42","atum_locations":[],"atum_stock_status":"outofstock","restock_status":false,"low_stock_amount":"","sales_update_date":"2025-11-13T14:09:04","calc_backorders":null,"yoast_head":"<!-- This site is optimized with the Yoast SEO plugin v27.3 - https:\/\/yoast.com\/product\/yoast-seo-wordpress\/ -->\n<title>Naturehike - VIK Series telts - 1p<\/title>\n<meta name=\"description\" content=\"Ja mekl\u0113jat \u012bpa\u0161i vieglu telti, kas neaiz\u0146em daudz vietu un ir viegli p\u0101rvietojama, k\u0101 ar\u012b augstas kvalit\u0101tes produktu, tad Naturehike Cloud Up s\u0113rijas teltis ir J\u016bsu lab\u0101k\u0101 izv\u0113le.\" \/>\n<meta name=\"robots\" content=\"index, follow, max-snippet:-1, max-image-preview:large, max-video-preview:-1\" \/>\n<link rel=\"canonical\" href=\"https:\/\/gohike.lv\/ru\/produkts\/naturehike-vik-series-kempinga-telts-1p\/\" \/>\n<meta property=\"og:locale\" content=\"ru_RU\" \/>\n<meta property=\"og:type\" content=\"article\" \/>\n<meta property=\"og:title\" content=\"Naturehike - P\u0101rg\u0101jienu telts\" \/>\n<meta property=\"og:description\" content=\"Ja mekl\u0113jat \u012bpa\u0161i vieglu telti, kas neaiz\u0146em daudz vietu un ir viegli p\u0101rvietojama, k\u0101 ar\u012b augstas kvalit\u0101tes produktu, tad Naturehike Cloud Up s\u0113rijas teltis ir J\u016bsu lab\u0101k\u0101 izv\u0113le.\" \/>\n<meta property=\"og:url\" content=\"https:\/\/gohike.lv\/ru\/produkts\/naturehike-vik-series-kempinga-telts-1p\/\" \/>\n<meta property=\"og:site_name\" content=\"GoHike\" \/>\n<meta property=\"article:publisher\" content=\"https:\/\/www.facebook.com\/gohike.shop\/\" \/>\n<meta property=\"article:modified_time\" content=\"2025-12-30T14:24:53+00:00\" \/>\n<meta property=\"og:image\" content=\"https:\/\/gohike.lv\/wp-content\/uploads\/2024\/03\/VIK_1person.webp\" \/>\n\t<meta property=\"og:image:width\" content=\"800\" \/>\n\t<meta property=\"og:image:height\" content=\"800\" \/>\n\t<meta property=\"og:image:type\" content=\"image\/webp\" \/>\n<meta name=\"twitter:card\" content=\"summary_large_image\" \/>\n<meta name=\"twitter:title\" content=\"Naturehike - P\u0101rg\u0101jienu telts\" \/>\n<meta name=\"twitter:label1\" content=\"\u041f\u0440\u0438\u043c\u0435\u0440\u043d\u043e\u0435 \u0432\u0440\u0435\u043c\u044f \u0434\u043b\u044f \u0447\u0442\u0435\u043d\u0438\u044f\" \/>\n\t<meta name=\"twitter:data1\" content=\"1 \u043c\u0438\u043d\u0443\u0442\u0430\" \/>\n<script type=\"application\/ld+json\" class=\"yoast-schema-graph\">{\"@context\":\"https:\\\/\\\/schema.org\",\"@graph\":[{\"@type\":[\"WebPage\",\"ItemPage\"],\"@id\":\"https:\\\/\\\/gohike.lv\\\/ru\\\/produkts\\\/naturehike-vik-series-kempinga-telts-1p\\\/\",\"url\":\"https:\\\/\\\/gohike.lv\\\/ru\\\/produkts\\\/naturehike-vik-series-kempinga-telts-1p\\\/\",\"name\":\"Naturehike - VIK Series telts - 1p\",\"isPartOf\":{\"@id\":\"https:\\\/\\\/gohike.lv\\\/ru\\\/#website\"},\"primaryImageOfPage\":{\"@id\":\"https:\\\/\\\/gohike.lv\\\/ru\\\/produkts\\\/naturehike-vik-series-kempinga-telts-1p\\\/#primaryimage\"},\"image\":{\"@id\":\"https:\\\/\\\/gohike.lv\\\/ru\\\/produkts\\\/naturehike-vik-series-kempinga-telts-1p\\\/#primaryimage\"},\"thumbnailUrl\":\"https:\\\/\\\/gohike.lv\\\/wp-content\\\/uploads\\\/2024\\\/03\\\/VIK_1person.webp\",\"datePublished\":\"2024-04-29T10:58:47+00:00\",\"dateModified\":\"2025-12-30T14:24:53+00:00\",\"description\":\"Ja mekl\u0113jat \u012bpa\u0161i vieglu telti, kas neaiz\u0146em daudz vietu un ir viegli p\u0101rvietojama, k\u0101 ar\u012b augstas kvalit\u0101tes produktu, tad Naturehike Cloud Up s\u0113rijas teltis ir J\u016bsu lab\u0101k\u0101 izv\u0113le.\",\"breadcrumb\":{\"@id\":\"https:\\\/\\\/gohike.lv\\\/ru\\\/produkts\\\/naturehike-vik-series-kempinga-telts-1p\\\/#breadcrumb\"},\"inLanguage\":\"ru-RU\",\"potentialAction\":[{\"@type\":\"ReadAction\",\"target\":[\"https:\\\/\\\/gohike.lv\\\/ru\\\/produkts\\\/naturehike-vik-series-kempinga-telts-1p\\\/\"]}]},{\"@type\":\"ImageObject\",\"inLanguage\":\"ru-RU\",\"@id\":\"https:\\\/\\\/gohike.lv\\\/ru\\\/produkts\\\/naturehike-vik-series-kempinga-telts-1p\\\/#primaryimage\",\"url\":\"https:\\\/\\\/gohike.lv\\\/wp-content\\\/uploads\\\/2024\\\/03\\\/VIK_1person.webp\",\"contentUrl\":\"https:\\\/\\\/gohike.lv\\\/wp-content\\\/uploads\\\/2024\\\/03\\\/VIK_1person.webp\",\"width\":800,\"height\":800},{\"@type\":\"BreadcrumbList\",\"@id\":\"https:\\\/\\\/gohike.lv\\\/ru\\\/produkts\\\/naturehike-vik-series-kempinga-telts-1p\\\/#breadcrumb\",\"itemListElement\":[{\"@type\":\"ListItem\",\"position\":1,\"name\":\"\u0413\u043b\u0430\u0432\u043d\u0430\u044f\",\"item\":\"https:\\\/\\\/gohike.lv\\\/ru\\\/\"},{\"@type\":\"ListItem\",\"position\":2,\"name\":\"\u041a\u0430\u0442\u0435\u0433\u043e\u0440\u0438\u0438 \u0442\u043e\u0432\u0430\u0440\u043e\u0432\",\"item\":\"https:\\\/\\\/gohike.lv\\\/%d0%ba%d0%b0%d1%82%d0%b5%d0%b3%d0%be%d1%80%d0%b8%d0%b8-%d1%82%d0%be%d0%b2%d0%b0%d1%80%d0%be%d0%b2\\\/\"},{\"@type\":\"ListItem\",\"position\":3,\"name\":\"Naturehike &#8211; VIK Series telts &#8211; 1p\"}]},{\"@type\":\"WebSite\",\"@id\":\"https:\\\/\\\/gohike.lv\\\/ru\\\/#website\",\"url\":\"https:\\\/\\\/gohike.lv\\\/ru\\\/\",\"name\":\"GoHike\",\"description\":\"\",\"publisher\":{\"@id\":\"https:\\\/\\\/gohike.lv\\\/ru\\\/#organization\"},\"potentialAction\":[{\"@type\":\"SearchAction\",\"target\":{\"@type\":\"EntryPoint\",\"urlTemplate\":\"https:\\\/\\\/gohike.lv\\\/ru\\\/?s={search_term_string}\"},\"query-input\":{\"@type\":\"PropertyValueSpecification\",\"valueRequired\":true,\"valueName\":\"search_term_string\"}}],\"inLanguage\":\"ru-RU\"},{\"@type\":\"Organization\",\"@id\":\"https:\\\/\\\/gohike.lv\\\/ru\\\/#organization\",\"name\":\"GoHike\",\"url\":\"https:\\\/\\\/gohike.lv\\\/ru\\\/\",\"logo\":{\"@type\":\"ImageObject\",\"inLanguage\":\"ru-RU\",\"@id\":\"https:\\\/\\\/gohike.lv\\\/ru\\\/#\\\/schema\\\/logo\\\/image\\\/\",\"url\":\"https:\\\/\\\/gohike.lv\\\/wp-content\\\/uploads\\\/2023\\\/08\\\/Logo_GoHike.webp\",\"contentUrl\":\"https:\\\/\\\/gohike.lv\\\/wp-content\\\/uploads\\\/2023\\\/08\\\/Logo_GoHike.webp\",\"width\":512,\"height\":512,\"caption\":\"GoHike\"},\"image\":{\"@id\":\"https:\\\/\\\/gohike.lv\\\/ru\\\/#\\\/schema\\\/logo\\\/image\\\/\"},\"sameAs\":[\"https:\\\/\\\/www.facebook.com\\\/gohike.shop\\\/\",\"https:\\\/\\\/www.instagram.com\\\/gohike.shop\\\/\"]}]}<\/script>\n<!-- \/ Yoast SEO plugin. -->","yoast_head_json":{"title":"Naturehike - VIK Series telts - 1p","description":"Ja mekl\u0113jat \u012bpa\u0161i vieglu telti, kas neaiz\u0146em daudz vietu un ir viegli p\u0101rvietojama, k\u0101 ar\u012b augstas kvalit\u0101tes produktu, tad Naturehike Cloud Up s\u0113rijas teltis ir J\u016bsu lab\u0101k\u0101 izv\u0113le.","robots":{"index":"index","follow":"follow","max-snippet":"max-snippet:-1","max-image-preview":"max-image-preview:large","max-video-preview":"max-video-preview:-1"},"canonical":"https:\/\/gohike.lv\/ru\/produkts\/naturehike-vik-series-kempinga-telts-1p\/","og_locale":"ru_RU","og_type":"article","og_title":"Naturehike - P\u0101rg\u0101jienu telts","og_description":"Ja mekl\u0113jat \u012bpa\u0161i vieglu telti, kas neaiz\u0146em daudz vietu un ir viegli p\u0101rvietojama, k\u0101 ar\u012b augstas kvalit\u0101tes produktu, tad Naturehike Cloud Up s\u0113rijas teltis ir J\u016bsu lab\u0101k\u0101 izv\u0113le.","og_url":"https:\/\/gohike.lv\/ru\/produkts\/naturehike-vik-series-kempinga-telts-1p\/","og_site_name":"GoHike","article_publisher":"https:\/\/www.facebook.com\/gohike.shop\/","article_modified_time":"2025-12-30T14:24:53+00:00","og_image":[{"width":800,"height":800,"url":"https:\/\/gohike.lv\/wp-content\/uploads\/2024\/03\/VIK_1person.webp","type":"image\/webp"}],"twitter_card":"summary_large_image","twitter_title":"Naturehike - P\u0101rg\u0101jienu telts","twitter_misc":{"\u041f\u0440\u0438\u043c\u0435\u0440\u043d\u043e\u0435 \u0432\u0440\u0435\u043c\u044f \u0434\u043b\u044f \u0447\u0442\u0435\u043d\u0438\u044f":"1 \u043c\u0438\u043d\u0443\u0442\u0430"},"schema":{"@context":"https:\/\/schema.org","@graph":[{"@type":["WebPage","ItemPage"],"@id":"https:\/\/gohike.lv\/ru\/produkts\/naturehike-vik-series-kempinga-telts-1p\/","url":"https:\/\/gohike.lv\/ru\/produkts\/naturehike-vik-series-kempinga-telts-1p\/","name":"Naturehike - VIK Series telts - 1p","isPartOf":{"@id":"https:\/\/gohike.lv\/ru\/#website"},"primaryImageOfPage":{"@id":"https:\/\/gohike.lv\/ru\/produkts\/naturehike-vik-series-kempinga-telts-1p\/#primaryimage"},"image":{"@id":"https:\/\/gohike.lv\/ru\/produkts\/naturehike-vik-series-kempinga-telts-1p\/#primaryimage"},"thumbnailUrl":"https:\/\/gohike.lv\/wp-content\/uploads\/2024\/03\/VIK_1person.webp","datePublished":"2024-04-29T10:58:47+00:00","dateModified":"2025-12-30T14:24:53+00:00","description":"Ja mekl\u0113jat \u012bpa\u0161i vieglu telti, kas neaiz\u0146em daudz vietu un ir viegli p\u0101rvietojama, k\u0101 ar\u012b augstas kvalit\u0101tes produktu, tad Naturehike Cloud Up s\u0113rijas teltis ir J\u016bsu lab\u0101k\u0101 izv\u0113le.","breadcrumb":{"@id":"https:\/\/gohike.lv\/ru\/produkts\/naturehike-vik-series-kempinga-telts-1p\/#breadcrumb"},"inLanguage":"ru-RU","potentialAction":[{"@type":"ReadAction","target":["https:\/\/gohike.lv\/ru\/produkts\/naturehike-vik-series-kempinga-telts-1p\/"]}]},{"@type":"ImageObject","inLanguage":"ru-RU","@id":"https:\/\/gohike.lv\/ru\/produkts\/naturehike-vik-series-kempinga-telts-1p\/#primaryimage","url":"https:\/\/gohike.lv\/wp-content\/uploads\/2024\/03\/VIK_1person.webp","contentUrl":"https:\/\/gohike.lv\/wp-content\/uploads\/2024\/03\/VIK_1person.webp","width":800,"height":800},{"@type":"BreadcrumbList","@id":"https:\/\/gohike.lv\/ru\/produkts\/naturehike-vik-series-kempinga-telts-1p\/#breadcrumb","itemListElement":[{"@type":"ListItem","position":1,"name":"\u0413\u043b\u0430\u0432\u043d\u0430\u044f","item":"https:\/\/gohike.lv\/ru\/"},{"@type":"ListItem","position":2,"name":"\u041a\u0430\u0442\u0435\u0433\u043e\u0440\u0438\u0438 \u0442\u043e\u0432\u0430\u0440\u043e\u0432","item":"https:\/\/gohike.lv\/%d0%ba%d0%b0%d1%82%d0%b5%d0%b3%d0%be%d1%80%d0%b8%d0%b8-%d1%82%d0%be%d0%b2%d0%b0%d1%80%d0%be%d0%b2\/"},{"@type":"ListItem","position":3,"name":"Naturehike &#8211; VIK Series telts &#8211; 1p"}]},{"@type":"WebSite","@id":"https:\/\/gohike.lv\/ru\/#website","url":"https:\/\/gohike.lv\/ru\/","name":"GoHike","description":"","publisher":{"@id":"https:\/\/gohike.lv\/ru\/#organization"},"potentialAction":[{"@type":"SearchAction","target":{"@type":"EntryPoint","urlTemplate":"https:\/\/gohike.lv\/ru\/?s={search_term_string}"},"query-input":{"@type":"PropertyValueSpecification","valueRequired":true,"valueName":"search_term_string"}}],"inLanguage":"ru-RU"},{"@type":"Organization","@id":"https:\/\/gohike.lv\/ru\/#organization","name":"GoHike","url":"https:\/\/gohike.lv\/ru\/","logo":{"@type":"ImageObject","inLanguage":"ru-RU","@id":"https:\/\/gohike.lv\/ru\/#\/schema\/logo\/image\/","url":"https:\/\/gohike.lv\/wp-content\/uploads\/2023\/08\/Logo_GoHike.webp","contentUrl":"https:\/\/gohike.lv\/wp-content\/uploads\/2023\/08\/Logo_GoHike.webp","width":512,"height":512,"caption":"GoHike"},"image":{"@id":"https:\/\/gohike.lv\/ru\/#\/schema\/logo\/image\/"},"sameAs":["https:\/\/www.facebook.com\/gohike.shop\/","https:\/\/www.instagram.com\/gohike.shop\/"]}]}},"jetpack_sharing_enabled":true,"_links":{"self":[{"href":"https:\/\/gohike.lv\/ru\/wp-json\/wp\/v2\/product\/45589","targetHints":{"allow":["GET"]}}],"collection":[{"href":"https:\/\/gohike.lv\/ru\/wp-json\/wp\/v2\/product"}],"about":[{"href":"https:\/\/gohike.lv\/ru\/wp-json\/wp\/v2\/types\/product"}],"version-history":[{"count":1,"href":"https:\/\/gohike.lv\/ru\/wp-json\/wp\/v2\/product\/45589\/revisions"}],"predecessor-version":[{"id":118793,"href":"https:\/\/gohike.lv\/ru\/wp-json\/wp\/v2\/product\/45589\/revisions\/118793"}],"wp:featuredmedia":[{"embeddable":true,"href":"https:\/\/gohike.lv\/ru\/wp-json\/wp\/v2\/media\/23161"}],"wp:attachment":[{"href":"https:\/\/gohike.lv\/ru\/wp-json\/wp\/v2\/media?parent=45589"}],"wp:term":[{"taxonomy":"product_brand","embeddable":true,"href":"https:\/\/gohike.lv\/ru\/wp-json\/wp\/v2\/product_brand?post=45589"},{"taxonomy":"product_cat","embeddable":true,"href":"https:\/\/gohike.lv\/ru\/wp-json\/wp\/v2\/product_cat?post=45589"},{"taxonomy":"product_tag","embeddable":true,"href":"https:\/\/gohike.lv\/ru\/wp-json\/wp\/v2\/product_tag?post=45589"}],"curies":[{"name":"wp","href":"https:\/\/api.w.org\/{rel}","templated":true}]}}