{"id":45150,"date":"2024-04-25T21:28:51","date_gmt":"2024-04-25T18:28:51","guid":{"rendered":"https:\/\/gohike.lv\/produkts\/3f-ul-gear-celojumu-soma-210d-oxford-tote-camping-35-73l\/"},"modified":"2026-01-01T07:12:11","modified_gmt":"2026-01-01T04:12:11","slug":"3f-ul-gear-celojumu-soma-210d-oxford-tote-camping-35-73l","status":"publish","type":"product","link":"https:\/\/gohike.lv\/ru\/produkts\/3f-ul-gear-celojumu-soma-210d-oxford-tote-camping-35-73l\/","title":{"rendered":"3F UL GEAR &#8212; Ce\u013cojumu soma 210D Oxford Tote Camping 35-73L"},"content":{"rendered":"<p>Viegla, ietilp\u012bga un \u013coti iztur\u012bga.<\/p>\n","protected":false},"excerpt":{"rendered":"<p>Daudzfunkcion\u0101la soma piem\u0113rota kempingiem, ce\u013cojumiem un ikdienas lieto\u0161anai.<\/p>\n","protected":false},"featured_media":24471,"template":"","meta":[],"product_brand":[209],"product_cat":[4345],"product_tag":[],"class_list":{"0":"post-45150","1":"product","2":"type-product","3":"status-publish","4":"has-post-thumbnail","6":"product_brand-3f-ul-gear-lv","7":"product_cat-aukstumkastes-un-somas","8":"pa_izmeriscm-10207","9":"pa_izmeriscm-10208","10":"pa_izmeriscm-10209","11":"pa_malas-augstums-15d-nylon","12":"pa_materiali-210d-oksfordas-audums","13":"pa_produkta-izmers-35l","14":"pa_produkta-izmers-50l","15":"pa_produkta-izmers-73l","16":"pa_produkta-tips-somas-celosanai","17":"pa_spalva-balts","18":"pa_spalva-haki","19":"pa_tilpums-35l","20":"pa_tilpums-50l","21":"pa_tilpums-73l","23":"first","24":"instock","25":"taxable","26":"shipping-taxable","27":"purchasable","28":"product-type-variable"},"raw_content":{"name":"3F UL GEAR - Ce\u013cojumu soma 210D Oxford Tote Camping 35-73L","description":"Viegla, ietilp\u012bga un \u013coti iztur\u012bga.","short_description":"Daudzfunkcion\u0101la soma piem\u0113rota kempingiem, ce\u013cojumiem un ikdienas lieto\u0161anai.","status":"publish","sku":"3F000005","original":45150},"wpml":{"translation_type":1,"has_translations":true,"original":45150,"duplicates":[],"translations":{"lv":45150,"en":68761,"ru":null}},"supplier_id":null,"supplier_sku":"","barcode":null,"atum_controlled":true,"out_stock_date":null,"out_stock_threshold":null,"inheritable":true,"inbound_stock":0,"stock_on_hold":0,"sold_today":0,"sales_last_days":0,"reserved_stock":0,"customer_returns":0,"warehouse_damage":0,"lost_in_post":0,"other_logs":0,"out_stock_days":0,"lost_sales":0,"has_location":false,"update_date":"2025-12-30T14:13:31","atum_locations":[],"atum_stock_status":"instock","restock_status":false,"low_stock_amount":"","sales_update_date":"2025-11-13T13:36:28","calc_backorders":null,"yoast_head":"<!-- This site is optimized with the Yoast SEO plugin v27.3 - https:\/\/yoast.com\/product\/yoast-seo-wordpress\/ -->\n<title>3F UL GEAR - Ce\u013cojumu soma 210D Oxford Tote Camping 35-73L<\/title>\n<meta name=\"description\" content=\"Daudzfunkcion\u0101la soma piem\u0113rota kempingiem, ce\u013cojumiem un ikdienas lieto\u0161anai.\" \/>\n<meta name=\"robots\" content=\"index, follow, max-snippet:-1, max-image-preview:large, max-video-preview:-1\" \/>\n<link rel=\"canonical\" href=\"https:\/\/gohike.lv\/ru\/produkts\/3f-ul-gear-celojumu-soma-210d-oxford-tote-camping-35-73l\/\" \/>\n<meta property=\"og:locale\" content=\"ru_RU\" \/>\n<meta property=\"og:type\" content=\"article\" \/>\n<meta property=\"og:title\" content=\"3F UL GEAR - - Ce\u013cojumu soma 210D Oxford Tote Camping 35-73L\" \/>\n<meta property=\"og:description\" content=\"Daudzfunkcion\u0101la soma piem\u0113rota kempingiem, ce\u013cojumiem un ikdienas lieto\u0161anai.\" \/>\n<meta property=\"og:url\" content=\"https:\/\/gohike.lv\/ru\/produkts\/3f-ul-gear-celojumu-soma-210d-oxford-tote-camping-35-73l\/\" \/>\n<meta property=\"og:site_name\" content=\"GoHike\" \/>\n<meta property=\"article:publisher\" content=\"https:\/\/www.facebook.com\/gohike.shop\/\" \/>\n<meta property=\"article:modified_time\" content=\"2026-01-01T04:12:11+00:00\" \/>\n<meta property=\"og:image\" content=\"https:\/\/gohike.lv\/wp-content\/uploads\/2024\/03\/travelbag-white-S-3.webp\" \/>\n\t<meta property=\"og:image:width\" content=\"640\" \/>\n\t<meta property=\"og:image:height\" content=\"640\" \/>\n\t<meta property=\"og:image:type\" content=\"image\/webp\" \/>\n<meta name=\"twitter:card\" content=\"summary_large_image\" \/>\n<meta name=\"twitter:title\" content=\"3F UL GEAR - - Ce\u013cojumu soma 210D Oxford Tote Camping 35-73L\" \/>\n<meta name=\"twitter:label1\" content=\"\u041f\u0440\u0438\u043c\u0435\u0440\u043d\u043e\u0435 \u0432\u0440\u0435\u043c\u044f \u0434\u043b\u044f \u0447\u0442\u0435\u043d\u0438\u044f\" \/>\n\t<meta name=\"twitter:data1\" content=\"1 \u043c\u0438\u043d\u0443\u0442\u0430\" \/>\n<script type=\"application\/ld+json\" class=\"yoast-schema-graph\">{\"@context\":\"https:\\\/\\\/schema.org\",\"@graph\":[{\"@type\":[\"WebPage\",\"ItemPage\"],\"@id\":\"https:\\\/\\\/gohike.lv\\\/ru\\\/produkts\\\/3f-ul-gear-celojumu-soma-210d-oxford-tote-camping-35-73l\\\/\",\"url\":\"https:\\\/\\\/gohike.lv\\\/ru\\\/produkts\\\/3f-ul-gear-celojumu-soma-210d-oxford-tote-camping-35-73l\\\/\",\"name\":\"3F UL GEAR - Ce\u013cojumu soma 210D Oxford Tote Camping 35-73L\",\"isPartOf\":{\"@id\":\"https:\\\/\\\/gohike.lv\\\/ru\\\/#website\"},\"primaryImageOfPage\":{\"@id\":\"https:\\\/\\\/gohike.lv\\\/ru\\\/produkts\\\/3f-ul-gear-celojumu-soma-210d-oxford-tote-camping-35-73l\\\/#primaryimage\"},\"image\":{\"@id\":\"https:\\\/\\\/gohike.lv\\\/ru\\\/produkts\\\/3f-ul-gear-celojumu-soma-210d-oxford-tote-camping-35-73l\\\/#primaryimage\"},\"thumbnailUrl\":\"https:\\\/\\\/gohike.lv\\\/wp-content\\\/uploads\\\/2024\\\/03\\\/travelbag-white-S-3.webp\",\"datePublished\":\"2024-04-25T18:28:51+00:00\",\"dateModified\":\"2026-01-01T04:12:11+00:00\",\"description\":\"Daudzfunkcion\u0101la soma piem\u0113rota kempingiem, ce\u013cojumiem un ikdienas lieto\u0161anai.\",\"breadcrumb\":{\"@id\":\"https:\\\/\\\/gohike.lv\\\/ru\\\/produkts\\\/3f-ul-gear-celojumu-soma-210d-oxford-tote-camping-35-73l\\\/#breadcrumb\"},\"inLanguage\":\"ru-RU\",\"potentialAction\":[{\"@type\":\"ReadAction\",\"target\":[\"https:\\\/\\\/gohike.lv\\\/ru\\\/produkts\\\/3f-ul-gear-celojumu-soma-210d-oxford-tote-camping-35-73l\\\/\"]}]},{\"@type\":\"ImageObject\",\"inLanguage\":\"ru-RU\",\"@id\":\"https:\\\/\\\/gohike.lv\\\/ru\\\/produkts\\\/3f-ul-gear-celojumu-soma-210d-oxford-tote-camping-35-73l\\\/#primaryimage\",\"url\":\"https:\\\/\\\/gohike.lv\\\/wp-content\\\/uploads\\\/2024\\\/03\\\/travelbag-white-S-3.webp\",\"contentUrl\":\"https:\\\/\\\/gohike.lv\\\/wp-content\\\/uploads\\\/2024\\\/03\\\/travelbag-white-S-3.webp\",\"width\":640,\"height\":640},{\"@type\":\"BreadcrumbList\",\"@id\":\"https:\\\/\\\/gohike.lv\\\/ru\\\/produkts\\\/3f-ul-gear-celojumu-soma-210d-oxford-tote-camping-35-73l\\\/#breadcrumb\",\"itemListElement\":[{\"@type\":\"ListItem\",\"position\":1,\"name\":\"\u0413\u043b\u0430\u0432\u043d\u0430\u044f\",\"item\":\"https:\\\/\\\/gohike.lv\\\/ru\\\/\"},{\"@type\":\"ListItem\",\"position\":2,\"name\":\"\u041a\u0430\u0442\u0435\u0433\u043e\u0440\u0438\u0438 \u0442\u043e\u0432\u0430\u0440\u043e\u0432\",\"item\":\"https:\\\/\\\/gohike.lv\\\/%d0%ba%d0%b0%d1%82%d0%b5%d0%b3%d0%be%d1%80%d0%b8%d0%b8-%d1%82%d0%be%d0%b2%d0%b0%d1%80%d0%be%d0%b2\\\/\"},{\"@type\":\"ListItem\",\"position\":3,\"name\":\"3F UL GEAR &#8211; Ce\u013cojumu soma 210D Oxford Tote Camping 35-73L\"}]},{\"@type\":\"WebSite\",\"@id\":\"https:\\\/\\\/gohike.lv\\\/ru\\\/#website\",\"url\":\"https:\\\/\\\/gohike.lv\\\/ru\\\/\",\"name\":\"GoHike\",\"description\":\"\",\"publisher\":{\"@id\":\"https:\\\/\\\/gohike.lv\\\/ru\\\/#organization\"},\"potentialAction\":[{\"@type\":\"SearchAction\",\"target\":{\"@type\":\"EntryPoint\",\"urlTemplate\":\"https:\\\/\\\/gohike.lv\\\/ru\\\/?s={search_term_string}\"},\"query-input\":{\"@type\":\"PropertyValueSpecification\",\"valueRequired\":true,\"valueName\":\"search_term_string\"}}],\"inLanguage\":\"ru-RU\"},{\"@type\":\"Organization\",\"@id\":\"https:\\\/\\\/gohike.lv\\\/ru\\\/#organization\",\"name\":\"GoHike\",\"url\":\"https:\\\/\\\/gohike.lv\\\/ru\\\/\",\"logo\":{\"@type\":\"ImageObject\",\"inLanguage\":\"ru-RU\",\"@id\":\"https:\\\/\\\/gohike.lv\\\/ru\\\/#\\\/schema\\\/logo\\\/image\\\/\",\"url\":\"https:\\\/\\\/gohike.lv\\\/wp-content\\\/uploads\\\/2023\\\/08\\\/Logo_GoHike.webp\",\"contentUrl\":\"https:\\\/\\\/gohike.lv\\\/wp-content\\\/uploads\\\/2023\\\/08\\\/Logo_GoHike.webp\",\"width\":512,\"height\":512,\"caption\":\"GoHike\"},\"image\":{\"@id\":\"https:\\\/\\\/gohike.lv\\\/ru\\\/#\\\/schema\\\/logo\\\/image\\\/\"},\"sameAs\":[\"https:\\\/\\\/www.facebook.com\\\/gohike.shop\\\/\",\"https:\\\/\\\/www.instagram.com\\\/gohike.shop\\\/\"]}]}<\/script>\n<!-- \/ Yoast SEO plugin. -->","yoast_head_json":{"title":"3F UL GEAR - Ce\u013cojumu soma 210D Oxford Tote Camping 35-73L","description":"Daudzfunkcion\u0101la soma piem\u0113rota kempingiem, ce\u013cojumiem un ikdienas lieto\u0161anai.","robots":{"index":"index","follow":"follow","max-snippet":"max-snippet:-1","max-image-preview":"max-image-preview:large","max-video-preview":"max-video-preview:-1"},"canonical":"https:\/\/gohike.lv\/ru\/produkts\/3f-ul-gear-celojumu-soma-210d-oxford-tote-camping-35-73l\/","og_locale":"ru_RU","og_type":"article","og_title":"3F UL GEAR - - Ce\u013cojumu soma 210D Oxford Tote Camping 35-73L","og_description":"Daudzfunkcion\u0101la soma piem\u0113rota kempingiem, ce\u013cojumiem un ikdienas lieto\u0161anai.","og_url":"https:\/\/gohike.lv\/ru\/produkts\/3f-ul-gear-celojumu-soma-210d-oxford-tote-camping-35-73l\/","og_site_name":"GoHike","article_publisher":"https:\/\/www.facebook.com\/gohike.shop\/","article_modified_time":"2026-01-01T04:12:11+00:00","og_image":[{"width":640,"height":640,"url":"https:\/\/gohike.lv\/wp-content\/uploads\/2024\/03\/travelbag-white-S-3.webp","type":"image\/webp"}],"twitter_card":"summary_large_image","twitter_title":"3F UL GEAR - - Ce\u013cojumu soma 210D Oxford Tote Camping 35-73L","twitter_misc":{"\u041f\u0440\u0438\u043c\u0435\u0440\u043d\u043e\u0435 \u0432\u0440\u0435\u043c\u044f \u0434\u043b\u044f \u0447\u0442\u0435\u043d\u0438\u044f":"1 \u043c\u0438\u043d\u0443\u0442\u0430"},"schema":{"@context":"https:\/\/schema.org","@graph":[{"@type":["WebPage","ItemPage"],"@id":"https:\/\/gohike.lv\/ru\/produkts\/3f-ul-gear-celojumu-soma-210d-oxford-tote-camping-35-73l\/","url":"https:\/\/gohike.lv\/ru\/produkts\/3f-ul-gear-celojumu-soma-210d-oxford-tote-camping-35-73l\/","name":"3F UL GEAR - Ce\u013cojumu soma 210D Oxford Tote Camping 35-73L","isPartOf":{"@id":"https:\/\/gohike.lv\/ru\/#website"},"primaryImageOfPage":{"@id":"https:\/\/gohike.lv\/ru\/produkts\/3f-ul-gear-celojumu-soma-210d-oxford-tote-camping-35-73l\/#primaryimage"},"image":{"@id":"https:\/\/gohike.lv\/ru\/produkts\/3f-ul-gear-celojumu-soma-210d-oxford-tote-camping-35-73l\/#primaryimage"},"thumbnailUrl":"https:\/\/gohike.lv\/wp-content\/uploads\/2024\/03\/travelbag-white-S-3.webp","datePublished":"2024-04-25T18:28:51+00:00","dateModified":"2026-01-01T04:12:11+00:00","description":"Daudzfunkcion\u0101la soma piem\u0113rota kempingiem, ce\u013cojumiem un ikdienas lieto\u0161anai.","breadcrumb":{"@id":"https:\/\/gohike.lv\/ru\/produkts\/3f-ul-gear-celojumu-soma-210d-oxford-tote-camping-35-73l\/#breadcrumb"},"inLanguage":"ru-RU","potentialAction":[{"@type":"ReadAction","target":["https:\/\/gohike.lv\/ru\/produkts\/3f-ul-gear-celojumu-soma-210d-oxford-tote-camping-35-73l\/"]}]},{"@type":"ImageObject","inLanguage":"ru-RU","@id":"https:\/\/gohike.lv\/ru\/produkts\/3f-ul-gear-celojumu-soma-210d-oxford-tote-camping-35-73l\/#primaryimage","url":"https:\/\/gohike.lv\/wp-content\/uploads\/2024\/03\/travelbag-white-S-3.webp","contentUrl":"https:\/\/gohike.lv\/wp-content\/uploads\/2024\/03\/travelbag-white-S-3.webp","width":640,"height":640},{"@type":"BreadcrumbList","@id":"https:\/\/gohike.lv\/ru\/produkts\/3f-ul-gear-celojumu-soma-210d-oxford-tote-camping-35-73l\/#breadcrumb","itemListElement":[{"@type":"ListItem","position":1,"name":"\u0413\u043b\u0430\u0432\u043d\u0430\u044f","item":"https:\/\/gohike.lv\/ru\/"},{"@type":"ListItem","position":2,"name":"\u041a\u0430\u0442\u0435\u0433\u043e\u0440\u0438\u0438 \u0442\u043e\u0432\u0430\u0440\u043e\u0432","item":"https:\/\/gohike.lv\/%d0%ba%d0%b0%d1%82%d0%b5%d0%b3%d0%be%d1%80%d0%b8%d0%b8-%d1%82%d0%be%d0%b2%d0%b0%d1%80%d0%be%d0%b2\/"},{"@type":"ListItem","position":3,"name":"3F UL GEAR &#8211; Ce\u013cojumu soma 210D Oxford Tote Camping 35-73L"}]},{"@type":"WebSite","@id":"https:\/\/gohike.lv\/ru\/#website","url":"https:\/\/gohike.lv\/ru\/","name":"GoHike","description":"","publisher":{"@id":"https:\/\/gohike.lv\/ru\/#organization"},"potentialAction":[{"@type":"SearchAction","target":{"@type":"EntryPoint","urlTemplate":"https:\/\/gohike.lv\/ru\/?s={search_term_string}"},"query-input":{"@type":"PropertyValueSpecification","valueRequired":true,"valueName":"search_term_string"}}],"inLanguage":"ru-RU"},{"@type":"Organization","@id":"https:\/\/gohike.lv\/ru\/#organization","name":"GoHike","url":"https:\/\/gohike.lv\/ru\/","logo":{"@type":"ImageObject","inLanguage":"ru-RU","@id":"https:\/\/gohike.lv\/ru\/#\/schema\/logo\/image\/","url":"https:\/\/gohike.lv\/wp-content\/uploads\/2023\/08\/Logo_GoHike.webp","contentUrl":"https:\/\/gohike.lv\/wp-content\/uploads\/2023\/08\/Logo_GoHike.webp","width":512,"height":512,"caption":"GoHike"},"image":{"@id":"https:\/\/gohike.lv\/ru\/#\/schema\/logo\/image\/"},"sameAs":["https:\/\/www.facebook.com\/gohike.shop\/","https:\/\/www.instagram.com\/gohike.shop\/"]}]}},"jetpack_sharing_enabled":true,"_links":{"self":[{"href":"https:\/\/gohike.lv\/ru\/wp-json\/wp\/v2\/product\/45150","targetHints":{"allow":["GET"]}}],"collection":[{"href":"https:\/\/gohike.lv\/ru\/wp-json\/wp\/v2\/product"}],"about":[{"href":"https:\/\/gohike.lv\/ru\/wp-json\/wp\/v2\/types\/product"}],"version-history":[{"count":0,"href":"https:\/\/gohike.lv\/ru\/wp-json\/wp\/v2\/product\/45150\/revisions"}],"wp:featuredmedia":[{"embeddable":true,"href":"https:\/\/gohike.lv\/ru\/wp-json\/wp\/v2\/media\/24471"}],"wp:attachment":[{"href":"https:\/\/gohike.lv\/ru\/wp-json\/wp\/v2\/media?parent=45150"}],"wp:term":[{"taxonomy":"product_brand","embeddable":true,"href":"https:\/\/gohike.lv\/ru\/wp-json\/wp\/v2\/product_brand?post=45150"},{"taxonomy":"product_cat","embeddable":true,"href":"https:\/\/gohike.lv\/ru\/wp-json\/wp\/v2\/product_cat?post=45150"},{"taxonomy":"product_tag","embeddable":true,"href":"https:\/\/gohike.lv\/ru\/wp-json\/wp\/v2\/product_tag?post=45150"}],"curies":[{"name":"wp","href":"https:\/\/api.w.org\/{rel}","templated":true}]}}