{"id":45132,"date":"2024-04-25T21:27:37","date_gmt":"2024-04-25T18:27:37","guid":{"rendered":"https:\/\/gohike.lv\/produkts\/3f-ul-gear-udensmaiss-exhaustable-dry-sack-12-36l\/"},"modified":"2025-12-30T17:25:06","modified_gmt":"2025-12-30T14:25:06","slug":"3f-ul-gear-udensmaiss-exhaustable-dry-sack-24-36l","status":"publish","type":"product","link":"https:\/\/gohike.lv\/ru\/produkts\/3f-ul-gear-udensmaiss-exhaustable-dry-sack-24-36l\/","title":{"rendered":"3F UL GEAR &#8212; Kompresijas\/ \u016adensmaiss 24-36L"},"content":{"rendered":"<p>Pateicoties DryBag, biezs gu\u013cammaiss var ietilpt ar\u012b neliel\u0101 som\u0101, kas ir maz\u0101ka par 40 litiem.<br \/>\n\u0160is \u016bdensiztur\u012bgais maiss nodro\u0161ina kompresiju un nov\u0113r\u0161 liela izm\u0113ra gu\u013cammaisu un jaku izple\u0161ano.<br \/>\nPateicoties tam, tos var iepakot maz\u0101ka izm\u0113ra som\u0101 \u0113rt\u0101kai transport\u0113\u0161anai.<br \/>\n100% \u016bdensiztur\u012bga.<\/p>\n","protected":false},"excerpt":{"rendered":"<p><span style=\"font-family: Poppins, Arial, Helvetica, sans-serif; font-size: 14px;\">\u016adensmaiss, kas \u013caus samazin\u0101t d\u016bnu jakas vai gu\u013cammaisa izm\u0113ru.<br \/>\n<\/span><\/p>\n","protected":false},"featured_media":66291,"template":"","meta":[],"product_brand":[15360],"product_cat":[13238],"product_tag":[],"class_list":{"0":"post-45132","1":"product","2":"type-product","3":"status-publish","4":"has-post-thumbnail","6":"product_brand-3f-ul-gear-ru","7":"product_cat-13238","8":"pa_izmeriscm-10151","9":"pa_izmeriscm-10152","10":"pa_izmers-24l","11":"pa_izmers-36l","12":"pa_materiali-15d-neilons","13":"pa_materiali-210t-poliesters","14":"pa_produkta-tips-udensdrosie-maisi","16":"first","17":"instock","18":"taxable","19":"shipping-taxable","20":"purchasable","21":"product-type-variable","22":"has-default-attributes"},"raw_content":{"name":"3F UL GEAR - Kompresijas\/ \u016adensmaiss 24-36L","description":"Pateicoties DryBag, biezs gu\u013cammaiss var ietilpt ar\u012b neliel\u0101 som\u0101, kas ir maz\u0101ka par 40 litiem.\n\u0160is \u016bdensiztur\u012bgais maiss nodro\u0161ina kompresiju un nov\u0113r\u0161 liela izm\u0113ra gu\u013cammaisu un jaku izple\u0161ano.\nPateicoties tam, tos var iepakot maz\u0101ka izm\u0113ra som\u0101 \u0113rt\u0101kai transport\u0113\u0161anai.\n100% \u016bdensiztur\u012bga.","short_description":"<span style=\"font-family: Poppins, Arial, Helvetica, sans-serif; font-size: 14px;\">\u016adensmaiss, kas \u013caus samazin\u0101t d\u016bnu jakas vai gu\u013cammaisa izm\u0113ru.\r\n<\/span>","status":"publish","sku":"3F000003","original":45132},"wpml":{"translation_type":1,"has_translations":true,"original":45132,"duplicates":[],"translations":{"lv":45132,"en":68747,"ru":null}},"supplier_id":null,"supplier_sku":"","barcode":null,"atum_controlled":true,"out_stock_date":"2025-07-03 17:49:54","out_stock_threshold":null,"inheritable":true,"inbound_stock":0,"stock_on_hold":0,"sold_today":0,"sales_last_days":1,"reserved_stock":0,"customer_returns":0,"warehouse_damage":0,"lost_in_post":0,"other_logs":0,"out_stock_days":75,"lost_sales":0,"has_location":false,"update_date":"2025-12-30T14:30:42","atum_locations":[],"atum_stock_status":"instock","restock_status":false,"low_stock_amount":"","sales_update_date":"2025-11-13T13:36:27","calc_backorders":null,"yoast_head":"<!-- This site is optimized with the Yoast SEO plugin v27.3 - https:\/\/yoast.com\/product\/yoast-seo-wordpress\/ -->\n<title>3F UL GEAR - \u016adensmaiss Exhaustable Dry Sack 24-36L<\/title>\n<meta name=\"description\" content=\"\u016adensmaiss, kas \u013caus samazin\u0101t d\u016bnu jakas vai gu\u013cammaisa izm\u0113ru.\" \/>\n<meta name=\"robots\" content=\"index, follow, max-snippet:-1, max-image-preview:large, max-video-preview:-1\" \/>\n<link rel=\"canonical\" href=\"https:\/\/gohike.lv\/ru\/produkts\/3f-ul-gear-udensmaiss-exhaustable-dry-sack-24-36l\/\" \/>\n<meta property=\"og:locale\" content=\"ru_RU\" \/>\n<meta property=\"og:type\" content=\"article\" \/>\n<meta property=\"og:title\" content=\"3F UL GEAR - - \u016adensmaiss Exhaustable Dry Sack 12-36L\" \/>\n<meta property=\"og:description\" content=\"\u016adensmaiss, kas \u013caus samazin\u0101t d\u016bnu jakas vai gu\u013cammaisa izm\u0113ru.\" \/>\n<meta property=\"og:url\" content=\"https:\/\/gohike.lv\/ru\/produkts\/3f-ul-gear-udensmaiss-exhaustable-dry-sack-24-36l\/\" \/>\n<meta property=\"og:site_name\" content=\"GoHike\" \/>\n<meta property=\"article:publisher\" content=\"https:\/\/www.facebook.com\/gohike.shop\/\" \/>\n<meta property=\"article:modified_time\" content=\"2025-12-30T14:25:06+00:00\" \/>\n<meta property=\"og:image\" content=\"https:\/\/gohike.lv\/wp-content\/uploads\/2024\/04\/main-image-2.jpeg\" \/>\n\t<meta property=\"og:image:width\" content=\"800\" \/>\n\t<meta property=\"og:image:height\" content=\"800\" \/>\n\t<meta property=\"og:image:type\" content=\"image\/jpeg\" \/>\n<meta name=\"twitter:card\" content=\"summary_large_image\" \/>\n<meta name=\"twitter:title\" content=\"3F UL GEAR - - \u016adensmaiss Exhaustable Dry Sack 12-36L\" \/>\n<meta name=\"twitter:label1\" content=\"\u041f\u0440\u0438\u043c\u0435\u0440\u043d\u043e\u0435 \u0432\u0440\u0435\u043c\u044f \u0434\u043b\u044f \u0447\u0442\u0435\u043d\u0438\u044f\" \/>\n\t<meta name=\"twitter:data1\" content=\"1 \u043c\u0438\u043d\u0443\u0442\u0430\" \/>\n<script type=\"application\/ld+json\" class=\"yoast-schema-graph\">{\"@context\":\"https:\\\/\\\/schema.org\",\"@graph\":[{\"@type\":[\"WebPage\",\"ItemPage\"],\"@id\":\"https:\\\/\\\/gohike.lv\\\/ru\\\/produkts\\\/3f-ul-gear-udensmaiss-exhaustable-dry-sack-24-36l\\\/\",\"url\":\"https:\\\/\\\/gohike.lv\\\/ru\\\/produkts\\\/3f-ul-gear-udensmaiss-exhaustable-dry-sack-24-36l\\\/\",\"name\":\"3F UL GEAR - \u016adensmaiss Exhaustable Dry Sack 24-36L\",\"isPartOf\":{\"@id\":\"https:\\\/\\\/gohike.lv\\\/ru\\\/#website\"},\"primaryImageOfPage\":{\"@id\":\"https:\\\/\\\/gohike.lv\\\/ru\\\/produkts\\\/3f-ul-gear-udensmaiss-exhaustable-dry-sack-24-36l\\\/#primaryimage\"},\"image\":{\"@id\":\"https:\\\/\\\/gohike.lv\\\/ru\\\/produkts\\\/3f-ul-gear-udensmaiss-exhaustable-dry-sack-24-36l\\\/#primaryimage\"},\"thumbnailUrl\":\"https:\\\/\\\/gohike.lv\\\/wp-content\\\/uploads\\\/2024\\\/04\\\/main-image-2.jpeg\",\"datePublished\":\"2024-04-25T18:27:37+00:00\",\"dateModified\":\"2025-12-30T14:25:06+00:00\",\"description\":\"\u016adensmaiss, kas \u013caus samazin\u0101t d\u016bnu jakas vai gu\u013cammaisa izm\u0113ru.\",\"breadcrumb\":{\"@id\":\"https:\\\/\\\/gohike.lv\\\/ru\\\/produkts\\\/3f-ul-gear-udensmaiss-exhaustable-dry-sack-24-36l\\\/#breadcrumb\"},\"inLanguage\":\"ru-RU\",\"potentialAction\":[{\"@type\":\"ReadAction\",\"target\":[\"https:\\\/\\\/gohike.lv\\\/ru\\\/produkts\\\/3f-ul-gear-udensmaiss-exhaustable-dry-sack-24-36l\\\/\"]}]},{\"@type\":\"ImageObject\",\"inLanguage\":\"ru-RU\",\"@id\":\"https:\\\/\\\/gohike.lv\\\/ru\\\/produkts\\\/3f-ul-gear-udensmaiss-exhaustable-dry-sack-24-36l\\\/#primaryimage\",\"url\":\"https:\\\/\\\/gohike.lv\\\/wp-content\\\/uploads\\\/2024\\\/04\\\/main-image-2.jpeg\",\"contentUrl\":\"https:\\\/\\\/gohike.lv\\\/wp-content\\\/uploads\\\/2024\\\/04\\\/main-image-2.jpeg\",\"width\":800,\"height\":800},{\"@type\":\"BreadcrumbList\",\"@id\":\"https:\\\/\\\/gohike.lv\\\/ru\\\/produkts\\\/3f-ul-gear-udensmaiss-exhaustable-dry-sack-24-36l\\\/#breadcrumb\",\"itemListElement\":[{\"@type\":\"ListItem\",\"position\":1,\"name\":\"\u0413\u043b\u0430\u0432\u043d\u0430\u044f\",\"item\":\"https:\\\/\\\/gohike.lv\\\/ru\\\/\"},{\"@type\":\"ListItem\",\"position\":2,\"name\":\"\u041a\u0430\u0442\u0435\u0433\u043e\u0440\u0438\u0438 \u0442\u043e\u0432\u0430\u0440\u043e\u0432\",\"item\":\"https:\\\/\\\/gohike.lv\\\/%d0%ba%d0%b0%d1%82%d0%b5%d0%b3%d0%be%d1%80%d0%b8%d0%b8-%d1%82%d0%be%d0%b2%d0%b0%d1%80%d0%be%d0%b2\\\/\"},{\"@type\":\"ListItem\",\"position\":3,\"name\":\"3F UL GEAR &#8211; Kompresijas\\\/ \u016adensmaiss 24-36L\"}]},{\"@type\":\"WebSite\",\"@id\":\"https:\\\/\\\/gohike.lv\\\/ru\\\/#website\",\"url\":\"https:\\\/\\\/gohike.lv\\\/ru\\\/\",\"name\":\"GoHike\",\"description\":\"\",\"publisher\":{\"@id\":\"https:\\\/\\\/gohike.lv\\\/ru\\\/#organization\"},\"potentialAction\":[{\"@type\":\"SearchAction\",\"target\":{\"@type\":\"EntryPoint\",\"urlTemplate\":\"https:\\\/\\\/gohike.lv\\\/ru\\\/?s={search_term_string}\"},\"query-input\":{\"@type\":\"PropertyValueSpecification\",\"valueRequired\":true,\"valueName\":\"search_term_string\"}}],\"inLanguage\":\"ru-RU\"},{\"@type\":\"Organization\",\"@id\":\"https:\\\/\\\/gohike.lv\\\/ru\\\/#organization\",\"name\":\"GoHike\",\"url\":\"https:\\\/\\\/gohike.lv\\\/ru\\\/\",\"logo\":{\"@type\":\"ImageObject\",\"inLanguage\":\"ru-RU\",\"@id\":\"https:\\\/\\\/gohike.lv\\\/ru\\\/#\\\/schema\\\/logo\\\/image\\\/\",\"url\":\"https:\\\/\\\/gohike.lv\\\/wp-content\\\/uploads\\\/2023\\\/08\\\/Logo_GoHike.webp\",\"contentUrl\":\"https:\\\/\\\/gohike.lv\\\/wp-content\\\/uploads\\\/2023\\\/08\\\/Logo_GoHike.webp\",\"width\":512,\"height\":512,\"caption\":\"GoHike\"},\"image\":{\"@id\":\"https:\\\/\\\/gohike.lv\\\/ru\\\/#\\\/schema\\\/logo\\\/image\\\/\"},\"sameAs\":[\"https:\\\/\\\/www.facebook.com\\\/gohike.shop\\\/\",\"https:\\\/\\\/www.instagram.com\\\/gohike.shop\\\/\"]}]}<\/script>\n<!-- \/ Yoast SEO plugin. -->","yoast_head_json":{"title":"3F UL GEAR - \u016adensmaiss Exhaustable Dry Sack 24-36L","description":"\u016adensmaiss, kas \u013caus samazin\u0101t d\u016bnu jakas vai gu\u013cammaisa izm\u0113ru.","robots":{"index":"index","follow":"follow","max-snippet":"max-snippet:-1","max-image-preview":"max-image-preview:large","max-video-preview":"max-video-preview:-1"},"canonical":"https:\/\/gohike.lv\/ru\/produkts\/3f-ul-gear-udensmaiss-exhaustable-dry-sack-24-36l\/","og_locale":"ru_RU","og_type":"article","og_title":"3F UL GEAR - - \u016adensmaiss Exhaustable Dry Sack 12-36L","og_description":"\u016adensmaiss, kas \u013caus samazin\u0101t d\u016bnu jakas vai gu\u013cammaisa izm\u0113ru.","og_url":"https:\/\/gohike.lv\/ru\/produkts\/3f-ul-gear-udensmaiss-exhaustable-dry-sack-24-36l\/","og_site_name":"GoHike","article_publisher":"https:\/\/www.facebook.com\/gohike.shop\/","article_modified_time":"2025-12-30T14:25:06+00:00","og_image":[{"width":800,"height":800,"url":"https:\/\/gohike.lv\/wp-content\/uploads\/2024\/04\/main-image-2.jpeg","type":"image\/jpeg"}],"twitter_card":"summary_large_image","twitter_title":"3F UL GEAR - - \u016adensmaiss Exhaustable Dry Sack 12-36L","twitter_misc":{"\u041f\u0440\u0438\u043c\u0435\u0440\u043d\u043e\u0435 \u0432\u0440\u0435\u043c\u044f \u0434\u043b\u044f \u0447\u0442\u0435\u043d\u0438\u044f":"1 \u043c\u0438\u043d\u0443\u0442\u0430"},"schema":{"@context":"https:\/\/schema.org","@graph":[{"@type":["WebPage","ItemPage"],"@id":"https:\/\/gohike.lv\/ru\/produkts\/3f-ul-gear-udensmaiss-exhaustable-dry-sack-24-36l\/","url":"https:\/\/gohike.lv\/ru\/produkts\/3f-ul-gear-udensmaiss-exhaustable-dry-sack-24-36l\/","name":"3F UL GEAR - \u016adensmaiss Exhaustable Dry Sack 24-36L","isPartOf":{"@id":"https:\/\/gohike.lv\/ru\/#website"},"primaryImageOfPage":{"@id":"https:\/\/gohike.lv\/ru\/produkts\/3f-ul-gear-udensmaiss-exhaustable-dry-sack-24-36l\/#primaryimage"},"image":{"@id":"https:\/\/gohike.lv\/ru\/produkts\/3f-ul-gear-udensmaiss-exhaustable-dry-sack-24-36l\/#primaryimage"},"thumbnailUrl":"https:\/\/gohike.lv\/wp-content\/uploads\/2024\/04\/main-image-2.jpeg","datePublished":"2024-04-25T18:27:37+00:00","dateModified":"2025-12-30T14:25:06+00:00","description":"\u016adensmaiss, kas \u013caus samazin\u0101t d\u016bnu jakas vai gu\u013cammaisa izm\u0113ru.","breadcrumb":{"@id":"https:\/\/gohike.lv\/ru\/produkts\/3f-ul-gear-udensmaiss-exhaustable-dry-sack-24-36l\/#breadcrumb"},"inLanguage":"ru-RU","potentialAction":[{"@type":"ReadAction","target":["https:\/\/gohike.lv\/ru\/produkts\/3f-ul-gear-udensmaiss-exhaustable-dry-sack-24-36l\/"]}]},{"@type":"ImageObject","inLanguage":"ru-RU","@id":"https:\/\/gohike.lv\/ru\/produkts\/3f-ul-gear-udensmaiss-exhaustable-dry-sack-24-36l\/#primaryimage","url":"https:\/\/gohike.lv\/wp-content\/uploads\/2024\/04\/main-image-2.jpeg","contentUrl":"https:\/\/gohike.lv\/wp-content\/uploads\/2024\/04\/main-image-2.jpeg","width":800,"height":800},{"@type":"BreadcrumbList","@id":"https:\/\/gohike.lv\/ru\/produkts\/3f-ul-gear-udensmaiss-exhaustable-dry-sack-24-36l\/#breadcrumb","itemListElement":[{"@type":"ListItem","position":1,"name":"\u0413\u043b\u0430\u0432\u043d\u0430\u044f","item":"https:\/\/gohike.lv\/ru\/"},{"@type":"ListItem","position":2,"name":"\u041a\u0430\u0442\u0435\u0433\u043e\u0440\u0438\u0438 \u0442\u043e\u0432\u0430\u0440\u043e\u0432","item":"https:\/\/gohike.lv\/%d0%ba%d0%b0%d1%82%d0%b5%d0%b3%d0%be%d1%80%d0%b8%d0%b8-%d1%82%d0%be%d0%b2%d0%b0%d1%80%d0%be%d0%b2\/"},{"@type":"ListItem","position":3,"name":"3F UL GEAR &#8211; Kompresijas\/ \u016adensmaiss 24-36L"}]},{"@type":"WebSite","@id":"https:\/\/gohike.lv\/ru\/#website","url":"https:\/\/gohike.lv\/ru\/","name":"GoHike","description":"","publisher":{"@id":"https:\/\/gohike.lv\/ru\/#organization"},"potentialAction":[{"@type":"SearchAction","target":{"@type":"EntryPoint","urlTemplate":"https:\/\/gohike.lv\/ru\/?s={search_term_string}"},"query-input":{"@type":"PropertyValueSpecification","valueRequired":true,"valueName":"search_term_string"}}],"inLanguage":"ru-RU"},{"@type":"Organization","@id":"https:\/\/gohike.lv\/ru\/#organization","name":"GoHike","url":"https:\/\/gohike.lv\/ru\/","logo":{"@type":"ImageObject","inLanguage":"ru-RU","@id":"https:\/\/gohike.lv\/ru\/#\/schema\/logo\/image\/","url":"https:\/\/gohike.lv\/wp-content\/uploads\/2023\/08\/Logo_GoHike.webp","contentUrl":"https:\/\/gohike.lv\/wp-content\/uploads\/2023\/08\/Logo_GoHike.webp","width":512,"height":512,"caption":"GoHike"},"image":{"@id":"https:\/\/gohike.lv\/ru\/#\/schema\/logo\/image\/"},"sameAs":["https:\/\/www.facebook.com\/gohike.shop\/","https:\/\/www.instagram.com\/gohike.shop\/"]}]}},"jetpack_sharing_enabled":true,"_links":{"self":[{"href":"https:\/\/gohike.lv\/ru\/wp-json\/wp\/v2\/product\/45132","targetHints":{"allow":["GET"]}}],"collection":[{"href":"https:\/\/gohike.lv\/ru\/wp-json\/wp\/v2\/product"}],"about":[{"href":"https:\/\/gohike.lv\/ru\/wp-json\/wp\/v2\/types\/product"}],"version-history":[{"count":0,"href":"https:\/\/gohike.lv\/ru\/wp-json\/wp\/v2\/product\/45132\/revisions"}],"wp:featuredmedia":[{"embeddable":true,"href":"https:\/\/gohike.lv\/ru\/wp-json\/wp\/v2\/media\/66291"}],"wp:attachment":[{"href":"https:\/\/gohike.lv\/ru\/wp-json\/wp\/v2\/media?parent=45132"}],"wp:term":[{"taxonomy":"product_brand","embeddable":true,"href":"https:\/\/gohike.lv\/ru\/wp-json\/wp\/v2\/product_brand?post=45132"},{"taxonomy":"product_cat","embeddable":true,"href":"https:\/\/gohike.lv\/ru\/wp-json\/wp\/v2\/product_cat?post=45132"},{"taxonomy":"product_tag","embeddable":true,"href":"https:\/\/gohike.lv\/ru\/wp-json\/wp\/v2\/product_tag?post=45132"}],"curies":[{"name":"wp","href":"https:\/\/api.w.org\/{rel}","templated":true}]}}