{"id":45085,"date":"2025-02-08T21:16:11","date_gmt":"2025-02-08T18:16:11","guid":{"rendered":"https:\/\/gohike.lv\/produkts\/3f-ul-gear-zhengtu-2-3-seasons\/"},"modified":"2025-12-30T17:24:25","modified_gmt":"2025-12-30T14:24:25","slug":"3f-ul-gear-zhengtu-2-3-seasons","status":"publish","type":"product","link":"https:\/\/gohike.lv\/ru\/produkts\/3f-ul-gear-zhengtu-2-3-seasons\/","title":{"rendered":"3F UL GEAR &#8212; ZhengTu 2 (3 sezonas) telts"},"content":{"rendered":"<p>Paredz\u0113ta lieto\u0161anai visa gada garum\u0101.<br \/>\nGalven\u0101s telts priek\u0161roc\u012bbas: divi sl\u0101\u0146i, ultravieglums, aizsardz\u012bba no saules, \u016bdensnecaurlaid\u012bba, stabilit\u0101te, iztur\u012bba, lieto\u0161anas \u0113rtums.<br \/>\nProdukts iztur\u0113s da\u017e\u0101dus laikapst\u0101k\u013cus, garant\u0113jot lietot\u0101jiem komfortu.<br \/>\nIeg\u0101d\u0101joties \u0101r\u0113jo vai iek\u0161\u0113jo telti atsevi\u0161\u0137i, citi aksesu\u0101ri nav iek\u013cauti.<\/p>\n","protected":false},"excerpt":{"rendered":"<p>Divviet\u012bga, \u0113rta un viegla telts atp\u016btai pie dabas.<\/p>\n","protected":false},"featured_media":89975,"template":"","meta":[],"product_brand":[209],"product_cat":[1817],"product_tag":[],"class_list":{"0":"post-45085","1":"product","2":"type-product","3":"status-publish","4":"has-post-thumbnail","6":"product_brand-3f-ul-gear-lv","7":"product_cat-teltis-un-tenti","8":"pa_ieksejie-materiali-20d-neilona-siets","9":"pa_izmeriscm-9934","10":"pa_kapacitate-2-cilveki","11":"pa_produkta-tips-pargajienu-teltis","12":"pa_saliktas-preces-izmerscm-9895","13":"pa_telts-materials-15d-neilons","15":"first","16":"instock","17":"taxable","18":"shipping-taxable","19":"purchasable","20":"product-type-simple"},"raw_content":{"name":"3F UL GEAR - ZhengTu 2 (3 sezonas) telts","description":"Paredz\u0113ta lieto\u0161anai visa gada garum\u0101.\nGalven\u0101s telts priek\u0161roc\u012bbas: divi sl\u0101\u0146i, ultravieglums, aizsardz\u012bba no saules, \u016bdensnecaurlaid\u012bba, stabilit\u0101te, iztur\u012bba, lieto\u0161anas \u0113rtums.\nProdukts iztur\u0113s da\u017e\u0101dus laikapst\u0101k\u013cus, garant\u0113jot lietot\u0101jiem komfortu.\nIeg\u0101d\u0101joties \u0101r\u0113jo vai iek\u0161\u0113jo telti atsevi\u0161\u0137i, citi aksesu\u0101ri nav iek\u013cauti.","short_description":"Divviet\u012bga, \u0113rta un viegla telts atp\u016btai pie dabas.","status":"publish","sku":"3F UL GEAR_43","original":45085},"wpml":{"translation_type":1,"has_translations":true,"original":45085,"duplicates":[],"translations":{"lv":45085,"en":66857,"ru":null}},"supplier_id":null,"supplier_sku":"","barcode":null,"atum_controlled":true,"out_stock_date":null,"out_stock_threshold":null,"inheritable":false,"inbound_stock":0,"stock_on_hold":0,"sold_today":0,"sales_last_days":0,"reserved_stock":0,"customer_returns":0,"warehouse_damage":0,"lost_in_post":0,"other_logs":0,"out_stock_days":0,"lost_sales":0,"has_location":false,"update_date":"2025-12-30T14:30:29","atum_locations":[],"atum_stock_status":"instock","restock_status":false,"low_stock_amount":"","sales_update_date":"2025-11-13T13:36:27","calc_backorders":null,"yoast_head":"<!-- This site is optimized with the Yoast SEO plugin v27.3 - https:\/\/yoast.com\/product\/yoast-seo-wordpress\/ -->\n<title>3F UL GEAR - ZhengTu 2 (3 sezonas) telts<\/title>\n<meta name=\"description\" content=\"Divviet\u012bga, \u0113rta un viegla telts atp\u016btai pie dabas. Paredz\u0113ta lieto\u0161anai visa gada garum\u0101.\" \/>\n<meta name=\"robots\" content=\"index, follow, max-snippet:-1, max-image-preview:large, max-video-preview:-1\" \/>\n<link rel=\"canonical\" href=\"https:\/\/gohike.lv\/ru\/produkts\/3f-ul-gear-zhengtu-2-3-seasons\/\" \/>\n<meta property=\"og:locale\" content=\"ru_RU\" \/>\n<meta property=\"og:type\" content=\"article\" \/>\n<meta property=\"og:title\" content=\"3F UL GEAR - P\u0101rg\u0101jienu teltis - ZhengTu 2 (3 Seasons)\" \/>\n<meta property=\"og:description\" content=\"Divviet\u012bga, \u0113rta un viegla telts atp\u016btai pie dabas. Paredz\u0113ta lieto\u0161anai visa gada garum\u0101.\" \/>\n<meta property=\"og:url\" content=\"https:\/\/gohike.lv\/ru\/produkts\/3f-ul-gear-zhengtu-2-3-seasons\/\" \/>\n<meta property=\"og:site_name\" content=\"GoHike\" \/>\n<meta property=\"article:publisher\" content=\"https:\/\/www.facebook.com\/gohike.shop\/\" \/>\n<meta property=\"article:modified_time\" content=\"2025-12-30T14:24:25+00:00\" \/>\n<meta property=\"og:image\" content=\"https:\/\/gohike.lv\/wp-content\/uploads\/2025\/02\/zhengtu.jpg\" \/>\n\t<meta property=\"og:image:width\" content=\"800\" \/>\n\t<meta property=\"og:image:height\" content=\"800\" \/>\n\t<meta property=\"og:image:type\" content=\"image\/jpeg\" \/>\n<meta name=\"twitter:card\" content=\"summary_large_image\" \/>\n<meta name=\"twitter:title\" content=\"3F UL GEAR - P\u0101rg\u0101jienu teltis - ZhengTu 2 (3 Seasons)\" \/>\n<meta name=\"twitter:label1\" content=\"\u041f\u0440\u0438\u043c\u0435\u0440\u043d\u043e\u0435 \u0432\u0440\u0435\u043c\u044f \u0434\u043b\u044f \u0447\u0442\u0435\u043d\u0438\u044f\" \/>\n\t<meta name=\"twitter:data1\" content=\"1 \u043c\u0438\u043d\u0443\u0442\u0430\" \/>\n<script type=\"application\/ld+json\" class=\"yoast-schema-graph\">{\"@context\":\"https:\\\/\\\/schema.org\",\"@graph\":[{\"@type\":[\"WebPage\",\"ItemPage\"],\"@id\":\"https:\\\/\\\/gohike.lv\\\/ru\\\/produkts\\\/3f-ul-gear-zhengtu-2-3-seasons\\\/\",\"url\":\"https:\\\/\\\/gohike.lv\\\/ru\\\/produkts\\\/3f-ul-gear-zhengtu-2-3-seasons\\\/\",\"name\":\"3F UL GEAR - ZhengTu 2 (3 sezonas) telts\",\"isPartOf\":{\"@id\":\"https:\\\/\\\/gohike.lv\\\/ru\\\/#website\"},\"primaryImageOfPage\":{\"@id\":\"https:\\\/\\\/gohike.lv\\\/ru\\\/produkts\\\/3f-ul-gear-zhengtu-2-3-seasons\\\/#primaryimage\"},\"image\":{\"@id\":\"https:\\\/\\\/gohike.lv\\\/ru\\\/produkts\\\/3f-ul-gear-zhengtu-2-3-seasons\\\/#primaryimage\"},\"thumbnailUrl\":\"https:\\\/\\\/gohike.lv\\\/wp-content\\\/uploads\\\/2025\\\/02\\\/zhengtu.jpg\",\"datePublished\":\"2025-02-08T18:16:11+00:00\",\"dateModified\":\"2025-12-30T14:24:25+00:00\",\"description\":\"Divviet\u012bga, \u0113rta un viegla telts atp\u016btai pie dabas. Paredz\u0113ta lieto\u0161anai visa gada garum\u0101.\",\"breadcrumb\":{\"@id\":\"https:\\\/\\\/gohike.lv\\\/ru\\\/produkts\\\/3f-ul-gear-zhengtu-2-3-seasons\\\/#breadcrumb\"},\"inLanguage\":\"ru-RU\",\"potentialAction\":[{\"@type\":\"ReadAction\",\"target\":[\"https:\\\/\\\/gohike.lv\\\/ru\\\/produkts\\\/3f-ul-gear-zhengtu-2-3-seasons\\\/\"]}]},{\"@type\":\"ImageObject\",\"inLanguage\":\"ru-RU\",\"@id\":\"https:\\\/\\\/gohike.lv\\\/ru\\\/produkts\\\/3f-ul-gear-zhengtu-2-3-seasons\\\/#primaryimage\",\"url\":\"https:\\\/\\\/gohike.lv\\\/wp-content\\\/uploads\\\/2025\\\/02\\\/zhengtu.jpg\",\"contentUrl\":\"https:\\\/\\\/gohike.lv\\\/wp-content\\\/uploads\\\/2025\\\/02\\\/zhengtu.jpg\",\"width\":800,\"height\":800},{\"@type\":\"BreadcrumbList\",\"@id\":\"https:\\\/\\\/gohike.lv\\\/ru\\\/produkts\\\/3f-ul-gear-zhengtu-2-3-seasons\\\/#breadcrumb\",\"itemListElement\":[{\"@type\":\"ListItem\",\"position\":1,\"name\":\"\u0413\u043b\u0430\u0432\u043d\u0430\u044f\",\"item\":\"https:\\\/\\\/gohike.lv\\\/ru\\\/\"},{\"@type\":\"ListItem\",\"position\":2,\"name\":\"\u041a\u0430\u0442\u0435\u0433\u043e\u0440\u0438\u0438 \u0442\u043e\u0432\u0430\u0440\u043e\u0432\",\"item\":\"https:\\\/\\\/gohike.lv\\\/%d0%ba%d0%b0%d1%82%d0%b5%d0%b3%d0%be%d1%80%d0%b8%d0%b8-%d1%82%d0%be%d0%b2%d0%b0%d1%80%d0%be%d0%b2\\\/\"},{\"@type\":\"ListItem\",\"position\":3,\"name\":\"3F UL GEAR &#8211; ZhengTu 2 (3 sezonas) telts\"}]},{\"@type\":\"WebSite\",\"@id\":\"https:\\\/\\\/gohike.lv\\\/ru\\\/#website\",\"url\":\"https:\\\/\\\/gohike.lv\\\/ru\\\/\",\"name\":\"GoHike\",\"description\":\"\",\"publisher\":{\"@id\":\"https:\\\/\\\/gohike.lv\\\/ru\\\/#organization\"},\"potentialAction\":[{\"@type\":\"SearchAction\",\"target\":{\"@type\":\"EntryPoint\",\"urlTemplate\":\"https:\\\/\\\/gohike.lv\\\/ru\\\/?s={search_term_string}\"},\"query-input\":{\"@type\":\"PropertyValueSpecification\",\"valueRequired\":true,\"valueName\":\"search_term_string\"}}],\"inLanguage\":\"ru-RU\"},{\"@type\":\"Organization\",\"@id\":\"https:\\\/\\\/gohike.lv\\\/ru\\\/#organization\",\"name\":\"GoHike\",\"url\":\"https:\\\/\\\/gohike.lv\\\/ru\\\/\",\"logo\":{\"@type\":\"ImageObject\",\"inLanguage\":\"ru-RU\",\"@id\":\"https:\\\/\\\/gohike.lv\\\/ru\\\/#\\\/schema\\\/logo\\\/image\\\/\",\"url\":\"https:\\\/\\\/gohike.lv\\\/wp-content\\\/uploads\\\/2023\\\/08\\\/Logo_GoHike.webp\",\"contentUrl\":\"https:\\\/\\\/gohike.lv\\\/wp-content\\\/uploads\\\/2023\\\/08\\\/Logo_GoHike.webp\",\"width\":512,\"height\":512,\"caption\":\"GoHike\"},\"image\":{\"@id\":\"https:\\\/\\\/gohike.lv\\\/ru\\\/#\\\/schema\\\/logo\\\/image\\\/\"},\"sameAs\":[\"https:\\\/\\\/www.facebook.com\\\/gohike.shop\\\/\",\"https:\\\/\\\/www.instagram.com\\\/gohike.shop\\\/\"]}]}<\/script>\n<!-- \/ Yoast SEO plugin. -->","yoast_head_json":{"title":"3F UL GEAR - ZhengTu 2 (3 sezonas) telts","description":"Divviet\u012bga, \u0113rta un viegla telts atp\u016btai pie dabas. Paredz\u0113ta lieto\u0161anai visa gada garum\u0101.","robots":{"index":"index","follow":"follow","max-snippet":"max-snippet:-1","max-image-preview":"max-image-preview:large","max-video-preview":"max-video-preview:-1"},"canonical":"https:\/\/gohike.lv\/ru\/produkts\/3f-ul-gear-zhengtu-2-3-seasons\/","og_locale":"ru_RU","og_type":"article","og_title":"3F UL GEAR - P\u0101rg\u0101jienu teltis - ZhengTu 2 (3 Seasons)","og_description":"Divviet\u012bga, \u0113rta un viegla telts atp\u016btai pie dabas. Paredz\u0113ta lieto\u0161anai visa gada garum\u0101.","og_url":"https:\/\/gohike.lv\/ru\/produkts\/3f-ul-gear-zhengtu-2-3-seasons\/","og_site_name":"GoHike","article_publisher":"https:\/\/www.facebook.com\/gohike.shop\/","article_modified_time":"2025-12-30T14:24:25+00:00","og_image":[{"width":800,"height":800,"url":"https:\/\/gohike.lv\/wp-content\/uploads\/2025\/02\/zhengtu.jpg","type":"image\/jpeg"}],"twitter_card":"summary_large_image","twitter_title":"3F UL GEAR - P\u0101rg\u0101jienu teltis - ZhengTu 2 (3 Seasons)","twitter_misc":{"\u041f\u0440\u0438\u043c\u0435\u0440\u043d\u043e\u0435 \u0432\u0440\u0435\u043c\u044f \u0434\u043b\u044f \u0447\u0442\u0435\u043d\u0438\u044f":"1 \u043c\u0438\u043d\u0443\u0442\u0430"},"schema":{"@context":"https:\/\/schema.org","@graph":[{"@type":["WebPage","ItemPage"],"@id":"https:\/\/gohike.lv\/ru\/produkts\/3f-ul-gear-zhengtu-2-3-seasons\/","url":"https:\/\/gohike.lv\/ru\/produkts\/3f-ul-gear-zhengtu-2-3-seasons\/","name":"3F UL GEAR - ZhengTu 2 (3 sezonas) telts","isPartOf":{"@id":"https:\/\/gohike.lv\/ru\/#website"},"primaryImageOfPage":{"@id":"https:\/\/gohike.lv\/ru\/produkts\/3f-ul-gear-zhengtu-2-3-seasons\/#primaryimage"},"image":{"@id":"https:\/\/gohike.lv\/ru\/produkts\/3f-ul-gear-zhengtu-2-3-seasons\/#primaryimage"},"thumbnailUrl":"https:\/\/gohike.lv\/wp-content\/uploads\/2025\/02\/zhengtu.jpg","datePublished":"2025-02-08T18:16:11+00:00","dateModified":"2025-12-30T14:24:25+00:00","description":"Divviet\u012bga, \u0113rta un viegla telts atp\u016btai pie dabas. Paredz\u0113ta lieto\u0161anai visa gada garum\u0101.","breadcrumb":{"@id":"https:\/\/gohike.lv\/ru\/produkts\/3f-ul-gear-zhengtu-2-3-seasons\/#breadcrumb"},"inLanguage":"ru-RU","potentialAction":[{"@type":"ReadAction","target":["https:\/\/gohike.lv\/ru\/produkts\/3f-ul-gear-zhengtu-2-3-seasons\/"]}]},{"@type":"ImageObject","inLanguage":"ru-RU","@id":"https:\/\/gohike.lv\/ru\/produkts\/3f-ul-gear-zhengtu-2-3-seasons\/#primaryimage","url":"https:\/\/gohike.lv\/wp-content\/uploads\/2025\/02\/zhengtu.jpg","contentUrl":"https:\/\/gohike.lv\/wp-content\/uploads\/2025\/02\/zhengtu.jpg","width":800,"height":800},{"@type":"BreadcrumbList","@id":"https:\/\/gohike.lv\/ru\/produkts\/3f-ul-gear-zhengtu-2-3-seasons\/#breadcrumb","itemListElement":[{"@type":"ListItem","position":1,"name":"\u0413\u043b\u0430\u0432\u043d\u0430\u044f","item":"https:\/\/gohike.lv\/ru\/"},{"@type":"ListItem","position":2,"name":"\u041a\u0430\u0442\u0435\u0433\u043e\u0440\u0438\u0438 \u0442\u043e\u0432\u0430\u0440\u043e\u0432","item":"https:\/\/gohike.lv\/%d0%ba%d0%b0%d1%82%d0%b5%d0%b3%d0%be%d1%80%d0%b8%d0%b8-%d1%82%d0%be%d0%b2%d0%b0%d1%80%d0%be%d0%b2\/"},{"@type":"ListItem","position":3,"name":"3F UL GEAR &#8211; ZhengTu 2 (3 sezonas) telts"}]},{"@type":"WebSite","@id":"https:\/\/gohike.lv\/ru\/#website","url":"https:\/\/gohike.lv\/ru\/","name":"GoHike","description":"","publisher":{"@id":"https:\/\/gohike.lv\/ru\/#organization"},"potentialAction":[{"@type":"SearchAction","target":{"@type":"EntryPoint","urlTemplate":"https:\/\/gohike.lv\/ru\/?s={search_term_string}"},"query-input":{"@type":"PropertyValueSpecification","valueRequired":true,"valueName":"search_term_string"}}],"inLanguage":"ru-RU"},{"@type":"Organization","@id":"https:\/\/gohike.lv\/ru\/#organization","name":"GoHike","url":"https:\/\/gohike.lv\/ru\/","logo":{"@type":"ImageObject","inLanguage":"ru-RU","@id":"https:\/\/gohike.lv\/ru\/#\/schema\/logo\/image\/","url":"https:\/\/gohike.lv\/wp-content\/uploads\/2023\/08\/Logo_GoHike.webp","contentUrl":"https:\/\/gohike.lv\/wp-content\/uploads\/2023\/08\/Logo_GoHike.webp","width":512,"height":512,"caption":"GoHike"},"image":{"@id":"https:\/\/gohike.lv\/ru\/#\/schema\/logo\/image\/"},"sameAs":["https:\/\/www.facebook.com\/gohike.shop\/","https:\/\/www.instagram.com\/gohike.shop\/"]}]}},"jetpack_sharing_enabled":true,"_links":{"self":[{"href":"https:\/\/gohike.lv\/ru\/wp-json\/wp\/v2\/product\/45085","targetHints":{"allow":["GET"]}}],"collection":[{"href":"https:\/\/gohike.lv\/ru\/wp-json\/wp\/v2\/product"}],"about":[{"href":"https:\/\/gohike.lv\/ru\/wp-json\/wp\/v2\/types\/product"}],"version-history":[{"count":1,"href":"https:\/\/gohike.lv\/ru\/wp-json\/wp\/v2\/product\/45085\/revisions"}],"predecessor-version":[{"id":118768,"href":"https:\/\/gohike.lv\/ru\/wp-json\/wp\/v2\/product\/45085\/revisions\/118768"}],"wp:featuredmedia":[{"embeddable":true,"href":"https:\/\/gohike.lv\/ru\/wp-json\/wp\/v2\/media\/89975"}],"wp:attachment":[{"href":"https:\/\/gohike.lv\/ru\/wp-json\/wp\/v2\/media?parent=45085"}],"wp:term":[{"taxonomy":"product_brand","embeddable":true,"href":"https:\/\/gohike.lv\/ru\/wp-json\/wp\/v2\/product_brand?post=45085"},{"taxonomy":"product_cat","embeddable":true,"href":"https:\/\/gohike.lv\/ru\/wp-json\/wp\/v2\/product_cat?post=45085"},{"taxonomy":"product_tag","embeddable":true,"href":"https:\/\/gohike.lv\/ru\/wp-json\/wp\/v2\/product_tag?post=45085"}],"curies":[{"name":"wp","href":"https:\/\/api.w.org\/{rel}","templated":true}]}}