{"id":45081,"date":"2024-04-25T21:16:11","date_gmt":"2024-04-25T18:16:11","guid":{"rendered":"https:\/\/gohike.lv\/produkts\/3f-ul-gear-floating-cloud-2-3-sezonas\/"},"modified":"2025-12-30T17:24:54","modified_gmt":"2025-12-30T14:24:54","slug":"3f-ul-gear-floating-cloud-2-3-sezonas","status":"publish","type":"product","link":"https:\/\/gohike.lv\/ru\/produkts\/3f-ul-gear-floating-cloud-2-3-sezonas\/","title":{"rendered":"3F UL GEAR &#8212; Floating cloud 2 (3 sezonas) telts"},"content":{"rendered":"<p>Daudzfunkcion\u0101la, br\u012bvi st\u0101vo\u0161a, \u012bpa\u0161i viegla teltis, kas ir paredz\u0113ta jebkuram reljefam un jebkuriem laikapst\u0101k\u013ciem.<br \/>\nIr divas durvis, divas priek\u0161telpas ar v\u0113ja atlokiem uz visiem r\u0101v\u0113jsl\u0113dz\u0113jiem.<br \/>\n2 s\u0101nu ventil\u0101cijas logi, lai nodro\u0161in\u0101tu gaisa pl\u016bsmu.<br \/>\nPiln\u012bb\u0101 br\u012bvi st\u0101vo\u0161ai kupola konstrukcijai nav nepiecie\u0161ami stabi.<br \/>\nTelts apak\u0161da\u013ca ir iek\u013cauta telts komplekt\u0101cij\u0101, nav j\u0101p\u0113rk atsevi\u0161\u0137i.<br \/>\nAtstarojo\u0161\u0101s l\u012bnijas un siksnas uz telts st\u016briem padara to viegli paman\u0101mu nakt\u012b.<br \/>\n\u016adensnecaurlaid\u012bbas l\u012bmenis: 5000 mm.<br \/>\nStrukt\u016bra: 2 sl\u0101\u0146u siena.<br \/>\nAuduma svars: 40g (m\u00b2).<br \/>\nR\u0101v\u0113jsl\u0113dz\u0113js un spr\u0101dze: YKK, Duraflex.<br \/>\nAuduma pl\u012bsuma iztur\u012bba: 12-15N.<br \/>\nP\u0101rkl\u0101jums: silikons \u0101rpus\u0113\/PU iek\u0161pus\u0113.<\/p>\n","protected":false},"excerpt":{"rendered":"<p>Daudzfunkcion\u0101la, to ir \u013coti viegli k\u0101 uzst\u0101d\u012bt, t\u0101 iepakot. T\u0101s dizains rada vienk\u0101r\u0161u, tom\u0113r sp\u0113c\u012bgu un iztur\u012bgu strukt\u016bru.<\/p>\n","protected":false},"featured_media":24165,"template":"","meta":[],"product_brand":[209],"product_cat":[1817],"product_tag":[],"class_list":{"0":"post-45081","1":"product","2":"type-product","3":"status-publish","4":"has-post-thumbnail","6":"product_brand-3f-ul-gear-lv","7":"product_cat-teltis-un-tenti","8":"pa_ieksejie-materiali-20d-neilona-tikls-3-sezonas","9":"pa_izmeriscm-9932","10":"pa_kapacitate-2-cilveki","11":"pa_produkta-tips-pargajienu-teltis","12":"pa_saliktas-preces-izmerscm-7727","13":"pa_spalva-peleks","14":"pa_telts-materials-15d-silikons-pu-ripstop-neilons","16":"first","17":"instock","18":"taxable","19":"shipping-taxable","20":"purchasable","21":"product-type-simple"},"raw_content":{"name":"3F UL GEAR - Floating cloud 2 (3 sezonas) telts","description":"Daudzfunkcion\u0101la, br\u012bvi st\u0101vo\u0161a, \u012bpa\u0161i viegla teltis, kas ir paredz\u0113ta jebkuram reljefam un jebkuriem laikapst\u0101k\u013ciem.\nIr divas durvis, divas priek\u0161telpas ar v\u0113ja atlokiem uz visiem r\u0101v\u0113jsl\u0113dz\u0113jiem.\n2 s\u0101nu ventil\u0101cijas logi, lai nodro\u0161in\u0101tu gaisa pl\u016bsmu.\nPiln\u012bb\u0101 br\u012bvi st\u0101vo\u0161ai kupola konstrukcijai nav nepiecie\u0161ami stabi.\nTelts apak\u0161da\u013ca ir iek\u013cauta telts komplekt\u0101cij\u0101, nav j\u0101p\u0113rk atsevi\u0161\u0137i.\nAtstarojo\u0161\u0101s l\u012bnijas un siksnas uz telts st\u016briem padara to viegli paman\u0101mu nakt\u012b.\n\u016adensnecaurlaid\u012bbas l\u012bmenis: 5000 mm.\nStrukt\u016bra: 2 sl\u0101\u0146u siena.\nAuduma svars: 40g (m\u00b2).\nR\u0101v\u0113jsl\u0113dz\u0113js un spr\u0101dze: YKK, Duraflex.\nAuduma pl\u012bsuma iztur\u012bba: 12-15N.\nP\u0101rkl\u0101jums: silikons \u0101rpus\u0113\/PU iek\u0161pus\u0113.","short_description":"Daudzfunkcion\u0101la, to ir \u013coti viegli k\u0101 uzst\u0101d\u012bt, t\u0101 iepakot. T\u0101s dizains rada vienk\u0101r\u0161u, tom\u0113r sp\u0113c\u012bgu un iztur\u012bgu strukt\u016bru.","status":"publish","sku":"3F UL GEAR_41","original":45081},"wpml":{"translation_type":1,"has_translations":true,"original":45081,"duplicates":[],"translations":{"lv":45081,"en":68736,"ru":null}},"supplier_id":null,"supplier_sku":"","barcode":null,"atum_controlled":true,"out_stock_date":null,"out_stock_threshold":null,"inheritable":false,"inbound_stock":0,"stock_on_hold":0,"sold_today":0,"sales_last_days":0,"reserved_stock":0,"customer_returns":0,"warehouse_damage":0,"lost_in_post":0,"other_logs":0,"out_stock_days":0,"lost_sales":0,"has_location":false,"update_date":"2025-12-30T14:30:42","atum_locations":[],"atum_stock_status":"instock","restock_status":false,"low_stock_amount":"","sales_update_date":"2025-11-13T13:36:27","calc_backorders":null,"yoast_head":"<!-- This site is optimized with the Yoast SEO plugin v27.3 - https:\/\/yoast.com\/product\/yoast-seo-wordpress\/ -->\n<title>3F UL GEAR - Floating cloud 2 (3 sezonas) telts<\/title>\n<meta name=\"description\" content=\"Daudzfunkcion\u0101la, to ir \u013coti viegli k\u0101 uzst\u0101d\u012bt, t\u0101 iepakot. T\u0101s dizains rada vienk\u0101r\u0161u, tom\u0113r sp\u0113c\u012bgu un iztur\u012bgu strukt\u016bru.\" \/>\n<meta name=\"robots\" content=\"index, follow, max-snippet:-1, max-image-preview:large, max-video-preview:-1\" \/>\n<link rel=\"canonical\" href=\"https:\/\/gohike.lv\/ru\/produkts\/3f-ul-gear-floating-cloud-2-3-sezonas\/\" \/>\n<meta property=\"og:locale\" content=\"ru_RU\" \/>\n<meta property=\"og:type\" content=\"article\" \/>\n<meta property=\"og:title\" content=\"3F UL GEAR - P\u0101rg\u0101jienu teltis - Floating cloud 2 (3 sezonas)\" \/>\n<meta property=\"og:description\" content=\"Daudzfunkcion\u0101la, to ir \u013coti viegli k\u0101 uzst\u0101d\u012bt, t\u0101 iepakot. T\u0101s dizains rada vienk\u0101r\u0161u, tom\u0113r sp\u0113c\u012bgu un iztur\u012bgu strukt\u016bru.\" \/>\n<meta property=\"og:url\" content=\"https:\/\/gohike.lv\/ru\/produkts\/3f-ul-gear-floating-cloud-2-3-sezonas\/\" \/>\n<meta property=\"og:site_name\" content=\"GoHike\" \/>\n<meta property=\"article:publisher\" content=\"https:\/\/www.facebook.com\/gohike.shop\/\" \/>\n<meta property=\"article:modified_time\" content=\"2025-12-30T14:24:54+00:00\" \/>\n<meta property=\"og:image\" content=\"https:\/\/gohike.lv\/wp-content\/uploads\/2024\/03\/FloatingCloud2_-3.jpg\" \/>\n\t<meta property=\"og:image:width\" content=\"800\" \/>\n\t<meta property=\"og:image:height\" content=\"800\" \/>\n\t<meta property=\"og:image:type\" content=\"image\/jpeg\" \/>\n<meta name=\"twitter:card\" content=\"summary_large_image\" \/>\n<meta name=\"twitter:title\" content=\"3F UL GEAR - P\u0101rg\u0101jienu teltis - Floating cloud 2 (3 sezonas)\" \/>\n<meta name=\"twitter:label1\" content=\"\u041f\u0440\u0438\u043c\u0435\u0440\u043d\u043e\u0435 \u0432\u0440\u0435\u043c\u044f \u0434\u043b\u044f \u0447\u0442\u0435\u043d\u0438\u044f\" \/>\n\t<meta name=\"twitter:data1\" content=\"1 \u043c\u0438\u043d\u0443\u0442\u0430\" \/>\n<script type=\"application\/ld+json\" class=\"yoast-schema-graph\">{\"@context\":\"https:\\\/\\\/schema.org\",\"@graph\":[{\"@type\":[\"WebPage\",\"ItemPage\"],\"@id\":\"https:\\\/\\\/gohike.lv\\\/ru\\\/produkts\\\/3f-ul-gear-floating-cloud-2-3-sezonas\\\/\",\"url\":\"https:\\\/\\\/gohike.lv\\\/ru\\\/produkts\\\/3f-ul-gear-floating-cloud-2-3-sezonas\\\/\",\"name\":\"3F UL GEAR - Floating cloud 2 (3 sezonas) telts\",\"isPartOf\":{\"@id\":\"https:\\\/\\\/gohike.lv\\\/ru\\\/#website\"},\"primaryImageOfPage\":{\"@id\":\"https:\\\/\\\/gohike.lv\\\/ru\\\/produkts\\\/3f-ul-gear-floating-cloud-2-3-sezonas\\\/#primaryimage\"},\"image\":{\"@id\":\"https:\\\/\\\/gohike.lv\\\/ru\\\/produkts\\\/3f-ul-gear-floating-cloud-2-3-sezonas\\\/#primaryimage\"},\"thumbnailUrl\":\"https:\\\/\\\/gohike.lv\\\/wp-content\\\/uploads\\\/2024\\\/03\\\/FloatingCloud2_-3.jpg\",\"datePublished\":\"2024-04-25T18:16:11+00:00\",\"dateModified\":\"2025-12-30T14:24:54+00:00\",\"description\":\"Daudzfunkcion\u0101la, to ir \u013coti viegli k\u0101 uzst\u0101d\u012bt, t\u0101 iepakot. T\u0101s dizains rada vienk\u0101r\u0161u, tom\u0113r sp\u0113c\u012bgu un iztur\u012bgu strukt\u016bru.\",\"breadcrumb\":{\"@id\":\"https:\\\/\\\/gohike.lv\\\/ru\\\/produkts\\\/3f-ul-gear-floating-cloud-2-3-sezonas\\\/#breadcrumb\"},\"inLanguage\":\"ru-RU\",\"potentialAction\":[{\"@type\":\"ReadAction\",\"target\":[\"https:\\\/\\\/gohike.lv\\\/ru\\\/produkts\\\/3f-ul-gear-floating-cloud-2-3-sezonas\\\/\"]}]},{\"@type\":\"ImageObject\",\"inLanguage\":\"ru-RU\",\"@id\":\"https:\\\/\\\/gohike.lv\\\/ru\\\/produkts\\\/3f-ul-gear-floating-cloud-2-3-sezonas\\\/#primaryimage\",\"url\":\"https:\\\/\\\/gohike.lv\\\/wp-content\\\/uploads\\\/2024\\\/03\\\/FloatingCloud2_-3.jpg\",\"contentUrl\":\"https:\\\/\\\/gohike.lv\\\/wp-content\\\/uploads\\\/2024\\\/03\\\/FloatingCloud2_-3.jpg\",\"width\":800,\"height\":800},{\"@type\":\"BreadcrumbList\",\"@id\":\"https:\\\/\\\/gohike.lv\\\/ru\\\/produkts\\\/3f-ul-gear-floating-cloud-2-3-sezonas\\\/#breadcrumb\",\"itemListElement\":[{\"@type\":\"ListItem\",\"position\":1,\"name\":\"\u0413\u043b\u0430\u0432\u043d\u0430\u044f\",\"item\":\"https:\\\/\\\/gohike.lv\\\/ru\\\/\"},{\"@type\":\"ListItem\",\"position\":2,\"name\":\"\u041a\u0430\u0442\u0435\u0433\u043e\u0440\u0438\u0438 \u0442\u043e\u0432\u0430\u0440\u043e\u0432\",\"item\":\"https:\\\/\\\/gohike.lv\\\/%d0%ba%d0%b0%d1%82%d0%b5%d0%b3%d0%be%d1%80%d0%b8%d0%b8-%d1%82%d0%be%d0%b2%d0%b0%d1%80%d0%be%d0%b2\\\/\"},{\"@type\":\"ListItem\",\"position\":3,\"name\":\"3F UL GEAR &#8211; Floating cloud 2 (3 sezonas) telts\"}]},{\"@type\":\"WebSite\",\"@id\":\"https:\\\/\\\/gohike.lv\\\/ru\\\/#website\",\"url\":\"https:\\\/\\\/gohike.lv\\\/ru\\\/\",\"name\":\"GoHike\",\"description\":\"\",\"publisher\":{\"@id\":\"https:\\\/\\\/gohike.lv\\\/ru\\\/#organization\"},\"potentialAction\":[{\"@type\":\"SearchAction\",\"target\":{\"@type\":\"EntryPoint\",\"urlTemplate\":\"https:\\\/\\\/gohike.lv\\\/ru\\\/?s={search_term_string}\"},\"query-input\":{\"@type\":\"PropertyValueSpecification\",\"valueRequired\":true,\"valueName\":\"search_term_string\"}}],\"inLanguage\":\"ru-RU\"},{\"@type\":\"Organization\",\"@id\":\"https:\\\/\\\/gohike.lv\\\/ru\\\/#organization\",\"name\":\"GoHike\",\"url\":\"https:\\\/\\\/gohike.lv\\\/ru\\\/\",\"logo\":{\"@type\":\"ImageObject\",\"inLanguage\":\"ru-RU\",\"@id\":\"https:\\\/\\\/gohike.lv\\\/ru\\\/#\\\/schema\\\/logo\\\/image\\\/\",\"url\":\"https:\\\/\\\/gohike.lv\\\/wp-content\\\/uploads\\\/2023\\\/08\\\/Logo_GoHike.webp\",\"contentUrl\":\"https:\\\/\\\/gohike.lv\\\/wp-content\\\/uploads\\\/2023\\\/08\\\/Logo_GoHike.webp\",\"width\":512,\"height\":512,\"caption\":\"GoHike\"},\"image\":{\"@id\":\"https:\\\/\\\/gohike.lv\\\/ru\\\/#\\\/schema\\\/logo\\\/image\\\/\"},\"sameAs\":[\"https:\\\/\\\/www.facebook.com\\\/gohike.shop\\\/\",\"https:\\\/\\\/www.instagram.com\\\/gohike.shop\\\/\"]}]}<\/script>\n<!-- \/ Yoast SEO plugin. -->","yoast_head_json":{"title":"3F UL GEAR - Floating cloud 2 (3 sezonas) telts","description":"Daudzfunkcion\u0101la, to ir \u013coti viegli k\u0101 uzst\u0101d\u012bt, t\u0101 iepakot. T\u0101s dizains rada vienk\u0101r\u0161u, tom\u0113r sp\u0113c\u012bgu un iztur\u012bgu strukt\u016bru.","robots":{"index":"index","follow":"follow","max-snippet":"max-snippet:-1","max-image-preview":"max-image-preview:large","max-video-preview":"max-video-preview:-1"},"canonical":"https:\/\/gohike.lv\/ru\/produkts\/3f-ul-gear-floating-cloud-2-3-sezonas\/","og_locale":"ru_RU","og_type":"article","og_title":"3F UL GEAR - P\u0101rg\u0101jienu teltis - Floating cloud 2 (3 sezonas)","og_description":"Daudzfunkcion\u0101la, to ir \u013coti viegli k\u0101 uzst\u0101d\u012bt, t\u0101 iepakot. T\u0101s dizains rada vienk\u0101r\u0161u, tom\u0113r sp\u0113c\u012bgu un iztur\u012bgu strukt\u016bru.","og_url":"https:\/\/gohike.lv\/ru\/produkts\/3f-ul-gear-floating-cloud-2-3-sezonas\/","og_site_name":"GoHike","article_publisher":"https:\/\/www.facebook.com\/gohike.shop\/","article_modified_time":"2025-12-30T14:24:54+00:00","og_image":[{"width":800,"height":800,"url":"https:\/\/gohike.lv\/wp-content\/uploads\/2024\/03\/FloatingCloud2_-3.jpg","type":"image\/jpeg"}],"twitter_card":"summary_large_image","twitter_title":"3F UL GEAR - P\u0101rg\u0101jienu teltis - Floating cloud 2 (3 sezonas)","twitter_misc":{"\u041f\u0440\u0438\u043c\u0435\u0440\u043d\u043e\u0435 \u0432\u0440\u0435\u043c\u044f \u0434\u043b\u044f \u0447\u0442\u0435\u043d\u0438\u044f":"1 \u043c\u0438\u043d\u0443\u0442\u0430"},"schema":{"@context":"https:\/\/schema.org","@graph":[{"@type":["WebPage","ItemPage"],"@id":"https:\/\/gohike.lv\/ru\/produkts\/3f-ul-gear-floating-cloud-2-3-sezonas\/","url":"https:\/\/gohike.lv\/ru\/produkts\/3f-ul-gear-floating-cloud-2-3-sezonas\/","name":"3F UL GEAR - Floating cloud 2 (3 sezonas) telts","isPartOf":{"@id":"https:\/\/gohike.lv\/ru\/#website"},"primaryImageOfPage":{"@id":"https:\/\/gohike.lv\/ru\/produkts\/3f-ul-gear-floating-cloud-2-3-sezonas\/#primaryimage"},"image":{"@id":"https:\/\/gohike.lv\/ru\/produkts\/3f-ul-gear-floating-cloud-2-3-sezonas\/#primaryimage"},"thumbnailUrl":"https:\/\/gohike.lv\/wp-content\/uploads\/2024\/03\/FloatingCloud2_-3.jpg","datePublished":"2024-04-25T18:16:11+00:00","dateModified":"2025-12-30T14:24:54+00:00","description":"Daudzfunkcion\u0101la, to ir \u013coti viegli k\u0101 uzst\u0101d\u012bt, t\u0101 iepakot. T\u0101s dizains rada vienk\u0101r\u0161u, tom\u0113r sp\u0113c\u012bgu un iztur\u012bgu strukt\u016bru.","breadcrumb":{"@id":"https:\/\/gohike.lv\/ru\/produkts\/3f-ul-gear-floating-cloud-2-3-sezonas\/#breadcrumb"},"inLanguage":"ru-RU","potentialAction":[{"@type":"ReadAction","target":["https:\/\/gohike.lv\/ru\/produkts\/3f-ul-gear-floating-cloud-2-3-sezonas\/"]}]},{"@type":"ImageObject","inLanguage":"ru-RU","@id":"https:\/\/gohike.lv\/ru\/produkts\/3f-ul-gear-floating-cloud-2-3-sezonas\/#primaryimage","url":"https:\/\/gohike.lv\/wp-content\/uploads\/2024\/03\/FloatingCloud2_-3.jpg","contentUrl":"https:\/\/gohike.lv\/wp-content\/uploads\/2024\/03\/FloatingCloud2_-3.jpg","width":800,"height":800},{"@type":"BreadcrumbList","@id":"https:\/\/gohike.lv\/ru\/produkts\/3f-ul-gear-floating-cloud-2-3-sezonas\/#breadcrumb","itemListElement":[{"@type":"ListItem","position":1,"name":"\u0413\u043b\u0430\u0432\u043d\u0430\u044f","item":"https:\/\/gohike.lv\/ru\/"},{"@type":"ListItem","position":2,"name":"\u041a\u0430\u0442\u0435\u0433\u043e\u0440\u0438\u0438 \u0442\u043e\u0432\u0430\u0440\u043e\u0432","item":"https:\/\/gohike.lv\/%d0%ba%d0%b0%d1%82%d0%b5%d0%b3%d0%be%d1%80%d0%b8%d0%b8-%d1%82%d0%be%d0%b2%d0%b0%d1%80%d0%be%d0%b2\/"},{"@type":"ListItem","position":3,"name":"3F UL GEAR &#8211; Floating cloud 2 (3 sezonas) telts"}]},{"@type":"WebSite","@id":"https:\/\/gohike.lv\/ru\/#website","url":"https:\/\/gohike.lv\/ru\/","name":"GoHike","description":"","publisher":{"@id":"https:\/\/gohike.lv\/ru\/#organization"},"potentialAction":[{"@type":"SearchAction","target":{"@type":"EntryPoint","urlTemplate":"https:\/\/gohike.lv\/ru\/?s={search_term_string}"},"query-input":{"@type":"PropertyValueSpecification","valueRequired":true,"valueName":"search_term_string"}}],"inLanguage":"ru-RU"},{"@type":"Organization","@id":"https:\/\/gohike.lv\/ru\/#organization","name":"GoHike","url":"https:\/\/gohike.lv\/ru\/","logo":{"@type":"ImageObject","inLanguage":"ru-RU","@id":"https:\/\/gohike.lv\/ru\/#\/schema\/logo\/image\/","url":"https:\/\/gohike.lv\/wp-content\/uploads\/2023\/08\/Logo_GoHike.webp","contentUrl":"https:\/\/gohike.lv\/wp-content\/uploads\/2023\/08\/Logo_GoHike.webp","width":512,"height":512,"caption":"GoHike"},"image":{"@id":"https:\/\/gohike.lv\/ru\/#\/schema\/logo\/image\/"},"sameAs":["https:\/\/www.facebook.com\/gohike.shop\/","https:\/\/www.instagram.com\/gohike.shop\/"]}]}},"jetpack_sharing_enabled":true,"_links":{"self":[{"href":"https:\/\/gohike.lv\/ru\/wp-json\/wp\/v2\/product\/45081","targetHints":{"allow":["GET"]}}],"collection":[{"href":"https:\/\/gohike.lv\/ru\/wp-json\/wp\/v2\/product"}],"about":[{"href":"https:\/\/gohike.lv\/ru\/wp-json\/wp\/v2\/types\/product"}],"version-history":[{"count":1,"href":"https:\/\/gohike.lv\/ru\/wp-json\/wp\/v2\/product\/45081\/revisions"}],"predecessor-version":[{"id":118765,"href":"https:\/\/gohike.lv\/ru\/wp-json\/wp\/v2\/product\/45081\/revisions\/118765"}],"wp:featuredmedia":[{"embeddable":true,"href":"https:\/\/gohike.lv\/ru\/wp-json\/wp\/v2\/media\/24165"}],"wp:attachment":[{"href":"https:\/\/gohike.lv\/ru\/wp-json\/wp\/v2\/media?parent=45081"}],"wp:term":[{"taxonomy":"product_brand","embeddable":true,"href":"https:\/\/gohike.lv\/ru\/wp-json\/wp\/v2\/product_brand?post=45081"},{"taxonomy":"product_cat","embeddable":true,"href":"https:\/\/gohike.lv\/ru\/wp-json\/wp\/v2\/product_cat?post=45081"},{"taxonomy":"product_tag","embeddable":true,"href":"https:\/\/gohike.lv\/ru\/wp-json\/wp\/v2\/product_tag?post=45081"}],"curies":[{"name":"wp","href":"https:\/\/api.w.org\/{rel}","templated":true}]}}