{"id":45063,"date":"2024-04-25T21:15:44","date_gmt":"2024-04-25T18:15:44","guid":{"rendered":"https:\/\/gohike.lv\/produkts\/3f-ul-gear-saliekama-gulampaliktna-standarta-versija\/"},"modified":"2025-12-30T17:24:54","modified_gmt":"2025-12-30T14:24:54","slug":"3f-ul-gear-saliekama-gulampaliktna-standarta-versija","status":"publish","type":"product","link":"https:\/\/gohike.lv\/ru\/produkts\/3f-ul-gear-saliekama-gulampaliktna-standarta-versija\/","title":{"rendered":"3F UL GEAR &#8212; Saliekams pakl\u0101js (standarta versija)"},"content":{"rendered":"<p>Gu\u013camais paliktnis aizsarg\u0101 pret mitrumu no zemes un padara to \u0113rt\u0101ku gul\u0113\u0161anai.<br \/>\nGul\u0113\u0161anas paliktnis labi sader ar 3F UL Gear QiDian Pro mugursomu, jo to var izmantot k\u0101 atzveltni mugurai.<br \/>\nKomplekt\u0101 uzglab\u0101\u0161anas soma.<br \/>\nT\u012br\u012b\u0161anai ieteicams izmantot m\u012bkstu dr\u0101ni\u0146u, kas samitrin\u0101ta \u016bden\u012b vai mazg\u0101\u0161anas l\u012bdzekl\u012b.<\/p>\n","protected":false},"excerpt":{"rendered":"<p>Gultas pamatne no 3F UL Gear 410 ir aluminiz\u0113ta un atstaro siltumu.<\/p>\n","protected":false},"featured_media":24097,"template":"","meta":[],"product_brand":[209],"product_cat":[1510],"product_tag":[],"class_list":{"0":"post-45063","1":"product","2":"type-product","3":"status-publish","4":"has-post-thumbnail","6":"product_brand-3f-ul-gear-lv","7":"product_cat-paklajini-un-spilveni","8":"pa_materiali-vienpuseja-aluminija-folija","9":"pa_produkta-tips-paklajini","10":"pa_saliktas-preces-izmerscm-9908","12":"first","13":"outofstock","14":"taxable","15":"shipping-taxable","16":"purchasable","17":"product-type-simple"},"raw_content":{"name":"3F UL GEAR - Saliekams pakl\u0101js (standarta versija)","description":"Gu\u013camais paliktnis aizsarg\u0101 pret mitrumu no zemes un padara to \u0113rt\u0101ku gul\u0113\u0161anai.\nGul\u0113\u0161anas paliktnis labi sader ar 3F UL Gear QiDian Pro mugursomu, jo to var izmantot k\u0101 atzveltni mugurai.\nKomplekt\u0101 uzglab\u0101\u0161anas soma.\nT\u012br\u012b\u0161anai ieteicams izmantot m\u012bkstu dr\u0101ni\u0146u, kas samitrin\u0101ta \u016bden\u012b vai mazg\u0101\u0161anas l\u012bdzekl\u012b.","short_description":"Gultas pamatne no 3F UL Gear 410 ir aluminiz\u0113ta un atstaro siltumu.","status":"publish","sku":"3F UL GEAR_10","original":45063},"wpml":{"translation_type":1,"has_translations":true,"original":45063,"duplicates":[],"translations":{"lv":45063,"en":68735,"ru":null}},"supplier_id":null,"supplier_sku":"","barcode":null,"atum_controlled":true,"out_stock_date":null,"out_stock_threshold":null,"inheritable":false,"inbound_stock":null,"stock_on_hold":0,"sold_today":0,"sales_last_days":0,"reserved_stock":null,"customer_returns":null,"warehouse_damage":null,"lost_in_post":null,"other_logs":null,"out_stock_days":0,"lost_sales":0,"has_location":null,"update_date":"2025-12-30T14:30:42","atum_locations":[],"atum_stock_status":"outofstock","restock_status":false,"low_stock_amount":"","sales_update_date":"2025-11-13T14:08:25","calc_backorders":null,"yoast_head":"<!-- This site is optimized with the Yoast SEO plugin v27.3 - https:\/\/yoast.com\/product\/yoast-seo-wordpress\/ -->\n<title>3F UL GEAR - Saliekams pakl\u0101js (standarta versija)<\/title>\n<meta name=\"description\" content=\"Gultas pamatne no 3F UL Gear 410 ir aluminiz\u0113ta un atstaro siltumu.\" \/>\n<meta name=\"robots\" content=\"index, follow, max-snippet:-1, max-image-preview:large, max-video-preview:-1\" \/>\n<link rel=\"canonical\" href=\"https:\/\/gohike.lv\/ru\/produkts\/3f-ul-gear-saliekama-gulampaliktna-standarta-versija\/\" \/>\n<meta property=\"og:locale\" content=\"ru_RU\" \/>\n<meta property=\"og:type\" content=\"article\" \/>\n<meta property=\"og:title\" content=\"3F UL GEAR - Pakl\u0101ji\u0146i - Saliekam\u0101 gu\u013campalikt\u0146a standarta versija\" \/>\n<meta property=\"og:description\" content=\"Gultas pamatne no 3F UL Gear 410 ir aluminiz\u0113ta un atstaro siltumu.\" \/>\n<meta property=\"og:url\" content=\"https:\/\/gohike.lv\/ru\/produkts\/3f-ul-gear-saliekama-gulampaliktna-standarta-versija\/\" \/>\n<meta property=\"og:site_name\" content=\"GoHike\" \/>\n<meta property=\"article:publisher\" content=\"https:\/\/www.facebook.com\/gohike.shop\/\" \/>\n<meta property=\"article:modified_time\" content=\"2025-12-30T14:24:54+00:00\" \/>\n<meta property=\"og:image\" content=\"https:\/\/gohike.lv\/wp-content\/uploads\/2024\/03\/Pad-Standard-7.jpg\" \/>\n\t<meta property=\"og:image:width\" content=\"650\" \/>\n\t<meta property=\"og:image:height\" content=\"650\" \/>\n\t<meta property=\"og:image:type\" content=\"image\/jpeg\" \/>\n<meta name=\"twitter:card\" content=\"summary_large_image\" \/>\n<meta name=\"twitter:title\" content=\"3F UL GEAR - Pakl\u0101ji\u0146i - Saliekam\u0101 gu\u013campalikt\u0146a standarta versija\" \/>\n<meta name=\"twitter:label1\" content=\"\u041f\u0440\u0438\u043c\u0435\u0440\u043d\u043e\u0435 \u0432\u0440\u0435\u043c\u044f \u0434\u043b\u044f \u0447\u0442\u0435\u043d\u0438\u044f\" \/>\n\t<meta name=\"twitter:data1\" content=\"1 \u043c\u0438\u043d\u0443\u0442\u0430\" \/>\n<script type=\"application\/ld+json\" class=\"yoast-schema-graph\">{\"@context\":\"https:\\\/\\\/schema.org\",\"@graph\":[{\"@type\":[\"WebPage\",\"ItemPage\"],\"@id\":\"https:\\\/\\\/gohike.lv\\\/ru\\\/produkts\\\/3f-ul-gear-saliekama-gulampaliktna-standarta-versija\\\/\",\"url\":\"https:\\\/\\\/gohike.lv\\\/ru\\\/produkts\\\/3f-ul-gear-saliekama-gulampaliktna-standarta-versija\\\/\",\"name\":\"3F UL GEAR - Saliekams pakl\u0101js (standarta versija)\",\"isPartOf\":{\"@id\":\"https:\\\/\\\/gohike.lv\\\/ru\\\/#website\"},\"primaryImageOfPage\":{\"@id\":\"https:\\\/\\\/gohike.lv\\\/ru\\\/produkts\\\/3f-ul-gear-saliekama-gulampaliktna-standarta-versija\\\/#primaryimage\"},\"image\":{\"@id\":\"https:\\\/\\\/gohike.lv\\\/ru\\\/produkts\\\/3f-ul-gear-saliekama-gulampaliktna-standarta-versija\\\/#primaryimage\"},\"thumbnailUrl\":\"https:\\\/\\\/gohike.lv\\\/wp-content\\\/uploads\\\/2024\\\/03\\\/Pad-Standard-7.jpg\",\"datePublished\":\"2024-04-25T18:15:44+00:00\",\"dateModified\":\"2025-12-30T14:24:54+00:00\",\"description\":\"Gultas pamatne no 3F UL Gear 410 ir aluminiz\u0113ta un atstaro siltumu.\",\"breadcrumb\":{\"@id\":\"https:\\\/\\\/gohike.lv\\\/ru\\\/produkts\\\/3f-ul-gear-saliekama-gulampaliktna-standarta-versija\\\/#breadcrumb\"},\"inLanguage\":\"ru-RU\",\"potentialAction\":[{\"@type\":\"ReadAction\",\"target\":[\"https:\\\/\\\/gohike.lv\\\/ru\\\/produkts\\\/3f-ul-gear-saliekama-gulampaliktna-standarta-versija\\\/\"]}]},{\"@type\":\"ImageObject\",\"inLanguage\":\"ru-RU\",\"@id\":\"https:\\\/\\\/gohike.lv\\\/ru\\\/produkts\\\/3f-ul-gear-saliekama-gulampaliktna-standarta-versija\\\/#primaryimage\",\"url\":\"https:\\\/\\\/gohike.lv\\\/wp-content\\\/uploads\\\/2024\\\/03\\\/Pad-Standard-7.jpg\",\"contentUrl\":\"https:\\\/\\\/gohike.lv\\\/wp-content\\\/uploads\\\/2024\\\/03\\\/Pad-Standard-7.jpg\",\"width\":650,\"height\":650},{\"@type\":\"BreadcrumbList\",\"@id\":\"https:\\\/\\\/gohike.lv\\\/ru\\\/produkts\\\/3f-ul-gear-saliekama-gulampaliktna-standarta-versija\\\/#breadcrumb\",\"itemListElement\":[{\"@type\":\"ListItem\",\"position\":1,\"name\":\"\u0413\u043b\u0430\u0432\u043d\u0430\u044f\",\"item\":\"https:\\\/\\\/gohike.lv\\\/ru\\\/\"},{\"@type\":\"ListItem\",\"position\":2,\"name\":\"\u041a\u0430\u0442\u0435\u0433\u043e\u0440\u0438\u0438 \u0442\u043e\u0432\u0430\u0440\u043e\u0432\",\"item\":\"https:\\\/\\\/gohike.lv\\\/%d0%ba%d0%b0%d1%82%d0%b5%d0%b3%d0%be%d1%80%d0%b8%d0%b8-%d1%82%d0%be%d0%b2%d0%b0%d1%80%d0%be%d0%b2\\\/\"},{\"@type\":\"ListItem\",\"position\":3,\"name\":\"3F UL GEAR &#8211; Saliekams pakl\u0101js (standarta versija)\"}]},{\"@type\":\"WebSite\",\"@id\":\"https:\\\/\\\/gohike.lv\\\/ru\\\/#website\",\"url\":\"https:\\\/\\\/gohike.lv\\\/ru\\\/\",\"name\":\"GoHike\",\"description\":\"\",\"publisher\":{\"@id\":\"https:\\\/\\\/gohike.lv\\\/ru\\\/#organization\"},\"potentialAction\":[{\"@type\":\"SearchAction\",\"target\":{\"@type\":\"EntryPoint\",\"urlTemplate\":\"https:\\\/\\\/gohike.lv\\\/ru\\\/?s={search_term_string}\"},\"query-input\":{\"@type\":\"PropertyValueSpecification\",\"valueRequired\":true,\"valueName\":\"search_term_string\"}}],\"inLanguage\":\"ru-RU\"},{\"@type\":\"Organization\",\"@id\":\"https:\\\/\\\/gohike.lv\\\/ru\\\/#organization\",\"name\":\"GoHike\",\"url\":\"https:\\\/\\\/gohike.lv\\\/ru\\\/\",\"logo\":{\"@type\":\"ImageObject\",\"inLanguage\":\"ru-RU\",\"@id\":\"https:\\\/\\\/gohike.lv\\\/ru\\\/#\\\/schema\\\/logo\\\/image\\\/\",\"url\":\"https:\\\/\\\/gohike.lv\\\/wp-content\\\/uploads\\\/2023\\\/08\\\/Logo_GoHike.webp\",\"contentUrl\":\"https:\\\/\\\/gohike.lv\\\/wp-content\\\/uploads\\\/2023\\\/08\\\/Logo_GoHike.webp\",\"width\":512,\"height\":512,\"caption\":\"GoHike\"},\"image\":{\"@id\":\"https:\\\/\\\/gohike.lv\\\/ru\\\/#\\\/schema\\\/logo\\\/image\\\/\"},\"sameAs\":[\"https:\\\/\\\/www.facebook.com\\\/gohike.shop\\\/\",\"https:\\\/\\\/www.instagram.com\\\/gohike.shop\\\/\"]}]}<\/script>\n<!-- \/ Yoast SEO plugin. -->","yoast_head_json":{"title":"3F UL GEAR - Saliekams pakl\u0101js (standarta versija)","description":"Gultas pamatne no 3F UL Gear 410 ir aluminiz\u0113ta un atstaro siltumu.","robots":{"index":"index","follow":"follow","max-snippet":"max-snippet:-1","max-image-preview":"max-image-preview:large","max-video-preview":"max-video-preview:-1"},"canonical":"https:\/\/gohike.lv\/ru\/produkts\/3f-ul-gear-saliekama-gulampaliktna-standarta-versija\/","og_locale":"ru_RU","og_type":"article","og_title":"3F UL GEAR - Pakl\u0101ji\u0146i - Saliekam\u0101 gu\u013campalikt\u0146a standarta versija","og_description":"Gultas pamatne no 3F UL Gear 410 ir aluminiz\u0113ta un atstaro siltumu.","og_url":"https:\/\/gohike.lv\/ru\/produkts\/3f-ul-gear-saliekama-gulampaliktna-standarta-versija\/","og_site_name":"GoHike","article_publisher":"https:\/\/www.facebook.com\/gohike.shop\/","article_modified_time":"2025-12-30T14:24:54+00:00","og_image":[{"width":650,"height":650,"url":"https:\/\/gohike.lv\/wp-content\/uploads\/2024\/03\/Pad-Standard-7.jpg","type":"image\/jpeg"}],"twitter_card":"summary_large_image","twitter_title":"3F UL GEAR - Pakl\u0101ji\u0146i - Saliekam\u0101 gu\u013campalikt\u0146a standarta versija","twitter_misc":{"\u041f\u0440\u0438\u043c\u0435\u0440\u043d\u043e\u0435 \u0432\u0440\u0435\u043c\u044f \u0434\u043b\u044f \u0447\u0442\u0435\u043d\u0438\u044f":"1 \u043c\u0438\u043d\u0443\u0442\u0430"},"schema":{"@context":"https:\/\/schema.org","@graph":[{"@type":["WebPage","ItemPage"],"@id":"https:\/\/gohike.lv\/ru\/produkts\/3f-ul-gear-saliekama-gulampaliktna-standarta-versija\/","url":"https:\/\/gohike.lv\/ru\/produkts\/3f-ul-gear-saliekama-gulampaliktna-standarta-versija\/","name":"3F UL GEAR - Saliekams pakl\u0101js (standarta versija)","isPartOf":{"@id":"https:\/\/gohike.lv\/ru\/#website"},"primaryImageOfPage":{"@id":"https:\/\/gohike.lv\/ru\/produkts\/3f-ul-gear-saliekama-gulampaliktna-standarta-versija\/#primaryimage"},"image":{"@id":"https:\/\/gohike.lv\/ru\/produkts\/3f-ul-gear-saliekama-gulampaliktna-standarta-versija\/#primaryimage"},"thumbnailUrl":"https:\/\/gohike.lv\/wp-content\/uploads\/2024\/03\/Pad-Standard-7.jpg","datePublished":"2024-04-25T18:15:44+00:00","dateModified":"2025-12-30T14:24:54+00:00","description":"Gultas pamatne no 3F UL Gear 410 ir aluminiz\u0113ta un atstaro siltumu.","breadcrumb":{"@id":"https:\/\/gohike.lv\/ru\/produkts\/3f-ul-gear-saliekama-gulampaliktna-standarta-versija\/#breadcrumb"},"inLanguage":"ru-RU","potentialAction":[{"@type":"ReadAction","target":["https:\/\/gohike.lv\/ru\/produkts\/3f-ul-gear-saliekama-gulampaliktna-standarta-versija\/"]}]},{"@type":"ImageObject","inLanguage":"ru-RU","@id":"https:\/\/gohike.lv\/ru\/produkts\/3f-ul-gear-saliekama-gulampaliktna-standarta-versija\/#primaryimage","url":"https:\/\/gohike.lv\/wp-content\/uploads\/2024\/03\/Pad-Standard-7.jpg","contentUrl":"https:\/\/gohike.lv\/wp-content\/uploads\/2024\/03\/Pad-Standard-7.jpg","width":650,"height":650},{"@type":"BreadcrumbList","@id":"https:\/\/gohike.lv\/ru\/produkts\/3f-ul-gear-saliekama-gulampaliktna-standarta-versija\/#breadcrumb","itemListElement":[{"@type":"ListItem","position":1,"name":"\u0413\u043b\u0430\u0432\u043d\u0430\u044f","item":"https:\/\/gohike.lv\/ru\/"},{"@type":"ListItem","position":2,"name":"\u041a\u0430\u0442\u0435\u0433\u043e\u0440\u0438\u0438 \u0442\u043e\u0432\u0430\u0440\u043e\u0432","item":"https:\/\/gohike.lv\/%d0%ba%d0%b0%d1%82%d0%b5%d0%b3%d0%be%d1%80%d0%b8%d0%b8-%d1%82%d0%be%d0%b2%d0%b0%d1%80%d0%be%d0%b2\/"},{"@type":"ListItem","position":3,"name":"3F UL GEAR &#8211; Saliekams pakl\u0101js (standarta versija)"}]},{"@type":"WebSite","@id":"https:\/\/gohike.lv\/ru\/#website","url":"https:\/\/gohike.lv\/ru\/","name":"GoHike","description":"","publisher":{"@id":"https:\/\/gohike.lv\/ru\/#organization"},"potentialAction":[{"@type":"SearchAction","target":{"@type":"EntryPoint","urlTemplate":"https:\/\/gohike.lv\/ru\/?s={search_term_string}"},"query-input":{"@type":"PropertyValueSpecification","valueRequired":true,"valueName":"search_term_string"}}],"inLanguage":"ru-RU"},{"@type":"Organization","@id":"https:\/\/gohike.lv\/ru\/#organization","name":"GoHike","url":"https:\/\/gohike.lv\/ru\/","logo":{"@type":"ImageObject","inLanguage":"ru-RU","@id":"https:\/\/gohike.lv\/ru\/#\/schema\/logo\/image\/","url":"https:\/\/gohike.lv\/wp-content\/uploads\/2023\/08\/Logo_GoHike.webp","contentUrl":"https:\/\/gohike.lv\/wp-content\/uploads\/2023\/08\/Logo_GoHike.webp","width":512,"height":512,"caption":"GoHike"},"image":{"@id":"https:\/\/gohike.lv\/ru\/#\/schema\/logo\/image\/"},"sameAs":["https:\/\/www.facebook.com\/gohike.shop\/","https:\/\/www.instagram.com\/gohike.shop\/"]}]}},"jetpack_sharing_enabled":true,"_links":{"self":[{"href":"https:\/\/gohike.lv\/ru\/wp-json\/wp\/v2\/product\/45063","targetHints":{"allow":["GET"]}}],"collection":[{"href":"https:\/\/gohike.lv\/ru\/wp-json\/wp\/v2\/product"}],"about":[{"href":"https:\/\/gohike.lv\/ru\/wp-json\/wp\/v2\/types\/product"}],"version-history":[{"count":0,"href":"https:\/\/gohike.lv\/ru\/wp-json\/wp\/v2\/product\/45063\/revisions"}],"wp:featuredmedia":[{"embeddable":true,"href":"https:\/\/gohike.lv\/ru\/wp-json\/wp\/v2\/media\/24097"}],"wp:attachment":[{"href":"https:\/\/gohike.lv\/ru\/wp-json\/wp\/v2\/media?parent=45063"}],"wp:term":[{"taxonomy":"product_brand","embeddable":true,"href":"https:\/\/gohike.lv\/ru\/wp-json\/wp\/v2\/product_brand?post=45063"},{"taxonomy":"product_cat","embeddable":true,"href":"https:\/\/gohike.lv\/ru\/wp-json\/wp\/v2\/product_cat?post=45063"},{"taxonomy":"product_tag","embeddable":true,"href":"https:\/\/gohike.lv\/ru\/wp-json\/wp\/v2\/product_tag?post=45063"}],"curies":[{"name":"wp","href":"https:\/\/api.w.org\/{rel}","templated":true}]}}