{"id":45057,"date":"2024-04-25T21:15:44","date_gmt":"2024-04-25T18:15:44","guid":{"rendered":"https:\/\/gohike.lv\/produkts\/3f-ul-gear-lanshan-2-pro\/"},"modified":"2025-12-30T17:24:54","modified_gmt":"2025-12-30T14:24:54","slug":"3f-ul-gear-lanshan-2-pro","status":"publish","type":"product","link":"https:\/\/gohike.lv\/ru\/produkts\/3f-ul-gear-lanshan-2-pro\/","title":{"rendered":"3F UL GEAR &#8212; Lanshan 2 Pro telts"},"content":{"rendered":"<p>Atjaunin\u0101ta versija no Lanshan 2, rad\u012bta visa veida sare\u017e\u0123\u012btiem un vispras\u012bg\u0101kajiem reljefiem un pat tuksnesim.<br \/>\nLielisks l\u012bdzsvars starp apjom\u012bgu un vieglu svaru solo p\u0101rg\u0101jieniem.<br \/>\nLanshan 2 Pro nodro\u0161ina ar\u012b pla\u0161u telpu diviem cilv\u0113kiem, daudz vietu, atsevi\u0161\u0137as ieejas un priek\u0161telpas katram.<br \/>\nTelts korpuss ir superiztur\u012bgs pret pl\u012bsumiem SilNylon ar 2000mm \u016bdensiztur\u012bgu materi\u0101lu.<br \/>\nUzst\u0101d\u012b\u0161anai nepiecie\u0161amas 2 trekinga n\u016bjas (120-125cm).<br \/>\n\u012apa\u0161i viegla: 920 g.(bez mieti\u0146iem)<br \/>\nStrukt\u016bra: 1 sl\u0101\u0146a siena un divvirsmas;<br \/>\nSasaistes punkts: 8 mieti\u0146i:<br \/>\n4 stiegrojuma l\u012bnijas punkti, 2 aug\u0161\u0113jie pakarin\u0101\u0161anas punkti;<br \/>\nR\u0101v\u0113jsl\u0113dz\u0113js un spr\u0101dze: YKK, Duraflex;<br \/>\nAuduma svars: 38g (m\u00b2);<br \/>\nAuduma pl\u012bsuma iztur\u012bba: 40-45N;<br \/>\nTelts hidroizol\u0101ciju piln\u012bb\u0101 nodro\u0161ina silikona e\u013c\u013ca (Fly) un PU membr\u0101na (Floor).<br \/>\nNesatur PFOS, FPOA, DWR, fluoru, smagos met\u0101lus, aldeh\u012bdus.<br \/>\n\u200bIepakojuma materi\u0101li ir izgatavoti, izmantojot p\u0101rstr\u0101d\u0101tu pap\u012bru.<br \/>\n*Komplekt\u0101 nav iek\u013cauti stabi, Footprint un silikona l\u012bme.<\/p>\n","protected":false},"excerpt":{"rendered":"<p>Pla\u0161a telts ar div\u0101m ieej\u0101m, paredz\u0113ta diviem cilv\u0113kiem.<\/p>\n","protected":false},"featured_media":24063,"template":"","meta":[],"product_brand":[209],"product_cat":[1817],"product_tag":[],"class_list":{"0":"post-45057","1":"product","2":"type-product","3":"status-publish","4":"has-post-thumbnail","6":"product_brand-3f-ul-gear-lv","7":"product_cat-teltis-un-tenti","8":"pa_acc-svars-footprintasack-156g","9":"pa_acc-svars-kompresijas-maiss-36g","10":"pa_acc-svars-mietiniimaiss-98g","11":"pa_ieksejie-materiali-15d-neilons-4-sezonas-20d-neilona-tikls-3-sezonas","12":"pa_kapacitate-2-cilveki","13":"pa_malas-augstums-11cm","14":"pa_produkta-tips-pargajienu-teltis","15":"pa_saliktas-preces-izmerscm-9308","16":"pa_telts-materials-20d-ipasi-nodilumizturigs-silnylon","17":"pa_telts-materials-pu2000mm","19":"first","20":"instock","21":"taxable","22":"shipping-taxable","23":"purchasable","24":"product-type-simple"},"raw_content":{"name":"3F UL GEAR - Lanshan 2 Pro telts","description":"Atjaunin\u0101ta versija no Lanshan 2, rad\u012bta visa veida sare\u017e\u0123\u012btiem un vispras\u012bg\u0101kajiem reljefiem un pat tuksnesim.\nLielisks l\u012bdzsvars starp apjom\u012bgu un vieglu svaru solo p\u0101rg\u0101jieniem.\nLanshan 2 Pro nodro\u0161ina ar\u012b pla\u0161u telpu diviem cilv\u0113kiem, daudz vietu, atsevi\u0161\u0137as ieejas un priek\u0161telpas katram.\nTelts korpuss ir superiztur\u012bgs pret pl\u012bsumiem SilNylon ar 2000mm \u016bdensiztur\u012bgu materi\u0101lu.\nUzst\u0101d\u012b\u0161anai nepiecie\u0161amas 2 trekinga n\u016bjas (120-125cm).\n\u012apa\u0161i viegla: 920 g.(bez mieti\u0146iem)\nStrukt\u016bra: 1 sl\u0101\u0146a siena un divvirsmas;\nSasaistes punkts: 8 mieti\u0146i:\n4 stiegrojuma l\u012bnijas punkti, 2 aug\u0161\u0113jie pakarin\u0101\u0161anas punkti;\nR\u0101v\u0113jsl\u0113dz\u0113js un spr\u0101dze: YKK, Duraflex;\nAuduma svars: 38g (m\u00b2);\nAuduma pl\u012bsuma iztur\u012bba: 40-45N;\nTelts hidroizol\u0101ciju piln\u012bb\u0101 nodro\u0161ina silikona e\u013c\u013ca (Fly) un PU membr\u0101na (Floor).\nNesatur PFOS, FPOA, DWR, fluoru, smagos met\u0101lus, aldeh\u012bdus.\n\u200bIepakojuma materi\u0101li ir izgatavoti, izmantojot p\u0101rstr\u0101d\u0101tu pap\u012bru.\n*Komplekt\u0101 nav iek\u013cauti stabi, Footprint un silikona l\u012bme.","short_description":"Pla\u0161a telts ar div\u0101m ieej\u0101m, paredz\u0113ta diviem cilv\u0113kiem.","status":"publish","sku":"3F UL GEAR_4","original":45057},"wpml":{"translation_type":1,"has_translations":true,"original":45057,"duplicates":[],"translations":{"lv":45057,"en":68731,"ru":null}},"supplier_id":null,"supplier_sku":"","barcode":null,"atum_controlled":true,"out_stock_date":null,"out_stock_threshold":null,"inheritable":false,"inbound_stock":0,"stock_on_hold":0,"sold_today":0,"sales_last_days":0,"reserved_stock":0,"customer_returns":0,"warehouse_damage":0,"lost_in_post":0,"other_logs":0,"out_stock_days":0,"lost_sales":0,"has_location":false,"update_date":"2025-12-30T14:30:42","atum_locations":[],"atum_stock_status":"instock","restock_status":false,"low_stock_amount":"","sales_update_date":"2025-11-13T13:36:27","calc_backorders":null,"yoast_head":"<!-- This site is optimized with the Yoast SEO plugin v27.3 - https:\/\/yoast.com\/product\/yoast-seo-wordpress\/ -->\n<title>3F UL GEAR - Lanshan 2 Pro telts<\/title>\n<meta name=\"description\" content=\"Pla\u0161a telts ar div\u0101m ieej\u0101m, paredz\u0113ta diviem cilv\u0113kiem. Uzst\u0101d\u012b\u0161anai nepiecie\u0161amas 2 trekinga n\u016bjas (120-125cm).\" \/>\n<meta name=\"robots\" content=\"index, follow, max-snippet:-1, max-image-preview:large, max-video-preview:-1\" \/>\n<link rel=\"canonical\" href=\"https:\/\/gohike.lv\/ru\/produkts\/3f-ul-gear-lanshan-2-pro\/\" \/>\n<meta property=\"og:locale\" content=\"ru_RU\" \/>\n<meta property=\"og:type\" content=\"article\" \/>\n<meta property=\"og:title\" content=\"3F UL GEAR - P\u0101rg\u0101jienu teltis - Lanshan 2 Pro\" \/>\n<meta property=\"og:description\" content=\"Pla\u0161a telts ar div\u0101m ieej\u0101m, paredz\u0113ta diviem cilv\u0113kiem. Uzst\u0101d\u012b\u0161anai nepiecie\u0161amas 2 trekinga n\u016bjas (120-125cm).\" \/>\n<meta property=\"og:url\" content=\"https:\/\/gohike.lv\/ru\/produkts\/3f-ul-gear-lanshan-2-pro\/\" \/>\n<meta property=\"og:site_name\" content=\"GoHike\" \/>\n<meta property=\"article:publisher\" content=\"https:\/\/www.facebook.com\/gohike.shop\/\" \/>\n<meta property=\"article:modified_time\" content=\"2025-12-30T14:24:54+00:00\" \/>\n<meta property=\"og:image\" content=\"https:\/\/gohike.lv\/wp-content\/uploads\/2024\/03\/Lanshan2-Pro-7.jpg\" \/>\n\t<meta property=\"og:image:width\" content=\"800\" \/>\n\t<meta property=\"og:image:height\" content=\"800\" \/>\n\t<meta property=\"og:image:type\" content=\"image\/jpeg\" \/>\n<meta name=\"twitter:card\" content=\"summary_large_image\" \/>\n<meta name=\"twitter:title\" content=\"3F UL GEAR - P\u0101rg\u0101jienu teltis - Lanshan 2 Pro\" \/>\n<meta name=\"twitter:label1\" content=\"\u041f\u0440\u0438\u043c\u0435\u0440\u043d\u043e\u0435 \u0432\u0440\u0435\u043c\u044f \u0434\u043b\u044f \u0447\u0442\u0435\u043d\u0438\u044f\" \/>\n\t<meta name=\"twitter:data1\" content=\"1 \u043c\u0438\u043d\u0443\u0442\u0430\" \/>\n<script type=\"application\/ld+json\" class=\"yoast-schema-graph\">{\"@context\":\"https:\\\/\\\/schema.org\",\"@graph\":[{\"@type\":[\"WebPage\",\"ItemPage\"],\"@id\":\"https:\\\/\\\/gohike.lv\\\/ru\\\/produkts\\\/3f-ul-gear-lanshan-2-pro\\\/\",\"url\":\"https:\\\/\\\/gohike.lv\\\/ru\\\/produkts\\\/3f-ul-gear-lanshan-2-pro\\\/\",\"name\":\"3F UL GEAR - Lanshan 2 Pro telts\",\"isPartOf\":{\"@id\":\"https:\\\/\\\/gohike.lv\\\/ru\\\/#website\"},\"primaryImageOfPage\":{\"@id\":\"https:\\\/\\\/gohike.lv\\\/ru\\\/produkts\\\/3f-ul-gear-lanshan-2-pro\\\/#primaryimage\"},\"image\":{\"@id\":\"https:\\\/\\\/gohike.lv\\\/ru\\\/produkts\\\/3f-ul-gear-lanshan-2-pro\\\/#primaryimage\"},\"thumbnailUrl\":\"https:\\\/\\\/gohike.lv\\\/wp-content\\\/uploads\\\/2024\\\/03\\\/Lanshan2-Pro-7.jpg\",\"datePublished\":\"2024-04-25T18:15:44+00:00\",\"dateModified\":\"2025-12-30T14:24:54+00:00\",\"description\":\"Pla\u0161a telts ar div\u0101m ieej\u0101m, paredz\u0113ta diviem cilv\u0113kiem. Uzst\u0101d\u012b\u0161anai nepiecie\u0161amas 2 trekinga n\u016bjas (120-125cm).\",\"breadcrumb\":{\"@id\":\"https:\\\/\\\/gohike.lv\\\/ru\\\/produkts\\\/3f-ul-gear-lanshan-2-pro\\\/#breadcrumb\"},\"inLanguage\":\"ru-RU\",\"potentialAction\":[{\"@type\":\"ReadAction\",\"target\":[\"https:\\\/\\\/gohike.lv\\\/ru\\\/produkts\\\/3f-ul-gear-lanshan-2-pro\\\/\"]}]},{\"@type\":\"ImageObject\",\"inLanguage\":\"ru-RU\",\"@id\":\"https:\\\/\\\/gohike.lv\\\/ru\\\/produkts\\\/3f-ul-gear-lanshan-2-pro\\\/#primaryimage\",\"url\":\"https:\\\/\\\/gohike.lv\\\/wp-content\\\/uploads\\\/2024\\\/03\\\/Lanshan2-Pro-7.jpg\",\"contentUrl\":\"https:\\\/\\\/gohike.lv\\\/wp-content\\\/uploads\\\/2024\\\/03\\\/Lanshan2-Pro-7.jpg\",\"width\":800,\"height\":800},{\"@type\":\"BreadcrumbList\",\"@id\":\"https:\\\/\\\/gohike.lv\\\/ru\\\/produkts\\\/3f-ul-gear-lanshan-2-pro\\\/#breadcrumb\",\"itemListElement\":[{\"@type\":\"ListItem\",\"position\":1,\"name\":\"\u0413\u043b\u0430\u0432\u043d\u0430\u044f\",\"item\":\"https:\\\/\\\/gohike.lv\\\/ru\\\/\"},{\"@type\":\"ListItem\",\"position\":2,\"name\":\"\u041a\u0430\u0442\u0435\u0433\u043e\u0440\u0438\u0438 \u0442\u043e\u0432\u0430\u0440\u043e\u0432\",\"item\":\"https:\\\/\\\/gohike.lv\\\/%d0%ba%d0%b0%d1%82%d0%b5%d0%b3%d0%be%d1%80%d0%b8%d0%b8-%d1%82%d0%be%d0%b2%d0%b0%d1%80%d0%be%d0%b2\\\/\"},{\"@type\":\"ListItem\",\"position\":3,\"name\":\"3F UL GEAR &#8211; Lanshan 2 Pro telts\"}]},{\"@type\":\"WebSite\",\"@id\":\"https:\\\/\\\/gohike.lv\\\/ru\\\/#website\",\"url\":\"https:\\\/\\\/gohike.lv\\\/ru\\\/\",\"name\":\"GoHike\",\"description\":\"\",\"publisher\":{\"@id\":\"https:\\\/\\\/gohike.lv\\\/ru\\\/#organization\"},\"potentialAction\":[{\"@type\":\"SearchAction\",\"target\":{\"@type\":\"EntryPoint\",\"urlTemplate\":\"https:\\\/\\\/gohike.lv\\\/ru\\\/?s={search_term_string}\"},\"query-input\":{\"@type\":\"PropertyValueSpecification\",\"valueRequired\":true,\"valueName\":\"search_term_string\"}}],\"inLanguage\":\"ru-RU\"},{\"@type\":\"Organization\",\"@id\":\"https:\\\/\\\/gohike.lv\\\/ru\\\/#organization\",\"name\":\"GoHike\",\"url\":\"https:\\\/\\\/gohike.lv\\\/ru\\\/\",\"logo\":{\"@type\":\"ImageObject\",\"inLanguage\":\"ru-RU\",\"@id\":\"https:\\\/\\\/gohike.lv\\\/ru\\\/#\\\/schema\\\/logo\\\/image\\\/\",\"url\":\"https:\\\/\\\/gohike.lv\\\/wp-content\\\/uploads\\\/2023\\\/08\\\/Logo_GoHike.webp\",\"contentUrl\":\"https:\\\/\\\/gohike.lv\\\/wp-content\\\/uploads\\\/2023\\\/08\\\/Logo_GoHike.webp\",\"width\":512,\"height\":512,\"caption\":\"GoHike\"},\"image\":{\"@id\":\"https:\\\/\\\/gohike.lv\\\/ru\\\/#\\\/schema\\\/logo\\\/image\\\/\"},\"sameAs\":[\"https:\\\/\\\/www.facebook.com\\\/gohike.shop\\\/\",\"https:\\\/\\\/www.instagram.com\\\/gohike.shop\\\/\"]}]}<\/script>\n<!-- \/ Yoast SEO plugin. -->","yoast_head_json":{"title":"3F UL GEAR - Lanshan 2 Pro telts","description":"Pla\u0161a telts ar div\u0101m ieej\u0101m, paredz\u0113ta diviem cilv\u0113kiem. Uzst\u0101d\u012b\u0161anai nepiecie\u0161amas 2 trekinga n\u016bjas (120-125cm).","robots":{"index":"index","follow":"follow","max-snippet":"max-snippet:-1","max-image-preview":"max-image-preview:large","max-video-preview":"max-video-preview:-1"},"canonical":"https:\/\/gohike.lv\/ru\/produkts\/3f-ul-gear-lanshan-2-pro\/","og_locale":"ru_RU","og_type":"article","og_title":"3F UL GEAR - P\u0101rg\u0101jienu teltis - Lanshan 2 Pro","og_description":"Pla\u0161a telts ar div\u0101m ieej\u0101m, paredz\u0113ta diviem cilv\u0113kiem. Uzst\u0101d\u012b\u0161anai nepiecie\u0161amas 2 trekinga n\u016bjas (120-125cm).","og_url":"https:\/\/gohike.lv\/ru\/produkts\/3f-ul-gear-lanshan-2-pro\/","og_site_name":"GoHike","article_publisher":"https:\/\/www.facebook.com\/gohike.shop\/","article_modified_time":"2025-12-30T14:24:54+00:00","og_image":[{"width":800,"height":800,"url":"https:\/\/gohike.lv\/wp-content\/uploads\/2024\/03\/Lanshan2-Pro-7.jpg","type":"image\/jpeg"}],"twitter_card":"summary_large_image","twitter_title":"3F UL GEAR - P\u0101rg\u0101jienu teltis - Lanshan 2 Pro","twitter_misc":{"\u041f\u0440\u0438\u043c\u0435\u0440\u043d\u043e\u0435 \u0432\u0440\u0435\u043c\u044f \u0434\u043b\u044f \u0447\u0442\u0435\u043d\u0438\u044f":"1 \u043c\u0438\u043d\u0443\u0442\u0430"},"schema":{"@context":"https:\/\/schema.org","@graph":[{"@type":["WebPage","ItemPage"],"@id":"https:\/\/gohike.lv\/ru\/produkts\/3f-ul-gear-lanshan-2-pro\/","url":"https:\/\/gohike.lv\/ru\/produkts\/3f-ul-gear-lanshan-2-pro\/","name":"3F UL GEAR - Lanshan 2 Pro telts","isPartOf":{"@id":"https:\/\/gohike.lv\/ru\/#website"},"primaryImageOfPage":{"@id":"https:\/\/gohike.lv\/ru\/produkts\/3f-ul-gear-lanshan-2-pro\/#primaryimage"},"image":{"@id":"https:\/\/gohike.lv\/ru\/produkts\/3f-ul-gear-lanshan-2-pro\/#primaryimage"},"thumbnailUrl":"https:\/\/gohike.lv\/wp-content\/uploads\/2024\/03\/Lanshan2-Pro-7.jpg","datePublished":"2024-04-25T18:15:44+00:00","dateModified":"2025-12-30T14:24:54+00:00","description":"Pla\u0161a telts ar div\u0101m ieej\u0101m, paredz\u0113ta diviem cilv\u0113kiem. Uzst\u0101d\u012b\u0161anai nepiecie\u0161amas 2 trekinga n\u016bjas (120-125cm).","breadcrumb":{"@id":"https:\/\/gohike.lv\/ru\/produkts\/3f-ul-gear-lanshan-2-pro\/#breadcrumb"},"inLanguage":"ru-RU","potentialAction":[{"@type":"ReadAction","target":["https:\/\/gohike.lv\/ru\/produkts\/3f-ul-gear-lanshan-2-pro\/"]}]},{"@type":"ImageObject","inLanguage":"ru-RU","@id":"https:\/\/gohike.lv\/ru\/produkts\/3f-ul-gear-lanshan-2-pro\/#primaryimage","url":"https:\/\/gohike.lv\/wp-content\/uploads\/2024\/03\/Lanshan2-Pro-7.jpg","contentUrl":"https:\/\/gohike.lv\/wp-content\/uploads\/2024\/03\/Lanshan2-Pro-7.jpg","width":800,"height":800},{"@type":"BreadcrumbList","@id":"https:\/\/gohike.lv\/ru\/produkts\/3f-ul-gear-lanshan-2-pro\/#breadcrumb","itemListElement":[{"@type":"ListItem","position":1,"name":"\u0413\u043b\u0430\u0432\u043d\u0430\u044f","item":"https:\/\/gohike.lv\/ru\/"},{"@type":"ListItem","position":2,"name":"\u041a\u0430\u0442\u0435\u0433\u043e\u0440\u0438\u0438 \u0442\u043e\u0432\u0430\u0440\u043e\u0432","item":"https:\/\/gohike.lv\/%d0%ba%d0%b0%d1%82%d0%b5%d0%b3%d0%be%d1%80%d0%b8%d0%b8-%d1%82%d0%be%d0%b2%d0%b0%d1%80%d0%be%d0%b2\/"},{"@type":"ListItem","position":3,"name":"3F UL GEAR &#8211; Lanshan 2 Pro telts"}]},{"@type":"WebSite","@id":"https:\/\/gohike.lv\/ru\/#website","url":"https:\/\/gohike.lv\/ru\/","name":"GoHike","description":"","publisher":{"@id":"https:\/\/gohike.lv\/ru\/#organization"},"potentialAction":[{"@type":"SearchAction","target":{"@type":"EntryPoint","urlTemplate":"https:\/\/gohike.lv\/ru\/?s={search_term_string}"},"query-input":{"@type":"PropertyValueSpecification","valueRequired":true,"valueName":"search_term_string"}}],"inLanguage":"ru-RU"},{"@type":"Organization","@id":"https:\/\/gohike.lv\/ru\/#organization","name":"GoHike","url":"https:\/\/gohike.lv\/ru\/","logo":{"@type":"ImageObject","inLanguage":"ru-RU","@id":"https:\/\/gohike.lv\/ru\/#\/schema\/logo\/image\/","url":"https:\/\/gohike.lv\/wp-content\/uploads\/2023\/08\/Logo_GoHike.webp","contentUrl":"https:\/\/gohike.lv\/wp-content\/uploads\/2023\/08\/Logo_GoHike.webp","width":512,"height":512,"caption":"GoHike"},"image":{"@id":"https:\/\/gohike.lv\/ru\/#\/schema\/logo\/image\/"},"sameAs":["https:\/\/www.facebook.com\/gohike.shop\/","https:\/\/www.instagram.com\/gohike.shop\/"]}]}},"jetpack_sharing_enabled":true,"_links":{"self":[{"href":"https:\/\/gohike.lv\/ru\/wp-json\/wp\/v2\/product\/45057","targetHints":{"allow":["GET"]}}],"collection":[{"href":"https:\/\/gohike.lv\/ru\/wp-json\/wp\/v2\/product"}],"about":[{"href":"https:\/\/gohike.lv\/ru\/wp-json\/wp\/v2\/types\/product"}],"version-history":[{"count":1,"href":"https:\/\/gohike.lv\/ru\/wp-json\/wp\/v2\/product\/45057\/revisions"}],"predecessor-version":[{"id":118758,"href":"https:\/\/gohike.lv\/ru\/wp-json\/wp\/v2\/product\/45057\/revisions\/118758"}],"wp:featuredmedia":[{"embeddable":true,"href":"https:\/\/gohike.lv\/ru\/wp-json\/wp\/v2\/media\/24063"}],"wp:attachment":[{"href":"https:\/\/gohike.lv\/ru\/wp-json\/wp\/v2\/media?parent=45057"}],"wp:term":[{"taxonomy":"product_brand","embeddable":true,"href":"https:\/\/gohike.lv\/ru\/wp-json\/wp\/v2\/product_brand?post=45057"},{"taxonomy":"product_cat","embeddable":true,"href":"https:\/\/gohike.lv\/ru\/wp-json\/wp\/v2\/product_cat?post=45057"},{"taxonomy":"product_tag","embeddable":true,"href":"https:\/\/gohike.lv\/ru\/wp-json\/wp\/v2\/product_tag?post=45057"}],"curies":[{"name":"wp","href":"https:\/\/api.w.org\/{rel}","templated":true}]}}