{"id":45051,"date":"2024-04-25T21:15:44","date_gmt":"2024-04-25T18:15:44","guid":{"rendered":"https:\/\/gohike.lv\/produkts\/3f-ul-gear-lanshan-1\/"},"modified":"2025-12-30T17:24:54","modified_gmt":"2025-12-30T14:24:54","slug":"3f-ul-gear-lanshan-1","status":"publish","type":"product","link":"https:\/\/gohike.lv\/ru\/produkts\/3f-ul-gear-lanshan-1\/","title":{"rendered":"3F UL GEAR &#8212; Lanshan 1 telts"},"content":{"rendered":"<p>Dubultsienu, viena cilv\u0113ka telts, kas paredz\u0113ta nak\u0161\u0146o\u0161anai pie dabas, neatkar\u012bgi no laikapst\u0101k\u013ciem.<br \/>\nUzst\u0101d\u012b\u0161anai nepiecie\u0161ama 1 trekinga n\u016bja (120-125cm).<br \/>\nTelts korpuss ir ar silikonu apstr\u0101d\u0101ts neilona ripstops ar 5000 mm \u016bdensiztur\u012bgu PU p\u0101rkl\u0101jumu.<br \/>\nVisas \u0161uves apl\u012bm\u0113tas ar \u016bdensiztur\u012bgu, \u0161\u0137\u012bdin\u0101t\u0101ju nesaturo\u0161u poliuret\u0101na lenti.<br \/>\n1 durvis, 1 vestibils un 1 s\u0101nu tr\u012bsst\u016brveida iek\u0161\u0113j\u0101 vieta mantu glab\u0101\u0161anai.<br \/>\n\u012apa\u0161i viegla: svars 770 g.<br \/>\nR\u0101v\u0113jsl\u0113dz\u0113js un spr\u0101dze: YKK, Duraflex.<br \/>\nAuduma svars: 40g\/m\u00b2.<br \/>\nAuduma pl\u012bsuma iztur\u012bba: 13-15N.<br \/>\nTelts hidroizol\u0101ciju piln\u012bb\u0101 nodro\u0161ina silikona e\u013c\u013ca un PU membr\u0101na.<br \/>\nNesatur PFOS, FPOA, DWR, fluoru, smagos met\u0101lus, aldeh\u012bdus.<br \/>\n\u200bIepakots kartona kast\u0113, kas nesatur plastmasu, iepakojums ir izgatavots, izmantojot p\u0101rstr\u0101d\u0101tu pap\u012bru.<br \/>\n\u0160aj\u0101 produkt\u0101 nav iek\u013cauti stabi un Footprint.<br \/>\nDivi Guy-line ir piesieti pie telts.<\/p>\n","protected":false},"excerpt":{"rendered":"<p>\u012apa\u0161i viegla un \u0101tri izvietojama telts, kas paredz\u0113ta p\u0101rg\u0101jieniem.<\/p>\n","protected":false},"featured_media":24035,"template":"","meta":[],"product_brand":[209],"product_cat":[1817],"product_tag":[],"class_list":{"0":"post-45051","1":"product","2":"type-product","3":"status-publish","4":"has-post-thumbnail","6":"product_brand-3f-ul-gear-lv","7":"product_cat-teltis-un-tenti","8":"pa_acc-svars-footprintaoption-100g","9":"pa_acc-svars-kompresijas-maiss-36g","10":"pa_acc-svars-mietiniimaiss-100g","11":"pa_acc-svars-virve-11g","12":"pa_ieksejie-materiali-3415cm","13":"pa_izmeriscm-9928","14":"pa_kapacitate-1-cilveks","15":"pa_malas-augstums-11cm","16":"pa_produkta-tips-pargajienu-teltis","17":"pa_telts-materials-1-cilveks","19":"first","20":"outofstock","21":"taxable","22":"shipping-taxable","23":"purchasable","24":"product-type-simple"},"raw_content":{"name":"3F UL GEAR - Lanshan 1 telts","description":"Dubultsienu, viena cilv\u0113ka telts, kas paredz\u0113ta nak\u0161\u0146o\u0161anai pie dabas, neatkar\u012bgi no laikapst\u0101k\u013ciem.\nUzst\u0101d\u012b\u0161anai nepiecie\u0161ama 1 trekinga n\u016bja (120-125cm).\nTelts korpuss ir ar silikonu apstr\u0101d\u0101ts neilona ripstops ar 5000 mm \u016bdensiztur\u012bgu PU p\u0101rkl\u0101jumu.\nVisas \u0161uves apl\u012bm\u0113tas ar \u016bdensiztur\u012bgu, \u0161\u0137\u012bdin\u0101t\u0101ju nesaturo\u0161u poliuret\u0101na lenti.\n1 durvis, 1 vestibils un 1 s\u0101nu tr\u012bsst\u016brveida iek\u0161\u0113j\u0101 vieta mantu glab\u0101\u0161anai.\n\u012apa\u0161i viegla: svars 770 g.\nR\u0101v\u0113jsl\u0113dz\u0113js un spr\u0101dze: YKK, Duraflex.\nAuduma svars: 40g\/m\u00b2.\nAuduma pl\u012bsuma iztur\u012bba: 13-15N.\nTelts hidroizol\u0101ciju piln\u012bb\u0101 nodro\u0161ina silikona e\u013c\u013ca un PU membr\u0101na.\nNesatur PFOS, FPOA, DWR, fluoru, smagos met\u0101lus, aldeh\u012bdus.\n\u200bIepakots kartona kast\u0113, kas nesatur plastmasu, iepakojums ir izgatavots, izmantojot p\u0101rstr\u0101d\u0101tu pap\u012bru.\n\u0160aj\u0101 produkt\u0101 nav iek\u013cauti stabi un Footprint.\nDivi Guy-line ir piesieti pie telts.","short_description":"\u012apa\u0161i viegla un \u0101tri izvietojama telts, kas paredz\u0113ta p\u0101rg\u0101jieniem.","status":"publish","sku":"3F UL GEAR_1","original":45051},"wpml":{"translation_type":1,"has_translations":true,"original":45051,"duplicates":[],"translations":{"lv":45051,"en":68728,"ru":null}},"supplier_id":null,"supplier_sku":"","barcode":null,"atum_controlled":true,"out_stock_date":"2025-06-04 11:45:24","out_stock_threshold":null,"inheritable":false,"inbound_stock":0,"stock_on_hold":0,"sold_today":0,"sales_last_days":0,"reserved_stock":0,"customer_returns":0,"warehouse_damage":0,"lost_in_post":0,"other_logs":0,"out_stock_days":162,"lost_sales":0,"has_location":false,"update_date":"2025-12-30T14:30:42","atum_locations":[],"atum_stock_status":"outofstock","restock_status":false,"low_stock_amount":"","sales_update_date":"2025-11-13T14:09:04","calc_backorders":null,"yoast_head":"<!-- This site is optimized with the Yoast SEO plugin v27.3 - https:\/\/yoast.com\/product\/yoast-seo-wordpress\/ -->\n<title>3F UL GEAR - Lanshan 1 telts<\/title>\n<meta name=\"description\" content=\"\u012apa\u0161i viegla un \u0101tri izvietojama telts, kas paredz\u0113ta p\u0101rg\u0101jieniem. Uzst\u0101d\u012b\u0161anai nepiecie\u0161ama 1 trekinga n\u016bja (120-125cm).\" \/>\n<meta name=\"robots\" content=\"index, follow, max-snippet:-1, max-image-preview:large, max-video-preview:-1\" \/>\n<link rel=\"canonical\" href=\"https:\/\/gohike.lv\/ru\/produkts\/3f-ul-gear-lanshan-1\/\" \/>\n<meta property=\"og:locale\" content=\"ru_RU\" \/>\n<meta property=\"og:type\" content=\"article\" \/>\n<meta property=\"og:title\" content=\"3F UL GEAR - P\u0101rg\u0101jienu teltis - Lanshan 1\" \/>\n<meta property=\"og:description\" content=\"\u012apa\u0161i viegla un \u0101tri izvietojama telts, kas paredz\u0113ta p\u0101rg\u0101jieniem. Uzst\u0101d\u012b\u0161anai nepiecie\u0161ama 1 trekinga n\u016bja (120-125cm).\" \/>\n<meta property=\"og:url\" content=\"https:\/\/gohike.lv\/ru\/produkts\/3f-ul-gear-lanshan-1\/\" \/>\n<meta property=\"og:site_name\" content=\"GoHike\" \/>\n<meta property=\"article:publisher\" content=\"https:\/\/www.facebook.com\/gohike.shop\/\" \/>\n<meta property=\"article:modified_time\" content=\"2025-12-30T14:24:54+00:00\" \/>\n<meta property=\"og:image\" content=\"https:\/\/gohike.lv\/wp-content\/uploads\/2024\/03\/Lanshan1-5.jpg\" \/>\n\t<meta property=\"og:image:width\" content=\"800\" \/>\n\t<meta property=\"og:image:height\" content=\"800\" \/>\n\t<meta property=\"og:image:type\" content=\"image\/jpeg\" \/>\n<meta name=\"twitter:card\" content=\"summary_large_image\" \/>\n<meta name=\"twitter:title\" content=\"3F UL GEAR - P\u0101rg\u0101jienu teltis - Lanshan 1\" \/>\n<meta name=\"twitter:label1\" content=\"\u041f\u0440\u0438\u043c\u0435\u0440\u043d\u043e\u0435 \u0432\u0440\u0435\u043c\u044f \u0434\u043b\u044f \u0447\u0442\u0435\u043d\u0438\u044f\" \/>\n\t<meta name=\"twitter:data1\" content=\"1 \u043c\u0438\u043d\u0443\u0442\u0430\" \/>\n<script type=\"application\/ld+json\" class=\"yoast-schema-graph\">{\"@context\":\"https:\\\/\\\/schema.org\",\"@graph\":[{\"@type\":[\"WebPage\",\"ItemPage\"],\"@id\":\"https:\\\/\\\/gohike.lv\\\/ru\\\/produkts\\\/3f-ul-gear-lanshan-1\\\/\",\"url\":\"https:\\\/\\\/gohike.lv\\\/ru\\\/produkts\\\/3f-ul-gear-lanshan-1\\\/\",\"name\":\"3F UL GEAR - Lanshan 1 telts\",\"isPartOf\":{\"@id\":\"https:\\\/\\\/gohike.lv\\\/ru\\\/#website\"},\"primaryImageOfPage\":{\"@id\":\"https:\\\/\\\/gohike.lv\\\/ru\\\/produkts\\\/3f-ul-gear-lanshan-1\\\/#primaryimage\"},\"image\":{\"@id\":\"https:\\\/\\\/gohike.lv\\\/ru\\\/produkts\\\/3f-ul-gear-lanshan-1\\\/#primaryimage\"},\"thumbnailUrl\":\"https:\\\/\\\/gohike.lv\\\/wp-content\\\/uploads\\\/2024\\\/03\\\/Lanshan1-5.jpg\",\"datePublished\":\"2024-04-25T18:15:44+00:00\",\"dateModified\":\"2025-12-30T14:24:54+00:00\",\"description\":\"\u012apa\u0161i viegla un \u0101tri izvietojama telts, kas paredz\u0113ta p\u0101rg\u0101jieniem. Uzst\u0101d\u012b\u0161anai nepiecie\u0161ama 1 trekinga n\u016bja (120-125cm).\",\"breadcrumb\":{\"@id\":\"https:\\\/\\\/gohike.lv\\\/ru\\\/produkts\\\/3f-ul-gear-lanshan-1\\\/#breadcrumb\"},\"inLanguage\":\"ru-RU\",\"potentialAction\":[{\"@type\":\"ReadAction\",\"target\":[\"https:\\\/\\\/gohike.lv\\\/ru\\\/produkts\\\/3f-ul-gear-lanshan-1\\\/\"]}]},{\"@type\":\"ImageObject\",\"inLanguage\":\"ru-RU\",\"@id\":\"https:\\\/\\\/gohike.lv\\\/ru\\\/produkts\\\/3f-ul-gear-lanshan-1\\\/#primaryimage\",\"url\":\"https:\\\/\\\/gohike.lv\\\/wp-content\\\/uploads\\\/2024\\\/03\\\/Lanshan1-5.jpg\",\"contentUrl\":\"https:\\\/\\\/gohike.lv\\\/wp-content\\\/uploads\\\/2024\\\/03\\\/Lanshan1-5.jpg\",\"width\":800,\"height\":800},{\"@type\":\"BreadcrumbList\",\"@id\":\"https:\\\/\\\/gohike.lv\\\/ru\\\/produkts\\\/3f-ul-gear-lanshan-1\\\/#breadcrumb\",\"itemListElement\":[{\"@type\":\"ListItem\",\"position\":1,\"name\":\"\u0413\u043b\u0430\u0432\u043d\u0430\u044f\",\"item\":\"https:\\\/\\\/gohike.lv\\\/ru\\\/\"},{\"@type\":\"ListItem\",\"position\":2,\"name\":\"\u041a\u0430\u0442\u0435\u0433\u043e\u0440\u0438\u0438 \u0442\u043e\u0432\u0430\u0440\u043e\u0432\",\"item\":\"https:\\\/\\\/gohike.lv\\\/%d0%ba%d0%b0%d1%82%d0%b5%d0%b3%d0%be%d1%80%d0%b8%d0%b8-%d1%82%d0%be%d0%b2%d0%b0%d1%80%d0%be%d0%b2\\\/\"},{\"@type\":\"ListItem\",\"position\":3,\"name\":\"3F UL GEAR &#8211; Lanshan 1 telts\"}]},{\"@type\":\"WebSite\",\"@id\":\"https:\\\/\\\/gohike.lv\\\/ru\\\/#website\",\"url\":\"https:\\\/\\\/gohike.lv\\\/ru\\\/\",\"name\":\"GoHike\",\"description\":\"\",\"publisher\":{\"@id\":\"https:\\\/\\\/gohike.lv\\\/ru\\\/#organization\"},\"potentialAction\":[{\"@type\":\"SearchAction\",\"target\":{\"@type\":\"EntryPoint\",\"urlTemplate\":\"https:\\\/\\\/gohike.lv\\\/ru\\\/?s={search_term_string}\"},\"query-input\":{\"@type\":\"PropertyValueSpecification\",\"valueRequired\":true,\"valueName\":\"search_term_string\"}}],\"inLanguage\":\"ru-RU\"},{\"@type\":\"Organization\",\"@id\":\"https:\\\/\\\/gohike.lv\\\/ru\\\/#organization\",\"name\":\"GoHike\",\"url\":\"https:\\\/\\\/gohike.lv\\\/ru\\\/\",\"logo\":{\"@type\":\"ImageObject\",\"inLanguage\":\"ru-RU\",\"@id\":\"https:\\\/\\\/gohike.lv\\\/ru\\\/#\\\/schema\\\/logo\\\/image\\\/\",\"url\":\"https:\\\/\\\/gohike.lv\\\/wp-content\\\/uploads\\\/2023\\\/08\\\/Logo_GoHike.webp\",\"contentUrl\":\"https:\\\/\\\/gohike.lv\\\/wp-content\\\/uploads\\\/2023\\\/08\\\/Logo_GoHike.webp\",\"width\":512,\"height\":512,\"caption\":\"GoHike\"},\"image\":{\"@id\":\"https:\\\/\\\/gohike.lv\\\/ru\\\/#\\\/schema\\\/logo\\\/image\\\/\"},\"sameAs\":[\"https:\\\/\\\/www.facebook.com\\\/gohike.shop\\\/\",\"https:\\\/\\\/www.instagram.com\\\/gohike.shop\\\/\"]}]}<\/script>\n<!-- \/ Yoast SEO plugin. -->","yoast_head_json":{"title":"3F UL GEAR - Lanshan 1 telts","description":"\u012apa\u0161i viegla un \u0101tri izvietojama telts, kas paredz\u0113ta p\u0101rg\u0101jieniem. Uzst\u0101d\u012b\u0161anai nepiecie\u0161ama 1 trekinga n\u016bja (120-125cm).","robots":{"index":"index","follow":"follow","max-snippet":"max-snippet:-1","max-image-preview":"max-image-preview:large","max-video-preview":"max-video-preview:-1"},"canonical":"https:\/\/gohike.lv\/ru\/produkts\/3f-ul-gear-lanshan-1\/","og_locale":"ru_RU","og_type":"article","og_title":"3F UL GEAR - P\u0101rg\u0101jienu teltis - Lanshan 1","og_description":"\u012apa\u0161i viegla un \u0101tri izvietojama telts, kas paredz\u0113ta p\u0101rg\u0101jieniem. Uzst\u0101d\u012b\u0161anai nepiecie\u0161ama 1 trekinga n\u016bja (120-125cm).","og_url":"https:\/\/gohike.lv\/ru\/produkts\/3f-ul-gear-lanshan-1\/","og_site_name":"GoHike","article_publisher":"https:\/\/www.facebook.com\/gohike.shop\/","article_modified_time":"2025-12-30T14:24:54+00:00","og_image":[{"width":800,"height":800,"url":"https:\/\/gohike.lv\/wp-content\/uploads\/2024\/03\/Lanshan1-5.jpg","type":"image\/jpeg"}],"twitter_card":"summary_large_image","twitter_title":"3F UL GEAR - P\u0101rg\u0101jienu teltis - Lanshan 1","twitter_misc":{"\u041f\u0440\u0438\u043c\u0435\u0440\u043d\u043e\u0435 \u0432\u0440\u0435\u043c\u044f \u0434\u043b\u044f \u0447\u0442\u0435\u043d\u0438\u044f":"1 \u043c\u0438\u043d\u0443\u0442\u0430"},"schema":{"@context":"https:\/\/schema.org","@graph":[{"@type":["WebPage","ItemPage"],"@id":"https:\/\/gohike.lv\/ru\/produkts\/3f-ul-gear-lanshan-1\/","url":"https:\/\/gohike.lv\/ru\/produkts\/3f-ul-gear-lanshan-1\/","name":"3F UL GEAR - Lanshan 1 telts","isPartOf":{"@id":"https:\/\/gohike.lv\/ru\/#website"},"primaryImageOfPage":{"@id":"https:\/\/gohike.lv\/ru\/produkts\/3f-ul-gear-lanshan-1\/#primaryimage"},"image":{"@id":"https:\/\/gohike.lv\/ru\/produkts\/3f-ul-gear-lanshan-1\/#primaryimage"},"thumbnailUrl":"https:\/\/gohike.lv\/wp-content\/uploads\/2024\/03\/Lanshan1-5.jpg","datePublished":"2024-04-25T18:15:44+00:00","dateModified":"2025-12-30T14:24:54+00:00","description":"\u012apa\u0161i viegla un \u0101tri izvietojama telts, kas paredz\u0113ta p\u0101rg\u0101jieniem. Uzst\u0101d\u012b\u0161anai nepiecie\u0161ama 1 trekinga n\u016bja (120-125cm).","breadcrumb":{"@id":"https:\/\/gohike.lv\/ru\/produkts\/3f-ul-gear-lanshan-1\/#breadcrumb"},"inLanguage":"ru-RU","potentialAction":[{"@type":"ReadAction","target":["https:\/\/gohike.lv\/ru\/produkts\/3f-ul-gear-lanshan-1\/"]}]},{"@type":"ImageObject","inLanguage":"ru-RU","@id":"https:\/\/gohike.lv\/ru\/produkts\/3f-ul-gear-lanshan-1\/#primaryimage","url":"https:\/\/gohike.lv\/wp-content\/uploads\/2024\/03\/Lanshan1-5.jpg","contentUrl":"https:\/\/gohike.lv\/wp-content\/uploads\/2024\/03\/Lanshan1-5.jpg","width":800,"height":800},{"@type":"BreadcrumbList","@id":"https:\/\/gohike.lv\/ru\/produkts\/3f-ul-gear-lanshan-1\/#breadcrumb","itemListElement":[{"@type":"ListItem","position":1,"name":"\u0413\u043b\u0430\u0432\u043d\u0430\u044f","item":"https:\/\/gohike.lv\/ru\/"},{"@type":"ListItem","position":2,"name":"\u041a\u0430\u0442\u0435\u0433\u043e\u0440\u0438\u0438 \u0442\u043e\u0432\u0430\u0440\u043e\u0432","item":"https:\/\/gohike.lv\/%d0%ba%d0%b0%d1%82%d0%b5%d0%b3%d0%be%d1%80%d0%b8%d0%b8-%d1%82%d0%be%d0%b2%d0%b0%d1%80%d0%be%d0%b2\/"},{"@type":"ListItem","position":3,"name":"3F UL GEAR &#8211; Lanshan 1 telts"}]},{"@type":"WebSite","@id":"https:\/\/gohike.lv\/ru\/#website","url":"https:\/\/gohike.lv\/ru\/","name":"GoHike","description":"","publisher":{"@id":"https:\/\/gohike.lv\/ru\/#organization"},"potentialAction":[{"@type":"SearchAction","target":{"@type":"EntryPoint","urlTemplate":"https:\/\/gohike.lv\/ru\/?s={search_term_string}"},"query-input":{"@type":"PropertyValueSpecification","valueRequired":true,"valueName":"search_term_string"}}],"inLanguage":"ru-RU"},{"@type":"Organization","@id":"https:\/\/gohike.lv\/ru\/#organization","name":"GoHike","url":"https:\/\/gohike.lv\/ru\/","logo":{"@type":"ImageObject","inLanguage":"ru-RU","@id":"https:\/\/gohike.lv\/ru\/#\/schema\/logo\/image\/","url":"https:\/\/gohike.lv\/wp-content\/uploads\/2023\/08\/Logo_GoHike.webp","contentUrl":"https:\/\/gohike.lv\/wp-content\/uploads\/2023\/08\/Logo_GoHike.webp","width":512,"height":512,"caption":"GoHike"},"image":{"@id":"https:\/\/gohike.lv\/ru\/#\/schema\/logo\/image\/"},"sameAs":["https:\/\/www.facebook.com\/gohike.shop\/","https:\/\/www.instagram.com\/gohike.shop\/"]}]}},"jetpack_sharing_enabled":true,"_links":{"self":[{"href":"https:\/\/gohike.lv\/ru\/wp-json\/wp\/v2\/product\/45051","targetHints":{"allow":["GET"]}}],"collection":[{"href":"https:\/\/gohike.lv\/ru\/wp-json\/wp\/v2\/product"}],"about":[{"href":"https:\/\/gohike.lv\/ru\/wp-json\/wp\/v2\/types\/product"}],"version-history":[{"count":1,"href":"https:\/\/gohike.lv\/ru\/wp-json\/wp\/v2\/product\/45051\/revisions"}],"predecessor-version":[{"id":118799,"href":"https:\/\/gohike.lv\/ru\/wp-json\/wp\/v2\/product\/45051\/revisions\/118799"}],"wp:featuredmedia":[{"embeddable":true,"href":"https:\/\/gohike.lv\/ru\/wp-json\/wp\/v2\/media\/24035"}],"wp:attachment":[{"href":"https:\/\/gohike.lv\/ru\/wp-json\/wp\/v2\/media?parent=45051"}],"wp:term":[{"taxonomy":"product_brand","embeddable":true,"href":"https:\/\/gohike.lv\/ru\/wp-json\/wp\/v2\/product_brand?post=45051"},{"taxonomy":"product_cat","embeddable":true,"href":"https:\/\/gohike.lv\/ru\/wp-json\/wp\/v2\/product_cat?post=45051"},{"taxonomy":"product_tag","embeddable":true,"href":"https:\/\/gohike.lv\/ru\/wp-json\/wp\/v2\/product_tag?post=45051"}],"curies":[{"name":"wp","href":"https:\/\/api.w.org\/{rel}","templated":true}]}}