{"id":44899,"date":"2024-04-25T20:34:41","date_gmt":"2024-04-25T17:34:41","guid":{"rendered":"https:\/\/gohike.lv\/produkts\/naturehike-quilt-ipasi-viegls-gulammaiss\/"},"modified":"2025-12-30T17:10:21","modified_gmt":"2025-12-30T14:10:21","slug":"naturehike-quilt-ipasi-viegls-gulammaiss","status":"publish","type":"product","link":"https:\/\/gohike.lv\/ru\/produkts\/naturehike-quilt-ipasi-viegls-gulammaiss\/","title":{"rendered":"Naturehike &#8212; QUILT \u012bpa\u0161i viegls gu\u013cammaiss"},"content":{"rendered":"<p>\u0160o gu\u013cammaisu var izmantot k\u0101 segu, komplekt\u0101 ir kompresijas maiss, lai var\u0113tu ietaup\u012bt vietu.<br \/>\nMode\u013ca Nr.: CNK2300SD010.<br \/>\nKr\u0101sa: gai\u0161i pel\u0113ka.<br \/>\nSvars: 1000gr.<br \/>\nMateri\u0101ls:<br \/>\nAudums: 10D \u012bpa\u0161i viegls neilons<br \/>\nPild\u012bjums: 750 FP balt\u0101s p\u012b\u013cu d\u016bnas<br \/>\nM:<br \/>\nIzm\u0113rs:<br \/>\n175 x 72 cm (atv\u0113rts);<br \/>\n17 x 31 cm (sl\u0113gts);<br \/>\nSvars: 660gr.<br \/>\nL:<br \/>\nIzm\u0113rs:<br \/>\n190 x 78 cm (atv\u0113rts);<br \/>\n18 x 32 cm (Tertutup);<br \/>\nSvars: 770gr.<br \/>\nKomforta temperat\u016bra: 4\u2103;<br \/>\n\u0100rk\u0101rt\u0113j\u0101 temperat\u016bra: -16\u2103;<br \/>\nTemperat\u016bras ierobe\u017eojums: -1\u2103.<br \/>\nIr iek\u013cauts: 1x gu\u013cammaiss + maisi\u0146\u0161.<br \/>\nProdukta \u012bpa\u0161\u012bbas:<br \/>\n\u0100r\u0113jais materi\u0101ls ir izgatavots no 10D Ultralight neilona, kas ir \u0113rts un \u013coti viegls;<br \/>\nGu\u013cammaisa iek\u0161\u0113jais materi\u0101ls ir izgatavots no 750FP balt\u0101s p\u012b\u013cu d\u016bn\u0101m, kas saglab\u0101 siltumu;<br \/>\nVar mazg\u0101t ar rok\u0101m vai ve\u013casma\u0161\u012bn\u0101;<br \/>\nDivvirzienu r\u0101v\u0113jsl\u0113dz\u0113js apak\u0161\u0101 un temperat\u016bras parametru eti\u0137ete gu\u013cammaisa iek\u0161pus\u0113;<br \/>\nDaudzfunkcion\u0101ls re\u017e\u012bms, gu\u013cammaisa lietojumu var piel\u0101got laikapst\u0101k\u013ciem;<br \/>\nGu\u013cammaiss paliks nemain\u012bgs ar\u012b atk\u0101rtoti mazg\u0101jot, nesaboj\u0101s kokvilnu iek\u0161pus\u0113.<\/p>\n","protected":false},"excerpt":{"rendered":"<p>Naturehike gu\u013cammaiss\/sega izgatavota no \u012bpa\u0161i viegla neilona materi\u0101la.<\/p>\n","protected":false},"featured_media":39121,"template":"","meta":[],"product_brand":[167],"product_cat":[1888],"product_tag":[],"class_list":{"0":"post-44899","1":"product","2":"type-product","3":"status-publish","4":"has-post-thumbnail","6":"product_brand-naturehike-lv","7":"product_cat-gulammaisi","8":"pa_izmers-l","9":"pa_izmers-m","10":"pa_produkta-tips-gulammaisi","12":"first","13":"instock","14":"taxable","15":"shipping-taxable","16":"purchasable","17":"product-type-variable","18":"has-default-attributes"},"raw_content":{"name":"Naturehike - QUILT \u012bpa\u0161i viegls gu\u013cammaiss","description":"\u0160o gu\u013cammaisu var izmantot k\u0101 segu, komplekt\u0101 ir kompresijas maiss, lai var\u0113tu ietaup\u012bt vietu.\nMode\u013ca Nr.: CNK2300SD010.\nKr\u0101sa: gai\u0161i pel\u0113ka.\nSvars: 1000gr.\nMateri\u0101ls:\nAudums: 10D \u012bpa\u0161i viegls neilons\nPild\u012bjums: 750 FP balt\u0101s p\u012b\u013cu d\u016bnas\nM:\nIzm\u0113rs:\n175 x 72 cm (atv\u0113rts);\n17 x 31 cm (sl\u0113gts);\nSvars: 660gr.\nL:\nIzm\u0113rs:\n190 x 78 cm (atv\u0113rts);\n18 x 32 cm (Tertutup);\nSvars: 770gr.\nKomforta temperat\u016bra: 4\u2103;\n\u0100rk\u0101rt\u0113j\u0101 temperat\u016bra: -16\u2103;\nTemperat\u016bras ierobe\u017eojums: -1\u2103.\nIr iek\u013cauts: 1x gu\u013cammaiss + maisi\u0146\u0161.\nProdukta \u012bpa\u0161\u012bbas:\n\u0100r\u0113jais materi\u0101ls ir izgatavots no 10D Ultralight neilona, kas ir \u0113rts un \u013coti viegls;\nGu\u013cammaisa iek\u0161\u0113jais materi\u0101ls ir izgatavots no 750FP balt\u0101s p\u012b\u013cu d\u016bn\u0101m, kas saglab\u0101 siltumu;\nVar mazg\u0101t ar rok\u0101m vai ve\u013casma\u0161\u012bn\u0101;\nDivvirzienu r\u0101v\u0113jsl\u0113dz\u0113js apak\u0161\u0101 un temperat\u016bras parametru eti\u0137ete gu\u013cammaisa iek\u0161pus\u0113;\nDaudzfunkcion\u0101ls re\u017e\u012bms, gu\u013cammaisa lietojumu var piel\u0101got laikapst\u0101k\u013ciem;\nGu\u013cammaiss paliks nemain\u012bgs ar\u012b atk\u0101rtoti mazg\u0101jot, nesaboj\u0101s kokvilnu iek\u0161pus\u0113.","short_description":"Naturehike gu\u013cammaiss\/sega izgatavota no \u012bpa\u0161i viegla neilona materi\u0101la.","status":"publish","sku":"nat000014","original":44899},"wpml":{"translation_type":1,"has_translations":true,"original":44899,"duplicates":[],"translations":{"lv":44899,"en":68711,"ru":null}},"supplier_id":null,"supplier_sku":"","barcode":null,"atum_controlled":true,"out_stock_date":null,"out_stock_threshold":null,"inheritable":false,"inbound_stock":0,"stock_on_hold":0,"sold_today":0,"sales_last_days":0,"reserved_stock":0,"customer_returns":0,"warehouse_damage":0,"lost_in_post":0,"other_logs":0,"out_stock_days":0,"lost_sales":0,"has_location":false,"update_date":"2025-12-30T14:13:31","atum_locations":[],"atum_stock_status":"instock","restock_status":false,"low_stock_amount":"","sales_update_date":"2025-11-13T13:36:27","calc_backorders":null,"yoast_head":"<!-- This site is optimized with the Yoast SEO plugin v27.3 - https:\/\/yoast.com\/product\/yoast-seo-wordpress\/ -->\n<title>Naturehike - QUILT \u012bpa\u0161i viegls gu\u013cammaiss<\/title>\n<meta name=\"description\" content=\"Naturehike gu\u013cammaiss\/sega izgatavota no \u012bpa\u0161i viegla neilona materi\u0101la.\" \/>\n<meta name=\"robots\" content=\"index, follow, max-snippet:-1, max-image-preview:large, max-video-preview:-1\" \/>\n<link rel=\"canonical\" href=\"https:\/\/gohike.lv\/ru\/produkts\/naturehike-quilt-ipasi-viegls-gulammaiss\/\" \/>\n<meta property=\"og:locale\" content=\"ru_RU\" \/>\n<meta property=\"og:type\" content=\"article\" \/>\n<meta property=\"og:title\" content=\"Naturehike - QUILT \u012bpa\u0161i viegls gu\u013cammaiss\" \/>\n<meta property=\"og:description\" content=\"Naturehike gu\u013cammaiss\/sega izgatavota no \u012bpa\u0161i viegla neilona materi\u0101la.\" \/>\n<meta property=\"og:url\" content=\"https:\/\/gohike.lv\/ru\/produkts\/naturehike-quilt-ipasi-viegls-gulammaiss\/\" \/>\n<meta property=\"og:site_name\" content=\"GoHike\" \/>\n<meta property=\"article:publisher\" content=\"https:\/\/www.facebook.com\/gohike.shop\/\" \/>\n<meta property=\"article:modified_time\" content=\"2025-12-30T14:10:21+00:00\" \/>\n<meta property=\"og:image\" content=\"https:\/\/gohike.lv\/wp-content\/uploads\/2024\/04\/QuiltUltra_.webp\" \/>\n\t<meta property=\"og:image:width\" content=\"720\" \/>\n\t<meta property=\"og:image:height\" content=\"720\" \/>\n\t<meta property=\"og:image:type\" content=\"image\/webp\" \/>\n<meta name=\"twitter:card\" content=\"summary_large_image\" \/>\n<meta name=\"twitter:title\" content=\"Naturehike - QUILT \u012bpa\u0161i viegls gu\u013cammaiss\" \/>\n<meta name=\"twitter:label1\" content=\"\u041f\u0440\u0438\u043c\u0435\u0440\u043d\u043e\u0435 \u0432\u0440\u0435\u043c\u044f \u0434\u043b\u044f \u0447\u0442\u0435\u043d\u0438\u044f\" \/>\n\t<meta name=\"twitter:data1\" content=\"1 \u043c\u0438\u043d\u0443\u0442\u0430\" \/>\n<script type=\"application\/ld+json\" class=\"yoast-schema-graph\">{\"@context\":\"https:\\\/\\\/schema.org\",\"@graph\":[{\"@type\":[\"WebPage\",\"ItemPage\"],\"@id\":\"https:\\\/\\\/gohike.lv\\\/ru\\\/produkts\\\/naturehike-quilt-ipasi-viegls-gulammaiss\\\/\",\"url\":\"https:\\\/\\\/gohike.lv\\\/ru\\\/produkts\\\/naturehike-quilt-ipasi-viegls-gulammaiss\\\/\",\"name\":\"Naturehike - QUILT \u012bpa\u0161i viegls gu\u013cammaiss\",\"isPartOf\":{\"@id\":\"https:\\\/\\\/gohike.lv\\\/ru\\\/#website\"},\"primaryImageOfPage\":{\"@id\":\"https:\\\/\\\/gohike.lv\\\/ru\\\/produkts\\\/naturehike-quilt-ipasi-viegls-gulammaiss\\\/#primaryimage\"},\"image\":{\"@id\":\"https:\\\/\\\/gohike.lv\\\/ru\\\/produkts\\\/naturehike-quilt-ipasi-viegls-gulammaiss\\\/#primaryimage\"},\"thumbnailUrl\":\"https:\\\/\\\/gohike.lv\\\/wp-content\\\/uploads\\\/2024\\\/04\\\/QuiltUltra_.webp\",\"datePublished\":\"2024-04-25T17:34:41+00:00\",\"dateModified\":\"2025-12-30T14:10:21+00:00\",\"description\":\"Naturehike gu\u013cammaiss\\\/sega izgatavota no \u012bpa\u0161i viegla neilona materi\u0101la.\",\"breadcrumb\":{\"@id\":\"https:\\\/\\\/gohike.lv\\\/ru\\\/produkts\\\/naturehike-quilt-ipasi-viegls-gulammaiss\\\/#breadcrumb\"},\"inLanguage\":\"ru-RU\",\"potentialAction\":[{\"@type\":\"ReadAction\",\"target\":[\"https:\\\/\\\/gohike.lv\\\/ru\\\/produkts\\\/naturehike-quilt-ipasi-viegls-gulammaiss\\\/\"]}]},{\"@type\":\"ImageObject\",\"inLanguage\":\"ru-RU\",\"@id\":\"https:\\\/\\\/gohike.lv\\\/ru\\\/produkts\\\/naturehike-quilt-ipasi-viegls-gulammaiss\\\/#primaryimage\",\"url\":\"https:\\\/\\\/gohike.lv\\\/wp-content\\\/uploads\\\/2024\\\/04\\\/QuiltUltra_.webp\",\"contentUrl\":\"https:\\\/\\\/gohike.lv\\\/wp-content\\\/uploads\\\/2024\\\/04\\\/QuiltUltra_.webp\",\"width\":720,\"height\":720},{\"@type\":\"BreadcrumbList\",\"@id\":\"https:\\\/\\\/gohike.lv\\\/ru\\\/produkts\\\/naturehike-quilt-ipasi-viegls-gulammaiss\\\/#breadcrumb\",\"itemListElement\":[{\"@type\":\"ListItem\",\"position\":1,\"name\":\"\u0413\u043b\u0430\u0432\u043d\u0430\u044f\",\"item\":\"https:\\\/\\\/gohike.lv\\\/ru\\\/\"},{\"@type\":\"ListItem\",\"position\":2,\"name\":\"\u041a\u0430\u0442\u0435\u0433\u043e\u0440\u0438\u0438 \u0442\u043e\u0432\u0430\u0440\u043e\u0432\",\"item\":\"https:\\\/\\\/gohike.lv\\\/%d0%ba%d0%b0%d1%82%d0%b5%d0%b3%d0%be%d1%80%d0%b8%d0%b8-%d1%82%d0%be%d0%b2%d0%b0%d1%80%d0%be%d0%b2\\\/\"},{\"@type\":\"ListItem\",\"position\":3,\"name\":\"Naturehike &#8211; QUILT \u012bpa\u0161i viegls gu\u013cammaiss\"}]},{\"@type\":\"WebSite\",\"@id\":\"https:\\\/\\\/gohike.lv\\\/ru\\\/#website\",\"url\":\"https:\\\/\\\/gohike.lv\\\/ru\\\/\",\"name\":\"GoHike\",\"description\":\"\",\"publisher\":{\"@id\":\"https:\\\/\\\/gohike.lv\\\/ru\\\/#organization\"},\"potentialAction\":[{\"@type\":\"SearchAction\",\"target\":{\"@type\":\"EntryPoint\",\"urlTemplate\":\"https:\\\/\\\/gohike.lv\\\/ru\\\/?s={search_term_string}\"},\"query-input\":{\"@type\":\"PropertyValueSpecification\",\"valueRequired\":true,\"valueName\":\"search_term_string\"}}],\"inLanguage\":\"ru-RU\"},{\"@type\":\"Organization\",\"@id\":\"https:\\\/\\\/gohike.lv\\\/ru\\\/#organization\",\"name\":\"GoHike\",\"url\":\"https:\\\/\\\/gohike.lv\\\/ru\\\/\",\"logo\":{\"@type\":\"ImageObject\",\"inLanguage\":\"ru-RU\",\"@id\":\"https:\\\/\\\/gohike.lv\\\/ru\\\/#\\\/schema\\\/logo\\\/image\\\/\",\"url\":\"https:\\\/\\\/gohike.lv\\\/wp-content\\\/uploads\\\/2023\\\/08\\\/Logo_GoHike.webp\",\"contentUrl\":\"https:\\\/\\\/gohike.lv\\\/wp-content\\\/uploads\\\/2023\\\/08\\\/Logo_GoHike.webp\",\"width\":512,\"height\":512,\"caption\":\"GoHike\"},\"image\":{\"@id\":\"https:\\\/\\\/gohike.lv\\\/ru\\\/#\\\/schema\\\/logo\\\/image\\\/\"},\"sameAs\":[\"https:\\\/\\\/www.facebook.com\\\/gohike.shop\\\/\",\"https:\\\/\\\/www.instagram.com\\\/gohike.shop\\\/\"]}]}<\/script>\n<!-- \/ Yoast SEO plugin. -->","yoast_head_json":{"title":"Naturehike - QUILT \u012bpa\u0161i viegls gu\u013cammaiss","description":"Naturehike gu\u013cammaiss\/sega izgatavota no \u012bpa\u0161i viegla neilona materi\u0101la.","robots":{"index":"index","follow":"follow","max-snippet":"max-snippet:-1","max-image-preview":"max-image-preview:large","max-video-preview":"max-video-preview:-1"},"canonical":"https:\/\/gohike.lv\/ru\/produkts\/naturehike-quilt-ipasi-viegls-gulammaiss\/","og_locale":"ru_RU","og_type":"article","og_title":"Naturehike - QUILT \u012bpa\u0161i viegls gu\u013cammaiss","og_description":"Naturehike gu\u013cammaiss\/sega izgatavota no \u012bpa\u0161i viegla neilona materi\u0101la.","og_url":"https:\/\/gohike.lv\/ru\/produkts\/naturehike-quilt-ipasi-viegls-gulammaiss\/","og_site_name":"GoHike","article_publisher":"https:\/\/www.facebook.com\/gohike.shop\/","article_modified_time":"2025-12-30T14:10:21+00:00","og_image":[{"width":720,"height":720,"url":"https:\/\/gohike.lv\/wp-content\/uploads\/2024\/04\/QuiltUltra_.webp","type":"image\/webp"}],"twitter_card":"summary_large_image","twitter_title":"Naturehike - QUILT \u012bpa\u0161i viegls gu\u013cammaiss","twitter_misc":{"\u041f\u0440\u0438\u043c\u0435\u0440\u043d\u043e\u0435 \u0432\u0440\u0435\u043c\u044f \u0434\u043b\u044f \u0447\u0442\u0435\u043d\u0438\u044f":"1 \u043c\u0438\u043d\u0443\u0442\u0430"},"schema":{"@context":"https:\/\/schema.org","@graph":[{"@type":["WebPage","ItemPage"],"@id":"https:\/\/gohike.lv\/ru\/produkts\/naturehike-quilt-ipasi-viegls-gulammaiss\/","url":"https:\/\/gohike.lv\/ru\/produkts\/naturehike-quilt-ipasi-viegls-gulammaiss\/","name":"Naturehike - QUILT \u012bpa\u0161i viegls gu\u013cammaiss","isPartOf":{"@id":"https:\/\/gohike.lv\/ru\/#website"},"primaryImageOfPage":{"@id":"https:\/\/gohike.lv\/ru\/produkts\/naturehike-quilt-ipasi-viegls-gulammaiss\/#primaryimage"},"image":{"@id":"https:\/\/gohike.lv\/ru\/produkts\/naturehike-quilt-ipasi-viegls-gulammaiss\/#primaryimage"},"thumbnailUrl":"https:\/\/gohike.lv\/wp-content\/uploads\/2024\/04\/QuiltUltra_.webp","datePublished":"2024-04-25T17:34:41+00:00","dateModified":"2025-12-30T14:10:21+00:00","description":"Naturehike gu\u013cammaiss\/sega izgatavota no \u012bpa\u0161i viegla neilona materi\u0101la.","breadcrumb":{"@id":"https:\/\/gohike.lv\/ru\/produkts\/naturehike-quilt-ipasi-viegls-gulammaiss\/#breadcrumb"},"inLanguage":"ru-RU","potentialAction":[{"@type":"ReadAction","target":["https:\/\/gohike.lv\/ru\/produkts\/naturehike-quilt-ipasi-viegls-gulammaiss\/"]}]},{"@type":"ImageObject","inLanguage":"ru-RU","@id":"https:\/\/gohike.lv\/ru\/produkts\/naturehike-quilt-ipasi-viegls-gulammaiss\/#primaryimage","url":"https:\/\/gohike.lv\/wp-content\/uploads\/2024\/04\/QuiltUltra_.webp","contentUrl":"https:\/\/gohike.lv\/wp-content\/uploads\/2024\/04\/QuiltUltra_.webp","width":720,"height":720},{"@type":"BreadcrumbList","@id":"https:\/\/gohike.lv\/ru\/produkts\/naturehike-quilt-ipasi-viegls-gulammaiss\/#breadcrumb","itemListElement":[{"@type":"ListItem","position":1,"name":"\u0413\u043b\u0430\u0432\u043d\u0430\u044f","item":"https:\/\/gohike.lv\/ru\/"},{"@type":"ListItem","position":2,"name":"\u041a\u0430\u0442\u0435\u0433\u043e\u0440\u0438\u0438 \u0442\u043e\u0432\u0430\u0440\u043e\u0432","item":"https:\/\/gohike.lv\/%d0%ba%d0%b0%d1%82%d0%b5%d0%b3%d0%be%d1%80%d0%b8%d0%b8-%d1%82%d0%be%d0%b2%d0%b0%d1%80%d0%be%d0%b2\/"},{"@type":"ListItem","position":3,"name":"Naturehike &#8211; QUILT \u012bpa\u0161i viegls gu\u013cammaiss"}]},{"@type":"WebSite","@id":"https:\/\/gohike.lv\/ru\/#website","url":"https:\/\/gohike.lv\/ru\/","name":"GoHike","description":"","publisher":{"@id":"https:\/\/gohike.lv\/ru\/#organization"},"potentialAction":[{"@type":"SearchAction","target":{"@type":"EntryPoint","urlTemplate":"https:\/\/gohike.lv\/ru\/?s={search_term_string}"},"query-input":{"@type":"PropertyValueSpecification","valueRequired":true,"valueName":"search_term_string"}}],"inLanguage":"ru-RU"},{"@type":"Organization","@id":"https:\/\/gohike.lv\/ru\/#organization","name":"GoHike","url":"https:\/\/gohike.lv\/ru\/","logo":{"@type":"ImageObject","inLanguage":"ru-RU","@id":"https:\/\/gohike.lv\/ru\/#\/schema\/logo\/image\/","url":"https:\/\/gohike.lv\/wp-content\/uploads\/2023\/08\/Logo_GoHike.webp","contentUrl":"https:\/\/gohike.lv\/wp-content\/uploads\/2023\/08\/Logo_GoHike.webp","width":512,"height":512,"caption":"GoHike"},"image":{"@id":"https:\/\/gohike.lv\/ru\/#\/schema\/logo\/image\/"},"sameAs":["https:\/\/www.facebook.com\/gohike.shop\/","https:\/\/www.instagram.com\/gohike.shop\/"]}]}},"jetpack_sharing_enabled":true,"_links":{"self":[{"href":"https:\/\/gohike.lv\/ru\/wp-json\/wp\/v2\/product\/44899","targetHints":{"allow":["GET"]}}],"collection":[{"href":"https:\/\/gohike.lv\/ru\/wp-json\/wp\/v2\/product"}],"about":[{"href":"https:\/\/gohike.lv\/ru\/wp-json\/wp\/v2\/types\/product"}],"version-history":[{"count":0,"href":"https:\/\/gohike.lv\/ru\/wp-json\/wp\/v2\/product\/44899\/revisions"}],"wp:featuredmedia":[{"embeddable":true,"href":"https:\/\/gohike.lv\/ru\/wp-json\/wp\/v2\/media\/39121"}],"wp:attachment":[{"href":"https:\/\/gohike.lv\/ru\/wp-json\/wp\/v2\/media?parent=44899"}],"wp:term":[{"taxonomy":"product_brand","embeddable":true,"href":"https:\/\/gohike.lv\/ru\/wp-json\/wp\/v2\/product_brand?post=44899"},{"taxonomy":"product_cat","embeddable":true,"href":"https:\/\/gohike.lv\/ru\/wp-json\/wp\/v2\/product_cat?post=44899"},{"taxonomy":"product_tag","embeddable":true,"href":"https:\/\/gohike.lv\/ru\/wp-json\/wp\/v2\/product_tag?post=44899"}],"curies":[{"name":"wp","href":"https:\/\/api.w.org\/{rel}","templated":true}]}}