{"id":44873,"date":"2024-04-25T20:34:08","date_gmt":"2024-04-25T17:34:08","guid":{"rendered":"https:\/\/gohike.lv\/produkts\/naturehike-aploksnes-formas-kokvilnas-gulammaiss-m300\/"},"modified":"2025-12-30T17:10:21","modified_gmt":"2025-12-30T14:10:21","slug":"naturehike-aploksnes-formas-kokvilnas-gulammaiss-m300","status":"publish","type":"product","link":"https:\/\/gohike.lv\/ru\/produkts\/naturehike-aploksnes-formas-kokvilnas-gulammaiss-m300\/","title":{"rendered":"Naturehike &#8212; M300 Aploksnes formas kokvilnas gu\u013cammaiss"},"content":{"rendered":"<p>210T pongee audums ir pild\u012bts ar augstas kvalit\u0101tes p\u016bkainu kokvilnu.<br \/>\nJums b\u016bs \u0113rti ar\u012b tad, ja zeme b\u016bs cieta un raupja.<br \/>\nIek\u0161puse izgatavota no augstas kvalit\u0101tes kokvilnas.<br \/>\n\u0160is kokvilnas gu\u013cammaiss p\u0113c mazg\u0101\u0161anas joproj\u0101m paliek m\u012bksts un \u0101dai pat\u012bkams.<br \/>\nModelis: NH20MSD02.<br \/>\nKr\u0101sa: pel\u0113ka vai za\u013ca.<br \/>\nSvars: 1500g.<br \/>\nVar mazg\u0101t ve\u013casma\u0161\u012bn\u0101.<br \/>\nTemperat\u016bra:<br \/>\nKomforts: M300 (6\u00b0C);<br \/>\nRobe\u017ea: M300 (1\u00b0C);<br \/>\nEkstr\u0113ms: M300 (-13\u00b0C).<br \/>\nMateri\u0101ls: 210T poliestera pongee (ar kapuci).<br \/>\nOder\u0113jums: kokvilna.<br \/>\nPild\u012bjums: 280g d\u016bnas, \/200g\/m\u00b2 p\u016bkaina kokvilna.<br \/>\nIzm\u0113ri:<br \/>\nGu\u013cammaiss: 190 x 80 cm;<br \/>\nUzglab\u0101\u0161anas soma: 43 x 20 cm.<\/p>\n","protected":false},"excerpt":{"rendered":"<p>Komfortabls, iztur\u012bgs, elpojo\u0161s un m\u012bksts materi\u0101ls.<\/p>\n","protected":false},"featured_media":39013,"template":"","meta":[],"product_brand":[167],"product_cat":[1888],"product_tag":[],"class_list":{"0":"post-44873","1":"product","2":"type-product","3":"status-publish","4":"has-post-thumbnail","6":"product_brand-naturehike-lv","7":"product_cat-gulammaisi","8":"pa_izmers-kreisais-ravejsledzejs","9":"pa_izmers-labais-ravejsledzejs","10":"pa_produkta-tips-gulammaisi","11":"pa_spalva-peleks","13":"first","14":"outofstock","15":"taxable","16":"shipping-taxable","17":"purchasable","18":"product-type-variable","19":"has-default-attributes"},"raw_content":{"name":"Naturehike - M300 Aploksnes formas kokvilnas gu\u013cammaiss","description":"210T pongee audums ir pild\u012bts ar augstas kvalit\u0101tes p\u016bkainu kokvilnu.\nJums b\u016bs \u0113rti ar\u012b tad, ja zeme b\u016bs cieta un raupja.\nIek\u0161puse izgatavota no augstas kvalit\u0101tes kokvilnas.\n\u0160is kokvilnas gu\u013cammaiss p\u0113c mazg\u0101\u0161anas joproj\u0101m paliek m\u012bksts un \u0101dai pat\u012bkams.\nModelis: NH20MSD02.\nKr\u0101sa: pel\u0113ka vai za\u013ca.\nSvars: 1500g.\nVar mazg\u0101t ve\u013casma\u0161\u012bn\u0101.\nTemperat\u016bra:\nKomforts: M300 (6\u00b0C);\nRobe\u017ea: M300 (1\u00b0C);\nEkstr\u0113ms: M300 (-13\u00b0C).\nMateri\u0101ls: 210T poliestera pongee (ar kapuci).\nOder\u0113jums: kokvilna.\nPild\u012bjums: 280g d\u016bnas, \/200g\/m\u00b2 p\u016bkaina kokvilna.\nIzm\u0113ri:\nGu\u013cammaiss: 190 x 80 cm;\nUzglab\u0101\u0161anas soma: 43 x 20 cm.","short_description":"Komfortabls, iztur\u012bgs, elpojo\u0161s un m\u012bksts materi\u0101ls.","status":"publish","sku":"nat000008","original":44873},"wpml":{"translation_type":1,"has_translations":true,"original":44873,"duplicates":[],"translations":{"lv":44873,"en":68664,"ru":null}},"supplier_id":null,"supplier_sku":"","barcode":null,"atum_controlled":true,"out_stock_date":null,"out_stock_threshold":null,"inheritable":false,"inbound_stock":0,"stock_on_hold":0,"sold_today":0,"sales_last_days":0,"reserved_stock":0,"customer_returns":0,"warehouse_damage":0,"lost_in_post":0,"other_logs":0,"out_stock_days":0,"lost_sales":0,"has_location":false,"update_date":"2025-12-30T14:13:31","atum_locations":[],"atum_stock_status":"outofstock","restock_status":false,"low_stock_amount":"","sales_update_date":"2025-11-13T14:07:40","calc_backorders":null,"yoast_head":"<!-- This site is optimized with the Yoast SEO plugin v27.3 - https:\/\/yoast.com\/product\/yoast-seo-wordpress\/ -->\n<title>Naturehike - M300 Aploksnes formas kokvilnas gu\u013cammaiss<\/title>\n<meta name=\"description\" content=\"Komfortabls, iztur\u012bgs, elpojo\u0161s un m\u012bksts materi\u0101ls.\" \/>\n<meta name=\"robots\" content=\"index, follow, max-snippet:-1, max-image-preview:large, max-video-preview:-1\" \/>\n<link rel=\"canonical\" href=\"https:\/\/gohike.lv\/ru\/produkts\/naturehike-aploksnes-formas-kokvilnas-gulammaiss-m300\/\" \/>\n<meta property=\"og:locale\" content=\"ru_RU\" \/>\n<meta property=\"og:type\" content=\"article\" \/>\n<meta property=\"og:title\" content=\"Naturehike - Aploksnes formas kokvilnas gu\u013cammaiss - M300\" \/>\n<meta property=\"og:description\" content=\"Komfortabls, iztur\u012bgs, elpojo\u0161s un m\u012bksts materi\u0101ls.\" \/>\n<meta property=\"og:url\" content=\"https:\/\/gohike.lv\/ru\/produkts\/naturehike-aploksnes-formas-kokvilnas-gulammaiss-m300\/\" \/>\n<meta property=\"og:site_name\" content=\"GoHike\" \/>\n<meta property=\"article:publisher\" content=\"https:\/\/www.facebook.com\/gohike.shop\/\" \/>\n<meta property=\"article:modified_time\" content=\"2025-12-30T14:10:21+00:00\" \/>\n<meta property=\"og:image\" content=\"https:\/\/gohike.lv\/wp-content\/uploads\/2024\/04\/M300grey_Left.jpg\" \/>\n\t<meta property=\"og:image:width\" content=\"800\" \/>\n\t<meta property=\"og:image:height\" content=\"800\" \/>\n\t<meta property=\"og:image:type\" content=\"image\/jpeg\" \/>\n<meta name=\"twitter:card\" content=\"summary_large_image\" \/>\n<meta name=\"twitter:title\" content=\"Naturehike - Aploksnes formas kokvilnas gu\u013cammaiss - M300\" \/>\n<meta name=\"twitter:label1\" content=\"\u041f\u0440\u0438\u043c\u0435\u0440\u043d\u043e\u0435 \u0432\u0440\u0435\u043c\u044f \u0434\u043b\u044f \u0447\u0442\u0435\u043d\u0438\u044f\" \/>\n\t<meta name=\"twitter:data1\" content=\"1 \u043c\u0438\u043d\u0443\u0442\u0430\" \/>\n<script type=\"application\/ld+json\" class=\"yoast-schema-graph\">{\"@context\":\"https:\\\/\\\/schema.org\",\"@graph\":[{\"@type\":[\"WebPage\",\"ItemPage\"],\"@id\":\"https:\\\/\\\/gohike.lv\\\/ru\\\/produkts\\\/naturehike-aploksnes-formas-kokvilnas-gulammaiss-m300\\\/\",\"url\":\"https:\\\/\\\/gohike.lv\\\/ru\\\/produkts\\\/naturehike-aploksnes-formas-kokvilnas-gulammaiss-m300\\\/\",\"name\":\"Naturehike - M300 Aploksnes formas kokvilnas gu\u013cammaiss\",\"isPartOf\":{\"@id\":\"https:\\\/\\\/gohike.lv\\\/ru\\\/#website\"},\"primaryImageOfPage\":{\"@id\":\"https:\\\/\\\/gohike.lv\\\/ru\\\/produkts\\\/naturehike-aploksnes-formas-kokvilnas-gulammaiss-m300\\\/#primaryimage\"},\"image\":{\"@id\":\"https:\\\/\\\/gohike.lv\\\/ru\\\/produkts\\\/naturehike-aploksnes-formas-kokvilnas-gulammaiss-m300\\\/#primaryimage\"},\"thumbnailUrl\":\"https:\\\/\\\/gohike.lv\\\/wp-content\\\/uploads\\\/2024\\\/04\\\/M300grey_Left.jpg\",\"datePublished\":\"2024-04-25T17:34:08+00:00\",\"dateModified\":\"2025-12-30T14:10:21+00:00\",\"description\":\"Komfortabls, iztur\u012bgs, elpojo\u0161s un m\u012bksts materi\u0101ls.\",\"breadcrumb\":{\"@id\":\"https:\\\/\\\/gohike.lv\\\/ru\\\/produkts\\\/naturehike-aploksnes-formas-kokvilnas-gulammaiss-m300\\\/#breadcrumb\"},\"inLanguage\":\"ru-RU\",\"potentialAction\":[{\"@type\":\"ReadAction\",\"target\":[\"https:\\\/\\\/gohike.lv\\\/ru\\\/produkts\\\/naturehike-aploksnes-formas-kokvilnas-gulammaiss-m300\\\/\"]}]},{\"@type\":\"ImageObject\",\"inLanguage\":\"ru-RU\",\"@id\":\"https:\\\/\\\/gohike.lv\\\/ru\\\/produkts\\\/naturehike-aploksnes-formas-kokvilnas-gulammaiss-m300\\\/#primaryimage\",\"url\":\"https:\\\/\\\/gohike.lv\\\/wp-content\\\/uploads\\\/2024\\\/04\\\/M300grey_Left.jpg\",\"contentUrl\":\"https:\\\/\\\/gohike.lv\\\/wp-content\\\/uploads\\\/2024\\\/04\\\/M300grey_Left.jpg\",\"width\":800,\"height\":800},{\"@type\":\"BreadcrumbList\",\"@id\":\"https:\\\/\\\/gohike.lv\\\/ru\\\/produkts\\\/naturehike-aploksnes-formas-kokvilnas-gulammaiss-m300\\\/#breadcrumb\",\"itemListElement\":[{\"@type\":\"ListItem\",\"position\":1,\"name\":\"\u0413\u043b\u0430\u0432\u043d\u0430\u044f\",\"item\":\"https:\\\/\\\/gohike.lv\\\/ru\\\/\"},{\"@type\":\"ListItem\",\"position\":2,\"name\":\"\u041a\u0430\u0442\u0435\u0433\u043e\u0440\u0438\u0438 \u0442\u043e\u0432\u0430\u0440\u043e\u0432\",\"item\":\"https:\\\/\\\/gohike.lv\\\/%d0%ba%d0%b0%d1%82%d0%b5%d0%b3%d0%be%d1%80%d0%b8%d0%b8-%d1%82%d0%be%d0%b2%d0%b0%d1%80%d0%be%d0%b2\\\/\"},{\"@type\":\"ListItem\",\"position\":3,\"name\":\"Naturehike &#8211; M300 Aploksnes formas kokvilnas gu\u013cammaiss\"}]},{\"@type\":\"WebSite\",\"@id\":\"https:\\\/\\\/gohike.lv\\\/ru\\\/#website\",\"url\":\"https:\\\/\\\/gohike.lv\\\/ru\\\/\",\"name\":\"GoHike\",\"description\":\"\",\"publisher\":{\"@id\":\"https:\\\/\\\/gohike.lv\\\/ru\\\/#organization\"},\"potentialAction\":[{\"@type\":\"SearchAction\",\"target\":{\"@type\":\"EntryPoint\",\"urlTemplate\":\"https:\\\/\\\/gohike.lv\\\/ru\\\/?s={search_term_string}\"},\"query-input\":{\"@type\":\"PropertyValueSpecification\",\"valueRequired\":true,\"valueName\":\"search_term_string\"}}],\"inLanguage\":\"ru-RU\"},{\"@type\":\"Organization\",\"@id\":\"https:\\\/\\\/gohike.lv\\\/ru\\\/#organization\",\"name\":\"GoHike\",\"url\":\"https:\\\/\\\/gohike.lv\\\/ru\\\/\",\"logo\":{\"@type\":\"ImageObject\",\"inLanguage\":\"ru-RU\",\"@id\":\"https:\\\/\\\/gohike.lv\\\/ru\\\/#\\\/schema\\\/logo\\\/image\\\/\",\"url\":\"https:\\\/\\\/gohike.lv\\\/wp-content\\\/uploads\\\/2023\\\/08\\\/Logo_GoHike.webp\",\"contentUrl\":\"https:\\\/\\\/gohike.lv\\\/wp-content\\\/uploads\\\/2023\\\/08\\\/Logo_GoHike.webp\",\"width\":512,\"height\":512,\"caption\":\"GoHike\"},\"image\":{\"@id\":\"https:\\\/\\\/gohike.lv\\\/ru\\\/#\\\/schema\\\/logo\\\/image\\\/\"},\"sameAs\":[\"https:\\\/\\\/www.facebook.com\\\/gohike.shop\\\/\",\"https:\\\/\\\/www.instagram.com\\\/gohike.shop\\\/\"]}]}<\/script>\n<!-- \/ Yoast SEO plugin. -->","yoast_head_json":{"title":"Naturehike - M300 Aploksnes formas kokvilnas gu\u013cammaiss","description":"Komfortabls, iztur\u012bgs, elpojo\u0161s un m\u012bksts materi\u0101ls.","robots":{"index":"index","follow":"follow","max-snippet":"max-snippet:-1","max-image-preview":"max-image-preview:large","max-video-preview":"max-video-preview:-1"},"canonical":"https:\/\/gohike.lv\/ru\/produkts\/naturehike-aploksnes-formas-kokvilnas-gulammaiss-m300\/","og_locale":"ru_RU","og_type":"article","og_title":"Naturehike - Aploksnes formas kokvilnas gu\u013cammaiss - M300","og_description":"Komfortabls, iztur\u012bgs, elpojo\u0161s un m\u012bksts materi\u0101ls.","og_url":"https:\/\/gohike.lv\/ru\/produkts\/naturehike-aploksnes-formas-kokvilnas-gulammaiss-m300\/","og_site_name":"GoHike","article_publisher":"https:\/\/www.facebook.com\/gohike.shop\/","article_modified_time":"2025-12-30T14:10:21+00:00","og_image":[{"width":800,"height":800,"url":"https:\/\/gohike.lv\/wp-content\/uploads\/2024\/04\/M300grey_Left.jpg","type":"image\/jpeg"}],"twitter_card":"summary_large_image","twitter_title":"Naturehike - Aploksnes formas kokvilnas gu\u013cammaiss - M300","twitter_misc":{"\u041f\u0440\u0438\u043c\u0435\u0440\u043d\u043e\u0435 \u0432\u0440\u0435\u043c\u044f \u0434\u043b\u044f \u0447\u0442\u0435\u043d\u0438\u044f":"1 \u043c\u0438\u043d\u0443\u0442\u0430"},"schema":{"@context":"https:\/\/schema.org","@graph":[{"@type":["WebPage","ItemPage"],"@id":"https:\/\/gohike.lv\/ru\/produkts\/naturehike-aploksnes-formas-kokvilnas-gulammaiss-m300\/","url":"https:\/\/gohike.lv\/ru\/produkts\/naturehike-aploksnes-formas-kokvilnas-gulammaiss-m300\/","name":"Naturehike - M300 Aploksnes formas kokvilnas gu\u013cammaiss","isPartOf":{"@id":"https:\/\/gohike.lv\/ru\/#website"},"primaryImageOfPage":{"@id":"https:\/\/gohike.lv\/ru\/produkts\/naturehike-aploksnes-formas-kokvilnas-gulammaiss-m300\/#primaryimage"},"image":{"@id":"https:\/\/gohike.lv\/ru\/produkts\/naturehike-aploksnes-formas-kokvilnas-gulammaiss-m300\/#primaryimage"},"thumbnailUrl":"https:\/\/gohike.lv\/wp-content\/uploads\/2024\/04\/M300grey_Left.jpg","datePublished":"2024-04-25T17:34:08+00:00","dateModified":"2025-12-30T14:10:21+00:00","description":"Komfortabls, iztur\u012bgs, elpojo\u0161s un m\u012bksts materi\u0101ls.","breadcrumb":{"@id":"https:\/\/gohike.lv\/ru\/produkts\/naturehike-aploksnes-formas-kokvilnas-gulammaiss-m300\/#breadcrumb"},"inLanguage":"ru-RU","potentialAction":[{"@type":"ReadAction","target":["https:\/\/gohike.lv\/ru\/produkts\/naturehike-aploksnes-formas-kokvilnas-gulammaiss-m300\/"]}]},{"@type":"ImageObject","inLanguage":"ru-RU","@id":"https:\/\/gohike.lv\/ru\/produkts\/naturehike-aploksnes-formas-kokvilnas-gulammaiss-m300\/#primaryimage","url":"https:\/\/gohike.lv\/wp-content\/uploads\/2024\/04\/M300grey_Left.jpg","contentUrl":"https:\/\/gohike.lv\/wp-content\/uploads\/2024\/04\/M300grey_Left.jpg","width":800,"height":800},{"@type":"BreadcrumbList","@id":"https:\/\/gohike.lv\/ru\/produkts\/naturehike-aploksnes-formas-kokvilnas-gulammaiss-m300\/#breadcrumb","itemListElement":[{"@type":"ListItem","position":1,"name":"\u0413\u043b\u0430\u0432\u043d\u0430\u044f","item":"https:\/\/gohike.lv\/ru\/"},{"@type":"ListItem","position":2,"name":"\u041a\u0430\u0442\u0435\u0433\u043e\u0440\u0438\u0438 \u0442\u043e\u0432\u0430\u0440\u043e\u0432","item":"https:\/\/gohike.lv\/%d0%ba%d0%b0%d1%82%d0%b5%d0%b3%d0%be%d1%80%d0%b8%d0%b8-%d1%82%d0%be%d0%b2%d0%b0%d1%80%d0%be%d0%b2\/"},{"@type":"ListItem","position":3,"name":"Naturehike &#8211; M300 Aploksnes formas kokvilnas gu\u013cammaiss"}]},{"@type":"WebSite","@id":"https:\/\/gohike.lv\/ru\/#website","url":"https:\/\/gohike.lv\/ru\/","name":"GoHike","description":"","publisher":{"@id":"https:\/\/gohike.lv\/ru\/#organization"},"potentialAction":[{"@type":"SearchAction","target":{"@type":"EntryPoint","urlTemplate":"https:\/\/gohike.lv\/ru\/?s={search_term_string}"},"query-input":{"@type":"PropertyValueSpecification","valueRequired":true,"valueName":"search_term_string"}}],"inLanguage":"ru-RU"},{"@type":"Organization","@id":"https:\/\/gohike.lv\/ru\/#organization","name":"GoHike","url":"https:\/\/gohike.lv\/ru\/","logo":{"@type":"ImageObject","inLanguage":"ru-RU","@id":"https:\/\/gohike.lv\/ru\/#\/schema\/logo\/image\/","url":"https:\/\/gohike.lv\/wp-content\/uploads\/2023\/08\/Logo_GoHike.webp","contentUrl":"https:\/\/gohike.lv\/wp-content\/uploads\/2023\/08\/Logo_GoHike.webp","width":512,"height":512,"caption":"GoHike"},"image":{"@id":"https:\/\/gohike.lv\/ru\/#\/schema\/logo\/image\/"},"sameAs":["https:\/\/www.facebook.com\/gohike.shop\/","https:\/\/www.instagram.com\/gohike.shop\/"]}]}},"jetpack_sharing_enabled":true,"_links":{"self":[{"href":"https:\/\/gohike.lv\/ru\/wp-json\/wp\/v2\/product\/44873","targetHints":{"allow":["GET"]}}],"collection":[{"href":"https:\/\/gohike.lv\/ru\/wp-json\/wp\/v2\/product"}],"about":[{"href":"https:\/\/gohike.lv\/ru\/wp-json\/wp\/v2\/types\/product"}],"version-history":[{"count":0,"href":"https:\/\/gohike.lv\/ru\/wp-json\/wp\/v2\/product\/44873\/revisions"}],"wp:featuredmedia":[{"embeddable":true,"href":"https:\/\/gohike.lv\/ru\/wp-json\/wp\/v2\/media\/39013"}],"wp:attachment":[{"href":"https:\/\/gohike.lv\/ru\/wp-json\/wp\/v2\/media?parent=44873"}],"wp:term":[{"taxonomy":"product_brand","embeddable":true,"href":"https:\/\/gohike.lv\/ru\/wp-json\/wp\/v2\/product_brand?post=44873"},{"taxonomy":"product_cat","embeddable":true,"href":"https:\/\/gohike.lv\/ru\/wp-json\/wp\/v2\/product_cat?post=44873"},{"taxonomy":"product_tag","embeddable":true,"href":"https:\/\/gohike.lv\/ru\/wp-json\/wp\/v2\/product_tag?post=44873"}],"curies":[{"name":"wp","href":"https:\/\/api.w.org\/{rel}","templated":true}]}}