{"id":44864,"date":"2024-04-25T20:33:47","date_gmt":"2024-04-25T17:33:47","guid":{"rendered":"https:\/\/gohike.lv\/produkts\/naturehike-aploksnes-formas-gulammaiss-u350\/"},"modified":"2025-12-30T17:10:21","modified_gmt":"2025-12-30T14:10:21","slug":"naturehike-aploksnes-formas-gulammaiss-u350","status":"publish","type":"product","link":"https:\/\/gohike.lv\/ru\/produkts\/naturehike-aploksnes-formas-gulammaiss-u350\/","title":{"rendered":"Naturehike &#8212; U350 Aploksnes formas gu\u013cammaiss"},"content":{"rendered":"<p>Materi\u0101ls:<br \/>\n190T poliestera \u016bdens atgr\u016bdo\u0161s p\u0101rkl\u0101jums (\u0101rpuse);<br \/>\nHollow kokvilna (parast\u0101 tipa pild\u012bjums);<br \/>\nKokvilnas spalvu imit\u0101cija (S tipa pild\u012bjums);<br \/>\nTemperat\u016bra:<br \/>\nU350 1\u2070C (komforts) \/\/ -2\u2070C (limits) \/\/ -13\u2070 (maksim\u0101lais ierobe\u017eojums);<br \/>\nPild\u012bjuma svars: 350g\/m\u00b2.<br \/>\nIzm\u0113rs:<br \/>\nAtv\u0113rt\u0101 veid\u0101: (190 + 30) x 75 cm;<br \/>\nSaloc\u012bt\u0101 veid\u0101: 27*44cm;;<br \/>\nSvars: 1700 gr;<br \/>\nIepakojuma saturs:<br \/>\n1x gu\u013cammaiss + spr\u0101dzes siksna;<br \/>\n1x kompresijas maisi\u0146\u0161.<\/p>\n","protected":false},"excerpt":{"rendered":"<p>Gu\u013cammaiss ar kapuci, kas izgatavots no Hollow Cotton no Naturehike ar aploksnes stilu, lai to var\u0113tu pla\u0161i atv\u0113rt un p\u0101rv\u0113rst to par segu.<\/p>\n<p>&nbsp;<\/p>\n","protected":false},"featured_media":60986,"template":"","meta":[],"product_brand":[167],"product_cat":[1888],"product_tag":[],"class_list":{"0":"post-44864","1":"product","2":"type-product","3":"status-publish","4":"has-post-thumbnail","6":"product_brand-naturehike-lv","7":"product_cat-gulammaisi","8":"pa_produkta-tips-gulammaisi","9":"pa_spalva-bruns","10":"pa_spalva-tums-zals","11":"pa_spalva-zils","13":"first","14":"instock","15":"taxable","16":"shipping-taxable","17":"purchasable","18":"product-type-variable"},"raw_content":{"name":"Naturehike - U350 Aploksnes formas gu\u013cammaiss","description":"Materi\u0101ls:\r\n190T poliestera \u016bdens atgr\u016bdo\u0161s p\u0101rkl\u0101jums (\u0101rpuse);\r\nHollow kokvilna (parast\u0101 tipa pild\u012bjums);\r\nKokvilnas spalvu imit\u0101cija (S tipa pild\u012bjums);\r\nTemperat\u016bra:\r\nU350 1\u2070C (komforts) \/\/ -2\u2070C (limits) \/\/ -13\u2070 (maksim\u0101lais ierobe\u017eojums);\r\nPild\u012bjuma svars: 350g\/m\u00b2.\r\nIzm\u0113rs:\r\nAtv\u0113rt\u0101 veid\u0101: (190 + 30) x 75 cm;\r\nSaloc\u012bt\u0101 veid\u0101: 27*44cm;;\r\nSvars: 1700 gr;\r\nIepakojuma saturs:\r\n1x gu\u013cammaiss + spr\u0101dzes siksna;\r\n1x kompresijas maisi\u0146\u0161.","short_description":"Gu\u013cammaiss ar kapuci, kas izgatavots no Hollow Cotton no Naturehike ar aploksnes stilu, lai to var\u0113tu pla\u0161i atv\u0113rt un p\u0101rv\u0113rst to par segu.\r\n\r\n&nbsp;","status":"publish","sku":"nat000006","original":44864},"wpml":{"translation_type":1,"has_translations":true,"original":44864,"duplicates":[],"translations":{"lv":44864,"en":68676,"ru":null}},"supplier_id":null,"supplier_sku":"","barcode":null,"atum_controlled":true,"out_stock_date":null,"out_stock_threshold":null,"inheritable":true,"inbound_stock":0,"stock_on_hold":0,"sold_today":0,"sales_last_days":0,"reserved_stock":0,"customer_returns":0,"warehouse_damage":0,"lost_in_post":0,"other_logs":0,"out_stock_days":0,"lost_sales":0,"has_location":false,"update_date":"2025-12-30T14:13:31","atum_locations":[],"atum_stock_status":"instock","restock_status":false,"low_stock_amount":"","sales_update_date":"2025-11-13T13:36:26","calc_backorders":null,"yoast_head":"<!-- This site is optimized with the Yoast SEO plugin v27.3 - https:\/\/yoast.com\/product\/yoast-seo-wordpress\/ -->\n<title>Naturehike - U350 Aploksnes formas gu\u013cammaiss<\/title>\n<meta name=\"description\" content=\"Gu\u013cammaiss ar kapuci, kas izgatavots no Hollow Cotton no Naturehike ar aploksnes stilu, lai to var\u0113tu pla\u0161i atv\u0113rt un p\u0101rv\u0113rst to par segu.\" \/>\n<meta name=\"robots\" content=\"index, follow, max-snippet:-1, max-image-preview:large, max-video-preview:-1\" \/>\n<link rel=\"canonical\" href=\"https:\/\/gohike.lv\/ru\/produkts\/naturehike-aploksnes-formas-gulammaiss-u350\/\" \/>\n<meta property=\"og:locale\" content=\"ru_RU\" \/>\n<meta property=\"og:type\" content=\"article\" \/>\n<meta property=\"og:title\" content=\"Naturehike - Aploksnes formas gu\u013cammaiss - U350\" \/>\n<meta property=\"og:description\" content=\"Gu\u013cammaiss ar kapuci, kas izgatavots no Hollow Cotton no Naturehike ar aploksnes stilu, lai to var\u0113tu pla\u0161i atv\u0113rt un p\u0101rv\u0113rst to par segu.\" \/>\n<meta property=\"og:url\" content=\"https:\/\/gohike.lv\/ru\/produkts\/naturehike-aploksnes-formas-gulammaiss-u350\/\" \/>\n<meta property=\"og:site_name\" content=\"GoHike\" \/>\n<meta property=\"article:publisher\" content=\"https:\/\/www.facebook.com\/gohike.shop\/\" \/>\n<meta property=\"article:modified_time\" content=\"2025-12-30T14:10:21+00:00\" \/>\n<meta property=\"og:image\" content=\"https:\/\/gohike.lv\/wp-content\/uploads\/2024\/04\/UsleepingBag.jpg\" \/>\n\t<meta property=\"og:image:width\" content=\"790\" \/>\n\t<meta property=\"og:image:height\" content=\"790\" \/>\n\t<meta property=\"og:image:type\" content=\"image\/jpeg\" \/>\n<meta name=\"twitter:card\" content=\"summary_large_image\" \/>\n<meta name=\"twitter:title\" content=\"Naturehike - Aploksnes formas gu\u013cammaiss - U350\" \/>\n<meta name=\"twitter:label1\" content=\"\u041f\u0440\u0438\u043c\u0435\u0440\u043d\u043e\u0435 \u0432\u0440\u0435\u043c\u044f \u0434\u043b\u044f \u0447\u0442\u0435\u043d\u0438\u044f\" \/>\n\t<meta name=\"twitter:data1\" content=\"1 \u043c\u0438\u043d\u0443\u0442\u0430\" \/>\n<script type=\"application\/ld+json\" class=\"yoast-schema-graph\">{\"@context\":\"https:\\\/\\\/schema.org\",\"@graph\":[{\"@type\":[\"WebPage\",\"ItemPage\"],\"@id\":\"https:\\\/\\\/gohike.lv\\\/ru\\\/produkts\\\/naturehike-aploksnes-formas-gulammaiss-u350\\\/\",\"url\":\"https:\\\/\\\/gohike.lv\\\/ru\\\/produkts\\\/naturehike-aploksnes-formas-gulammaiss-u350\\\/\",\"name\":\"Naturehike - U350 Aploksnes formas gu\u013cammaiss\",\"isPartOf\":{\"@id\":\"https:\\\/\\\/gohike.lv\\\/ru\\\/#website\"},\"primaryImageOfPage\":{\"@id\":\"https:\\\/\\\/gohike.lv\\\/ru\\\/produkts\\\/naturehike-aploksnes-formas-gulammaiss-u350\\\/#primaryimage\"},\"image\":{\"@id\":\"https:\\\/\\\/gohike.lv\\\/ru\\\/produkts\\\/naturehike-aploksnes-formas-gulammaiss-u350\\\/#primaryimage\"},\"thumbnailUrl\":\"https:\\\/\\\/gohike.lv\\\/wp-content\\\/uploads\\\/2024\\\/04\\\/UsleepingBag.jpg\",\"datePublished\":\"2024-04-25T17:33:47+00:00\",\"dateModified\":\"2025-12-30T14:10:21+00:00\",\"description\":\"Gu\u013cammaiss ar kapuci, kas izgatavots no Hollow Cotton no Naturehike ar aploksnes stilu, lai to var\u0113tu pla\u0161i atv\u0113rt un p\u0101rv\u0113rst to par segu.\",\"breadcrumb\":{\"@id\":\"https:\\\/\\\/gohike.lv\\\/ru\\\/produkts\\\/naturehike-aploksnes-formas-gulammaiss-u350\\\/#breadcrumb\"},\"inLanguage\":\"ru-RU\",\"potentialAction\":[{\"@type\":\"ReadAction\",\"target\":[\"https:\\\/\\\/gohike.lv\\\/ru\\\/produkts\\\/naturehike-aploksnes-formas-gulammaiss-u350\\\/\"]}]},{\"@type\":\"ImageObject\",\"inLanguage\":\"ru-RU\",\"@id\":\"https:\\\/\\\/gohike.lv\\\/ru\\\/produkts\\\/naturehike-aploksnes-formas-gulammaiss-u350\\\/#primaryimage\",\"url\":\"https:\\\/\\\/gohike.lv\\\/wp-content\\\/uploads\\\/2024\\\/04\\\/UsleepingBag.jpg\",\"contentUrl\":\"https:\\\/\\\/gohike.lv\\\/wp-content\\\/uploads\\\/2024\\\/04\\\/UsleepingBag.jpg\",\"width\":790,\"height\":790},{\"@type\":\"BreadcrumbList\",\"@id\":\"https:\\\/\\\/gohike.lv\\\/ru\\\/produkts\\\/naturehike-aploksnes-formas-gulammaiss-u350\\\/#breadcrumb\",\"itemListElement\":[{\"@type\":\"ListItem\",\"position\":1,\"name\":\"\u0413\u043b\u0430\u0432\u043d\u0430\u044f\",\"item\":\"https:\\\/\\\/gohike.lv\\\/ru\\\/\"},{\"@type\":\"ListItem\",\"position\":2,\"name\":\"\u041a\u0430\u0442\u0435\u0433\u043e\u0440\u0438\u0438 \u0442\u043e\u0432\u0430\u0440\u043e\u0432\",\"item\":\"https:\\\/\\\/gohike.lv\\\/%d0%ba%d0%b0%d1%82%d0%b5%d0%b3%d0%be%d1%80%d0%b8%d0%b8-%d1%82%d0%be%d0%b2%d0%b0%d1%80%d0%be%d0%b2\\\/\"},{\"@type\":\"ListItem\",\"position\":3,\"name\":\"Naturehike &#8211; U350 Aploksnes formas gu\u013cammaiss\"}]},{\"@type\":\"WebSite\",\"@id\":\"https:\\\/\\\/gohike.lv\\\/ru\\\/#website\",\"url\":\"https:\\\/\\\/gohike.lv\\\/ru\\\/\",\"name\":\"GoHike\",\"description\":\"\",\"publisher\":{\"@id\":\"https:\\\/\\\/gohike.lv\\\/ru\\\/#organization\"},\"potentialAction\":[{\"@type\":\"SearchAction\",\"target\":{\"@type\":\"EntryPoint\",\"urlTemplate\":\"https:\\\/\\\/gohike.lv\\\/ru\\\/?s={search_term_string}\"},\"query-input\":{\"@type\":\"PropertyValueSpecification\",\"valueRequired\":true,\"valueName\":\"search_term_string\"}}],\"inLanguage\":\"ru-RU\"},{\"@type\":\"Organization\",\"@id\":\"https:\\\/\\\/gohike.lv\\\/ru\\\/#organization\",\"name\":\"GoHike\",\"url\":\"https:\\\/\\\/gohike.lv\\\/ru\\\/\",\"logo\":{\"@type\":\"ImageObject\",\"inLanguage\":\"ru-RU\",\"@id\":\"https:\\\/\\\/gohike.lv\\\/ru\\\/#\\\/schema\\\/logo\\\/image\\\/\",\"url\":\"https:\\\/\\\/gohike.lv\\\/wp-content\\\/uploads\\\/2023\\\/08\\\/Logo_GoHike.webp\",\"contentUrl\":\"https:\\\/\\\/gohike.lv\\\/wp-content\\\/uploads\\\/2023\\\/08\\\/Logo_GoHike.webp\",\"width\":512,\"height\":512,\"caption\":\"GoHike\"},\"image\":{\"@id\":\"https:\\\/\\\/gohike.lv\\\/ru\\\/#\\\/schema\\\/logo\\\/image\\\/\"},\"sameAs\":[\"https:\\\/\\\/www.facebook.com\\\/gohike.shop\\\/\",\"https:\\\/\\\/www.instagram.com\\\/gohike.shop\\\/\"]}]}<\/script>\n<!-- \/ Yoast SEO plugin. -->","yoast_head_json":{"title":"Naturehike - U350 Aploksnes formas gu\u013cammaiss","description":"Gu\u013cammaiss ar kapuci, kas izgatavots no Hollow Cotton no Naturehike ar aploksnes stilu, lai to var\u0113tu pla\u0161i atv\u0113rt un p\u0101rv\u0113rst to par segu.","robots":{"index":"index","follow":"follow","max-snippet":"max-snippet:-1","max-image-preview":"max-image-preview:large","max-video-preview":"max-video-preview:-1"},"canonical":"https:\/\/gohike.lv\/ru\/produkts\/naturehike-aploksnes-formas-gulammaiss-u350\/","og_locale":"ru_RU","og_type":"article","og_title":"Naturehike - Aploksnes formas gu\u013cammaiss - U350","og_description":"Gu\u013cammaiss ar kapuci, kas izgatavots no Hollow Cotton no Naturehike ar aploksnes stilu, lai to var\u0113tu pla\u0161i atv\u0113rt un p\u0101rv\u0113rst to par segu.","og_url":"https:\/\/gohike.lv\/ru\/produkts\/naturehike-aploksnes-formas-gulammaiss-u350\/","og_site_name":"GoHike","article_publisher":"https:\/\/www.facebook.com\/gohike.shop\/","article_modified_time":"2025-12-30T14:10:21+00:00","og_image":[{"width":790,"height":790,"url":"https:\/\/gohike.lv\/wp-content\/uploads\/2024\/04\/UsleepingBag.jpg","type":"image\/jpeg"}],"twitter_card":"summary_large_image","twitter_title":"Naturehike - Aploksnes formas gu\u013cammaiss - U350","twitter_misc":{"\u041f\u0440\u0438\u043c\u0435\u0440\u043d\u043e\u0435 \u0432\u0440\u0435\u043c\u044f \u0434\u043b\u044f \u0447\u0442\u0435\u043d\u0438\u044f":"1 \u043c\u0438\u043d\u0443\u0442\u0430"},"schema":{"@context":"https:\/\/schema.org","@graph":[{"@type":["WebPage","ItemPage"],"@id":"https:\/\/gohike.lv\/ru\/produkts\/naturehike-aploksnes-formas-gulammaiss-u350\/","url":"https:\/\/gohike.lv\/ru\/produkts\/naturehike-aploksnes-formas-gulammaiss-u350\/","name":"Naturehike - U350 Aploksnes formas gu\u013cammaiss","isPartOf":{"@id":"https:\/\/gohike.lv\/ru\/#website"},"primaryImageOfPage":{"@id":"https:\/\/gohike.lv\/ru\/produkts\/naturehike-aploksnes-formas-gulammaiss-u350\/#primaryimage"},"image":{"@id":"https:\/\/gohike.lv\/ru\/produkts\/naturehike-aploksnes-formas-gulammaiss-u350\/#primaryimage"},"thumbnailUrl":"https:\/\/gohike.lv\/wp-content\/uploads\/2024\/04\/UsleepingBag.jpg","datePublished":"2024-04-25T17:33:47+00:00","dateModified":"2025-12-30T14:10:21+00:00","description":"Gu\u013cammaiss ar kapuci, kas izgatavots no Hollow Cotton no Naturehike ar aploksnes stilu, lai to var\u0113tu pla\u0161i atv\u0113rt un p\u0101rv\u0113rst to par segu.","breadcrumb":{"@id":"https:\/\/gohike.lv\/ru\/produkts\/naturehike-aploksnes-formas-gulammaiss-u350\/#breadcrumb"},"inLanguage":"ru-RU","potentialAction":[{"@type":"ReadAction","target":["https:\/\/gohike.lv\/ru\/produkts\/naturehike-aploksnes-formas-gulammaiss-u350\/"]}]},{"@type":"ImageObject","inLanguage":"ru-RU","@id":"https:\/\/gohike.lv\/ru\/produkts\/naturehike-aploksnes-formas-gulammaiss-u350\/#primaryimage","url":"https:\/\/gohike.lv\/wp-content\/uploads\/2024\/04\/UsleepingBag.jpg","contentUrl":"https:\/\/gohike.lv\/wp-content\/uploads\/2024\/04\/UsleepingBag.jpg","width":790,"height":790},{"@type":"BreadcrumbList","@id":"https:\/\/gohike.lv\/ru\/produkts\/naturehike-aploksnes-formas-gulammaiss-u350\/#breadcrumb","itemListElement":[{"@type":"ListItem","position":1,"name":"\u0413\u043b\u0430\u0432\u043d\u0430\u044f","item":"https:\/\/gohike.lv\/ru\/"},{"@type":"ListItem","position":2,"name":"\u041a\u0430\u0442\u0435\u0433\u043e\u0440\u0438\u0438 \u0442\u043e\u0432\u0430\u0440\u043e\u0432","item":"https:\/\/gohike.lv\/%d0%ba%d0%b0%d1%82%d0%b5%d0%b3%d0%be%d1%80%d0%b8%d0%b8-%d1%82%d0%be%d0%b2%d0%b0%d1%80%d0%be%d0%b2\/"},{"@type":"ListItem","position":3,"name":"Naturehike &#8211; U350 Aploksnes formas gu\u013cammaiss"}]},{"@type":"WebSite","@id":"https:\/\/gohike.lv\/ru\/#website","url":"https:\/\/gohike.lv\/ru\/","name":"GoHike","description":"","publisher":{"@id":"https:\/\/gohike.lv\/ru\/#organization"},"potentialAction":[{"@type":"SearchAction","target":{"@type":"EntryPoint","urlTemplate":"https:\/\/gohike.lv\/ru\/?s={search_term_string}"},"query-input":{"@type":"PropertyValueSpecification","valueRequired":true,"valueName":"search_term_string"}}],"inLanguage":"ru-RU"},{"@type":"Organization","@id":"https:\/\/gohike.lv\/ru\/#organization","name":"GoHike","url":"https:\/\/gohike.lv\/ru\/","logo":{"@type":"ImageObject","inLanguage":"ru-RU","@id":"https:\/\/gohike.lv\/ru\/#\/schema\/logo\/image\/","url":"https:\/\/gohike.lv\/wp-content\/uploads\/2023\/08\/Logo_GoHike.webp","contentUrl":"https:\/\/gohike.lv\/wp-content\/uploads\/2023\/08\/Logo_GoHike.webp","width":512,"height":512,"caption":"GoHike"},"image":{"@id":"https:\/\/gohike.lv\/ru\/#\/schema\/logo\/image\/"},"sameAs":["https:\/\/www.facebook.com\/gohike.shop\/","https:\/\/www.instagram.com\/gohike.shop\/"]}]}},"jetpack_sharing_enabled":true,"_links":{"self":[{"href":"https:\/\/gohike.lv\/ru\/wp-json\/wp\/v2\/product\/44864","targetHints":{"allow":["GET"]}}],"collection":[{"href":"https:\/\/gohike.lv\/ru\/wp-json\/wp\/v2\/product"}],"about":[{"href":"https:\/\/gohike.lv\/ru\/wp-json\/wp\/v2\/types\/product"}],"version-history":[{"count":0,"href":"https:\/\/gohike.lv\/ru\/wp-json\/wp\/v2\/product\/44864\/revisions"}],"wp:featuredmedia":[{"embeddable":true,"href":"https:\/\/gohike.lv\/ru\/wp-json\/wp\/v2\/media\/60986"}],"wp:attachment":[{"href":"https:\/\/gohike.lv\/ru\/wp-json\/wp\/v2\/media?parent=44864"}],"wp:term":[{"taxonomy":"product_brand","embeddable":true,"href":"https:\/\/gohike.lv\/ru\/wp-json\/wp\/v2\/product_brand?post=44864"},{"taxonomy":"product_cat","embeddable":true,"href":"https:\/\/gohike.lv\/ru\/wp-json\/wp\/v2\/product_cat?post=44864"},{"taxonomy":"product_tag","embeddable":true,"href":"https:\/\/gohike.lv\/ru\/wp-json\/wp\/v2\/product_tag?post=44864"}],"curies":[{"name":"wp","href":"https:\/\/api.w.org\/{rel}","templated":true}]}}