{"id":44859,"date":"2024-04-25T20:33:47","date_gmt":"2024-04-25T17:33:47","guid":{"rendered":"https:\/\/gohike.lv\/produkts\/naturehike-aploksnes-formas-gulammaiss-u250s\/"},"modified":"2025-12-31T19:57:32","modified_gmt":"2025-12-31T16:57:32","slug":"naturehike-aploksnes-formas-gulammaiss-u250s","status":"publish","type":"product","link":"https:\/\/gohike.lv\/ru\/produkts\/naturehike-aploksnes-formas-gulammaiss-u250s\/","title":{"rendered":"Naturehike &#8212; U250S Aploksnes formas gu\u013cammaiss"},"content":{"rendered":"<p>Materi\u0101ls:<br \/>\n190T poliestera \u016bdens atgr\u016bdo\u0161s p\u0101rkl\u0101jums (\u0101rpuse);<br \/>\nHollow kokvilna (parast\u0101 tipa pild\u012bjums);<br \/>\nKokvilnas spalvu imit\u0101cija (S tipa pild\u012bjums);<br \/>\nTemperat\u016bra:<br \/>\nU250S =0\u2070C (komforts) \/\/ -3\u2070C (limits) \/\/ -14\u2070 (maksim\u0101lais ierobe\u017eojums);<br \/>\nPild\u012bjuma svars: 250g\/m\u00b2;<br \/>\nIzm\u0113rs:<br \/>\nAtv\u0113rt\u0101 veid\u0101: (190 + 30) x 75 cm;<br \/>\nSaloc\u012bta veid\u0101: 25*43cm;<br \/>\nSvars: 1500 gr;<br \/>\nIepakojuma saturs:<br \/>\n1x gu\u013cammaiss + spr\u0101dzes siksna;<br \/>\n1x kompresijas maisi\u0146\u0161.<\/p>\n","protected":false},"excerpt":{"rendered":"<p>Gu\u013cammaiss ar kapuci, kas izgatavots no Hollow Cotton no Naturehike ar aploksnes stilu, lai to var\u0113tu pla\u0161i atv\u0113rt un p\u0101rv\u0113rst par segu. \u0160o gu\u013cammaisu var apvienot ar citu t\u0101da pa\u0161a veida gu\u013cammaisu, lai p\u0101rv\u0113rstu to par dubultu gu\u013cammaisu.<\/p>\n<p>&nbsp;<\/p>\n","protected":false},"featured_media":60988,"template":"","meta":[],"product_brand":[167],"product_cat":[1888],"product_tag":[],"class_list":{"0":"post-44859","1":"product","2":"type-product","3":"status-publish","4":"has-post-thumbnail","6":"product_brand-naturehike-lv","7":"product_cat-gulammaisi","8":"pa_produkta-tips-gulammaisi","9":"pa_spalva-bruns","10":"pa_spalva-tums-zals","11":"pa_spalva-zils","13":"first","14":"instock","15":"taxable","16":"shipping-taxable","17":"purchasable","18":"product-type-variable"},"raw_content":{"name":"Naturehike - U250S Aploksnes formas gu\u013cammaiss","description":"Materi\u0101ls:\n190T poliestera \u016bdens atgr\u016bdo\u0161s p\u0101rkl\u0101jums (\u0101rpuse);\nHollow kokvilna (parast\u0101 tipa pild\u012bjums);\nKokvilnas spalvu imit\u0101cija (S tipa pild\u012bjums);\nTemperat\u016bra:\nU250S =0\u2070C (komforts) \/\/ -3\u2070C (limits) \/\/ -14\u2070 (maksim\u0101lais ierobe\u017eojums);\nPild\u012bjuma svars: 250g\/m\u00b2;\nIzm\u0113rs:\nAtv\u0113rt\u0101 veid\u0101: (190 + 30) x 75 cm;\nSaloc\u012bta veid\u0101: 25*43cm;\nSvars: 1500 gr;\nIepakojuma saturs:\n1x gu\u013cammaiss + spr\u0101dzes siksna;\n1x kompresijas maisi\u0146\u0161.","short_description":"Gu\u013cammaiss ar kapuci, kas izgatavots no Hollow Cotton no Naturehike ar aploksnes stilu, lai to var\u0113tu pla\u0161i atv\u0113rt un p\u0101rv\u0113rst par segu. \u0160o gu\u013cammaisu var apvienot ar citu t\u0101da pa\u0161a veida gu\u013cammaisu, lai p\u0101rv\u0113rstu to par dubultu gu\u013cammaisu.\r\n\r\n&nbsp;","status":"publish","sku":"nat000005","original":44859},"wpml":{"translation_type":1,"has_translations":true,"original":44859,"duplicates":[],"translations":{"lv":44859,"en":68684,"ru":null}},"supplier_id":null,"supplier_sku":"","barcode":null,"atum_controlled":true,"out_stock_date":null,"out_stock_threshold":null,"inheritable":false,"inbound_stock":0,"stock_on_hold":0,"sold_today":0,"sales_last_days":1,"reserved_stock":0,"customer_returns":0,"warehouse_damage":0,"lost_in_post":0,"other_logs":0,"out_stock_days":0,"lost_sales":0,"has_location":false,"update_date":"2025-12-30T14:13:31","atum_locations":[],"atum_stock_status":"instock","restock_status":false,"low_stock_amount":"","sales_update_date":"2025-11-13T13:36:26","calc_backorders":null,"yoast_head":"<!-- This site is optimized with the Yoast SEO plugin v27.3 - https:\/\/yoast.com\/product\/yoast-seo-wordpress\/ -->\n<title>Naturehike - U250S Aploksnes formas gu\u013cammaiss<\/title>\n<meta name=\"description\" content=\"Gu\u013cammaiss ar kapuci, kas izgatavots no Hollow Cotton no Naturehike ar aploksnes stilu, lai to var\u0113tu pla\u0161i atv\u0113rt un p\u0101rv\u0113rst par segu. \u0160o gu\u013cammaisu var apvienot ar citu t\u0101da pa\u0161a veida gu\u013cammaisu, lai p\u0101rv\u0113rstu to par dubultu gu\u013cammaisu.\" \/>\n<meta name=\"robots\" content=\"index, follow, max-snippet:-1, max-image-preview:large, max-video-preview:-1\" \/>\n<link rel=\"canonical\" href=\"https:\/\/gohike.lv\/ru\/produkts\/naturehike-aploksnes-formas-gulammaiss-u250s\/\" \/>\n<meta property=\"og:locale\" content=\"ru_RU\" \/>\n<meta property=\"og:type\" content=\"article\" \/>\n<meta property=\"og:title\" content=\"Naturehike - Aploksnes formas gu\u013cammaiss - U250S\" \/>\n<meta property=\"og:description\" content=\"Gu\u013cammaiss ar kapuci, kas izgatavots no Hollow Cotton no Naturehike ar aploksnes stilu, lai to var\u0113tu pla\u0161i atv\u0113rt un p\u0101rv\u0113rst par segu. \u0160o gu\u013cammaisu var apvienot ar citu t\u0101da pa\u0161a veida gu\u013cammaisu, lai p\u0101rv\u0113rstu to par dubultu gu\u013cammaisu.\" \/>\n<meta property=\"og:url\" content=\"https:\/\/gohike.lv\/ru\/produkts\/naturehike-aploksnes-formas-gulammaiss-u250s\/\" \/>\n<meta property=\"og:site_name\" content=\"GoHike\" \/>\n<meta property=\"article:publisher\" content=\"https:\/\/www.facebook.com\/gohike.shop\/\" \/>\n<meta property=\"article:modified_time\" content=\"2025-12-31T16:57:32+00:00\" \/>\n<meta property=\"og:image\" content=\"https:\/\/gohike.lv\/wp-content\/uploads\/2024\/04\/Uarmygreen.webp\" \/>\n\t<meta property=\"og:image:width\" content=\"800\" \/>\n\t<meta property=\"og:image:height\" content=\"800\" \/>\n\t<meta property=\"og:image:type\" content=\"image\/webp\" \/>\n<meta name=\"twitter:card\" content=\"summary_large_image\" \/>\n<meta name=\"twitter:title\" content=\"Naturehike - Aploksnes formas gu\u013cammaiss - U250S\" \/>\n<meta name=\"twitter:label1\" content=\"\u041f\u0440\u0438\u043c\u0435\u0440\u043d\u043e\u0435 \u0432\u0440\u0435\u043c\u044f \u0434\u043b\u044f \u0447\u0442\u0435\u043d\u0438\u044f\" \/>\n\t<meta name=\"twitter:data1\" content=\"1 \u043c\u0438\u043d\u0443\u0442\u0430\" \/>\n<script type=\"application\/ld+json\" class=\"yoast-schema-graph\">{\"@context\":\"https:\\\/\\\/schema.org\",\"@graph\":[{\"@type\":[\"WebPage\",\"ItemPage\"],\"@id\":\"https:\\\/\\\/gohike.lv\\\/ru\\\/produkts\\\/naturehike-aploksnes-formas-gulammaiss-u250s\\\/\",\"url\":\"https:\\\/\\\/gohike.lv\\\/ru\\\/produkts\\\/naturehike-aploksnes-formas-gulammaiss-u250s\\\/\",\"name\":\"Naturehike - U250S Aploksnes formas gu\u013cammaiss\",\"isPartOf\":{\"@id\":\"https:\\\/\\\/gohike.lv\\\/ru\\\/#website\"},\"primaryImageOfPage\":{\"@id\":\"https:\\\/\\\/gohike.lv\\\/ru\\\/produkts\\\/naturehike-aploksnes-formas-gulammaiss-u250s\\\/#primaryimage\"},\"image\":{\"@id\":\"https:\\\/\\\/gohike.lv\\\/ru\\\/produkts\\\/naturehike-aploksnes-formas-gulammaiss-u250s\\\/#primaryimage\"},\"thumbnailUrl\":\"https:\\\/\\\/gohike.lv\\\/wp-content\\\/uploads\\\/2024\\\/04\\\/Uarmygreen.webp\",\"datePublished\":\"2024-04-25T17:33:47+00:00\",\"dateModified\":\"2025-12-31T16:57:32+00:00\",\"description\":\"Gu\u013cammaiss ar kapuci, kas izgatavots no Hollow Cotton no Naturehike ar aploksnes stilu, lai to var\u0113tu pla\u0161i atv\u0113rt un p\u0101rv\u0113rst par segu. \u0160o gu\u013cammaisu var apvienot ar citu t\u0101da pa\u0161a veida gu\u013cammaisu, lai p\u0101rv\u0113rstu to par dubultu gu\u013cammaisu.\",\"breadcrumb\":{\"@id\":\"https:\\\/\\\/gohike.lv\\\/ru\\\/produkts\\\/naturehike-aploksnes-formas-gulammaiss-u250s\\\/#breadcrumb\"},\"inLanguage\":\"ru-RU\",\"potentialAction\":[{\"@type\":\"ReadAction\",\"target\":[\"https:\\\/\\\/gohike.lv\\\/ru\\\/produkts\\\/naturehike-aploksnes-formas-gulammaiss-u250s\\\/\"]}]},{\"@type\":\"ImageObject\",\"inLanguage\":\"ru-RU\",\"@id\":\"https:\\\/\\\/gohike.lv\\\/ru\\\/produkts\\\/naturehike-aploksnes-formas-gulammaiss-u250s\\\/#primaryimage\",\"url\":\"https:\\\/\\\/gohike.lv\\\/wp-content\\\/uploads\\\/2024\\\/04\\\/Uarmygreen.webp\",\"contentUrl\":\"https:\\\/\\\/gohike.lv\\\/wp-content\\\/uploads\\\/2024\\\/04\\\/Uarmygreen.webp\",\"width\":800,\"height\":800},{\"@type\":\"BreadcrumbList\",\"@id\":\"https:\\\/\\\/gohike.lv\\\/ru\\\/produkts\\\/naturehike-aploksnes-formas-gulammaiss-u250s\\\/#breadcrumb\",\"itemListElement\":[{\"@type\":\"ListItem\",\"position\":1,\"name\":\"\u0413\u043b\u0430\u0432\u043d\u0430\u044f\",\"item\":\"https:\\\/\\\/gohike.lv\\\/ru\\\/\"},{\"@type\":\"ListItem\",\"position\":2,\"name\":\"\u041a\u0430\u0442\u0435\u0433\u043e\u0440\u0438\u0438 \u0442\u043e\u0432\u0430\u0440\u043e\u0432\",\"item\":\"https:\\\/\\\/gohike.lv\\\/%d0%ba%d0%b0%d1%82%d0%b5%d0%b3%d0%be%d1%80%d0%b8%d0%b8-%d1%82%d0%be%d0%b2%d0%b0%d1%80%d0%be%d0%b2\\\/\"},{\"@type\":\"ListItem\",\"position\":3,\"name\":\"Naturehike &#8211; U250S Aploksnes formas gu\u013cammaiss\"}]},{\"@type\":\"WebSite\",\"@id\":\"https:\\\/\\\/gohike.lv\\\/ru\\\/#website\",\"url\":\"https:\\\/\\\/gohike.lv\\\/ru\\\/\",\"name\":\"GoHike\",\"description\":\"\",\"publisher\":{\"@id\":\"https:\\\/\\\/gohike.lv\\\/ru\\\/#organization\"},\"potentialAction\":[{\"@type\":\"SearchAction\",\"target\":{\"@type\":\"EntryPoint\",\"urlTemplate\":\"https:\\\/\\\/gohike.lv\\\/ru\\\/?s={search_term_string}\"},\"query-input\":{\"@type\":\"PropertyValueSpecification\",\"valueRequired\":true,\"valueName\":\"search_term_string\"}}],\"inLanguage\":\"ru-RU\"},{\"@type\":\"Organization\",\"@id\":\"https:\\\/\\\/gohike.lv\\\/ru\\\/#organization\",\"name\":\"GoHike\",\"url\":\"https:\\\/\\\/gohike.lv\\\/ru\\\/\",\"logo\":{\"@type\":\"ImageObject\",\"inLanguage\":\"ru-RU\",\"@id\":\"https:\\\/\\\/gohike.lv\\\/ru\\\/#\\\/schema\\\/logo\\\/image\\\/\",\"url\":\"https:\\\/\\\/gohike.lv\\\/wp-content\\\/uploads\\\/2023\\\/08\\\/Logo_GoHike.webp\",\"contentUrl\":\"https:\\\/\\\/gohike.lv\\\/wp-content\\\/uploads\\\/2023\\\/08\\\/Logo_GoHike.webp\",\"width\":512,\"height\":512,\"caption\":\"GoHike\"},\"image\":{\"@id\":\"https:\\\/\\\/gohike.lv\\\/ru\\\/#\\\/schema\\\/logo\\\/image\\\/\"},\"sameAs\":[\"https:\\\/\\\/www.facebook.com\\\/gohike.shop\\\/\",\"https:\\\/\\\/www.instagram.com\\\/gohike.shop\\\/\"]}]}<\/script>\n<!-- \/ Yoast SEO plugin. -->","yoast_head_json":{"title":"Naturehike - U250S Aploksnes formas gu\u013cammaiss","description":"Gu\u013cammaiss ar kapuci, kas izgatavots no Hollow Cotton no Naturehike ar aploksnes stilu, lai to var\u0113tu pla\u0161i atv\u0113rt un p\u0101rv\u0113rst par segu. \u0160o gu\u013cammaisu var apvienot ar citu t\u0101da pa\u0161a veida gu\u013cammaisu, lai p\u0101rv\u0113rstu to par dubultu gu\u013cammaisu.","robots":{"index":"index","follow":"follow","max-snippet":"max-snippet:-1","max-image-preview":"max-image-preview:large","max-video-preview":"max-video-preview:-1"},"canonical":"https:\/\/gohike.lv\/ru\/produkts\/naturehike-aploksnes-formas-gulammaiss-u250s\/","og_locale":"ru_RU","og_type":"article","og_title":"Naturehike - Aploksnes formas gu\u013cammaiss - U250S","og_description":"Gu\u013cammaiss ar kapuci, kas izgatavots no Hollow Cotton no Naturehike ar aploksnes stilu, lai to var\u0113tu pla\u0161i atv\u0113rt un p\u0101rv\u0113rst par segu. \u0160o gu\u013cammaisu var apvienot ar citu t\u0101da pa\u0161a veida gu\u013cammaisu, lai p\u0101rv\u0113rstu to par dubultu gu\u013cammaisu.","og_url":"https:\/\/gohike.lv\/ru\/produkts\/naturehike-aploksnes-formas-gulammaiss-u250s\/","og_site_name":"GoHike","article_publisher":"https:\/\/www.facebook.com\/gohike.shop\/","article_modified_time":"2025-12-31T16:57:32+00:00","og_image":[{"width":800,"height":800,"url":"https:\/\/gohike.lv\/wp-content\/uploads\/2024\/04\/Uarmygreen.webp","type":"image\/webp"}],"twitter_card":"summary_large_image","twitter_title":"Naturehike - Aploksnes formas gu\u013cammaiss - U250S","twitter_misc":{"\u041f\u0440\u0438\u043c\u0435\u0440\u043d\u043e\u0435 \u0432\u0440\u0435\u043c\u044f \u0434\u043b\u044f \u0447\u0442\u0435\u043d\u0438\u044f":"1 \u043c\u0438\u043d\u0443\u0442\u0430"},"schema":{"@context":"https:\/\/schema.org","@graph":[{"@type":["WebPage","ItemPage"],"@id":"https:\/\/gohike.lv\/ru\/produkts\/naturehike-aploksnes-formas-gulammaiss-u250s\/","url":"https:\/\/gohike.lv\/ru\/produkts\/naturehike-aploksnes-formas-gulammaiss-u250s\/","name":"Naturehike - U250S Aploksnes formas gu\u013cammaiss","isPartOf":{"@id":"https:\/\/gohike.lv\/ru\/#website"},"primaryImageOfPage":{"@id":"https:\/\/gohike.lv\/ru\/produkts\/naturehike-aploksnes-formas-gulammaiss-u250s\/#primaryimage"},"image":{"@id":"https:\/\/gohike.lv\/ru\/produkts\/naturehike-aploksnes-formas-gulammaiss-u250s\/#primaryimage"},"thumbnailUrl":"https:\/\/gohike.lv\/wp-content\/uploads\/2024\/04\/Uarmygreen.webp","datePublished":"2024-04-25T17:33:47+00:00","dateModified":"2025-12-31T16:57:32+00:00","description":"Gu\u013cammaiss ar kapuci, kas izgatavots no Hollow Cotton no Naturehike ar aploksnes stilu, lai to var\u0113tu pla\u0161i atv\u0113rt un p\u0101rv\u0113rst par segu. \u0160o gu\u013cammaisu var apvienot ar citu t\u0101da pa\u0161a veida gu\u013cammaisu, lai p\u0101rv\u0113rstu to par dubultu gu\u013cammaisu.","breadcrumb":{"@id":"https:\/\/gohike.lv\/ru\/produkts\/naturehike-aploksnes-formas-gulammaiss-u250s\/#breadcrumb"},"inLanguage":"ru-RU","potentialAction":[{"@type":"ReadAction","target":["https:\/\/gohike.lv\/ru\/produkts\/naturehike-aploksnes-formas-gulammaiss-u250s\/"]}]},{"@type":"ImageObject","inLanguage":"ru-RU","@id":"https:\/\/gohike.lv\/ru\/produkts\/naturehike-aploksnes-formas-gulammaiss-u250s\/#primaryimage","url":"https:\/\/gohike.lv\/wp-content\/uploads\/2024\/04\/Uarmygreen.webp","contentUrl":"https:\/\/gohike.lv\/wp-content\/uploads\/2024\/04\/Uarmygreen.webp","width":800,"height":800},{"@type":"BreadcrumbList","@id":"https:\/\/gohike.lv\/ru\/produkts\/naturehike-aploksnes-formas-gulammaiss-u250s\/#breadcrumb","itemListElement":[{"@type":"ListItem","position":1,"name":"\u0413\u043b\u0430\u0432\u043d\u0430\u044f","item":"https:\/\/gohike.lv\/ru\/"},{"@type":"ListItem","position":2,"name":"\u041a\u0430\u0442\u0435\u0433\u043e\u0440\u0438\u0438 \u0442\u043e\u0432\u0430\u0440\u043e\u0432","item":"https:\/\/gohike.lv\/%d0%ba%d0%b0%d1%82%d0%b5%d0%b3%d0%be%d1%80%d0%b8%d0%b8-%d1%82%d0%be%d0%b2%d0%b0%d1%80%d0%be%d0%b2\/"},{"@type":"ListItem","position":3,"name":"Naturehike &#8211; U250S Aploksnes formas gu\u013cammaiss"}]},{"@type":"WebSite","@id":"https:\/\/gohike.lv\/ru\/#website","url":"https:\/\/gohike.lv\/ru\/","name":"GoHike","description":"","publisher":{"@id":"https:\/\/gohike.lv\/ru\/#organization"},"potentialAction":[{"@type":"SearchAction","target":{"@type":"EntryPoint","urlTemplate":"https:\/\/gohike.lv\/ru\/?s={search_term_string}"},"query-input":{"@type":"PropertyValueSpecification","valueRequired":true,"valueName":"search_term_string"}}],"inLanguage":"ru-RU"},{"@type":"Organization","@id":"https:\/\/gohike.lv\/ru\/#organization","name":"GoHike","url":"https:\/\/gohike.lv\/ru\/","logo":{"@type":"ImageObject","inLanguage":"ru-RU","@id":"https:\/\/gohike.lv\/ru\/#\/schema\/logo\/image\/","url":"https:\/\/gohike.lv\/wp-content\/uploads\/2023\/08\/Logo_GoHike.webp","contentUrl":"https:\/\/gohike.lv\/wp-content\/uploads\/2023\/08\/Logo_GoHike.webp","width":512,"height":512,"caption":"GoHike"},"image":{"@id":"https:\/\/gohike.lv\/ru\/#\/schema\/logo\/image\/"},"sameAs":["https:\/\/www.facebook.com\/gohike.shop\/","https:\/\/www.instagram.com\/gohike.shop\/"]}]}},"jetpack_sharing_enabled":true,"_links":{"self":[{"href":"https:\/\/gohike.lv\/ru\/wp-json\/wp\/v2\/product\/44859","targetHints":{"allow":["GET"]}}],"collection":[{"href":"https:\/\/gohike.lv\/ru\/wp-json\/wp\/v2\/product"}],"about":[{"href":"https:\/\/gohike.lv\/ru\/wp-json\/wp\/v2\/types\/product"}],"version-history":[{"count":0,"href":"https:\/\/gohike.lv\/ru\/wp-json\/wp\/v2\/product\/44859\/revisions"}],"wp:featuredmedia":[{"embeddable":true,"href":"https:\/\/gohike.lv\/ru\/wp-json\/wp\/v2\/media\/60988"}],"wp:attachment":[{"href":"https:\/\/gohike.lv\/ru\/wp-json\/wp\/v2\/media?parent=44859"}],"wp:term":[{"taxonomy":"product_brand","embeddable":true,"href":"https:\/\/gohike.lv\/ru\/wp-json\/wp\/v2\/product_brand?post=44859"},{"taxonomy":"product_cat","embeddable":true,"href":"https:\/\/gohike.lv\/ru\/wp-json\/wp\/v2\/product_cat?post=44859"},{"taxonomy":"product_tag","embeddable":true,"href":"https:\/\/gohike.lv\/ru\/wp-json\/wp\/v2\/product_tag?post=44859"}],"curies":[{"name":"wp","href":"https:\/\/api.w.org\/{rel}","templated":true}]}}