{"id":44851,"date":"2024-04-25T20:33:19","date_gmt":"2024-04-25T17:33:19","guid":{"rendered":"https:\/\/gohike.lv\/produkts\/naturehike-lw180-gulammaiss-m\/"},"modified":"2026-02-28T20:02:04","modified_gmt":"2026-02-28T17:02:04","slug":"naturehike-lw180-gulammaiss-m","status":"publish","type":"product","link":"https:\/\/gohike.lv\/ru\/produkts\/naturehike-lw180-gulammaiss-m\/","title":{"rendered":"Naturehike &#8212; LW180 gu\u013cammaiss M"},"content":{"rendered":"<p>\u016adensiztur\u012bgs neilona materi\u0101ls un 240T poliestera pongee. Aploksnes modelis, var atv\u0113rt un izmantot k\u0101 segu.<br \/>\nGu\u013cammaisu var saspiest l\u012bdz \u013coti kompaktam izm\u0113ram, ietaupot vietu mugursom\u0101.<br \/>\nMaci\u0146\u0161 ar Cord-Lock sist\u0113mu un kompresijas siksnu, ko var izmantot k\u0101 rokturi.<br \/>\nMateri\u0101ls:<br \/>\n20D 380T neilons (\u0101r\u0113jais SB);<br \/>\n240T poliestera pongee (iek\u0161\u0113jais SB);<br \/>\nZ\u012bdam l\u012bdz\u012bga kokvilna (pild\u012bjums);<br \/>\nPild\u012bjuma svars: 80g\/m2;<br \/>\nIzm\u0113rs:<br \/>\nM = 190 x 75 cm (atv\u0113rts) \/\/ 12 x 29 cm (saloc\u012bts);<br \/>\nIetilp\u012bba: 1 cilv\u0113ks.<br \/>\nSvars: 680 gr;<br \/>\nIepakojuma saturs: gu\u013cammaiss, maisi\u0146\u0161.<\/p>\n","protected":false},"excerpt":{"rendered":"<p>Aploksnes formas gu\u013cammaiss no Naturehike izgatavots no m\u012bksta neilona pongee ar kokvilnas pild\u012bjumu. \u0160o gu\u013cammaisu var apvienot ar citu t\u0101da pa\u0161a veida gu\u013cammaisu, lai p\u0101rv\u0113rstu to par dubultu gu\u013cammaisu. Komplekt\u0101 ietilpst soma p\u0101rn\u0113s\u0101\u0161anai.<\/p>\n<p>&nbsp;<\/p>\n","protected":false},"featured_media":90936,"template":"","meta":[],"product_brand":[13432],"product_cat":[13775],"product_tag":[],"class_list":{"0":"post-44851","1":"product","2":"type-product","3":"status-publish","4":"has-post-thumbnail","6":"product_brand-naturehike-ru","7":"product_cat-13775","8":"pa_produkta-tips-gulammaisi","9":"pa_spalva-armijas-zals","10":"pa_spalva-bruns","11":"pa_spalva-13311","12":"pa_spalva-tumsi-zils","13":"pa_spalva-13305","14":"pa_spalva-zils","16":"first","17":"instock","18":"taxable","19":"shipping-taxable","20":"purchasable","21":"product-type-variable","22":"has-default-attributes"},"raw_content":{"name":"Naturehike - LW180 gu\u013cammaiss M","description":"\u016adensiztur\u012bgs neilona materi\u0101ls un 240T poliestera pongee. Aploksnes modelis, var atv\u0113rt un izmantot k\u0101 segu.\nGu\u013cammaisu var saspiest l\u012bdz \u013coti kompaktam izm\u0113ram, ietaupot vietu mugursom\u0101.\nMaci\u0146\u0161 ar Cord-Lock sist\u0113mu un kompresijas siksnu, ko var izmantot k\u0101 rokturi.\nMateri\u0101ls:\n20D 380T neilons (\u0101r\u0113jais SB);\n240T poliestera pongee (iek\u0161\u0113jais SB);\nZ\u012bdam l\u012bdz\u012bga kokvilna (pild\u012bjums);\nPild\u012bjuma svars: 80g\/m2;\nIzm\u0113rs:\nM = 190 x 75 cm (atv\u0113rts) \/\/ 12 x 29 cm (saloc\u012bts);\nIetilp\u012bba: 1 cilv\u0113ks.\nSvars: 680 gr;\nIepakojuma saturs: gu\u013cammaiss, maisi\u0146\u0161.","short_description":"Aploksnes formas gu\u013cammaiss no Naturehike izgatavots no m\u012bksta neilona pongee ar kokvilnas pild\u012bjumu. \u0160o gu\u013cammaisu var apvienot ar citu t\u0101da pa\u0161a veida gu\u013cammaisu, lai p\u0101rv\u0113rstu to par dubultu gu\u013cammaisu. Komplekt\u0101 ietilpst soma p\u0101rn\u0113s\u0101\u0161anai.\r\n\r\n&nbsp;","status":"publish","sku":"nat000003","original":44851},"wpml":{"translation_type":1,"has_translations":true,"original":44851,"duplicates":[],"translations":{"lv":44851,"en":68659,"ru":null}},"supplier_id":null,"supplier_sku":"","barcode":null,"atum_controlled":true,"out_stock_date":null,"out_stock_threshold":null,"inheritable":true,"inbound_stock":0,"stock_on_hold":0,"sold_today":0,"sales_last_days":2,"reserved_stock":0,"customer_returns":0,"warehouse_damage":0,"lost_in_post":0,"other_logs":0,"out_stock_days":0,"lost_sales":0,"has_location":false,"update_date":"2026-03-03T07:41:28","atum_locations":[],"atum_stock_status":"instock","restock_status":false,"low_stock_amount":"","sales_update_date":"2025-11-13T13:36:26","calc_backorders":null,"yoast_head":"<!-- This site is optimized with the Yoast SEO plugin v27.3 - https:\/\/yoast.com\/product\/yoast-seo-wordpress\/ -->\n<title>Naturehike - LW180 gu\u013cammaiss M<\/title>\n<meta name=\"description\" content=\"Aploksnes formas gu\u013cammaiss no Naturehike izgatavots no m\u012bksta neilona pongee ar kokvilnas pild\u012bjumu. \u0160o gu\u013cammaisu var apvienot ar citu t\u0101da pa\u0161a veida gu\u013cammaisu, lai p\u0101rv\u0113rstu to par dubultu gu\u013cammaisu.\" \/>\n<meta name=\"robots\" content=\"index, follow, max-snippet:-1, max-image-preview:large, max-video-preview:-1\" \/>\n<link rel=\"canonical\" href=\"https:\/\/gohike.lv\/ru\/produkts\/naturehike-lw180-gulammaiss-m\/\" \/>\n<meta property=\"og:locale\" content=\"ru_RU\" \/>\n<meta property=\"og:type\" content=\"article\" \/>\n<meta property=\"og:title\" content=\"Naturehike - LW180 gu\u013cammaiss M\" \/>\n<meta property=\"og:description\" content=\"Aploksnes formas gu\u013cammaiss no Naturehike izgatavots no m\u012bksta neilona pongee ar kokvilnas pild\u012bjumu. \u0160o gu\u013cammaisu var apvienot ar citu t\u0101da pa\u0161a veida gu\u013cammaisu, lai p\u0101rv\u0113rstu to par dubultu gu\u013cammaisu.\" \/>\n<meta property=\"og:url\" content=\"https:\/\/gohike.lv\/ru\/produkts\/naturehike-lw180-gulammaiss-m\/\" \/>\n<meta property=\"og:site_name\" content=\"GoHike\" \/>\n<meta property=\"article:publisher\" content=\"https:\/\/www.facebook.com\/gohike.shop\/\" \/>\n<meta property=\"article:modified_time\" content=\"2026-02-28T17:02:04+00:00\" \/>\n<meta property=\"og:image\" content=\"https:\/\/gohike.lv\/wp-content\/uploads\/2025\/04\/LW180_blue.webp\" \/>\n\t<meta property=\"og:image:width\" content=\"800\" \/>\n\t<meta property=\"og:image:height\" content=\"800\" \/>\n\t<meta property=\"og:image:type\" content=\"image\/webp\" \/>\n<meta name=\"twitter:card\" content=\"summary_large_image\" \/>\n<meta name=\"twitter:title\" content=\"Naturehike - LW180 gu\u013cammaiss M\" \/>\n<meta name=\"twitter:label1\" content=\"\u041f\u0440\u0438\u043c\u0435\u0440\u043d\u043e\u0435 \u0432\u0440\u0435\u043c\u044f \u0434\u043b\u044f \u0447\u0442\u0435\u043d\u0438\u044f\" \/>\n\t<meta name=\"twitter:data1\" content=\"1 \u043c\u0438\u043d\u0443\u0442\u0430\" \/>\n<script type=\"application\/ld+json\" class=\"yoast-schema-graph\">{\"@context\":\"https:\\\/\\\/schema.org\",\"@graph\":[{\"@type\":[\"WebPage\",\"ItemPage\"],\"@id\":\"https:\\\/\\\/gohike.lv\\\/ru\\\/produkts\\\/naturehike-lw180-gulammaiss-m\\\/\",\"url\":\"https:\\\/\\\/gohike.lv\\\/ru\\\/produkts\\\/naturehike-lw180-gulammaiss-m\\\/\",\"name\":\"Naturehike - LW180 gu\u013cammaiss M\",\"isPartOf\":{\"@id\":\"https:\\\/\\\/gohike.lv\\\/ru\\\/#website\"},\"primaryImageOfPage\":{\"@id\":\"https:\\\/\\\/gohike.lv\\\/ru\\\/produkts\\\/naturehike-lw180-gulammaiss-m\\\/#primaryimage\"},\"image\":{\"@id\":\"https:\\\/\\\/gohike.lv\\\/ru\\\/produkts\\\/naturehike-lw180-gulammaiss-m\\\/#primaryimage\"},\"thumbnailUrl\":\"https:\\\/\\\/gohike.lv\\\/wp-content\\\/uploads\\\/2025\\\/04\\\/LW180_blue.webp\",\"datePublished\":\"2024-04-25T17:33:19+00:00\",\"dateModified\":\"2026-02-28T17:02:04+00:00\",\"description\":\"Aploksnes formas gu\u013cammaiss no Naturehike izgatavots no m\u012bksta neilona pongee ar kokvilnas pild\u012bjumu. \u0160o gu\u013cammaisu var apvienot ar citu t\u0101da pa\u0161a veida gu\u013cammaisu, lai p\u0101rv\u0113rstu to par dubultu gu\u013cammaisu.\",\"breadcrumb\":{\"@id\":\"https:\\\/\\\/gohike.lv\\\/ru\\\/produkts\\\/naturehike-lw180-gulammaiss-m\\\/#breadcrumb\"},\"inLanguage\":\"ru-RU\",\"potentialAction\":[{\"@type\":\"ReadAction\",\"target\":[\"https:\\\/\\\/gohike.lv\\\/ru\\\/produkts\\\/naturehike-lw180-gulammaiss-m\\\/\"]}]},{\"@type\":\"ImageObject\",\"inLanguage\":\"ru-RU\",\"@id\":\"https:\\\/\\\/gohike.lv\\\/ru\\\/produkts\\\/naturehike-lw180-gulammaiss-m\\\/#primaryimage\",\"url\":\"https:\\\/\\\/gohike.lv\\\/wp-content\\\/uploads\\\/2025\\\/04\\\/LW180_blue.webp\",\"contentUrl\":\"https:\\\/\\\/gohike.lv\\\/wp-content\\\/uploads\\\/2025\\\/04\\\/LW180_blue.webp\",\"width\":800,\"height\":800},{\"@type\":\"BreadcrumbList\",\"@id\":\"https:\\\/\\\/gohike.lv\\\/ru\\\/produkts\\\/naturehike-lw180-gulammaiss-m\\\/#breadcrumb\",\"itemListElement\":[{\"@type\":\"ListItem\",\"position\":1,\"name\":\"\u0413\u043b\u0430\u0432\u043d\u0430\u044f\",\"item\":\"https:\\\/\\\/gohike.lv\\\/ru\\\/\"},{\"@type\":\"ListItem\",\"position\":2,\"name\":\"\u041a\u0430\u0442\u0435\u0433\u043e\u0440\u0438\u0438 \u0442\u043e\u0432\u0430\u0440\u043e\u0432\",\"item\":\"https:\\\/\\\/gohike.lv\\\/%d0%ba%d0%b0%d1%82%d0%b5%d0%b3%d0%be%d1%80%d0%b8%d0%b8-%d1%82%d0%be%d0%b2%d0%b0%d1%80%d0%be%d0%b2\\\/\"},{\"@type\":\"ListItem\",\"position\":3,\"name\":\"Naturehike &#8211; LW180 gu\u013cammaiss M\"}]},{\"@type\":\"WebSite\",\"@id\":\"https:\\\/\\\/gohike.lv\\\/ru\\\/#website\",\"url\":\"https:\\\/\\\/gohike.lv\\\/ru\\\/\",\"name\":\"GoHike\",\"description\":\"\",\"publisher\":{\"@id\":\"https:\\\/\\\/gohike.lv\\\/ru\\\/#organization\"},\"potentialAction\":[{\"@type\":\"SearchAction\",\"target\":{\"@type\":\"EntryPoint\",\"urlTemplate\":\"https:\\\/\\\/gohike.lv\\\/ru\\\/?s={search_term_string}\"},\"query-input\":{\"@type\":\"PropertyValueSpecification\",\"valueRequired\":true,\"valueName\":\"search_term_string\"}}],\"inLanguage\":\"ru-RU\"},{\"@type\":\"Organization\",\"@id\":\"https:\\\/\\\/gohike.lv\\\/ru\\\/#organization\",\"name\":\"GoHike\",\"url\":\"https:\\\/\\\/gohike.lv\\\/ru\\\/\",\"logo\":{\"@type\":\"ImageObject\",\"inLanguage\":\"ru-RU\",\"@id\":\"https:\\\/\\\/gohike.lv\\\/ru\\\/#\\\/schema\\\/logo\\\/image\\\/\",\"url\":\"https:\\\/\\\/gohike.lv\\\/wp-content\\\/uploads\\\/2023\\\/08\\\/Logo_GoHike.webp\",\"contentUrl\":\"https:\\\/\\\/gohike.lv\\\/wp-content\\\/uploads\\\/2023\\\/08\\\/Logo_GoHike.webp\",\"width\":512,\"height\":512,\"caption\":\"GoHike\"},\"image\":{\"@id\":\"https:\\\/\\\/gohike.lv\\\/ru\\\/#\\\/schema\\\/logo\\\/image\\\/\"},\"sameAs\":[\"https:\\\/\\\/www.facebook.com\\\/gohike.shop\\\/\",\"https:\\\/\\\/www.instagram.com\\\/gohike.shop\\\/\"]}]}<\/script>\n<!-- \/ Yoast SEO plugin. -->","yoast_head_json":{"title":"Naturehike - LW180 gu\u013cammaiss M","description":"Aploksnes formas gu\u013cammaiss no Naturehike izgatavots no m\u012bksta neilona pongee ar kokvilnas pild\u012bjumu. \u0160o gu\u013cammaisu var apvienot ar citu t\u0101da pa\u0161a veida gu\u013cammaisu, lai p\u0101rv\u0113rstu to par dubultu gu\u013cammaisu.","robots":{"index":"index","follow":"follow","max-snippet":"max-snippet:-1","max-image-preview":"max-image-preview:large","max-video-preview":"max-video-preview:-1"},"canonical":"https:\/\/gohike.lv\/ru\/produkts\/naturehike-lw180-gulammaiss-m\/","og_locale":"ru_RU","og_type":"article","og_title":"Naturehike - LW180 gu\u013cammaiss M","og_description":"Aploksnes formas gu\u013cammaiss no Naturehike izgatavots no m\u012bksta neilona pongee ar kokvilnas pild\u012bjumu. \u0160o gu\u013cammaisu var apvienot ar citu t\u0101da pa\u0161a veida gu\u013cammaisu, lai p\u0101rv\u0113rstu to par dubultu gu\u013cammaisu.","og_url":"https:\/\/gohike.lv\/ru\/produkts\/naturehike-lw180-gulammaiss-m\/","og_site_name":"GoHike","article_publisher":"https:\/\/www.facebook.com\/gohike.shop\/","article_modified_time":"2026-02-28T17:02:04+00:00","og_image":[{"width":800,"height":800,"url":"https:\/\/gohike.lv\/wp-content\/uploads\/2025\/04\/LW180_blue.webp","type":"image\/webp"}],"twitter_card":"summary_large_image","twitter_title":"Naturehike - LW180 gu\u013cammaiss M","twitter_misc":{"\u041f\u0440\u0438\u043c\u0435\u0440\u043d\u043e\u0435 \u0432\u0440\u0435\u043c\u044f \u0434\u043b\u044f \u0447\u0442\u0435\u043d\u0438\u044f":"1 \u043c\u0438\u043d\u0443\u0442\u0430"},"schema":{"@context":"https:\/\/schema.org","@graph":[{"@type":["WebPage","ItemPage"],"@id":"https:\/\/gohike.lv\/ru\/produkts\/naturehike-lw180-gulammaiss-m\/","url":"https:\/\/gohike.lv\/ru\/produkts\/naturehike-lw180-gulammaiss-m\/","name":"Naturehike - LW180 gu\u013cammaiss M","isPartOf":{"@id":"https:\/\/gohike.lv\/ru\/#website"},"primaryImageOfPage":{"@id":"https:\/\/gohike.lv\/ru\/produkts\/naturehike-lw180-gulammaiss-m\/#primaryimage"},"image":{"@id":"https:\/\/gohike.lv\/ru\/produkts\/naturehike-lw180-gulammaiss-m\/#primaryimage"},"thumbnailUrl":"https:\/\/gohike.lv\/wp-content\/uploads\/2025\/04\/LW180_blue.webp","datePublished":"2024-04-25T17:33:19+00:00","dateModified":"2026-02-28T17:02:04+00:00","description":"Aploksnes formas gu\u013cammaiss no Naturehike izgatavots no m\u012bksta neilona pongee ar kokvilnas pild\u012bjumu. \u0160o gu\u013cammaisu var apvienot ar citu t\u0101da pa\u0161a veida gu\u013cammaisu, lai p\u0101rv\u0113rstu to par dubultu gu\u013cammaisu.","breadcrumb":{"@id":"https:\/\/gohike.lv\/ru\/produkts\/naturehike-lw180-gulammaiss-m\/#breadcrumb"},"inLanguage":"ru-RU","potentialAction":[{"@type":"ReadAction","target":["https:\/\/gohike.lv\/ru\/produkts\/naturehike-lw180-gulammaiss-m\/"]}]},{"@type":"ImageObject","inLanguage":"ru-RU","@id":"https:\/\/gohike.lv\/ru\/produkts\/naturehike-lw180-gulammaiss-m\/#primaryimage","url":"https:\/\/gohike.lv\/wp-content\/uploads\/2025\/04\/LW180_blue.webp","contentUrl":"https:\/\/gohike.lv\/wp-content\/uploads\/2025\/04\/LW180_blue.webp","width":800,"height":800},{"@type":"BreadcrumbList","@id":"https:\/\/gohike.lv\/ru\/produkts\/naturehike-lw180-gulammaiss-m\/#breadcrumb","itemListElement":[{"@type":"ListItem","position":1,"name":"\u0413\u043b\u0430\u0432\u043d\u0430\u044f","item":"https:\/\/gohike.lv\/ru\/"},{"@type":"ListItem","position":2,"name":"\u041a\u0430\u0442\u0435\u0433\u043e\u0440\u0438\u0438 \u0442\u043e\u0432\u0430\u0440\u043e\u0432","item":"https:\/\/gohike.lv\/%d0%ba%d0%b0%d1%82%d0%b5%d0%b3%d0%be%d1%80%d0%b8%d0%b8-%d1%82%d0%be%d0%b2%d0%b0%d1%80%d0%be%d0%b2\/"},{"@type":"ListItem","position":3,"name":"Naturehike &#8211; LW180 gu\u013cammaiss M"}]},{"@type":"WebSite","@id":"https:\/\/gohike.lv\/ru\/#website","url":"https:\/\/gohike.lv\/ru\/","name":"GoHike","description":"","publisher":{"@id":"https:\/\/gohike.lv\/ru\/#organization"},"potentialAction":[{"@type":"SearchAction","target":{"@type":"EntryPoint","urlTemplate":"https:\/\/gohike.lv\/ru\/?s={search_term_string}"},"query-input":{"@type":"PropertyValueSpecification","valueRequired":true,"valueName":"search_term_string"}}],"inLanguage":"ru-RU"},{"@type":"Organization","@id":"https:\/\/gohike.lv\/ru\/#organization","name":"GoHike","url":"https:\/\/gohike.lv\/ru\/","logo":{"@type":"ImageObject","inLanguage":"ru-RU","@id":"https:\/\/gohike.lv\/ru\/#\/schema\/logo\/image\/","url":"https:\/\/gohike.lv\/wp-content\/uploads\/2023\/08\/Logo_GoHike.webp","contentUrl":"https:\/\/gohike.lv\/wp-content\/uploads\/2023\/08\/Logo_GoHike.webp","width":512,"height":512,"caption":"GoHike"},"image":{"@id":"https:\/\/gohike.lv\/ru\/#\/schema\/logo\/image\/"},"sameAs":["https:\/\/www.facebook.com\/gohike.shop\/","https:\/\/www.instagram.com\/gohike.shop\/"]}]}},"jetpack_sharing_enabled":true,"_links":{"self":[{"href":"https:\/\/gohike.lv\/ru\/wp-json\/wp\/v2\/product\/44851","targetHints":{"allow":["GET"]}}],"collection":[{"href":"https:\/\/gohike.lv\/ru\/wp-json\/wp\/v2\/product"}],"about":[{"href":"https:\/\/gohike.lv\/ru\/wp-json\/wp\/v2\/types\/product"}],"version-history":[{"count":0,"href":"https:\/\/gohike.lv\/ru\/wp-json\/wp\/v2\/product\/44851\/revisions"}],"wp:featuredmedia":[{"embeddable":true,"href":"https:\/\/gohike.lv\/ru\/wp-json\/wp\/v2\/media\/90936"}],"wp:attachment":[{"href":"https:\/\/gohike.lv\/ru\/wp-json\/wp\/v2\/media?parent=44851"}],"wp:term":[{"taxonomy":"product_brand","embeddable":true,"href":"https:\/\/gohike.lv\/ru\/wp-json\/wp\/v2\/product_brand?post=44851"},{"taxonomy":"product_cat","embeddable":true,"href":"https:\/\/gohike.lv\/ru\/wp-json\/wp\/v2\/product_cat?post=44851"},{"taxonomy":"product_tag","embeddable":true,"href":"https:\/\/gohike.lv\/ru\/wp-json\/wp\/v2\/product_tag?post=44851"}],"curies":[{"name":"wp","href":"https:\/\/api.w.org\/{rel}","templated":true}]}}