{"id":44761,"date":"2024-04-25T20:21:30","date_gmt":"2024-04-25T17:21:30","guid":{"rendered":"https:\/\/gohike.lv\/produkts\/naturehike-snowbird-pilu-dunu-gulammaiss7c-m\/"},"modified":"2025-12-30T17:10:13","modified_gmt":"2025-12-30T14:10:13","slug":"naturehike-snowbird-pilu-dunu-gulammaiss7c-m","status":"publish","type":"product","link":"https:\/\/gohike.lv\/ru\/produkts\/naturehike-snowbird-pilu-dunu-gulammaiss7c-m\/","title":{"rendered":"Naturehike &#8212; (Snowbird) P\u012b\u013cu d\u016bnu gu\u013cammaiss (7\u00b0C) &#8212; M"},"content":{"rendered":"<p>M\u012bksts neilona audums, elpojo\u0161s un \u016bdensnecaurlaid\u012bgs.<br \/>\nTas piel\u0101gojas klimata main\u012bgumam.<br \/>\nTam ir C formas apvalka dizains.<br \/>\nAug\u0161\u0113j\u0101s un apak\u0161\u0113j\u0101s da\u013cas attiec\u012bba ir 6:4, kas \u013cauj vair\u0101k d\u016bnu nosegt \u0137ermeni, saglab\u0101jot to siltu un \u0113rtu.<br \/>\nTemperat\u016bra:<br \/>\nKomforts: SnowBird 7\u00b0C (7\u00b0C), SnowBird 2\u00b0C (2\u00b0C), SnowBird -3\u00b0C (-3\u00b0C), SnowBird -7\u00b0C (-7\u00b0C);<br \/>\nIerobe\u017eojums: SnowBird 7\u00b0C (2\u00b0C), SnowBird 2\u00b0C (-4\u00b0C), SnowBird -3\u00b0C (-10\u00b0C), SnowBird -7\u00b0C (-15\u00b0C);<br \/>\nExtreme: SnowBird 7\u00b0C (-9\u00b0C), SnowBird 2\u00b0C (-20\u00b0C), SnowBird -3\u00b0C (-22\u00b0C), SnowBird -7\u00b0C (-35\u00b0C).<br \/>\nMateri\u0101ls:<br \/>\nOder\u0113jums: neilons;<br \/>\nPild\u012bjums: p\u012b\u013cu d\u016bnas.<br \/>\nIzm\u0113ri:<br \/>\nGu\u013cammaiss: M 190x75cm; L 205x80cm; XL 220x85cm;<br \/>\nUzglab\u0101\u0161anas soma: M 31x15cm; L 32x15cm; XL 39x17cm.<\/p>\n","protected":false},"excerpt":{"rendered":"<p>\u0160is \u013coti vieglais gu\u013cammaiss sild\u012bs J\u016bs \u013coti aukstos apst\u0101k\u013cos.<\/p>\n","protected":false},"featured_media":38879,"template":"","meta":[],"product_brand":[167],"product_cat":[1888],"product_tag":[],"class_list":{"0":"post-44761","1":"product","2":"type-product","3":"status-publish","4":"has-post-thumbnail","6":"product_brand-naturehike-lv","7":"product_cat-gulammaisi","8":"pa_izmeriscm-9976","9":"pa_materiali-audums-20d-neilons-oderejums-20d-neilons-siltinajums-650-fp","10":"pa_produkta-tips-gulammaisi","12":"first","13":"outofstock","14":"taxable","15":"shipping-taxable","16":"purchasable","17":"product-type-simple"},"raw_content":{"name":"Naturehike - (Snowbird) P\u012b\u013cu d\u016bnu gu\u013cammaiss (7\u00b0C) - M","description":"M\u012bksts neilona audums, elpojo\u0161s un \u016bdensnecaurlaid\u012bgs.\nTas piel\u0101gojas klimata main\u012bgumam.\nTam ir C formas apvalka dizains.\nAug\u0161\u0113j\u0101s un apak\u0161\u0113j\u0101s da\u013cas attiec\u012bba ir 6:4, kas \u013cauj vair\u0101k d\u016bnu nosegt \u0137ermeni, saglab\u0101jot to siltu un \u0113rtu.\nTemperat\u016bra:\nKomforts: SnowBird 7\u00b0C (7\u00b0C), SnowBird 2\u00b0C (2\u00b0C), SnowBird -3\u00b0C (-3\u00b0C), SnowBird -7\u00b0C (-7\u00b0C);\nIerobe\u017eojums: SnowBird 7\u00b0C (2\u00b0C), SnowBird 2\u00b0C (-4\u00b0C), SnowBird -3\u00b0C (-10\u00b0C), SnowBird -7\u00b0C (-15\u00b0C);\nExtreme: SnowBird 7\u00b0C (-9\u00b0C), SnowBird 2\u00b0C (-20\u00b0C), SnowBird -3\u00b0C (-22\u00b0C), SnowBird -7\u00b0C (-35\u00b0C).\nMateri\u0101ls:\nOder\u0113jums: neilons;\nPild\u012bjums: p\u012b\u013cu d\u016bnas.\nIzm\u0113ri:\nGu\u013cammaiss: M 190x75cm; L 205x80cm; XL 220x85cm;\nUzglab\u0101\u0161anas soma: M 31x15cm; L 32x15cm; XL 39x17cm.","short_description":"\u0160is \u013coti vieglais gu\u013cammaiss sild\u012bs J\u016bs \u013coti aukstos apst\u0101k\u013cos.","status":"publish","sku":"6927595762127","original":44761},"wpml":{"translation_type":1,"has_translations":true,"original":44761,"duplicates":[],"translations":{"lv":44761,"en":68637,"ru":null}},"supplier_id":null,"supplier_sku":"","barcode":null,"atum_controlled":true,"out_stock_date":null,"out_stock_threshold":null,"inheritable":false,"inbound_stock":0,"stock_on_hold":0,"sold_today":0,"sales_last_days":0,"reserved_stock":0,"customer_returns":0,"warehouse_damage":0,"lost_in_post":0,"other_logs":0,"out_stock_days":0,"lost_sales":0,"has_location":false,"update_date":"2025-12-30T14:13:32","atum_locations":[],"atum_stock_status":"outofstock","restock_status":false,"low_stock_amount":"","sales_update_date":"2025-11-13T14:08:19","calc_backorders":null,"yoast_head":"<!-- This site is optimized with the Yoast SEO plugin v27.3 - https:\/\/yoast.com\/product\/yoast-seo-wordpress\/ -->\n<title>Naturehike - (Snowbird) P\u012b\u013cu d\u016bnu gu\u013cammaiss (7\u00b0C) - M<\/title>\n<meta name=\"description\" content=\"\u0160is \u013coti vieglais gu\u013cammaiss sild\u012bs J\u016bs \u013coti aukstos apst\u0101k\u013cos. M\u012bksts neilona audums, elpojo\u0161s un \u016bdensnecaurlaid\u012bgs.\" \/>\n<meta name=\"robots\" content=\"index, follow, max-snippet:-1, max-image-preview:large, max-video-preview:-1\" \/>\n<link rel=\"canonical\" href=\"https:\/\/gohike.lv\/ru\/produkts\/naturehike-snowbird-pilu-dunu-gulammaiss7c-m\/\" \/>\n<meta property=\"og:locale\" content=\"ru_RU\" \/>\n<meta property=\"og:type\" content=\"article\" \/>\n<meta property=\"og:title\" content=\"Naturehike - Gu\u013cammaiss\" \/>\n<meta property=\"og:description\" content=\"\u0160is \u013coti vieglais gu\u013cammaiss sild\u012bs J\u016bs \u013coti aukstos apst\u0101k\u013cos. M\u012bksts neilona audums, elpojo\u0161s un \u016bdensnecaurlaid\u012bgs.\" \/>\n<meta property=\"og:url\" content=\"https:\/\/gohike.lv\/ru\/produkts\/naturehike-snowbird-pilu-dunu-gulammaiss7c-m\/\" \/>\n<meta property=\"og:site_name\" content=\"GoHike\" \/>\n<meta property=\"article:publisher\" content=\"https:\/\/www.facebook.com\/gohike.shop\/\" \/>\n<meta property=\"article:modified_time\" content=\"2025-12-30T14:10:13+00:00\" \/>\n<meta property=\"og:image\" content=\"https:\/\/gohike.lv\/wp-content\/uploads\/2024\/04\/Snowbird_.webp\" \/>\n\t<meta property=\"og:image:width\" content=\"720\" \/>\n\t<meta property=\"og:image:height\" content=\"720\" \/>\n\t<meta property=\"og:image:type\" content=\"image\/webp\" \/>\n<meta name=\"twitter:card\" content=\"summary_large_image\" \/>\n<meta name=\"twitter:title\" content=\"Naturehike - Gu\u013cammaiss\" \/>\n<meta name=\"twitter:label1\" content=\"\u041f\u0440\u0438\u043c\u0435\u0440\u043d\u043e\u0435 \u0432\u0440\u0435\u043c\u044f \u0434\u043b\u044f \u0447\u0442\u0435\u043d\u0438\u044f\" \/>\n\t<meta name=\"twitter:data1\" content=\"1 \u043c\u0438\u043d\u0443\u0442\u0430\" \/>\n<script type=\"application\/ld+json\" class=\"yoast-schema-graph\">{\"@context\":\"https:\\\/\\\/schema.org\",\"@graph\":[{\"@type\":[\"WebPage\",\"ItemPage\"],\"@id\":\"https:\\\/\\\/gohike.lv\\\/ru\\\/produkts\\\/naturehike-snowbird-pilu-dunu-gulammaiss7c-m\\\/\",\"url\":\"https:\\\/\\\/gohike.lv\\\/ru\\\/produkts\\\/naturehike-snowbird-pilu-dunu-gulammaiss7c-m\\\/\",\"name\":\"Naturehike - (Snowbird) P\u012b\u013cu d\u016bnu gu\u013cammaiss (7\u00b0C) - M\",\"isPartOf\":{\"@id\":\"https:\\\/\\\/gohike.lv\\\/ru\\\/#website\"},\"primaryImageOfPage\":{\"@id\":\"https:\\\/\\\/gohike.lv\\\/ru\\\/produkts\\\/naturehike-snowbird-pilu-dunu-gulammaiss7c-m\\\/#primaryimage\"},\"image\":{\"@id\":\"https:\\\/\\\/gohike.lv\\\/ru\\\/produkts\\\/naturehike-snowbird-pilu-dunu-gulammaiss7c-m\\\/#primaryimage\"},\"thumbnailUrl\":\"https:\\\/\\\/gohike.lv\\\/wp-content\\\/uploads\\\/2024\\\/04\\\/Snowbird_.webp\",\"datePublished\":\"2024-04-25T17:21:30+00:00\",\"dateModified\":\"2025-12-30T14:10:13+00:00\",\"description\":\"\u0160is \u013coti vieglais gu\u013cammaiss sild\u012bs J\u016bs \u013coti aukstos apst\u0101k\u013cos. M\u012bksts neilona audums, elpojo\u0161s un \u016bdensnecaurlaid\u012bgs.\",\"breadcrumb\":{\"@id\":\"https:\\\/\\\/gohike.lv\\\/ru\\\/produkts\\\/naturehike-snowbird-pilu-dunu-gulammaiss7c-m\\\/#breadcrumb\"},\"inLanguage\":\"ru-RU\",\"potentialAction\":[{\"@type\":\"ReadAction\",\"target\":[\"https:\\\/\\\/gohike.lv\\\/ru\\\/produkts\\\/naturehike-snowbird-pilu-dunu-gulammaiss7c-m\\\/\"]}]},{\"@type\":\"ImageObject\",\"inLanguage\":\"ru-RU\",\"@id\":\"https:\\\/\\\/gohike.lv\\\/ru\\\/produkts\\\/naturehike-snowbird-pilu-dunu-gulammaiss7c-m\\\/#primaryimage\",\"url\":\"https:\\\/\\\/gohike.lv\\\/wp-content\\\/uploads\\\/2024\\\/04\\\/Snowbird_.webp\",\"contentUrl\":\"https:\\\/\\\/gohike.lv\\\/wp-content\\\/uploads\\\/2024\\\/04\\\/Snowbird_.webp\",\"width\":720,\"height\":720},{\"@type\":\"BreadcrumbList\",\"@id\":\"https:\\\/\\\/gohike.lv\\\/ru\\\/produkts\\\/naturehike-snowbird-pilu-dunu-gulammaiss7c-m\\\/#breadcrumb\",\"itemListElement\":[{\"@type\":\"ListItem\",\"position\":1,\"name\":\"\u0413\u043b\u0430\u0432\u043d\u0430\u044f\",\"item\":\"https:\\\/\\\/gohike.lv\\\/ru\\\/\"},{\"@type\":\"ListItem\",\"position\":2,\"name\":\"\u041a\u0430\u0442\u0435\u0433\u043e\u0440\u0438\u0438 \u0442\u043e\u0432\u0430\u0440\u043e\u0432\",\"item\":\"https:\\\/\\\/gohike.lv\\\/%d0%ba%d0%b0%d1%82%d0%b5%d0%b3%d0%be%d1%80%d0%b8%d0%b8-%d1%82%d0%be%d0%b2%d0%b0%d1%80%d0%be%d0%b2\\\/\"},{\"@type\":\"ListItem\",\"position\":3,\"name\":\"Naturehike &#8211; (Snowbird) P\u012b\u013cu d\u016bnu gu\u013cammaiss (7\u00b0C) &#8211; M\"}]},{\"@type\":\"WebSite\",\"@id\":\"https:\\\/\\\/gohike.lv\\\/ru\\\/#website\",\"url\":\"https:\\\/\\\/gohike.lv\\\/ru\\\/\",\"name\":\"GoHike\",\"description\":\"\",\"publisher\":{\"@id\":\"https:\\\/\\\/gohike.lv\\\/ru\\\/#organization\"},\"potentialAction\":[{\"@type\":\"SearchAction\",\"target\":{\"@type\":\"EntryPoint\",\"urlTemplate\":\"https:\\\/\\\/gohike.lv\\\/ru\\\/?s={search_term_string}\"},\"query-input\":{\"@type\":\"PropertyValueSpecification\",\"valueRequired\":true,\"valueName\":\"search_term_string\"}}],\"inLanguage\":\"ru-RU\"},{\"@type\":\"Organization\",\"@id\":\"https:\\\/\\\/gohike.lv\\\/ru\\\/#organization\",\"name\":\"GoHike\",\"url\":\"https:\\\/\\\/gohike.lv\\\/ru\\\/\",\"logo\":{\"@type\":\"ImageObject\",\"inLanguage\":\"ru-RU\",\"@id\":\"https:\\\/\\\/gohike.lv\\\/ru\\\/#\\\/schema\\\/logo\\\/image\\\/\",\"url\":\"https:\\\/\\\/gohike.lv\\\/wp-content\\\/uploads\\\/2023\\\/08\\\/Logo_GoHike.webp\",\"contentUrl\":\"https:\\\/\\\/gohike.lv\\\/wp-content\\\/uploads\\\/2023\\\/08\\\/Logo_GoHike.webp\",\"width\":512,\"height\":512,\"caption\":\"GoHike\"},\"image\":{\"@id\":\"https:\\\/\\\/gohike.lv\\\/ru\\\/#\\\/schema\\\/logo\\\/image\\\/\"},\"sameAs\":[\"https:\\\/\\\/www.facebook.com\\\/gohike.shop\\\/\",\"https:\\\/\\\/www.instagram.com\\\/gohike.shop\\\/\"]}]}<\/script>\n<!-- \/ Yoast SEO plugin. -->","yoast_head_json":{"title":"Naturehike - (Snowbird) P\u012b\u013cu d\u016bnu gu\u013cammaiss (7\u00b0C) - M","description":"\u0160is \u013coti vieglais gu\u013cammaiss sild\u012bs J\u016bs \u013coti aukstos apst\u0101k\u013cos. M\u012bksts neilona audums, elpojo\u0161s un \u016bdensnecaurlaid\u012bgs.","robots":{"index":"index","follow":"follow","max-snippet":"max-snippet:-1","max-image-preview":"max-image-preview:large","max-video-preview":"max-video-preview:-1"},"canonical":"https:\/\/gohike.lv\/ru\/produkts\/naturehike-snowbird-pilu-dunu-gulammaiss7c-m\/","og_locale":"ru_RU","og_type":"article","og_title":"Naturehike - Gu\u013cammaiss","og_description":"\u0160is \u013coti vieglais gu\u013cammaiss sild\u012bs J\u016bs \u013coti aukstos apst\u0101k\u013cos. M\u012bksts neilona audums, elpojo\u0161s un \u016bdensnecaurlaid\u012bgs.","og_url":"https:\/\/gohike.lv\/ru\/produkts\/naturehike-snowbird-pilu-dunu-gulammaiss7c-m\/","og_site_name":"GoHike","article_publisher":"https:\/\/www.facebook.com\/gohike.shop\/","article_modified_time":"2025-12-30T14:10:13+00:00","og_image":[{"width":720,"height":720,"url":"https:\/\/gohike.lv\/wp-content\/uploads\/2024\/04\/Snowbird_.webp","type":"image\/webp"}],"twitter_card":"summary_large_image","twitter_title":"Naturehike - Gu\u013cammaiss","twitter_misc":{"\u041f\u0440\u0438\u043c\u0435\u0440\u043d\u043e\u0435 \u0432\u0440\u0435\u043c\u044f \u0434\u043b\u044f \u0447\u0442\u0435\u043d\u0438\u044f":"1 \u043c\u0438\u043d\u0443\u0442\u0430"},"schema":{"@context":"https:\/\/schema.org","@graph":[{"@type":["WebPage","ItemPage"],"@id":"https:\/\/gohike.lv\/ru\/produkts\/naturehike-snowbird-pilu-dunu-gulammaiss7c-m\/","url":"https:\/\/gohike.lv\/ru\/produkts\/naturehike-snowbird-pilu-dunu-gulammaiss7c-m\/","name":"Naturehike - (Snowbird) P\u012b\u013cu d\u016bnu gu\u013cammaiss (7\u00b0C) - M","isPartOf":{"@id":"https:\/\/gohike.lv\/ru\/#website"},"primaryImageOfPage":{"@id":"https:\/\/gohike.lv\/ru\/produkts\/naturehike-snowbird-pilu-dunu-gulammaiss7c-m\/#primaryimage"},"image":{"@id":"https:\/\/gohike.lv\/ru\/produkts\/naturehike-snowbird-pilu-dunu-gulammaiss7c-m\/#primaryimage"},"thumbnailUrl":"https:\/\/gohike.lv\/wp-content\/uploads\/2024\/04\/Snowbird_.webp","datePublished":"2024-04-25T17:21:30+00:00","dateModified":"2025-12-30T14:10:13+00:00","description":"\u0160is \u013coti vieglais gu\u013cammaiss sild\u012bs J\u016bs \u013coti aukstos apst\u0101k\u013cos. M\u012bksts neilona audums, elpojo\u0161s un \u016bdensnecaurlaid\u012bgs.","breadcrumb":{"@id":"https:\/\/gohike.lv\/ru\/produkts\/naturehike-snowbird-pilu-dunu-gulammaiss7c-m\/#breadcrumb"},"inLanguage":"ru-RU","potentialAction":[{"@type":"ReadAction","target":["https:\/\/gohike.lv\/ru\/produkts\/naturehike-snowbird-pilu-dunu-gulammaiss7c-m\/"]}]},{"@type":"ImageObject","inLanguage":"ru-RU","@id":"https:\/\/gohike.lv\/ru\/produkts\/naturehike-snowbird-pilu-dunu-gulammaiss7c-m\/#primaryimage","url":"https:\/\/gohike.lv\/wp-content\/uploads\/2024\/04\/Snowbird_.webp","contentUrl":"https:\/\/gohike.lv\/wp-content\/uploads\/2024\/04\/Snowbird_.webp","width":720,"height":720},{"@type":"BreadcrumbList","@id":"https:\/\/gohike.lv\/ru\/produkts\/naturehike-snowbird-pilu-dunu-gulammaiss7c-m\/#breadcrumb","itemListElement":[{"@type":"ListItem","position":1,"name":"\u0413\u043b\u0430\u0432\u043d\u0430\u044f","item":"https:\/\/gohike.lv\/ru\/"},{"@type":"ListItem","position":2,"name":"\u041a\u0430\u0442\u0435\u0433\u043e\u0440\u0438\u0438 \u0442\u043e\u0432\u0430\u0440\u043e\u0432","item":"https:\/\/gohike.lv\/%d0%ba%d0%b0%d1%82%d0%b5%d0%b3%d0%be%d1%80%d0%b8%d0%b8-%d1%82%d0%be%d0%b2%d0%b0%d1%80%d0%be%d0%b2\/"},{"@type":"ListItem","position":3,"name":"Naturehike &#8211; (Snowbird) P\u012b\u013cu d\u016bnu gu\u013cammaiss (7\u00b0C) &#8211; M"}]},{"@type":"WebSite","@id":"https:\/\/gohike.lv\/ru\/#website","url":"https:\/\/gohike.lv\/ru\/","name":"GoHike","description":"","publisher":{"@id":"https:\/\/gohike.lv\/ru\/#organization"},"potentialAction":[{"@type":"SearchAction","target":{"@type":"EntryPoint","urlTemplate":"https:\/\/gohike.lv\/ru\/?s={search_term_string}"},"query-input":{"@type":"PropertyValueSpecification","valueRequired":true,"valueName":"search_term_string"}}],"inLanguage":"ru-RU"},{"@type":"Organization","@id":"https:\/\/gohike.lv\/ru\/#organization","name":"GoHike","url":"https:\/\/gohike.lv\/ru\/","logo":{"@type":"ImageObject","inLanguage":"ru-RU","@id":"https:\/\/gohike.lv\/ru\/#\/schema\/logo\/image\/","url":"https:\/\/gohike.lv\/wp-content\/uploads\/2023\/08\/Logo_GoHike.webp","contentUrl":"https:\/\/gohike.lv\/wp-content\/uploads\/2023\/08\/Logo_GoHike.webp","width":512,"height":512,"caption":"GoHike"},"image":{"@id":"https:\/\/gohike.lv\/ru\/#\/schema\/logo\/image\/"},"sameAs":["https:\/\/www.facebook.com\/gohike.shop\/","https:\/\/www.instagram.com\/gohike.shop\/"]}]}},"jetpack_sharing_enabled":true,"_links":{"self":[{"href":"https:\/\/gohike.lv\/ru\/wp-json\/wp\/v2\/product\/44761","targetHints":{"allow":["GET"]}}],"collection":[{"href":"https:\/\/gohike.lv\/ru\/wp-json\/wp\/v2\/product"}],"about":[{"href":"https:\/\/gohike.lv\/ru\/wp-json\/wp\/v2\/types\/product"}],"version-history":[{"count":0,"href":"https:\/\/gohike.lv\/ru\/wp-json\/wp\/v2\/product\/44761\/revisions"}],"wp:featuredmedia":[{"embeddable":true,"href":"https:\/\/gohike.lv\/ru\/wp-json\/wp\/v2\/media\/38879"}],"wp:attachment":[{"href":"https:\/\/gohike.lv\/ru\/wp-json\/wp\/v2\/media?parent=44761"}],"wp:term":[{"taxonomy":"product_brand","embeddable":true,"href":"https:\/\/gohike.lv\/ru\/wp-json\/wp\/v2\/product_brand?post=44761"},{"taxonomy":"product_cat","embeddable":true,"href":"https:\/\/gohike.lv\/ru\/wp-json\/wp\/v2\/product_cat?post=44761"},{"taxonomy":"product_tag","embeddable":true,"href":"https:\/\/gohike.lv\/ru\/wp-json\/wp\/v2\/product_tag?post=44761"}],"curies":[{"name":"wp","href":"https:\/\/api.w.org\/{rel}","templated":true}]}}