{"id":44753,"date":"2024-04-25T20:21:30","date_gmt":"2024-04-25T17:21:30","guid":{"rendered":"https:\/\/gohike.lv\/produkts\/naturehike-cw400-zosu-dunu-gulammaiss-l\/"},"modified":"2026-01-01T07:25:42","modified_gmt":"2026-01-01T04:25:42","slug":"naturehike-cw400-zosu-dunu-gulammaiss-l","status":"publish","type":"product","link":"https:\/\/gohike.lv\/ru\/produkts\/naturehike-cw400-zosu-dunu-gulammaiss-l\/","title":{"rendered":"Naturehike &#8212; CW400 zosu d\u016bnu gu\u013cammaiss &#8212; L"},"content":{"rendered":"<p>Gu\u013cammaiss ar 90% zosu d\u016bnu sast\u0101vu, kas izkl\u0101ts ar m\u012bkstu 20D \u016bdensiztur\u012bgu neilonu, uztur \u0137ermeni siltu.<br \/>\nAr abpus\u0113ju YKK r\u0101v\u0113jsl\u0113dz\u0113ju gu\u013cammaisa labaj\u0101 pus\u0113 to var atv\u0113rt no \u0101rpuses vai no iek\u0161puses un piln\u012bb\u0101 atv\u0113rt, lai p\u0101rv\u0113rstu par segu.<br \/>\nApr\u012bkots ar kompresijas maisu, lai gu\u013cammaiss b\u016btu mazs un kompakts un to b\u016btu viegli p\u0101rn\u0113s\u0101t jebkur.<br \/>\nModelis: NH18C400-D (CW400).<br \/>\nKr\u0101sa: dzeltena, zila.<br \/>\nSvars: M (910 g), L (930 g).<br \/>\nTemperat\u016bra:<br \/>\n*Komforts: 5\u00b0C;<br \/>\n*Robe\u017ea: 0\u00b0C;<br \/>\n*Ekstr\u0113ma: -11\u00b0C.<br \/>\nMateri\u0101ls:<br \/>\nNeilons 20D 400T (ar kapuci);<br \/>\nPild\u012bjums: 90% d\u016bnas, klase 750 FP.<br \/>\nIzm\u0113ri:<br \/>\nGu\u013cammaiss: M (210 x 75 cm), L (220 x 85 cm);<br \/>\nUzglab\u0101\u0161anas soma: M (35 x 16 cm), L (35 x 18 cm).<\/p>\n","protected":false},"excerpt":{"rendered":"<p>Sezonas gu\u013cammaiss, kas paredz\u0113ts v\u0113s\u0101k\u0101m nakt\u012bm.<\/p>\n","protected":false},"featured_media":38827,"template":"","meta":[],"product_brand":[13432],"product_cat":[13775],"product_tag":[],"class_list":{"0":"post-44753","1":"product","2":"type-product","3":"status-publish","4":"has-post-thumbnail","6":"product_brand-naturehike-ru","7":"product_cat-13775","8":"pa_izmeriscm-9660","9":"pa_izmers-l-ru","10":"pa_materiali-audums20d-400t-neilonsoderejums20d-400t-neilonspildijums400g-90-baltas-zoss-dunas","11":"pa_produkta-tips-gulammaisi","12":"pa_spalva-13311","13":"pa_spalva-peleks","15":"first","16":"instock","17":"taxable","18":"shipping-taxable","19":"purchasable","20":"product-type-variable","21":"has-default-attributes"},"raw_content":{"name":"Naturehike - CW400 zosu d\u016bnu gu\u013cammaiss - L","description":"Gu\u013cammaiss ar 90% zosu d\u016bnu sast\u0101vu, kas izkl\u0101ts ar m\u012bkstu 20D \u016bdensiztur\u012bgu neilonu, uztur \u0137ermeni siltu.\nAr abpus\u0113ju YKK r\u0101v\u0113jsl\u0113dz\u0113ju gu\u013cammaisa labaj\u0101 pus\u0113 to var atv\u0113rt no \u0101rpuses vai no iek\u0161puses un piln\u012bb\u0101 atv\u0113rt, lai p\u0101rv\u0113rstu par segu.\nApr\u012bkots ar kompresijas maisu, lai gu\u013cammaiss b\u016btu mazs un kompakts un to b\u016btu viegli p\u0101rn\u0113s\u0101t jebkur.\nModelis: NH18C400-D (CW400).\nKr\u0101sa: dzeltena, zila.\nSvars: M (910 g), L (930 g).\nTemperat\u016bra:\n*Komforts: 5\u00b0C;\n*Robe\u017ea: 0\u00b0C;\n*Ekstr\u0113ma: -11\u00b0C.\nMateri\u0101ls:\nNeilons 20D 400T (ar kapuci);\nPild\u012bjums: 90% d\u016bnas, klase 750 FP.\nIzm\u0113ri:\nGu\u013cammaiss: M (210 x 75 cm), L (220 x 85 cm);\nUzglab\u0101\u0161anas soma: M (35 x 16 cm), L (35 x 18 cm).","short_description":"Sezonas gu\u013cammaiss, kas paredz\u0113ts v\u0113s\u0101k\u0101m nakt\u012bm.","status":"publish","sku":"nx256499","original":44753},"wpml":{"translation_type":1,"has_translations":true,"original":44753,"duplicates":[],"translations":{"lv":44753,"en":68636,"ru":null}},"supplier_id":null,"supplier_sku":"","barcode":null,"atum_controlled":true,"out_stock_date":null,"out_stock_threshold":null,"inheritable":true,"inbound_stock":0,"stock_on_hold":0,"sold_today":0,"sales_last_days":0,"reserved_stock":0,"customer_returns":0,"warehouse_damage":0,"lost_in_post":0,"other_logs":0,"out_stock_days":0,"lost_sales":0,"has_location":false,"update_date":"2025-12-30T14:13:32","atum_locations":[],"atum_stock_status":"instock","restock_status":false,"low_stock_amount":"","sales_update_date":"2025-11-13T13:36:26","calc_backorders":null,"yoast_head":"<!-- This site is optimized with the Yoast SEO plugin v27.3 - https:\/\/yoast.com\/product\/yoast-seo-wordpress\/ -->\n<title>Naturehike - CW400 zosu d\u016bnu gu\u013cammaiss - L<\/title>\n<meta name=\"description\" content=\"Sezonas gu\u013cammaiss, kas paredz\u0113ts v\u0113s\u0101k\u0101m nakt\u012bm. Gu\u013cammaiss ar 90% zosu d\u016bnu sast\u0101vu.\" \/>\n<meta name=\"robots\" content=\"index, follow, max-snippet:-1, max-image-preview:large, max-video-preview:-1\" \/>\n<link rel=\"canonical\" href=\"https:\/\/gohike.lv\/ru\/produkts\/naturehike-cw400-zosu-dunu-gulammaiss-l\/\" \/>\n<meta property=\"og:locale\" content=\"ru_RU\" \/>\n<meta property=\"og:type\" content=\"article\" \/>\n<meta property=\"og:title\" content=\"Naturehike - Gu\u013cammaiss\" \/>\n<meta property=\"og:description\" content=\"Sezonas gu\u013cammaiss, kas paredz\u0113ts v\u0113s\u0101k\u0101m nakt\u012bm. Gu\u013cammaiss ar 90% zosu d\u016bnu sast\u0101vu.\" \/>\n<meta property=\"og:url\" content=\"https:\/\/gohike.lv\/ru\/produkts\/naturehike-cw400-zosu-dunu-gulammaiss-l\/\" \/>\n<meta property=\"og:site_name\" content=\"GoHike\" \/>\n<meta property=\"article:publisher\" content=\"https:\/\/www.facebook.com\/gohike.shop\/\" \/>\n<meta property=\"article:modified_time\" content=\"2026-01-01T04:25:42+00:00\" \/>\n<meta property=\"og:image\" content=\"https:\/\/gohike.lv\/wp-content\/uploads\/2024\/04\/CW400grey_.webp\" \/>\n\t<meta property=\"og:image:width\" content=\"800\" \/>\n\t<meta property=\"og:image:height\" content=\"800\" \/>\n\t<meta property=\"og:image:type\" content=\"image\/webp\" \/>\n<meta name=\"twitter:card\" content=\"summary_large_image\" \/>\n<meta name=\"twitter:title\" content=\"Naturehike - Gu\u013cammaiss\" \/>\n<meta name=\"twitter:label1\" content=\"\u041f\u0440\u0438\u043c\u0435\u0440\u043d\u043e\u0435 \u0432\u0440\u0435\u043c\u044f \u0434\u043b\u044f \u0447\u0442\u0435\u043d\u0438\u044f\" \/>\n\t<meta name=\"twitter:data1\" content=\"1 \u043c\u0438\u043d\u0443\u0442\u0430\" \/>\n<script type=\"application\/ld+json\" class=\"yoast-schema-graph\">{\"@context\":\"https:\\\/\\\/schema.org\",\"@graph\":[{\"@type\":[\"WebPage\",\"ItemPage\"],\"@id\":\"https:\\\/\\\/gohike.lv\\\/ru\\\/produkts\\\/naturehike-cw400-zosu-dunu-gulammaiss-l\\\/\",\"url\":\"https:\\\/\\\/gohike.lv\\\/ru\\\/produkts\\\/naturehike-cw400-zosu-dunu-gulammaiss-l\\\/\",\"name\":\"Naturehike - CW400 zosu d\u016bnu gu\u013cammaiss - L\",\"isPartOf\":{\"@id\":\"https:\\\/\\\/gohike.lv\\\/ru\\\/#website\"},\"primaryImageOfPage\":{\"@id\":\"https:\\\/\\\/gohike.lv\\\/ru\\\/produkts\\\/naturehike-cw400-zosu-dunu-gulammaiss-l\\\/#primaryimage\"},\"image\":{\"@id\":\"https:\\\/\\\/gohike.lv\\\/ru\\\/produkts\\\/naturehike-cw400-zosu-dunu-gulammaiss-l\\\/#primaryimage\"},\"thumbnailUrl\":\"https:\\\/\\\/gohike.lv\\\/wp-content\\\/uploads\\\/2024\\\/04\\\/CW400grey_.webp\",\"datePublished\":\"2024-04-25T17:21:30+00:00\",\"dateModified\":\"2026-01-01T04:25:42+00:00\",\"description\":\"Sezonas gu\u013cammaiss, kas paredz\u0113ts v\u0113s\u0101k\u0101m nakt\u012bm. Gu\u013cammaiss ar 90% zosu d\u016bnu sast\u0101vu.\",\"breadcrumb\":{\"@id\":\"https:\\\/\\\/gohike.lv\\\/ru\\\/produkts\\\/naturehike-cw400-zosu-dunu-gulammaiss-l\\\/#breadcrumb\"},\"inLanguage\":\"ru-RU\",\"potentialAction\":[{\"@type\":\"ReadAction\",\"target\":[\"https:\\\/\\\/gohike.lv\\\/ru\\\/produkts\\\/naturehike-cw400-zosu-dunu-gulammaiss-l\\\/\"]}]},{\"@type\":\"ImageObject\",\"inLanguage\":\"ru-RU\",\"@id\":\"https:\\\/\\\/gohike.lv\\\/ru\\\/produkts\\\/naturehike-cw400-zosu-dunu-gulammaiss-l\\\/#primaryimage\",\"url\":\"https:\\\/\\\/gohike.lv\\\/wp-content\\\/uploads\\\/2024\\\/04\\\/CW400grey_.webp\",\"contentUrl\":\"https:\\\/\\\/gohike.lv\\\/wp-content\\\/uploads\\\/2024\\\/04\\\/CW400grey_.webp\",\"width\":800,\"height\":800},{\"@type\":\"BreadcrumbList\",\"@id\":\"https:\\\/\\\/gohike.lv\\\/ru\\\/produkts\\\/naturehike-cw400-zosu-dunu-gulammaiss-l\\\/#breadcrumb\",\"itemListElement\":[{\"@type\":\"ListItem\",\"position\":1,\"name\":\"\u0413\u043b\u0430\u0432\u043d\u0430\u044f\",\"item\":\"https:\\\/\\\/gohike.lv\\\/ru\\\/\"},{\"@type\":\"ListItem\",\"position\":2,\"name\":\"\u041a\u0430\u0442\u0435\u0433\u043e\u0440\u0438\u0438 \u0442\u043e\u0432\u0430\u0440\u043e\u0432\",\"item\":\"https:\\\/\\\/gohike.lv\\\/%d0%ba%d0%b0%d1%82%d0%b5%d0%b3%d0%be%d1%80%d0%b8%d0%b8-%d1%82%d0%be%d0%b2%d0%b0%d1%80%d0%be%d0%b2\\\/\"},{\"@type\":\"ListItem\",\"position\":3,\"name\":\"Naturehike &#8211; CW400 zosu d\u016bnu gu\u013cammaiss &#8211; L\"}]},{\"@type\":\"WebSite\",\"@id\":\"https:\\\/\\\/gohike.lv\\\/ru\\\/#website\",\"url\":\"https:\\\/\\\/gohike.lv\\\/ru\\\/\",\"name\":\"GoHike\",\"description\":\"\",\"publisher\":{\"@id\":\"https:\\\/\\\/gohike.lv\\\/ru\\\/#organization\"},\"potentialAction\":[{\"@type\":\"SearchAction\",\"target\":{\"@type\":\"EntryPoint\",\"urlTemplate\":\"https:\\\/\\\/gohike.lv\\\/ru\\\/?s={search_term_string}\"},\"query-input\":{\"@type\":\"PropertyValueSpecification\",\"valueRequired\":true,\"valueName\":\"search_term_string\"}}],\"inLanguage\":\"ru-RU\"},{\"@type\":\"Organization\",\"@id\":\"https:\\\/\\\/gohike.lv\\\/ru\\\/#organization\",\"name\":\"GoHike\",\"url\":\"https:\\\/\\\/gohike.lv\\\/ru\\\/\",\"logo\":{\"@type\":\"ImageObject\",\"inLanguage\":\"ru-RU\",\"@id\":\"https:\\\/\\\/gohike.lv\\\/ru\\\/#\\\/schema\\\/logo\\\/image\\\/\",\"url\":\"https:\\\/\\\/gohike.lv\\\/wp-content\\\/uploads\\\/2023\\\/08\\\/Logo_GoHike.webp\",\"contentUrl\":\"https:\\\/\\\/gohike.lv\\\/wp-content\\\/uploads\\\/2023\\\/08\\\/Logo_GoHike.webp\",\"width\":512,\"height\":512,\"caption\":\"GoHike\"},\"image\":{\"@id\":\"https:\\\/\\\/gohike.lv\\\/ru\\\/#\\\/schema\\\/logo\\\/image\\\/\"},\"sameAs\":[\"https:\\\/\\\/www.facebook.com\\\/gohike.shop\\\/\",\"https:\\\/\\\/www.instagram.com\\\/gohike.shop\\\/\"]}]}<\/script>\n<!-- \/ Yoast SEO plugin. -->","yoast_head_json":{"title":"Naturehike - CW400 zosu d\u016bnu gu\u013cammaiss - L","description":"Sezonas gu\u013cammaiss, kas paredz\u0113ts v\u0113s\u0101k\u0101m nakt\u012bm. Gu\u013cammaiss ar 90% zosu d\u016bnu sast\u0101vu.","robots":{"index":"index","follow":"follow","max-snippet":"max-snippet:-1","max-image-preview":"max-image-preview:large","max-video-preview":"max-video-preview:-1"},"canonical":"https:\/\/gohike.lv\/ru\/produkts\/naturehike-cw400-zosu-dunu-gulammaiss-l\/","og_locale":"ru_RU","og_type":"article","og_title":"Naturehike - Gu\u013cammaiss","og_description":"Sezonas gu\u013cammaiss, kas paredz\u0113ts v\u0113s\u0101k\u0101m nakt\u012bm. Gu\u013cammaiss ar 90% zosu d\u016bnu sast\u0101vu.","og_url":"https:\/\/gohike.lv\/ru\/produkts\/naturehike-cw400-zosu-dunu-gulammaiss-l\/","og_site_name":"GoHike","article_publisher":"https:\/\/www.facebook.com\/gohike.shop\/","article_modified_time":"2026-01-01T04:25:42+00:00","og_image":[{"width":800,"height":800,"url":"https:\/\/gohike.lv\/wp-content\/uploads\/2024\/04\/CW400grey_.webp","type":"image\/webp"}],"twitter_card":"summary_large_image","twitter_title":"Naturehike - Gu\u013cammaiss","twitter_misc":{"\u041f\u0440\u0438\u043c\u0435\u0440\u043d\u043e\u0435 \u0432\u0440\u0435\u043c\u044f \u0434\u043b\u044f \u0447\u0442\u0435\u043d\u0438\u044f":"1 \u043c\u0438\u043d\u0443\u0442\u0430"},"schema":{"@context":"https:\/\/schema.org","@graph":[{"@type":["WebPage","ItemPage"],"@id":"https:\/\/gohike.lv\/ru\/produkts\/naturehike-cw400-zosu-dunu-gulammaiss-l\/","url":"https:\/\/gohike.lv\/ru\/produkts\/naturehike-cw400-zosu-dunu-gulammaiss-l\/","name":"Naturehike - CW400 zosu d\u016bnu gu\u013cammaiss - L","isPartOf":{"@id":"https:\/\/gohike.lv\/ru\/#website"},"primaryImageOfPage":{"@id":"https:\/\/gohike.lv\/ru\/produkts\/naturehike-cw400-zosu-dunu-gulammaiss-l\/#primaryimage"},"image":{"@id":"https:\/\/gohike.lv\/ru\/produkts\/naturehike-cw400-zosu-dunu-gulammaiss-l\/#primaryimage"},"thumbnailUrl":"https:\/\/gohike.lv\/wp-content\/uploads\/2024\/04\/CW400grey_.webp","datePublished":"2024-04-25T17:21:30+00:00","dateModified":"2026-01-01T04:25:42+00:00","description":"Sezonas gu\u013cammaiss, kas paredz\u0113ts v\u0113s\u0101k\u0101m nakt\u012bm. Gu\u013cammaiss ar 90% zosu d\u016bnu sast\u0101vu.","breadcrumb":{"@id":"https:\/\/gohike.lv\/ru\/produkts\/naturehike-cw400-zosu-dunu-gulammaiss-l\/#breadcrumb"},"inLanguage":"ru-RU","potentialAction":[{"@type":"ReadAction","target":["https:\/\/gohike.lv\/ru\/produkts\/naturehike-cw400-zosu-dunu-gulammaiss-l\/"]}]},{"@type":"ImageObject","inLanguage":"ru-RU","@id":"https:\/\/gohike.lv\/ru\/produkts\/naturehike-cw400-zosu-dunu-gulammaiss-l\/#primaryimage","url":"https:\/\/gohike.lv\/wp-content\/uploads\/2024\/04\/CW400grey_.webp","contentUrl":"https:\/\/gohike.lv\/wp-content\/uploads\/2024\/04\/CW400grey_.webp","width":800,"height":800},{"@type":"BreadcrumbList","@id":"https:\/\/gohike.lv\/ru\/produkts\/naturehike-cw400-zosu-dunu-gulammaiss-l\/#breadcrumb","itemListElement":[{"@type":"ListItem","position":1,"name":"\u0413\u043b\u0430\u0432\u043d\u0430\u044f","item":"https:\/\/gohike.lv\/ru\/"},{"@type":"ListItem","position":2,"name":"\u041a\u0430\u0442\u0435\u0433\u043e\u0440\u0438\u0438 \u0442\u043e\u0432\u0430\u0440\u043e\u0432","item":"https:\/\/gohike.lv\/%d0%ba%d0%b0%d1%82%d0%b5%d0%b3%d0%be%d1%80%d0%b8%d0%b8-%d1%82%d0%be%d0%b2%d0%b0%d1%80%d0%be%d0%b2\/"},{"@type":"ListItem","position":3,"name":"Naturehike &#8211; CW400 zosu d\u016bnu gu\u013cammaiss &#8211; L"}]},{"@type":"WebSite","@id":"https:\/\/gohike.lv\/ru\/#website","url":"https:\/\/gohike.lv\/ru\/","name":"GoHike","description":"","publisher":{"@id":"https:\/\/gohike.lv\/ru\/#organization"},"potentialAction":[{"@type":"SearchAction","target":{"@type":"EntryPoint","urlTemplate":"https:\/\/gohike.lv\/ru\/?s={search_term_string}"},"query-input":{"@type":"PropertyValueSpecification","valueRequired":true,"valueName":"search_term_string"}}],"inLanguage":"ru-RU"},{"@type":"Organization","@id":"https:\/\/gohike.lv\/ru\/#organization","name":"GoHike","url":"https:\/\/gohike.lv\/ru\/","logo":{"@type":"ImageObject","inLanguage":"ru-RU","@id":"https:\/\/gohike.lv\/ru\/#\/schema\/logo\/image\/","url":"https:\/\/gohike.lv\/wp-content\/uploads\/2023\/08\/Logo_GoHike.webp","contentUrl":"https:\/\/gohike.lv\/wp-content\/uploads\/2023\/08\/Logo_GoHike.webp","width":512,"height":512,"caption":"GoHike"},"image":{"@id":"https:\/\/gohike.lv\/ru\/#\/schema\/logo\/image\/"},"sameAs":["https:\/\/www.facebook.com\/gohike.shop\/","https:\/\/www.instagram.com\/gohike.shop\/"]}]}},"jetpack_sharing_enabled":true,"_links":{"self":[{"href":"https:\/\/gohike.lv\/ru\/wp-json\/wp\/v2\/product\/44753","targetHints":{"allow":["GET"]}}],"collection":[{"href":"https:\/\/gohike.lv\/ru\/wp-json\/wp\/v2\/product"}],"about":[{"href":"https:\/\/gohike.lv\/ru\/wp-json\/wp\/v2\/types\/product"}],"version-history":[{"count":0,"href":"https:\/\/gohike.lv\/ru\/wp-json\/wp\/v2\/product\/44753\/revisions"}],"wp:featuredmedia":[{"embeddable":true,"href":"https:\/\/gohike.lv\/ru\/wp-json\/wp\/v2\/media\/38827"}],"wp:attachment":[{"href":"https:\/\/gohike.lv\/ru\/wp-json\/wp\/v2\/media?parent=44753"}],"wp:term":[{"taxonomy":"product_brand","embeddable":true,"href":"https:\/\/gohike.lv\/ru\/wp-json\/wp\/v2\/product_brand?post=44753"},{"taxonomy":"product_cat","embeddable":true,"href":"https:\/\/gohike.lv\/ru\/wp-json\/wp\/v2\/product_cat?post=44753"},{"taxonomy":"product_tag","embeddable":true,"href":"https:\/\/gohike.lv\/ru\/wp-json\/wp\/v2\/product_tag?post=44753"}],"curies":[{"name":"wp","href":"https:\/\/api.w.org\/{rel}","templated":true}]}}