{"id":44747,"date":"2024-04-25T20:21:30","date_gmt":"2024-04-25T17:21:30","guid":{"rendered":"https:\/\/gohike.lv\/produkts\/naturehike-aploksnes-formas-kokvilnas-gulammaiss-rm40-m\/"},"modified":"2025-12-30T17:10:12","modified_gmt":"2025-12-30T14:10:12","slug":"naturehike-aploksnes-formas-kokvilnas-gulammaiss-rm40-m","status":"publish","type":"product","link":"https:\/\/gohike.lv\/ru\/produkts\/naturehike-aploksnes-formas-kokvilnas-gulammaiss-rm40-m\/","title":{"rendered":"Naturehike &#8212; Aploksnes formas kokvilnas gu\u013cammaiss (RM40)\u00a0&#8212; M"},"content":{"rendered":"<p>Kapuci var piel\u0101got galvai ar praktisk\u0101m savilk\u0161anas aukli\u0146\u0101m, un tas aizveras ar divvirzienu r\u0101v\u0113jsl\u0113dz\u0113ju un atsevi\u0161\u0137u r\u0101v\u0113jsl\u0113dz\u0113ju pie k\u0101j\u0101m.<br \/>\nIztur\u012bga aizdare nodro\u0161ina, ka gu\u013cammaiss gul\u0113\u0161anas laik\u0101 b\u016bs dro\u0161i aizv\u0113rts.<br \/>\nGu\u013cammaiss ietver 2 veidu pild\u012bjumus, tas saglab\u0101 siltumu.<br \/>\nSvars: 860 g.<br \/>\nTemperat\u016bra:<br \/>\n*Komforts: (8\u00b0C);<br \/>\n*Ierobe\u017eojums: (3\u00b0C);<br \/>\n*Extreme: (-8\u00b0C).<br \/>\nMateri\u0101ls: 670 FP kokvilnas d\u016bnas;<br \/>\nOder\u0113jums: kokvilna;<br \/>\nPild\u012bjums: spalvu imit\u0101cijas kokvilnas apak\u0161da\u013ca un spalvu aug\u0161da\u013ca;<br \/>\nIzm\u0113ri: gu\u013cammaiss: 180 x 75 cm, \u00a0uzglab\u0101\u0161anas soma: 20 x 32 cm.<\/p>\n","protected":false},"excerpt":{"rendered":"<p>\u0160is gu\u013cammaiss ir piem\u0113rots gan 1, gan 2 person\u0101m. Tas ir mazg\u0101jams ve\u013casma\u0161\u012bn\u0101, lai atvieglotu kop\u0161anu.<\/p>\n","protected":false},"featured_media":38811,"template":"","meta":[],"product_brand":[13432],"product_cat":[13775],"product_tag":[],"class_list":{"0":"post-44747","1":"product","2":"type-product","3":"status-publish","4":"has-post-thumbnail","6":"product_brand-naturehike-ru","7":"product_cat-13775","8":"pa_izmeriscm-10005","9":"pa_izmers-m-ru","10":"pa_materiali-audums20d-400t-nylon-pildijumsgrey-duck-down","11":"pa_materiali-imitation-down-cotton","12":"pa_produkta-tips-gulammaisi","13":"pa_spalva-peleks","15":"first","16":"outofstock","17":"taxable","18":"shipping-taxable","19":"purchasable","20":"product-type-simple"},"raw_content":{"name":"Naturehike - Aploksnes formas kokvilnas gu\u013cammaiss (RM40)\u00a0- M","description":"Kapuci var piel\u0101got galvai ar praktisk\u0101m savilk\u0161anas aukli\u0146\u0101m, un tas aizveras ar divvirzienu r\u0101v\u0113jsl\u0113dz\u0113ju un atsevi\u0161\u0137u r\u0101v\u0113jsl\u0113dz\u0113ju pie k\u0101j\u0101m.\nIztur\u012bga aizdare nodro\u0161ina, ka gu\u013cammaiss gul\u0113\u0161anas laik\u0101 b\u016bs dro\u0161i aizv\u0113rts.\nGu\u013cammaiss ietver 2 veidu pild\u012bjumus, tas saglab\u0101 siltumu.\nSvars: 860 g.\nTemperat\u016bra:\n*Komforts: (8\u00b0C);\n*Ierobe\u017eojums: (3\u00b0C);\n*Extreme: (-8\u00b0C).\nMateri\u0101ls: 670 FP kokvilnas d\u016bnas;\nOder\u0113jums: kokvilna;\nPild\u012bjums: spalvu imit\u0101cijas kokvilnas apak\u0161da\u013ca un spalvu aug\u0161da\u013ca;\nIzm\u0113ri: gu\u013cammaiss: 180 x 75 cm, \u00a0uzglab\u0101\u0161anas soma: 20 x 32 cm.","short_description":"\u0160is gu\u013cammaiss ir piem\u0113rots gan 1, gan 2 person\u0101m. Tas ir mazg\u0101jams ve\u013casma\u0161\u012bn\u0101, lai atvieglotu kop\u0161anu.","status":"publish","sku":"6927595707159","original":44747},"wpml":{"translation_type":1,"has_translations":true,"original":44747,"duplicates":[],"translations":{"lv":44747,"en":68641,"ru":null}},"supplier_id":null,"supplier_sku":"","barcode":null,"atum_controlled":true,"out_stock_date":null,"out_stock_threshold":null,"inheritable":false,"inbound_stock":0,"stock_on_hold":0,"sold_today":0,"sales_last_days":0,"reserved_stock":0,"customer_returns":0,"warehouse_damage":0,"lost_in_post":0,"other_logs":0,"out_stock_days":0,"lost_sales":0,"has_location":false,"update_date":"2025-12-30T14:13:32","atum_locations":[],"atum_stock_status":"outofstock","restock_status":false,"low_stock_amount":"","sales_update_date":"2025-11-13T14:09:03","calc_backorders":null,"yoast_head":"<!-- This site is optimized with the Yoast SEO plugin v27.3 - https:\/\/yoast.com\/product\/yoast-seo-wordpress\/ -->\n<title>Naturehike - Aploksnes formas kokvilnas gu\u013cammaiss (RM40)\u00a0- M<\/title>\n<meta name=\"description\" content=\"\u0160is gu\u013cammaiss ir piem\u0113rots gan 1, gan 2 person\u0101m. Tas ir mazg\u0101jams ve\u013casma\u0161\u012bn\u0101, lai atvieglotu kop\u0161anu.\" \/>\n<meta name=\"robots\" content=\"index, follow, max-snippet:-1, max-image-preview:large, max-video-preview:-1\" \/>\n<link rel=\"canonical\" href=\"https:\/\/gohike.lv\/ru\/produkts\/naturehike-aploksnes-formas-kokvilnas-gulammaiss-rm40-m\/\" \/>\n<meta property=\"og:locale\" content=\"ru_RU\" \/>\n<meta property=\"og:type\" content=\"article\" \/>\n<meta property=\"og:title\" content=\"Naturehike - Gu\u013cammaiss\" \/>\n<meta property=\"og:description\" content=\"\u0160is gu\u013cammaiss ir piem\u0113rots gan 1, gan 2 person\u0101m. Tas ir mazg\u0101jams ve\u013casma\u0161\u012bn\u0101, lai atvieglotu kop\u0161anu.\" \/>\n<meta property=\"og:url\" content=\"https:\/\/gohike.lv\/ru\/produkts\/naturehike-aploksnes-formas-kokvilnas-gulammaiss-rm40-m\/\" \/>\n<meta property=\"og:site_name\" content=\"GoHike\" \/>\n<meta property=\"article:publisher\" content=\"https:\/\/www.facebook.com\/gohike.shop\/\" \/>\n<meta property=\"article:modified_time\" content=\"2025-12-30T14:10:12+00:00\" \/>\n<meta property=\"og:image\" content=\"https:\/\/gohike.lv\/wp-content\/uploads\/2024\/04\/RM40_.webp\" \/>\n\t<meta property=\"og:image:width\" content=\"800\" \/>\n\t<meta property=\"og:image:height\" content=\"800\" \/>\n\t<meta property=\"og:image:type\" content=\"image\/webp\" \/>\n<meta name=\"twitter:card\" content=\"summary_large_image\" \/>\n<meta name=\"twitter:title\" content=\"Naturehike - Gu\u013cammaiss\" \/>\n<meta name=\"twitter:label1\" content=\"\u041f\u0440\u0438\u043c\u0435\u0440\u043d\u043e\u0435 \u0432\u0440\u0435\u043c\u044f \u0434\u043b\u044f \u0447\u0442\u0435\u043d\u0438\u044f\" \/>\n\t<meta name=\"twitter:data1\" content=\"1 \u043c\u0438\u043d\u0443\u0442\u0430\" \/>\n<script type=\"application\/ld+json\" class=\"yoast-schema-graph\">{\"@context\":\"https:\\\/\\\/schema.org\",\"@graph\":[{\"@type\":[\"WebPage\",\"ItemPage\"],\"@id\":\"https:\\\/\\\/gohike.lv\\\/ru\\\/produkts\\\/naturehike-aploksnes-formas-kokvilnas-gulammaiss-rm40-m\\\/\",\"url\":\"https:\\\/\\\/gohike.lv\\\/ru\\\/produkts\\\/naturehike-aploksnes-formas-kokvilnas-gulammaiss-rm40-m\\\/\",\"name\":\"Naturehike - Aploksnes formas kokvilnas gu\u013cammaiss (RM40)\u00a0- M\",\"isPartOf\":{\"@id\":\"https:\\\/\\\/gohike.lv\\\/ru\\\/#website\"},\"primaryImageOfPage\":{\"@id\":\"https:\\\/\\\/gohike.lv\\\/ru\\\/produkts\\\/naturehike-aploksnes-formas-kokvilnas-gulammaiss-rm40-m\\\/#primaryimage\"},\"image\":{\"@id\":\"https:\\\/\\\/gohike.lv\\\/ru\\\/produkts\\\/naturehike-aploksnes-formas-kokvilnas-gulammaiss-rm40-m\\\/#primaryimage\"},\"thumbnailUrl\":\"https:\\\/\\\/gohike.lv\\\/wp-content\\\/uploads\\\/2024\\\/04\\\/RM40_.webp\",\"datePublished\":\"2024-04-25T17:21:30+00:00\",\"dateModified\":\"2025-12-30T14:10:12+00:00\",\"description\":\"\u0160is gu\u013cammaiss ir piem\u0113rots gan 1, gan 2 person\u0101m. Tas ir mazg\u0101jams ve\u013casma\u0161\u012bn\u0101, lai atvieglotu kop\u0161anu.\",\"breadcrumb\":{\"@id\":\"https:\\\/\\\/gohike.lv\\\/ru\\\/produkts\\\/naturehike-aploksnes-formas-kokvilnas-gulammaiss-rm40-m\\\/#breadcrumb\"},\"inLanguage\":\"ru-RU\",\"potentialAction\":[{\"@type\":\"ReadAction\",\"target\":[\"https:\\\/\\\/gohike.lv\\\/ru\\\/produkts\\\/naturehike-aploksnes-formas-kokvilnas-gulammaiss-rm40-m\\\/\"]}]},{\"@type\":\"ImageObject\",\"inLanguage\":\"ru-RU\",\"@id\":\"https:\\\/\\\/gohike.lv\\\/ru\\\/produkts\\\/naturehike-aploksnes-formas-kokvilnas-gulammaiss-rm40-m\\\/#primaryimage\",\"url\":\"https:\\\/\\\/gohike.lv\\\/wp-content\\\/uploads\\\/2024\\\/04\\\/RM40_.webp\",\"contentUrl\":\"https:\\\/\\\/gohike.lv\\\/wp-content\\\/uploads\\\/2024\\\/04\\\/RM40_.webp\",\"width\":800,\"height\":800},{\"@type\":\"BreadcrumbList\",\"@id\":\"https:\\\/\\\/gohike.lv\\\/ru\\\/produkts\\\/naturehike-aploksnes-formas-kokvilnas-gulammaiss-rm40-m\\\/#breadcrumb\",\"itemListElement\":[{\"@type\":\"ListItem\",\"position\":1,\"name\":\"\u0413\u043b\u0430\u0432\u043d\u0430\u044f\",\"item\":\"https:\\\/\\\/gohike.lv\\\/ru\\\/\"},{\"@type\":\"ListItem\",\"position\":2,\"name\":\"\u041a\u0430\u0442\u0435\u0433\u043e\u0440\u0438\u0438 \u0442\u043e\u0432\u0430\u0440\u043e\u0432\",\"item\":\"https:\\\/\\\/gohike.lv\\\/%d0%ba%d0%b0%d1%82%d0%b5%d0%b3%d0%be%d1%80%d0%b8%d0%b8-%d1%82%d0%be%d0%b2%d0%b0%d1%80%d0%be%d0%b2\\\/\"},{\"@type\":\"ListItem\",\"position\":3,\"name\":\"Naturehike &#8211; Aploksnes formas kokvilnas gu\u013cammaiss (RM40)\u00a0&#8211; M\"}]},{\"@type\":\"WebSite\",\"@id\":\"https:\\\/\\\/gohike.lv\\\/ru\\\/#website\",\"url\":\"https:\\\/\\\/gohike.lv\\\/ru\\\/\",\"name\":\"GoHike\",\"description\":\"\",\"publisher\":{\"@id\":\"https:\\\/\\\/gohike.lv\\\/ru\\\/#organization\"},\"potentialAction\":[{\"@type\":\"SearchAction\",\"target\":{\"@type\":\"EntryPoint\",\"urlTemplate\":\"https:\\\/\\\/gohike.lv\\\/ru\\\/?s={search_term_string}\"},\"query-input\":{\"@type\":\"PropertyValueSpecification\",\"valueRequired\":true,\"valueName\":\"search_term_string\"}}],\"inLanguage\":\"ru-RU\"},{\"@type\":\"Organization\",\"@id\":\"https:\\\/\\\/gohike.lv\\\/ru\\\/#organization\",\"name\":\"GoHike\",\"url\":\"https:\\\/\\\/gohike.lv\\\/ru\\\/\",\"logo\":{\"@type\":\"ImageObject\",\"inLanguage\":\"ru-RU\",\"@id\":\"https:\\\/\\\/gohike.lv\\\/ru\\\/#\\\/schema\\\/logo\\\/image\\\/\",\"url\":\"https:\\\/\\\/gohike.lv\\\/wp-content\\\/uploads\\\/2023\\\/08\\\/Logo_GoHike.webp\",\"contentUrl\":\"https:\\\/\\\/gohike.lv\\\/wp-content\\\/uploads\\\/2023\\\/08\\\/Logo_GoHike.webp\",\"width\":512,\"height\":512,\"caption\":\"GoHike\"},\"image\":{\"@id\":\"https:\\\/\\\/gohike.lv\\\/ru\\\/#\\\/schema\\\/logo\\\/image\\\/\"},\"sameAs\":[\"https:\\\/\\\/www.facebook.com\\\/gohike.shop\\\/\",\"https:\\\/\\\/www.instagram.com\\\/gohike.shop\\\/\"]}]}<\/script>\n<!-- \/ Yoast SEO plugin. -->","yoast_head_json":{"title":"Naturehike - Aploksnes formas kokvilnas gu\u013cammaiss (RM40)\u00a0- M","description":"\u0160is gu\u013cammaiss ir piem\u0113rots gan 1, gan 2 person\u0101m. Tas ir mazg\u0101jams ve\u013casma\u0161\u012bn\u0101, lai atvieglotu kop\u0161anu.","robots":{"index":"index","follow":"follow","max-snippet":"max-snippet:-1","max-image-preview":"max-image-preview:large","max-video-preview":"max-video-preview:-1"},"canonical":"https:\/\/gohike.lv\/ru\/produkts\/naturehike-aploksnes-formas-kokvilnas-gulammaiss-rm40-m\/","og_locale":"ru_RU","og_type":"article","og_title":"Naturehike - Gu\u013cammaiss","og_description":"\u0160is gu\u013cammaiss ir piem\u0113rots gan 1, gan 2 person\u0101m. Tas ir mazg\u0101jams ve\u013casma\u0161\u012bn\u0101, lai atvieglotu kop\u0161anu.","og_url":"https:\/\/gohike.lv\/ru\/produkts\/naturehike-aploksnes-formas-kokvilnas-gulammaiss-rm40-m\/","og_site_name":"GoHike","article_publisher":"https:\/\/www.facebook.com\/gohike.shop\/","article_modified_time":"2025-12-30T14:10:12+00:00","og_image":[{"width":800,"height":800,"url":"https:\/\/gohike.lv\/wp-content\/uploads\/2024\/04\/RM40_.webp","type":"image\/webp"}],"twitter_card":"summary_large_image","twitter_title":"Naturehike - Gu\u013cammaiss","twitter_misc":{"\u041f\u0440\u0438\u043c\u0435\u0440\u043d\u043e\u0435 \u0432\u0440\u0435\u043c\u044f \u0434\u043b\u044f \u0447\u0442\u0435\u043d\u0438\u044f":"1 \u043c\u0438\u043d\u0443\u0442\u0430"},"schema":{"@context":"https:\/\/schema.org","@graph":[{"@type":["WebPage","ItemPage"],"@id":"https:\/\/gohike.lv\/ru\/produkts\/naturehike-aploksnes-formas-kokvilnas-gulammaiss-rm40-m\/","url":"https:\/\/gohike.lv\/ru\/produkts\/naturehike-aploksnes-formas-kokvilnas-gulammaiss-rm40-m\/","name":"Naturehike - Aploksnes formas kokvilnas gu\u013cammaiss (RM40)\u00a0- M","isPartOf":{"@id":"https:\/\/gohike.lv\/ru\/#website"},"primaryImageOfPage":{"@id":"https:\/\/gohike.lv\/ru\/produkts\/naturehike-aploksnes-formas-kokvilnas-gulammaiss-rm40-m\/#primaryimage"},"image":{"@id":"https:\/\/gohike.lv\/ru\/produkts\/naturehike-aploksnes-formas-kokvilnas-gulammaiss-rm40-m\/#primaryimage"},"thumbnailUrl":"https:\/\/gohike.lv\/wp-content\/uploads\/2024\/04\/RM40_.webp","datePublished":"2024-04-25T17:21:30+00:00","dateModified":"2025-12-30T14:10:12+00:00","description":"\u0160is gu\u013cammaiss ir piem\u0113rots gan 1, gan 2 person\u0101m. Tas ir mazg\u0101jams ve\u013casma\u0161\u012bn\u0101, lai atvieglotu kop\u0161anu.","breadcrumb":{"@id":"https:\/\/gohike.lv\/ru\/produkts\/naturehike-aploksnes-formas-kokvilnas-gulammaiss-rm40-m\/#breadcrumb"},"inLanguage":"ru-RU","potentialAction":[{"@type":"ReadAction","target":["https:\/\/gohike.lv\/ru\/produkts\/naturehike-aploksnes-formas-kokvilnas-gulammaiss-rm40-m\/"]}]},{"@type":"ImageObject","inLanguage":"ru-RU","@id":"https:\/\/gohike.lv\/ru\/produkts\/naturehike-aploksnes-formas-kokvilnas-gulammaiss-rm40-m\/#primaryimage","url":"https:\/\/gohike.lv\/wp-content\/uploads\/2024\/04\/RM40_.webp","contentUrl":"https:\/\/gohike.lv\/wp-content\/uploads\/2024\/04\/RM40_.webp","width":800,"height":800},{"@type":"BreadcrumbList","@id":"https:\/\/gohike.lv\/ru\/produkts\/naturehike-aploksnes-formas-kokvilnas-gulammaiss-rm40-m\/#breadcrumb","itemListElement":[{"@type":"ListItem","position":1,"name":"\u0413\u043b\u0430\u0432\u043d\u0430\u044f","item":"https:\/\/gohike.lv\/ru\/"},{"@type":"ListItem","position":2,"name":"\u041a\u0430\u0442\u0435\u0433\u043e\u0440\u0438\u0438 \u0442\u043e\u0432\u0430\u0440\u043e\u0432","item":"https:\/\/gohike.lv\/%d0%ba%d0%b0%d1%82%d0%b5%d0%b3%d0%be%d1%80%d0%b8%d0%b8-%d1%82%d0%be%d0%b2%d0%b0%d1%80%d0%be%d0%b2\/"},{"@type":"ListItem","position":3,"name":"Naturehike &#8211; Aploksnes formas kokvilnas gu\u013cammaiss (RM40)\u00a0&#8211; M"}]},{"@type":"WebSite","@id":"https:\/\/gohike.lv\/ru\/#website","url":"https:\/\/gohike.lv\/ru\/","name":"GoHike","description":"","publisher":{"@id":"https:\/\/gohike.lv\/ru\/#organization"},"potentialAction":[{"@type":"SearchAction","target":{"@type":"EntryPoint","urlTemplate":"https:\/\/gohike.lv\/ru\/?s={search_term_string}"},"query-input":{"@type":"PropertyValueSpecification","valueRequired":true,"valueName":"search_term_string"}}],"inLanguage":"ru-RU"},{"@type":"Organization","@id":"https:\/\/gohike.lv\/ru\/#organization","name":"GoHike","url":"https:\/\/gohike.lv\/ru\/","logo":{"@type":"ImageObject","inLanguage":"ru-RU","@id":"https:\/\/gohike.lv\/ru\/#\/schema\/logo\/image\/","url":"https:\/\/gohike.lv\/wp-content\/uploads\/2023\/08\/Logo_GoHike.webp","contentUrl":"https:\/\/gohike.lv\/wp-content\/uploads\/2023\/08\/Logo_GoHike.webp","width":512,"height":512,"caption":"GoHike"},"image":{"@id":"https:\/\/gohike.lv\/ru\/#\/schema\/logo\/image\/"},"sameAs":["https:\/\/www.facebook.com\/gohike.shop\/","https:\/\/www.instagram.com\/gohike.shop\/"]}]}},"jetpack_sharing_enabled":true,"_links":{"self":[{"href":"https:\/\/gohike.lv\/ru\/wp-json\/wp\/v2\/product\/44747","targetHints":{"allow":["GET"]}}],"collection":[{"href":"https:\/\/gohike.lv\/ru\/wp-json\/wp\/v2\/product"}],"about":[{"href":"https:\/\/gohike.lv\/ru\/wp-json\/wp\/v2\/types\/product"}],"version-history":[{"count":1,"href":"https:\/\/gohike.lv\/ru\/wp-json\/wp\/v2\/product\/44747\/revisions"}],"predecessor-version":[{"id":118817,"href":"https:\/\/gohike.lv\/ru\/wp-json\/wp\/v2\/product\/44747\/revisions\/118817"}],"wp:featuredmedia":[{"embeddable":true,"href":"https:\/\/gohike.lv\/ru\/wp-json\/wp\/v2\/media\/38811"}],"wp:attachment":[{"href":"https:\/\/gohike.lv\/ru\/wp-json\/wp\/v2\/media?parent=44747"}],"wp:term":[{"taxonomy":"product_brand","embeddable":true,"href":"https:\/\/gohike.lv\/ru\/wp-json\/wp\/v2\/product_brand?post=44747"},{"taxonomy":"product_cat","embeddable":true,"href":"https:\/\/gohike.lv\/ru\/wp-json\/wp\/v2\/product_cat?post=44747"},{"taxonomy":"product_tag","embeddable":true,"href":"https:\/\/gohike.lv\/ru\/wp-json\/wp\/v2\/product_tag?post=44747"}],"curies":[{"name":"wp","href":"https:\/\/api.w.org\/{rel}","templated":true}]}}