{"id":44743,"date":"2024-04-25T20:21:30","date_gmt":"2024-04-25T17:21:30","guid":{"rendered":"https:\/\/gohike.lv\/produkts\/naturehike-cwm400-dunu-aploksnes-forma-gulammaiss-jauna-versija\/"},"modified":"2026-01-14T19:49:14","modified_gmt":"2026-01-14T16:49:14","slug":"naturehike-cwm400-dunu-aploksnes-forma-gulammaiss-jauna-versija","status":"publish","type":"product","link":"https:\/\/gohike.lv\/ru\/produkts\/naturehike-cwm400-dunu-aploksnes-forma-gulammaiss-jauna-versija\/","title":{"rendered":"Naturehike &#8212; CWM400 d\u016bnu aploksnes formas gu\u013cammaiss (jaun\u0101 versija)"},"content":{"rendered":"<p>Izgatavots no augstas kvalit\u0101tes 20D neilona materi\u0101la, iztur\u012bgs, \u0113rts un \u016bdensnecaurlaid\u012bgs.<br \/>\nPild\u012bts ar augstas kvalit\u0101tes 800 FP t\u012br\u0101m balt\u0101m zosu d\u016bn\u0101m.<br \/>\nSvars tikai 790g.<br \/>\n\u012apa\u0161i kompakts, gu\u013cammaisa izm\u0113rs: 200*80; to var saspiest som\u0101, kuras izm\u0113rs ir tikai 16*35.<br \/>\n800 FP balt\u0101s zoss d\u016bnas, vieglas, bet pietiekami siltas.<br \/>\n\u0160is ir ne tikai augstas kvalit\u0101tes d\u016bnu gu\u013cammaiss, bet ar\u012b to var izmantot k\u0101 lielu segu vai pakl\u0101ji\u0146u.<\/p>\n","protected":false},"excerpt":{"rendered":"<p>Naturehike zosu d\u016bnu gu\u013cammaiss.<\/p>\n","protected":false},"featured_media":38783,"template":"","meta":[],"product_brand":[167],"product_cat":[1888],"product_tag":[],"class_list":{"0":"post-44743","1":"product","2":"type-product","3":"status-publish","4":"has-post-thumbnail","6":"product_brand-naturehike-lv","7":"product_cat-gulammaisi","8":"pa_izmeriscm-10006","9":"pa_materiali-dunu-saturs-90","10":"pa_materiali-oderejums-15d-400t-neilons-pildijums-280g-baltas-zoss-dunas","11":"pa_produkta-tips-gulammaisi","12":"pa_spalva-tumsi-zils","14":"first","15":"instock","16":"taxable","17":"shipping-taxable","18":"purchasable","19":"product-type-simple"},"raw_content":{"name":"Naturehike - CWM400 d\u016bnu aploksnes formas gu\u013cammaiss (jaun\u0101 versija)","description":"Izgatavots no augstas kvalit\u0101tes 20D neilona materi\u0101la, iztur\u012bgs, \u0113rts un \u016bdensnecaurlaid\u012bgs.\nPild\u012bts ar augstas kvalit\u0101tes 800 FP t\u012br\u0101m balt\u0101m zosu d\u016bn\u0101m.\nSvars tikai 790g.\n\u012apa\u0161i kompakts, gu\u013cammaisa izm\u0113rs: 200*80; to var saspiest som\u0101, kuras izm\u0113rs ir tikai 16*35.\n800 FP balt\u0101s zoss d\u016bnas, vieglas, bet pietiekami siltas.\n\u0160is ir ne tikai augstas kvalit\u0101tes d\u016bnu gu\u013cammaiss, bet ar\u012b to var izmantot k\u0101 lielu segu vai pakl\u0101ji\u0146u.","short_description":"Naturehike zosu d\u016bnu gu\u013cammaiss.","status":"publish","sku":"6927595762424","original":44743},"wpml":{"translation_type":1,"has_translations":true,"original":44743,"duplicates":[],"translations":{"lv":44743,"en":68646,"ru":null}},"supplier_id":null,"supplier_sku":"","barcode":null,"atum_controlled":true,"out_stock_date":null,"out_stock_threshold":null,"inheritable":false,"inbound_stock":0,"stock_on_hold":0,"sold_today":0,"sales_last_days":1,"reserved_stock":0,"customer_returns":0,"warehouse_damage":0,"lost_in_post":0,"other_logs":0,"out_stock_days":0,"lost_sales":0,"has_location":false,"update_date":"2026-01-15T09:49:22","atum_locations":[],"atum_stock_status":"instock","restock_status":false,"low_stock_amount":"","sales_update_date":"2026-01-15T09:49:22","calc_backorders":null,"yoast_head":"<!-- This site is optimized with the Yoast SEO plugin v27.3 - https:\/\/yoast.com\/product\/yoast-seo-wordpress\/ -->\n<title>Naturehike - d\u016bnu aploksnes formas gu\u013cammaiss (jaun\u0101 versija)<\/title>\n<meta name=\"description\" content=\"Naturehike zosu d\u016bnu gu\u013cammaiss. Izgatavots no augstas kvalit\u0101tes 20D neilona materi\u0101la, iztur\u012bgs, \u0113rts un \u016bdensnecaurlaid\u012bgs.\" \/>\n<meta name=\"robots\" content=\"index, follow, max-snippet:-1, max-image-preview:large, max-video-preview:-1\" \/>\n<link rel=\"canonical\" href=\"https:\/\/gohike.lv\/ru\/produkts\/naturehike-cwm400-dunu-aploksnes-forma-gulammaiss-jauna-versija\/\" \/>\n<meta property=\"og:locale\" content=\"ru_RU\" \/>\n<meta property=\"og:type\" content=\"article\" \/>\n<meta property=\"og:title\" content=\"Naturehike - Gu\u013cammaiss\" \/>\n<meta property=\"og:description\" content=\"Naturehike zosu d\u016bnu gu\u013cammaiss. Izgatavots no augstas kvalit\u0101tes 20D neilona materi\u0101la, iztur\u012bgs, \u0113rts un \u016bdensnecaurlaid\u012bgs.\" \/>\n<meta property=\"og:url\" content=\"https:\/\/gohike.lv\/ru\/produkts\/naturehike-cwm400-dunu-aploksnes-forma-gulammaiss-jauna-versija\/\" \/>\n<meta property=\"og:site_name\" content=\"GoHike\" \/>\n<meta property=\"article:publisher\" content=\"https:\/\/www.facebook.com\/gohike.shop\/\" \/>\n<meta property=\"article:modified_time\" content=\"2026-01-14T16:49:14+00:00\" \/>\n<meta property=\"og:image\" content=\"https:\/\/gohike.lv\/wp-content\/uploads\/2024\/04\/CW400_.webp\" \/>\n\t<meta property=\"og:image:width\" content=\"540\" \/>\n\t<meta property=\"og:image:height\" content=\"540\" \/>\n\t<meta property=\"og:image:type\" content=\"image\/webp\" \/>\n<meta name=\"twitter:card\" content=\"summary_large_image\" \/>\n<meta name=\"twitter:title\" content=\"Naturehike - Gu\u013cammaiss\" \/>\n<meta name=\"twitter:label1\" content=\"\u041f\u0440\u0438\u043c\u0435\u0440\u043d\u043e\u0435 \u0432\u0440\u0435\u043c\u044f \u0434\u043b\u044f \u0447\u0442\u0435\u043d\u0438\u044f\" \/>\n\t<meta name=\"twitter:data1\" content=\"1 \u043c\u0438\u043d\u0443\u0442\u0430\" \/>\n<script type=\"application\/ld+json\" class=\"yoast-schema-graph\">{\"@context\":\"https:\\\/\\\/schema.org\",\"@graph\":[{\"@type\":[\"WebPage\",\"ItemPage\"],\"@id\":\"https:\\\/\\\/gohike.lv\\\/ru\\\/produkts\\\/naturehike-cwm400-dunu-aploksnes-forma-gulammaiss-jauna-versija\\\/\",\"url\":\"https:\\\/\\\/gohike.lv\\\/ru\\\/produkts\\\/naturehike-cwm400-dunu-aploksnes-forma-gulammaiss-jauna-versija\\\/\",\"name\":\"Naturehike - d\u016bnu aploksnes formas gu\u013cammaiss (jaun\u0101 versija)\",\"isPartOf\":{\"@id\":\"https:\\\/\\\/gohike.lv\\\/ru\\\/#website\"},\"primaryImageOfPage\":{\"@id\":\"https:\\\/\\\/gohike.lv\\\/ru\\\/produkts\\\/naturehike-cwm400-dunu-aploksnes-forma-gulammaiss-jauna-versija\\\/#primaryimage\"},\"image\":{\"@id\":\"https:\\\/\\\/gohike.lv\\\/ru\\\/produkts\\\/naturehike-cwm400-dunu-aploksnes-forma-gulammaiss-jauna-versija\\\/#primaryimage\"},\"thumbnailUrl\":\"https:\\\/\\\/gohike.lv\\\/wp-content\\\/uploads\\\/2024\\\/04\\\/CW400_.webp\",\"datePublished\":\"2024-04-25T17:21:30+00:00\",\"dateModified\":\"2026-01-14T16:49:14+00:00\",\"description\":\"Naturehike zosu d\u016bnu gu\u013cammaiss. Izgatavots no augstas kvalit\u0101tes 20D neilona materi\u0101la, iztur\u012bgs, \u0113rts un \u016bdensnecaurlaid\u012bgs.\",\"breadcrumb\":{\"@id\":\"https:\\\/\\\/gohike.lv\\\/ru\\\/produkts\\\/naturehike-cwm400-dunu-aploksnes-forma-gulammaiss-jauna-versija\\\/#breadcrumb\"},\"inLanguage\":\"ru-RU\",\"potentialAction\":[{\"@type\":\"ReadAction\",\"target\":[\"https:\\\/\\\/gohike.lv\\\/ru\\\/produkts\\\/naturehike-cwm400-dunu-aploksnes-forma-gulammaiss-jauna-versija\\\/\"]}]},{\"@type\":\"ImageObject\",\"inLanguage\":\"ru-RU\",\"@id\":\"https:\\\/\\\/gohike.lv\\\/ru\\\/produkts\\\/naturehike-cwm400-dunu-aploksnes-forma-gulammaiss-jauna-versija\\\/#primaryimage\",\"url\":\"https:\\\/\\\/gohike.lv\\\/wp-content\\\/uploads\\\/2024\\\/04\\\/CW400_.webp\",\"contentUrl\":\"https:\\\/\\\/gohike.lv\\\/wp-content\\\/uploads\\\/2024\\\/04\\\/CW400_.webp\",\"width\":540,\"height\":540},{\"@type\":\"BreadcrumbList\",\"@id\":\"https:\\\/\\\/gohike.lv\\\/ru\\\/produkts\\\/naturehike-cwm400-dunu-aploksnes-forma-gulammaiss-jauna-versija\\\/#breadcrumb\",\"itemListElement\":[{\"@type\":\"ListItem\",\"position\":1,\"name\":\"\u0413\u043b\u0430\u0432\u043d\u0430\u044f\",\"item\":\"https:\\\/\\\/gohike.lv\\\/ru\\\/\"},{\"@type\":\"ListItem\",\"position\":2,\"name\":\"\u041a\u0430\u0442\u0435\u0433\u043e\u0440\u0438\u0438 \u0442\u043e\u0432\u0430\u0440\u043e\u0432\",\"item\":\"https:\\\/\\\/gohike.lv\\\/%d0%ba%d0%b0%d1%82%d0%b5%d0%b3%d0%be%d1%80%d0%b8%d0%b8-%d1%82%d0%be%d0%b2%d0%b0%d1%80%d0%be%d0%b2\\\/\"},{\"@type\":\"ListItem\",\"position\":3,\"name\":\"Naturehike &#8211; CWM400 d\u016bnu aploksnes formas gu\u013cammaiss (jaun\u0101 versija)\"}]},{\"@type\":\"WebSite\",\"@id\":\"https:\\\/\\\/gohike.lv\\\/ru\\\/#website\",\"url\":\"https:\\\/\\\/gohike.lv\\\/ru\\\/\",\"name\":\"GoHike\",\"description\":\"\",\"publisher\":{\"@id\":\"https:\\\/\\\/gohike.lv\\\/ru\\\/#organization\"},\"potentialAction\":[{\"@type\":\"SearchAction\",\"target\":{\"@type\":\"EntryPoint\",\"urlTemplate\":\"https:\\\/\\\/gohike.lv\\\/ru\\\/?s={search_term_string}\"},\"query-input\":{\"@type\":\"PropertyValueSpecification\",\"valueRequired\":true,\"valueName\":\"search_term_string\"}}],\"inLanguage\":\"ru-RU\"},{\"@type\":\"Organization\",\"@id\":\"https:\\\/\\\/gohike.lv\\\/ru\\\/#organization\",\"name\":\"GoHike\",\"url\":\"https:\\\/\\\/gohike.lv\\\/ru\\\/\",\"logo\":{\"@type\":\"ImageObject\",\"inLanguage\":\"ru-RU\",\"@id\":\"https:\\\/\\\/gohike.lv\\\/ru\\\/#\\\/schema\\\/logo\\\/image\\\/\",\"url\":\"https:\\\/\\\/gohike.lv\\\/wp-content\\\/uploads\\\/2023\\\/08\\\/Logo_GoHike.webp\",\"contentUrl\":\"https:\\\/\\\/gohike.lv\\\/wp-content\\\/uploads\\\/2023\\\/08\\\/Logo_GoHike.webp\",\"width\":512,\"height\":512,\"caption\":\"GoHike\"},\"image\":{\"@id\":\"https:\\\/\\\/gohike.lv\\\/ru\\\/#\\\/schema\\\/logo\\\/image\\\/\"},\"sameAs\":[\"https:\\\/\\\/www.facebook.com\\\/gohike.shop\\\/\",\"https:\\\/\\\/www.instagram.com\\\/gohike.shop\\\/\"]}]}<\/script>\n<!-- \/ Yoast SEO plugin. -->","yoast_head_json":{"title":"Naturehike - d\u016bnu aploksnes formas gu\u013cammaiss (jaun\u0101 versija)","description":"Naturehike zosu d\u016bnu gu\u013cammaiss. Izgatavots no augstas kvalit\u0101tes 20D neilona materi\u0101la, iztur\u012bgs, \u0113rts un \u016bdensnecaurlaid\u012bgs.","robots":{"index":"index","follow":"follow","max-snippet":"max-snippet:-1","max-image-preview":"max-image-preview:large","max-video-preview":"max-video-preview:-1"},"canonical":"https:\/\/gohike.lv\/ru\/produkts\/naturehike-cwm400-dunu-aploksnes-forma-gulammaiss-jauna-versija\/","og_locale":"ru_RU","og_type":"article","og_title":"Naturehike - Gu\u013cammaiss","og_description":"Naturehike zosu d\u016bnu gu\u013cammaiss. Izgatavots no augstas kvalit\u0101tes 20D neilona materi\u0101la, iztur\u012bgs, \u0113rts un \u016bdensnecaurlaid\u012bgs.","og_url":"https:\/\/gohike.lv\/ru\/produkts\/naturehike-cwm400-dunu-aploksnes-forma-gulammaiss-jauna-versija\/","og_site_name":"GoHike","article_publisher":"https:\/\/www.facebook.com\/gohike.shop\/","article_modified_time":"2026-01-14T16:49:14+00:00","og_image":[{"width":540,"height":540,"url":"https:\/\/gohike.lv\/wp-content\/uploads\/2024\/04\/CW400_.webp","type":"image\/webp"}],"twitter_card":"summary_large_image","twitter_title":"Naturehike - Gu\u013cammaiss","twitter_misc":{"\u041f\u0440\u0438\u043c\u0435\u0440\u043d\u043e\u0435 \u0432\u0440\u0435\u043c\u044f \u0434\u043b\u044f \u0447\u0442\u0435\u043d\u0438\u044f":"1 \u043c\u0438\u043d\u0443\u0442\u0430"},"schema":{"@context":"https:\/\/schema.org","@graph":[{"@type":["WebPage","ItemPage"],"@id":"https:\/\/gohike.lv\/ru\/produkts\/naturehike-cwm400-dunu-aploksnes-forma-gulammaiss-jauna-versija\/","url":"https:\/\/gohike.lv\/ru\/produkts\/naturehike-cwm400-dunu-aploksnes-forma-gulammaiss-jauna-versija\/","name":"Naturehike - d\u016bnu aploksnes formas gu\u013cammaiss (jaun\u0101 versija)","isPartOf":{"@id":"https:\/\/gohike.lv\/ru\/#website"},"primaryImageOfPage":{"@id":"https:\/\/gohike.lv\/ru\/produkts\/naturehike-cwm400-dunu-aploksnes-forma-gulammaiss-jauna-versija\/#primaryimage"},"image":{"@id":"https:\/\/gohike.lv\/ru\/produkts\/naturehike-cwm400-dunu-aploksnes-forma-gulammaiss-jauna-versija\/#primaryimage"},"thumbnailUrl":"https:\/\/gohike.lv\/wp-content\/uploads\/2024\/04\/CW400_.webp","datePublished":"2024-04-25T17:21:30+00:00","dateModified":"2026-01-14T16:49:14+00:00","description":"Naturehike zosu d\u016bnu gu\u013cammaiss. Izgatavots no augstas kvalit\u0101tes 20D neilona materi\u0101la, iztur\u012bgs, \u0113rts un \u016bdensnecaurlaid\u012bgs.","breadcrumb":{"@id":"https:\/\/gohike.lv\/ru\/produkts\/naturehike-cwm400-dunu-aploksnes-forma-gulammaiss-jauna-versija\/#breadcrumb"},"inLanguage":"ru-RU","potentialAction":[{"@type":"ReadAction","target":["https:\/\/gohike.lv\/ru\/produkts\/naturehike-cwm400-dunu-aploksnes-forma-gulammaiss-jauna-versija\/"]}]},{"@type":"ImageObject","inLanguage":"ru-RU","@id":"https:\/\/gohike.lv\/ru\/produkts\/naturehike-cwm400-dunu-aploksnes-forma-gulammaiss-jauna-versija\/#primaryimage","url":"https:\/\/gohike.lv\/wp-content\/uploads\/2024\/04\/CW400_.webp","contentUrl":"https:\/\/gohike.lv\/wp-content\/uploads\/2024\/04\/CW400_.webp","width":540,"height":540},{"@type":"BreadcrumbList","@id":"https:\/\/gohike.lv\/ru\/produkts\/naturehike-cwm400-dunu-aploksnes-forma-gulammaiss-jauna-versija\/#breadcrumb","itemListElement":[{"@type":"ListItem","position":1,"name":"\u0413\u043b\u0430\u0432\u043d\u0430\u044f","item":"https:\/\/gohike.lv\/ru\/"},{"@type":"ListItem","position":2,"name":"\u041a\u0430\u0442\u0435\u0433\u043e\u0440\u0438\u0438 \u0442\u043e\u0432\u0430\u0440\u043e\u0432","item":"https:\/\/gohike.lv\/%d0%ba%d0%b0%d1%82%d0%b5%d0%b3%d0%be%d1%80%d0%b8%d0%b8-%d1%82%d0%be%d0%b2%d0%b0%d1%80%d0%be%d0%b2\/"},{"@type":"ListItem","position":3,"name":"Naturehike &#8211; CWM400 d\u016bnu aploksnes formas gu\u013cammaiss (jaun\u0101 versija)"}]},{"@type":"WebSite","@id":"https:\/\/gohike.lv\/ru\/#website","url":"https:\/\/gohike.lv\/ru\/","name":"GoHike","description":"","publisher":{"@id":"https:\/\/gohike.lv\/ru\/#organization"},"potentialAction":[{"@type":"SearchAction","target":{"@type":"EntryPoint","urlTemplate":"https:\/\/gohike.lv\/ru\/?s={search_term_string}"},"query-input":{"@type":"PropertyValueSpecification","valueRequired":true,"valueName":"search_term_string"}}],"inLanguage":"ru-RU"},{"@type":"Organization","@id":"https:\/\/gohike.lv\/ru\/#organization","name":"GoHike","url":"https:\/\/gohike.lv\/ru\/","logo":{"@type":"ImageObject","inLanguage":"ru-RU","@id":"https:\/\/gohike.lv\/ru\/#\/schema\/logo\/image\/","url":"https:\/\/gohike.lv\/wp-content\/uploads\/2023\/08\/Logo_GoHike.webp","contentUrl":"https:\/\/gohike.lv\/wp-content\/uploads\/2023\/08\/Logo_GoHike.webp","width":512,"height":512,"caption":"GoHike"},"image":{"@id":"https:\/\/gohike.lv\/ru\/#\/schema\/logo\/image\/"},"sameAs":["https:\/\/www.facebook.com\/gohike.shop\/","https:\/\/www.instagram.com\/gohike.shop\/"]}]}},"jetpack_sharing_enabled":true,"_links":{"self":[{"href":"https:\/\/gohike.lv\/ru\/wp-json\/wp\/v2\/product\/44743","targetHints":{"allow":["GET"]}}],"collection":[{"href":"https:\/\/gohike.lv\/ru\/wp-json\/wp\/v2\/product"}],"about":[{"href":"https:\/\/gohike.lv\/ru\/wp-json\/wp\/v2\/types\/product"}],"version-history":[{"count":1,"href":"https:\/\/gohike.lv\/ru\/wp-json\/wp\/v2\/product\/44743\/revisions"}],"predecessor-version":[{"id":118212,"href":"https:\/\/gohike.lv\/ru\/wp-json\/wp\/v2\/product\/44743\/revisions\/118212"}],"wp:featuredmedia":[{"embeddable":true,"href":"https:\/\/gohike.lv\/ru\/wp-json\/wp\/v2\/media\/38783"}],"wp:attachment":[{"href":"https:\/\/gohike.lv\/ru\/wp-json\/wp\/v2\/media?parent=44743"}],"wp:term":[{"taxonomy":"product_brand","embeddable":true,"href":"https:\/\/gohike.lv\/ru\/wp-json\/wp\/v2\/product_brand?post=44743"},{"taxonomy":"product_cat","embeddable":true,"href":"https:\/\/gohike.lv\/ru\/wp-json\/wp\/v2\/product_cat?post=44743"},{"taxonomy":"product_tag","embeddable":true,"href":"https:\/\/gohike.lv\/ru\/wp-json\/wp\/v2\/product_tag?post=44743"}],"curies":[{"name":"wp","href":"https:\/\/api.w.org\/{rel}","templated":true}]}}