{"id":44741,"date":"2024-04-25T20:21:30","date_gmt":"2024-04-25T17:21:30","guid":{"rendered":"https:\/\/gohike.lv\/produkts\/naturehike-feeder-kokvilnas-gulammaiss-berniem-b180\/"},"modified":"2025-12-30T17:10:12","modified_gmt":"2025-12-30T14:10:12","slug":"naturehike-feeder-kokvilnas-gulammaiss-berniem-b180","status":"publish","type":"product","link":"https:\/\/gohike.lv\/ru\/produkts\/naturehike-feeder-kokvilnas-gulammaiss-berniem-b180\/","title":{"rendered":"Naturehike &#8212; Feeder kokvilnas gu\u013cammaiss b\u0113rniem &#8212; B180"},"content":{"rendered":"<p>Svar\u012bga \u0161\u0101da gu\u013cammaisa \u012bpa\u0161\u012bba ir t\u0101, ka audums nodro\u0161ina labu ventil\u0101ciju.<br \/>\nT\u0101 k\u0101 mazu\u013ca \u0137erme\u0146a temperat\u016bra vienm\u0113r ir augst\u0101ka, tad, lietojot gu\u013cammaisu, rodas vair\u0101k siltuma.<br \/>\nVirsmas materi\u0101ls \u2013 poliesters, m\u012bksts, \u0101dai draudz\u012bgs, elpojo\u0161s.<br \/>\n\u0160is materi\u0101ls ir hipoaler\u0123isks, t\u0101p\u0113c p\u0113c saskares ar b\u0113rnu \u0101du, tas neizraisa kairin\u0101jumu vai izsitumus.<br \/>\nMateri\u0101ls ir \u013coti m\u012bksts, pat\u012bkams, pal\u012bdz b\u0113rniem un pat pieaugu\u0161ajiem justies \u013coti \u0113rti.<br \/>\n\u0160is gu\u013cammaiss ir \u0113rts b\u0113rnam un dro\u0161s lieto\u0161anai atkl\u0101t\u0101s viet\u0101s, k\u0101 ar\u012b telt\u012b.<br \/>\n\u0112rta gu\u013cammaisa lieto\u0161ana 12C temperat\u016br\u0101 ar ierobe\u017eojumiem lietojama pie 5C temperat\u016bras.<br \/>\nVirsma ir gluda un viegli mazg\u0101jama vai t\u012br\u0101ma ar rok\u0101m.<br \/>\nRaksturlielumi:<br \/>\nModelis: CNH22SD001;<br \/>\nPiem\u0113rots b\u0113rniem ar maksim\u0101lo augumu 150 cm.<br \/>\nIzgatavots no hipoaler\u0123iskiem materi\u0101liem;<br \/>\nKokvilnas odere;<br \/>\nVar mazg\u0101t ve\u013cas ma\u0161\u012bn\u0101;<br \/>\nIzm\u0113ri atloc\u012bt\u0101 veid\u0101: 75&#215;160 cm;<br \/>\nIzm\u0113ri saloc\u012bt\u0101 veid\u0101: 45x27x18cm;<br \/>\nAug\u0161da\u013cas platums: 75 cm;<br \/>\nApak\u0161\u0113j\u0101 platums: 75 cm;<br \/>\nPild\u012bjums: kokvilna;<br \/>\nMateri\u0101ls: poliesters;<br \/>\nSvars: 1,8 kg.<br \/>\n\u0112rtai transport\u0113\u0161anai ir soma ar izm\u0113riem 45 x 27 x 18 cm.<\/p>\n","protected":false},"excerpt":{"rendered":"<p>Naturehike B180 ir piem\u0113rots b\u0113rniem, produkts ir b\u0113\u0161\u0101 kr\u0101s\u0101 ar vienk\u0101r\u0161u dizainu, tas ir viegli mazg\u0101jams un laika gait\u0101 nezaud\u0113 savu izskatu.<\/p>\n<p>&nbsp;<\/p>\n","protected":false},"featured_media":38769,"template":"","meta":[],"product_brand":[167],"product_cat":[9459,1888],"product_tag":[],"class_list":{"0":"post-44741","1":"product","2":"type-product","3":"status-publish","4":"has-post-thumbnail","6":"product_brand-naturehike-lv","7":"product_cat-berniem","8":"product_cat-gulammaisi","9":"pa_izmeriscm-10007","10":"pa_materiali-audums-a-tipa-tpongee","11":"pa_materiali-kokvilnas-audums-pildijums-kokvilnas-imitacija-pildijums-imitation-down-cotton","12":"pa_produkta-tips-gulammaisi","14":"first","15":"instock","16":"taxable","17":"shipping-taxable","18":"purchasable","19":"product-type-simple"},"raw_content":{"name":"Naturehike - Feeder kokvilnas gu\u013cammaiss b\u0113rniem - B180","description":"Svar\u012bga \u0161\u0101da gu\u013cammaisa \u012bpa\u0161\u012bba ir t\u0101, ka audums nodro\u0161ina labu ventil\u0101ciju.\nT\u0101 k\u0101 mazu\u013ca \u0137erme\u0146a temperat\u016bra vienm\u0113r ir augst\u0101ka, tad, lietojot gu\u013cammaisu, rodas vair\u0101k siltuma.\nVirsmas materi\u0101ls \u2013 poliesters, m\u012bksts, \u0101dai draudz\u012bgs, elpojo\u0161s.\n\u0160is materi\u0101ls ir hipoaler\u0123isks, t\u0101p\u0113c p\u0113c saskares ar b\u0113rnu \u0101du, tas neizraisa kairin\u0101jumu vai izsitumus.\nMateri\u0101ls ir \u013coti m\u012bksts, pat\u012bkams, pal\u012bdz b\u0113rniem un pat pieaugu\u0161ajiem justies \u013coti \u0113rti.\n\u0160is gu\u013cammaiss ir \u0113rts b\u0113rnam un dro\u0161s lieto\u0161anai atkl\u0101t\u0101s viet\u0101s, k\u0101 ar\u012b telt\u012b.\n\u0112rta gu\u013cammaisa lieto\u0161ana 12C temperat\u016br\u0101 ar ierobe\u017eojumiem lietojama pie 5C temperat\u016bras.\nVirsma ir gluda un viegli mazg\u0101jama vai t\u012br\u0101ma ar rok\u0101m.\nRaksturlielumi:\nModelis: CNH22SD001;\nPiem\u0113rots b\u0113rniem ar maksim\u0101lo augumu 150 cm.\nIzgatavots no hipoaler\u0123iskiem materi\u0101liem;\nKokvilnas odere;\nVar mazg\u0101t ve\u013cas ma\u0161\u012bn\u0101;\nIzm\u0113ri atloc\u012bt\u0101 veid\u0101: 75x160 cm;\nIzm\u0113ri saloc\u012bt\u0101 veid\u0101: 45x27x18cm;\nAug\u0161da\u013cas platums: 75 cm;\nApak\u0161\u0113j\u0101 platums: 75 cm;\nPild\u012bjums: kokvilna;\nMateri\u0101ls: poliesters;\nSvars: 1,8 kg.\n\u0112rtai transport\u0113\u0161anai ir soma ar izm\u0113riem 45 x 27 x 18 cm.","short_description":"Naturehike B180 ir piem\u0113rots b\u0113rniem, produkts ir b\u0113\u0161\u0101 kr\u0101s\u0101 ar vienk\u0101r\u0161u dizainu, tas ir viegli mazg\u0101jams un laika gait\u0101 nezaud\u0113 savu izskatu.\r\n\r\n&nbsp;","status":"publish","sku":"6927595799611","original":44741},"wpml":{"translation_type":1,"has_translations":true,"original":44741,"duplicates":[],"translations":{"lv":44741,"en":68648,"ru":null}},"supplier_id":null,"supplier_sku":"","barcode":null,"atum_controlled":true,"out_stock_date":null,"out_stock_threshold":null,"inheritable":false,"inbound_stock":0,"stock_on_hold":0,"sold_today":0,"sales_last_days":0,"reserved_stock":0,"customer_returns":0,"warehouse_damage":0,"lost_in_post":0,"other_logs":0,"out_stock_days":0,"lost_sales":0,"has_location":false,"update_date":"2025-12-30T14:13:32","atum_locations":[],"atum_stock_status":"instock","restock_status":false,"low_stock_amount":"","sales_update_date":"2025-11-13T13:36:25","calc_backorders":null,"yoast_head":"<!-- This site is optimized with the Yoast SEO plugin v27.3 - https:\/\/yoast.com\/product\/yoast-seo-wordpress\/ -->\n<title>Naturehike - Feeder kokvilnas gu\u013cammaiss b\u0113rniem - B180<\/title>\n<meta name=\"description\" content=\"Naturehike B180 ir piem\u0113rots b\u0113rniem, produkts ir b\u0113\u0161\u0101 kr\u0101s\u0101 ar vienk\u0101r\u0161u dizainu, tas ir viegli mazg\u0101jams un laika gait\u0101 nezaud\u0113 savu izskatu.\u00a0\" \/>\n<meta name=\"robots\" content=\"index, follow, max-snippet:-1, max-image-preview:large, max-video-preview:-1\" \/>\n<link rel=\"canonical\" href=\"https:\/\/gohike.lv\/ru\/produkts\/naturehike-feeder-kokvilnas-gulammaiss-berniem-b180\/\" \/>\n<meta property=\"og:locale\" content=\"ru_RU\" \/>\n<meta property=\"og:type\" content=\"article\" \/>\n<meta property=\"og:title\" content=\"Naturehike - Gu\u013cammaiss\" \/>\n<meta property=\"og:description\" content=\"Naturehike B180 ir piem\u0113rots b\u0113rniem, produkts ir b\u0113\u0161\u0101 kr\u0101s\u0101 ar vienk\u0101r\u0161u dizainu, tas ir viegli mazg\u0101jams un laika gait\u0101 nezaud\u0113 savu izskatu.\u00a0\" \/>\n<meta property=\"og:url\" content=\"https:\/\/gohike.lv\/ru\/produkts\/naturehike-feeder-kokvilnas-gulammaiss-berniem-b180\/\" \/>\n<meta property=\"og:site_name\" content=\"GoHike\" \/>\n<meta property=\"article:publisher\" content=\"https:\/\/www.facebook.com\/gohike.shop\/\" \/>\n<meta property=\"article:modified_time\" content=\"2025-12-30T14:10:12+00:00\" \/>\n<meta property=\"og:image\" content=\"https:\/\/gohike.lv\/wp-content\/uploads\/2024\/04\/B180_.webp\" \/>\n\t<meta property=\"og:image:width\" content=\"800\" \/>\n\t<meta property=\"og:image:height\" content=\"800\" \/>\n\t<meta property=\"og:image:type\" content=\"image\/webp\" \/>\n<meta name=\"twitter:card\" content=\"summary_large_image\" \/>\n<meta name=\"twitter:title\" content=\"Naturehike - Gu\u013cammaiss\" \/>\n<meta name=\"twitter:label1\" content=\"\u041f\u0440\u0438\u043c\u0435\u0440\u043d\u043e\u0435 \u0432\u0440\u0435\u043c\u044f \u0434\u043b\u044f \u0447\u0442\u0435\u043d\u0438\u044f\" \/>\n\t<meta name=\"twitter:data1\" content=\"2 \u043c\u0438\u043d\u0443\u0442\u0430\" \/>\n<script type=\"application\/ld+json\" class=\"yoast-schema-graph\">{\"@context\":\"https:\\\/\\\/schema.org\",\"@graph\":[{\"@type\":[\"WebPage\",\"ItemPage\"],\"@id\":\"https:\\\/\\\/gohike.lv\\\/ru\\\/produkts\\\/naturehike-feeder-kokvilnas-gulammaiss-berniem-b180\\\/\",\"url\":\"https:\\\/\\\/gohike.lv\\\/ru\\\/produkts\\\/naturehike-feeder-kokvilnas-gulammaiss-berniem-b180\\\/\",\"name\":\"Naturehike - Feeder kokvilnas gu\u013cammaiss b\u0113rniem - B180\",\"isPartOf\":{\"@id\":\"https:\\\/\\\/gohike.lv\\\/ru\\\/#website\"},\"primaryImageOfPage\":{\"@id\":\"https:\\\/\\\/gohike.lv\\\/ru\\\/produkts\\\/naturehike-feeder-kokvilnas-gulammaiss-berniem-b180\\\/#primaryimage\"},\"image\":{\"@id\":\"https:\\\/\\\/gohike.lv\\\/ru\\\/produkts\\\/naturehike-feeder-kokvilnas-gulammaiss-berniem-b180\\\/#primaryimage\"},\"thumbnailUrl\":\"https:\\\/\\\/gohike.lv\\\/wp-content\\\/uploads\\\/2024\\\/04\\\/B180_.webp\",\"datePublished\":\"2024-04-25T17:21:30+00:00\",\"dateModified\":\"2025-12-30T14:10:12+00:00\",\"description\":\"Naturehike B180 ir piem\u0113rots b\u0113rniem, produkts ir b\u0113\u0161\u0101 kr\u0101s\u0101 ar vienk\u0101r\u0161u dizainu, tas ir viegli mazg\u0101jams un laika gait\u0101 nezaud\u0113 savu izskatu.\u00a0\",\"breadcrumb\":{\"@id\":\"https:\\\/\\\/gohike.lv\\\/ru\\\/produkts\\\/naturehike-feeder-kokvilnas-gulammaiss-berniem-b180\\\/#breadcrumb\"},\"inLanguage\":\"ru-RU\",\"potentialAction\":[{\"@type\":\"ReadAction\",\"target\":[\"https:\\\/\\\/gohike.lv\\\/ru\\\/produkts\\\/naturehike-feeder-kokvilnas-gulammaiss-berniem-b180\\\/\"]}]},{\"@type\":\"ImageObject\",\"inLanguage\":\"ru-RU\",\"@id\":\"https:\\\/\\\/gohike.lv\\\/ru\\\/produkts\\\/naturehike-feeder-kokvilnas-gulammaiss-berniem-b180\\\/#primaryimage\",\"url\":\"https:\\\/\\\/gohike.lv\\\/wp-content\\\/uploads\\\/2024\\\/04\\\/B180_.webp\",\"contentUrl\":\"https:\\\/\\\/gohike.lv\\\/wp-content\\\/uploads\\\/2024\\\/04\\\/B180_.webp\",\"width\":800,\"height\":800},{\"@type\":\"BreadcrumbList\",\"@id\":\"https:\\\/\\\/gohike.lv\\\/ru\\\/produkts\\\/naturehike-feeder-kokvilnas-gulammaiss-berniem-b180\\\/#breadcrumb\",\"itemListElement\":[{\"@type\":\"ListItem\",\"position\":1,\"name\":\"\u0413\u043b\u0430\u0432\u043d\u0430\u044f\",\"item\":\"https:\\\/\\\/gohike.lv\\\/ru\\\/\"},{\"@type\":\"ListItem\",\"position\":2,\"name\":\"\u041a\u0430\u0442\u0435\u0433\u043e\u0440\u0438\u0438 \u0442\u043e\u0432\u0430\u0440\u043e\u0432\",\"item\":\"https:\\\/\\\/gohike.lv\\\/%d0%ba%d0%b0%d1%82%d0%b5%d0%b3%d0%be%d1%80%d0%b8%d0%b8-%d1%82%d0%be%d0%b2%d0%b0%d1%80%d0%be%d0%b2\\\/\"},{\"@type\":\"ListItem\",\"position\":3,\"name\":\"Naturehike &#8211; Feeder kokvilnas gu\u013cammaiss b\u0113rniem &#8211; B180\"}]},{\"@type\":\"WebSite\",\"@id\":\"https:\\\/\\\/gohike.lv\\\/ru\\\/#website\",\"url\":\"https:\\\/\\\/gohike.lv\\\/ru\\\/\",\"name\":\"GoHike\",\"description\":\"\",\"publisher\":{\"@id\":\"https:\\\/\\\/gohike.lv\\\/ru\\\/#organization\"},\"potentialAction\":[{\"@type\":\"SearchAction\",\"target\":{\"@type\":\"EntryPoint\",\"urlTemplate\":\"https:\\\/\\\/gohike.lv\\\/ru\\\/?s={search_term_string}\"},\"query-input\":{\"@type\":\"PropertyValueSpecification\",\"valueRequired\":true,\"valueName\":\"search_term_string\"}}],\"inLanguage\":\"ru-RU\"},{\"@type\":\"Organization\",\"@id\":\"https:\\\/\\\/gohike.lv\\\/ru\\\/#organization\",\"name\":\"GoHike\",\"url\":\"https:\\\/\\\/gohike.lv\\\/ru\\\/\",\"logo\":{\"@type\":\"ImageObject\",\"inLanguage\":\"ru-RU\",\"@id\":\"https:\\\/\\\/gohike.lv\\\/ru\\\/#\\\/schema\\\/logo\\\/image\\\/\",\"url\":\"https:\\\/\\\/gohike.lv\\\/wp-content\\\/uploads\\\/2023\\\/08\\\/Logo_GoHike.webp\",\"contentUrl\":\"https:\\\/\\\/gohike.lv\\\/wp-content\\\/uploads\\\/2023\\\/08\\\/Logo_GoHike.webp\",\"width\":512,\"height\":512,\"caption\":\"GoHike\"},\"image\":{\"@id\":\"https:\\\/\\\/gohike.lv\\\/ru\\\/#\\\/schema\\\/logo\\\/image\\\/\"},\"sameAs\":[\"https:\\\/\\\/www.facebook.com\\\/gohike.shop\\\/\",\"https:\\\/\\\/www.instagram.com\\\/gohike.shop\\\/\"]}]}<\/script>\n<!-- \/ Yoast SEO plugin. -->","yoast_head_json":{"title":"Naturehike - Feeder kokvilnas gu\u013cammaiss b\u0113rniem - B180","description":"Naturehike B180 ir piem\u0113rots b\u0113rniem, produkts ir b\u0113\u0161\u0101 kr\u0101s\u0101 ar vienk\u0101r\u0161u dizainu, tas ir viegli mazg\u0101jams un laika gait\u0101 nezaud\u0113 savu izskatu.\u00a0","robots":{"index":"index","follow":"follow","max-snippet":"max-snippet:-1","max-image-preview":"max-image-preview:large","max-video-preview":"max-video-preview:-1"},"canonical":"https:\/\/gohike.lv\/ru\/produkts\/naturehike-feeder-kokvilnas-gulammaiss-berniem-b180\/","og_locale":"ru_RU","og_type":"article","og_title":"Naturehike - Gu\u013cammaiss","og_description":"Naturehike B180 ir piem\u0113rots b\u0113rniem, produkts ir b\u0113\u0161\u0101 kr\u0101s\u0101 ar vienk\u0101r\u0161u dizainu, tas ir viegli mazg\u0101jams un laika gait\u0101 nezaud\u0113 savu izskatu.\u00a0","og_url":"https:\/\/gohike.lv\/ru\/produkts\/naturehike-feeder-kokvilnas-gulammaiss-berniem-b180\/","og_site_name":"GoHike","article_publisher":"https:\/\/www.facebook.com\/gohike.shop\/","article_modified_time":"2025-12-30T14:10:12+00:00","og_image":[{"width":800,"height":800,"url":"https:\/\/gohike.lv\/wp-content\/uploads\/2024\/04\/B180_.webp","type":"image\/webp"}],"twitter_card":"summary_large_image","twitter_title":"Naturehike - Gu\u013cammaiss","twitter_misc":{"\u041f\u0440\u0438\u043c\u0435\u0440\u043d\u043e\u0435 \u0432\u0440\u0435\u043c\u044f \u0434\u043b\u044f \u0447\u0442\u0435\u043d\u0438\u044f":"2 \u043c\u0438\u043d\u0443\u0442\u0430"},"schema":{"@context":"https:\/\/schema.org","@graph":[{"@type":["WebPage","ItemPage"],"@id":"https:\/\/gohike.lv\/ru\/produkts\/naturehike-feeder-kokvilnas-gulammaiss-berniem-b180\/","url":"https:\/\/gohike.lv\/ru\/produkts\/naturehike-feeder-kokvilnas-gulammaiss-berniem-b180\/","name":"Naturehike - Feeder kokvilnas gu\u013cammaiss b\u0113rniem - B180","isPartOf":{"@id":"https:\/\/gohike.lv\/ru\/#website"},"primaryImageOfPage":{"@id":"https:\/\/gohike.lv\/ru\/produkts\/naturehike-feeder-kokvilnas-gulammaiss-berniem-b180\/#primaryimage"},"image":{"@id":"https:\/\/gohike.lv\/ru\/produkts\/naturehike-feeder-kokvilnas-gulammaiss-berniem-b180\/#primaryimage"},"thumbnailUrl":"https:\/\/gohike.lv\/wp-content\/uploads\/2024\/04\/B180_.webp","datePublished":"2024-04-25T17:21:30+00:00","dateModified":"2025-12-30T14:10:12+00:00","description":"Naturehike B180 ir piem\u0113rots b\u0113rniem, produkts ir b\u0113\u0161\u0101 kr\u0101s\u0101 ar vienk\u0101r\u0161u dizainu, tas ir viegli mazg\u0101jams un laika gait\u0101 nezaud\u0113 savu izskatu.\u00a0","breadcrumb":{"@id":"https:\/\/gohike.lv\/ru\/produkts\/naturehike-feeder-kokvilnas-gulammaiss-berniem-b180\/#breadcrumb"},"inLanguage":"ru-RU","potentialAction":[{"@type":"ReadAction","target":["https:\/\/gohike.lv\/ru\/produkts\/naturehike-feeder-kokvilnas-gulammaiss-berniem-b180\/"]}]},{"@type":"ImageObject","inLanguage":"ru-RU","@id":"https:\/\/gohike.lv\/ru\/produkts\/naturehike-feeder-kokvilnas-gulammaiss-berniem-b180\/#primaryimage","url":"https:\/\/gohike.lv\/wp-content\/uploads\/2024\/04\/B180_.webp","contentUrl":"https:\/\/gohike.lv\/wp-content\/uploads\/2024\/04\/B180_.webp","width":800,"height":800},{"@type":"BreadcrumbList","@id":"https:\/\/gohike.lv\/ru\/produkts\/naturehike-feeder-kokvilnas-gulammaiss-berniem-b180\/#breadcrumb","itemListElement":[{"@type":"ListItem","position":1,"name":"\u0413\u043b\u0430\u0432\u043d\u0430\u044f","item":"https:\/\/gohike.lv\/ru\/"},{"@type":"ListItem","position":2,"name":"\u041a\u0430\u0442\u0435\u0433\u043e\u0440\u0438\u0438 \u0442\u043e\u0432\u0430\u0440\u043e\u0432","item":"https:\/\/gohike.lv\/%d0%ba%d0%b0%d1%82%d0%b5%d0%b3%d0%be%d1%80%d0%b8%d0%b8-%d1%82%d0%be%d0%b2%d0%b0%d1%80%d0%be%d0%b2\/"},{"@type":"ListItem","position":3,"name":"Naturehike &#8211; Feeder kokvilnas gu\u013cammaiss b\u0113rniem &#8211; B180"}]},{"@type":"WebSite","@id":"https:\/\/gohike.lv\/ru\/#website","url":"https:\/\/gohike.lv\/ru\/","name":"GoHike","description":"","publisher":{"@id":"https:\/\/gohike.lv\/ru\/#organization"},"potentialAction":[{"@type":"SearchAction","target":{"@type":"EntryPoint","urlTemplate":"https:\/\/gohike.lv\/ru\/?s={search_term_string}"},"query-input":{"@type":"PropertyValueSpecification","valueRequired":true,"valueName":"search_term_string"}}],"inLanguage":"ru-RU"},{"@type":"Organization","@id":"https:\/\/gohike.lv\/ru\/#organization","name":"GoHike","url":"https:\/\/gohike.lv\/ru\/","logo":{"@type":"ImageObject","inLanguage":"ru-RU","@id":"https:\/\/gohike.lv\/ru\/#\/schema\/logo\/image\/","url":"https:\/\/gohike.lv\/wp-content\/uploads\/2023\/08\/Logo_GoHike.webp","contentUrl":"https:\/\/gohike.lv\/wp-content\/uploads\/2023\/08\/Logo_GoHike.webp","width":512,"height":512,"caption":"GoHike"},"image":{"@id":"https:\/\/gohike.lv\/ru\/#\/schema\/logo\/image\/"},"sameAs":["https:\/\/www.facebook.com\/gohike.shop\/","https:\/\/www.instagram.com\/gohike.shop\/"]}]}},"jetpack_sharing_enabled":true,"_links":{"self":[{"href":"https:\/\/gohike.lv\/ru\/wp-json\/wp\/v2\/product\/44741","targetHints":{"allow":["GET"]}}],"collection":[{"href":"https:\/\/gohike.lv\/ru\/wp-json\/wp\/v2\/product"}],"about":[{"href":"https:\/\/gohike.lv\/ru\/wp-json\/wp\/v2\/types\/product"}],"version-history":[{"count":1,"href":"https:\/\/gohike.lv\/ru\/wp-json\/wp\/v2\/product\/44741\/revisions"}],"predecessor-version":[{"id":118838,"href":"https:\/\/gohike.lv\/ru\/wp-json\/wp\/v2\/product\/44741\/revisions\/118838"}],"wp:featuredmedia":[{"embeddable":true,"href":"https:\/\/gohike.lv\/ru\/wp-json\/wp\/v2\/media\/38769"}],"wp:attachment":[{"href":"https:\/\/gohike.lv\/ru\/wp-json\/wp\/v2\/media?parent=44741"}],"wp:term":[{"taxonomy":"product_brand","embeddable":true,"href":"https:\/\/gohike.lv\/ru\/wp-json\/wp\/v2\/product_brand?post=44741"},{"taxonomy":"product_cat","embeddable":true,"href":"https:\/\/gohike.lv\/ru\/wp-json\/wp\/v2\/product_cat?post=44741"},{"taxonomy":"product_tag","embeddable":true,"href":"https:\/\/gohike.lv\/ru\/wp-json\/wp\/v2\/product_tag?post=44741"}],"curies":[{"name":"wp","href":"https:\/\/api.w.org\/{rel}","templated":true}]}}