{"id":44737,"date":"2024-04-25T20:21:30","date_gmt":"2024-04-25T17:21:30","guid":{"rendered":"https:\/\/gohike.lv\/produkts\/naturehike-autumn-maple-gulammaiss-r250\/"},"modified":"2026-01-01T07:24:40","modified_gmt":"2026-01-01T04:24:40","slug":"naturehike-autumn-maple-gulammaiss-r250","status":"publish","type":"product","link":"https:\/\/gohike.lv\/ru\/produkts\/naturehike-autumn-maple-gulammaiss-r250\/","title":{"rendered":"Naturehike &#8212; R250 &#8212; Autumn maple gu\u013cammaiss"},"content":{"rendered":"<p>\u0160\u012b gu\u013cammaisa iek\u0161puse ir izgatavota no Hollow kokvilnas, kas ir elpojo\u0161a un \u0113rta lieto\u0161an\u0101.<br \/>\n\u0100r\u0113jais materi\u0101ls ir izgatavots no Chunya Textile, kas ir \u0113rts, m\u012bksts un mitrumiztur\u012bgs.<br \/>\nGu\u013cammaisa iek\u0161\u0113jais materi\u0101ls ir izgatavots no dobas kokvilnas, kas var uztur\u0113t siltumu, gu\u013cot \u0101r\u0101.<br \/>\nGu\u013cammaiss ir apr\u012bkots ar 3 sl\u0101\u0146iem, kas var uztur\u0113t siltumu pat aukst\u0101s ziemas nakt\u012bs.<br \/>\nVar mazg\u0101t ar rok\u0101m vai ve\u013casma\u0161\u012bn\u0101.<br \/>\nDivvirzienu r\u0101v\u0113jsl\u0113dz\u0113js apak\u0161\u0101 un temperat\u016bras parametru eti\u0137ete gu\u013cammaisa iek\u0161pus\u0113<br \/>\nGu\u013cammaiss paliks nemain\u012bgs ar\u012b atk\u0101rtoti mazg\u0101jot, nesaboj\u0101s kokvilnu iek\u0161pus\u0113.<br \/>\nKompresijas maisos var uzglab\u0101t gu\u013cammaisus \u013coti kompakt\u0101 izm\u0113r\u0101, tos ir viegli p\u0101rn\u0113s\u0101t jebkur.<br \/>\nMateri\u0101ls:<br \/>\nAudums: 210T Chunya Textile, odere: kokvilna.<br \/>\nPild\u012bjums: doba kokvilna.<br \/>\nIzm\u0113rs: *210*80 (R250).<br \/>\nIepakojuma izm\u0113rs: *25\u00a0x\u00a044\u00a0cm (R250)<br \/>\nSvars:<br \/>\n1550 gr (R250).<br \/>\nTemperat\u016bra:<br \/>\n10 \u2103 (R250).<br \/>\nTemperat\u016bras ierobe\u017eojums:<br \/>\n4 \u2103 (R250).<br \/>\nEkstr\u0113mas temperat\u016bras:<br \/>\n-9\u2103 (R250).<br \/>\nIepakojum\u0101: 1x gu\u013cammaiss + maisi\u0146\u0161.<\/p>\n","protected":false},"excerpt":{"rendered":"<p>Gu\u013cammaiss no Naturehike ar Hollow kokvilnas pild\u012bjumu. Piln\u012bb\u0101 atverams aploksnes modelis, lai b\u016btu iesp\u0113jams p\u0101rv\u0113rst to par segu.<\/p>\n<p>&nbsp;<\/p>\n","protected":false},"featured_media":38751,"template":"","meta":[],"product_brand":[167],"product_cat":[1888],"product_tag":[],"class_list":{"0":"post-44737","1":"product","2":"type-product","3":"status-publish","4":"has-post-thumbnail","6":"product_brand-naturehike-lv","7":"product_cat-gulammaisi","8":"pa_izmeriscm-9999","9":"pa_materiali-audums210t-pongee-oderejumsmazgata-kokvilna-pildijums-hollow-kokvilna","10":"pa_produkta-tips-gulammaisi","12":"first","13":"outofstock","14":"taxable","15":"shipping-taxable","16":"purchasable","17":"product-type-simple"},"raw_content":{"name":"Naturehike - R250 - Autumn maple gu\u013cammaiss","description":"\u0160\u012b gu\u013cammaisa iek\u0161puse ir izgatavota no Hollow kokvilnas, kas ir elpojo\u0161a un \u0113rta lieto\u0161an\u0101.\n\u0100r\u0113jais materi\u0101ls ir izgatavots no Chunya Textile, kas ir \u0113rts, m\u012bksts un mitrumiztur\u012bgs.\nGu\u013cammaisa iek\u0161\u0113jais materi\u0101ls ir izgatavots no dobas kokvilnas, kas var uztur\u0113t siltumu, gu\u013cot \u0101r\u0101.\nGu\u013cammaiss ir apr\u012bkots ar 3 sl\u0101\u0146iem, kas var uztur\u0113t siltumu pat aukst\u0101s ziemas nakt\u012bs.\nVar mazg\u0101t ar rok\u0101m vai ve\u013casma\u0161\u012bn\u0101.\nDivvirzienu r\u0101v\u0113jsl\u0113dz\u0113js apak\u0161\u0101 un temperat\u016bras parametru eti\u0137ete gu\u013cammaisa iek\u0161pus\u0113\nGu\u013cammaiss paliks nemain\u012bgs ar\u012b atk\u0101rtoti mazg\u0101jot, nesaboj\u0101s kokvilnu iek\u0161pus\u0113.\nKompresijas maisos var uzglab\u0101t gu\u013cammaisus \u013coti kompakt\u0101 izm\u0113r\u0101, tos ir viegli p\u0101rn\u0113s\u0101t jebkur.\nMateri\u0101ls:\nAudums: 210T Chunya Textile, odere: kokvilna.\nPild\u012bjums: doba kokvilna.\nIzm\u0113rs: *210*80 (R250).\nIepakojuma izm\u0113rs: *25\u00a0x\u00a044\u00a0cm (R250)\nSvars:\n1550 gr (R250).\nTemperat\u016bra:\n10 \u2103 (R250).\nTemperat\u016bras ierobe\u017eojums:\n4 \u2103 (R250).\nEkstr\u0113mas temperat\u016bras:\n-9\u2103 (R250).\nIepakojum\u0101: 1x gu\u013cammaiss + maisi\u0146\u0161.","short_description":"Gu\u013cammaiss no Naturehike ar Hollow kokvilnas pild\u012bjumu. Piln\u012bb\u0101 atverams aploksnes modelis, lai b\u016btu iesp\u0113jams p\u0101rv\u0113rst to par segu.\r\n\r\n&nbsp;","status":"publish","sku":"6927595753507","original":44737},"wpml":{"translation_type":1,"has_translations":true,"original":44737,"duplicates":[],"translations":{"lv":44737,"en":68642,"ru":null}},"supplier_id":null,"supplier_sku":"","barcode":null,"atum_controlled":true,"out_stock_date":null,"out_stock_threshold":null,"inheritable":false,"inbound_stock":0,"stock_on_hold":0,"sold_today":0,"sales_last_days":0,"reserved_stock":0,"customer_returns":0,"warehouse_damage":0,"lost_in_post":0,"other_logs":0,"out_stock_days":0,"lost_sales":0,"has_location":false,"update_date":"2026-01-01T04:24:43","atum_locations":[],"atum_stock_status":"outofstock","restock_status":false,"low_stock_amount":"","sales_update_date":"2025-11-13T14:08:56","calc_backorders":null,"yoast_head":"<!-- This site is optimized with the Yoast SEO plugin v27.3 - https:\/\/yoast.com\/product\/yoast-seo-wordpress\/ -->\n<title>Naturehike - R250 - Autumn maple gu\u013cammaiss<\/title>\n<meta name=\"description\" content=\"Gu\u013cammaiss no Naturehike ar Hollow kokvilnas pild\u012bjumu. Piln\u012bb\u0101 atverams aploksnes modelis, lai b\u016btu iesp\u0113jams p\u0101rv\u0113rst to par segu.\u00a0\" \/>\n<meta name=\"robots\" content=\"index, follow, max-snippet:-1, max-image-preview:large, max-video-preview:-1\" \/>\n<link rel=\"canonical\" href=\"https:\/\/gohike.lv\/ru\/produkts\/naturehike-autumn-maple-gulammaiss-r250\/\" \/>\n<meta property=\"og:locale\" content=\"ru_RU\" \/>\n<meta property=\"og:type\" content=\"article\" \/>\n<meta property=\"og:title\" content=\"Naturehike - Gu\u013cammaiss\" \/>\n<meta property=\"og:description\" content=\"Gu\u013cammaiss no Naturehike ar Hollow kokvilnas pild\u012bjumu. Piln\u012bb\u0101 atverams aploksnes modelis, lai b\u016btu iesp\u0113jams p\u0101rv\u0113rst to par segu.\u00a0\" \/>\n<meta property=\"og:url\" content=\"https:\/\/gohike.lv\/ru\/produkts\/naturehike-autumn-maple-gulammaiss-r250\/\" \/>\n<meta property=\"og:site_name\" content=\"GoHike\" \/>\n<meta property=\"article:publisher\" content=\"https:\/\/www.facebook.com\/gohike.shop\/\" \/>\n<meta property=\"article:modified_time\" content=\"2026-01-01T04:24:40+00:00\" \/>\n<meta property=\"og:image\" content=\"https:\/\/gohike.lv\/wp-content\/uploads\/2024\/04\/Rbag_.webp\" \/>\n\t<meta property=\"og:image:width\" content=\"720\" \/>\n\t<meta property=\"og:image:height\" content=\"720\" \/>\n\t<meta property=\"og:image:type\" content=\"image\/webp\" \/>\n<meta name=\"twitter:card\" content=\"summary_large_image\" \/>\n<meta name=\"twitter:title\" content=\"Naturehike - Gu\u013cammaiss\" \/>\n<meta name=\"twitter:label1\" content=\"\u041f\u0440\u0438\u043c\u0435\u0440\u043d\u043e\u0435 \u0432\u0440\u0435\u043c\u044f \u0434\u043b\u044f \u0447\u0442\u0435\u043d\u0438\u044f\" \/>\n\t<meta name=\"twitter:data1\" content=\"1 \u043c\u0438\u043d\u0443\u0442\u0430\" \/>\n<script type=\"application\/ld+json\" class=\"yoast-schema-graph\">{\"@context\":\"https:\\\/\\\/schema.org\",\"@graph\":[{\"@type\":[\"WebPage\",\"ItemPage\"],\"@id\":\"https:\\\/\\\/gohike.lv\\\/ru\\\/produkts\\\/naturehike-autumn-maple-gulammaiss-r250\\\/\",\"url\":\"https:\\\/\\\/gohike.lv\\\/ru\\\/produkts\\\/naturehike-autumn-maple-gulammaiss-r250\\\/\",\"name\":\"Naturehike - R250 - Autumn maple gu\u013cammaiss\",\"isPartOf\":{\"@id\":\"https:\\\/\\\/gohike.lv\\\/ru\\\/#website\"},\"primaryImageOfPage\":{\"@id\":\"https:\\\/\\\/gohike.lv\\\/ru\\\/produkts\\\/naturehike-autumn-maple-gulammaiss-r250\\\/#primaryimage\"},\"image\":{\"@id\":\"https:\\\/\\\/gohike.lv\\\/ru\\\/produkts\\\/naturehike-autumn-maple-gulammaiss-r250\\\/#primaryimage\"},\"thumbnailUrl\":\"https:\\\/\\\/gohike.lv\\\/wp-content\\\/uploads\\\/2024\\\/04\\\/Rbag_.webp\",\"datePublished\":\"2024-04-25T17:21:30+00:00\",\"dateModified\":\"2026-01-01T04:24:40+00:00\",\"description\":\"Gu\u013cammaiss no Naturehike ar Hollow kokvilnas pild\u012bjumu. Piln\u012bb\u0101 atverams aploksnes modelis, lai b\u016btu iesp\u0113jams p\u0101rv\u0113rst to par segu.\u00a0\",\"breadcrumb\":{\"@id\":\"https:\\\/\\\/gohike.lv\\\/ru\\\/produkts\\\/naturehike-autumn-maple-gulammaiss-r250\\\/#breadcrumb\"},\"inLanguage\":\"ru-RU\",\"potentialAction\":[{\"@type\":\"ReadAction\",\"target\":[\"https:\\\/\\\/gohike.lv\\\/ru\\\/produkts\\\/naturehike-autumn-maple-gulammaiss-r250\\\/\"]}]},{\"@type\":\"ImageObject\",\"inLanguage\":\"ru-RU\",\"@id\":\"https:\\\/\\\/gohike.lv\\\/ru\\\/produkts\\\/naturehike-autumn-maple-gulammaiss-r250\\\/#primaryimage\",\"url\":\"https:\\\/\\\/gohike.lv\\\/wp-content\\\/uploads\\\/2024\\\/04\\\/Rbag_.webp\",\"contentUrl\":\"https:\\\/\\\/gohike.lv\\\/wp-content\\\/uploads\\\/2024\\\/04\\\/Rbag_.webp\",\"width\":720,\"height\":720},{\"@type\":\"BreadcrumbList\",\"@id\":\"https:\\\/\\\/gohike.lv\\\/ru\\\/produkts\\\/naturehike-autumn-maple-gulammaiss-r250\\\/#breadcrumb\",\"itemListElement\":[{\"@type\":\"ListItem\",\"position\":1,\"name\":\"\u0413\u043b\u0430\u0432\u043d\u0430\u044f\",\"item\":\"https:\\\/\\\/gohike.lv\\\/ru\\\/\"},{\"@type\":\"ListItem\",\"position\":2,\"name\":\"\u041a\u0430\u0442\u0435\u0433\u043e\u0440\u0438\u0438 \u0442\u043e\u0432\u0430\u0440\u043e\u0432\",\"item\":\"https:\\\/\\\/gohike.lv\\\/%d0%ba%d0%b0%d1%82%d0%b5%d0%b3%d0%be%d1%80%d0%b8%d0%b8-%d1%82%d0%be%d0%b2%d0%b0%d1%80%d0%be%d0%b2\\\/\"},{\"@type\":\"ListItem\",\"position\":3,\"name\":\"Naturehike &#8211; R250 &#8211; Autumn maple gu\u013cammaiss\"}]},{\"@type\":\"WebSite\",\"@id\":\"https:\\\/\\\/gohike.lv\\\/ru\\\/#website\",\"url\":\"https:\\\/\\\/gohike.lv\\\/ru\\\/\",\"name\":\"GoHike\",\"description\":\"\",\"publisher\":{\"@id\":\"https:\\\/\\\/gohike.lv\\\/ru\\\/#organization\"},\"potentialAction\":[{\"@type\":\"SearchAction\",\"target\":{\"@type\":\"EntryPoint\",\"urlTemplate\":\"https:\\\/\\\/gohike.lv\\\/ru\\\/?s={search_term_string}\"},\"query-input\":{\"@type\":\"PropertyValueSpecification\",\"valueRequired\":true,\"valueName\":\"search_term_string\"}}],\"inLanguage\":\"ru-RU\"},{\"@type\":\"Organization\",\"@id\":\"https:\\\/\\\/gohike.lv\\\/ru\\\/#organization\",\"name\":\"GoHike\",\"url\":\"https:\\\/\\\/gohike.lv\\\/ru\\\/\",\"logo\":{\"@type\":\"ImageObject\",\"inLanguage\":\"ru-RU\",\"@id\":\"https:\\\/\\\/gohike.lv\\\/ru\\\/#\\\/schema\\\/logo\\\/image\\\/\",\"url\":\"https:\\\/\\\/gohike.lv\\\/wp-content\\\/uploads\\\/2023\\\/08\\\/Logo_GoHike.webp\",\"contentUrl\":\"https:\\\/\\\/gohike.lv\\\/wp-content\\\/uploads\\\/2023\\\/08\\\/Logo_GoHike.webp\",\"width\":512,\"height\":512,\"caption\":\"GoHike\"},\"image\":{\"@id\":\"https:\\\/\\\/gohike.lv\\\/ru\\\/#\\\/schema\\\/logo\\\/image\\\/\"},\"sameAs\":[\"https:\\\/\\\/www.facebook.com\\\/gohike.shop\\\/\",\"https:\\\/\\\/www.instagram.com\\\/gohike.shop\\\/\"]}]}<\/script>\n<!-- \/ Yoast SEO plugin. -->","yoast_head_json":{"title":"Naturehike - R250 - Autumn maple gu\u013cammaiss","description":"Gu\u013cammaiss no Naturehike ar Hollow kokvilnas pild\u012bjumu. Piln\u012bb\u0101 atverams aploksnes modelis, lai b\u016btu iesp\u0113jams p\u0101rv\u0113rst to par segu.\u00a0","robots":{"index":"index","follow":"follow","max-snippet":"max-snippet:-1","max-image-preview":"max-image-preview:large","max-video-preview":"max-video-preview:-1"},"canonical":"https:\/\/gohike.lv\/ru\/produkts\/naturehike-autumn-maple-gulammaiss-r250\/","og_locale":"ru_RU","og_type":"article","og_title":"Naturehike - Gu\u013cammaiss","og_description":"Gu\u013cammaiss no Naturehike ar Hollow kokvilnas pild\u012bjumu. Piln\u012bb\u0101 atverams aploksnes modelis, lai b\u016btu iesp\u0113jams p\u0101rv\u0113rst to par segu.\u00a0","og_url":"https:\/\/gohike.lv\/ru\/produkts\/naturehike-autumn-maple-gulammaiss-r250\/","og_site_name":"GoHike","article_publisher":"https:\/\/www.facebook.com\/gohike.shop\/","article_modified_time":"2026-01-01T04:24:40+00:00","og_image":[{"width":720,"height":720,"url":"https:\/\/gohike.lv\/wp-content\/uploads\/2024\/04\/Rbag_.webp","type":"image\/webp"}],"twitter_card":"summary_large_image","twitter_title":"Naturehike - Gu\u013cammaiss","twitter_misc":{"\u041f\u0440\u0438\u043c\u0435\u0440\u043d\u043e\u0435 \u0432\u0440\u0435\u043c\u044f \u0434\u043b\u044f \u0447\u0442\u0435\u043d\u0438\u044f":"1 \u043c\u0438\u043d\u0443\u0442\u0430"},"schema":{"@context":"https:\/\/schema.org","@graph":[{"@type":["WebPage","ItemPage"],"@id":"https:\/\/gohike.lv\/ru\/produkts\/naturehike-autumn-maple-gulammaiss-r250\/","url":"https:\/\/gohike.lv\/ru\/produkts\/naturehike-autumn-maple-gulammaiss-r250\/","name":"Naturehike - R250 - Autumn maple gu\u013cammaiss","isPartOf":{"@id":"https:\/\/gohike.lv\/ru\/#website"},"primaryImageOfPage":{"@id":"https:\/\/gohike.lv\/ru\/produkts\/naturehike-autumn-maple-gulammaiss-r250\/#primaryimage"},"image":{"@id":"https:\/\/gohike.lv\/ru\/produkts\/naturehike-autumn-maple-gulammaiss-r250\/#primaryimage"},"thumbnailUrl":"https:\/\/gohike.lv\/wp-content\/uploads\/2024\/04\/Rbag_.webp","datePublished":"2024-04-25T17:21:30+00:00","dateModified":"2026-01-01T04:24:40+00:00","description":"Gu\u013cammaiss no Naturehike ar Hollow kokvilnas pild\u012bjumu. Piln\u012bb\u0101 atverams aploksnes modelis, lai b\u016btu iesp\u0113jams p\u0101rv\u0113rst to par segu.\u00a0","breadcrumb":{"@id":"https:\/\/gohike.lv\/ru\/produkts\/naturehike-autumn-maple-gulammaiss-r250\/#breadcrumb"},"inLanguage":"ru-RU","potentialAction":[{"@type":"ReadAction","target":["https:\/\/gohike.lv\/ru\/produkts\/naturehike-autumn-maple-gulammaiss-r250\/"]}]},{"@type":"ImageObject","inLanguage":"ru-RU","@id":"https:\/\/gohike.lv\/ru\/produkts\/naturehike-autumn-maple-gulammaiss-r250\/#primaryimage","url":"https:\/\/gohike.lv\/wp-content\/uploads\/2024\/04\/Rbag_.webp","contentUrl":"https:\/\/gohike.lv\/wp-content\/uploads\/2024\/04\/Rbag_.webp","width":720,"height":720},{"@type":"BreadcrumbList","@id":"https:\/\/gohike.lv\/ru\/produkts\/naturehike-autumn-maple-gulammaiss-r250\/#breadcrumb","itemListElement":[{"@type":"ListItem","position":1,"name":"\u0413\u043b\u0430\u0432\u043d\u0430\u044f","item":"https:\/\/gohike.lv\/ru\/"},{"@type":"ListItem","position":2,"name":"\u041a\u0430\u0442\u0435\u0433\u043e\u0440\u0438\u0438 \u0442\u043e\u0432\u0430\u0440\u043e\u0432","item":"https:\/\/gohike.lv\/%d0%ba%d0%b0%d1%82%d0%b5%d0%b3%d0%be%d1%80%d0%b8%d0%b8-%d1%82%d0%be%d0%b2%d0%b0%d1%80%d0%be%d0%b2\/"},{"@type":"ListItem","position":3,"name":"Naturehike &#8211; R250 &#8211; Autumn maple gu\u013cammaiss"}]},{"@type":"WebSite","@id":"https:\/\/gohike.lv\/ru\/#website","url":"https:\/\/gohike.lv\/ru\/","name":"GoHike","description":"","publisher":{"@id":"https:\/\/gohike.lv\/ru\/#organization"},"potentialAction":[{"@type":"SearchAction","target":{"@type":"EntryPoint","urlTemplate":"https:\/\/gohike.lv\/ru\/?s={search_term_string}"},"query-input":{"@type":"PropertyValueSpecification","valueRequired":true,"valueName":"search_term_string"}}],"inLanguage":"ru-RU"},{"@type":"Organization","@id":"https:\/\/gohike.lv\/ru\/#organization","name":"GoHike","url":"https:\/\/gohike.lv\/ru\/","logo":{"@type":"ImageObject","inLanguage":"ru-RU","@id":"https:\/\/gohike.lv\/ru\/#\/schema\/logo\/image\/","url":"https:\/\/gohike.lv\/wp-content\/uploads\/2023\/08\/Logo_GoHike.webp","contentUrl":"https:\/\/gohike.lv\/wp-content\/uploads\/2023\/08\/Logo_GoHike.webp","width":512,"height":512,"caption":"GoHike"},"image":{"@id":"https:\/\/gohike.lv\/ru\/#\/schema\/logo\/image\/"},"sameAs":["https:\/\/www.facebook.com\/gohike.shop\/","https:\/\/www.instagram.com\/gohike.shop\/"]}]}},"jetpack_sharing_enabled":true,"_links":{"self":[{"href":"https:\/\/gohike.lv\/ru\/wp-json\/wp\/v2\/product\/44737","targetHints":{"allow":["GET"]}}],"collection":[{"href":"https:\/\/gohike.lv\/ru\/wp-json\/wp\/v2\/product"}],"about":[{"href":"https:\/\/gohike.lv\/ru\/wp-json\/wp\/v2\/types\/product"}],"version-history":[{"count":1,"href":"https:\/\/gohike.lv\/ru\/wp-json\/wp\/v2\/product\/44737\/revisions"}],"predecessor-version":[{"id":118869,"href":"https:\/\/gohike.lv\/ru\/wp-json\/wp\/v2\/product\/44737\/revisions\/118869"}],"wp:featuredmedia":[{"embeddable":true,"href":"https:\/\/gohike.lv\/ru\/wp-json\/wp\/v2\/media\/38751"}],"wp:attachment":[{"href":"https:\/\/gohike.lv\/ru\/wp-json\/wp\/v2\/media?parent=44737"}],"wp:term":[{"taxonomy":"product_brand","embeddable":true,"href":"https:\/\/gohike.lv\/ru\/wp-json\/wp\/v2\/product_brand?post=44737"},{"taxonomy":"product_cat","embeddable":true,"href":"https:\/\/gohike.lv\/ru\/wp-json\/wp\/v2\/product_cat?post=44737"},{"taxonomy":"product_tag","embeddable":true,"href":"https:\/\/gohike.lv\/ru\/wp-json\/wp\/v2\/product_tag?post=44737"}],"curies":[{"name":"wp","href":"https:\/\/api.w.org\/{rel}","templated":true}]}}