{"id":44731,"date":"2024-04-25T20:21:30","date_gmt":"2024-04-25T17:21:30","guid":{"rendered":"https:\/\/gohike.lv\/produkts\/naturehike-atkartoti-lietojama-soma\/"},"modified":"2025-10-15T23:13:56","modified_gmt":"2025-10-15T20:13:56","slug":"naturehike-atkartoti-lietojama-soma","status":"publish","type":"product","link":"https:\/\/gohike.lv\/ru\/produkts\/naturehike-atkartoti-lietojama-soma\/","title":{"rendered":"Naturehike &#8212; Atk\u0101rtoti lietojama soma"},"content":{"rendered":"<p>Videi draudz\u012bga un prakstiska soma.<br \/>\nPateicoties kompaktajiem izm\u0113riem, kad soma ir saloc\u012bta, to ir \u0113rti glab\u0101t som\u0101 vai mugursom\u0101.<br \/>\nStingrs un nodilumiztur\u012bgs audums.<br \/>\nRaksturlielumi:<br \/>\nMateri\u0101ls: 20D neilona audums ar PU \u016bdensiztur\u012bbas indeksu 2000 mm;<br \/>\nIzm\u0113rs atv\u0113rt\u0101 veid\u0101: 42*46 cm;<br \/>\nIzm\u0113rs saloc\u012bt\u0101 veid\u0101: 8*5*6,5 cm;<br \/>\nMaksim\u0101l\u0101 slodze: 25 kg;<br \/>\nTilpums: 28 litri;<br \/>\nSvars: 39 g.<\/p>\n","protected":false},"excerpt":{"rendered":"<p>Br\u016bna Naturehike soma tiem, kas ikdien\u0101 nov\u0113rt\u0113 komfortu un praktiskumu. Neaizst\u0101jams pal\u012bgs iep\u0113rkoties, pastaig\u0101joties vai ce\u013cojot.<\/p>\n","protected":false},"featured_media":38723,"template":"","meta":[],"product_brand":[167],"product_cat":[9447,1463],"product_tag":[],"class_list":{"0":"post-44731","1":"product","2":"type-product","3":"status-publish","4":"has-post-thumbnail","6":"product_brand-naturehike-lv","7":"product_cat-izpardosana","8":"product_cat-somas-un-maki","9":"pa_izmeriscm-10194","10":"pa_materiali-28l-poliamida-skiedra-pu2000","11":"pa_produkta-tips-sapakojamas-somas","12":"pa_spalva-bruns","13":"pa_tilpums-28l","15":"first","16":"instock","17":"sale","18":"taxable","19":"shipping-taxable","20":"purchasable","21":"product-type-simple"},"raw_content":{"name":"Naturehike - Atk\u0101rtoti lietojama soma","description":"Videi draudz\u012bga un prakstiska soma.\nPateicoties kompaktajiem izm\u0113riem, kad soma ir saloc\u012bta, to ir \u0113rti glab\u0101t som\u0101 vai mugursom\u0101.\nStingrs un nodilumiztur\u012bgs audums.\nRaksturlielumi:\nMateri\u0101ls: 20D neilona audums ar PU \u016bdensiztur\u012bbas indeksu 2000 mm;\nIzm\u0113rs atv\u0113rt\u0101 veid\u0101: 42*46 cm;\nIzm\u0113rs saloc\u012bt\u0101 veid\u0101: 8*5*6,5 cm;\nMaksim\u0101l\u0101 slodze: 25 kg;\nTilpums: 28 litri;\nSvars: 39 g.","short_description":"Br\u016bna Naturehike soma tiem, kas ikdien\u0101 nov\u0113rt\u0113 komfortu un praktiskumu. Neaizst\u0101jams pal\u012bgs iep\u0113rkoties, pastaig\u0101joties vai ce\u013cojot.","status":"publish","sku":"6975641887614","original":44731},"wpml":{"translation_type":1,"has_translations":true,"original":44731,"duplicates":[],"translations":{"lv":44731,"en":68647,"ru":null}},"supplier_id":null,"supplier_sku":"","barcode":null,"atum_controlled":true,"out_stock_date":null,"out_stock_threshold":null,"inheritable":false,"inbound_stock":0,"stock_on_hold":0,"sold_today":0,"sales_last_days":0,"reserved_stock":0,"customer_returns":0,"warehouse_damage":0,"lost_in_post":0,"other_logs":0,"out_stock_days":0,"lost_sales":0,"has_location":false,"update_date":"2025-11-13T14:08:38","atum_locations":[],"atum_stock_status":"instock","restock_status":false,"low_stock_amount":"","sales_update_date":"2025-11-13T14:08:38","calc_backorders":null,"yoast_head":"<!-- This site is optimized with the Yoast SEO plugin v27.3 - https:\/\/yoast.com\/product\/yoast-seo-wordpress\/ -->\n<title>Naturehike - Atk\u0101rtoti lietojama soma<\/title>\n<meta name=\"description\" content=\"Br\u016bna Naturehike soma tiem, kas ikdien\u0101 nov\u0113rt\u0113 komfortu un praktiskumu. Neaizst\u0101jams pal\u012bgs iep\u0113rkoties, pastaig\u0101joties vai ce\u013cojot.\" \/>\n<meta name=\"robots\" content=\"index, follow, max-snippet:-1, max-image-preview:large, max-video-preview:-1\" \/>\n<link rel=\"canonical\" href=\"https:\/\/gohike.lv\/ru\/produkts\/naturehike-atkartoti-lietojama-soma\/\" \/>\n<meta property=\"og:locale\" content=\"ru_RU\" \/>\n<meta property=\"og:type\" content=\"article\" \/>\n<meta property=\"og:title\" content=\"Naturehike - Shopper tipa soma\" \/>\n<meta property=\"og:description\" content=\"Br\u016bna Naturehike soma tiem, kas ikdien\u0101 nov\u0113rt\u0113 komfortu un praktiskumu. Neaizst\u0101jams pal\u012bgs iep\u0113rkoties, pastaig\u0101joties vai ce\u013cojot.\" \/>\n<meta property=\"og:url\" content=\"https:\/\/gohike.lv\/ru\/produkts\/naturehike-atkartoti-lietojama-soma\/\" \/>\n<meta property=\"og:site_name\" content=\"GoHike\" \/>\n<meta property=\"article:publisher\" content=\"https:\/\/www.facebook.com\/gohike.shop\/\" \/>\n<meta property=\"article:modified_time\" content=\"2025-10-15T20:13:56+00:00\" \/>\n<meta property=\"og:image\" content=\"https:\/\/gohike.lv\/wp-content\/uploads\/2024\/04\/ReusableBag_.webp\" \/>\n\t<meta property=\"og:image:width\" content=\"800\" \/>\n\t<meta property=\"og:image:height\" content=\"800\" \/>\n\t<meta property=\"og:image:type\" content=\"image\/webp\" \/>\n<meta name=\"twitter:card\" content=\"summary_large_image\" \/>\n<meta name=\"twitter:title\" content=\"Naturehike - Shopper tipa soma\" \/>\n<meta name=\"twitter:label1\" content=\"\u041f\u0440\u0438\u043c\u0435\u0440\u043d\u043e\u0435 \u0432\u0440\u0435\u043c\u044f \u0434\u043b\u044f \u0447\u0442\u0435\u043d\u0438\u044f\" \/>\n\t<meta name=\"twitter:data1\" content=\"1 \u043c\u0438\u043d\u0443\u0442\u0430\" \/>\n<script type=\"application\/ld+json\" class=\"yoast-schema-graph\">{\"@context\":\"https:\\\/\\\/schema.org\",\"@graph\":[{\"@type\":[\"WebPage\",\"ItemPage\"],\"@id\":\"https:\\\/\\\/gohike.lv\\\/ru\\\/produkts\\\/naturehike-atkartoti-lietojama-soma\\\/\",\"url\":\"https:\\\/\\\/gohike.lv\\\/ru\\\/produkts\\\/naturehike-atkartoti-lietojama-soma\\\/\",\"name\":\"Naturehike - Atk\u0101rtoti lietojama soma\",\"isPartOf\":{\"@id\":\"https:\\\/\\\/gohike.lv\\\/ru\\\/#website\"},\"primaryImageOfPage\":{\"@id\":\"https:\\\/\\\/gohike.lv\\\/ru\\\/produkts\\\/naturehike-atkartoti-lietojama-soma\\\/#primaryimage\"},\"image\":{\"@id\":\"https:\\\/\\\/gohike.lv\\\/ru\\\/produkts\\\/naturehike-atkartoti-lietojama-soma\\\/#primaryimage\"},\"thumbnailUrl\":\"https:\\\/\\\/gohike.lv\\\/wp-content\\\/uploads\\\/2024\\\/04\\\/ReusableBag_.webp\",\"datePublished\":\"2024-04-25T17:21:30+00:00\",\"dateModified\":\"2025-10-15T20:13:56+00:00\",\"description\":\"Br\u016bna Naturehike soma tiem, kas ikdien\u0101 nov\u0113rt\u0113 komfortu un praktiskumu. Neaizst\u0101jams pal\u012bgs iep\u0113rkoties, pastaig\u0101joties vai ce\u013cojot.\",\"breadcrumb\":{\"@id\":\"https:\\\/\\\/gohike.lv\\\/ru\\\/produkts\\\/naturehike-atkartoti-lietojama-soma\\\/#breadcrumb\"},\"inLanguage\":\"ru-RU\",\"potentialAction\":[{\"@type\":\"ReadAction\",\"target\":[\"https:\\\/\\\/gohike.lv\\\/ru\\\/produkts\\\/naturehike-atkartoti-lietojama-soma\\\/\"]}]},{\"@type\":\"ImageObject\",\"inLanguage\":\"ru-RU\",\"@id\":\"https:\\\/\\\/gohike.lv\\\/ru\\\/produkts\\\/naturehike-atkartoti-lietojama-soma\\\/#primaryimage\",\"url\":\"https:\\\/\\\/gohike.lv\\\/wp-content\\\/uploads\\\/2024\\\/04\\\/ReusableBag_.webp\",\"contentUrl\":\"https:\\\/\\\/gohike.lv\\\/wp-content\\\/uploads\\\/2024\\\/04\\\/ReusableBag_.webp\",\"width\":800,\"height\":800},{\"@type\":\"BreadcrumbList\",\"@id\":\"https:\\\/\\\/gohike.lv\\\/ru\\\/produkts\\\/naturehike-atkartoti-lietojama-soma\\\/#breadcrumb\",\"itemListElement\":[{\"@type\":\"ListItem\",\"position\":1,\"name\":\"\u0413\u043b\u0430\u0432\u043d\u0430\u044f\",\"item\":\"https:\\\/\\\/gohike.lv\\\/ru\\\/\"},{\"@type\":\"ListItem\",\"position\":2,\"name\":\"\u041a\u0430\u0442\u0435\u0433\u043e\u0440\u0438\u0438 \u0442\u043e\u0432\u0430\u0440\u043e\u0432\",\"item\":\"https:\\\/\\\/gohike.lv\\\/%d0%ba%d0%b0%d1%82%d0%b5%d0%b3%d0%be%d1%80%d0%b8%d0%b8-%d1%82%d0%be%d0%b2%d0%b0%d1%80%d0%be%d0%b2\\\/\"},{\"@type\":\"ListItem\",\"position\":3,\"name\":\"Naturehike &#8211; Atk\u0101rtoti lietojama soma\"}]},{\"@type\":\"WebSite\",\"@id\":\"https:\\\/\\\/gohike.lv\\\/ru\\\/#website\",\"url\":\"https:\\\/\\\/gohike.lv\\\/ru\\\/\",\"name\":\"GoHike\",\"description\":\"\",\"publisher\":{\"@id\":\"https:\\\/\\\/gohike.lv\\\/ru\\\/#organization\"},\"potentialAction\":[{\"@type\":\"SearchAction\",\"target\":{\"@type\":\"EntryPoint\",\"urlTemplate\":\"https:\\\/\\\/gohike.lv\\\/ru\\\/?s={search_term_string}\"},\"query-input\":{\"@type\":\"PropertyValueSpecification\",\"valueRequired\":true,\"valueName\":\"search_term_string\"}}],\"inLanguage\":\"ru-RU\"},{\"@type\":\"Organization\",\"@id\":\"https:\\\/\\\/gohike.lv\\\/ru\\\/#organization\",\"name\":\"GoHike\",\"url\":\"https:\\\/\\\/gohike.lv\\\/ru\\\/\",\"logo\":{\"@type\":\"ImageObject\",\"inLanguage\":\"ru-RU\",\"@id\":\"https:\\\/\\\/gohike.lv\\\/ru\\\/#\\\/schema\\\/logo\\\/image\\\/\",\"url\":\"https:\\\/\\\/gohike.lv\\\/wp-content\\\/uploads\\\/2023\\\/08\\\/Logo_GoHike.webp\",\"contentUrl\":\"https:\\\/\\\/gohike.lv\\\/wp-content\\\/uploads\\\/2023\\\/08\\\/Logo_GoHike.webp\",\"width\":512,\"height\":512,\"caption\":\"GoHike\"},\"image\":{\"@id\":\"https:\\\/\\\/gohike.lv\\\/ru\\\/#\\\/schema\\\/logo\\\/image\\\/\"},\"sameAs\":[\"https:\\\/\\\/www.facebook.com\\\/gohike.shop\\\/\",\"https:\\\/\\\/www.instagram.com\\\/gohike.shop\\\/\"]}]}<\/script>\n<!-- \/ Yoast SEO plugin. -->","yoast_head_json":{"title":"Naturehike - Atk\u0101rtoti lietojama soma","description":"Br\u016bna Naturehike soma tiem, kas ikdien\u0101 nov\u0113rt\u0113 komfortu un praktiskumu. Neaizst\u0101jams pal\u012bgs iep\u0113rkoties, pastaig\u0101joties vai ce\u013cojot.","robots":{"index":"index","follow":"follow","max-snippet":"max-snippet:-1","max-image-preview":"max-image-preview:large","max-video-preview":"max-video-preview:-1"},"canonical":"https:\/\/gohike.lv\/ru\/produkts\/naturehike-atkartoti-lietojama-soma\/","og_locale":"ru_RU","og_type":"article","og_title":"Naturehike - Shopper tipa soma","og_description":"Br\u016bna Naturehike soma tiem, kas ikdien\u0101 nov\u0113rt\u0113 komfortu un praktiskumu. Neaizst\u0101jams pal\u012bgs iep\u0113rkoties, pastaig\u0101joties vai ce\u013cojot.","og_url":"https:\/\/gohike.lv\/ru\/produkts\/naturehike-atkartoti-lietojama-soma\/","og_site_name":"GoHike","article_publisher":"https:\/\/www.facebook.com\/gohike.shop\/","article_modified_time":"2025-10-15T20:13:56+00:00","og_image":[{"width":800,"height":800,"url":"https:\/\/gohike.lv\/wp-content\/uploads\/2024\/04\/ReusableBag_.webp","type":"image\/webp"}],"twitter_card":"summary_large_image","twitter_title":"Naturehike - Shopper tipa soma","twitter_misc":{"\u041f\u0440\u0438\u043c\u0435\u0440\u043d\u043e\u0435 \u0432\u0440\u0435\u043c\u044f \u0434\u043b\u044f \u0447\u0442\u0435\u043d\u0438\u044f":"1 \u043c\u0438\u043d\u0443\u0442\u0430"},"schema":{"@context":"https:\/\/schema.org","@graph":[{"@type":["WebPage","ItemPage"],"@id":"https:\/\/gohike.lv\/ru\/produkts\/naturehike-atkartoti-lietojama-soma\/","url":"https:\/\/gohike.lv\/ru\/produkts\/naturehike-atkartoti-lietojama-soma\/","name":"Naturehike - Atk\u0101rtoti lietojama soma","isPartOf":{"@id":"https:\/\/gohike.lv\/ru\/#website"},"primaryImageOfPage":{"@id":"https:\/\/gohike.lv\/ru\/produkts\/naturehike-atkartoti-lietojama-soma\/#primaryimage"},"image":{"@id":"https:\/\/gohike.lv\/ru\/produkts\/naturehike-atkartoti-lietojama-soma\/#primaryimage"},"thumbnailUrl":"https:\/\/gohike.lv\/wp-content\/uploads\/2024\/04\/ReusableBag_.webp","datePublished":"2024-04-25T17:21:30+00:00","dateModified":"2025-10-15T20:13:56+00:00","description":"Br\u016bna Naturehike soma tiem, kas ikdien\u0101 nov\u0113rt\u0113 komfortu un praktiskumu. Neaizst\u0101jams pal\u012bgs iep\u0113rkoties, pastaig\u0101joties vai ce\u013cojot.","breadcrumb":{"@id":"https:\/\/gohike.lv\/ru\/produkts\/naturehike-atkartoti-lietojama-soma\/#breadcrumb"},"inLanguage":"ru-RU","potentialAction":[{"@type":"ReadAction","target":["https:\/\/gohike.lv\/ru\/produkts\/naturehike-atkartoti-lietojama-soma\/"]}]},{"@type":"ImageObject","inLanguage":"ru-RU","@id":"https:\/\/gohike.lv\/ru\/produkts\/naturehike-atkartoti-lietojama-soma\/#primaryimage","url":"https:\/\/gohike.lv\/wp-content\/uploads\/2024\/04\/ReusableBag_.webp","contentUrl":"https:\/\/gohike.lv\/wp-content\/uploads\/2024\/04\/ReusableBag_.webp","width":800,"height":800},{"@type":"BreadcrumbList","@id":"https:\/\/gohike.lv\/ru\/produkts\/naturehike-atkartoti-lietojama-soma\/#breadcrumb","itemListElement":[{"@type":"ListItem","position":1,"name":"\u0413\u043b\u0430\u0432\u043d\u0430\u044f","item":"https:\/\/gohike.lv\/ru\/"},{"@type":"ListItem","position":2,"name":"\u041a\u0430\u0442\u0435\u0433\u043e\u0440\u0438\u0438 \u0442\u043e\u0432\u0430\u0440\u043e\u0432","item":"https:\/\/gohike.lv\/%d0%ba%d0%b0%d1%82%d0%b5%d0%b3%d0%be%d1%80%d0%b8%d0%b8-%d1%82%d0%be%d0%b2%d0%b0%d1%80%d0%be%d0%b2\/"},{"@type":"ListItem","position":3,"name":"Naturehike &#8211; Atk\u0101rtoti lietojama soma"}]},{"@type":"WebSite","@id":"https:\/\/gohike.lv\/ru\/#website","url":"https:\/\/gohike.lv\/ru\/","name":"GoHike","description":"","publisher":{"@id":"https:\/\/gohike.lv\/ru\/#organization"},"potentialAction":[{"@type":"SearchAction","target":{"@type":"EntryPoint","urlTemplate":"https:\/\/gohike.lv\/ru\/?s={search_term_string}"},"query-input":{"@type":"PropertyValueSpecification","valueRequired":true,"valueName":"search_term_string"}}],"inLanguage":"ru-RU"},{"@type":"Organization","@id":"https:\/\/gohike.lv\/ru\/#organization","name":"GoHike","url":"https:\/\/gohike.lv\/ru\/","logo":{"@type":"ImageObject","inLanguage":"ru-RU","@id":"https:\/\/gohike.lv\/ru\/#\/schema\/logo\/image\/","url":"https:\/\/gohike.lv\/wp-content\/uploads\/2023\/08\/Logo_GoHike.webp","contentUrl":"https:\/\/gohike.lv\/wp-content\/uploads\/2023\/08\/Logo_GoHike.webp","width":512,"height":512,"caption":"GoHike"},"image":{"@id":"https:\/\/gohike.lv\/ru\/#\/schema\/logo\/image\/"},"sameAs":["https:\/\/www.facebook.com\/gohike.shop\/","https:\/\/www.instagram.com\/gohike.shop\/"]}]}},"jetpack_sharing_enabled":true,"_links":{"self":[{"href":"https:\/\/gohike.lv\/ru\/wp-json\/wp\/v2\/product\/44731","targetHints":{"allow":["GET"]}}],"collection":[{"href":"https:\/\/gohike.lv\/ru\/wp-json\/wp\/v2\/product"}],"about":[{"href":"https:\/\/gohike.lv\/ru\/wp-json\/wp\/v2\/types\/product"}],"version-history":[{"count":0,"href":"https:\/\/gohike.lv\/ru\/wp-json\/wp\/v2\/product\/44731\/revisions"}],"wp:featuredmedia":[{"embeddable":true,"href":"https:\/\/gohike.lv\/ru\/wp-json\/wp\/v2\/media\/38723"}],"wp:attachment":[{"href":"https:\/\/gohike.lv\/ru\/wp-json\/wp\/v2\/media?parent=44731"}],"wp:term":[{"taxonomy":"product_brand","embeddable":true,"href":"https:\/\/gohike.lv\/ru\/wp-json\/wp\/v2\/product_brand?post=44731"},{"taxonomy":"product_cat","embeddable":true,"href":"https:\/\/gohike.lv\/ru\/wp-json\/wp\/v2\/product_cat?post=44731"},{"taxonomy":"product_tag","embeddable":true,"href":"https:\/\/gohike.lv\/ru\/wp-json\/wp\/v2\/product_tag?post=44731"}],"curies":[{"name":"wp","href":"https:\/\/api.w.org\/{rel}","templated":true}]}}