{"id":44555,"date":"2024-09-06T16:14:24","date_gmt":"2024-09-06T13:14:24","guid":{"rendered":"https:\/\/gohike.lv\/produkts\/harchifood-zupa-harco-ar-tela-galu-saldajiem-un-asajiem-pipariem-100-liofilizets\/"},"modified":"2026-01-19T19:56:37","modified_gmt":"2026-01-19T16:56:37","slug":"harchifood-zupa-harco-ar-tela-galu-saldajiem-un-asajiem-pipariem-100-liofilizets","status":"publish","type":"product","link":"https:\/\/gohike.lv\/ru\/produkts\/harchifood-zupa-harco-ar-tela-galu-saldajiem-un-asajiem-pipariem-100-liofilizets\/","title":{"rendered":"HARCHIFOOD &#8212; Zupa &#171;Har\u010do&#187; ar te\u013ca ga\u013cu, saldajiem un asajiem pipariem. 100% Liofiliz\u0113ts."},"content":{"rendered":"<p>Uzturv\u0113rt\u012bba 50g:<br \/>\nKalorijas (kKal): 140<br \/>\nKalorijas (kJ): 586<br \/>\nTauki (g): 0,5<br \/>\nPies\u0101tin\u0101tie tauki (g): 0<br \/>\nTranstauki (g): 0<br \/>\nOg\u013chidr\u0101ti (g): 26<br \/>\nDi\u0113tisk\u0101s \u0161\u0137iedras (g): 2<br \/>\nCukuri (g): 4<br \/>\nOlbaltumvielas (g): 7<br \/>\nS\u0101ls (g): 2<br \/>\nUzturv\u0113rt\u012bba 100g:<br \/>\nKalorijas (kKal): 280<br \/>\nKalorijas (kJ): 1172<br \/>\nTauki (g): 1<br \/>\nPies\u0101tin\u0101tie tauki (g): 0<br \/>\nTranstauki (g): 0<br \/>\nOg\u013chidr\u0101ti (g): 52<br \/>\nDi\u0113tisk\u0101s \u0161\u0137iedras (g): 4<br \/>\nCukuri (g): 8<br \/>\nOlbaltumvielas (g): 14<br \/>\nS\u0101ls (g): 4<br \/>\nUzglab\u0101t v\u0113s\u0101, saus\u0101 viet\u0101 1 (vienu) gadu \u2013 bez sk\u0101bek\u013ca absorb\u0113t\u0101ja, 3 (tr\u012bs) gadus \u2013 ar sk\u0101bek\u013ca absorb\u0113t\u0101ju.<br \/>\nPagatavo\u0161ana: maisi\u0146\u0101 pievienot 300 ml verdo\u0161a \u016bdens, samais\u012bt un aizv\u0113rt iepakojumu. Gatavs \u0113\u0161anai p\u0113c 20 min\u016bt\u0113m.<\/p>\n","protected":false},"excerpt":{"rendered":"<p>Sast\u0101vda\u013cas: sublim\u0113ti r\u012bsi (32%), sublim\u0113ta v\u0101r\u012bta te\u013ca ga\u013ca (24%), cepti s\u012bpoli (12%), kartupe\u013cu p\u0101rslas (12%), sarkanie un asie \u010dili pipari, sublim\u0113ti, sarkanie, saldie, sublim\u0113tie pipari, tom\u0101tu pulveris, \u017e\u0101v\u0113ti \u0137iploki, p\u0113ters\u012b\u013ci, s\u0101ls.<\/p>\n","protected":false},"featured_media":43981,"template":"","meta":[],"product_brand":[615],"product_cat":[896],"product_tag":[],"class_list":{"0":"post-44555","1":"product","2":"type-product","3":"status-publish","4":"has-post-thumbnail","6":"product_brand-harchifood-lv","7":"product_cat-turistu-partika-un-dzerieni","8":"pa_izmers-15x1x17cm","9":"pa_neto-svars-50g","10":"pa_produkta-tips-zupas","11":"pa_produkta-veids-sublimeta-partika","12":"pa_svars-ar-udeni-350g","14":"first","15":"outofstock","16":"taxable","17":"shipping-taxable","18":"purchasable","19":"product-type-simple"},"raw_content":{"name":"HARCHIFOOD - Zupa \"Har\u010do\" ar te\u013ca ga\u013cu, saldajiem un asajiem pipariem. 100% Liofiliz\u0113ts.","description":"Uzturv\u0113rt\u012bba 50g:\nKalorijas (kKal): 140\nKalorijas (kJ): 586\nTauki (g): 0,5\nPies\u0101tin\u0101tie tauki (g): 0\nTranstauki (g): 0\nOg\u013chidr\u0101ti (g): 26\nDi\u0113tisk\u0101s \u0161\u0137iedras (g): 2\nCukuri (g): 4\nOlbaltumvielas (g): 7\nS\u0101ls (g): 2\nUzturv\u0113rt\u012bba 100g:\nKalorijas (kKal): 280\nKalorijas (kJ): 1172\nTauki (g): 1\nPies\u0101tin\u0101tie tauki (g): 0\nTranstauki (g): 0\nOg\u013chidr\u0101ti (g): 52\nDi\u0113tisk\u0101s \u0161\u0137iedras (g): 4\nCukuri (g): 8\nOlbaltumvielas (g): 14\nS\u0101ls (g): 4\nUzglab\u0101t v\u0113s\u0101, saus\u0101 viet\u0101 1 (vienu) gadu \u2013 bez sk\u0101bek\u013ca absorb\u0113t\u0101ja, 3 (tr\u012bs) gadus \u2013 ar sk\u0101bek\u013ca absorb\u0113t\u0101ju.\nPagatavo\u0161ana: maisi\u0146\u0101 pievienot 300 ml verdo\u0161a \u016bdens, samais\u012bt un aizv\u0113rt iepakojumu. Gatavs \u0113\u0161anai p\u0113c 20 min\u016bt\u0113m.","short_description":"Sast\u0101vda\u013cas: sublim\u0113ti r\u012bsi (32%), sublim\u0113ta v\u0101r\u012bta te\u013ca ga\u013ca (24%), cepti s\u012bpoli (12%), kartupe\u013cu p\u0101rslas (12%), sarkanie un asie \u010dili pipari, sublim\u0113ti, sarkanie, saldie, sublim\u0113tie pipari, tom\u0101tu pulveris, \u017e\u0101v\u0113ti \u0137iploki, p\u0113ters\u012b\u013ci, s\u0101ls.","status":"publish","sku":"4820225900406","original":44555},"wpml":{"translation_type":1,"has_translations":true,"original":44555,"duplicates":[],"translations":{"lv":44555,"en":67112,"ru":null}},"supplier_id":null,"supplier_sku":"","barcode":null,"atum_controlled":true,"out_stock_date":"2026-01-19 19:25:47","out_stock_threshold":null,"inheritable":false,"inbound_stock":0,"stock_on_hold":0,"sold_today":0,"sales_last_days":1,"reserved_stock":0,"customer_returns":0,"warehouse_damage":0,"lost_in_post":0,"other_logs":0,"out_stock_days":0,"lost_sales":0,"has_location":false,"update_date":"2026-01-19T16:56:42","atum_locations":[],"atum_stock_status":"outofstock","restock_status":false,"low_stock_amount":"","sales_update_date":"2025-12-23T16:08:41","calc_backorders":null,"yoast_head":"<!-- This site is optimized with the Yoast SEO plugin v27.3 - https:\/\/yoast.com\/product\/yoast-seo-wordpress\/ -->\n<title>HARCHIFOOD - Zupa &quot;Har\u010do&quot; ar te\u013ca ga\u013cu, saldajiem un asajiem pipariem. 100% Liofiliz\u0113ts.<\/title>\n<meta name=\"description\" content=\"Sast\u0101vda\u013cas: sublim\u0113ti r\u012bsi (32%), sublim\u0113ta v\u0101r\u012bta te\u013ca ga\u013ca (24%), cepti s\u012bpoli (12%), kartupe\u013cu p\u0101rslas (12%), sarkanie un asie \u010dili pipari, sublim\u0113ti, sarkanie, saldie, sublim\u0113tie pipari, tom\u0101tu pulveris, \u017e\u0101v\u0113ti \u0137iploki, p\u0113ters\u012b\u013ci, s\u0101ls.\" \/>\n<meta name=\"robots\" content=\"index, follow, max-snippet:-1, max-image-preview:large, max-video-preview:-1\" \/>\n<link rel=\"canonical\" href=\"https:\/\/gohike.lv\/ru\/produkts\/harchifood-zupa-harco-ar-tela-galu-saldajiem-un-asajiem-pipariem-100-liofilizets\/\" \/>\n<meta property=\"og:locale\" content=\"ru_RU\" \/>\n<meta property=\"og:type\" content=\"article\" \/>\n<meta property=\"og:title\" content=\"T\u016bristu p\u0101rtika Zupas HARCHIFOOD Zupa &quot;Har\u010do&quot; ar te\u013ca ga\u013cu, saldajiem un asajiem pipariem. 100% Liofiliz\u0113ts.\" \/>\n<meta property=\"og:description\" content=\"Sast\u0101vda\u013cas: sublim\u0113ti r\u012bsi (32%), sublim\u0113ta v\u0101r\u012bta te\u013ca ga\u013ca (24%), cepti s\u012bpoli (12%), kartupe\u013cu p\u0101rslas (12%), sarkanie un asie \u010dili pipari, sublim\u0113ti, sarkanie, saldie, sublim\u0113tie pipari, tom\u0101tu pulveris, \u017e\u0101v\u0113ti \u0137iploki, p\u0113ters\u012b\u013ci, s\u0101ls.\" \/>\n<meta property=\"og:url\" content=\"https:\/\/gohike.lv\/ru\/produkts\/harchifood-zupa-harco-ar-tela-galu-saldajiem-un-asajiem-pipariem-100-liofilizets\/\" \/>\n<meta property=\"og:site_name\" content=\"GoHike\" \/>\n<meta property=\"article:publisher\" content=\"https:\/\/www.facebook.com\/gohike.shop\/\" \/>\n<meta property=\"article:modified_time\" content=\"2026-01-19T16:56:37+00:00\" \/>\n<meta property=\"og:image\" content=\"https:\/\/gohike.lv\/wp-content\/uploads\/2024\/04\/Harcho_.png\" \/>\n\t<meta property=\"og:image:width\" content=\"1000\" \/>\n\t<meta property=\"og:image:height\" content=\"1000\" \/>\n\t<meta property=\"og:image:type\" content=\"image\/png\" \/>\n<meta name=\"twitter:card\" content=\"summary_large_image\" \/>\n<meta name=\"twitter:title\" content=\"T\u016bristu p\u0101rtika Zupas HARCHIFOOD Zupa &quot;Har\u010do&quot; ar te\u013ca ga\u013cu, saldajiem un asajiem pipariem. 100% Liofiliz\u0113ts.\" \/>\n<meta name=\"twitter:label1\" content=\"\u041f\u0440\u0438\u043c\u0435\u0440\u043d\u043e\u0435 \u0432\u0440\u0435\u043c\u044f \u0434\u043b\u044f \u0447\u0442\u0435\u043d\u0438\u044f\" \/>\n\t<meta name=\"twitter:data1\" content=\"1 \u043c\u0438\u043d\u0443\u0442\u0430\" \/>\n<script type=\"application\/ld+json\" class=\"yoast-schema-graph\">{\"@context\":\"https:\\\/\\\/schema.org\",\"@graph\":[{\"@type\":[\"WebPage\",\"ItemPage\"],\"@id\":\"https:\\\/\\\/gohike.lv\\\/ru\\\/produkts\\\/harchifood-zupa-harco-ar-tela-galu-saldajiem-un-asajiem-pipariem-100-liofilizets\\\/\",\"url\":\"https:\\\/\\\/gohike.lv\\\/ru\\\/produkts\\\/harchifood-zupa-harco-ar-tela-galu-saldajiem-un-asajiem-pipariem-100-liofilizets\\\/\",\"name\":\"HARCHIFOOD - Zupa \\\"Har\u010do\\\" ar te\u013ca ga\u013cu, saldajiem un asajiem pipariem. 100% Liofiliz\u0113ts.\",\"isPartOf\":{\"@id\":\"https:\\\/\\\/gohike.lv\\\/ru\\\/#website\"},\"primaryImageOfPage\":{\"@id\":\"https:\\\/\\\/gohike.lv\\\/ru\\\/produkts\\\/harchifood-zupa-harco-ar-tela-galu-saldajiem-un-asajiem-pipariem-100-liofilizets\\\/#primaryimage\"},\"image\":{\"@id\":\"https:\\\/\\\/gohike.lv\\\/ru\\\/produkts\\\/harchifood-zupa-harco-ar-tela-galu-saldajiem-un-asajiem-pipariem-100-liofilizets\\\/#primaryimage\"},\"thumbnailUrl\":\"https:\\\/\\\/gohike.lv\\\/wp-content\\\/uploads\\\/2024\\\/04\\\/Harcho_.png\",\"datePublished\":\"2024-09-06T13:14:24+00:00\",\"dateModified\":\"2026-01-19T16:56:37+00:00\",\"description\":\"Sast\u0101vda\u013cas: sublim\u0113ti r\u012bsi (32%), sublim\u0113ta v\u0101r\u012bta te\u013ca ga\u013ca (24%), cepti s\u012bpoli (12%), kartupe\u013cu p\u0101rslas (12%), sarkanie un asie \u010dili pipari, sublim\u0113ti, sarkanie, saldie, sublim\u0113tie pipari, tom\u0101tu pulveris, \u017e\u0101v\u0113ti \u0137iploki, p\u0113ters\u012b\u013ci, s\u0101ls.\",\"breadcrumb\":{\"@id\":\"https:\\\/\\\/gohike.lv\\\/ru\\\/produkts\\\/harchifood-zupa-harco-ar-tela-galu-saldajiem-un-asajiem-pipariem-100-liofilizets\\\/#breadcrumb\"},\"inLanguage\":\"ru-RU\",\"potentialAction\":[{\"@type\":\"ReadAction\",\"target\":[\"https:\\\/\\\/gohike.lv\\\/ru\\\/produkts\\\/harchifood-zupa-harco-ar-tela-galu-saldajiem-un-asajiem-pipariem-100-liofilizets\\\/\"]}]},{\"@type\":\"ImageObject\",\"inLanguage\":\"ru-RU\",\"@id\":\"https:\\\/\\\/gohike.lv\\\/ru\\\/produkts\\\/harchifood-zupa-harco-ar-tela-galu-saldajiem-un-asajiem-pipariem-100-liofilizets\\\/#primaryimage\",\"url\":\"https:\\\/\\\/gohike.lv\\\/wp-content\\\/uploads\\\/2024\\\/04\\\/Harcho_.png\",\"contentUrl\":\"https:\\\/\\\/gohike.lv\\\/wp-content\\\/uploads\\\/2024\\\/04\\\/Harcho_.png\",\"width\":1000,\"height\":1000},{\"@type\":\"BreadcrumbList\",\"@id\":\"https:\\\/\\\/gohike.lv\\\/ru\\\/produkts\\\/harchifood-zupa-harco-ar-tela-galu-saldajiem-un-asajiem-pipariem-100-liofilizets\\\/#breadcrumb\",\"itemListElement\":[{\"@type\":\"ListItem\",\"position\":1,\"name\":\"\u0413\u043b\u0430\u0432\u043d\u0430\u044f\",\"item\":\"https:\\\/\\\/gohike.lv\\\/ru\\\/\"},{\"@type\":\"ListItem\",\"position\":2,\"name\":\"\u041a\u0430\u0442\u0435\u0433\u043e\u0440\u0438\u0438 \u0442\u043e\u0432\u0430\u0440\u043e\u0432\",\"item\":\"https:\\\/\\\/gohike.lv\\\/%d0%ba%d0%b0%d1%82%d0%b5%d0%b3%d0%be%d1%80%d0%b8%d0%b8-%d1%82%d0%be%d0%b2%d0%b0%d1%80%d0%be%d0%b2\\\/\"},{\"@type\":\"ListItem\",\"position\":3,\"name\":\"HARCHIFOOD &#8211; Zupa &#8220;Har\u010do&#8221; ar te\u013ca ga\u013cu, saldajiem un asajiem pipariem. 100% Liofiliz\u0113ts.\"}]},{\"@type\":\"WebSite\",\"@id\":\"https:\\\/\\\/gohike.lv\\\/ru\\\/#website\",\"url\":\"https:\\\/\\\/gohike.lv\\\/ru\\\/\",\"name\":\"GoHike\",\"description\":\"\",\"publisher\":{\"@id\":\"https:\\\/\\\/gohike.lv\\\/ru\\\/#organization\"},\"potentialAction\":[{\"@type\":\"SearchAction\",\"target\":{\"@type\":\"EntryPoint\",\"urlTemplate\":\"https:\\\/\\\/gohike.lv\\\/ru\\\/?s={search_term_string}\"},\"query-input\":{\"@type\":\"PropertyValueSpecification\",\"valueRequired\":true,\"valueName\":\"search_term_string\"}}],\"inLanguage\":\"ru-RU\"},{\"@type\":\"Organization\",\"@id\":\"https:\\\/\\\/gohike.lv\\\/ru\\\/#organization\",\"name\":\"GoHike\",\"url\":\"https:\\\/\\\/gohike.lv\\\/ru\\\/\",\"logo\":{\"@type\":\"ImageObject\",\"inLanguage\":\"ru-RU\",\"@id\":\"https:\\\/\\\/gohike.lv\\\/ru\\\/#\\\/schema\\\/logo\\\/image\\\/\",\"url\":\"https:\\\/\\\/gohike.lv\\\/wp-content\\\/uploads\\\/2023\\\/08\\\/Logo_GoHike.webp\",\"contentUrl\":\"https:\\\/\\\/gohike.lv\\\/wp-content\\\/uploads\\\/2023\\\/08\\\/Logo_GoHike.webp\",\"width\":512,\"height\":512,\"caption\":\"GoHike\"},\"image\":{\"@id\":\"https:\\\/\\\/gohike.lv\\\/ru\\\/#\\\/schema\\\/logo\\\/image\\\/\"},\"sameAs\":[\"https:\\\/\\\/www.facebook.com\\\/gohike.shop\\\/\",\"https:\\\/\\\/www.instagram.com\\\/gohike.shop\\\/\"]}]}<\/script>\n<!-- \/ Yoast SEO plugin. -->","yoast_head_json":{"title":"HARCHIFOOD - Zupa \"Har\u010do\" ar te\u013ca ga\u013cu, saldajiem un asajiem pipariem. 100% Liofiliz\u0113ts.","description":"Sast\u0101vda\u013cas: sublim\u0113ti r\u012bsi (32%), sublim\u0113ta v\u0101r\u012bta te\u013ca ga\u013ca (24%), cepti s\u012bpoli (12%), kartupe\u013cu p\u0101rslas (12%), sarkanie un asie \u010dili pipari, sublim\u0113ti, sarkanie, saldie, sublim\u0113tie pipari, tom\u0101tu pulveris, \u017e\u0101v\u0113ti \u0137iploki, p\u0113ters\u012b\u013ci, s\u0101ls.","robots":{"index":"index","follow":"follow","max-snippet":"max-snippet:-1","max-image-preview":"max-image-preview:large","max-video-preview":"max-video-preview:-1"},"canonical":"https:\/\/gohike.lv\/ru\/produkts\/harchifood-zupa-harco-ar-tela-galu-saldajiem-un-asajiem-pipariem-100-liofilizets\/","og_locale":"ru_RU","og_type":"article","og_title":"T\u016bristu p\u0101rtika Zupas HARCHIFOOD Zupa \"Har\u010do\" ar te\u013ca ga\u013cu, saldajiem un asajiem pipariem. 100% Liofiliz\u0113ts.","og_description":"Sast\u0101vda\u013cas: sublim\u0113ti r\u012bsi (32%), sublim\u0113ta v\u0101r\u012bta te\u013ca ga\u013ca (24%), cepti s\u012bpoli (12%), kartupe\u013cu p\u0101rslas (12%), sarkanie un asie \u010dili pipari, sublim\u0113ti, sarkanie, saldie, sublim\u0113tie pipari, tom\u0101tu pulveris, \u017e\u0101v\u0113ti \u0137iploki, p\u0113ters\u012b\u013ci, s\u0101ls.","og_url":"https:\/\/gohike.lv\/ru\/produkts\/harchifood-zupa-harco-ar-tela-galu-saldajiem-un-asajiem-pipariem-100-liofilizets\/","og_site_name":"GoHike","article_publisher":"https:\/\/www.facebook.com\/gohike.shop\/","article_modified_time":"2026-01-19T16:56:37+00:00","og_image":[{"width":1000,"height":1000,"url":"https:\/\/gohike.lv\/wp-content\/uploads\/2024\/04\/Harcho_.png","type":"image\/png"}],"twitter_card":"summary_large_image","twitter_title":"T\u016bristu p\u0101rtika Zupas HARCHIFOOD Zupa \"Har\u010do\" ar te\u013ca ga\u013cu, saldajiem un asajiem pipariem. 100% Liofiliz\u0113ts.","twitter_misc":{"\u041f\u0440\u0438\u043c\u0435\u0440\u043d\u043e\u0435 \u0432\u0440\u0435\u043c\u044f \u0434\u043b\u044f \u0447\u0442\u0435\u043d\u0438\u044f":"1 \u043c\u0438\u043d\u0443\u0442\u0430"},"schema":{"@context":"https:\/\/schema.org","@graph":[{"@type":["WebPage","ItemPage"],"@id":"https:\/\/gohike.lv\/ru\/produkts\/harchifood-zupa-harco-ar-tela-galu-saldajiem-un-asajiem-pipariem-100-liofilizets\/","url":"https:\/\/gohike.lv\/ru\/produkts\/harchifood-zupa-harco-ar-tela-galu-saldajiem-un-asajiem-pipariem-100-liofilizets\/","name":"HARCHIFOOD - Zupa \"Har\u010do\" ar te\u013ca ga\u013cu, saldajiem un asajiem pipariem. 100% Liofiliz\u0113ts.","isPartOf":{"@id":"https:\/\/gohike.lv\/ru\/#website"},"primaryImageOfPage":{"@id":"https:\/\/gohike.lv\/ru\/produkts\/harchifood-zupa-harco-ar-tela-galu-saldajiem-un-asajiem-pipariem-100-liofilizets\/#primaryimage"},"image":{"@id":"https:\/\/gohike.lv\/ru\/produkts\/harchifood-zupa-harco-ar-tela-galu-saldajiem-un-asajiem-pipariem-100-liofilizets\/#primaryimage"},"thumbnailUrl":"https:\/\/gohike.lv\/wp-content\/uploads\/2024\/04\/Harcho_.png","datePublished":"2024-09-06T13:14:24+00:00","dateModified":"2026-01-19T16:56:37+00:00","description":"Sast\u0101vda\u013cas: sublim\u0113ti r\u012bsi (32%), sublim\u0113ta v\u0101r\u012bta te\u013ca ga\u013ca (24%), cepti s\u012bpoli (12%), kartupe\u013cu p\u0101rslas (12%), sarkanie un asie \u010dili pipari, sublim\u0113ti, sarkanie, saldie, sublim\u0113tie pipari, tom\u0101tu pulveris, \u017e\u0101v\u0113ti \u0137iploki, p\u0113ters\u012b\u013ci, s\u0101ls.","breadcrumb":{"@id":"https:\/\/gohike.lv\/ru\/produkts\/harchifood-zupa-harco-ar-tela-galu-saldajiem-un-asajiem-pipariem-100-liofilizets\/#breadcrumb"},"inLanguage":"ru-RU","potentialAction":[{"@type":"ReadAction","target":["https:\/\/gohike.lv\/ru\/produkts\/harchifood-zupa-harco-ar-tela-galu-saldajiem-un-asajiem-pipariem-100-liofilizets\/"]}]},{"@type":"ImageObject","inLanguage":"ru-RU","@id":"https:\/\/gohike.lv\/ru\/produkts\/harchifood-zupa-harco-ar-tela-galu-saldajiem-un-asajiem-pipariem-100-liofilizets\/#primaryimage","url":"https:\/\/gohike.lv\/wp-content\/uploads\/2024\/04\/Harcho_.png","contentUrl":"https:\/\/gohike.lv\/wp-content\/uploads\/2024\/04\/Harcho_.png","width":1000,"height":1000},{"@type":"BreadcrumbList","@id":"https:\/\/gohike.lv\/ru\/produkts\/harchifood-zupa-harco-ar-tela-galu-saldajiem-un-asajiem-pipariem-100-liofilizets\/#breadcrumb","itemListElement":[{"@type":"ListItem","position":1,"name":"\u0413\u043b\u0430\u0432\u043d\u0430\u044f","item":"https:\/\/gohike.lv\/ru\/"},{"@type":"ListItem","position":2,"name":"\u041a\u0430\u0442\u0435\u0433\u043e\u0440\u0438\u0438 \u0442\u043e\u0432\u0430\u0440\u043e\u0432","item":"https:\/\/gohike.lv\/%d0%ba%d0%b0%d1%82%d0%b5%d0%b3%d0%be%d1%80%d0%b8%d0%b8-%d1%82%d0%be%d0%b2%d0%b0%d1%80%d0%be%d0%b2\/"},{"@type":"ListItem","position":3,"name":"HARCHIFOOD &#8211; Zupa &#8220;Har\u010do&#8221; ar te\u013ca ga\u013cu, saldajiem un asajiem pipariem. 100% Liofiliz\u0113ts."}]},{"@type":"WebSite","@id":"https:\/\/gohike.lv\/ru\/#website","url":"https:\/\/gohike.lv\/ru\/","name":"GoHike","description":"","publisher":{"@id":"https:\/\/gohike.lv\/ru\/#organization"},"potentialAction":[{"@type":"SearchAction","target":{"@type":"EntryPoint","urlTemplate":"https:\/\/gohike.lv\/ru\/?s={search_term_string}"},"query-input":{"@type":"PropertyValueSpecification","valueRequired":true,"valueName":"search_term_string"}}],"inLanguage":"ru-RU"},{"@type":"Organization","@id":"https:\/\/gohike.lv\/ru\/#organization","name":"GoHike","url":"https:\/\/gohike.lv\/ru\/","logo":{"@type":"ImageObject","inLanguage":"ru-RU","@id":"https:\/\/gohike.lv\/ru\/#\/schema\/logo\/image\/","url":"https:\/\/gohike.lv\/wp-content\/uploads\/2023\/08\/Logo_GoHike.webp","contentUrl":"https:\/\/gohike.lv\/wp-content\/uploads\/2023\/08\/Logo_GoHike.webp","width":512,"height":512,"caption":"GoHike"},"image":{"@id":"https:\/\/gohike.lv\/ru\/#\/schema\/logo\/image\/"},"sameAs":["https:\/\/www.facebook.com\/gohike.shop\/","https:\/\/www.instagram.com\/gohike.shop\/"]}]}},"jetpack_sharing_enabled":true,"_links":{"self":[{"href":"https:\/\/gohike.lv\/ru\/wp-json\/wp\/v2\/product\/44555","targetHints":{"allow":["GET"]}}],"collection":[{"href":"https:\/\/gohike.lv\/ru\/wp-json\/wp\/v2\/product"}],"about":[{"href":"https:\/\/gohike.lv\/ru\/wp-json\/wp\/v2\/types\/product"}],"version-history":[{"count":1,"href":"https:\/\/gohike.lv\/ru\/wp-json\/wp\/v2\/product\/44555\/revisions"}],"predecessor-version":[{"id":119352,"href":"https:\/\/gohike.lv\/ru\/wp-json\/wp\/v2\/product\/44555\/revisions\/119352"}],"wp:featuredmedia":[{"embeddable":true,"href":"https:\/\/gohike.lv\/ru\/wp-json\/wp\/v2\/media\/43981"}],"wp:attachment":[{"href":"https:\/\/gohike.lv\/ru\/wp-json\/wp\/v2\/media?parent=44555"}],"wp:term":[{"taxonomy":"product_brand","embeddable":true,"href":"https:\/\/gohike.lv\/ru\/wp-json\/wp\/v2\/product_brand?post=44555"},{"taxonomy":"product_cat","embeddable":true,"href":"https:\/\/gohike.lv\/ru\/wp-json\/wp\/v2\/product_cat?post=44555"},{"taxonomy":"product_tag","embeddable":true,"href":"https:\/\/gohike.lv\/ru\/wp-json\/wp\/v2\/product_tag?post=44555"}],"curies":[{"name":"wp","href":"https:\/\/api.w.org\/{rel}","templated":true}]}}