{"id":44515,"date":"2024-09-06T16:13:30","date_gmt":"2024-09-06T13:13:30","guid":{"rendered":"https:\/\/gohike.lv\/produkts\/harchifood-zupa-tom-yam-kung-taizemes-garnelu-zupa-100-liofilizeta\/"},"modified":"2026-03-19T18:16:54","modified_gmt":"2026-03-19T15:16:54","slug":"harchifood-zupa-tom-yam-kung-taizemes-garnelu-zupa-100-liofilizeta","status":"publish","type":"product","link":"https:\/\/gohike.lv\/ru\/produkts\/harchifood-zupa-tom-yam-kung-taizemes-garnelu-zupa-100-liofilizeta\/","title":{"rendered":"HARCHIFOOD &#8212; Zupa &#171;Tom Yam Kung&#187; (Taizemes garne\u013cu zupa). 100% liofiliz\u0113ta."},"content":{"rendered":"<p>Uzturv\u0113rt\u012bba uz 65g:<br \/>\nKalorijas (kKal): 287,71<br \/>\nKalorijas (kJ): 1166,1<br \/>\nTauki (g): 12,85<br \/>\nPies\u0101tin\u0101tie tauki (g): 3,47<br \/>\nTranstauki (g): 0<br \/>\nOg\u013chidr\u0101ti (g): 31,62<br \/>\nDi\u0113tisk\u0101s \u0161\u0137iedras (g): 0,8<br \/>\nCukuri (g): 8,87<br \/>\nOlbaltumvielas (g): 11,12<br \/>\nS\u0101ls (g): 2,58<br \/>\nUZTURA FAKTI uz 100g<br \/>\nKalorijas (kKal): 442,63<br \/>\nKalorijas (kJ): 1794<br \/>\nTauki (g): 19,8<br \/>\nPies\u0101tin\u0101tie tauki (g): 5,34<br \/>\nTranstauki (g): 0<br \/>\nOg\u013chidr\u0101ti (g): 48,64<br \/>\nDi\u0113tisk\u0101s \u0161\u0137iedras (g): 1,23<br \/>\nCukuri (g): 13,64<br \/>\nOlbaltumvielas (g): 17,1<br \/>\nS\u0101ls (g): 3,98<br \/>\nUzglab\u0101t v\u0113s\u0101, saus\u0101 viet\u0101 1 (vienu) gadu \u2013 bez sk\u0101bek\u013ca absorb\u0113t\u0101ja, 3 (tr\u012bs) gadus \u2013 ar sk\u0101bek\u013ca absorb\u0113t\u0101ju.<br \/>\nPagatavo\u0161ana: maisi\u0146\u0101 pievienot 250 ml verdo\u0161a \u016bdens, samais\u012bt un aizv\u0113rt iepakojumu. Gatavs \u0113\u0161anai p\u0113c 20 min\u016bt\u0113m.<\/p>\n","protected":false},"excerpt":{"rendered":"<p>Sast\u0101vda\u013cas: sublim\u0113t\u0101 zupa \u201cTom Yam Kung\u201d (vistas buljons, citronz\u0101le, \u0161alotes, sojas e\u013c\u013ca, \u010dili pipari, galangals, \u0137iploki, palmu cukurs, kaf\u012bra laima mizi\u0146a, zivju m\u0113rce, tamarinda, tom\u0101ti, garneles 6%); kokosriekstu piena pulveris, \u0161ampinjoni, kurkuma, cilantro, s\u0101ls. Izcelsmes valsts: Ukraina<\/p>\n","protected":false},"featured_media":26089,"template":"","meta":[],"product_brand":[615],"product_cat":[896],"product_tag":[],"class_list":{"0":"post-44515","1":"product","2":"type-product","3":"status-publish","4":"has-post-thumbnail","6":"product_brand-harchifood-lv","7":"product_cat-turistu-partika-un-dzerieni","8":"pa_izmeriscm-10424","9":"pa_neto-svars-65g","10":"pa_produkta-tips-zupas","11":"pa_produkta-veids-sublimeta-partika","12":"pa_svars-ar-udeni-315g","14":"first","15":"instock","16":"taxable","17":"shipping-taxable","18":"purchasable","19":"product-type-simple"},"raw_content":{"name":"HARCHIFOOD - Zupa \"Tom Yam Kung\" (Taizemes garne\u013cu zupa). 100% liofiliz\u0113ta.","description":"Uzturv\u0113rt\u012bba uz 65g:\r\nKalorijas (kKal): 287,71\r\nKalorijas (kJ): 1166,1\r\nTauki (g): 12,85\r\nPies\u0101tin\u0101tie tauki (g): 3,47\r\nTranstauki (g): 0\r\nOg\u013chidr\u0101ti (g): 31,62\r\nDi\u0113tisk\u0101s \u0161\u0137iedras (g): 0,8\r\nCukuri (g): 8,87\r\nOlbaltumvielas (g): 11,12\r\nS\u0101ls (g): 2,58\r\nUZTURA FAKTI uz 100g\r\nKalorijas (kKal): 442,63\r\nKalorijas (kJ): 1794\r\nTauki (g): 19,8\r\nPies\u0101tin\u0101tie tauki (g): 5,34\r\nTranstauki (g): 0\r\nOg\u013chidr\u0101ti (g): 48,64\r\nDi\u0113tisk\u0101s \u0161\u0137iedras (g): 1,23\r\nCukuri (g): 13,64\r\nOlbaltumvielas (g): 17,1\r\nS\u0101ls (g): 3,98\r\nUzglab\u0101t v\u0113s\u0101, saus\u0101 viet\u0101 1 (vienu) gadu \u2013 bez sk\u0101bek\u013ca absorb\u0113t\u0101ja, 3 (tr\u012bs) gadus \u2013 ar sk\u0101bek\u013ca absorb\u0113t\u0101ju.\r\nPagatavo\u0161ana: maisi\u0146\u0101 pievienot 250 ml verdo\u0161a \u016bdens, samais\u012bt un aizv\u0113rt iepakojumu. Gatavs \u0113\u0161anai p\u0113c 20 min\u016bt\u0113m.","short_description":"Sast\u0101vda\u013cas: sublim\u0113t\u0101 zupa \u201cTom Yam Kung\u201d (vistas buljons, citronz\u0101le, \u0161alotes, sojas e\u013c\u013ca, \u010dili pipari, galangals, \u0137iploki, palmu cukurs, kaf\u012bra laima mizi\u0146a, zivju m\u0113rce, tamarinda, tom\u0101ti, garneles 6%); kokosriekstu piena pulveris, \u0161ampinjoni, kurkuma, cilantro, s\u0101ls. Izcelsmes valsts: Ukraina","status":"publish","sku":"4820225900321","original":44515},"wpml":{"translation_type":1,"has_translations":true,"original":44515,"duplicates":[],"translations":{"lv":44515,"en":67153,"ru":null}},"supplier_id":null,"supplier_sku":"","barcode":null,"atum_controlled":true,"out_stock_date":null,"out_stock_threshold":null,"inheritable":false,"inbound_stock":0,"stock_on_hold":0,"sold_today":0,"sales_last_days":0,"reserved_stock":0,"customer_returns":0,"warehouse_damage":0,"lost_in_post":0,"other_logs":0,"out_stock_days":0,"lost_sales":0,"has_location":false,"update_date":"2026-03-19T15:16:56","atum_locations":[],"atum_stock_status":"instock","restock_status":false,"low_stock_amount":"","sales_update_date":"2025-11-13T13:36:25","calc_backorders":null,"yoast_head":"<!-- This site is optimized with the Yoast SEO plugin v27.3 - https:\/\/yoast.com\/product\/yoast-seo-wordpress\/ -->\n<title>HARCHIFOOD - &quot;Zupa &quot;Tom Yam Kung&quot; (Taizemes garne\u013cu zupa). 100% liofiliz\u0113ta.<\/title>\n<meta name=\"description\" content=\"Sast\u0101vda\u013cas: sublim\u0113t\u0101 zupa \u201cTom Yam Kung\u201d (vistas buljons, citronz\u0101le, \u0161alotes, sojas e\u013c\u013ca, \u010dili pipari, galangals, \u0137iploki, palmu cukurs, kaf\u012bra laima mizi\u0146a, zivju m\u0113rce, tamarinda, tom\u0101ti, garneles 6%); kokosriekstu piena pulveris, \u0161ampinjoni, kurkuma, cilantro, s\u0101ls.\" \/>\n<meta name=\"robots\" content=\"index, follow, max-snippet:-1, max-image-preview:large, max-video-preview:-1\" \/>\n<link rel=\"canonical\" href=\"https:\/\/gohike.lv\/ru\/produkts\/harchifood-zupa-tom-yam-kung-taizemes-garnelu-zupa-100-liofilizeta\/\" \/>\n<meta property=\"og:locale\" content=\"ru_RU\" \/>\n<meta property=\"og:type\" content=\"article\" \/>\n<meta property=\"og:title\" content=\"T\u016bristu p\u0101rtika Zupas HARCHIFOOD &quot;Zupa &quot;Tom Yam Kung&quot; (Taizemes garne\u013cu zupa). 100% liofiliz\u0113ta.\" \/>\n<meta property=\"og:description\" content=\"Sast\u0101vda\u013cas: sublim\u0113t\u0101 zupa \u201cTom Yam Kung\u201d (vistas buljons, citronz\u0101le, \u0161alotes, sojas e\u013c\u013ca, \u010dili pipari, galangals, \u0137iploki, palmu cukurs, kaf\u012bra laima mizi\u0146a, zivju m\u0113rce, tamarinda, tom\u0101ti, garneles 6%); kokosriekstu piena pulveris, \u0161ampinjoni, kurkuma, cilantro, s\u0101ls.\" \/>\n<meta property=\"og:url\" content=\"https:\/\/gohike.lv\/ru\/produkts\/harchifood-zupa-tom-yam-kung-taizemes-garnelu-zupa-100-liofilizeta\/\" \/>\n<meta property=\"og:site_name\" content=\"GoHike\" \/>\n<meta property=\"article:publisher\" content=\"https:\/\/www.facebook.com\/gohike.shop\/\" \/>\n<meta property=\"article:modified_time\" content=\"2026-03-19T15:16:54+00:00\" \/>\n<meta property=\"og:image\" content=\"https:\/\/gohike.lv\/wp-content\/uploads\/2023\/10\/TomYum.webp\" \/>\n\t<meta property=\"og:image:width\" content=\"1000\" \/>\n\t<meta property=\"og:image:height\" content=\"1000\" \/>\n\t<meta property=\"og:image:type\" content=\"image\/webp\" \/>\n<meta name=\"twitter:card\" content=\"summary_large_image\" \/>\n<meta name=\"twitter:title\" content=\"T\u016bristu p\u0101rtika Zupas HARCHIFOOD &quot;Zupa &quot;Tom Yam Kung&quot; (Taizemes garne\u013cu zupa). 100% liofiliz\u0113ta.\" \/>\n<meta name=\"twitter:label1\" content=\"\u041f\u0440\u0438\u043c\u0435\u0440\u043d\u043e\u0435 \u0432\u0440\u0435\u043c\u044f \u0434\u043b\u044f \u0447\u0442\u0435\u043d\u0438\u044f\" \/>\n\t<meta name=\"twitter:data1\" content=\"1 \u043c\u0438\u043d\u0443\u0442\u0430\" \/>\n<script type=\"application\/ld+json\" class=\"yoast-schema-graph\">{\"@context\":\"https:\\\/\\\/schema.org\",\"@graph\":[{\"@type\":[\"WebPage\",\"ItemPage\"],\"@id\":\"https:\\\/\\\/gohike.lv\\\/ru\\\/produkts\\\/harchifood-zupa-tom-yam-kung-taizemes-garnelu-zupa-100-liofilizeta\\\/\",\"url\":\"https:\\\/\\\/gohike.lv\\\/ru\\\/produkts\\\/harchifood-zupa-tom-yam-kung-taizemes-garnelu-zupa-100-liofilizeta\\\/\",\"name\":\"HARCHIFOOD - \\\"Zupa \\\"Tom Yam Kung\\\" (Taizemes garne\u013cu zupa). 100% liofiliz\u0113ta.\",\"isPartOf\":{\"@id\":\"https:\\\/\\\/gohike.lv\\\/ru\\\/#website\"},\"primaryImageOfPage\":{\"@id\":\"https:\\\/\\\/gohike.lv\\\/ru\\\/produkts\\\/harchifood-zupa-tom-yam-kung-taizemes-garnelu-zupa-100-liofilizeta\\\/#primaryimage\"},\"image\":{\"@id\":\"https:\\\/\\\/gohike.lv\\\/ru\\\/produkts\\\/harchifood-zupa-tom-yam-kung-taizemes-garnelu-zupa-100-liofilizeta\\\/#primaryimage\"},\"thumbnailUrl\":\"https:\\\/\\\/gohike.lv\\\/wp-content\\\/uploads\\\/2023\\\/10\\\/TomYum.webp\",\"datePublished\":\"2024-09-06T13:13:30+00:00\",\"dateModified\":\"2026-03-19T15:16:54+00:00\",\"description\":\"Sast\u0101vda\u013cas: sublim\u0113t\u0101 zupa \u201cTom Yam Kung\u201d (vistas buljons, citronz\u0101le, \u0161alotes, sojas e\u013c\u013ca, \u010dili pipari, galangals, \u0137iploki, palmu cukurs, kaf\u012bra laima mizi\u0146a, zivju m\u0113rce, tamarinda, tom\u0101ti, garneles 6%); kokosriekstu piena pulveris, \u0161ampinjoni, kurkuma, cilantro, s\u0101ls.\",\"breadcrumb\":{\"@id\":\"https:\\\/\\\/gohike.lv\\\/ru\\\/produkts\\\/harchifood-zupa-tom-yam-kung-taizemes-garnelu-zupa-100-liofilizeta\\\/#breadcrumb\"},\"inLanguage\":\"ru-RU\",\"potentialAction\":[{\"@type\":\"ReadAction\",\"target\":[\"https:\\\/\\\/gohike.lv\\\/ru\\\/produkts\\\/harchifood-zupa-tom-yam-kung-taizemes-garnelu-zupa-100-liofilizeta\\\/\"]}]},{\"@type\":\"ImageObject\",\"inLanguage\":\"ru-RU\",\"@id\":\"https:\\\/\\\/gohike.lv\\\/ru\\\/produkts\\\/harchifood-zupa-tom-yam-kung-taizemes-garnelu-zupa-100-liofilizeta\\\/#primaryimage\",\"url\":\"https:\\\/\\\/gohike.lv\\\/wp-content\\\/uploads\\\/2023\\\/10\\\/TomYum.webp\",\"contentUrl\":\"https:\\\/\\\/gohike.lv\\\/wp-content\\\/uploads\\\/2023\\\/10\\\/TomYum.webp\",\"width\":1000,\"height\":1000},{\"@type\":\"BreadcrumbList\",\"@id\":\"https:\\\/\\\/gohike.lv\\\/ru\\\/produkts\\\/harchifood-zupa-tom-yam-kung-taizemes-garnelu-zupa-100-liofilizeta\\\/#breadcrumb\",\"itemListElement\":[{\"@type\":\"ListItem\",\"position\":1,\"name\":\"\u0413\u043b\u0430\u0432\u043d\u0430\u044f\",\"item\":\"https:\\\/\\\/gohike.lv\\\/ru\\\/\"},{\"@type\":\"ListItem\",\"position\":2,\"name\":\"\u041a\u0430\u0442\u0435\u0433\u043e\u0440\u0438\u0438 \u0442\u043e\u0432\u0430\u0440\u043e\u0432\",\"item\":\"https:\\\/\\\/gohike.lv\\\/%d0%ba%d0%b0%d1%82%d0%b5%d0%b3%d0%be%d1%80%d0%b8%d0%b8-%d1%82%d0%be%d0%b2%d0%b0%d1%80%d0%be%d0%b2\\\/\"},{\"@type\":\"ListItem\",\"position\":3,\"name\":\"HARCHIFOOD &#8211; Zupa &#8220;Tom Yam Kung&#8221; (Taizemes garne\u013cu zupa). 100% liofiliz\u0113ta.\"}]},{\"@type\":\"WebSite\",\"@id\":\"https:\\\/\\\/gohike.lv\\\/ru\\\/#website\",\"url\":\"https:\\\/\\\/gohike.lv\\\/ru\\\/\",\"name\":\"GoHike\",\"description\":\"\",\"publisher\":{\"@id\":\"https:\\\/\\\/gohike.lv\\\/ru\\\/#organization\"},\"potentialAction\":[{\"@type\":\"SearchAction\",\"target\":{\"@type\":\"EntryPoint\",\"urlTemplate\":\"https:\\\/\\\/gohike.lv\\\/ru\\\/?s={search_term_string}\"},\"query-input\":{\"@type\":\"PropertyValueSpecification\",\"valueRequired\":true,\"valueName\":\"search_term_string\"}}],\"inLanguage\":\"ru-RU\"},{\"@type\":\"Organization\",\"@id\":\"https:\\\/\\\/gohike.lv\\\/ru\\\/#organization\",\"name\":\"GoHike\",\"url\":\"https:\\\/\\\/gohike.lv\\\/ru\\\/\",\"logo\":{\"@type\":\"ImageObject\",\"inLanguage\":\"ru-RU\",\"@id\":\"https:\\\/\\\/gohike.lv\\\/ru\\\/#\\\/schema\\\/logo\\\/image\\\/\",\"url\":\"https:\\\/\\\/gohike.lv\\\/wp-content\\\/uploads\\\/2023\\\/08\\\/Logo_GoHike.webp\",\"contentUrl\":\"https:\\\/\\\/gohike.lv\\\/wp-content\\\/uploads\\\/2023\\\/08\\\/Logo_GoHike.webp\",\"width\":512,\"height\":512,\"caption\":\"GoHike\"},\"image\":{\"@id\":\"https:\\\/\\\/gohike.lv\\\/ru\\\/#\\\/schema\\\/logo\\\/image\\\/\"},\"sameAs\":[\"https:\\\/\\\/www.facebook.com\\\/gohike.shop\\\/\",\"https:\\\/\\\/www.instagram.com\\\/gohike.shop\\\/\"]}]}<\/script>\n<!-- \/ Yoast SEO plugin. -->","yoast_head_json":{"title":"HARCHIFOOD - \"Zupa \"Tom Yam Kung\" (Taizemes garne\u013cu zupa). 100% liofiliz\u0113ta.","description":"Sast\u0101vda\u013cas: sublim\u0113t\u0101 zupa \u201cTom Yam Kung\u201d (vistas buljons, citronz\u0101le, \u0161alotes, sojas e\u013c\u013ca, \u010dili pipari, galangals, \u0137iploki, palmu cukurs, kaf\u012bra laima mizi\u0146a, zivju m\u0113rce, tamarinda, tom\u0101ti, garneles 6%); kokosriekstu piena pulveris, \u0161ampinjoni, kurkuma, cilantro, s\u0101ls.","robots":{"index":"index","follow":"follow","max-snippet":"max-snippet:-1","max-image-preview":"max-image-preview:large","max-video-preview":"max-video-preview:-1"},"canonical":"https:\/\/gohike.lv\/ru\/produkts\/harchifood-zupa-tom-yam-kung-taizemes-garnelu-zupa-100-liofilizeta\/","og_locale":"ru_RU","og_type":"article","og_title":"T\u016bristu p\u0101rtika Zupas HARCHIFOOD \"Zupa \"Tom Yam Kung\" (Taizemes garne\u013cu zupa). 100% liofiliz\u0113ta.","og_description":"Sast\u0101vda\u013cas: sublim\u0113t\u0101 zupa \u201cTom Yam Kung\u201d (vistas buljons, citronz\u0101le, \u0161alotes, sojas e\u013c\u013ca, \u010dili pipari, galangals, \u0137iploki, palmu cukurs, kaf\u012bra laima mizi\u0146a, zivju m\u0113rce, tamarinda, tom\u0101ti, garneles 6%); kokosriekstu piena pulveris, \u0161ampinjoni, kurkuma, cilantro, s\u0101ls.","og_url":"https:\/\/gohike.lv\/ru\/produkts\/harchifood-zupa-tom-yam-kung-taizemes-garnelu-zupa-100-liofilizeta\/","og_site_name":"GoHike","article_publisher":"https:\/\/www.facebook.com\/gohike.shop\/","article_modified_time":"2026-03-19T15:16:54+00:00","og_image":[{"width":1000,"height":1000,"url":"https:\/\/gohike.lv\/wp-content\/uploads\/2023\/10\/TomYum.webp","type":"image\/webp"}],"twitter_card":"summary_large_image","twitter_title":"T\u016bristu p\u0101rtika Zupas HARCHIFOOD \"Zupa \"Tom Yam Kung\" (Taizemes garne\u013cu zupa). 100% liofiliz\u0113ta.","twitter_misc":{"\u041f\u0440\u0438\u043c\u0435\u0440\u043d\u043e\u0435 \u0432\u0440\u0435\u043c\u044f \u0434\u043b\u044f \u0447\u0442\u0435\u043d\u0438\u044f":"1 \u043c\u0438\u043d\u0443\u0442\u0430"},"schema":{"@context":"https:\/\/schema.org","@graph":[{"@type":["WebPage","ItemPage"],"@id":"https:\/\/gohike.lv\/ru\/produkts\/harchifood-zupa-tom-yam-kung-taizemes-garnelu-zupa-100-liofilizeta\/","url":"https:\/\/gohike.lv\/ru\/produkts\/harchifood-zupa-tom-yam-kung-taizemes-garnelu-zupa-100-liofilizeta\/","name":"HARCHIFOOD - \"Zupa \"Tom Yam Kung\" (Taizemes garne\u013cu zupa). 100% liofiliz\u0113ta.","isPartOf":{"@id":"https:\/\/gohike.lv\/ru\/#website"},"primaryImageOfPage":{"@id":"https:\/\/gohike.lv\/ru\/produkts\/harchifood-zupa-tom-yam-kung-taizemes-garnelu-zupa-100-liofilizeta\/#primaryimage"},"image":{"@id":"https:\/\/gohike.lv\/ru\/produkts\/harchifood-zupa-tom-yam-kung-taizemes-garnelu-zupa-100-liofilizeta\/#primaryimage"},"thumbnailUrl":"https:\/\/gohike.lv\/wp-content\/uploads\/2023\/10\/TomYum.webp","datePublished":"2024-09-06T13:13:30+00:00","dateModified":"2026-03-19T15:16:54+00:00","description":"Sast\u0101vda\u013cas: sublim\u0113t\u0101 zupa \u201cTom Yam Kung\u201d (vistas buljons, citronz\u0101le, \u0161alotes, sojas e\u013c\u013ca, \u010dili pipari, galangals, \u0137iploki, palmu cukurs, kaf\u012bra laima mizi\u0146a, zivju m\u0113rce, tamarinda, tom\u0101ti, garneles 6%); kokosriekstu piena pulveris, \u0161ampinjoni, kurkuma, cilantro, s\u0101ls.","breadcrumb":{"@id":"https:\/\/gohike.lv\/ru\/produkts\/harchifood-zupa-tom-yam-kung-taizemes-garnelu-zupa-100-liofilizeta\/#breadcrumb"},"inLanguage":"ru-RU","potentialAction":[{"@type":"ReadAction","target":["https:\/\/gohike.lv\/ru\/produkts\/harchifood-zupa-tom-yam-kung-taizemes-garnelu-zupa-100-liofilizeta\/"]}]},{"@type":"ImageObject","inLanguage":"ru-RU","@id":"https:\/\/gohike.lv\/ru\/produkts\/harchifood-zupa-tom-yam-kung-taizemes-garnelu-zupa-100-liofilizeta\/#primaryimage","url":"https:\/\/gohike.lv\/wp-content\/uploads\/2023\/10\/TomYum.webp","contentUrl":"https:\/\/gohike.lv\/wp-content\/uploads\/2023\/10\/TomYum.webp","width":1000,"height":1000},{"@type":"BreadcrumbList","@id":"https:\/\/gohike.lv\/ru\/produkts\/harchifood-zupa-tom-yam-kung-taizemes-garnelu-zupa-100-liofilizeta\/#breadcrumb","itemListElement":[{"@type":"ListItem","position":1,"name":"\u0413\u043b\u0430\u0432\u043d\u0430\u044f","item":"https:\/\/gohike.lv\/ru\/"},{"@type":"ListItem","position":2,"name":"\u041a\u0430\u0442\u0435\u0433\u043e\u0440\u0438\u0438 \u0442\u043e\u0432\u0430\u0440\u043e\u0432","item":"https:\/\/gohike.lv\/%d0%ba%d0%b0%d1%82%d0%b5%d0%b3%d0%be%d1%80%d0%b8%d0%b8-%d1%82%d0%be%d0%b2%d0%b0%d1%80%d0%be%d0%b2\/"},{"@type":"ListItem","position":3,"name":"HARCHIFOOD &#8211; Zupa &#8220;Tom Yam Kung&#8221; (Taizemes garne\u013cu zupa). 100% liofiliz\u0113ta."}]},{"@type":"WebSite","@id":"https:\/\/gohike.lv\/ru\/#website","url":"https:\/\/gohike.lv\/ru\/","name":"GoHike","description":"","publisher":{"@id":"https:\/\/gohike.lv\/ru\/#organization"},"potentialAction":[{"@type":"SearchAction","target":{"@type":"EntryPoint","urlTemplate":"https:\/\/gohike.lv\/ru\/?s={search_term_string}"},"query-input":{"@type":"PropertyValueSpecification","valueRequired":true,"valueName":"search_term_string"}}],"inLanguage":"ru-RU"},{"@type":"Organization","@id":"https:\/\/gohike.lv\/ru\/#organization","name":"GoHike","url":"https:\/\/gohike.lv\/ru\/","logo":{"@type":"ImageObject","inLanguage":"ru-RU","@id":"https:\/\/gohike.lv\/ru\/#\/schema\/logo\/image\/","url":"https:\/\/gohike.lv\/wp-content\/uploads\/2023\/08\/Logo_GoHike.webp","contentUrl":"https:\/\/gohike.lv\/wp-content\/uploads\/2023\/08\/Logo_GoHike.webp","width":512,"height":512,"caption":"GoHike"},"image":{"@id":"https:\/\/gohike.lv\/ru\/#\/schema\/logo\/image\/"},"sameAs":["https:\/\/www.facebook.com\/gohike.shop\/","https:\/\/www.instagram.com\/gohike.shop\/"]}]}},"jetpack_sharing_enabled":true,"_links":{"self":[{"href":"https:\/\/gohike.lv\/ru\/wp-json\/wp\/v2\/product\/44515","targetHints":{"allow":["GET"]}}],"collection":[{"href":"https:\/\/gohike.lv\/ru\/wp-json\/wp\/v2\/product"}],"about":[{"href":"https:\/\/gohike.lv\/ru\/wp-json\/wp\/v2\/types\/product"}],"version-history":[{"count":1,"href":"https:\/\/gohike.lv\/ru\/wp-json\/wp\/v2\/product\/44515\/revisions"}],"predecessor-version":[{"id":119647,"href":"https:\/\/gohike.lv\/ru\/wp-json\/wp\/v2\/product\/44515\/revisions\/119647"}],"wp:featuredmedia":[{"embeddable":true,"href":"https:\/\/gohike.lv\/ru\/wp-json\/wp\/v2\/media\/26089"}],"wp:attachment":[{"href":"https:\/\/gohike.lv\/ru\/wp-json\/wp\/v2\/media?parent=44515"}],"wp:term":[{"taxonomy":"product_brand","embeddable":true,"href":"https:\/\/gohike.lv\/ru\/wp-json\/wp\/v2\/product_brand?post=44515"},{"taxonomy":"product_cat","embeddable":true,"href":"https:\/\/gohike.lv\/ru\/wp-json\/wp\/v2\/product_cat?post=44515"},{"taxonomy":"product_tag","embeddable":true,"href":"https:\/\/gohike.lv\/ru\/wp-json\/wp\/v2\/product_tag?post=44515"}],"curies":[{"name":"wp","href":"https:\/\/api.w.org\/{rel}","templated":true}]}}