{"id":115635,"date":"2025-10-02T15:51:12","date_gmt":"2025-10-02T12:51:12","guid":{"rendered":"https:\/\/gohike.lv\/produkts\/good-mood-meals-vistas-tikka-masala\/"},"modified":"2026-03-19T16:49:28","modified_gmt":"2026-03-19T13:49:28","slug":"good-mood-meals-vistas-tikka-masala","status":"publish","type":"product","link":"https:\/\/gohike.lv\/ru\/produkts\/good-mood-meals-vistas-tikka-masala\/","title":{"rendered":"Good Mood Meals &#8212; Vistas Tikka Masala"},"content":{"rendered":"<p>Izbaudiet bag\u0101t\u012bgo un arom\u0101tisko Tikka Masala gar\u0161u, kas ir klasisks indie\u0161u iedvesmots \u0113diens, \u0113rt\u0101 liofiliz\u0113t\u0101 veid\u0101. \u0160\u012b malt\u012bte, kas pagatavota no maigas vistas ga\u013cas, kr\u0113m\u012bgas tom\u0101tu m\u0113rces un pat\u012bkam\u0101m gar\u0161viel\u0101m, ir ide\u0101li piem\u0113rota kempingiem, p\u0101rg\u0101jieniem, p\u0101rtikas uzglab\u0101\u0161anai \u0101rk\u0101rtas situ\u0101cij\u0101s un milit\u0101raj\u0101m p\u0101rtikas dev\u0101m. Viegls, barojo\u0161s un viegli pagatavojams \u2013 tikai pievienojiet karstu \u016bdeni!<br \/>\n\u2713 7 gadu glab\u0101\u0161anas termi\u0146\u0161<br \/>\n\u2713 Viegls un \u0101tri pagatavojams<br \/>\n\u2713 Uzturviel\u0101m bag\u0101ts un s\u0101t\u012bgs<br \/>\n\u2713 Nav nepiecie\u0161ama sald\u0113\u0161ana<br \/>\nPagatavo\u0161ana: Pievienojiet ~350 ml verdo\u0161a \u016bdens tie\u0161i iepakojum\u0101, samaisiet un aizveriet. \u0112diens gatavs p\u0113c ~10 min\u016bt\u0113m.<br \/>\nSast\u0101vda\u013cas:<br \/>\nM\u0113rce (turku jogurts [piens], tom\u0101ti [mizoti tom\u0101ti, tom\u0101tu sula, sk\u0101buma regulators: citronsk\u0101be], tom\u0101tu pasta [tom\u0101ti], kartupe\u013cu ciete, kr\u0113jums, rap\u0161u e\u013c\u013ca, s\u0101ls, cukurs, gar\u0161vielas [\u0137imenes, koriandrs, ingvers, kurkuma, kardamons, melnie pipari, kan\u0113lis, krustnagli\u0146as, kaj\u0113nas pipari, paprika, s\u012bpoli, koriandra lapas]), r\u012bsu n\u016bdeles (r\u012bsi), vistas ga\u013ca 22.7%.<br \/>\nAlerg\u0113ni: Satur pienu. Var satur\u0113t soju, seleriju, sinepes, sezamu, graudaugus.<br \/>\nUzturv\u0113rt\u012bba:<br \/>\nUzturviela 100 g 110 g<br \/>\nEner\u0123ija 2082 kJ \/ 496 kcal 2290 kJ \/ 546 kcal<br \/>\nTauki 22.5 g 24.77 g<br \/>\n\u2013 no kuriem pies\u0101tin\u0101tie 8.5 g 9.33 g<br \/>\nOg\u013chidr\u0101ti 50.7 g 55.78 g<br \/>\n\u2013 no tiem cukuri 7.8 g 8.54 g<br \/>\n\u0160\u0137iedrvielas 0.7 g 0.75 g<br \/>\nProte\u012bns 22.4 g 24.63 g<br \/>\nS\u0101ls 3.7 g 4.04 g<br \/>\nSvars: Neto 110 g | Gatavs ar \u016bdeni: ~460 g<br \/>\nIepakojuma izm\u0113ri: 15 \u00d7 2 \u00d7 17 cm<\/p>\n","protected":false},"excerpt":{"rendered":"<p>Liofiliz\u0113ta vistas Tikka Masala \u2013 klasisks indie\u0161u iedvesmots \u0113diens ar 7 gadu der\u012bguma termi\u0146u. Izcelsmes valsts: Latvija<\/p>\n","protected":false},"featured_media":115637,"template":"","meta":[],"product_brand":[15073],"product_cat":[896],"product_tag":[],"class_list":{"0":"post-115635","1":"product","2":"type-product","3":"status-publish","4":"has-post-thumbnail","6":"product_brand-good-mood-meals","7":"product_cat-turistu-partika-un-dzerieni","8":"pa_izmeriscm-15081","9":"pa_produkta-tips-pamatedieni","10":"pa_produkta-veids-sublimeta-partika","11":"pa_svars-ar-udeni-15080","13":"first","14":"instock","15":"taxable","16":"shipping-taxable","17":"purchasable","18":"product-type-simple"},"raw_content":{"name":"Good Mood Meals - Vistas Tikka Masala","description":"Izbaudiet bag\u0101t\u012bgo un arom\u0101tisko Tikka Masala gar\u0161u, kas ir klasisks indie\u0161u iedvesmots \u0113diens, \u0113rt\u0101 liofiliz\u0113t\u0101 veid\u0101. \u0160\u012b malt\u012bte, kas pagatavota no maigas vistas ga\u013cas, kr\u0113m\u012bgas tom\u0101tu m\u0113rces un pat\u012bkam\u0101m gar\u0161viel\u0101m, ir ide\u0101li piem\u0113rota kempingiem, p\u0101rg\u0101jieniem, p\u0101rtikas uzglab\u0101\u0161anai \u0101rk\u0101rtas situ\u0101cij\u0101s un milit\u0101raj\u0101m p\u0101rtikas dev\u0101m. Viegls, barojo\u0161s un viegli pagatavojams \u2013 tikai pievienojiet karstu \u016bdeni!\r\n\u2713 7 gadu glab\u0101\u0161anas termi\u0146\u0161\r\n\u2713 Viegls un \u0101tri pagatavojams\r\n\u2713 Uzturviel\u0101m bag\u0101ts un s\u0101t\u012bgs\r\n\u2713 Nav nepiecie\u0161ama sald\u0113\u0161ana\r\nPagatavo\u0161ana: Pievienojiet ~350 ml verdo\u0161a \u016bdens tie\u0161i iepakojum\u0101, samaisiet un aizveriet. \u0112diens gatavs p\u0113c ~10 min\u016bt\u0113m.\r\nSast\u0101vda\u013cas:\r\nM\u0113rce (turku jogurts [piens], tom\u0101ti [mizoti tom\u0101ti, tom\u0101tu sula, sk\u0101buma regulators: citronsk\u0101be], tom\u0101tu pasta [tom\u0101ti], kartupe\u013cu ciete, kr\u0113jums, rap\u0161u e\u013c\u013ca, s\u0101ls, cukurs, gar\u0161vielas [\u0137imenes, koriandrs, ingvers, kurkuma, kardamons, melnie pipari, kan\u0113lis, krustnagli\u0146as, kaj\u0113nas pipari, paprika, s\u012bpoli, koriandra lapas]), r\u012bsu n\u016bdeles (r\u012bsi), vistas ga\u013ca 22.7%.\r\nAlerg\u0113ni: Satur pienu. Var satur\u0113t soju, seleriju, sinepes, sezamu, graudaugus.\r\nUzturv\u0113rt\u012bba:\r\nUzturviela 100 g 110 g\r\nEner\u0123ija 2082 kJ \/ 496 kcal 2290 kJ \/ 546 kcal\r\nTauki 22.5 g 24.77 g\r\n\u2013 no kuriem pies\u0101tin\u0101tie 8.5 g 9.33 g\r\nOg\u013chidr\u0101ti 50.7 g 55.78 g\r\n\u2013 no tiem cukuri 7.8 g 8.54 g\r\n\u0160\u0137iedrvielas 0.7 g 0.75 g\r\nProte\u012bns 22.4 g 24.63 g\r\nS\u0101ls 3.7 g 4.04 g\r\nSvars: Neto 110 g | Gatavs ar \u016bdeni: ~460 g\r\nIepakojuma izm\u0113ri: 15 \u00d7 2 \u00d7 17 cm","short_description":"Liofiliz\u0113ta vistas Tikka Masala \u2013 klasisks indie\u0161u iedvesmots \u0113diens ar 7 gadu der\u012bguma termi\u0146u. Izcelsmes valsts: Latvija","status":"publish","sku":"4750296002894","original":115635},"wpml":{"translation_type":1,"has_translations":true,"original":115635,"duplicates":[],"translations":{"lv":115635,"en":115683,"ru":null}},"supplier_id":null,"supplier_sku":"","barcode":null,"atum_controlled":true,"out_stock_date":null,"out_stock_threshold":null,"inheritable":false,"inbound_stock":0,"stock_on_hold":0,"sold_today":0,"sales_last_days":0,"reserved_stock":0,"customer_returns":0,"warehouse_damage":0,"lost_in_post":0,"other_logs":0,"out_stock_days":0,"lost_sales":0,"has_location":false,"update_date":"2026-03-19T14:49:33","atum_locations":[],"atum_stock_status":"instock","restock_status":false,"low_stock_amount":"","sales_update_date":"2026-03-19T14:49:33","calc_backorders":null,"yoast_head":"<!-- This site is optimized with the Yoast SEO plugin v27.3 - https:\/\/yoast.com\/product\/yoast-seo-wordpress\/ -->\n<title>Good Mood Meals - Vistas Tikka Masala<\/title>\n<meta name=\"description\" content=\"Liofiliz\u0113ta vistas Tikka Masala \u2013 klasisks indie\u0161u iedvesmots \u0113diens ar 7 gadu der\u012bguma termi\u0146u.\" \/>\n<meta name=\"robots\" content=\"index, follow, max-snippet:-1, max-image-preview:large, max-video-preview:-1\" \/>\n<link rel=\"canonical\" href=\"https:\/\/gohike.lv\/ru\/produkts\/good-mood-meals-vistas-tikka-masala\/\" \/>\n<meta property=\"og:locale\" content=\"ru_RU\" \/>\n<meta property=\"og:type\" content=\"article\" \/>\n<meta property=\"og:title\" content=\"Good Mood Meals - Vistas Tikka Masala\" \/>\n<meta property=\"og:description\" content=\"Liofiliz\u0113ta vistas Tikka Masala \u2013 klasisks indie\u0161u iedvesmots \u0113diens ar 7 gadu der\u012bguma termi\u0146u.\" \/>\n<meta property=\"og:url\" content=\"https:\/\/gohike.lv\/ru\/produkts\/good-mood-meals-vistas-tikka-masala\/\" \/>\n<meta property=\"og:site_name\" content=\"GoHike\" \/>\n<meta property=\"article:publisher\" content=\"https:\/\/www.facebook.com\/gohike.shop\/\" \/>\n<meta property=\"article:modified_time\" content=\"2026-03-19T13:49:28+00:00\" \/>\n<meta property=\"og:image\" content=\"https:\/\/gohike.lv\/wp-content\/uploads\/2025\/10\/GMM_tikkaMasala.png\" \/>\n\t<meta property=\"og:image:width\" content=\"700\" \/>\n\t<meta property=\"og:image:height\" content=\"700\" \/>\n\t<meta property=\"og:image:type\" content=\"image\/png\" \/>\n<meta name=\"twitter:card\" content=\"summary_large_image\" \/>\n<meta name=\"twitter:title\" content=\"Good Mood Meals - Vistas Tikka Masala\" \/>\n<meta name=\"twitter:label1\" content=\"\u041f\u0440\u0438\u043c\u0435\u0440\u043d\u043e\u0435 \u0432\u0440\u0435\u043c\u044f \u0434\u043b\u044f \u0447\u0442\u0435\u043d\u0438\u044f\" \/>\n\t<meta name=\"twitter:data1\" content=\"2 \u043c\u0438\u043d\u0443\u0442\u0430\" \/>\n<script type=\"application\/ld+json\" class=\"yoast-schema-graph\">{\"@context\":\"https:\\\/\\\/schema.org\",\"@graph\":[{\"@type\":[\"WebPage\",\"ItemPage\"],\"@id\":\"https:\\\/\\\/gohike.lv\\\/ru\\\/produkts\\\/good-mood-meals-vistas-tikka-masala\\\/\",\"url\":\"https:\\\/\\\/gohike.lv\\\/ru\\\/produkts\\\/good-mood-meals-vistas-tikka-masala\\\/\",\"name\":\"Good Mood Meals - Vistas Tikka Masala\",\"isPartOf\":{\"@id\":\"https:\\\/\\\/gohike.lv\\\/ru\\\/#website\"},\"primaryImageOfPage\":{\"@id\":\"https:\\\/\\\/gohike.lv\\\/ru\\\/produkts\\\/good-mood-meals-vistas-tikka-masala\\\/#primaryimage\"},\"image\":{\"@id\":\"https:\\\/\\\/gohike.lv\\\/ru\\\/produkts\\\/good-mood-meals-vistas-tikka-masala\\\/#primaryimage\"},\"thumbnailUrl\":\"https:\\\/\\\/gohike.lv\\\/wp-content\\\/uploads\\\/2025\\\/10\\\/GMM_tikkaMasala.png\",\"datePublished\":\"2025-10-02T12:51:12+00:00\",\"dateModified\":\"2026-03-19T13:49:28+00:00\",\"description\":\"Liofiliz\u0113ta vistas Tikka Masala \u2013 klasisks indie\u0161u iedvesmots \u0113diens ar 7 gadu der\u012bguma termi\u0146u.\",\"breadcrumb\":{\"@id\":\"https:\\\/\\\/gohike.lv\\\/ru\\\/produkts\\\/good-mood-meals-vistas-tikka-masala\\\/#breadcrumb\"},\"inLanguage\":\"ru-RU\",\"potentialAction\":[{\"@type\":\"ReadAction\",\"target\":[\"https:\\\/\\\/gohike.lv\\\/ru\\\/produkts\\\/good-mood-meals-vistas-tikka-masala\\\/\"]}]},{\"@type\":\"ImageObject\",\"inLanguage\":\"ru-RU\",\"@id\":\"https:\\\/\\\/gohike.lv\\\/ru\\\/produkts\\\/good-mood-meals-vistas-tikka-masala\\\/#primaryimage\",\"url\":\"https:\\\/\\\/gohike.lv\\\/wp-content\\\/uploads\\\/2025\\\/10\\\/GMM_tikkaMasala.png\",\"contentUrl\":\"https:\\\/\\\/gohike.lv\\\/wp-content\\\/uploads\\\/2025\\\/10\\\/GMM_tikkaMasala.png\",\"width\":700,\"height\":700},{\"@type\":\"BreadcrumbList\",\"@id\":\"https:\\\/\\\/gohike.lv\\\/ru\\\/produkts\\\/good-mood-meals-vistas-tikka-masala\\\/#breadcrumb\",\"itemListElement\":[{\"@type\":\"ListItem\",\"position\":1,\"name\":\"\u0413\u043b\u0430\u0432\u043d\u0430\u044f\",\"item\":\"https:\\\/\\\/gohike.lv\\\/ru\\\/\"},{\"@type\":\"ListItem\",\"position\":2,\"name\":\"\u041a\u0430\u0442\u0435\u0433\u043e\u0440\u0438\u0438 \u0442\u043e\u0432\u0430\u0440\u043e\u0432\",\"item\":\"https:\\\/\\\/gohike.lv\\\/%d0%ba%d0%b0%d1%82%d0%b5%d0%b3%d0%be%d1%80%d0%b8%d0%b8-%d1%82%d0%be%d0%b2%d0%b0%d1%80%d0%be%d0%b2\\\/\"},{\"@type\":\"ListItem\",\"position\":3,\"name\":\"Good Mood Meals &#8211; Vistas Tikka Masala\"}]},{\"@type\":\"WebSite\",\"@id\":\"https:\\\/\\\/gohike.lv\\\/ru\\\/#website\",\"url\":\"https:\\\/\\\/gohike.lv\\\/ru\\\/\",\"name\":\"GoHike\",\"description\":\"\",\"publisher\":{\"@id\":\"https:\\\/\\\/gohike.lv\\\/ru\\\/#organization\"},\"potentialAction\":[{\"@type\":\"SearchAction\",\"target\":{\"@type\":\"EntryPoint\",\"urlTemplate\":\"https:\\\/\\\/gohike.lv\\\/ru\\\/?s={search_term_string}\"},\"query-input\":{\"@type\":\"PropertyValueSpecification\",\"valueRequired\":true,\"valueName\":\"search_term_string\"}}],\"inLanguage\":\"ru-RU\"},{\"@type\":\"Organization\",\"@id\":\"https:\\\/\\\/gohike.lv\\\/ru\\\/#organization\",\"name\":\"GoHike\",\"url\":\"https:\\\/\\\/gohike.lv\\\/ru\\\/\",\"logo\":{\"@type\":\"ImageObject\",\"inLanguage\":\"ru-RU\",\"@id\":\"https:\\\/\\\/gohike.lv\\\/ru\\\/#\\\/schema\\\/logo\\\/image\\\/\",\"url\":\"https:\\\/\\\/gohike.lv\\\/wp-content\\\/uploads\\\/2023\\\/08\\\/Logo_GoHike.webp\",\"contentUrl\":\"https:\\\/\\\/gohike.lv\\\/wp-content\\\/uploads\\\/2023\\\/08\\\/Logo_GoHike.webp\",\"width\":512,\"height\":512,\"caption\":\"GoHike\"},\"image\":{\"@id\":\"https:\\\/\\\/gohike.lv\\\/ru\\\/#\\\/schema\\\/logo\\\/image\\\/\"},\"sameAs\":[\"https:\\\/\\\/www.facebook.com\\\/gohike.shop\\\/\",\"https:\\\/\\\/www.instagram.com\\\/gohike.shop\\\/\"]}]}<\/script>\n<!-- \/ Yoast SEO plugin. -->","yoast_head_json":{"title":"Good Mood Meals - Vistas Tikka Masala","description":"Liofiliz\u0113ta vistas Tikka Masala \u2013 klasisks indie\u0161u iedvesmots \u0113diens ar 7 gadu der\u012bguma termi\u0146u.","robots":{"index":"index","follow":"follow","max-snippet":"max-snippet:-1","max-image-preview":"max-image-preview:large","max-video-preview":"max-video-preview:-1"},"canonical":"https:\/\/gohike.lv\/ru\/produkts\/good-mood-meals-vistas-tikka-masala\/","og_locale":"ru_RU","og_type":"article","og_title":"Good Mood Meals - Vistas Tikka Masala","og_description":"Liofiliz\u0113ta vistas Tikka Masala \u2013 klasisks indie\u0161u iedvesmots \u0113diens ar 7 gadu der\u012bguma termi\u0146u.","og_url":"https:\/\/gohike.lv\/ru\/produkts\/good-mood-meals-vistas-tikka-masala\/","og_site_name":"GoHike","article_publisher":"https:\/\/www.facebook.com\/gohike.shop\/","article_modified_time":"2026-03-19T13:49:28+00:00","og_image":[{"width":700,"height":700,"url":"https:\/\/gohike.lv\/wp-content\/uploads\/2025\/10\/GMM_tikkaMasala.png","type":"image\/png"}],"twitter_card":"summary_large_image","twitter_title":"Good Mood Meals - Vistas Tikka Masala","twitter_misc":{"\u041f\u0440\u0438\u043c\u0435\u0440\u043d\u043e\u0435 \u0432\u0440\u0435\u043c\u044f \u0434\u043b\u044f \u0447\u0442\u0435\u043d\u0438\u044f":"2 \u043c\u0438\u043d\u0443\u0442\u0430"},"schema":{"@context":"https:\/\/schema.org","@graph":[{"@type":["WebPage","ItemPage"],"@id":"https:\/\/gohike.lv\/ru\/produkts\/good-mood-meals-vistas-tikka-masala\/","url":"https:\/\/gohike.lv\/ru\/produkts\/good-mood-meals-vistas-tikka-masala\/","name":"Good Mood Meals - Vistas Tikka Masala","isPartOf":{"@id":"https:\/\/gohike.lv\/ru\/#website"},"primaryImageOfPage":{"@id":"https:\/\/gohike.lv\/ru\/produkts\/good-mood-meals-vistas-tikka-masala\/#primaryimage"},"image":{"@id":"https:\/\/gohike.lv\/ru\/produkts\/good-mood-meals-vistas-tikka-masala\/#primaryimage"},"thumbnailUrl":"https:\/\/gohike.lv\/wp-content\/uploads\/2025\/10\/GMM_tikkaMasala.png","datePublished":"2025-10-02T12:51:12+00:00","dateModified":"2026-03-19T13:49:28+00:00","description":"Liofiliz\u0113ta vistas Tikka Masala \u2013 klasisks indie\u0161u iedvesmots \u0113diens ar 7 gadu der\u012bguma termi\u0146u.","breadcrumb":{"@id":"https:\/\/gohike.lv\/ru\/produkts\/good-mood-meals-vistas-tikka-masala\/#breadcrumb"},"inLanguage":"ru-RU","potentialAction":[{"@type":"ReadAction","target":["https:\/\/gohike.lv\/ru\/produkts\/good-mood-meals-vistas-tikka-masala\/"]}]},{"@type":"ImageObject","inLanguage":"ru-RU","@id":"https:\/\/gohike.lv\/ru\/produkts\/good-mood-meals-vistas-tikka-masala\/#primaryimage","url":"https:\/\/gohike.lv\/wp-content\/uploads\/2025\/10\/GMM_tikkaMasala.png","contentUrl":"https:\/\/gohike.lv\/wp-content\/uploads\/2025\/10\/GMM_tikkaMasala.png","width":700,"height":700},{"@type":"BreadcrumbList","@id":"https:\/\/gohike.lv\/ru\/produkts\/good-mood-meals-vistas-tikka-masala\/#breadcrumb","itemListElement":[{"@type":"ListItem","position":1,"name":"\u0413\u043b\u0430\u0432\u043d\u0430\u044f","item":"https:\/\/gohike.lv\/ru\/"},{"@type":"ListItem","position":2,"name":"\u041a\u0430\u0442\u0435\u0433\u043e\u0440\u0438\u0438 \u0442\u043e\u0432\u0430\u0440\u043e\u0432","item":"https:\/\/gohike.lv\/%d0%ba%d0%b0%d1%82%d0%b5%d0%b3%d0%be%d1%80%d0%b8%d0%b8-%d1%82%d0%be%d0%b2%d0%b0%d1%80%d0%be%d0%b2\/"},{"@type":"ListItem","position":3,"name":"Good Mood Meals &#8211; Vistas Tikka Masala"}]},{"@type":"WebSite","@id":"https:\/\/gohike.lv\/ru\/#website","url":"https:\/\/gohike.lv\/ru\/","name":"GoHike","description":"","publisher":{"@id":"https:\/\/gohike.lv\/ru\/#organization"},"potentialAction":[{"@type":"SearchAction","target":{"@type":"EntryPoint","urlTemplate":"https:\/\/gohike.lv\/ru\/?s={search_term_string}"},"query-input":{"@type":"PropertyValueSpecification","valueRequired":true,"valueName":"search_term_string"}}],"inLanguage":"ru-RU"},{"@type":"Organization","@id":"https:\/\/gohike.lv\/ru\/#organization","name":"GoHike","url":"https:\/\/gohike.lv\/ru\/","logo":{"@type":"ImageObject","inLanguage":"ru-RU","@id":"https:\/\/gohike.lv\/ru\/#\/schema\/logo\/image\/","url":"https:\/\/gohike.lv\/wp-content\/uploads\/2023\/08\/Logo_GoHike.webp","contentUrl":"https:\/\/gohike.lv\/wp-content\/uploads\/2023\/08\/Logo_GoHike.webp","width":512,"height":512,"caption":"GoHike"},"image":{"@id":"https:\/\/gohike.lv\/ru\/#\/schema\/logo\/image\/"},"sameAs":["https:\/\/www.facebook.com\/gohike.shop\/","https:\/\/www.instagram.com\/gohike.shop\/"]}]}},"jetpack_sharing_enabled":true,"_links":{"self":[{"href":"https:\/\/gohike.lv\/ru\/wp-json\/wp\/v2\/product\/115635","targetHints":{"allow":["GET"]}}],"collection":[{"href":"https:\/\/gohike.lv\/ru\/wp-json\/wp\/v2\/product"}],"about":[{"href":"https:\/\/gohike.lv\/ru\/wp-json\/wp\/v2\/types\/product"}],"version-history":[{"count":3,"href":"https:\/\/gohike.lv\/ru\/wp-json\/wp\/v2\/product\/115635\/revisions"}],"predecessor-version":[{"id":119474,"href":"https:\/\/gohike.lv\/ru\/wp-json\/wp\/v2\/product\/115635\/revisions\/119474"}],"wp:featuredmedia":[{"embeddable":true,"href":"https:\/\/gohike.lv\/ru\/wp-json\/wp\/v2\/media\/115637"}],"wp:attachment":[{"href":"https:\/\/gohike.lv\/ru\/wp-json\/wp\/v2\/media?parent=115635"}],"wp:term":[{"taxonomy":"product_brand","embeddable":true,"href":"https:\/\/gohike.lv\/ru\/wp-json\/wp\/v2\/product_brand?post=115635"},{"taxonomy":"product_cat","embeddable":true,"href":"https:\/\/gohike.lv\/ru\/wp-json\/wp\/v2\/product_cat?post=115635"},{"taxonomy":"product_tag","embeddable":true,"href":"https:\/\/gohike.lv\/ru\/wp-json\/wp\/v2\/product_tag?post=115635"}],"curies":[{"name":"wp","href":"https:\/\/api.w.org\/{rel}","templated":true}]}}