{"id":115526,"date":"2025-09-26T18:12:39","date_gmt":"2025-09-26T15:12:39","guid":{"rendered":"https:\/\/gohike.lv\/produkts\/harchifood-%d0%b1%d0%be%d1%80%d1%89-%d1%81%d0%be-%d1%81%d0%b2%d0%b8%d0%bd%d0%b8%d0%bd%d0%be%d0%b9-%d0%b4%d0%b5%d0%b3%d0%b8%d0%b4%d1%80%d0%b8%d1%80%d0%be%d0%b2%d0%b0%d0%bd%d1%8b%d0%b9\/"},"modified":"2025-12-30T17:17:51","modified_gmt":"2025-12-30T14:17:51","slug":"harchifood-%d0%b1%d0%be%d1%80%d1%89-%d1%81%d0%be-%d1%81%d0%b2%d0%b8%d0%bd%d0%b8%d0%bd%d0%be%d0%b9-%d0%b4%d0%b5%d0%b3%d0%b8%d0%b4%d1%80%d0%b8%d1%80%d0%be%d0%b2%d0%b0%d0%bd%d1%8b%d0%b9","status":"publish","type":"product","link":"https:\/\/gohike.lv\/ru\/produkts\/harchifood-%d0%b1%d0%be%d1%80%d1%89-%d1%81%d0%be-%d1%81%d0%b2%d0%b8%d0%bd%d0%b8%d0%bd%d0%be%d0%b9-%d0%b4%d0%b5%d0%b3%d0%b8%d0%b4%d1%80%d0%b8%d1%80%d0%be%d0%b2%d0%b0%d0%bd%d1%8b%d0%b9\/","title":{"rendered":"HARCHIFOOD \u2013 \u0411\u043e\u0440\u0449 \u0441\u043e \u0441\u0432\u0438\u043d\u0438\u043d\u043e\u0439. \u0414\u0435\u0433\u0438\u0434\u0440\u0438\u0440\u043e\u0432\u0430\u043d\u044b\u0439"},"content":{"rendered":"<p data-start=\"378\" data-end=\"414\">\u041f\u0438\u0449\u0435\u0432\u0430\u044f \u0446\u0435\u043d\u043d\u043e\u0441\u0442\u044c (55 \u0433):<\/p>\n<ul data-start=\"415\" data-end=\"652\">\n<li data-start=\"415\" data-end=\"440\">\n<p data-start=\"417\" data-end=\"440\">\u041a\u0430\u043b\u043e\u0440\u0438\u0438: 131 \u043a\u041a\u0430\u043b<\/p>\n<\/li>\n<li data-start=\"441\" data-end=\"467\">\n<p data-start=\"443\" data-end=\"467\">548,10 \u043a\u0414\u0436<\/p>\n<\/li>\n<li data-start=\"468\" data-end=\"484\">\n<p data-start=\"470\" data-end=\"484\">\u0416\u0438\u0440\u044b: 3 \u0433<\/p>\n<\/li>\n<li data-start=\"485\" data-end=\"514\">\n<p data-start=\"487\" data-end=\"514\">\u041d\u0430\u0441\u044b\u0449\u0435\u043d\u043d\u044b\u0435 \u0436\u0438\u0440\u044b: 1 \u0433<\/p>\n<\/li>\n<li data-start=\"515\" data-end=\"536\">\n<p data-start=\"517\" data-end=\"536\">\u0422\u0440\u0430\u043d\u0441\u0436\u0438\u0440\u044b: 0 \u0433<\/p>\n<\/li>\n<li data-start=\"537\" data-end=\"559\">\n<p data-start=\"539\" data-end=\"559\">\u0423\u0433\u043b\u0435\u0432\u043e\u0434\u044b: 24 \u0433<\/p>\n<\/li>\n<li data-start=\"560\" data-end=\"589\">\n<p data-start=\"562\" data-end=\"589\">\u041f\u0438\u0449\u0435\u0432\u044b\u0435 \u0432\u043e\u043b\u043e\u043a\u043d\u0430: 3 \u0433<\/p>\n<\/li>\n<li data-start=\"590\" data-end=\"607\">\n<p data-start=\"592\" data-end=\"607\">\u0421\u0430\u0445\u0430\u0440: 6 \u0433<\/p>\n<\/li>\n<li data-start=\"608\" data-end=\"633\">\n<p data-start=\"610\" data-end=\"633\">\u0411\u0435\u043b\u043a\u0438: 4 \u0433<\/p>\n<\/li>\n<li data-start=\"634\" data-end=\"652\">\n<p data-start=\"636\" data-end=\"652\">\u0421\u043e\u043b\u044c: 1,11 \u0433<\/p>\n<\/li>\n<\/ul>\n<p data-start=\"654\" data-end=\"675\">\u041f\u0438\u0449\u0435\u0432\u0430\u044f \u0446\u0435\u043d\u043d\u043e\u0441\u0442\u044c (100 \u0433):<\/p>\n<ul data-start=\"676\" data-end=\"914\">\n<li data-start=\"676\" data-end=\"701\">\n<p data-start=\"678\" data-end=\"701\">\u041a\u0430\u043b\u043e\u0440\u0438\u0438: 238 \u043a\u041a\u0430\u043b<\/p>\n<\/li>\n<li data-start=\"702\" data-end=\"728\">\n<p data-start=\"704\" data-end=\"728\">995,79 \u043a\u0414\u0436<\/p>\n<\/li>\n<li data-start=\"729\" data-end=\"745\">\n<p data-start=\"731\" data-end=\"745\">Tauki (g): 5<\/p>\n<\/li>\n<li data-start=\"746\" data-end=\"775\">\n<p data-start=\"748\" data-end=\"775\">\u041d\u0430\u0441\u044b\u0449\u0435\u043d\u043d\u044b\u0435 \u0436\u0438\u0440\u044b: 2 \u0433<\/p>\n<\/li>\n<li data-start=\"776\" data-end=\"797\">\n<p data-start=\"778\" data-end=\"797\">\u0422\u0440\u0430\u043d\u0441\u0436\u0438\u0440\u044b: 0 \u0433<\/p>\n<\/li>\n<li data-start=\"798\" data-end=\"820\">\n<p data-start=\"800\" data-end=\"820\">\u0423\u0433\u043b\u0435\u0432\u043e\u0434\u044b: 43 \u0433<\/p>\n<\/li>\n<li data-start=\"821\" data-end=\"850\">\n<p data-start=\"823\" data-end=\"850\">\u041f\u0438\u0449\u0435\u0432\u044b\u0435 \u0432\u043e\u043b\u043e\u043a\u043d\u0430: 6 \u0433<\/p>\n<\/li>\n<li data-start=\"851\" data-end=\"869\">\n<p data-start=\"853\" data-end=\"869\">\u0421\u0430\u0445\u0430\u0440: 11 \u0433<\/p>\n<\/li>\n<li data-start=\"870\" data-end=\"895\">\n<p data-start=\"872\" data-end=\"895\">\u0411\u0435\u043b\u043a\u0438: 8 \u0433<\/p>\n<\/li>\n<li data-start=\"896\" data-end=\"914\">\n<p data-start=\"898\" data-end=\"914\">S\u0101ls (g): 2,02<\/p>\n<\/li>\n<\/ul>\n<p data-start=\"916\" data-end=\"962\">Uzglab\u0101\u0161ana: v\u0113s\u0101, saus\u0101 viet\u0101 l\u012bdz 1 gadam.<\/p>\n<p>&nbsp;<\/p>\n<p data-start=\"964\" data-end=\"1117\">Pagatavo\u0161ana<strong data-start=\"964\" data-end=\"981\">:<\/strong> atveriet maisi\u0146u, pievienojiet 400 ml verdo\u0161a \u016bdens, samaisiet un aizveriet. Atst\u0101jiet uz 15 min\u016bt\u0113m. Atveriet, samaisiet un baudiet!  <\/p>\n","protected":false},"excerpt":{"rendered":"<p data-start=\"187\" data-end=\"376\">Sast\u0101vda\u013cas: \u017e\u0101v\u0113tas v\u0101r\u012btas pupi\u0146as, tvaic\u0113tas kartupe\u013cu p\u0101rslas, \u017e\u0101v\u0113ta v\u0101r\u012bta c\u016bkga\u013ca (5%), \u017e\u0101v\u0113ti: k\u0101posti, bietes, burk\u0101ni, s\u012bpoli, dilles, \u0137iploki, tom\u0101ti; s\u0101ls.<\/p>\n","protected":false},"featured_media":115488,"template":"","meta":[],"product_brand":[13353],"product_cat":[13354],"product_tag":[],"class_list":{"0":"post-115526","1":"product","2":"type-product","3":"status-publish","4":"has-post-thumbnail","6":"product_brand-harchifood-ru","7":"product_cat-13354","8":"pa_izmeriscm-10424","9":"pa_neto-svars-15066","10":"pa_produkta-tips-zupas","11":"pa_produkta-veids-dehidreta-partika","12":"pa_svars-ar-udeni-355g","14":"first","15":"instock","16":"taxable","17":"shipping-taxable","18":"purchasable","19":"product-type-simple"},"raw_content":{"name":"HARCHIFOOD \u2013 \u0411\u043e\u0440\u0449 \u0441\u043e \u0441\u0432\u0438\u043d\u0438\u043d\u043e\u0439. \u0414\u0435\u0433\u0438\u0434\u0440\u0438\u0440\u043e\u0432\u0430\u043d\u044b\u0439","description":"<p data-start=\"378\" data-end=\"414\">\u041f\u0438\u0449\u0435\u0432\u0430\u044f \u0446\u0435\u043d\u043d\u043e\u0441\u0442\u044c (55 \u0433):<\/p>\n\n<ul data-start=\"415\" data-end=\"652\">\n \t<li data-start=\"415\" data-end=\"440\">\n<p data-start=\"417\" data-end=\"440\">\u041a\u0430\u043b\u043e\u0440\u0438\u0438: 131 \u043a\u041a\u0430\u043b<\/p>\n<\/li>\n \t<li data-start=\"441\" data-end=\"467\">\n<p data-start=\"443\" data-end=\"467\">548,10 \u043a\u0414\u0436<\/p>\n<\/li>\n \t<li data-start=\"468\" data-end=\"484\">\n<p data-start=\"470\" data-end=\"484\">\u0416\u0438\u0440\u044b: 3 \u0433<\/p>\n<\/li>\n \t<li data-start=\"485\" data-end=\"514\">\n<p data-start=\"487\" data-end=\"514\">\u041d\u0430\u0441\u044b\u0449\u0435\u043d\u043d\u044b\u0435 \u0436\u0438\u0440\u044b: 1 \u0433<\/p>\n<\/li>\n \t<li data-start=\"515\" data-end=\"536\">\n<p data-start=\"517\" data-end=\"536\">\u0422\u0440\u0430\u043d\u0441\u0436\u0438\u0440\u044b: 0 \u0433<\/p>\n<\/li>\n \t<li data-start=\"537\" data-end=\"559\">\n<p data-start=\"539\" data-end=\"559\">\u0423\u0433\u043b\u0435\u0432\u043e\u0434\u044b: 24 \u0433<br><br><\/p>\n<\/li>\n \t<li data-start=\"560\" data-end=\"589\">\n<p data-start=\"562\" data-end=\"589\">\u041f\u0438\u0449\u0435\u0432\u044b\u0435 \u0432\u043e\u043b\u043e\u043a\u043d\u0430: 3 \u0433<\/p>\n<\/li>\n \t<li data-start=\"590\" data-end=\"607\">\n<p data-start=\"592\" data-end=\"607\">\u0421\u0430\u0445\u0430\u0440: 6 \u0433<\/p>\n<\/li>\n \t<li data-start=\"608\" data-end=\"633\">\n<p data-start=\"610\" data-end=\"633\">\u0411\u0435\u043b\u043a\u0438: 4 \u0433<\/p>\n<\/li>\n \t<li data-start=\"634\" data-end=\"652\">\n<p data-start=\"636\" data-end=\"652\">\u0421\u043e\u043b\u044c: 1,11 \u0433<\/p>\n<\/li>\n<\/ul>\n<p data-start=\"654\" data-end=\"675\">\u041f\u0438\u0449\u0435\u0432\u0430\u044f \u0446\u0435\u043d\u043d\u043e\u0441\u0442\u044c (100 \u0433):<\/p>\n\n<ul data-start=\"676\" data-end=\"914\">\n \t<li data-start=\"676\" data-end=\"701\">\n<p data-start=\"678\" data-end=\"701\">\u041a\u0430\u043b\u043e\u0440\u0438\u0438: 238 \u043a\u041a\u0430\u043b<\/p>\n<\/li>\n \t<li data-start=\"702\" data-end=\"728\">\n<p data-start=\"704\" data-end=\"728\">995,79 \u043a\u0414\u0436<\/p>\n<\/li>\n \t<li data-start=\"729\" data-end=\"745\">\n<p data-start=\"731\" data-end=\"745\">Tauki (g): 5<\/p>\n<\/li>\n \t<li data-start=\"746\" data-end=\"775\">\n<p data-start=\"748\" data-end=\"775\">\u041d\u0430\u0441\u044b\u0449\u0435\u043d\u043d\u044b\u0435 \u0436\u0438\u0440\u044b: 2 \u0433<\/p>\n<\/li>\n \t<li data-start=\"776\" data-end=\"797\">\n<p data-start=\"778\" data-end=\"797\">\u0422\u0440\u0430\u043d\u0441\u0436\u0438\u0440\u044b: 0 \u0433<\/p>\n<\/li>\n \t<li data-start=\"798\" data-end=\"820\">\n<p data-start=\"800\" data-end=\"820\">\u0423\u0433\u043b\u0435\u0432\u043e\u0434\u044b: 43 \u0433<\/p>\n<\/li>\n \t<li data-start=\"821\" data-end=\"850\">\n<p data-start=\"823\" data-end=\"850\">\u041f\u0438\u0449\u0435\u0432\u044b\u0435 \u0432\u043e\u043b\u043e\u043a\u043d\u0430: 6 \u0433<\/p>\n<\/li>\n \t<li data-start=\"851\" data-end=\"869\">\n<p data-start=\"853\" data-end=\"869\">\u0421\u0430\u0445\u0430\u0440: 11 \u0433<\/p>\n<\/li>\n \t<li data-start=\"870\" data-end=\"895\">\n<p data-start=\"872\" data-end=\"895\">\u0411\u0435\u043b\u043a\u0438: 8 \u0433<br><\/p>\n<\/li>\n \t<li data-start=\"896\" data-end=\"914\">\n<p data-start=\"898\" data-end=\"914\">S\u0101ls (g): 2,02<\/p>\n<\/li>\n<\/ul>\n<p data-start=\"916\" data-end=\"962\">Uzglab\u0101\u0161ana: v\u0113s\u0101, saus\u0101 viet\u0101 l\u012bdz 1 gadam.<\/p>\n&nbsp;\n<p data-start=\"964\" data-end=\"1117\">Pagatavo\u0161ana<strong data-start=\"964\" data-end=\"981\">:<\/strong> atveriet maisi\u0146u, pievienojiet 400 ml verdo\u0161a \u016bdens, samaisiet un aizveriet. Atst\u0101jiet uz 15 min\u016bt\u0113m. Atveriet, samaisiet un baudiet!  <\/p>","short_description":"<p data-start=\"187\" data-end=\"376\">Sast\u0101vda\u013cas: \u017e\u0101v\u0113tas v\u0101r\u012btas pupi\u0146as, tvaic\u0113tas kartupe\u013cu p\u0101rslas, \u017e\u0101v\u0113ta v\u0101r\u012bta c\u016bkga\u013ca (5%), \u017e\u0101v\u0113ti: k\u0101posti, bietes, burk\u0101ni, s\u012bpoli, dilles, \u0137iploki, tom\u0101ti; s\u0101ls.<\/p>","status":"publish","sku":"4820445722550","original":115485},"wpml":{"translation_type":1,"has_translations":true,"original":115485,"duplicates":[],"translations":{"lv":115485,"en":115527,"ru":115526}},"supplier_id":null,"supplier_sku":"","barcode":null,"atum_controlled":true,"out_stock_date":null,"out_stock_threshold":null,"inheritable":false,"inbound_stock":0,"stock_on_hold":0,"sold_today":0,"sales_last_days":4,"reserved_stock":0,"customer_returns":0,"warehouse_damage":0,"lost_in_post":0,"other_logs":0,"out_stock_days":0,"lost_sales":0,"has_location":false,"update_date":"2026-04-02T20:56:37","atum_locations":[],"atum_stock_status":"instock","restock_status":false,"low_stock_amount":"","sales_update_date":"2026-03-31T16:51:44","calc_backorders":null,"yoast_head":"<!-- This site is optimized with the Yoast SEO plugin v27.3 - https:\/\/yoast.com\/product\/yoast-seo-wordpress\/ -->\n<title>HARCHIFOOD \u2013 \u0411\u043e\u0440\u0449 \u0441\u043e \u0441\u0432\u0438\u043d\u0438\u043d\u043e\u0439. \u0414\u0435\u0433\u0438\u0434\u0440\u0438\u0440\u043e\u0432\u0430\u043d\u044b\u0439 - GoHike<\/title>\n<meta name=\"description\" content=\"Sast\u0101vda\u013cas: \u017e\u0101v\u0113tas v\u0101r\u012btas pupi\u0146as, tvaic\u0113tas kartupe\u013cu p\u0101rslas, \u017e\u0101v\u0113ta v\u0101r\u012bta c\u016bkga\u013ca (5%), \u017e\u0101v\u0113ti: k\u0101posti, bietes, burk\u0101ni, s\u012bpoli, dilles, \u0137iploki, tom\u0101ti; s\u0101ls.\" \/>\n<meta name=\"robots\" content=\"index, follow, max-snippet:-1, max-image-preview:large, max-video-preview:-1\" \/>\n<link rel=\"canonical\" href=\"https:\/\/gohike.lv\/ru\/produkts\/harchifood-%d0%b1%d0%be%d1%80%d1%89-%d1%81%d0%be-%d1%81%d0%b2%d0%b8%d0%bd%d0%b8%d0%bd%d0%be%d0%b9-%d0%b4%d0%b5%d0%b3%d0%b8%d0%b4%d1%80%d0%b8%d1%80%d0%be%d0%b2%d0%b0%d0%bd%d1%8b%d0%b9\/\" \/>\n<meta property=\"og:locale\" content=\"ru_RU\" \/>\n<meta property=\"og:type\" content=\"article\" \/>\n<meta property=\"og:title\" content=\"HARCHIFOOD \u2013 \u0411\u043e\u0440\u0449 \u0441\u043e \u0441\u0432\u0438\u043d\u0438\u043d\u043e\u0439. \u0414\u0435\u0433\u0438\u0434\u0440\u0438\u0440\u043e\u0432\u0430\u043d\u044b\u0439 - GoHike\" \/>\n<meta property=\"og:description\" content=\"Sast\u0101vda\u013cas: \u017e\u0101v\u0113tas v\u0101r\u012btas pupi\u0146as, tvaic\u0113tas kartupe\u013cu p\u0101rslas, \u017e\u0101v\u0113ta v\u0101r\u012bta c\u016bkga\u013ca (5%), \u017e\u0101v\u0113ti: k\u0101posti, bietes, burk\u0101ni, s\u012bpoli, dilles, \u0137iploki, tom\u0101ti; s\u0101ls.\" \/>\n<meta property=\"og:url\" content=\"https:\/\/gohike.lv\/ru\/produkts\/harchifood-%d0%b1%d0%be%d1%80%d1%89-%d1%81%d0%be-%d1%81%d0%b2%d0%b8%d0%bd%d0%b8%d0%bd%d0%be%d0%b9-%d0%b4%d0%b5%d0%b3%d0%b8%d0%b4%d1%80%d0%b8%d1%80%d0%be%d0%b2%d0%b0%d0%bd%d1%8b%d0%b9\/\" \/>\n<meta property=\"og:site_name\" content=\"GoHike\" \/>\n<meta property=\"article:publisher\" content=\"https:\/\/www.facebook.com\/gohike.shop\/\" \/>\n<meta property=\"article:modified_time\" content=\"2025-12-30T14:17:51+00:00\" \/>\n<meta property=\"og:image\" content=\"https:\/\/gohike.lv\/wp-content\/uploads\/2025\/09\/Borsh_.png\" \/>\n\t<meta property=\"og:image:width\" content=\"1000\" \/>\n\t<meta property=\"og:image:height\" content=\"1000\" \/>\n\t<meta property=\"og:image:type\" content=\"image\/png\" \/>\n<meta name=\"twitter:card\" content=\"summary_large_image\" \/>\n<script type=\"application\/ld+json\" class=\"yoast-schema-graph\">{\"@context\":\"https:\\\/\\\/schema.org\",\"@graph\":[{\"@type\":[\"WebPage\",\"ItemPage\"],\"@id\":\"https:\\\/\\\/gohike.lv\\\/ru\\\/produkts\\\/harchifood-%d0%b1%d0%be%d1%80%d1%89-%d1%81%d0%be-%d1%81%d0%b2%d0%b8%d0%bd%d0%b8%d0%bd%d0%be%d0%b9-%d0%b4%d0%b5%d0%b3%d0%b8%d0%b4%d1%80%d0%b8%d1%80%d0%be%d0%b2%d0%b0%d0%bd%d1%8b%d0%b9\\\/\",\"url\":\"https:\\\/\\\/gohike.lv\\\/ru\\\/produkts\\\/harchifood-%d0%b1%d0%be%d1%80%d1%89-%d1%81%d0%be-%d1%81%d0%b2%d0%b8%d0%bd%d0%b8%d0%bd%d0%be%d0%b9-%d0%b4%d0%b5%d0%b3%d0%b8%d0%b4%d1%80%d0%b8%d1%80%d0%be%d0%b2%d0%b0%d0%bd%d1%8b%d0%b9\\\/\",\"name\":\"HARCHIFOOD \u2013 \u0411\u043e\u0440\u0449 \u0441\u043e \u0441\u0432\u0438\u043d\u0438\u043d\u043e\u0439. \u0414\u0435\u0433\u0438\u0434\u0440\u0438\u0440\u043e\u0432\u0430\u043d\u044b\u0439 - GoHike\",\"isPartOf\":{\"@id\":\"https:\\\/\\\/gohike.lv\\\/ru\\\/#website\"},\"primaryImageOfPage\":{\"@id\":\"https:\\\/\\\/gohike.lv\\\/ru\\\/produkts\\\/harchifood-%d0%b1%d0%be%d1%80%d1%89-%d1%81%d0%be-%d1%81%d0%b2%d0%b8%d0%bd%d0%b8%d0%bd%d0%be%d0%b9-%d0%b4%d0%b5%d0%b3%d0%b8%d0%b4%d1%80%d0%b8%d1%80%d0%be%d0%b2%d0%b0%d0%bd%d1%8b%d0%b9\\\/#primaryimage\"},\"image\":{\"@id\":\"https:\\\/\\\/gohike.lv\\\/ru\\\/produkts\\\/harchifood-%d0%b1%d0%be%d1%80%d1%89-%d1%81%d0%be-%d1%81%d0%b2%d0%b8%d0%bd%d0%b8%d0%bd%d0%be%d0%b9-%d0%b4%d0%b5%d0%b3%d0%b8%d0%b4%d1%80%d0%b8%d1%80%d0%be%d0%b2%d0%b0%d0%bd%d1%8b%d0%b9\\\/#primaryimage\"},\"thumbnailUrl\":\"https:\\\/\\\/gohike.lv\\\/wp-content\\\/uploads\\\/2025\\\/09\\\/Borsh_.png\",\"datePublished\":\"2025-09-26T15:12:39+00:00\",\"dateModified\":\"2025-12-30T14:17:51+00:00\",\"description\":\"Sast\u0101vda\u013cas: \u017e\u0101v\u0113tas v\u0101r\u012btas pupi\u0146as, tvaic\u0113tas kartupe\u013cu p\u0101rslas, \u017e\u0101v\u0113ta v\u0101r\u012bta c\u016bkga\u013ca (5%), \u017e\u0101v\u0113ti: k\u0101posti, bietes, burk\u0101ni, s\u012bpoli, dilles, \u0137iploki, tom\u0101ti; s\u0101ls.\",\"breadcrumb\":{\"@id\":\"https:\\\/\\\/gohike.lv\\\/ru\\\/produkts\\\/harchifood-%d0%b1%d0%be%d1%80%d1%89-%d1%81%d0%be-%d1%81%d0%b2%d0%b8%d0%bd%d0%b8%d0%bd%d0%be%d0%b9-%d0%b4%d0%b5%d0%b3%d0%b8%d0%b4%d1%80%d0%b8%d1%80%d0%be%d0%b2%d0%b0%d0%bd%d1%8b%d0%b9\\\/#breadcrumb\"},\"inLanguage\":\"ru-RU\",\"potentialAction\":[{\"@type\":\"ReadAction\",\"target\":[\"https:\\\/\\\/gohike.lv\\\/ru\\\/produkts\\\/harchifood-%d0%b1%d0%be%d1%80%d1%89-%d1%81%d0%be-%d1%81%d0%b2%d0%b8%d0%bd%d0%b8%d0%bd%d0%be%d0%b9-%d0%b4%d0%b5%d0%b3%d0%b8%d0%b4%d1%80%d0%b8%d1%80%d0%be%d0%b2%d0%b0%d0%bd%d1%8b%d0%b9\\\/\"]}]},{\"@type\":\"ImageObject\",\"inLanguage\":\"ru-RU\",\"@id\":\"https:\\\/\\\/gohike.lv\\\/ru\\\/produkts\\\/harchifood-%d0%b1%d0%be%d1%80%d1%89-%d1%81%d0%be-%d1%81%d0%b2%d0%b8%d0%bd%d0%b8%d0%bd%d0%be%d0%b9-%d0%b4%d0%b5%d0%b3%d0%b8%d0%b4%d1%80%d0%b8%d1%80%d0%be%d0%b2%d0%b0%d0%bd%d1%8b%d0%b9\\\/#primaryimage\",\"url\":\"https:\\\/\\\/gohike.lv\\\/wp-content\\\/uploads\\\/2025\\\/09\\\/Borsh_.png\",\"contentUrl\":\"https:\\\/\\\/gohike.lv\\\/wp-content\\\/uploads\\\/2025\\\/09\\\/Borsh_.png\",\"width\":1000,\"height\":1000},{\"@type\":\"BreadcrumbList\",\"@id\":\"https:\\\/\\\/gohike.lv\\\/ru\\\/produkts\\\/harchifood-%d0%b1%d0%be%d1%80%d1%89-%d1%81%d0%be-%d1%81%d0%b2%d0%b8%d0%bd%d0%b8%d0%bd%d0%be%d0%b9-%d0%b4%d0%b5%d0%b3%d0%b8%d0%b4%d1%80%d0%b8%d1%80%d0%be%d0%b2%d0%b0%d0%bd%d1%8b%d0%b9\\\/#breadcrumb\",\"itemListElement\":[{\"@type\":\"ListItem\",\"position\":1,\"name\":\"\u0413\u043b\u0430\u0432\u043d\u0430\u044f\",\"item\":\"https:\\\/\\\/gohike.lv\\\/ru\\\/\"},{\"@type\":\"ListItem\",\"position\":2,\"name\":\"\u041a\u0430\u0442\u0435\u0433\u043e\u0440\u0438\u0438 \u0442\u043e\u0432\u0430\u0440\u043e\u0432\",\"item\":\"https:\\\/\\\/gohike.lv\\\/%d0%ba%d0%b0%d1%82%d0%b5%d0%b3%d0%be%d1%80%d0%b8%d0%b8-%d1%82%d0%be%d0%b2%d0%b0%d1%80%d0%be%d0%b2\\\/\"},{\"@type\":\"ListItem\",\"position\":3,\"name\":\"HARCHIFOOD \u2013 \u0411\u043e\u0440\u0449 \u0441\u043e \u0441\u0432\u0438\u043d\u0438\u043d\u043e\u0439. \u0414\u0435\u0433\u0438\u0434\u0440\u0438\u0440\u043e\u0432\u0430\u043d\u044b\u0439\"}]},{\"@type\":\"WebSite\",\"@id\":\"https:\\\/\\\/gohike.lv\\\/ru\\\/#website\",\"url\":\"https:\\\/\\\/gohike.lv\\\/ru\\\/\",\"name\":\"GoHike\",\"description\":\"\",\"publisher\":{\"@id\":\"https:\\\/\\\/gohike.lv\\\/ru\\\/#organization\"},\"potentialAction\":[{\"@type\":\"SearchAction\",\"target\":{\"@type\":\"EntryPoint\",\"urlTemplate\":\"https:\\\/\\\/gohike.lv\\\/ru\\\/?s={search_term_string}\"},\"query-input\":{\"@type\":\"PropertyValueSpecification\",\"valueRequired\":true,\"valueName\":\"search_term_string\"}}],\"inLanguage\":\"ru-RU\"},{\"@type\":\"Organization\",\"@id\":\"https:\\\/\\\/gohike.lv\\\/ru\\\/#organization\",\"name\":\"GoHike\",\"url\":\"https:\\\/\\\/gohike.lv\\\/ru\\\/\",\"logo\":{\"@type\":\"ImageObject\",\"inLanguage\":\"ru-RU\",\"@id\":\"https:\\\/\\\/gohike.lv\\\/ru\\\/#\\\/schema\\\/logo\\\/image\\\/\",\"url\":\"https:\\\/\\\/gohike.lv\\\/wp-content\\\/uploads\\\/2023\\\/08\\\/Logo_GoHike.webp\",\"contentUrl\":\"https:\\\/\\\/gohike.lv\\\/wp-content\\\/uploads\\\/2023\\\/08\\\/Logo_GoHike.webp\",\"width\":512,\"height\":512,\"caption\":\"GoHike\"},\"image\":{\"@id\":\"https:\\\/\\\/gohike.lv\\\/ru\\\/#\\\/schema\\\/logo\\\/image\\\/\"},\"sameAs\":[\"https:\\\/\\\/www.facebook.com\\\/gohike.shop\\\/\",\"https:\\\/\\\/www.instagram.com\\\/gohike.shop\\\/\"]}]}<\/script>\n<!-- \/ Yoast SEO plugin. -->","yoast_head_json":{"title":"HARCHIFOOD \u2013 \u0411\u043e\u0440\u0449 \u0441\u043e \u0441\u0432\u0438\u043d\u0438\u043d\u043e\u0439. \u0414\u0435\u0433\u0438\u0434\u0440\u0438\u0440\u043e\u0432\u0430\u043d\u044b\u0439 - GoHike","description":"Sast\u0101vda\u013cas: \u017e\u0101v\u0113tas v\u0101r\u012btas pupi\u0146as, tvaic\u0113tas kartupe\u013cu p\u0101rslas, \u017e\u0101v\u0113ta v\u0101r\u012bta c\u016bkga\u013ca (5%), \u017e\u0101v\u0113ti: k\u0101posti, bietes, burk\u0101ni, s\u012bpoli, dilles, \u0137iploki, tom\u0101ti; s\u0101ls.","robots":{"index":"index","follow":"follow","max-snippet":"max-snippet:-1","max-image-preview":"max-image-preview:large","max-video-preview":"max-video-preview:-1"},"canonical":"https:\/\/gohike.lv\/ru\/produkts\/harchifood-%d0%b1%d0%be%d1%80%d1%89-%d1%81%d0%be-%d1%81%d0%b2%d0%b8%d0%bd%d0%b8%d0%bd%d0%be%d0%b9-%d0%b4%d0%b5%d0%b3%d0%b8%d0%b4%d1%80%d0%b8%d1%80%d0%be%d0%b2%d0%b0%d0%bd%d1%8b%d0%b9\/","og_locale":"ru_RU","og_type":"article","og_title":"HARCHIFOOD \u2013 \u0411\u043e\u0440\u0449 \u0441\u043e \u0441\u0432\u0438\u043d\u0438\u043d\u043e\u0439. \u0414\u0435\u0433\u0438\u0434\u0440\u0438\u0440\u043e\u0432\u0430\u043d\u044b\u0439 - GoHike","og_description":"Sast\u0101vda\u013cas: \u017e\u0101v\u0113tas v\u0101r\u012btas pupi\u0146as, tvaic\u0113tas kartupe\u013cu p\u0101rslas, \u017e\u0101v\u0113ta v\u0101r\u012bta c\u016bkga\u013ca (5%), \u017e\u0101v\u0113ti: k\u0101posti, bietes, burk\u0101ni, s\u012bpoli, dilles, \u0137iploki, tom\u0101ti; s\u0101ls.","og_url":"https:\/\/gohike.lv\/ru\/produkts\/harchifood-%d0%b1%d0%be%d1%80%d1%89-%d1%81%d0%be-%d1%81%d0%b2%d0%b8%d0%bd%d0%b8%d0%bd%d0%be%d0%b9-%d0%b4%d0%b5%d0%b3%d0%b8%d0%b4%d1%80%d0%b8%d1%80%d0%be%d0%b2%d0%b0%d0%bd%d1%8b%d0%b9\/","og_site_name":"GoHike","article_publisher":"https:\/\/www.facebook.com\/gohike.shop\/","article_modified_time":"2025-12-30T14:17:51+00:00","og_image":[{"width":1000,"height":1000,"url":"https:\/\/gohike.lv\/wp-content\/uploads\/2025\/09\/Borsh_.png","type":"image\/png"}],"twitter_card":"summary_large_image","schema":{"@context":"https:\/\/schema.org","@graph":[{"@type":["WebPage","ItemPage"],"@id":"https:\/\/gohike.lv\/ru\/produkts\/harchifood-%d0%b1%d0%be%d1%80%d1%89-%d1%81%d0%be-%d1%81%d0%b2%d0%b8%d0%bd%d0%b8%d0%bd%d0%be%d0%b9-%d0%b4%d0%b5%d0%b3%d0%b8%d0%b4%d1%80%d0%b8%d1%80%d0%be%d0%b2%d0%b0%d0%bd%d1%8b%d0%b9\/","url":"https:\/\/gohike.lv\/ru\/produkts\/harchifood-%d0%b1%d0%be%d1%80%d1%89-%d1%81%d0%be-%d1%81%d0%b2%d0%b8%d0%bd%d0%b8%d0%bd%d0%be%d0%b9-%d0%b4%d0%b5%d0%b3%d0%b8%d0%b4%d1%80%d0%b8%d1%80%d0%be%d0%b2%d0%b0%d0%bd%d1%8b%d0%b9\/","name":"HARCHIFOOD \u2013 \u0411\u043e\u0440\u0449 \u0441\u043e \u0441\u0432\u0438\u043d\u0438\u043d\u043e\u0439. \u0414\u0435\u0433\u0438\u0434\u0440\u0438\u0440\u043e\u0432\u0430\u043d\u044b\u0439 - GoHike","isPartOf":{"@id":"https:\/\/gohike.lv\/ru\/#website"},"primaryImageOfPage":{"@id":"https:\/\/gohike.lv\/ru\/produkts\/harchifood-%d0%b1%d0%be%d1%80%d1%89-%d1%81%d0%be-%d1%81%d0%b2%d0%b8%d0%bd%d0%b8%d0%bd%d0%be%d0%b9-%d0%b4%d0%b5%d0%b3%d0%b8%d0%b4%d1%80%d0%b8%d1%80%d0%be%d0%b2%d0%b0%d0%bd%d1%8b%d0%b9\/#primaryimage"},"image":{"@id":"https:\/\/gohike.lv\/ru\/produkts\/harchifood-%d0%b1%d0%be%d1%80%d1%89-%d1%81%d0%be-%d1%81%d0%b2%d0%b8%d0%bd%d0%b8%d0%bd%d0%be%d0%b9-%d0%b4%d0%b5%d0%b3%d0%b8%d0%b4%d1%80%d0%b8%d1%80%d0%be%d0%b2%d0%b0%d0%bd%d1%8b%d0%b9\/#primaryimage"},"thumbnailUrl":"https:\/\/gohike.lv\/wp-content\/uploads\/2025\/09\/Borsh_.png","datePublished":"2025-09-26T15:12:39+00:00","dateModified":"2025-12-30T14:17:51+00:00","description":"Sast\u0101vda\u013cas: \u017e\u0101v\u0113tas v\u0101r\u012btas pupi\u0146as, tvaic\u0113tas kartupe\u013cu p\u0101rslas, \u017e\u0101v\u0113ta v\u0101r\u012bta c\u016bkga\u013ca (5%), \u017e\u0101v\u0113ti: k\u0101posti, bietes, burk\u0101ni, s\u012bpoli, dilles, \u0137iploki, tom\u0101ti; s\u0101ls.","breadcrumb":{"@id":"https:\/\/gohike.lv\/ru\/produkts\/harchifood-%d0%b1%d0%be%d1%80%d1%89-%d1%81%d0%be-%d1%81%d0%b2%d0%b8%d0%bd%d0%b8%d0%bd%d0%be%d0%b9-%d0%b4%d0%b5%d0%b3%d0%b8%d0%b4%d1%80%d0%b8%d1%80%d0%be%d0%b2%d0%b0%d0%bd%d1%8b%d0%b9\/#breadcrumb"},"inLanguage":"ru-RU","potentialAction":[{"@type":"ReadAction","target":["https:\/\/gohike.lv\/ru\/produkts\/harchifood-%d0%b1%d0%be%d1%80%d1%89-%d1%81%d0%be-%d1%81%d0%b2%d0%b8%d0%bd%d0%b8%d0%bd%d0%be%d0%b9-%d0%b4%d0%b5%d0%b3%d0%b8%d0%b4%d1%80%d0%b8%d1%80%d0%be%d0%b2%d0%b0%d0%bd%d1%8b%d0%b9\/"]}]},{"@type":"ImageObject","inLanguage":"ru-RU","@id":"https:\/\/gohike.lv\/ru\/produkts\/harchifood-%d0%b1%d0%be%d1%80%d1%89-%d1%81%d0%be-%d1%81%d0%b2%d0%b8%d0%bd%d0%b8%d0%bd%d0%be%d0%b9-%d0%b4%d0%b5%d0%b3%d0%b8%d0%b4%d1%80%d0%b8%d1%80%d0%be%d0%b2%d0%b0%d0%bd%d1%8b%d0%b9\/#primaryimage","url":"https:\/\/gohike.lv\/wp-content\/uploads\/2025\/09\/Borsh_.png","contentUrl":"https:\/\/gohike.lv\/wp-content\/uploads\/2025\/09\/Borsh_.png","width":1000,"height":1000},{"@type":"BreadcrumbList","@id":"https:\/\/gohike.lv\/ru\/produkts\/harchifood-%d0%b1%d0%be%d1%80%d1%89-%d1%81%d0%be-%d1%81%d0%b2%d0%b8%d0%bd%d0%b8%d0%bd%d0%be%d0%b9-%d0%b4%d0%b5%d0%b3%d0%b8%d0%b4%d1%80%d0%b8%d1%80%d0%be%d0%b2%d0%b0%d0%bd%d1%8b%d0%b9\/#breadcrumb","itemListElement":[{"@type":"ListItem","position":1,"name":"\u0413\u043b\u0430\u0432\u043d\u0430\u044f","item":"https:\/\/gohike.lv\/ru\/"},{"@type":"ListItem","position":2,"name":"\u041a\u0430\u0442\u0435\u0433\u043e\u0440\u0438\u0438 \u0442\u043e\u0432\u0430\u0440\u043e\u0432","item":"https:\/\/gohike.lv\/%d0%ba%d0%b0%d1%82%d0%b5%d0%b3%d0%be%d1%80%d0%b8%d0%b8-%d1%82%d0%be%d0%b2%d0%b0%d1%80%d0%be%d0%b2\/"},{"@type":"ListItem","position":3,"name":"HARCHIFOOD \u2013 \u0411\u043e\u0440\u0449 \u0441\u043e \u0441\u0432\u0438\u043d\u0438\u043d\u043e\u0439. \u0414\u0435\u0433\u0438\u0434\u0440\u0438\u0440\u043e\u0432\u0430\u043d\u044b\u0439"}]},{"@type":"WebSite","@id":"https:\/\/gohike.lv\/ru\/#website","url":"https:\/\/gohike.lv\/ru\/","name":"GoHike","description":"","publisher":{"@id":"https:\/\/gohike.lv\/ru\/#organization"},"potentialAction":[{"@type":"SearchAction","target":{"@type":"EntryPoint","urlTemplate":"https:\/\/gohike.lv\/ru\/?s={search_term_string}"},"query-input":{"@type":"PropertyValueSpecification","valueRequired":true,"valueName":"search_term_string"}}],"inLanguage":"ru-RU"},{"@type":"Organization","@id":"https:\/\/gohike.lv\/ru\/#organization","name":"GoHike","url":"https:\/\/gohike.lv\/ru\/","logo":{"@type":"ImageObject","inLanguage":"ru-RU","@id":"https:\/\/gohike.lv\/ru\/#\/schema\/logo\/image\/","url":"https:\/\/gohike.lv\/wp-content\/uploads\/2023\/08\/Logo_GoHike.webp","contentUrl":"https:\/\/gohike.lv\/wp-content\/uploads\/2023\/08\/Logo_GoHike.webp","width":512,"height":512,"caption":"GoHike"},"image":{"@id":"https:\/\/gohike.lv\/ru\/#\/schema\/logo\/image\/"},"sameAs":["https:\/\/www.facebook.com\/gohike.shop\/","https:\/\/www.instagram.com\/gohike.shop\/"]}]}},"jetpack_sharing_enabled":true,"_links":{"self":[{"href":"https:\/\/gohike.lv\/ru\/wp-json\/wp\/v2\/product\/115526","targetHints":{"allow":["GET"]}}],"collection":[{"href":"https:\/\/gohike.lv\/ru\/wp-json\/wp\/v2\/product"}],"about":[{"href":"https:\/\/gohike.lv\/ru\/wp-json\/wp\/v2\/types\/product"}],"version-history":[{"count":0,"href":"https:\/\/gohike.lv\/ru\/wp-json\/wp\/v2\/product\/115526\/revisions"}],"wp:featuredmedia":[{"embeddable":true,"href":"https:\/\/gohike.lv\/ru\/wp-json\/wp\/v2\/media\/115488"}],"wp:attachment":[{"href":"https:\/\/gohike.lv\/ru\/wp-json\/wp\/v2\/media?parent=115526"}],"wp:term":[{"taxonomy":"product_brand","embeddable":true,"href":"https:\/\/gohike.lv\/ru\/wp-json\/wp\/v2\/product_brand?post=115526"},{"taxonomy":"product_cat","embeddable":true,"href":"https:\/\/gohike.lv\/ru\/wp-json\/wp\/v2\/product_cat?post=115526"},{"taxonomy":"product_tag","embeddable":true,"href":"https:\/\/gohike.lv\/ru\/wp-json\/wp\/v2\/product_tag?post=115526"}],"curies":[{"name":"wp","href":"https:\/\/api.w.org\/{rel}","templated":true}]}}