{"id":114586,"date":"2025-09-04T11:08:21","date_gmt":"2025-09-04T08:08:21","guid":{"rendered":"https:\/\/gohike.lv\/produkts\/baseus-deepdive-%d0%b2%d0%be%d0%b4%d0%be%d0%bd%d0%b5%d0%bf%d1%80%d0%be%d0%bd%d0%b8%d1%86%d0%b0%d0%b5%d0%bc%d1%8b%d0%b9-%d1%87%d0%b5%d1%85%d0%be%d0%bb-%d0%b4%d0%bb%d1%8f-%d1%82%d0%b5%d0%bb%d0%b5\/"},"modified":"2025-12-30T17:17:52","modified_gmt":"2025-12-30T14:17:52","slug":"baseus-deepdive-%d0%b2%d0%be%d0%b4%d0%be%d0%bd%d0%b5%d0%bf%d1%80%d0%be%d0%bd%d0%b8%d1%86%d0%b0%d0%b5%d0%bc%d1%8b%d0%b9-%d1%87%d0%b5%d1%85%d0%be%d0%bb-%d0%b4%d0%bb%d1%8f-%d1%82%d0%b5%d0%bb%d0%b5","status":"publish","type":"product","link":"https:\/\/gohike.lv\/ru\/produkts\/baseus-deepdive-%d0%b2%d0%be%d0%b4%d0%be%d0%bd%d0%b5%d0%bf%d1%80%d0%be%d0%bd%d0%b8%d1%86%d0%b0%d0%b5%d0%bc%d1%8b%d0%b9-%d1%87%d0%b5%d1%85%d0%be%d0%bb-%d0%b4%d0%bb%d1%8f-%d1%82%d0%b5%d0%bb%d0%b5\/","title":{"rendered":"Baseus &#8212; DeepDive \u0432\u043e\u0434\u043e\u043d\u0435\u043f\u0440\u043e\u043d\u0438\u0446\u0430\u0435\u043c\u044b\u0439 \u0447\u0435\u0445\u043e\u043b \u0434\u043b\u044f \u0442\u0435\u043b\u0435\u0444\u043e\u043d\u0430"},"content":{"rendered":"<p>Baseus DeepDive \u2014 \u044d\u0442\u043e \u043d\u0430\u0434\u0451\u0436\u043d\u044b\u0439 \u0432\u043e\u0434\u043e\u043d\u0435\u043f\u0440\u043e\u043d\u0438\u0446\u0430\u0435\u043c\u044b\u0439 \u0447\u0435\u0445\u043e\u043b \u0434\u043b\u044f \u0441\u043c\u0430\u0440\u0442\u0444\u043e\u043d\u043e\u0432 \u0434\u043e 7.2&#8243;, \u043e\u0431\u0435\u0441\u043f\u0435\u0447\u0438\u0432\u0430\u044e\u0449\u0438\u0439 \u0437\u0430\u0449\u0438\u0442\u0443 \u0443\u0440\u043e\u0432\u043d\u044f IPX8. \u0423\u043d\u0438\u043a\u0430\u043b\u044c\u043d\u0430\u044f 4-\u0441\u043b\u043e\u0439\u043d\u0430\u044f \u0441\u0438\u0441\u0442\u0435\u043c\u0430 \u0433\u0435\u0440\u043c\u0435\u0442\u0438\u0437\u0430\u0446\u0438\u0438 \u0438 \u0443\u0441\u0438\u043b\u0435\u043d\u043d\u044b\u0439 \u0437\u0430\u043c\u043e\u043a \u0441 \u0444\u0438\u043a\u0441\u0430\u0442\u043e\u0440\u043e\u043c \u0433\u0430\u0440\u0430\u043d\u0442\u0438\u0440\u0443\u044e\u0442 \u043f\u043e\u043b\u043d\u0443\u044e \u0437\u0430\u0449\u0438\u0442\u0443 \u043e\u0442 \u0432\u043b\u0430\u0433\u0438.<\/p>\n<p>\u0411\u043b\u0430\u0433\u043e\u0434\u0430\u0440\u044f \u0432\u0441\u0442\u0440\u043e\u0435\u043d\u043d\u044b\u043c \u0434\u0432\u0443\u043c \u0432\u043e\u0437\u0434\u0443\u0448\u043d\u044b\u043c \u043f\u043e\u0434\u0443\u0448\u043a\u0430\u043c, \u0447\u0435\u0445\u043e\u043b \u043e\u0441\u0442\u0430\u0451\u0442\u0441\u044f \u043d\u0430 \u016bdens virsmas, ja tas izsl\u012bd no rok\u0101m. Caursp\u012bd\u012bgs TPU priek\u0161\u0113jais panelis \u013cauj saglab\u0101t ekr\u0101na sk\u0101rienjut\u012bbu, lai t\u0101lruni var\u0113tu izmantot pat \u016bden\u012b. Komplekt\u0101 ir m\u012bksta regul\u0113jama kakla siksna, lai \u0113rti un dro\u0161i n\u0113s\u0101tu.<\/p>\n<p>\u0410\u0442\u0440\u0438\u0431\u0443\u0442\u044b:<\/p>\n<p>\u041c\u043e\u0434\u0435\u043b\u044c: BS-PG030<\/p>\n<p>\u0421\u043e\u0432\u043c\u0435\u0441\u0442\u0438\u043c\u043e\u0441\u0442\u044c: \u0441\u043c\u0430\u0440\u0442\u0444\u043e\u043d\u044b \u0434\u043e 7.2&#8243;<\/p>\n<p>\u041c\u0430\u0442\u0435\u0440\u0438\u0430\u043b\u044b: TPU + ABS + PC<\/p>\n<p>\u0420\u0430\u0437\u043c\u0435\u0440\u044b: 25.5 \u00d7 11.8 \u00d7 0.3 cm<\/p>\n<p>\u0412\u0435\u0441: 64 \u0433<\/p>\n<p>\u0412\u043e\u0434\u043e\u0437\u0430\u0449\u0438\u0442\u0430: IPX8<\/p>\n<p>\u041e\u0441\u043e\u0431\u0435\u043d\u043d\u043e\u0441\u0442\u0438: 4-\u0441\u043b\u043e\u0439\u043d\u043e\u0435 \u0443\u043f\u043b\u043e\u0442\u043d\u0435\u043d\u0438\u0435, \u0434\u0432\u043e\u0439\u043d\u043e\u0439 \u0437\u0430\u043c\u043e\u043a \u0441 \u0444\u0438\u043a\u0441\u0430\u0442\u043e\u0440\u043e\u043c, \u043f\u043b\u0430\u0432\u0430\u044e\u0449\u0438\u0439 \u0434\u0438\u0437\u0430\u0439\u043d, \u0441\u0435\u043d\u0441\u043e\u0440\u043d\u044b\u0439 \u044d\u043a\u0440\u0430\u043d, \u0440\u0435\u0433\u0443\u043b\u0438\u0440\u0443\u0435\u043c\u044b\u0439 \u0440\u0435\u043c\u0435\u0448\u043e\u043a<\/p>\n","protected":false},"excerpt":{"rendered":"<p>\u0427\u0435\u0445\u043e\u043b \u0441 IPX8 \u0432\u043b\u0430\u0433\u043e\u0437\u0430\u0449\u0438\u0442\u043e\u0439, 4-\u0441\u043b\u043e\u0439\u043d\u044b\u043c \u0443\u043f\u043b\u043e\u0442\u043d\u0435\u043d\u0438\u0435\u043c, \u0432\u043e\u0437\u0434\u0443\u0448\u043d\u044b\u043c\u0438 \u043f\u043e\u0434\u0443\u0448\u043a\u0430\u043c\u0438 \u0438 \u0441\u0435\u043d\u0441\u043e\u0440\u043d\u044b\u043c \u044d\u043a\u0440\u0430\u043d\u043e\u043c.<\/p>\n","protected":false},"featured_media":114439,"template":"","meta":[],"product_brand":[14910],"product_cat":[1351],"product_tag":[],"class_list":{"0":"post-114586","1":"product","2":"type-product","3":"status-publish","4":"has-post-thumbnail","6":"product_brand-baseus-3","7":"product_cat-udensdrosie-iepakojumi","8":"pa_-25-511-80-3","9":"pa_--14918","11":"first","12":"outofstock","13":"taxable","14":"shipping-taxable","15":"purchasable","16":"product-type-simple"},"raw_content":{"name":"Baseus - DeepDive \u0432\u043e\u0434\u043e\u043d\u0435\u043f\u0440\u043e\u043d\u0438\u0446\u0430\u0435\u043c\u044b\u0439 \u0447\u0435\u0445\u043e\u043b \u0434\u043b\u044f \u0442\u0435\u043b\u0435\u0444\u043e\u043d\u0430","description":"Baseus DeepDive \u2014 \u044d\u0442\u043e \u043d\u0430\u0434\u0451\u0436\u043d\u044b\u0439 \u0432\u043e\u0434\u043e\u043d\u0435\u043f\u0440\u043e\u043d\u0438\u0446\u0430\u0435\u043c\u044b\u0439 \u0447\u0435\u0445\u043e\u043b \u0434\u043b\u044f \u0441\u043c\u0430\u0440\u0442\u0444\u043e\u043d\u043e\u0432 \u0434\u043e 7.2\", \u043e\u0431\u0435\u0441\u043f\u0435\u0447\u0438\u0432\u0430\u044e\u0449\u0438\u0439 \u0437\u0430\u0449\u0438\u0442\u0443 \u0443\u0440\u043e\u0432\u043d\u044f IPX8. \u0423\u043d\u0438\u043a\u0430\u043b\u044c\u043d\u0430\u044f 4-\u0441\u043b\u043e\u0439\u043d\u0430\u044f \u0441\u0438\u0441\u0442\u0435\u043c\u0430 \u0433\u0435\u0440\u043c\u0435\u0442\u0438\u0437\u0430\u0446\u0438\u0438 \u0438 \u0443\u0441\u0438\u043b\u0435\u043d\u043d\u044b\u0439 \u0437\u0430\u043c\u043e\u043a \u0441 \u0444\u0438\u043a\u0441\u0430\u0442\u043e\u0440\u043e\u043c \u0433\u0430\u0440\u0430\u043d\u0442\u0438\u0440\u0443\u044e\u0442 \u043f\u043e\u043b\u043d\u0443\u044e \u0437\u0430\u0449\u0438\u0442\u0443 \u043e\u0442 \u0432\u043b\u0430\u0433\u0438.\n\n\u0411\u043b\u0430\u0433\u043e\u0434\u0430\u0440\u044f \u0432\u0441\u0442\u0440\u043e\u0435\u043d\u043d\u044b\u043c \u0434\u0432\u0443\u043c \u0432\u043e\u0437\u0434\u0443\u0448\u043d\u044b\u043c \u043f\u043e\u0434\u0443\u0448\u043a\u0430\u043c, \u0447\u0435\u0445\u043e\u043b \u043e\u0441\u0442\u0430\u0451\u0442\u0441\u044f \u043d\u0430 \u016bdens virsmas, ja tas izsl\u012bd no rok\u0101m. Caursp\u012bd\u012bgs TPU priek\u0161\u0113jais panelis \u013cauj saglab\u0101t ekr\u0101na sk\u0101rienjut\u012bbu, lai t\u0101lruni var\u0113tu izmantot pat \u016bden\u012b. Komplekt\u0101 ir m\u012bksta regul\u0113jama kakla siksna, lai \u0113rti un dro\u0161i n\u0113s\u0101tu.\n\n\u0410\u0442\u0440\u0438\u0431\u0443\u0442\u044b:\n\n\u041c\u043e\u0434\u0435\u043b\u044c: BS-PG030\n\n\u0421\u043e\u0432\u043c\u0435\u0441\u0442\u0438\u043c\u043e\u0441\u0442\u044c: \u0441\u043c\u0430\u0440\u0442\u0444\u043e\u043d\u044b \u0434\u043e 7.2\"\n\n\u041c\u0430\u0442\u0435\u0440\u0438\u0430\u043b\u044b: TPU + ABS + PC\n\n\u0420\u0430\u0437\u043c\u0435\u0440\u044b: 25.5 \u00d7 11.8 \u00d7 0.3 cm\n\n\u0412\u0435\u0441: 64 \u0433\n\n\u0412\u043e\u0434\u043e\u0437\u0430\u0449\u0438\u0442\u0430: IPX8\n\n\u041e\u0441\u043e\u0431\u0435\u043d\u043d\u043e\u0441\u0442\u0438: 4-\u0441\u043b\u043e\u0439\u043d\u043e\u0435 \u0443\u043f\u043b\u043e\u0442\u043d\u0435\u043d\u0438\u0435, \u0434\u0432\u043e\u0439\u043d\u043e\u0439 \u0437\u0430\u043c\u043e\u043a \u0441 \u0444\u0438\u043a\u0441\u0430\u0442\u043e\u0440\u043e\u043c, \u043f\u043b\u0430\u0432\u0430\u044e\u0449\u0438\u0439 \u0434\u0438\u0437\u0430\u0439\u043d, \u0441\u0435\u043d\u0441\u043e\u0440\u043d\u044b\u0439 \u044d\u043a\u0440\u0430\u043d, \u0440\u0435\u0433\u0443\u043b\u0438\u0440\u0443\u0435\u043c\u044b\u0439 \u0440\u0435\u043c\u0435\u0448\u043e\u043a","short_description":"\u0427\u0435\u0445\u043e\u043b \u0441 IPX8 \u0432\u043b\u0430\u0433\u043e\u0437\u0430\u0449\u0438\u0442\u043e\u0439, 4-\u0441\u043b\u043e\u0439\u043d\u044b\u043c \u0443\u043f\u043b\u043e\u0442\u043d\u0435\u043d\u0438\u0435\u043c, \u0432\u043e\u0437\u0434\u0443\u0448\u043d\u044b\u043c\u0438 \u043f\u043e\u0434\u0443\u0448\u043a\u0430\u043c\u0438 \u0438 \u0441\u0435\u043d\u0441\u043e\u0440\u043d\u044b\u043c \u044d\u043a\u0440\u0430\u043d\u043e\u043c.","status":"publish","sku":"6932172658441","original":114435},"wpml":{"translation_type":1,"has_translations":true,"original":114435,"duplicates":[],"translations":{"lv":114435,"en":114547,"ru":114586}},"supplier_id":null,"supplier_sku":"","barcode":null,"atum_controlled":true,"out_stock_date":"2025-12-22 14:16:43","out_stock_threshold":null,"inheritable":false,"inbound_stock":0,"stock_on_hold":0,"sold_today":0,"sales_last_days":0,"reserved_stock":0,"customer_returns":0,"warehouse_damage":0,"lost_in_post":0,"other_logs":0,"out_stock_days":46,"lost_sales":0,"has_location":false,"update_date":"2026-02-07T08:00:53","atum_locations":[],"atum_stock_status":"outofstock","restock_status":false,"low_stock_amount":"","sales_update_date":"2026-02-07T08:00:53","calc_backorders":null,"yoast_head":"<!-- This site is optimized with the Yoast SEO plugin v27.3 - https:\/\/yoast.com\/product\/yoast-seo-wordpress\/ -->\n<title>Baseus - DeepDive \u0432\u043e\u0434\u043e\u043d\u0435\u043f\u0440\u043e\u043d\u0438\u0446\u0430\u0435\u043c\u044b\u0439 \u0447\u0435\u0445\u043e\u043b \u0434\u043b\u044f \u0442\u0435\u043b\u0435\u0444\u043e\u043d\u0430<\/title>\n<meta name=\"description\" content=\"\u0427\u0435\u0445\u043e\u043b \u0441 IPX8 \u0432\u043b\u0430\u0433\u043e\u0437\u0430\u0449\u0438\u0442\u043e\u0439, 4-\u0441\u043b\u043e\u0439\u043d\u044b\u043c \u0443\u043f\u043b\u043e\u0442\u043d\u0435\u043d\u0438\u0435\u043c, \u0432\u043e\u0437\u0434\u0443\u0448\u043d\u044b\u043c\u0438 \u043f\u043e\u0434\u0443\u0448\u043a\u0430\u043c\u0438 \u0438 \u0441\u0435\u043d\u0441\u043e\u0440\u043d\u044b\u043c \u044d\u043a\u0440\u0430\u043d\u043e\u043c.\" \/>\n<meta name=\"robots\" content=\"index, follow, max-snippet:-1, max-image-preview:large, max-video-preview:-1\" \/>\n<link rel=\"canonical\" href=\"https:\/\/gohike.lv\/ru\/produkts\/baseus-deepdive-%d0%b2%d0%be%d0%b4%d0%be%d0%bd%d0%b5%d0%bf%d1%80%d0%be%d0%bd%d0%b8%d1%86%d0%b0%d0%b5%d0%bc%d1%8b%d0%b9-%d1%87%d0%b5%d1%85%d0%be%d0%bb-%d0%b4%d0%bb%d1%8f-%d1%82%d0%b5%d0%bb%d0%b5\/\" \/>\n<meta property=\"og:locale\" content=\"ru_RU\" \/>\n<meta property=\"og:type\" content=\"article\" \/>\n<meta property=\"og:title\" content=\"Baseus - DeepDive \u0432\u043e\u0434\u043e\u043d\u0435\u043f\u0440\u043e\u043d\u0438\u0446\u0430\u0435\u043c\u044b\u0439 \u0447\u0435\u0445\u043e\u043b \u0434\u043b\u044f \u0442\u0435\u043b\u0435\u0444\u043e\u043d\u0430\" \/>\n<meta property=\"og:description\" content=\"\u0427\u0435\u0445\u043e\u043b \u0441 IPX8 \u0432\u043b\u0430\u0433\u043e\u0437\u0430\u0449\u0438\u0442\u043e\u0439, 4-\u0441\u043b\u043e\u0439\u043d\u044b\u043c \u0443\u043f\u043b\u043e\u0442\u043d\u0435\u043d\u0438\u0435\u043c, \u0432\u043e\u0437\u0434\u0443\u0448\u043d\u044b\u043c\u0438 \u043f\u043e\u0434\u0443\u0448\u043a\u0430\u043c\u0438 \u0438 \u0441\u0435\u043d\u0441\u043e\u0440\u043d\u044b\u043c \u044d\u043a\u0440\u0430\u043d\u043e\u043c.\" \/>\n<meta property=\"og:url\" content=\"https:\/\/gohike.lv\/ru\/produkts\/baseus-deepdive-%d0%b2%d0%be%d0%b4%d0%be%d0%bd%d0%b5%d0%bf%d1%80%d0%be%d0%bd%d0%b8%d1%86%d0%b0%d0%b5%d0%bc%d1%8b%d0%b9-%d1%87%d0%b5%d1%85%d0%be%d0%bb-%d0%b4%d0%bb%d1%8f-%d1%82%d0%b5%d0%bb%d0%b5\/\" \/>\n<meta property=\"og:site_name\" content=\"GoHike\" \/>\n<meta property=\"article:publisher\" content=\"https:\/\/www.facebook.com\/gohike.shop\/\" \/>\n<meta property=\"article:modified_time\" content=\"2025-12-30T14:17:52+00:00\" \/>\n<meta property=\"og:image\" content=\"https:\/\/gohike.lv\/wp-content\/uploads\/2025\/09\/DeepDive_.webp\" \/>\n\t<meta property=\"og:image:width\" content=\"800\" \/>\n\t<meta property=\"og:image:height\" content=\"800\" \/>\n\t<meta property=\"og:image:type\" content=\"image\/webp\" \/>\n<meta name=\"twitter:card\" content=\"summary_large_image\" \/>\n<meta name=\"twitter:title\" content=\"Baseus - DeepDive \u0432\u043e\u0434\u043e\u043d\u0435\u043f\u0440\u043e\u043d\u0438\u0446\u0430\u0435\u043c\u044b\u0439 \u0447\u0435\u0445\u043e\u043b \u0434\u043b\u044f \u0442\u0435\u043b\u0435\u0444\u043e\u043d\u0430\" \/>\n<script type=\"application\/ld+json\" class=\"yoast-schema-graph\">{\"@context\":\"https:\\\/\\\/schema.org\",\"@graph\":[{\"@type\":[\"WebPage\",\"ItemPage\"],\"@id\":\"https:\\\/\\\/gohike.lv\\\/ru\\\/produkts\\\/baseus-deepdive-%d0%b2%d0%be%d0%b4%d0%be%d0%bd%d0%b5%d0%bf%d1%80%d0%be%d0%bd%d0%b8%d1%86%d0%b0%d0%b5%d0%bc%d1%8b%d0%b9-%d1%87%d0%b5%d1%85%d0%be%d0%bb-%d0%b4%d0%bb%d1%8f-%d1%82%d0%b5%d0%bb%d0%b5\\\/\",\"url\":\"https:\\\/\\\/gohike.lv\\\/ru\\\/produkts\\\/baseus-deepdive-%d0%b2%d0%be%d0%b4%d0%be%d0%bd%d0%b5%d0%bf%d1%80%d0%be%d0%bd%d0%b8%d1%86%d0%b0%d0%b5%d0%bc%d1%8b%d0%b9-%d1%87%d0%b5%d1%85%d0%be%d0%bb-%d0%b4%d0%bb%d1%8f-%d1%82%d0%b5%d0%bb%d0%b5\\\/\",\"name\":\"Baseus - DeepDive \u0432\u043e\u0434\u043e\u043d\u0435\u043f\u0440\u043e\u043d\u0438\u0446\u0430\u0435\u043c\u044b\u0439 \u0447\u0435\u0445\u043e\u043b \u0434\u043b\u044f \u0442\u0435\u043b\u0435\u0444\u043e\u043d\u0430\",\"isPartOf\":{\"@id\":\"https:\\\/\\\/gohike.lv\\\/ru\\\/#website\"},\"primaryImageOfPage\":{\"@id\":\"https:\\\/\\\/gohike.lv\\\/ru\\\/produkts\\\/baseus-deepdive-%d0%b2%d0%be%d0%b4%d0%be%d0%bd%d0%b5%d0%bf%d1%80%d0%be%d0%bd%d0%b8%d1%86%d0%b0%d0%b5%d0%bc%d1%8b%d0%b9-%d1%87%d0%b5%d1%85%d0%be%d0%bb-%d0%b4%d0%bb%d1%8f-%d1%82%d0%b5%d0%bb%d0%b5\\\/#primaryimage\"},\"image\":{\"@id\":\"https:\\\/\\\/gohike.lv\\\/ru\\\/produkts\\\/baseus-deepdive-%d0%b2%d0%be%d0%b4%d0%be%d0%bd%d0%b5%d0%bf%d1%80%d0%be%d0%bd%d0%b8%d1%86%d0%b0%d0%b5%d0%bc%d1%8b%d0%b9-%d1%87%d0%b5%d1%85%d0%be%d0%bb-%d0%b4%d0%bb%d1%8f-%d1%82%d0%b5%d0%bb%d0%b5\\\/#primaryimage\"},\"thumbnailUrl\":\"https:\\\/\\\/gohike.lv\\\/wp-content\\\/uploads\\\/2025\\\/09\\\/DeepDive_.webp\",\"datePublished\":\"2025-09-04T08:08:21+00:00\",\"dateModified\":\"2025-12-30T14:17:52+00:00\",\"description\":\"\u0427\u0435\u0445\u043e\u043b \u0441 IPX8 \u0432\u043b\u0430\u0433\u043e\u0437\u0430\u0449\u0438\u0442\u043e\u0439, 4-\u0441\u043b\u043e\u0439\u043d\u044b\u043c \u0443\u043f\u043b\u043e\u0442\u043d\u0435\u043d\u0438\u0435\u043c, \u0432\u043e\u0437\u0434\u0443\u0448\u043d\u044b\u043c\u0438 \u043f\u043e\u0434\u0443\u0448\u043a\u0430\u043c\u0438 \u0438 \u0441\u0435\u043d\u0441\u043e\u0440\u043d\u044b\u043c \u044d\u043a\u0440\u0430\u043d\u043e\u043c.\",\"breadcrumb\":{\"@id\":\"https:\\\/\\\/gohike.lv\\\/ru\\\/produkts\\\/baseus-deepdive-%d0%b2%d0%be%d0%b4%d0%be%d0%bd%d0%b5%d0%bf%d1%80%d0%be%d0%bd%d0%b8%d1%86%d0%b0%d0%b5%d0%bc%d1%8b%d0%b9-%d1%87%d0%b5%d1%85%d0%be%d0%bb-%d0%b4%d0%bb%d1%8f-%d1%82%d0%b5%d0%bb%d0%b5\\\/#breadcrumb\"},\"inLanguage\":\"ru-RU\",\"potentialAction\":[{\"@type\":\"ReadAction\",\"target\":[\"https:\\\/\\\/gohike.lv\\\/ru\\\/produkts\\\/baseus-deepdive-%d0%b2%d0%be%d0%b4%d0%be%d0%bd%d0%b5%d0%bf%d1%80%d0%be%d0%bd%d0%b8%d1%86%d0%b0%d0%b5%d0%bc%d1%8b%d0%b9-%d1%87%d0%b5%d1%85%d0%be%d0%bb-%d0%b4%d0%bb%d1%8f-%d1%82%d0%b5%d0%bb%d0%b5\\\/\"]}]},{\"@type\":\"ImageObject\",\"inLanguage\":\"ru-RU\",\"@id\":\"https:\\\/\\\/gohike.lv\\\/ru\\\/produkts\\\/baseus-deepdive-%d0%b2%d0%be%d0%b4%d0%be%d0%bd%d0%b5%d0%bf%d1%80%d0%be%d0%bd%d0%b8%d1%86%d0%b0%d0%b5%d0%bc%d1%8b%d0%b9-%d1%87%d0%b5%d1%85%d0%be%d0%bb-%d0%b4%d0%bb%d1%8f-%d1%82%d0%b5%d0%bb%d0%b5\\\/#primaryimage\",\"url\":\"https:\\\/\\\/gohike.lv\\\/wp-content\\\/uploads\\\/2025\\\/09\\\/DeepDive_.webp\",\"contentUrl\":\"https:\\\/\\\/gohike.lv\\\/wp-content\\\/uploads\\\/2025\\\/09\\\/DeepDive_.webp\",\"width\":800,\"height\":800},{\"@type\":\"BreadcrumbList\",\"@id\":\"https:\\\/\\\/gohike.lv\\\/ru\\\/produkts\\\/baseus-deepdive-%d0%b2%d0%be%d0%b4%d0%be%d0%bd%d0%b5%d0%bf%d1%80%d0%be%d0%bd%d0%b8%d1%86%d0%b0%d0%b5%d0%bc%d1%8b%d0%b9-%d1%87%d0%b5%d1%85%d0%be%d0%bb-%d0%b4%d0%bb%d1%8f-%d1%82%d0%b5%d0%bb%d0%b5\\\/#breadcrumb\",\"itemListElement\":[{\"@type\":\"ListItem\",\"position\":1,\"name\":\"\u0413\u043b\u0430\u0432\u043d\u0430\u044f\",\"item\":\"https:\\\/\\\/gohike.lv\\\/ru\\\/\"},{\"@type\":\"ListItem\",\"position\":2,\"name\":\"\u041a\u0430\u0442\u0435\u0433\u043e\u0440\u0438\u0438 \u0442\u043e\u0432\u0430\u0440\u043e\u0432\",\"item\":\"https:\\\/\\\/gohike.lv\\\/%d0%ba%d0%b0%d1%82%d0%b5%d0%b3%d0%be%d1%80%d0%b8%d0%b8-%d1%82%d0%be%d0%b2%d0%b0%d1%80%d0%be%d0%b2\\\/\"},{\"@type\":\"ListItem\",\"position\":3,\"name\":\"Baseus &#8211; DeepDive \u0432\u043e\u0434\u043e\u043d\u0435\u043f\u0440\u043e\u043d\u0438\u0446\u0430\u0435\u043c\u044b\u0439 \u0447\u0435\u0445\u043e\u043b \u0434\u043b\u044f \u0442\u0435\u043b\u0435\u0444\u043e\u043d\u0430\"}]},{\"@type\":\"WebSite\",\"@id\":\"https:\\\/\\\/gohike.lv\\\/ru\\\/#website\",\"url\":\"https:\\\/\\\/gohike.lv\\\/ru\\\/\",\"name\":\"GoHike\",\"description\":\"\",\"publisher\":{\"@id\":\"https:\\\/\\\/gohike.lv\\\/ru\\\/#organization\"},\"potentialAction\":[{\"@type\":\"SearchAction\",\"target\":{\"@type\":\"EntryPoint\",\"urlTemplate\":\"https:\\\/\\\/gohike.lv\\\/ru\\\/?s={search_term_string}\"},\"query-input\":{\"@type\":\"PropertyValueSpecification\",\"valueRequired\":true,\"valueName\":\"search_term_string\"}}],\"inLanguage\":\"ru-RU\"},{\"@type\":\"Organization\",\"@id\":\"https:\\\/\\\/gohike.lv\\\/ru\\\/#organization\",\"name\":\"GoHike\",\"url\":\"https:\\\/\\\/gohike.lv\\\/ru\\\/\",\"logo\":{\"@type\":\"ImageObject\",\"inLanguage\":\"ru-RU\",\"@id\":\"https:\\\/\\\/gohike.lv\\\/ru\\\/#\\\/schema\\\/logo\\\/image\\\/\",\"url\":\"https:\\\/\\\/gohike.lv\\\/wp-content\\\/uploads\\\/2023\\\/08\\\/Logo_GoHike.webp\",\"contentUrl\":\"https:\\\/\\\/gohike.lv\\\/wp-content\\\/uploads\\\/2023\\\/08\\\/Logo_GoHike.webp\",\"width\":512,\"height\":512,\"caption\":\"GoHike\"},\"image\":{\"@id\":\"https:\\\/\\\/gohike.lv\\\/ru\\\/#\\\/schema\\\/logo\\\/image\\\/\"},\"sameAs\":[\"https:\\\/\\\/www.facebook.com\\\/gohike.shop\\\/\",\"https:\\\/\\\/www.instagram.com\\\/gohike.shop\\\/\"]}]}<\/script>\n<!-- \/ Yoast SEO plugin. -->","yoast_head_json":{"title":"Baseus - DeepDive \u0432\u043e\u0434\u043e\u043d\u0435\u043f\u0440\u043e\u043d\u0438\u0446\u0430\u0435\u043c\u044b\u0439 \u0447\u0435\u0445\u043e\u043b \u0434\u043b\u044f \u0442\u0435\u043b\u0435\u0444\u043e\u043d\u0430","description":"\u0427\u0435\u0445\u043e\u043b \u0441 IPX8 \u0432\u043b\u0430\u0433\u043e\u0437\u0430\u0449\u0438\u0442\u043e\u0439, 4-\u0441\u043b\u043e\u0439\u043d\u044b\u043c \u0443\u043f\u043b\u043e\u0442\u043d\u0435\u043d\u0438\u0435\u043c, \u0432\u043e\u0437\u0434\u0443\u0448\u043d\u044b\u043c\u0438 \u043f\u043e\u0434\u0443\u0448\u043a\u0430\u043c\u0438 \u0438 \u0441\u0435\u043d\u0441\u043e\u0440\u043d\u044b\u043c \u044d\u043a\u0440\u0430\u043d\u043e\u043c.","robots":{"index":"index","follow":"follow","max-snippet":"max-snippet:-1","max-image-preview":"max-image-preview:large","max-video-preview":"max-video-preview:-1"},"canonical":"https:\/\/gohike.lv\/ru\/produkts\/baseus-deepdive-%d0%b2%d0%be%d0%b4%d0%be%d0%bd%d0%b5%d0%bf%d1%80%d0%be%d0%bd%d0%b8%d1%86%d0%b0%d0%b5%d0%bc%d1%8b%d0%b9-%d1%87%d0%b5%d1%85%d0%be%d0%bb-%d0%b4%d0%bb%d1%8f-%d1%82%d0%b5%d0%bb%d0%b5\/","og_locale":"ru_RU","og_type":"article","og_title":"Baseus - DeepDive \u0432\u043e\u0434\u043e\u043d\u0435\u043f\u0440\u043e\u043d\u0438\u0446\u0430\u0435\u043c\u044b\u0439 \u0447\u0435\u0445\u043e\u043b \u0434\u043b\u044f \u0442\u0435\u043b\u0435\u0444\u043e\u043d\u0430","og_description":"\u0427\u0435\u0445\u043e\u043b \u0441 IPX8 \u0432\u043b\u0430\u0433\u043e\u0437\u0430\u0449\u0438\u0442\u043e\u0439, 4-\u0441\u043b\u043e\u0439\u043d\u044b\u043c \u0443\u043f\u043b\u043e\u0442\u043d\u0435\u043d\u0438\u0435\u043c, \u0432\u043e\u0437\u0434\u0443\u0448\u043d\u044b\u043c\u0438 \u043f\u043e\u0434\u0443\u0448\u043a\u0430\u043c\u0438 \u0438 \u0441\u0435\u043d\u0441\u043e\u0440\u043d\u044b\u043c \u044d\u043a\u0440\u0430\u043d\u043e\u043c.","og_url":"https:\/\/gohike.lv\/ru\/produkts\/baseus-deepdive-%d0%b2%d0%be%d0%b4%d0%be%d0%bd%d0%b5%d0%bf%d1%80%d0%be%d0%bd%d0%b8%d1%86%d0%b0%d0%b5%d0%bc%d1%8b%d0%b9-%d1%87%d0%b5%d1%85%d0%be%d0%bb-%d0%b4%d0%bb%d1%8f-%d1%82%d0%b5%d0%bb%d0%b5\/","og_site_name":"GoHike","article_publisher":"https:\/\/www.facebook.com\/gohike.shop\/","article_modified_time":"2025-12-30T14:17:52+00:00","og_image":[{"width":800,"height":800,"url":"https:\/\/gohike.lv\/wp-content\/uploads\/2025\/09\/DeepDive_.webp","type":"image\/webp"}],"twitter_card":"summary_large_image","twitter_title":"Baseus - DeepDive \u0432\u043e\u0434\u043e\u043d\u0435\u043f\u0440\u043e\u043d\u0438\u0446\u0430\u0435\u043c\u044b\u0439 \u0447\u0435\u0445\u043e\u043b \u0434\u043b\u044f \u0442\u0435\u043b\u0435\u0444\u043e\u043d\u0430","schema":{"@context":"https:\/\/schema.org","@graph":[{"@type":["WebPage","ItemPage"],"@id":"https:\/\/gohike.lv\/ru\/produkts\/baseus-deepdive-%d0%b2%d0%be%d0%b4%d0%be%d0%bd%d0%b5%d0%bf%d1%80%d0%be%d0%bd%d0%b8%d1%86%d0%b0%d0%b5%d0%bc%d1%8b%d0%b9-%d1%87%d0%b5%d1%85%d0%be%d0%bb-%d0%b4%d0%bb%d1%8f-%d1%82%d0%b5%d0%bb%d0%b5\/","url":"https:\/\/gohike.lv\/ru\/produkts\/baseus-deepdive-%d0%b2%d0%be%d0%b4%d0%be%d0%bd%d0%b5%d0%bf%d1%80%d0%be%d0%bd%d0%b8%d1%86%d0%b0%d0%b5%d0%bc%d1%8b%d0%b9-%d1%87%d0%b5%d1%85%d0%be%d0%bb-%d0%b4%d0%bb%d1%8f-%d1%82%d0%b5%d0%bb%d0%b5\/","name":"Baseus - DeepDive \u0432\u043e\u0434\u043e\u043d\u0435\u043f\u0440\u043e\u043d\u0438\u0446\u0430\u0435\u043c\u044b\u0439 \u0447\u0435\u0445\u043e\u043b \u0434\u043b\u044f \u0442\u0435\u043b\u0435\u0444\u043e\u043d\u0430","isPartOf":{"@id":"https:\/\/gohike.lv\/ru\/#website"},"primaryImageOfPage":{"@id":"https:\/\/gohike.lv\/ru\/produkts\/baseus-deepdive-%d0%b2%d0%be%d0%b4%d0%be%d0%bd%d0%b5%d0%bf%d1%80%d0%be%d0%bd%d0%b8%d1%86%d0%b0%d0%b5%d0%bc%d1%8b%d0%b9-%d1%87%d0%b5%d1%85%d0%be%d0%bb-%d0%b4%d0%bb%d1%8f-%d1%82%d0%b5%d0%bb%d0%b5\/#primaryimage"},"image":{"@id":"https:\/\/gohike.lv\/ru\/produkts\/baseus-deepdive-%d0%b2%d0%be%d0%b4%d0%be%d0%bd%d0%b5%d0%bf%d1%80%d0%be%d0%bd%d0%b8%d1%86%d0%b0%d0%b5%d0%bc%d1%8b%d0%b9-%d1%87%d0%b5%d1%85%d0%be%d0%bb-%d0%b4%d0%bb%d1%8f-%d1%82%d0%b5%d0%bb%d0%b5\/#primaryimage"},"thumbnailUrl":"https:\/\/gohike.lv\/wp-content\/uploads\/2025\/09\/DeepDive_.webp","datePublished":"2025-09-04T08:08:21+00:00","dateModified":"2025-12-30T14:17:52+00:00","description":"\u0427\u0435\u0445\u043e\u043b \u0441 IPX8 \u0432\u043b\u0430\u0433\u043e\u0437\u0430\u0449\u0438\u0442\u043e\u0439, 4-\u0441\u043b\u043e\u0439\u043d\u044b\u043c \u0443\u043f\u043b\u043e\u0442\u043d\u0435\u043d\u0438\u0435\u043c, \u0432\u043e\u0437\u0434\u0443\u0448\u043d\u044b\u043c\u0438 \u043f\u043e\u0434\u0443\u0448\u043a\u0430\u043c\u0438 \u0438 \u0441\u0435\u043d\u0441\u043e\u0440\u043d\u044b\u043c \u044d\u043a\u0440\u0430\u043d\u043e\u043c.","breadcrumb":{"@id":"https:\/\/gohike.lv\/ru\/produkts\/baseus-deepdive-%d0%b2%d0%be%d0%b4%d0%be%d0%bd%d0%b5%d0%bf%d1%80%d0%be%d0%bd%d0%b8%d1%86%d0%b0%d0%b5%d0%bc%d1%8b%d0%b9-%d1%87%d0%b5%d1%85%d0%be%d0%bb-%d0%b4%d0%bb%d1%8f-%d1%82%d0%b5%d0%bb%d0%b5\/#breadcrumb"},"inLanguage":"ru-RU","potentialAction":[{"@type":"ReadAction","target":["https:\/\/gohike.lv\/ru\/produkts\/baseus-deepdive-%d0%b2%d0%be%d0%b4%d0%be%d0%bd%d0%b5%d0%bf%d1%80%d0%be%d0%bd%d0%b8%d1%86%d0%b0%d0%b5%d0%bc%d1%8b%d0%b9-%d1%87%d0%b5%d1%85%d0%be%d0%bb-%d0%b4%d0%bb%d1%8f-%d1%82%d0%b5%d0%bb%d0%b5\/"]}]},{"@type":"ImageObject","inLanguage":"ru-RU","@id":"https:\/\/gohike.lv\/ru\/produkts\/baseus-deepdive-%d0%b2%d0%be%d0%b4%d0%be%d0%bd%d0%b5%d0%bf%d1%80%d0%be%d0%bd%d0%b8%d1%86%d0%b0%d0%b5%d0%bc%d1%8b%d0%b9-%d1%87%d0%b5%d1%85%d0%be%d0%bb-%d0%b4%d0%bb%d1%8f-%d1%82%d0%b5%d0%bb%d0%b5\/#primaryimage","url":"https:\/\/gohike.lv\/wp-content\/uploads\/2025\/09\/DeepDive_.webp","contentUrl":"https:\/\/gohike.lv\/wp-content\/uploads\/2025\/09\/DeepDive_.webp","width":800,"height":800},{"@type":"BreadcrumbList","@id":"https:\/\/gohike.lv\/ru\/produkts\/baseus-deepdive-%d0%b2%d0%be%d0%b4%d0%be%d0%bd%d0%b5%d0%bf%d1%80%d0%be%d0%bd%d0%b8%d1%86%d0%b0%d0%b5%d0%bc%d1%8b%d0%b9-%d1%87%d0%b5%d1%85%d0%be%d0%bb-%d0%b4%d0%bb%d1%8f-%d1%82%d0%b5%d0%bb%d0%b5\/#breadcrumb","itemListElement":[{"@type":"ListItem","position":1,"name":"\u0413\u043b\u0430\u0432\u043d\u0430\u044f","item":"https:\/\/gohike.lv\/ru\/"},{"@type":"ListItem","position":2,"name":"\u041a\u0430\u0442\u0435\u0433\u043e\u0440\u0438\u0438 \u0442\u043e\u0432\u0430\u0440\u043e\u0432","item":"https:\/\/gohike.lv\/%d0%ba%d0%b0%d1%82%d0%b5%d0%b3%d0%be%d1%80%d0%b8%d0%b8-%d1%82%d0%be%d0%b2%d0%b0%d1%80%d0%be%d0%b2\/"},{"@type":"ListItem","position":3,"name":"Baseus &#8211; DeepDive \u0432\u043e\u0434\u043e\u043d\u0435\u043f\u0440\u043e\u043d\u0438\u0446\u0430\u0435\u043c\u044b\u0439 \u0447\u0435\u0445\u043e\u043b \u0434\u043b\u044f \u0442\u0435\u043b\u0435\u0444\u043e\u043d\u0430"}]},{"@type":"WebSite","@id":"https:\/\/gohike.lv\/ru\/#website","url":"https:\/\/gohike.lv\/ru\/","name":"GoHike","description":"","publisher":{"@id":"https:\/\/gohike.lv\/ru\/#organization"},"potentialAction":[{"@type":"SearchAction","target":{"@type":"EntryPoint","urlTemplate":"https:\/\/gohike.lv\/ru\/?s={search_term_string}"},"query-input":{"@type":"PropertyValueSpecification","valueRequired":true,"valueName":"search_term_string"}}],"inLanguage":"ru-RU"},{"@type":"Organization","@id":"https:\/\/gohike.lv\/ru\/#organization","name":"GoHike","url":"https:\/\/gohike.lv\/ru\/","logo":{"@type":"ImageObject","inLanguage":"ru-RU","@id":"https:\/\/gohike.lv\/ru\/#\/schema\/logo\/image\/","url":"https:\/\/gohike.lv\/wp-content\/uploads\/2023\/08\/Logo_GoHike.webp","contentUrl":"https:\/\/gohike.lv\/wp-content\/uploads\/2023\/08\/Logo_GoHike.webp","width":512,"height":512,"caption":"GoHike"},"image":{"@id":"https:\/\/gohike.lv\/ru\/#\/schema\/logo\/image\/"},"sameAs":["https:\/\/www.facebook.com\/gohike.shop\/","https:\/\/www.instagram.com\/gohike.shop\/"]}]}},"jetpack_sharing_enabled":true,"_links":{"self":[{"href":"https:\/\/gohike.lv\/ru\/wp-json\/wp\/v2\/product\/114586","targetHints":{"allow":["GET"]}}],"collection":[{"href":"https:\/\/gohike.lv\/ru\/wp-json\/wp\/v2\/product"}],"about":[{"href":"https:\/\/gohike.lv\/ru\/wp-json\/wp\/v2\/types\/product"}],"version-history":[{"count":0,"href":"https:\/\/gohike.lv\/ru\/wp-json\/wp\/v2\/product\/114586\/revisions"}],"wp:featuredmedia":[{"embeddable":true,"href":"https:\/\/gohike.lv\/ru\/wp-json\/wp\/v2\/media\/114439"}],"wp:attachment":[{"href":"https:\/\/gohike.lv\/ru\/wp-json\/wp\/v2\/media?parent=114586"}],"wp:term":[{"taxonomy":"product_brand","embeddable":true,"href":"https:\/\/gohike.lv\/ru\/wp-json\/wp\/v2\/product_brand?post=114586"},{"taxonomy":"product_cat","embeddable":true,"href":"https:\/\/gohike.lv\/ru\/wp-json\/wp\/v2\/product_cat?post=114586"},{"taxonomy":"product_tag","embeddable":true,"href":"https:\/\/gohike.lv\/ru\/wp-json\/wp\/v2\/product_tag?post=114586"}],"curies":[{"name":"wp","href":"https:\/\/api.w.org\/{rel}","templated":true}]}}