{"id":114579,"date":"2025-09-04T11:08:21","date_gmt":"2025-09-04T08:08:21","guid":{"rendered":"https:\/\/gohike.lv\/produkts\/baseus-%d0%b2%d0%bd%d0%b5%d1%88%d0%bd%d0%b8%d0%b9-%d0%b0%d0%ba%d0%ba%d1%83%d0%bc%d1%83%d0%bb%d1%8f%d1%82%d0%be%d1%80-airpow-20000mah-20w\/"},"modified":"2025-10-02T02:35:06","modified_gmt":"2025-10-01T23:35:06","slug":"baseus-%d0%b2%d0%bd%d0%b5%d1%88%d0%bd%d0%b8%d0%b9-%d0%b0%d0%ba%d0%ba%d1%83%d0%bc%d1%83%d0%bb%d1%8f%d1%82%d0%be%d1%80-airpow-20000mah-20w","status":"publish","type":"product","link":"https:\/\/gohike.lv\/ru\/produkts\/baseus-%d0%b2%d0%bd%d0%b5%d1%88%d0%bd%d0%b8%d0%b9-%d0%b0%d0%ba%d0%ba%d1%83%d0%bc%d1%83%d0%bb%d1%8f%d1%82%d0%be%d1%80-airpow-20000mah-20w\/","title":{"rendered":"Baseus &#8212; \u0412\u043d\u0435\u0448\u043d\u0438\u0439 \u0430\u043a\u043a\u0443\u043c\u0443\u043b\u044f\u0442\u043e\u0440 AirPow 20000mAh 20W"},"content":{"rendered":"<p>Baseus AirPow \u2014 \u044d\u0442\u043e \u0432\u043d\u0435\u0448\u043d\u0438\u0439 \u0430\u043a\u043a\u0443\u043c\u0443\u043b\u044f\u0442\u043e\u0440 \u0451\u043c\u043a\u043e\u0441\u0442\u044c\u044e 20000 \u043c\u0410\u00b7\u0447, \u043a\u043e\u0442\u043e\u0440\u044b\u0439 \u043f\u043e\u0434\u0434\u0435\u0440\u0436\u0438\u0432\u0430\u0435\u0442 \u0431\u044b\u0441\u0442\u0440\u0443\u044e \u0437\u0430\u0440\u044f\u0434\u043a\u0443 PD 20W. \u041e\u043d \u0441\u043f\u043e\u0441\u043e\u0431\u0435\u043d \u0437\u0430\u0440\u044f\u0434\u0438\u0442\u044c iPhone 13 \u0434\u043e 60% \u0432\u0441\u0435\u0433\u043e \u0437\u0430 30 \u043c\u0438\u043d\u0443\u0442 (\u0447\u0435\u0440\u0435\u0437 \u043a\u0430\u0431\u0435\u043b\u044c USB-C\/USB-C). \u0411\u043b\u0430\u0433\u043e\u0434\u0430\u0440\u044f \u0442\u0440\u0451\u043c \u043f\u043e\u0440\u0442\u0430\u043c (USB-C, USB-A, Micro-USB) \u043c\u043e\u0436\u043d\u043e \u043e\u0434\u043d\u043e\u0432\u0440\u0435\u043c\u0435\u043d\u043d\u043e \u0437\u0430\u0440\u044f\u0436\u0430\u0442\u044c \u0434\u043e \u0442\u0440\u0451\u0445 \u0443\u0441\u0442\u0440\u043e\u0439\u0441\u0442\u0432 \u0441 \u043e\u0431\u0449\u0435\u0439 \u043c\u043e\u0449\u043d\u043e\u0441\u0442\u044c\u044e \u0434\u043e 15W.<\/p>\n<p>\u041d\u0430 \u043a\u043e\u0440\u043f\u0443\u0441\u0435 \u0440\u0430\u0441\u043f\u043e\u043b\u043e\u0436\u0435\u043d LED-\u0438\u043d\u0434\u0438\u043a\u0430\u0442\u043e\u0440 \u0437\u0430\u0440\u044f\u0434\u0430, \u0430 \u0432\u0441\u0442\u0440\u043e\u0435\u043d\u043d\u044b\u0435 \u0441\u0438\u0441\u0442\u0435\u043c\u044b \u0437\u0430\u0449\u0438\u0442\u044b \u043f\u0440\u0435\u0434\u043e\u0442\u0432\u0440\u0430\u0449\u0430\u044e\u0442 \u043f\u0435\u0440\u0435\u0433\u0440\u0435\u0432, \u043f\u0435\u0440\u0435\u0437\u0430\u0440\u044f\u0434\u043a\u0443 \u0438 \u043a\u043e\u0440\u043e\u0442\u043a\u043e\u0435 \u0437\u0430\u043c\u044b\u043a\u0430\u043d\u0438\u0435. \u0423\u0441\u0442\u0440\u043e\u0439\u0441\u0442\u0432\u043e \u0438\u043c\u0435\u0435\u0442 UL-\u0441\u0435\u0440\u0442\u0438\u0444\u0438\u043a\u0430\u0446\u0438\u044e \u0431\u0435\u0437\u043e\u043f\u0430\u0441\u043d\u043e\u0441\u0442\u0438 \u0438 \u044d\u0440\u0433\u043e\u043d\u043e\u043c\u0438\u0447\u043d\u044b\u0439 \u0434\u0438\u0437\u0430\u0439\u043d \u0441 \u043b\u0430\u0437\u0435\u0440\u043d\u043e\u0439 \u0442\u0435\u043a\u0441\u0442\u0443\u0440\u043e\u0439 \u0434\u043b\u044f \u0443\u0434\u043e\u0431\u043d\u043e\u0433\u043e \u0445\u0432\u0430\u0442\u0430.<\/p>\n<p>\u0410\u0442\u0440\u0438\u0431\u0443\u0442\u044b:<\/p>\n<p>\u0401\u043c\u043a\u043e\u0441\u0442\u044c: 20000 \u043c\u0410\u00b7\u0447 (Li-polim\u0113rs)<\/p>\n<p>\u041c\u0430\u043a\u0441. \u043c\u043e\u0449\u043d\u043e\u0441\u0442\u044c: 20W (USB-C)<\/p>\n<p>\u041f\u043e\u0440\u0442\u044b: 1\u00d7 USB-C, 1\u00d7 USB-A, 1\u00d7 Micro-USB<\/p>\n<p>\u0412\u0445\u043e\u0434: USB-C (18W), Micro-USB (18W)<\/p>\n<p>\u0412\u044b\u0445\u043e\u0434: USB-C (20W), USB-A (18W)<\/p>\n<p>\u0420\u0430\u0437\u043c\u0435\u0440\u044b: 15.4 \u00d7 6.9 \u00d7 2.9 \u0441\u043c<\/p>\n<p>\u0412\u0435\u0441: 440 \u0433<\/p>\n<p>\u041e\u0441\u043e\u0431\u0435\u043d\u043d\u043e\u0441\u0442\u0438: \u0431\u044b\u0441\u0442\u0440\u0430\u044f \u0437\u0430\u0440\u044f\u0434\u043a\u0430 PD 3.0, \u0441\u043a\u0432\u043e\u0437\u043d\u0430\u044f \u0437\u0430\u0440\u044f\u0434\u043a\u0430, LED-\u0438\u043d\u0434\u0438\u043a\u0430\u0442\u043e\u0440, UL-\u0441\u0435\u0440\u0442\u0438\u0444\u0438\u043a\u0430\u0446\u0438\u044f<\/p>\n<p>\u0426\u0432\u0435\u0442: \u0447\u0451\u0440\u043d\u044b\u0439<\/p>\n","protected":false},"excerpt":{"rendered":"<p>\u041c\u043e\u0449\u043d\u044b\u0439 power bank \u043d\u0430 20000 \u043c\u0410\u00b7\u0447 \u0441 \u0431\u044b\u0441\u0442\u0440\u043e\u0439 \u0437\u0430\u0440\u044f\u0434\u043a\u043e\u0439 PD 20W, 3 \u043f\u043e\u0440\u0442\u0430\u043c\u0438 \u0438 LED-\u0438\u043d\u0434\u0438\u043a\u0430\u0442\u043e\u0440\u043e\u043c.<\/p>\n","protected":false},"featured_media":114390,"template":"","meta":[],"product_brand":[14878],"product_cat":[4278],"product_tag":[],"class_list":{"0":"post-114579","1":"product","2":"type-product","3":"status-publish","4":"has-post-thumbnail","6":"product_brand-baseus","7":"product_cat-apavi","8":"pa_-15-46-92-9","10":"first","11":"instock","12":"taxable","13":"shipping-taxable","14":"purchasable","15":"product-type-simple"},"raw_content":{"name":"Baseus - \u0412\u043d\u0435\u0448\u043d\u0438\u0439 \u0430\u043a\u043a\u0443\u043c\u0443\u043b\u044f\u0442\u043e\u0440 AirPow 20000mAh 20W","description":"Baseus AirPow \u2014 \u044d\u0442\u043e \u0432\u043d\u0435\u0448\u043d\u0438\u0439 \u0430\u043a\u043a\u0443\u043c\u0443\u043b\u044f\u0442\u043e\u0440 \u0451\u043c\u043a\u043e\u0441\u0442\u044c\u044e 20000 \u043c\u0410\u00b7\u0447, \u043a\u043e\u0442\u043e\u0440\u044b\u0439 \u043f\u043e\u0434\u0434\u0435\u0440\u0436\u0438\u0432\u0430\u0435\u0442 \u0431\u044b\u0441\u0442\u0440\u0443\u044e \u0437\u0430\u0440\u044f\u0434\u043a\u0443 PD 20W. \u041e\u043d \u0441\u043f\u043e\u0441\u043e\u0431\u0435\u043d \u0437\u0430\u0440\u044f\u0434\u0438\u0442\u044c iPhone 13 \u0434\u043e 60% \u0432\u0441\u0435\u0433\u043e \u0437\u0430 30 \u043c\u0438\u043d\u0443\u0442 (\u0447\u0435\u0440\u0435\u0437 \u043a\u0430\u0431\u0435\u043b\u044c USB-C\/USB-C). \u0411\u043b\u0430\u0433\u043e\u0434\u0430\u0440\u044f \u0442\u0440\u0451\u043c \u043f\u043e\u0440\u0442\u0430\u043c (USB-C, USB-A, Micro-USB) \u043c\u043e\u0436\u043d\u043e \u043e\u0434\u043d\u043e\u0432\u0440\u0435\u043c\u0435\u043d\u043d\u043e \u0437\u0430\u0440\u044f\u0436\u0430\u0442\u044c \u0434\u043e \u0442\u0440\u0451\u0445 \u0443\u0441\u0442\u0440\u043e\u0439\u0441\u0442\u0432 \u0441 \u043e\u0431\u0449\u0435\u0439 \u043c\u043e\u0449\u043d\u043e\u0441\u0442\u044c\u044e \u0434\u043e 15W.\n\n\u041d\u0430 \u043a\u043e\u0440\u043f\u0443\u0441\u0435 \u0440\u0430\u0441\u043f\u043e\u043b\u043e\u0436\u0435\u043d LED-\u0438\u043d\u0434\u0438\u043a\u0430\u0442\u043e\u0440 \u0437\u0430\u0440\u044f\u0434\u0430, \u0430 \u0432\u0441\u0442\u0440\u043e\u0435\u043d\u043d\u044b\u0435 \u0441\u0438\u0441\u0442\u0435\u043c\u044b \u0437\u0430\u0449\u0438\u0442\u044b \u043f\u0440\u0435\u0434\u043e\u0442\u0432\u0440\u0430\u0449\u0430\u044e\u0442 \u043f\u0435\u0440\u0435\u0433\u0440\u0435\u0432, \u043f\u0435\u0440\u0435\u0437\u0430\u0440\u044f\u0434\u043a\u0443 \u0438 \u043a\u043e\u0440\u043e\u0442\u043a\u043e\u0435 \u0437\u0430\u043c\u044b\u043a\u0430\u043d\u0438\u0435. \u0423\u0441\u0442\u0440\u043e\u0439\u0441\u0442\u0432\u043e \u0438\u043c\u0435\u0435\u0442 UL-\u0441\u0435\u0440\u0442\u0438\u0444\u0438\u043a\u0430\u0446\u0438\u044e \u0431\u0435\u0437\u043e\u043f\u0430\u0441\u043d\u043e\u0441\u0442\u0438 \u0438 \u044d\u0440\u0433\u043e\u043d\u043e\u043c\u0438\u0447\u043d\u044b\u0439 \u0434\u0438\u0437\u0430\u0439\u043d \u0441 \u043b\u0430\u0437\u0435\u0440\u043d\u043e\u0439 \u0442\u0435\u043a\u0441\u0442\u0443\u0440\u043e\u0439 \u0434\u043b\u044f \u0443\u0434\u043e\u0431\u043d\u043e\u0433\u043e \u0445\u0432\u0430\u0442\u0430.\n\n\u0410\u0442\u0440\u0438\u0431\u0443\u0442\u044b:\n\n\u0401\u043c\u043a\u043e\u0441\u0442\u044c: 20000 \u043c\u0410\u00b7\u0447 (Li-polim\u0113rs)\n\n\u041c\u0430\u043a\u0441. \u043c\u043e\u0449\u043d\u043e\u0441\u0442\u044c: 20W (USB-C)\n\n\u041f\u043e\u0440\u0442\u044b: 1\u00d7 USB-C, 1\u00d7 USB-A, 1\u00d7 Micro-USB\n\n\u0412\u0445\u043e\u0434: USB-C (18W), Micro-USB (18W)\n\n\u0412\u044b\u0445\u043e\u0434: USB-C (20W), USB-A (18W)\n\n\u0420\u0430\u0437\u043c\u0435\u0440\u044b: 15.4 \u00d7 6.9 \u00d7 2.9 \u0441\u043c\n\n\u0412\u0435\u0441: 440 \u0433\n\n\u041e\u0441\u043e\u0431\u0435\u043d\u043d\u043e\u0441\u0442\u0438: \u0431\u044b\u0441\u0442\u0440\u0430\u044f \u0437\u0430\u0440\u044f\u0434\u043a\u0430 PD 3.0, \u0441\u043a\u0432\u043e\u0437\u043d\u0430\u044f \u0437\u0430\u0440\u044f\u0434\u043a\u0430, LED-\u0438\u043d\u0434\u0438\u043a\u0430\u0442\u043e\u0440, UL-\u0441\u0435\u0440\u0442\u0438\u0444\u0438\u043a\u0430\u0446\u0438\u044f\n\n\u0426\u0432\u0435\u0442: \u0447\u0451\u0440\u043d\u044b\u0439","short_description":"\u041c\u043e\u0449\u043d\u044b\u0439 power bank \u043d\u0430 20000 \u043c\u0410\u00b7\u0447 \u0441 \u0431\u044b\u0441\u0442\u0440\u043e\u0439 \u0437\u0430\u0440\u044f\u0434\u043a\u043e\u0439 PD 20W, 3 \u043f\u043e\u0440\u0442\u0430\u043c\u0438 \u0438 LED-\u0438\u043d\u0434\u0438\u043a\u0430\u0442\u043e\u0440\u043e\u043c.","status":"publish","sku":"6932172648718","original":114386},"wpml":{"translation_type":1,"has_translations":true,"original":114386,"duplicates":[],"translations":{"lv":114386,"en":114543,"ru":114579}},"supplier_id":null,"supplier_sku":"","barcode":null,"atum_controlled":true,"out_stock_date":null,"out_stock_threshold":null,"inheritable":false,"inbound_stock":0,"stock_on_hold":0,"sold_today":0,"sales_last_days":0,"reserved_stock":0,"customer_returns":0,"warehouse_damage":0,"lost_in_post":0,"other_logs":0,"out_stock_days":0,"lost_sales":0,"has_location":false,"update_date":"2026-04-07T12:37:00","atum_locations":[],"atum_stock_status":"instock","restock_status":false,"low_stock_amount":"","sales_update_date":"2026-04-07T12:37:00","calc_backorders":null,"yoast_head":"<!-- This site is optimized with the Yoast SEO plugin v27.5 - https:\/\/yoast.com\/product\/yoast-seo-wordpress\/ -->\n<title>Baseus - \u0412\u043d\u0435\u0448\u043d\u0438\u0439 \u0430\u043a\u043a\u0443\u043c\u0443\u043b\u044f\u0442\u043e\u0440 AirPow 20000mAh 20W<\/title>\n<meta name=\"description\" content=\"\u041c\u043e\u0449\u043d\u044b\u0439 power bank \u043d\u0430 20000 \u043c\u0410\u00b7\u0447 \u0441 \u0431\u044b\u0441\u0442\u0440\u043e\u0439 \u0437\u0430\u0440\u044f\u0434\u043a\u043e\u0439 PD 20W, 3 \u043f\u043e\u0440\u0442\u0430\u043c\u0438 \u0438 LED-\u0438\u043d\u0434\u0438\u043a\u0430\u0442\u043e\u0440\u043e\u043c.\" \/>\n<meta name=\"robots\" content=\"index, follow, max-snippet:-1, max-image-preview:large, max-video-preview:-1\" \/>\n<link rel=\"canonical\" href=\"https:\/\/gohike.lv\/ru\/produkts\/baseus-%d0%b2%d0%bd%d0%b5%d1%88%d0%bd%d0%b8%d0%b9-%d0%b0%d0%ba%d0%ba%d1%83%d0%bc%d1%83%d0%bb%d1%8f%d1%82%d0%be%d1%80-airpow-20000mah-20w\/\" \/>\n<meta property=\"og:locale\" content=\"ru_RU\" \/>\n<meta property=\"og:type\" content=\"article\" \/>\n<meta property=\"og:title\" content=\"Baseus - \u0412\u043d\u0435\u0448\u043d\u0438\u0439 \u0430\u043a\u043a\u0443\u043c\u0443\u043b\u044f\u0442\u043e\u0440 AirPow 20000mAh 20W\" \/>\n<meta property=\"og:description\" content=\"\u041c\u043e\u0449\u043d\u044b\u0439 power bank \u043d\u0430 20000 \u043c\u0410\u00b7\u0447 \u0441 \u0431\u044b\u0441\u0442\u0440\u043e\u0439 \u0437\u0430\u0440\u044f\u0434\u043a\u043e\u0439 PD 20W, 3 \u043f\u043e\u0440\u0442\u0430\u043c\u0438 \u0438 LED-\u0438\u043d\u0434\u0438\u043a\u0430\u0442\u043e\u0440\u043e\u043c.\" \/>\n<meta property=\"og:url\" content=\"https:\/\/gohike.lv\/ru\/produkts\/baseus-%d0%b2%d0%bd%d0%b5%d1%88%d0%bd%d0%b8%d0%b9-%d0%b0%d0%ba%d0%ba%d1%83%d0%bc%d1%83%d0%bb%d1%8f%d1%82%d0%be%d1%80-airpow-20000mah-20w\/\" \/>\n<meta property=\"og:site_name\" content=\"GoHike\" \/>\n<meta property=\"article:publisher\" content=\"https:\/\/www.facebook.com\/gohike.shop\/\" \/>\n<meta property=\"article:modified_time\" content=\"2025-10-01T23:35:06+00:00\" \/>\n<meta property=\"og:image\" content=\"https:\/\/gohike.lv\/wp-content\/uploads\/2025\/09\/Airpow20_.webp\" \/>\n\t<meta property=\"og:image:width\" content=\"800\" \/>\n\t<meta property=\"og:image:height\" content=\"800\" \/>\n\t<meta property=\"og:image:type\" content=\"image\/webp\" \/>\n<meta name=\"twitter:card\" content=\"summary_large_image\" \/>\n<meta name=\"twitter:title\" content=\"Baseus - \u0412\u043d\u0435\u0448\u043d\u0438\u0439 \u0430\u043a\u043a\u0443\u043c\u0443\u043b\u044f\u0442\u043e\u0440 AirPow 20000mAh 20W\" \/>\n<script type=\"application\/ld+json\" class=\"yoast-schema-graph\">{\"@context\":\"https:\\\/\\\/schema.org\",\"@graph\":[{\"@type\":[\"WebPage\",\"ItemPage\"],\"@id\":\"https:\\\/\\\/gohike.lv\\\/ru\\\/produkts\\\/baseus-%d0%b2%d0%bd%d0%b5%d1%88%d0%bd%d0%b8%d0%b9-%d0%b0%d0%ba%d0%ba%d1%83%d0%bc%d1%83%d0%bb%d1%8f%d1%82%d0%be%d1%80-airpow-20000mah-20w\\\/\",\"url\":\"https:\\\/\\\/gohike.lv\\\/ru\\\/produkts\\\/baseus-%d0%b2%d0%bd%d0%b5%d1%88%d0%bd%d0%b8%d0%b9-%d0%b0%d0%ba%d0%ba%d1%83%d0%bc%d1%83%d0%bb%d1%8f%d1%82%d0%be%d1%80-airpow-20000mah-20w\\\/\",\"name\":\"Baseus - \u0412\u043d\u0435\u0448\u043d\u0438\u0439 \u0430\u043a\u043a\u0443\u043c\u0443\u043b\u044f\u0442\u043e\u0440 AirPow 20000mAh 20W\",\"isPartOf\":{\"@id\":\"https:\\\/\\\/gohike.lv\\\/ru\\\/#website\"},\"primaryImageOfPage\":{\"@id\":\"https:\\\/\\\/gohike.lv\\\/ru\\\/produkts\\\/baseus-%d0%b2%d0%bd%d0%b5%d1%88%d0%bd%d0%b8%d0%b9-%d0%b0%d0%ba%d0%ba%d1%83%d0%bc%d1%83%d0%bb%d1%8f%d1%82%d0%be%d1%80-airpow-20000mah-20w\\\/#primaryimage\"},\"image\":{\"@id\":\"https:\\\/\\\/gohike.lv\\\/ru\\\/produkts\\\/baseus-%d0%b2%d0%bd%d0%b5%d1%88%d0%bd%d0%b8%d0%b9-%d0%b0%d0%ba%d0%ba%d1%83%d0%bc%d1%83%d0%bb%d1%8f%d1%82%d0%be%d1%80-airpow-20000mah-20w\\\/#primaryimage\"},\"thumbnailUrl\":\"https:\\\/\\\/gohike.lv\\\/wp-content\\\/uploads\\\/2025\\\/09\\\/Airpow20_.webp\",\"datePublished\":\"2025-09-04T08:08:21+00:00\",\"dateModified\":\"2025-10-01T23:35:06+00:00\",\"description\":\"\u041c\u043e\u0449\u043d\u044b\u0439 power bank \u043d\u0430 20000 \u043c\u0410\u00b7\u0447 \u0441 \u0431\u044b\u0441\u0442\u0440\u043e\u0439 \u0437\u0430\u0440\u044f\u0434\u043a\u043e\u0439 PD 20W, 3 \u043f\u043e\u0440\u0442\u0430\u043c\u0438 \u0438 LED-\u0438\u043d\u0434\u0438\u043a\u0430\u0442\u043e\u0440\u043e\u043c.\",\"breadcrumb\":{\"@id\":\"https:\\\/\\\/gohike.lv\\\/ru\\\/produkts\\\/baseus-%d0%b2%d0%bd%d0%b5%d1%88%d0%bd%d0%b8%d0%b9-%d0%b0%d0%ba%d0%ba%d1%83%d0%bc%d1%83%d0%bb%d1%8f%d1%82%d0%be%d1%80-airpow-20000mah-20w\\\/#breadcrumb\"},\"inLanguage\":\"ru-RU\",\"potentialAction\":[{\"@type\":\"ReadAction\",\"target\":[\"https:\\\/\\\/gohike.lv\\\/ru\\\/produkts\\\/baseus-%d0%b2%d0%bd%d0%b5%d1%88%d0%bd%d0%b8%d0%b9-%d0%b0%d0%ba%d0%ba%d1%83%d0%bc%d1%83%d0%bb%d1%8f%d1%82%d0%be%d1%80-airpow-20000mah-20w\\\/\"]}]},{\"@type\":\"ImageObject\",\"inLanguage\":\"ru-RU\",\"@id\":\"https:\\\/\\\/gohike.lv\\\/ru\\\/produkts\\\/baseus-%d0%b2%d0%bd%d0%b5%d1%88%d0%bd%d0%b8%d0%b9-%d0%b0%d0%ba%d0%ba%d1%83%d0%bc%d1%83%d0%bb%d1%8f%d1%82%d0%be%d1%80-airpow-20000mah-20w\\\/#primaryimage\",\"url\":\"https:\\\/\\\/gohike.lv\\\/wp-content\\\/uploads\\\/2025\\\/09\\\/Airpow20_.webp\",\"contentUrl\":\"https:\\\/\\\/gohike.lv\\\/wp-content\\\/uploads\\\/2025\\\/09\\\/Airpow20_.webp\",\"width\":800,\"height\":800},{\"@type\":\"BreadcrumbList\",\"@id\":\"https:\\\/\\\/gohike.lv\\\/ru\\\/produkts\\\/baseus-%d0%b2%d0%bd%d0%b5%d1%88%d0%bd%d0%b8%d0%b9-%d0%b0%d0%ba%d0%ba%d1%83%d0%bc%d1%83%d0%bb%d1%8f%d1%82%d0%be%d1%80-airpow-20000mah-20w\\\/#breadcrumb\",\"itemListElement\":[{\"@type\":\"ListItem\",\"position\":1,\"name\":\"\u0413\u043b\u0430\u0432\u043d\u0430\u044f\",\"item\":\"https:\\\/\\\/gohike.lv\\\/ru\\\/\"},{\"@type\":\"ListItem\",\"position\":2,\"name\":\"\u041a\u0430\u0442\u0435\u0433\u043e\u0440\u0438\u0438 \u0442\u043e\u0432\u0430\u0440\u043e\u0432\",\"item\":\"https:\\\/\\\/gohike.lv\\\/%d0%ba%d0%b0%d1%82%d0%b5%d0%b3%d0%be%d1%80%d0%b8%d0%b8-%d1%82%d0%be%d0%b2%d0%b0%d1%80%d0%be%d0%b2\\\/\"},{\"@type\":\"ListItem\",\"position\":3,\"name\":\"Baseus &#8211; \u0412\u043d\u0435\u0448\u043d\u0438\u0439 \u0430\u043a\u043a\u0443\u043c\u0443\u043b\u044f\u0442\u043e\u0440 AirPow 20000mAh 20W\"}]},{\"@type\":\"WebSite\",\"@id\":\"https:\\\/\\\/gohike.lv\\\/ru\\\/#website\",\"url\":\"https:\\\/\\\/gohike.lv\\\/ru\\\/\",\"name\":\"GoHike\",\"description\":\"\",\"publisher\":{\"@id\":\"https:\\\/\\\/gohike.lv\\\/ru\\\/#organization\"},\"potentialAction\":[{\"@type\":\"SearchAction\",\"target\":{\"@type\":\"EntryPoint\",\"urlTemplate\":\"https:\\\/\\\/gohike.lv\\\/ru\\\/?s={search_term_string}\"},\"query-input\":{\"@type\":\"PropertyValueSpecification\",\"valueRequired\":true,\"valueName\":\"search_term_string\"}}],\"inLanguage\":\"ru-RU\"},{\"@type\":\"Organization\",\"@id\":\"https:\\\/\\\/gohike.lv\\\/ru\\\/#organization\",\"name\":\"GoHike\",\"url\":\"https:\\\/\\\/gohike.lv\\\/ru\\\/\",\"logo\":{\"@type\":\"ImageObject\",\"inLanguage\":\"ru-RU\",\"@id\":\"https:\\\/\\\/gohike.lv\\\/ru\\\/#\\\/schema\\\/logo\\\/image\\\/\",\"url\":\"https:\\\/\\\/gohike.lv\\\/wp-content\\\/uploads\\\/2023\\\/08\\\/Logo_GoHike.webp\",\"contentUrl\":\"https:\\\/\\\/gohike.lv\\\/wp-content\\\/uploads\\\/2023\\\/08\\\/Logo_GoHike.webp\",\"width\":512,\"height\":512,\"caption\":\"GoHike\"},\"image\":{\"@id\":\"https:\\\/\\\/gohike.lv\\\/ru\\\/#\\\/schema\\\/logo\\\/image\\\/\"},\"sameAs\":[\"https:\\\/\\\/www.facebook.com\\\/gohike.shop\\\/\",\"https:\\\/\\\/www.instagram.com\\\/gohike.shop\\\/\"]}]}<\/script>\n<!-- \/ Yoast SEO plugin. -->","yoast_head_json":{"title":"Baseus - \u0412\u043d\u0435\u0448\u043d\u0438\u0439 \u0430\u043a\u043a\u0443\u043c\u0443\u043b\u044f\u0442\u043e\u0440 AirPow 20000mAh 20W","description":"\u041c\u043e\u0449\u043d\u044b\u0439 power bank \u043d\u0430 20000 \u043c\u0410\u00b7\u0447 \u0441 \u0431\u044b\u0441\u0442\u0440\u043e\u0439 \u0437\u0430\u0440\u044f\u0434\u043a\u043e\u0439 PD 20W, 3 \u043f\u043e\u0440\u0442\u0430\u043c\u0438 \u0438 LED-\u0438\u043d\u0434\u0438\u043a\u0430\u0442\u043e\u0440\u043e\u043c.","robots":{"index":"index","follow":"follow","max-snippet":"max-snippet:-1","max-image-preview":"max-image-preview:large","max-video-preview":"max-video-preview:-1"},"canonical":"https:\/\/gohike.lv\/ru\/produkts\/baseus-%d0%b2%d0%bd%d0%b5%d1%88%d0%bd%d0%b8%d0%b9-%d0%b0%d0%ba%d0%ba%d1%83%d0%bc%d1%83%d0%bb%d1%8f%d1%82%d0%be%d1%80-airpow-20000mah-20w\/","og_locale":"ru_RU","og_type":"article","og_title":"Baseus - \u0412\u043d\u0435\u0448\u043d\u0438\u0439 \u0430\u043a\u043a\u0443\u043c\u0443\u043b\u044f\u0442\u043e\u0440 AirPow 20000mAh 20W","og_description":"\u041c\u043e\u0449\u043d\u044b\u0439 power bank \u043d\u0430 20000 \u043c\u0410\u00b7\u0447 \u0441 \u0431\u044b\u0441\u0442\u0440\u043e\u0439 \u0437\u0430\u0440\u044f\u0434\u043a\u043e\u0439 PD 20W, 3 \u043f\u043e\u0440\u0442\u0430\u043c\u0438 \u0438 LED-\u0438\u043d\u0434\u0438\u043a\u0430\u0442\u043e\u0440\u043e\u043c.","og_url":"https:\/\/gohike.lv\/ru\/produkts\/baseus-%d0%b2%d0%bd%d0%b5%d1%88%d0%bd%d0%b8%d0%b9-%d0%b0%d0%ba%d0%ba%d1%83%d0%bc%d1%83%d0%bb%d1%8f%d1%82%d0%be%d1%80-airpow-20000mah-20w\/","og_site_name":"GoHike","article_publisher":"https:\/\/www.facebook.com\/gohike.shop\/","article_modified_time":"2025-10-01T23:35:06+00:00","og_image":[{"width":800,"height":800,"url":"https:\/\/gohike.lv\/wp-content\/uploads\/2025\/09\/Airpow20_.webp","type":"image\/webp"}],"twitter_card":"summary_large_image","twitter_title":"Baseus - \u0412\u043d\u0435\u0448\u043d\u0438\u0439 \u0430\u043a\u043a\u0443\u043c\u0443\u043b\u044f\u0442\u043e\u0440 AirPow 20000mAh 20W","schema":{"@context":"https:\/\/schema.org","@graph":[{"@type":["WebPage","ItemPage"],"@id":"https:\/\/gohike.lv\/ru\/produkts\/baseus-%d0%b2%d0%bd%d0%b5%d1%88%d0%bd%d0%b8%d0%b9-%d0%b0%d0%ba%d0%ba%d1%83%d0%bc%d1%83%d0%bb%d1%8f%d1%82%d0%be%d1%80-airpow-20000mah-20w\/","url":"https:\/\/gohike.lv\/ru\/produkts\/baseus-%d0%b2%d0%bd%d0%b5%d1%88%d0%bd%d0%b8%d0%b9-%d0%b0%d0%ba%d0%ba%d1%83%d0%bc%d1%83%d0%bb%d1%8f%d1%82%d0%be%d1%80-airpow-20000mah-20w\/","name":"Baseus - \u0412\u043d\u0435\u0448\u043d\u0438\u0439 \u0430\u043a\u043a\u0443\u043c\u0443\u043b\u044f\u0442\u043e\u0440 AirPow 20000mAh 20W","isPartOf":{"@id":"https:\/\/gohike.lv\/ru\/#website"},"primaryImageOfPage":{"@id":"https:\/\/gohike.lv\/ru\/produkts\/baseus-%d0%b2%d0%bd%d0%b5%d1%88%d0%bd%d0%b8%d0%b9-%d0%b0%d0%ba%d0%ba%d1%83%d0%bc%d1%83%d0%bb%d1%8f%d1%82%d0%be%d1%80-airpow-20000mah-20w\/#primaryimage"},"image":{"@id":"https:\/\/gohike.lv\/ru\/produkts\/baseus-%d0%b2%d0%bd%d0%b5%d1%88%d0%bd%d0%b8%d0%b9-%d0%b0%d0%ba%d0%ba%d1%83%d0%bc%d1%83%d0%bb%d1%8f%d1%82%d0%be%d1%80-airpow-20000mah-20w\/#primaryimage"},"thumbnailUrl":"https:\/\/gohike.lv\/wp-content\/uploads\/2025\/09\/Airpow20_.webp","datePublished":"2025-09-04T08:08:21+00:00","dateModified":"2025-10-01T23:35:06+00:00","description":"\u041c\u043e\u0449\u043d\u044b\u0439 power bank \u043d\u0430 20000 \u043c\u0410\u00b7\u0447 \u0441 \u0431\u044b\u0441\u0442\u0440\u043e\u0439 \u0437\u0430\u0440\u044f\u0434\u043a\u043e\u0439 PD 20W, 3 \u043f\u043e\u0440\u0442\u0430\u043c\u0438 \u0438 LED-\u0438\u043d\u0434\u0438\u043a\u0430\u0442\u043e\u0440\u043e\u043c.","breadcrumb":{"@id":"https:\/\/gohike.lv\/ru\/produkts\/baseus-%d0%b2%d0%bd%d0%b5%d1%88%d0%bd%d0%b8%d0%b9-%d0%b0%d0%ba%d0%ba%d1%83%d0%bc%d1%83%d0%bb%d1%8f%d1%82%d0%be%d1%80-airpow-20000mah-20w\/#breadcrumb"},"inLanguage":"ru-RU","potentialAction":[{"@type":"ReadAction","target":["https:\/\/gohike.lv\/ru\/produkts\/baseus-%d0%b2%d0%bd%d0%b5%d1%88%d0%bd%d0%b8%d0%b9-%d0%b0%d0%ba%d0%ba%d1%83%d0%bc%d1%83%d0%bb%d1%8f%d1%82%d0%be%d1%80-airpow-20000mah-20w\/"]}]},{"@type":"ImageObject","inLanguage":"ru-RU","@id":"https:\/\/gohike.lv\/ru\/produkts\/baseus-%d0%b2%d0%bd%d0%b5%d1%88%d0%bd%d0%b8%d0%b9-%d0%b0%d0%ba%d0%ba%d1%83%d0%bc%d1%83%d0%bb%d1%8f%d1%82%d0%be%d1%80-airpow-20000mah-20w\/#primaryimage","url":"https:\/\/gohike.lv\/wp-content\/uploads\/2025\/09\/Airpow20_.webp","contentUrl":"https:\/\/gohike.lv\/wp-content\/uploads\/2025\/09\/Airpow20_.webp","width":800,"height":800},{"@type":"BreadcrumbList","@id":"https:\/\/gohike.lv\/ru\/produkts\/baseus-%d0%b2%d0%bd%d0%b5%d1%88%d0%bd%d0%b8%d0%b9-%d0%b0%d0%ba%d0%ba%d1%83%d0%bc%d1%83%d0%bb%d1%8f%d1%82%d0%be%d1%80-airpow-20000mah-20w\/#breadcrumb","itemListElement":[{"@type":"ListItem","position":1,"name":"\u0413\u043b\u0430\u0432\u043d\u0430\u044f","item":"https:\/\/gohike.lv\/ru\/"},{"@type":"ListItem","position":2,"name":"\u041a\u0430\u0442\u0435\u0433\u043e\u0440\u0438\u0438 \u0442\u043e\u0432\u0430\u0440\u043e\u0432","item":"https:\/\/gohike.lv\/%d0%ba%d0%b0%d1%82%d0%b5%d0%b3%d0%be%d1%80%d0%b8%d0%b8-%d1%82%d0%be%d0%b2%d0%b0%d1%80%d0%be%d0%b2\/"},{"@type":"ListItem","position":3,"name":"Baseus &#8211; \u0412\u043d\u0435\u0448\u043d\u0438\u0439 \u0430\u043a\u043a\u0443\u043c\u0443\u043b\u044f\u0442\u043e\u0440 AirPow 20000mAh 20W"}]},{"@type":"WebSite","@id":"https:\/\/gohike.lv\/ru\/#website","url":"https:\/\/gohike.lv\/ru\/","name":"GoHike","description":"","publisher":{"@id":"https:\/\/gohike.lv\/ru\/#organization"},"potentialAction":[{"@type":"SearchAction","target":{"@type":"EntryPoint","urlTemplate":"https:\/\/gohike.lv\/ru\/?s={search_term_string}"},"query-input":{"@type":"PropertyValueSpecification","valueRequired":true,"valueName":"search_term_string"}}],"inLanguage":"ru-RU"},{"@type":"Organization","@id":"https:\/\/gohike.lv\/ru\/#organization","name":"GoHike","url":"https:\/\/gohike.lv\/ru\/","logo":{"@type":"ImageObject","inLanguage":"ru-RU","@id":"https:\/\/gohike.lv\/ru\/#\/schema\/logo\/image\/","url":"https:\/\/gohike.lv\/wp-content\/uploads\/2023\/08\/Logo_GoHike.webp","contentUrl":"https:\/\/gohike.lv\/wp-content\/uploads\/2023\/08\/Logo_GoHike.webp","width":512,"height":512,"caption":"GoHike"},"image":{"@id":"https:\/\/gohike.lv\/ru\/#\/schema\/logo\/image\/"},"sameAs":["https:\/\/www.facebook.com\/gohike.shop\/","https:\/\/www.instagram.com\/gohike.shop\/"]}]}},"jetpack_sharing_enabled":true,"_links":{"self":[{"href":"https:\/\/gohike.lv\/ru\/wp-json\/wp\/v2\/product\/114579","targetHints":{"allow":["GET"]}}],"collection":[{"href":"https:\/\/gohike.lv\/ru\/wp-json\/wp\/v2\/product"}],"about":[{"href":"https:\/\/gohike.lv\/ru\/wp-json\/wp\/v2\/types\/product"}],"version-history":[{"count":0,"href":"https:\/\/gohike.lv\/ru\/wp-json\/wp\/v2\/product\/114579\/revisions"}],"wp:featuredmedia":[{"embeddable":true,"href":"https:\/\/gohike.lv\/ru\/wp-json\/wp\/v2\/media\/114390"}],"wp:attachment":[{"href":"https:\/\/gohike.lv\/ru\/wp-json\/wp\/v2\/media?parent=114579"}],"wp:term":[{"taxonomy":"product_brand","embeddable":true,"href":"https:\/\/gohike.lv\/ru\/wp-json\/wp\/v2\/product_brand?post=114579"},{"taxonomy":"product_cat","embeddable":true,"href":"https:\/\/gohike.lv\/ru\/wp-json\/wp\/v2\/product_cat?post=114579"},{"taxonomy":"product_tag","embeddable":true,"href":"https:\/\/gohike.lv\/ru\/wp-json\/wp\/v2\/product_tag?post=114579"}],"curies":[{"name":"wp","href":"https:\/\/api.w.org\/{rel}","templated":true}]}}