{"id":113858,"date":"2025-08-29T18:44:09","date_gmt":"2025-08-29T15:44:09","guid":{"rendered":"https:\/\/gohike.lv\/?post_type=product&#038;p=113858"},"modified":"2025-12-12T15:21:47","modified_gmt":"2025-12-12T12:21:47","slug":"naturehike-vienreizejais-grils","status":"publish","type":"product","link":"https:\/\/gohike.lv\/ru\/produkts\/naturehike-vienreizejais-grils\/","title":{"rendered":"Naturehike &#8212; Vienreiz\u0113jais grils"},"content":{"rendered":"<p>Naturehike vienreiz\u0113jais grils ir lielisks sabiedrotais p\u0101rg\u0101jieniem, kempingiem un spont\u0101n\u0101m tik\u0161an\u0101s reiz\u0113m dab\u0101. Grila pamatne izgatavota no pastiprin\u0101ta gofr\u0113t\u0101 kartona \u0113rtai transport\u0113\u0161anai un mont\u0101\u017eai. Re\u017e\u0123is ir no dzelzs ar hroma p\u0101rkl\u0101jumu, kas nodro\u0161ina vienm\u0113r\u012bgu karstuma sadal\u012bjumu un iztur\u012bbu. Komplekt\u0101 iek\u013cautas ar\u012b \u0113rtas ner\u016bs\u0113jo\u0161\u0101 t\u0113rauda knaibles.<br \/>\nOgles ir izgatavotas no dab\u012bga \u0101be\u013ckoka pulvera un p\u0101rtikas kvalit\u0101tes celulozes, aizdegas 2 sekund\u0113s un uzsilst 1 min\u016btes laik\u0101, nodro\u0161inot 90\u2013120 min\u016b\u0161u dedzin\u0101\u0161anas laiku 480\u2013550 \u00b0C temperat\u016br\u0101.<br \/>\nAtrib\u016bti:<br \/>\nIzm\u0113ri (cm): 36,3 \u00d7 27,6 \u00d7 16,5<br \/>\nSaloc\u012bts izm\u0113rs (cm): 36,3 \u00d7 27,6 \u00d7 9<br \/>\nGril\u0113\u0161anas laukums: 35 \u00d7 25 cm<br \/>\nSvars: 1059 g<br \/>\nMateri\u0101li: pastiprin\u0101ts kartons (pamatne), \u0101be\u013ckoka pulveris + celuloze (ogles), ner\u016bs\u0113jo\u0161ais t\u0113rauds (re\u017e\u0123is, og\u013cu papl\u0101te, knaibles)<br \/>\nDedzin\u0101\u0161anas laiks: 90\u2013120 min. pie 480\u2013550 \u00b0C<br \/>\nFunkcijas: \u0101tra aizdeg\u0161an\u0101s (2 sek.), uzsilst 1 min., bieza grila rest\u012bte, ner\u016bs\u0113jo\u0161a t\u0113rauda knaibles<\/p>\n","protected":false},"excerpt":{"rendered":"<p>Vienreiz\u0113jais grils ar dab\u012bg\u0101m aug\u013cu koksnes ogl\u0113m un ner\u016bs\u0113jo\u0161a t\u0113rauda re\u017e\u0123i, ide\u0101li piem\u0113rots \u0101ra piedz\u012bvojumiem.<\/p>\n","protected":false},"featured_media":113913,"template":"","meta":[],"product_brand":[156],"product_cat":[1099,9447],"product_tag":[],"class_list":{"0":"post-113858","1":"product","2":"type-product","3":"status-publish","4":"has-post-thumbnail","6":"product_brand-naturehike","7":"product_cat-gatavosana-uz-uguns","8":"product_cat-izpardosana","10":"first","11":"instock","12":"sale","13":"taxable","14":"shipping-taxable","15":"purchasable","16":"product-type-simple"},"raw_content":{"name":"Naturehike - Vienreiz\u0113jais grils","description":"Naturehike vienreiz\u0113jais grils ir lielisks sabiedrotais p\u0101rg\u0101jieniem, kempingiem un spont\u0101n\u0101m tik\u0161an\u0101s reiz\u0113m dab\u0101. Grila pamatne izgatavota no pastiprin\u0101ta gofr\u0113t\u0101 kartona \u0113rtai transport\u0113\u0161anai un mont\u0101\u017eai. Re\u017e\u0123is ir no dzelzs ar hroma p\u0101rkl\u0101jumu, kas nodro\u0161ina vienm\u0113r\u012bgu karstuma sadal\u012bjumu un iztur\u012bbu. Komplekt\u0101 iek\u013cautas ar\u012b \u0113rtas ner\u016bs\u0113jo\u0161\u0101 t\u0113rauda knaibles.\r\nOgles ir izgatavotas no dab\u012bga \u0101be\u013ckoka pulvera un p\u0101rtikas kvalit\u0101tes celulozes, aizdegas 2 sekund\u0113s un uzsilst 1 min\u016btes laik\u0101, nodro\u0161inot 90\u2013120 min\u016b\u0161u dedzin\u0101\u0161anas laiku 480\u2013550 \u00b0C temperat\u016br\u0101.\r\nAtrib\u016bti:\r\nIzm\u0113ri (cm): 36,3 \u00d7 27,6 \u00d7 16,5\r\nSaloc\u012bts izm\u0113rs (cm): 36,3 \u00d7 27,6 \u00d7 9\r\nGril\u0113\u0161anas laukums: 35 \u00d7 25 cm\r\nSvars: 1059 g\r\nMateri\u0101li: pastiprin\u0101ts kartons (pamatne), \u0101be\u013ckoka pulveris + celuloze (ogles), ner\u016bs\u0113jo\u0161ais t\u0113rauds (re\u017e\u0123is, og\u013cu papl\u0101te, knaibles)\r\nDedzin\u0101\u0161anas laiks: 90\u2013120 min. pie 480\u2013550 \u00b0C\r\nFunkcijas: \u0101tra aizdeg\u0161an\u0101s (2 sek.), uzsilst 1 min., bieza grila rest\u012bte, ner\u016bs\u0113jo\u0161a t\u0113rauda knaibles","short_description":"Vienreiz\u0113jais grils ar dab\u012bg\u0101m aug\u013cu koksnes ogl\u0113m un ner\u016bs\u0113jo\u0161a t\u0113rauda re\u017e\u0123i, ide\u0101li piem\u0113rots \u0101ra piedz\u012bvojumiem.","status":"publish","sku":"6976507667845","original":113858},"wpml":{"translation_type":0,"has_translations":false,"original":113858,"duplicates":[],"translations":{"lv":113858,"en":null,"ru":null}},"supplier_id":null,"supplier_sku":"","barcode":null,"atum_controlled":true,"out_stock_date":null,"out_stock_threshold":null,"inheritable":false,"inbound_stock":0,"stock_on_hold":0,"sold_today":0,"sales_last_days":0,"reserved_stock":0,"customer_returns":0,"warehouse_damage":0,"lost_in_post":0,"other_logs":0,"out_stock_days":0,"lost_sales":0,"has_location":false,"update_date":"2025-12-12T12:21:49","atum_locations":[],"atum_stock_status":"instock","restock_status":false,"low_stock_amount":"","sales_update_date":"2025-11-13T13:36:12","calc_backorders":null,"yoast_head":"<!-- This site is optimized with the Yoast SEO plugin v27.3 - https:\/\/yoast.com\/product\/yoast-seo-wordpress\/ -->\n<title>Naturehike - Vienreiz\u0113jais grils - GoHike<\/title>\n<meta name=\"description\" content=\"Vienreiz\u0113jais grils ar dab\u012bg\u0101m aug\u013cu koksnes ogl\u0113m un ner\u016bs\u0113jo\u0161a t\u0113rauda re\u017e\u0123i, ide\u0101li piem\u0113rots \u0101ra piedz\u012bvojumiem.\" \/>\n<meta name=\"robots\" content=\"index, follow, max-snippet:-1, max-image-preview:large, max-video-preview:-1\" \/>\n<link rel=\"canonical\" href=\"https:\/\/gohike.lv\/ru\/produkts\/naturehike-vienreizejais-grils\/\" \/>\n<meta property=\"og:locale\" content=\"ru_RU\" \/>\n<meta property=\"og:type\" content=\"article\" \/>\n<meta property=\"og:title\" content=\"Naturehike - Vienreiz\u0113jais grils - GoHike\" \/>\n<meta property=\"og:description\" content=\"Vienreiz\u0113jais grils ar dab\u012bg\u0101m aug\u013cu koksnes ogl\u0113m un ner\u016bs\u0113jo\u0161a t\u0113rauda re\u017e\u0123i, ide\u0101li piem\u0113rots \u0101ra piedz\u012bvojumiem.\" \/>\n<meta property=\"og:url\" content=\"https:\/\/gohike.lv\/ru\/produkts\/naturehike-vienreizejais-grils\/\" \/>\n<meta property=\"og:site_name\" content=\"GoHike\" \/>\n<meta property=\"article:publisher\" content=\"https:\/\/www.facebook.com\/gohike.shop\/\" \/>\n<meta property=\"article:modified_time\" content=\"2025-12-12T12:21:47+00:00\" \/>\n<meta property=\"og:image\" content=\"https:\/\/gohike.lv\/wp-content\/uploads\/2025\/08\/DisGrill_-1.jpg\" \/>\n\t<meta property=\"og:image:width\" content=\"970\" \/>\n\t<meta property=\"og:image:height\" content=\"970\" \/>\n\t<meta property=\"og:image:type\" content=\"image\/jpeg\" \/>\n<meta name=\"twitter:card\" content=\"summary_large_image\" \/>\n<meta name=\"twitter:label1\" content=\"\u041f\u0440\u0438\u043c\u0435\u0440\u043d\u043e\u0435 \u0432\u0440\u0435\u043c\u044f \u0434\u043b\u044f \u0447\u0442\u0435\u043d\u0438\u044f\" \/>\n\t<meta name=\"twitter:data1\" content=\"1 \u043c\u0438\u043d\u0443\u0442\u0430\" \/>\n<script type=\"application\/ld+json\" class=\"yoast-schema-graph\">{\"@context\":\"https:\\\/\\\/schema.org\",\"@graph\":[{\"@type\":[\"WebPage\",\"ItemPage\"],\"@id\":\"https:\\\/\\\/gohike.lv\\\/ru\\\/produkts\\\/naturehike-vienreizejais-grils\\\/\",\"url\":\"https:\\\/\\\/gohike.lv\\\/ru\\\/produkts\\\/naturehike-vienreizejais-grils\\\/\",\"name\":\"Naturehike - Vienreiz\u0113jais grils - GoHike\",\"isPartOf\":{\"@id\":\"https:\\\/\\\/gohike.lv\\\/ru\\\/#website\"},\"primaryImageOfPage\":{\"@id\":\"https:\\\/\\\/gohike.lv\\\/ru\\\/produkts\\\/naturehike-vienreizejais-grils\\\/#primaryimage\"},\"image\":{\"@id\":\"https:\\\/\\\/gohike.lv\\\/ru\\\/produkts\\\/naturehike-vienreizejais-grils\\\/#primaryimage\"},\"thumbnailUrl\":\"https:\\\/\\\/gohike.lv\\\/wp-content\\\/uploads\\\/2025\\\/08\\\/DisGrill_-1.jpg\",\"datePublished\":\"2025-08-29T15:44:09+00:00\",\"dateModified\":\"2025-12-12T12:21:47+00:00\",\"description\":\"Vienreiz\u0113jais grils ar dab\u012bg\u0101m aug\u013cu koksnes ogl\u0113m un ner\u016bs\u0113jo\u0161a t\u0113rauda re\u017e\u0123i, ide\u0101li piem\u0113rots \u0101ra piedz\u012bvojumiem.\",\"breadcrumb\":{\"@id\":\"https:\\\/\\\/gohike.lv\\\/ru\\\/produkts\\\/naturehike-vienreizejais-grils\\\/#breadcrumb\"},\"inLanguage\":\"ru-RU\",\"potentialAction\":[{\"@type\":\"ReadAction\",\"target\":[\"https:\\\/\\\/gohike.lv\\\/ru\\\/produkts\\\/naturehike-vienreizejais-grils\\\/\"]}]},{\"@type\":\"ImageObject\",\"inLanguage\":\"ru-RU\",\"@id\":\"https:\\\/\\\/gohike.lv\\\/ru\\\/produkts\\\/naturehike-vienreizejais-grils\\\/#primaryimage\",\"url\":\"https:\\\/\\\/gohike.lv\\\/wp-content\\\/uploads\\\/2025\\\/08\\\/DisGrill_-1.jpg\",\"contentUrl\":\"https:\\\/\\\/gohike.lv\\\/wp-content\\\/uploads\\\/2025\\\/08\\\/DisGrill_-1.jpg\",\"width\":970,\"height\":970},{\"@type\":\"BreadcrumbList\",\"@id\":\"https:\\\/\\\/gohike.lv\\\/ru\\\/produkts\\\/naturehike-vienreizejais-grils\\\/#breadcrumb\",\"itemListElement\":[{\"@type\":\"ListItem\",\"position\":1,\"name\":\"\u0413\u043b\u0430\u0432\u043d\u0430\u044f\",\"item\":\"https:\\\/\\\/gohike.lv\\\/ru\\\/\"},{\"@type\":\"ListItem\",\"position\":2,\"name\":\"\u041a\u0430\u0442\u0435\u0433\u043e\u0440\u0438\u0438 \u0442\u043e\u0432\u0430\u0440\u043e\u0432\",\"item\":\"https:\\\/\\\/gohike.lv\\\/%d0%ba%d0%b0%d1%82%d0%b5%d0%b3%d0%be%d1%80%d0%b8%d0%b8-%d1%82%d0%be%d0%b2%d0%b0%d1%80%d0%be%d0%b2\\\/\"},{\"@type\":\"ListItem\",\"position\":3,\"name\":\"Naturehike &#8211; Vienreiz\u0113jais grils\"}]},{\"@type\":\"WebSite\",\"@id\":\"https:\\\/\\\/gohike.lv\\\/ru\\\/#website\",\"url\":\"https:\\\/\\\/gohike.lv\\\/ru\\\/\",\"name\":\"GoHike\",\"description\":\"\",\"publisher\":{\"@id\":\"https:\\\/\\\/gohike.lv\\\/ru\\\/#organization\"},\"potentialAction\":[{\"@type\":\"SearchAction\",\"target\":{\"@type\":\"EntryPoint\",\"urlTemplate\":\"https:\\\/\\\/gohike.lv\\\/ru\\\/?s={search_term_string}\"},\"query-input\":{\"@type\":\"PropertyValueSpecification\",\"valueRequired\":true,\"valueName\":\"search_term_string\"}}],\"inLanguage\":\"ru-RU\"},{\"@type\":\"Organization\",\"@id\":\"https:\\\/\\\/gohike.lv\\\/ru\\\/#organization\",\"name\":\"GoHike\",\"url\":\"https:\\\/\\\/gohike.lv\\\/ru\\\/\",\"logo\":{\"@type\":\"ImageObject\",\"inLanguage\":\"ru-RU\",\"@id\":\"https:\\\/\\\/gohike.lv\\\/ru\\\/#\\\/schema\\\/logo\\\/image\\\/\",\"url\":\"https:\\\/\\\/gohike.lv\\\/wp-content\\\/uploads\\\/2023\\\/08\\\/Logo_GoHike.webp\",\"contentUrl\":\"https:\\\/\\\/gohike.lv\\\/wp-content\\\/uploads\\\/2023\\\/08\\\/Logo_GoHike.webp\",\"width\":512,\"height\":512,\"caption\":\"GoHike\"},\"image\":{\"@id\":\"https:\\\/\\\/gohike.lv\\\/ru\\\/#\\\/schema\\\/logo\\\/image\\\/\"},\"sameAs\":[\"https:\\\/\\\/www.facebook.com\\\/gohike.shop\\\/\",\"https:\\\/\\\/www.instagram.com\\\/gohike.shop\\\/\"]}]}<\/script>\n<!-- \/ Yoast SEO plugin. -->","yoast_head_json":{"title":"Naturehike - Vienreiz\u0113jais grils - GoHike","description":"Vienreiz\u0113jais grils ar dab\u012bg\u0101m aug\u013cu koksnes ogl\u0113m un ner\u016bs\u0113jo\u0161a t\u0113rauda re\u017e\u0123i, ide\u0101li piem\u0113rots \u0101ra piedz\u012bvojumiem.","robots":{"index":"index","follow":"follow","max-snippet":"max-snippet:-1","max-image-preview":"max-image-preview:large","max-video-preview":"max-video-preview:-1"},"canonical":"https:\/\/gohike.lv\/ru\/produkts\/naturehike-vienreizejais-grils\/","og_locale":"ru_RU","og_type":"article","og_title":"Naturehike - Vienreiz\u0113jais grils - GoHike","og_description":"Vienreiz\u0113jais grils ar dab\u012bg\u0101m aug\u013cu koksnes ogl\u0113m un ner\u016bs\u0113jo\u0161a t\u0113rauda re\u017e\u0123i, ide\u0101li piem\u0113rots \u0101ra piedz\u012bvojumiem.","og_url":"https:\/\/gohike.lv\/ru\/produkts\/naturehike-vienreizejais-grils\/","og_site_name":"GoHike","article_publisher":"https:\/\/www.facebook.com\/gohike.shop\/","article_modified_time":"2025-12-12T12:21:47+00:00","og_image":[{"width":970,"height":970,"url":"https:\/\/gohike.lv\/wp-content\/uploads\/2025\/08\/DisGrill_-1.jpg","type":"image\/jpeg"}],"twitter_card":"summary_large_image","twitter_misc":{"\u041f\u0440\u0438\u043c\u0435\u0440\u043d\u043e\u0435 \u0432\u0440\u0435\u043c\u044f \u0434\u043b\u044f \u0447\u0442\u0435\u043d\u0438\u044f":"1 \u043c\u0438\u043d\u0443\u0442\u0430"},"schema":{"@context":"https:\/\/schema.org","@graph":[{"@type":["WebPage","ItemPage"],"@id":"https:\/\/gohike.lv\/ru\/produkts\/naturehike-vienreizejais-grils\/","url":"https:\/\/gohike.lv\/ru\/produkts\/naturehike-vienreizejais-grils\/","name":"Naturehike - Vienreiz\u0113jais grils - GoHike","isPartOf":{"@id":"https:\/\/gohike.lv\/ru\/#website"},"primaryImageOfPage":{"@id":"https:\/\/gohike.lv\/ru\/produkts\/naturehike-vienreizejais-grils\/#primaryimage"},"image":{"@id":"https:\/\/gohike.lv\/ru\/produkts\/naturehike-vienreizejais-grils\/#primaryimage"},"thumbnailUrl":"https:\/\/gohike.lv\/wp-content\/uploads\/2025\/08\/DisGrill_-1.jpg","datePublished":"2025-08-29T15:44:09+00:00","dateModified":"2025-12-12T12:21:47+00:00","description":"Vienreiz\u0113jais grils ar dab\u012bg\u0101m aug\u013cu koksnes ogl\u0113m un ner\u016bs\u0113jo\u0161a t\u0113rauda re\u017e\u0123i, ide\u0101li piem\u0113rots \u0101ra piedz\u012bvojumiem.","breadcrumb":{"@id":"https:\/\/gohike.lv\/ru\/produkts\/naturehike-vienreizejais-grils\/#breadcrumb"},"inLanguage":"ru-RU","potentialAction":[{"@type":"ReadAction","target":["https:\/\/gohike.lv\/ru\/produkts\/naturehike-vienreizejais-grils\/"]}]},{"@type":"ImageObject","inLanguage":"ru-RU","@id":"https:\/\/gohike.lv\/ru\/produkts\/naturehike-vienreizejais-grils\/#primaryimage","url":"https:\/\/gohike.lv\/wp-content\/uploads\/2025\/08\/DisGrill_-1.jpg","contentUrl":"https:\/\/gohike.lv\/wp-content\/uploads\/2025\/08\/DisGrill_-1.jpg","width":970,"height":970},{"@type":"BreadcrumbList","@id":"https:\/\/gohike.lv\/ru\/produkts\/naturehike-vienreizejais-grils\/#breadcrumb","itemListElement":[{"@type":"ListItem","position":1,"name":"\u0413\u043b\u0430\u0432\u043d\u0430\u044f","item":"https:\/\/gohike.lv\/ru\/"},{"@type":"ListItem","position":2,"name":"\u041a\u0430\u0442\u0435\u0433\u043e\u0440\u0438\u0438 \u0442\u043e\u0432\u0430\u0440\u043e\u0432","item":"https:\/\/gohike.lv\/%d0%ba%d0%b0%d1%82%d0%b5%d0%b3%d0%be%d1%80%d0%b8%d0%b8-%d1%82%d0%be%d0%b2%d0%b0%d1%80%d0%be%d0%b2\/"},{"@type":"ListItem","position":3,"name":"Naturehike &#8211; Vienreiz\u0113jais grils"}]},{"@type":"WebSite","@id":"https:\/\/gohike.lv\/ru\/#website","url":"https:\/\/gohike.lv\/ru\/","name":"GoHike","description":"","publisher":{"@id":"https:\/\/gohike.lv\/ru\/#organization"},"potentialAction":[{"@type":"SearchAction","target":{"@type":"EntryPoint","urlTemplate":"https:\/\/gohike.lv\/ru\/?s={search_term_string}"},"query-input":{"@type":"PropertyValueSpecification","valueRequired":true,"valueName":"search_term_string"}}],"inLanguage":"ru-RU"},{"@type":"Organization","@id":"https:\/\/gohike.lv\/ru\/#organization","name":"GoHike","url":"https:\/\/gohike.lv\/ru\/","logo":{"@type":"ImageObject","inLanguage":"ru-RU","@id":"https:\/\/gohike.lv\/ru\/#\/schema\/logo\/image\/","url":"https:\/\/gohike.lv\/wp-content\/uploads\/2023\/08\/Logo_GoHike.webp","contentUrl":"https:\/\/gohike.lv\/wp-content\/uploads\/2023\/08\/Logo_GoHike.webp","width":512,"height":512,"caption":"GoHike"},"image":{"@id":"https:\/\/gohike.lv\/ru\/#\/schema\/logo\/image\/"},"sameAs":["https:\/\/www.facebook.com\/gohike.shop\/","https:\/\/www.instagram.com\/gohike.shop\/"]}]}},"jetpack_sharing_enabled":true,"_links":{"self":[{"href":"https:\/\/gohike.lv\/ru\/wp-json\/wp\/v2\/product\/113858","targetHints":{"allow":["GET"]}}],"collection":[{"href":"https:\/\/gohike.lv\/ru\/wp-json\/wp\/v2\/product"}],"about":[{"href":"https:\/\/gohike.lv\/ru\/wp-json\/wp\/v2\/types\/product"}],"version-history":[{"count":1,"href":"https:\/\/gohike.lv\/ru\/wp-json\/wp\/v2\/product\/113858\/revisions"}],"predecessor-version":[{"id":118213,"href":"https:\/\/gohike.lv\/ru\/wp-json\/wp\/v2\/product\/113858\/revisions\/118213"}],"wp:featuredmedia":[{"embeddable":true,"href":"https:\/\/gohike.lv\/ru\/wp-json\/wp\/v2\/media\/113913"}],"wp:attachment":[{"href":"https:\/\/gohike.lv\/ru\/wp-json\/wp\/v2\/media?parent=113858"}],"wp:term":[{"taxonomy":"product_brand","embeddable":true,"href":"https:\/\/gohike.lv\/ru\/wp-json\/wp\/v2\/product_brand?post=113858"},{"taxonomy":"product_cat","embeddable":true,"href":"https:\/\/gohike.lv\/ru\/wp-json\/wp\/v2\/product_cat?post=113858"},{"taxonomy":"product_tag","embeddable":true,"href":"https:\/\/gohike.lv\/ru\/wp-json\/wp\/v2\/product_tag?post=113858"}],"curies":[{"name":"wp","href":"https:\/\/api.w.org\/{rel}","templated":true}]}}