{"id":113228,"date":"2025-08-28T12:58:53","date_gmt":"2025-08-28T09:58:53","guid":{"rendered":"https:\/\/gohike.lv\/produkts\/naturehike-p-%d1%81%d0%b5%d1%80%d0%b8%d1%8f-%d1%81%d0%b5%d0%bc%d0%b5%d0%b9%d0%bd%d0%b0%d1%8f-%d0%bf%d0%b0%d0%bb%d0%b0%d1%82%d0%ba%d0%b0-1-%d1%81%d0%bb%d0%be%d0%b9-2p\/"},"modified":"2025-12-30T17:18:00","modified_gmt":"2025-12-30T14:18:00","slug":"naturehike-p-%d1%81%d0%b5%d1%80%d0%b8%d1%8f-%d1%81%d0%b5%d0%bc%d0%b5%d0%b9%d0%bd%d0%b0%d1%8f-%d0%bf%d0%b0%d0%bb%d0%b0%d1%82%d0%ba%d0%b0-1-%d1%81%d0%bb%d0%be%d0%b9-2p","status":"publish","type":"product","link":"https:\/\/gohike.lv\/ru\/produkts\/naturehike-p-%d1%81%d0%b5%d1%80%d0%b8%d1%8f-%d1%81%d0%b5%d0%bc%d0%b5%d0%b9%d0%bd%d0%b0%d1%8f-%d0%bf%d0%b0%d0%bb%d0%b0%d1%82%d0%ba%d0%b0-1-%d1%81%d0%bb%d0%be%d0%b9-2p\/","title":{"rendered":"Naturehike &#8212; P \u0441\u0435\u0440\u0438\u044f \u0441\u0435\u043c\u0435\u0439\u043d\u0430\u044f \u043f\u0430\u043b\u0430\u0442\u043a\u0430 (1 \u0441\u043b\u043e\u0439) \u2013 2p"},"content":{"rendered":"<p>Kapacit\u0101te<br \/>\n2 cilv\u0113ki<\/p>\n<p>Izm\u0113ri (cm)<br \/>\n200x130x100<\/p>\n<p>Saliktas preces izm\u0113rs (cm)<br \/>\n42&#215;15<\/p>\n<p>Svars (g)<br \/>\n1530<\/p>\n<p>Telts materi\u0101ls<br \/>\n65D poliesters ar PU p\u0101rkl\u0101jumu, \u016bdensiztur\u012bba 3000 mm, UPF40+<\/p>\n<p>Iek\u0161\u0113jais materi\u0101ls<br \/>\nVienasl\u0101\u0146a konstrukcija bez atsevi\u0161\u0137a iek\u0161\u0113j\u0101 sl\u0101\u0146a<\/p>\n<p>T\u012bkla materi\u0101ls<br \/>\nPoliestera B3 siets<\/p>\n<p>Stabi<br \/>\n7001 alum\u012bnija sakaus\u0113jums<\/p>\n<p>Aksesu\u0101ri<br \/>\n8 alum\u012bnija mieti\u0146i, 4 atstarojo\u0161as v\u0113ja troses, p\u0101rn\u0113s\u0101\u0161anas maiss<\/p>\n<p>Ieeju skaits<br \/>\n2<\/p>\n<p>Sl\u0101\u0146u skaits<br \/>\n1<\/p>\n<p>Apraksts<br \/>\nViegl\u0101 un kompakta vienasl\u0101\u0146a telts div\u0101m person\u0101m, kas piem\u0113rota vasaras un p\u0101rejas sezon\u0101m. Izgatavota no 65D poliestera ar \u016bdensiztur\u012bbu 3000 mm un UV aizsardz\u012bbu UPF40+. Divas ieejas ar mosk\u012btu sietu nodro\u0161ina labu ventil\u0101ciju un aizsardz\u012bbu pret kukai\u0146iem. Ventil\u0101cijas logi un jumta \u0101\u0137is \u0113rt\u012bbai. Kompakts izm\u0113rs salikt\u0101 veid\u0101 \u2013 tikai 42&#215;15 cm. Komplekt\u0101 ietilpst ar\u012b viegls r\u0101mis no alum\u012bnija sakaus\u0113juma un nepiecie\u0161amie aksesu\u0101ri.<\/p>\n","protected":false},"excerpt":{"rendered":"<p>\u0414\u0432\u0443\u0445\u043c\u0435\u0441\u0442\u043d\u0430\u044f \u043e\u0434\u043d\u043e\u0441\u043b\u043e\u0439\u043d\u0430\u044f \u043f\u0430\u043b\u0430\u0442\u043a\u0430 \u0434\u043b\u044f \u043a\u0435\u043c\u043f\u0438\u043d\u0433\u0430 \u0438 \u043b\u0435\u0442\u043d\u0435\u0433\u043e \u043e\u0442\u0434\u044b\u0445\u0430 \u0441 \u0437\u0430\u0449\u0438\u0442\u043e\u0439 \u043e\u0442 \u0443\u043b\u044c\u0442\u0440\u0430\u0444\u0438\u043e\u043b\u0435\u0442\u0430 UPF40+ \u0438 \u0432\u043e\u0434\u043e\u0441\u0442\u043e\u0439\u043a\u043e\u0441\u0442\u044c\u044e 3000 \u043c\u043c. \u041b\u0435\u0433\u043a\u0430\u044f, \u043a\u043e\u043c\u043f\u0430\u043a\u0442\u043d\u0430\u044f, \u0441 \u0434\u0432\u0443\u043c\u044f \u0432\u0445\u043e\u0434\u0430\u043c\u0438 \u0438 \u0432\u0435\u043d\u0442\u0438\u043b\u044f\u0446\u0438\u043e\u043d\u043d\u044b\u043c\u0438 \u043e\u043a\u043d\u0430\u043c\u0438.<\/p>\n","protected":false},"featured_media":106094,"template":"","meta":[],"product_brand":[13432],"product_cat":[13674],"product_tag":[],"class_list":{"0":"post-113228","1":"product","2":"type-product","3":"status-publish","4":"has-post-thumbnail","6":"product_brand-naturehike-ru","7":"product_cat-13674","8":"pa_spalva-13305","9":"pa_-8--4---","10":"pa_-2-","11":"pa_---b3-","12":"pa_---65d--pu--","13":"pa_-13869","14":"pa_-13874","15":"pa_-13876","16":"pa_-13695","17":"pa_--13868","18":"pa_-13875","19":"pa_-13873","21":"first","22":"instock","23":"taxable","24":"shipping-taxable","25":"purchasable","26":"product-type-variable"},"raw_content":{"name":"Naturehike - P \u0441\u0435\u0440\u0438\u044f \u0441\u0435\u043c\u0435\u0439\u043d\u0430\u044f \u043f\u0430\u043b\u0430\u0442\u043a\u0430 (1 \u0441\u043b\u043e\u0439) \u2013 2p","description":"Kapacit\u0101te\n2 cilv\u0113ki\n\nIzm\u0113ri (cm)\n200x130x100\n\nSaliktas preces izm\u0113rs (cm)\n42x15\n\nSvars (g)\n1530\n\nTelts materi\u0101ls\n65D poliesters ar PU p\u0101rkl\u0101jumu, \u016bdensiztur\u012bba 3000 mm, UPF40+\n\nIek\u0161\u0113jais materi\u0101ls\nVienasl\u0101\u0146a konstrukcija bez atsevi\u0161\u0137a iek\u0161\u0113j\u0101 sl\u0101\u0146a\n\nT\u012bkla materi\u0101ls\nPoliestera B3 siets\n\nStabi\n7001 alum\u012bnija sakaus\u0113jums\n\nAksesu\u0101ri\n8 alum\u012bnija mieti\u0146i, 4 atstarojo\u0161as v\u0113ja troses, p\u0101rn\u0113s\u0101\u0161anas maiss\n\nIeeju skaits\n2\n\nSl\u0101\u0146u skaits\n1\n\nApraksts\nViegl\u0101 un kompakta vienasl\u0101\u0146a telts div\u0101m person\u0101m, kas piem\u0113rota vasaras un p\u0101rejas sezon\u0101m. Izgatavota no 65D poliestera ar \u016bdensiztur\u012bbu 3000 mm un UV aizsardz\u012bbu UPF40+. Divas ieejas ar mosk\u012btu sietu nodro\u0161ina labu ventil\u0101ciju un aizsardz\u012bbu pret kukai\u0146iem. Ventil\u0101cijas logi un jumta \u0101\u0137is \u0113rt\u012bbai. Kompakts izm\u0113rs salikt\u0101 veid\u0101 \u2013 tikai 42x15 cm. Komplekt\u0101 ietilpst ar\u012b viegls r\u0101mis no alum\u012bnija sakaus\u0113juma un nepiecie\u0161amie aksesu\u0101ri.","short_description":"\u0414\u0432\u0443\u0445\u043c\u0435\u0441\u0442\u043d\u0430\u044f \u043e\u0434\u043d\u043e\u0441\u043b\u043e\u0439\u043d\u0430\u044f \u043f\u0430\u043b\u0430\u0442\u043a\u0430 \u0434\u043b\u044f \u043a\u0435\u043c\u043f\u0438\u043d\u0433\u0430 \u0438 \u043b\u0435\u0442\u043d\u0435\u0433\u043e \u043e\u0442\u0434\u044b\u0445\u0430 \u0441 \u0437\u0430\u0449\u0438\u0442\u043e\u0439 \u043e\u0442 \u0443\u043b\u044c\u0442\u0440\u0430\u0444\u0438\u043e\u043b\u0435\u0442\u0430 UPF40+ \u0438 \u0432\u043e\u0434\u043e\u0441\u0442\u043e\u0439\u043a\u043e\u0441\u0442\u044c\u044e 3000 \u043c\u043c. \u041b\u0435\u0433\u043a\u0430\u044f, \u043a\u043e\u043c\u043f\u0430\u043a\u0442\u043d\u0430\u044f, \u0441 \u0434\u0432\u0443\u043c\u044f \u0432\u0445\u043e\u0434\u0430\u043c\u0438 \u0438 \u0432\u0435\u043d\u0442\u0438\u043b\u044f\u0446\u0438\u043e\u043d\u043d\u044b\u043c\u0438 \u043e\u043a\u043d\u0430\u043c\u0438.","status":"publish","sku":"nhk0001","original":110787},"wpml":{"translation_type":1,"has_translations":true,"original":110787,"duplicates":[],"translations":{"lv":110787,"en":111767,"ru":113228}},"supplier_id":null,"supplier_sku":"","barcode":null,"atum_controlled":true,"out_stock_date":"2025-08-28 12:58:58","out_stock_threshold":null,"inheritable":true,"inbound_stock":0,"stock_on_hold":0,"sold_today":0,"sales_last_days":0,"reserved_stock":0,"customer_returns":0,"warehouse_damage":0,"lost_in_post":0,"other_logs":0,"out_stock_days":77,"lost_sales":0,"has_location":false,"update_date":"2026-01-03T04:30:59","atum_locations":[],"atum_stock_status":"instock","restock_status":false,"low_stock_amount":"","sales_update_date":"2025-11-13T14:08:51","calc_backorders":null,"yoast_head":"<!-- This site is optimized with the Yoast SEO plugin v27.3 - https:\/\/yoast.com\/product\/yoast-seo-wordpress\/ -->\n<title>Naturehike - P \u0441\u0435\u0440\u0438\u044f \u0441\u0435\u043c\u0435\u0439\u043d\u0430\u044f \u043f\u0430\u043b\u0430\u0442\u043a\u0430 (1 \u0441\u043b\u043e\u0439) \u2013 2p<\/title>\n<meta name=\"description\" content=\"\u0414\u0432\u0443\u0445\u043c\u0435\u0441\u0442\u043d\u0430\u044f \u043e\u0434\u043d\u043e\u0441\u043b\u043e\u0439\u043d\u0430\u044f \u043f\u0430\u043b\u0430\u0442\u043a\u0430 \u0434\u043b\u044f \u043a\u0435\u043c\u043f\u0438\u043d\u0433\u0430 \u0438 \u043b\u0435\u0442\u043d\u0435\u0433\u043e \u043e\u0442\u0434\u044b\u0445\u0430 \u0441 \u0437\u0430\u0449\u0438\u0442\u043e\u0439 \u043e\u0442 \u0443\u043b\u044c\u0442\u0440\u0430\u0444\u0438\u043e\u043b\u0435\u0442\u0430 UPF40+ \u0438 \u0432\u043e\u0434\u043e\u0441\u0442\u043e\u0439\u043a\u043e\u0441\u0442\u044c\u044e 3000 \u043c\u043c. \u041b\u0435\u0433\u043a\u0430\u044f, \u043a\u043e\u043c\u043f\u0430\u043a\u0442\u043d\u0430\u044f, \u0441 \u0434\u0432\u0443\u043c\u044f \u0432\u0445\u043e\u0434\u0430\u043c\u0438 \u0438 \u0432\u0435\u043d\u0442\u0438\u043b\u044f\u0446\u0438\u043e\u043d\u043d\u044b\u043c\u0438 \u043e\u043a\u043d\u0430\u043c\u0438.\" \/>\n<meta name=\"robots\" content=\"index, follow, max-snippet:-1, max-image-preview:large, max-video-preview:-1\" \/>\n<link rel=\"canonical\" href=\"https:\/\/gohike.lv\/ru\/produkts\/naturehike-p-%d1%81%d0%b5%d1%80%d0%b8%d1%8f-%d1%81%d0%b5%d0%bc%d0%b5%d0%b9%d0%bd%d0%b0%d1%8f-%d0%bf%d0%b0%d0%bb%d0%b0%d1%82%d0%ba%d0%b0-1-%d1%81%d0%bb%d0%be%d0%b9-2p\/\" \/>\n<meta property=\"og:locale\" content=\"ru_RU\" \/>\n<meta property=\"og:type\" content=\"article\" \/>\n<meta property=\"og:title\" content=\"Naturehike - P \u0441\u0435\u0440\u0438\u044f \u0441\u0435\u043c\u0435\u0439\u043d\u0430\u044f \u043f\u0430\u043b\u0430\u0442\u043a\u0430 (1 \u0441\u043b\u043e\u0439) \u2013 2p\" \/>\n<meta property=\"og:description\" content=\"\u0414\u0432\u0443\u0445\u043c\u0435\u0441\u0442\u043d\u0430\u044f \u043e\u0434\u043d\u043e\u0441\u043b\u043e\u0439\u043d\u0430\u044f \u043f\u0430\u043b\u0430\u0442\u043a\u0430 \u0434\u043b\u044f \u043a\u0435\u043c\u043f\u0438\u043d\u0433\u0430 \u0438 \u043b\u0435\u0442\u043d\u0435\u0433\u043e \u043e\u0442\u0434\u044b\u0445\u0430 \u0441 \u0437\u0430\u0449\u0438\u0442\u043e\u0439 \u043e\u0442 \u0443\u043b\u044c\u0442\u0440\u0430\u0444\u0438\u043e\u043b\u0435\u0442\u0430 UPF40+ \u0438 \u0432\u043e\u0434\u043e\u0441\u0442\u043e\u0439\u043a\u043e\u0441\u0442\u044c\u044e 3000 \u043c\u043c. \u041b\u0435\u0433\u043a\u0430\u044f, \u043a\u043e\u043c\u043f\u0430\u043a\u0442\u043d\u0430\u044f, \u0441 \u0434\u0432\u0443\u043c\u044f \u0432\u0445\u043e\u0434\u0430\u043c\u0438 \u0438 \u0432\u0435\u043d\u0442\u0438\u043b\u044f\u0446\u0438\u043e\u043d\u043d\u044b\u043c\u0438 \u043e\u043a\u043d\u0430\u043c\u0438.\" \/>\n<meta property=\"og:url\" content=\"https:\/\/gohike.lv\/ru\/produkts\/naturehike-p-%d1%81%d0%b5%d1%80%d0%b8%d1%8f-%d1%81%d0%b5%d0%bc%d0%b5%d0%b9%d0%bd%d0%b0%d1%8f-%d0%bf%d0%b0%d0%bb%d0%b0%d1%82%d0%ba%d0%b0-1-%d1%81%d0%bb%d0%be%d0%b9-2p\/\" \/>\n<meta property=\"og:site_name\" content=\"GoHike\" \/>\n<meta property=\"article:publisher\" content=\"https:\/\/www.facebook.com\/gohike.shop\/\" \/>\n<meta property=\"article:modified_time\" content=\"2025-12-30T14:18:00+00:00\" \/>\n<meta property=\"og:image\" content=\"https:\/\/gohike.lv\/wp-content\/uploads\/2025\/08\/Pseries2_orange.webp\" \/>\n\t<meta property=\"og:image:width\" content=\"1800\" \/>\n\t<meta property=\"og:image:height\" content=\"1800\" \/>\n\t<meta property=\"og:image:type\" content=\"image\/webp\" \/>\n<meta name=\"twitter:card\" content=\"summary_large_image\" \/>\n<meta name=\"twitter:title\" content=\"Naturehike - P \u0441\u0435\u0440\u0438\u044f \u0441\u0435\u043c\u0435\u0439\u043d\u0430\u044f \u043f\u0430\u043b\u0430\u0442\u043a\u0430 (1 \u0441\u043b\u043e\u0439) \u2013 2p\" \/>\n<meta name=\"twitter:label1\" content=\"\u041f\u0440\u0438\u043c\u0435\u0440\u043d\u043e\u0435 \u0432\u0440\u0435\u043c\u044f \u0434\u043b\u044f \u0447\u0442\u0435\u043d\u0438\u044f\" \/>\n\t<meta name=\"twitter:data1\" content=\"1 \u043c\u0438\u043d\u0443\u0442\u0430\" \/>\n<script type=\"application\/ld+json\" class=\"yoast-schema-graph\">{\"@context\":\"https:\\\/\\\/schema.org\",\"@graph\":[{\"@type\":[\"WebPage\",\"ItemPage\"],\"@id\":\"https:\\\/\\\/gohike.lv\\\/ru\\\/produkts\\\/naturehike-p-%d1%81%d0%b5%d1%80%d0%b8%d1%8f-%d1%81%d0%b5%d0%bc%d0%b5%d0%b9%d0%bd%d0%b0%d1%8f-%d0%bf%d0%b0%d0%bb%d0%b0%d1%82%d0%ba%d0%b0-1-%d1%81%d0%bb%d0%be%d0%b9-2p\\\/\",\"url\":\"https:\\\/\\\/gohike.lv\\\/ru\\\/produkts\\\/naturehike-p-%d1%81%d0%b5%d1%80%d0%b8%d1%8f-%d1%81%d0%b5%d0%bc%d0%b5%d0%b9%d0%bd%d0%b0%d1%8f-%d0%bf%d0%b0%d0%bb%d0%b0%d1%82%d0%ba%d0%b0-1-%d1%81%d0%bb%d0%be%d0%b9-2p\\\/\",\"name\":\"Naturehike - P \u0441\u0435\u0440\u0438\u044f \u0441\u0435\u043c\u0435\u0439\u043d\u0430\u044f \u043f\u0430\u043b\u0430\u0442\u043a\u0430 (1 \u0441\u043b\u043e\u0439) \u2013 2p\",\"isPartOf\":{\"@id\":\"https:\\\/\\\/gohike.lv\\\/ru\\\/#website\"},\"primaryImageOfPage\":{\"@id\":\"https:\\\/\\\/gohike.lv\\\/ru\\\/produkts\\\/naturehike-p-%d1%81%d0%b5%d1%80%d0%b8%d1%8f-%d1%81%d0%b5%d0%bc%d0%b5%d0%b9%d0%bd%d0%b0%d1%8f-%d0%bf%d0%b0%d0%bb%d0%b0%d1%82%d0%ba%d0%b0-1-%d1%81%d0%bb%d0%be%d0%b9-2p\\\/#primaryimage\"},\"image\":{\"@id\":\"https:\\\/\\\/gohike.lv\\\/ru\\\/produkts\\\/naturehike-p-%d1%81%d0%b5%d1%80%d0%b8%d1%8f-%d1%81%d0%b5%d0%bc%d0%b5%d0%b9%d0%bd%d0%b0%d1%8f-%d0%bf%d0%b0%d0%bb%d0%b0%d1%82%d0%ba%d0%b0-1-%d1%81%d0%bb%d0%be%d0%b9-2p\\\/#primaryimage\"},\"thumbnailUrl\":\"https:\\\/\\\/gohike.lv\\\/wp-content\\\/uploads\\\/2025\\\/08\\\/Pseries2_orange.webp\",\"datePublished\":\"2025-08-28T09:58:53+00:00\",\"dateModified\":\"2025-12-30T14:18:00+00:00\",\"description\":\"\u0414\u0432\u0443\u0445\u043c\u0435\u0441\u0442\u043d\u0430\u044f \u043e\u0434\u043d\u043e\u0441\u043b\u043e\u0439\u043d\u0430\u044f \u043f\u0430\u043b\u0430\u0442\u043a\u0430 \u0434\u043b\u044f \u043a\u0435\u043c\u043f\u0438\u043d\u0433\u0430 \u0438 \u043b\u0435\u0442\u043d\u0435\u0433\u043e \u043e\u0442\u0434\u044b\u0445\u0430 \u0441 \u0437\u0430\u0449\u0438\u0442\u043e\u0439 \u043e\u0442 \u0443\u043b\u044c\u0442\u0440\u0430\u0444\u0438\u043e\u043b\u0435\u0442\u0430 UPF40+ \u0438 \u0432\u043e\u0434\u043e\u0441\u0442\u043e\u0439\u043a\u043e\u0441\u0442\u044c\u044e 3000 \u043c\u043c. \u041b\u0435\u0433\u043a\u0430\u044f, \u043a\u043e\u043c\u043f\u0430\u043a\u0442\u043d\u0430\u044f, \u0441 \u0434\u0432\u0443\u043c\u044f \u0432\u0445\u043e\u0434\u0430\u043c\u0438 \u0438 \u0432\u0435\u043d\u0442\u0438\u043b\u044f\u0446\u0438\u043e\u043d\u043d\u044b\u043c\u0438 \u043e\u043a\u043d\u0430\u043c\u0438.\",\"breadcrumb\":{\"@id\":\"https:\\\/\\\/gohike.lv\\\/ru\\\/produkts\\\/naturehike-p-%d1%81%d0%b5%d1%80%d0%b8%d1%8f-%d1%81%d0%b5%d0%bc%d0%b5%d0%b9%d0%bd%d0%b0%d1%8f-%d0%bf%d0%b0%d0%bb%d0%b0%d1%82%d0%ba%d0%b0-1-%d1%81%d0%bb%d0%be%d0%b9-2p\\\/#breadcrumb\"},\"inLanguage\":\"ru-RU\",\"potentialAction\":[{\"@type\":\"ReadAction\",\"target\":[\"https:\\\/\\\/gohike.lv\\\/ru\\\/produkts\\\/naturehike-p-%d1%81%d0%b5%d1%80%d0%b8%d1%8f-%d1%81%d0%b5%d0%bc%d0%b5%d0%b9%d0%bd%d0%b0%d1%8f-%d0%bf%d0%b0%d0%bb%d0%b0%d1%82%d0%ba%d0%b0-1-%d1%81%d0%bb%d0%be%d0%b9-2p\\\/\"]}]},{\"@type\":\"ImageObject\",\"inLanguage\":\"ru-RU\",\"@id\":\"https:\\\/\\\/gohike.lv\\\/ru\\\/produkts\\\/naturehike-p-%d1%81%d0%b5%d1%80%d0%b8%d1%8f-%d1%81%d0%b5%d0%bc%d0%b5%d0%b9%d0%bd%d0%b0%d1%8f-%d0%bf%d0%b0%d0%bb%d0%b0%d1%82%d0%ba%d0%b0-1-%d1%81%d0%bb%d0%be%d0%b9-2p\\\/#primaryimage\",\"url\":\"https:\\\/\\\/gohike.lv\\\/wp-content\\\/uploads\\\/2025\\\/08\\\/Pseries2_orange.webp\",\"contentUrl\":\"https:\\\/\\\/gohike.lv\\\/wp-content\\\/uploads\\\/2025\\\/08\\\/Pseries2_orange.webp\",\"width\":1800,\"height\":1800},{\"@type\":\"BreadcrumbList\",\"@id\":\"https:\\\/\\\/gohike.lv\\\/ru\\\/produkts\\\/naturehike-p-%d1%81%d0%b5%d1%80%d0%b8%d1%8f-%d1%81%d0%b5%d0%bc%d0%b5%d0%b9%d0%bd%d0%b0%d1%8f-%d0%bf%d0%b0%d0%bb%d0%b0%d1%82%d0%ba%d0%b0-1-%d1%81%d0%bb%d0%be%d0%b9-2p\\\/#breadcrumb\",\"itemListElement\":[{\"@type\":\"ListItem\",\"position\":1,\"name\":\"\u0413\u043b\u0430\u0432\u043d\u0430\u044f\",\"item\":\"https:\\\/\\\/gohike.lv\\\/ru\\\/\"},{\"@type\":\"ListItem\",\"position\":2,\"name\":\"\u041a\u0430\u0442\u0435\u0433\u043e\u0440\u0438\u0438 \u0442\u043e\u0432\u0430\u0440\u043e\u0432\",\"item\":\"https:\\\/\\\/gohike.lv\\\/%d0%ba%d0%b0%d1%82%d0%b5%d0%b3%d0%be%d1%80%d0%b8%d0%b8-%d1%82%d0%be%d0%b2%d0%b0%d1%80%d0%be%d0%b2\\\/\"},{\"@type\":\"ListItem\",\"position\":3,\"name\":\"Naturehike &#8211; P \u0441\u0435\u0440\u0438\u044f \u0441\u0435\u043c\u0435\u0439\u043d\u0430\u044f \u043f\u0430\u043b\u0430\u0442\u043a\u0430 (1 \u0441\u043b\u043e\u0439) \u2013 2p\"}]},{\"@type\":\"WebSite\",\"@id\":\"https:\\\/\\\/gohike.lv\\\/ru\\\/#website\",\"url\":\"https:\\\/\\\/gohike.lv\\\/ru\\\/\",\"name\":\"GoHike\",\"description\":\"\",\"publisher\":{\"@id\":\"https:\\\/\\\/gohike.lv\\\/ru\\\/#organization\"},\"potentialAction\":[{\"@type\":\"SearchAction\",\"target\":{\"@type\":\"EntryPoint\",\"urlTemplate\":\"https:\\\/\\\/gohike.lv\\\/ru\\\/?s={search_term_string}\"},\"query-input\":{\"@type\":\"PropertyValueSpecification\",\"valueRequired\":true,\"valueName\":\"search_term_string\"}}],\"inLanguage\":\"ru-RU\"},{\"@type\":\"Organization\",\"@id\":\"https:\\\/\\\/gohike.lv\\\/ru\\\/#organization\",\"name\":\"GoHike\",\"url\":\"https:\\\/\\\/gohike.lv\\\/ru\\\/\",\"logo\":{\"@type\":\"ImageObject\",\"inLanguage\":\"ru-RU\",\"@id\":\"https:\\\/\\\/gohike.lv\\\/ru\\\/#\\\/schema\\\/logo\\\/image\\\/\",\"url\":\"https:\\\/\\\/gohike.lv\\\/wp-content\\\/uploads\\\/2023\\\/08\\\/Logo_GoHike.webp\",\"contentUrl\":\"https:\\\/\\\/gohike.lv\\\/wp-content\\\/uploads\\\/2023\\\/08\\\/Logo_GoHike.webp\",\"width\":512,\"height\":512,\"caption\":\"GoHike\"},\"image\":{\"@id\":\"https:\\\/\\\/gohike.lv\\\/ru\\\/#\\\/schema\\\/logo\\\/image\\\/\"},\"sameAs\":[\"https:\\\/\\\/www.facebook.com\\\/gohike.shop\\\/\",\"https:\\\/\\\/www.instagram.com\\\/gohike.shop\\\/\"]}]}<\/script>\n<!-- \/ Yoast SEO plugin. -->","yoast_head_json":{"title":"Naturehike - P \u0441\u0435\u0440\u0438\u044f \u0441\u0435\u043c\u0435\u0439\u043d\u0430\u044f \u043f\u0430\u043b\u0430\u0442\u043a\u0430 (1 \u0441\u043b\u043e\u0439) \u2013 2p","description":"\u0414\u0432\u0443\u0445\u043c\u0435\u0441\u0442\u043d\u0430\u044f \u043e\u0434\u043d\u043e\u0441\u043b\u043e\u0439\u043d\u0430\u044f \u043f\u0430\u043b\u0430\u0442\u043a\u0430 \u0434\u043b\u044f \u043a\u0435\u043c\u043f\u0438\u043d\u0433\u0430 \u0438 \u043b\u0435\u0442\u043d\u0435\u0433\u043e \u043e\u0442\u0434\u044b\u0445\u0430 \u0441 \u0437\u0430\u0449\u0438\u0442\u043e\u0439 \u043e\u0442 \u0443\u043b\u044c\u0442\u0440\u0430\u0444\u0438\u043e\u043b\u0435\u0442\u0430 UPF40+ \u0438 \u0432\u043e\u0434\u043e\u0441\u0442\u043e\u0439\u043a\u043e\u0441\u0442\u044c\u044e 3000 \u043c\u043c. \u041b\u0435\u0433\u043a\u0430\u044f, \u043a\u043e\u043c\u043f\u0430\u043a\u0442\u043d\u0430\u044f, \u0441 \u0434\u0432\u0443\u043c\u044f \u0432\u0445\u043e\u0434\u0430\u043c\u0438 \u0438 \u0432\u0435\u043d\u0442\u0438\u043b\u044f\u0446\u0438\u043e\u043d\u043d\u044b\u043c\u0438 \u043e\u043a\u043d\u0430\u043c\u0438.","robots":{"index":"index","follow":"follow","max-snippet":"max-snippet:-1","max-image-preview":"max-image-preview:large","max-video-preview":"max-video-preview:-1"},"canonical":"https:\/\/gohike.lv\/ru\/produkts\/naturehike-p-%d1%81%d0%b5%d1%80%d0%b8%d1%8f-%d1%81%d0%b5%d0%bc%d0%b5%d0%b9%d0%bd%d0%b0%d1%8f-%d0%bf%d0%b0%d0%bb%d0%b0%d1%82%d0%ba%d0%b0-1-%d1%81%d0%bb%d0%be%d0%b9-2p\/","og_locale":"ru_RU","og_type":"article","og_title":"Naturehike - P \u0441\u0435\u0440\u0438\u044f \u0441\u0435\u043c\u0435\u0439\u043d\u0430\u044f \u043f\u0430\u043b\u0430\u0442\u043a\u0430 (1 \u0441\u043b\u043e\u0439) \u2013 2p","og_description":"\u0414\u0432\u0443\u0445\u043c\u0435\u0441\u0442\u043d\u0430\u044f \u043e\u0434\u043d\u043e\u0441\u043b\u043e\u0439\u043d\u0430\u044f \u043f\u0430\u043b\u0430\u0442\u043a\u0430 \u0434\u043b\u044f \u043a\u0435\u043c\u043f\u0438\u043d\u0433\u0430 \u0438 \u043b\u0435\u0442\u043d\u0435\u0433\u043e \u043e\u0442\u0434\u044b\u0445\u0430 \u0441 \u0437\u0430\u0449\u0438\u0442\u043e\u0439 \u043e\u0442 \u0443\u043b\u044c\u0442\u0440\u0430\u0444\u0438\u043e\u043b\u0435\u0442\u0430 UPF40+ \u0438 \u0432\u043e\u0434\u043e\u0441\u0442\u043e\u0439\u043a\u043e\u0441\u0442\u044c\u044e 3000 \u043c\u043c. \u041b\u0435\u0433\u043a\u0430\u044f, \u043a\u043e\u043c\u043f\u0430\u043a\u0442\u043d\u0430\u044f, \u0441 \u0434\u0432\u0443\u043c\u044f \u0432\u0445\u043e\u0434\u0430\u043c\u0438 \u0438 \u0432\u0435\u043d\u0442\u0438\u043b\u044f\u0446\u0438\u043e\u043d\u043d\u044b\u043c\u0438 \u043e\u043a\u043d\u0430\u043c\u0438.","og_url":"https:\/\/gohike.lv\/ru\/produkts\/naturehike-p-%d1%81%d0%b5%d1%80%d0%b8%d1%8f-%d1%81%d0%b5%d0%bc%d0%b5%d0%b9%d0%bd%d0%b0%d1%8f-%d0%bf%d0%b0%d0%bb%d0%b0%d1%82%d0%ba%d0%b0-1-%d1%81%d0%bb%d0%be%d0%b9-2p\/","og_site_name":"GoHike","article_publisher":"https:\/\/www.facebook.com\/gohike.shop\/","article_modified_time":"2025-12-30T14:18:00+00:00","og_image":[{"width":1800,"height":1800,"url":"https:\/\/gohike.lv\/wp-content\/uploads\/2025\/08\/Pseries2_orange.webp","type":"image\/webp"}],"twitter_card":"summary_large_image","twitter_title":"Naturehike - P \u0441\u0435\u0440\u0438\u044f \u0441\u0435\u043c\u0435\u0439\u043d\u0430\u044f \u043f\u0430\u043b\u0430\u0442\u043a\u0430 (1 \u0441\u043b\u043e\u0439) \u2013 2p","twitter_misc":{"\u041f\u0440\u0438\u043c\u0435\u0440\u043d\u043e\u0435 \u0432\u0440\u0435\u043c\u044f \u0434\u043b\u044f \u0447\u0442\u0435\u043d\u0438\u044f":"1 \u043c\u0438\u043d\u0443\u0442\u0430"},"schema":{"@context":"https:\/\/schema.org","@graph":[{"@type":["WebPage","ItemPage"],"@id":"https:\/\/gohike.lv\/ru\/produkts\/naturehike-p-%d1%81%d0%b5%d1%80%d0%b8%d1%8f-%d1%81%d0%b5%d0%bc%d0%b5%d0%b9%d0%bd%d0%b0%d1%8f-%d0%bf%d0%b0%d0%bb%d0%b0%d1%82%d0%ba%d0%b0-1-%d1%81%d0%bb%d0%be%d0%b9-2p\/","url":"https:\/\/gohike.lv\/ru\/produkts\/naturehike-p-%d1%81%d0%b5%d1%80%d0%b8%d1%8f-%d1%81%d0%b5%d0%bc%d0%b5%d0%b9%d0%bd%d0%b0%d1%8f-%d0%bf%d0%b0%d0%bb%d0%b0%d1%82%d0%ba%d0%b0-1-%d1%81%d0%bb%d0%be%d0%b9-2p\/","name":"Naturehike - P \u0441\u0435\u0440\u0438\u044f \u0441\u0435\u043c\u0435\u0439\u043d\u0430\u044f \u043f\u0430\u043b\u0430\u0442\u043a\u0430 (1 \u0441\u043b\u043e\u0439) \u2013 2p","isPartOf":{"@id":"https:\/\/gohike.lv\/ru\/#website"},"primaryImageOfPage":{"@id":"https:\/\/gohike.lv\/ru\/produkts\/naturehike-p-%d1%81%d0%b5%d1%80%d0%b8%d1%8f-%d1%81%d0%b5%d0%bc%d0%b5%d0%b9%d0%bd%d0%b0%d1%8f-%d0%bf%d0%b0%d0%bb%d0%b0%d1%82%d0%ba%d0%b0-1-%d1%81%d0%bb%d0%be%d0%b9-2p\/#primaryimage"},"image":{"@id":"https:\/\/gohike.lv\/ru\/produkts\/naturehike-p-%d1%81%d0%b5%d1%80%d0%b8%d1%8f-%d1%81%d0%b5%d0%bc%d0%b5%d0%b9%d0%bd%d0%b0%d1%8f-%d0%bf%d0%b0%d0%bb%d0%b0%d1%82%d0%ba%d0%b0-1-%d1%81%d0%bb%d0%be%d0%b9-2p\/#primaryimage"},"thumbnailUrl":"https:\/\/gohike.lv\/wp-content\/uploads\/2025\/08\/Pseries2_orange.webp","datePublished":"2025-08-28T09:58:53+00:00","dateModified":"2025-12-30T14:18:00+00:00","description":"\u0414\u0432\u0443\u0445\u043c\u0435\u0441\u0442\u043d\u0430\u044f \u043e\u0434\u043d\u043e\u0441\u043b\u043e\u0439\u043d\u0430\u044f \u043f\u0430\u043b\u0430\u0442\u043a\u0430 \u0434\u043b\u044f \u043a\u0435\u043c\u043f\u0438\u043d\u0433\u0430 \u0438 \u043b\u0435\u0442\u043d\u0435\u0433\u043e \u043e\u0442\u0434\u044b\u0445\u0430 \u0441 \u0437\u0430\u0449\u0438\u0442\u043e\u0439 \u043e\u0442 \u0443\u043b\u044c\u0442\u0440\u0430\u0444\u0438\u043e\u043b\u0435\u0442\u0430 UPF40+ \u0438 \u0432\u043e\u0434\u043e\u0441\u0442\u043e\u0439\u043a\u043e\u0441\u0442\u044c\u044e 3000 \u043c\u043c. \u041b\u0435\u0433\u043a\u0430\u044f, \u043a\u043e\u043c\u043f\u0430\u043a\u0442\u043d\u0430\u044f, \u0441 \u0434\u0432\u0443\u043c\u044f \u0432\u0445\u043e\u0434\u0430\u043c\u0438 \u0438 \u0432\u0435\u043d\u0442\u0438\u043b\u044f\u0446\u0438\u043e\u043d\u043d\u044b\u043c\u0438 \u043e\u043a\u043d\u0430\u043c\u0438.","breadcrumb":{"@id":"https:\/\/gohike.lv\/ru\/produkts\/naturehike-p-%d1%81%d0%b5%d1%80%d0%b8%d1%8f-%d1%81%d0%b5%d0%bc%d0%b5%d0%b9%d0%bd%d0%b0%d1%8f-%d0%bf%d0%b0%d0%bb%d0%b0%d1%82%d0%ba%d0%b0-1-%d1%81%d0%bb%d0%be%d0%b9-2p\/#breadcrumb"},"inLanguage":"ru-RU","potentialAction":[{"@type":"ReadAction","target":["https:\/\/gohike.lv\/ru\/produkts\/naturehike-p-%d1%81%d0%b5%d1%80%d0%b8%d1%8f-%d1%81%d0%b5%d0%bc%d0%b5%d0%b9%d0%bd%d0%b0%d1%8f-%d0%bf%d0%b0%d0%bb%d0%b0%d1%82%d0%ba%d0%b0-1-%d1%81%d0%bb%d0%be%d0%b9-2p\/"]}]},{"@type":"ImageObject","inLanguage":"ru-RU","@id":"https:\/\/gohike.lv\/ru\/produkts\/naturehike-p-%d1%81%d0%b5%d1%80%d0%b8%d1%8f-%d1%81%d0%b5%d0%bc%d0%b5%d0%b9%d0%bd%d0%b0%d1%8f-%d0%bf%d0%b0%d0%bb%d0%b0%d1%82%d0%ba%d0%b0-1-%d1%81%d0%bb%d0%be%d0%b9-2p\/#primaryimage","url":"https:\/\/gohike.lv\/wp-content\/uploads\/2025\/08\/Pseries2_orange.webp","contentUrl":"https:\/\/gohike.lv\/wp-content\/uploads\/2025\/08\/Pseries2_orange.webp","width":1800,"height":1800},{"@type":"BreadcrumbList","@id":"https:\/\/gohike.lv\/ru\/produkts\/naturehike-p-%d1%81%d0%b5%d1%80%d0%b8%d1%8f-%d1%81%d0%b5%d0%bc%d0%b5%d0%b9%d0%bd%d0%b0%d1%8f-%d0%bf%d0%b0%d0%bb%d0%b0%d1%82%d0%ba%d0%b0-1-%d1%81%d0%bb%d0%be%d0%b9-2p\/#breadcrumb","itemListElement":[{"@type":"ListItem","position":1,"name":"\u0413\u043b\u0430\u0432\u043d\u0430\u044f","item":"https:\/\/gohike.lv\/ru\/"},{"@type":"ListItem","position":2,"name":"\u041a\u0430\u0442\u0435\u0433\u043e\u0440\u0438\u0438 \u0442\u043e\u0432\u0430\u0440\u043e\u0432","item":"https:\/\/gohike.lv\/%d0%ba%d0%b0%d1%82%d0%b5%d0%b3%d0%be%d1%80%d0%b8%d0%b8-%d1%82%d0%be%d0%b2%d0%b0%d1%80%d0%be%d0%b2\/"},{"@type":"ListItem","position":3,"name":"Naturehike &#8211; P \u0441\u0435\u0440\u0438\u044f \u0441\u0435\u043c\u0435\u0439\u043d\u0430\u044f \u043f\u0430\u043b\u0430\u0442\u043a\u0430 (1 \u0441\u043b\u043e\u0439) \u2013 2p"}]},{"@type":"WebSite","@id":"https:\/\/gohike.lv\/ru\/#website","url":"https:\/\/gohike.lv\/ru\/","name":"GoHike","description":"","publisher":{"@id":"https:\/\/gohike.lv\/ru\/#organization"},"potentialAction":[{"@type":"SearchAction","target":{"@type":"EntryPoint","urlTemplate":"https:\/\/gohike.lv\/ru\/?s={search_term_string}"},"query-input":{"@type":"PropertyValueSpecification","valueRequired":true,"valueName":"search_term_string"}}],"inLanguage":"ru-RU"},{"@type":"Organization","@id":"https:\/\/gohike.lv\/ru\/#organization","name":"GoHike","url":"https:\/\/gohike.lv\/ru\/","logo":{"@type":"ImageObject","inLanguage":"ru-RU","@id":"https:\/\/gohike.lv\/ru\/#\/schema\/logo\/image\/","url":"https:\/\/gohike.lv\/wp-content\/uploads\/2023\/08\/Logo_GoHike.webp","contentUrl":"https:\/\/gohike.lv\/wp-content\/uploads\/2023\/08\/Logo_GoHike.webp","width":512,"height":512,"caption":"GoHike"},"image":{"@id":"https:\/\/gohike.lv\/ru\/#\/schema\/logo\/image\/"},"sameAs":["https:\/\/www.facebook.com\/gohike.shop\/","https:\/\/www.instagram.com\/gohike.shop\/"]}]}},"jetpack_sharing_enabled":true,"_links":{"self":[{"href":"https:\/\/gohike.lv\/ru\/wp-json\/wp\/v2\/product\/113228","targetHints":{"allow":["GET"]}}],"collection":[{"href":"https:\/\/gohike.lv\/ru\/wp-json\/wp\/v2\/product"}],"about":[{"href":"https:\/\/gohike.lv\/ru\/wp-json\/wp\/v2\/types\/product"}],"version-history":[{"count":0,"href":"https:\/\/gohike.lv\/ru\/wp-json\/wp\/v2\/product\/113228\/revisions"}],"wp:featuredmedia":[{"embeddable":true,"href":"https:\/\/gohike.lv\/ru\/wp-json\/wp\/v2\/media\/106094"}],"wp:attachment":[{"href":"https:\/\/gohike.lv\/ru\/wp-json\/wp\/v2\/media?parent=113228"}],"wp:term":[{"taxonomy":"product_brand","embeddable":true,"href":"https:\/\/gohike.lv\/ru\/wp-json\/wp\/v2\/product_brand?post=113228"},{"taxonomy":"product_cat","embeddable":true,"href":"https:\/\/gohike.lv\/ru\/wp-json\/wp\/v2\/product_cat?post=113228"},{"taxonomy":"product_tag","embeddable":true,"href":"https:\/\/gohike.lv\/ru\/wp-json\/wp\/v2\/product_tag?post=113228"}],"curies":[{"name":"wp","href":"https:\/\/api.w.org\/{rel}","templated":true}]}}