{"id":113036,"date":"2025-08-14T16:28:44","date_gmt":"2025-08-14T13:28:44","guid":{"rendered":"https:\/\/gohike.lv\/produkts\/gregory-stout-70-pargajienu-mugursoma\/"},"modified":"2025-12-30T17:24:19","modified_gmt":"2025-12-30T14:24:19","slug":"gregory-stout-70-pargajienu-mugursoma","status":"publish","type":"product","link":"https:\/\/gohike.lv\/ru\/produkts\/gregory-stout-70-pargajienu-mugursoma\/","title":{"rendered":"Gregory &#8212; Stout 70 p\u0101rg\u0101jienu mugursoma"},"content":{"rendered":"<p>Stout 70 ir Gregory s\u0113rijas liel\u0101k\u0101 mugursoma, rad\u012bta ilgiem p\u0101rg\u0101jieniem ar lielu ekip\u0113juma daudzumu. VersaFit regul\u0113jam\u0101 sist\u0113ma \u013cauj piel\u0101got mugursomas garumu, nodro\u0161inot ide\u0101lu sader\u012bbu ar \u0137ermeni, bet perfor\u0113ts 3D putu muguras panelis un \u201cwishbone\u201d alum\u012bnija r\u0101mis nodro\u0161ina elpojo\u0161u komfortu un stabilu slodzes sadal\u012bjumu.<br \/>\nMilz\u012bg\u0101s jostas kabatas \u013cauj \u0101tri piek\u013c\u016bt telefonam vai uzkod\u0101m p\u0101rg\u0101jiena laik\u0101. Som\u0101 ir liels U-veida r\u0101v\u0113jsl\u0113dz\u0113ja atv\u0113rums, nodal\u012bjums gu\u013cammaisam, elast\u012bgas s\u0101nu un priek\u0161\u0113j\u0101s kabatas, stiprin\u0101jumi trekinga n\u016bj\u0101m un SpeedClip hidr\u0101cijas sist\u0113mas sader\u012bba. Iek\u013cauts lietus p\u0101rvalks.<br \/>\nGalven\u0101s priek\u0161roc\u012bbas:<br \/>\n\u2714 VersaFit regul\u0113jam\u0101 sist\u0113ma \u0113rtai piel\u0101go\u0161anai<br \/>\n\u2714 Elpojo\u0161s 3D putu muguras panelis un polster\u0113ts gurnu josta<br \/>\n\u2714 Alum\u012bnija r\u0101mis ar torsion\u0101lu elast\u012bbu un augstu nestsp\u0113ju<br \/>\n\u2714 \u0112rti nodal\u012bjumi, U-veida piek\u013cuve un gu\u013cammaisa nodal\u012bjums<br \/>\n\u2714 Komplekt\u0101 lietus p\u0101rvalks<br \/>\nTehniskie dati:<br \/>\n\u2022 Izm\u0113ri: 80 \u00d7 33 \u00d7 32 cm<br \/>\n\u2022 Svars: 1,71 kg<br \/>\n\u2022 Tilpums: 70 L<br \/>\n\u2022 Maks. slodze: 23 kg<br \/>\n\u2022 R\u0101mis: alum\u012bnija + stikla \u0161\u0137iedras konstrukcija + HDPE<br \/>\n\u2022 Materi\u0101li: 210D p\u0101rstr\u0101d\u0101ts neilons + 420D neilons ar PFAS-bez DWR<br \/>\n\u2022 Kr\u0101sa: Forest Black<\/p>\n","protected":false},"excerpt":{"rendered":"<p>Ietilp\u012bga (70 L) p\u0101rg\u0101jienu mugursoma ar regul\u0113jamu VersaFit sist\u0113mu, elpojo\u0161u 3D putu muguras paneli, alum\u012bnija r\u0101mi un milz\u012bg\u0101m jostas kabat\u0101m. Maksim\u0101l\u0101 slodze \u2013 23 kg, svars tikai 1,71 kg.<\/p>\n","protected":false},"featured_media":113038,"template":"","meta":[],"product_brand":[9717],"product_cat":[1827],"product_tag":[],"class_list":{"0":"post-113036","1":"product","2":"type-product","3":"status-publish","4":"has-post-thumbnail","6":"product_brand-gregory","7":"product_cat-mugursomas","8":"pa_izmeriscm-14549","9":"pa_izturiba-23kg","10":"pa_materiali-210d-parstradats-neilons-420d-neilons-ar-pfas-bez-dwr","11":"pa_produkta-tips-pargajienu-mugursomas","13":"first","14":"outofstock","15":"taxable","16":"shipping-taxable","17":"purchasable","18":"product-type-simple"},"raw_content":{"name":"Gregory - Stout 70 p\u0101rg\u0101jienu mugursoma","description":"Stout 70 ir Gregory s\u0113rijas liel\u0101k\u0101 mugursoma, rad\u012bta ilgiem p\u0101rg\u0101jieniem ar lielu ekip\u0113juma daudzumu. VersaFit regul\u0113jam\u0101 sist\u0113ma \u013cauj piel\u0101got mugursomas garumu, nodro\u0161inot ide\u0101lu sader\u012bbu ar \u0137ermeni, bet perfor\u0113ts 3D putu muguras panelis un \u201cwishbone\u201d alum\u012bnija r\u0101mis nodro\u0161ina elpojo\u0161u komfortu un stabilu slodzes sadal\u012bjumu.\nMilz\u012bg\u0101s jostas kabatas \u013cauj \u0101tri piek\u013c\u016bt telefonam vai uzkod\u0101m p\u0101rg\u0101jiena laik\u0101. Som\u0101 ir liels U-veida r\u0101v\u0113jsl\u0113dz\u0113ja atv\u0113rums, nodal\u012bjums gu\u013cammaisam, elast\u012bgas s\u0101nu un priek\u0161\u0113j\u0101s kabatas, stiprin\u0101jumi trekinga n\u016bj\u0101m un SpeedClip hidr\u0101cijas sist\u0113mas sader\u012bba. Iek\u013cauts lietus p\u0101rvalks.\nGalven\u0101s priek\u0161roc\u012bbas:\n\u2714 VersaFit regul\u0113jam\u0101 sist\u0113ma \u0113rtai piel\u0101go\u0161anai\n\u2714 Elpojo\u0161s 3D putu muguras panelis un polster\u0113ts gurnu josta\n\u2714 Alum\u012bnija r\u0101mis ar torsion\u0101lu elast\u012bbu un augstu nestsp\u0113ju\n\u2714 \u0112rti nodal\u012bjumi, U-veida piek\u013cuve un gu\u013cammaisa nodal\u012bjums\n\u2714 Komplekt\u0101 lietus p\u0101rvalks\nTehniskie dati:\n\u2022 Izm\u0113ri: 80 \u00d7 33 \u00d7 32 cm\n\u2022 Svars: 1,71 kg\n\u2022 Tilpums: 70 L\n\u2022 Maks. slodze: 23 kg\n\u2022 R\u0101mis: alum\u012bnija + stikla \u0161\u0137iedras konstrukcija + HDPE\n\u2022 Materi\u0101li: 210D p\u0101rstr\u0101d\u0101ts neilons + 420D neilons ar PFAS-bez DWR\n\u2022 Kr\u0101sa: Forest Black","short_description":"Ietilp\u012bga (70 L) p\u0101rg\u0101jienu mugursoma ar regul\u0113jamu VersaFit sist\u0113mu, elpojo\u0161u 3D putu muguras paneli, alum\u012bnija r\u0101mi un milz\u012bg\u0101m jostas kabat\u0101m. Maksim\u0101l\u0101 slodze \u2013 23 kg, svars tikai 1,71 kg.","status":"publish","sku":"5400520248084","original":113036},"wpml":{"translation_type":1,"has_translations":true,"original":113036,"duplicates":[],"translations":{"lv":113036,"en":113086,"ru":null}},"supplier_id":null,"supplier_sku":"","barcode":null,"atum_controlled":true,"out_stock_date":"2025-10-13 18:39:37","out_stock_threshold":null,"inheritable":false,"inbound_stock":0,"stock_on_hold":0,"sold_today":0,"sales_last_days":0,"reserved_stock":0,"customer_returns":0,"warehouse_damage":0,"lost_in_post":0,"other_logs":0,"out_stock_days":30,"lost_sales":0,"has_location":false,"update_date":"2025-12-30T14:30:27","atum_locations":[],"atum_stock_status":"outofstock","restock_status":false,"low_stock_amount":"","sales_update_date":"2025-11-13T14:08:31","calc_backorders":null,"yoast_head":"<!-- This site is optimized with the Yoast SEO plugin v27.3 - https:\/\/yoast.com\/product\/yoast-seo-wordpress\/ -->\n<title>Gregory - Stout 70 p\u0101rg\u0101jienu mugursoma<\/title>\n<meta name=\"description\" content=\"Ietilp\u012bga (70 L) p\u0101rg\u0101jienu mugursoma ar regul\u0113jamu VersaFit sist\u0113mu, elpojo\u0161u 3D putu muguras paneli, alum\u012bnija r\u0101mi un milz\u012bg\u0101m jostas kabat\u0101m. Maksim\u0101l\u0101 slodze \u2013 23 kg, svars tikai 1,71 kg.\" \/>\n<meta name=\"robots\" content=\"index, follow, max-snippet:-1, max-image-preview:large, max-video-preview:-1\" \/>\n<link rel=\"canonical\" href=\"https:\/\/gohike.lv\/ru\/produkts\/gregory-stout-70-pargajienu-mugursoma\/\" \/>\n<meta property=\"og:locale\" content=\"ru_RU\" \/>\n<meta property=\"og:type\" content=\"article\" \/>\n<meta property=\"og:title\" content=\"Gregory - Stout 70 p\u0101rg\u0101jienu mugursoma\" \/>\n<meta property=\"og:description\" content=\"Ietilp\u012bga (70 L) p\u0101rg\u0101jienu mugursoma ar regul\u0113jamu VersaFit sist\u0113mu, elpojo\u0161u 3D putu muguras paneli, alum\u012bnija r\u0101mi un milz\u012bg\u0101m jostas kabat\u0101m. Maksim\u0101l\u0101 slodze \u2013 23 kg, svars tikai 1,71 kg.\" \/>\n<meta property=\"og:url\" content=\"https:\/\/gohike.lv\/ru\/produkts\/gregory-stout-70-pargajienu-mugursoma\/\" \/>\n<meta property=\"og:site_name\" content=\"GoHike\" \/>\n<meta property=\"article:publisher\" content=\"https:\/\/www.facebook.com\/gohike.shop\/\" \/>\n<meta property=\"article:modified_time\" content=\"2025-12-30T14:24:19+00:00\" \/>\n<meta property=\"og:image\" content=\"https:\/\/gohike.lv\/wp-content\/uploads\/2025\/08\/Stout70_.webp\" \/>\n\t<meta property=\"og:image:width\" content=\"900\" \/>\n\t<meta property=\"og:image:height\" content=\"900\" \/>\n\t<meta property=\"og:image:type\" content=\"image\/webp\" \/>\n<meta name=\"twitter:card\" content=\"summary_large_image\" \/>\n<meta name=\"twitter:title\" content=\"Gregory - Stout 70 p\u0101rg\u0101jienu mugursoma\" \/>\n<meta name=\"twitter:label1\" content=\"\u041f\u0440\u0438\u043c\u0435\u0440\u043d\u043e\u0435 \u0432\u0440\u0435\u043c\u044f \u0434\u043b\u044f \u0447\u0442\u0435\u043d\u0438\u044f\" \/>\n\t<meta name=\"twitter:data1\" content=\"2 \u043c\u0438\u043d\u0443\u0442\u0430\" \/>\n<script type=\"application\/ld+json\" class=\"yoast-schema-graph\">{\"@context\":\"https:\\\/\\\/schema.org\",\"@graph\":[{\"@type\":[\"WebPage\",\"ItemPage\"],\"@id\":\"https:\\\/\\\/gohike.lv\\\/ru\\\/produkts\\\/gregory-stout-70-pargajienu-mugursoma\\\/\",\"url\":\"https:\\\/\\\/gohike.lv\\\/ru\\\/produkts\\\/gregory-stout-70-pargajienu-mugursoma\\\/\",\"name\":\"Gregory - Stout 70 p\u0101rg\u0101jienu mugursoma\",\"isPartOf\":{\"@id\":\"https:\\\/\\\/gohike.lv\\\/ru\\\/#website\"},\"primaryImageOfPage\":{\"@id\":\"https:\\\/\\\/gohike.lv\\\/ru\\\/produkts\\\/gregory-stout-70-pargajienu-mugursoma\\\/#primaryimage\"},\"image\":{\"@id\":\"https:\\\/\\\/gohike.lv\\\/ru\\\/produkts\\\/gregory-stout-70-pargajienu-mugursoma\\\/#primaryimage\"},\"thumbnailUrl\":\"https:\\\/\\\/gohike.lv\\\/wp-content\\\/uploads\\\/2025\\\/08\\\/Stout70_.webp\",\"datePublished\":\"2025-08-14T13:28:44+00:00\",\"dateModified\":\"2025-12-30T14:24:19+00:00\",\"description\":\"Ietilp\u012bga (70 L) p\u0101rg\u0101jienu mugursoma ar regul\u0113jamu VersaFit sist\u0113mu, elpojo\u0161u 3D putu muguras paneli, alum\u012bnija r\u0101mi un milz\u012bg\u0101m jostas kabat\u0101m. Maksim\u0101l\u0101 slodze \u2013 23 kg, svars tikai 1,71 kg.\",\"breadcrumb\":{\"@id\":\"https:\\\/\\\/gohike.lv\\\/ru\\\/produkts\\\/gregory-stout-70-pargajienu-mugursoma\\\/#breadcrumb\"},\"inLanguage\":\"ru-RU\",\"potentialAction\":[{\"@type\":\"ReadAction\",\"target\":[\"https:\\\/\\\/gohike.lv\\\/ru\\\/produkts\\\/gregory-stout-70-pargajienu-mugursoma\\\/\"]}]},{\"@type\":\"ImageObject\",\"inLanguage\":\"ru-RU\",\"@id\":\"https:\\\/\\\/gohike.lv\\\/ru\\\/produkts\\\/gregory-stout-70-pargajienu-mugursoma\\\/#primaryimage\",\"url\":\"https:\\\/\\\/gohike.lv\\\/wp-content\\\/uploads\\\/2025\\\/08\\\/Stout70_.webp\",\"contentUrl\":\"https:\\\/\\\/gohike.lv\\\/wp-content\\\/uploads\\\/2025\\\/08\\\/Stout70_.webp\",\"width\":900,\"height\":900},{\"@type\":\"BreadcrumbList\",\"@id\":\"https:\\\/\\\/gohike.lv\\\/ru\\\/produkts\\\/gregory-stout-70-pargajienu-mugursoma\\\/#breadcrumb\",\"itemListElement\":[{\"@type\":\"ListItem\",\"position\":1,\"name\":\"\u0413\u043b\u0430\u0432\u043d\u0430\u044f\",\"item\":\"https:\\\/\\\/gohike.lv\\\/ru\\\/\"},{\"@type\":\"ListItem\",\"position\":2,\"name\":\"\u041a\u0430\u0442\u0435\u0433\u043e\u0440\u0438\u0438 \u0442\u043e\u0432\u0430\u0440\u043e\u0432\",\"item\":\"https:\\\/\\\/gohike.lv\\\/%d0%ba%d0%b0%d1%82%d0%b5%d0%b3%d0%be%d1%80%d0%b8%d0%b8-%d1%82%d0%be%d0%b2%d0%b0%d1%80%d0%be%d0%b2\\\/\"},{\"@type\":\"ListItem\",\"position\":3,\"name\":\"Gregory &#8211; Stout 70 p\u0101rg\u0101jienu mugursoma\"}]},{\"@type\":\"WebSite\",\"@id\":\"https:\\\/\\\/gohike.lv\\\/ru\\\/#website\",\"url\":\"https:\\\/\\\/gohike.lv\\\/ru\\\/\",\"name\":\"GoHike\",\"description\":\"\",\"publisher\":{\"@id\":\"https:\\\/\\\/gohike.lv\\\/ru\\\/#organization\"},\"potentialAction\":[{\"@type\":\"SearchAction\",\"target\":{\"@type\":\"EntryPoint\",\"urlTemplate\":\"https:\\\/\\\/gohike.lv\\\/ru\\\/?s={search_term_string}\"},\"query-input\":{\"@type\":\"PropertyValueSpecification\",\"valueRequired\":true,\"valueName\":\"search_term_string\"}}],\"inLanguage\":\"ru-RU\"},{\"@type\":\"Organization\",\"@id\":\"https:\\\/\\\/gohike.lv\\\/ru\\\/#organization\",\"name\":\"GoHike\",\"url\":\"https:\\\/\\\/gohike.lv\\\/ru\\\/\",\"logo\":{\"@type\":\"ImageObject\",\"inLanguage\":\"ru-RU\",\"@id\":\"https:\\\/\\\/gohike.lv\\\/ru\\\/#\\\/schema\\\/logo\\\/image\\\/\",\"url\":\"https:\\\/\\\/gohike.lv\\\/wp-content\\\/uploads\\\/2023\\\/08\\\/Logo_GoHike.webp\",\"contentUrl\":\"https:\\\/\\\/gohike.lv\\\/wp-content\\\/uploads\\\/2023\\\/08\\\/Logo_GoHike.webp\",\"width\":512,\"height\":512,\"caption\":\"GoHike\"},\"image\":{\"@id\":\"https:\\\/\\\/gohike.lv\\\/ru\\\/#\\\/schema\\\/logo\\\/image\\\/\"},\"sameAs\":[\"https:\\\/\\\/www.facebook.com\\\/gohike.shop\\\/\",\"https:\\\/\\\/www.instagram.com\\\/gohike.shop\\\/\"]}]}<\/script>\n<!-- \/ Yoast SEO plugin. -->","yoast_head_json":{"title":"Gregory - Stout 70 p\u0101rg\u0101jienu mugursoma","description":"Ietilp\u012bga (70 L) p\u0101rg\u0101jienu mugursoma ar regul\u0113jamu VersaFit sist\u0113mu, elpojo\u0161u 3D putu muguras paneli, alum\u012bnija r\u0101mi un milz\u012bg\u0101m jostas kabat\u0101m. Maksim\u0101l\u0101 slodze \u2013 23 kg, svars tikai 1,71 kg.","robots":{"index":"index","follow":"follow","max-snippet":"max-snippet:-1","max-image-preview":"max-image-preview:large","max-video-preview":"max-video-preview:-1"},"canonical":"https:\/\/gohike.lv\/ru\/produkts\/gregory-stout-70-pargajienu-mugursoma\/","og_locale":"ru_RU","og_type":"article","og_title":"Gregory - Stout 70 p\u0101rg\u0101jienu mugursoma","og_description":"Ietilp\u012bga (70 L) p\u0101rg\u0101jienu mugursoma ar regul\u0113jamu VersaFit sist\u0113mu, elpojo\u0161u 3D putu muguras paneli, alum\u012bnija r\u0101mi un milz\u012bg\u0101m jostas kabat\u0101m. Maksim\u0101l\u0101 slodze \u2013 23 kg, svars tikai 1,71 kg.","og_url":"https:\/\/gohike.lv\/ru\/produkts\/gregory-stout-70-pargajienu-mugursoma\/","og_site_name":"GoHike","article_publisher":"https:\/\/www.facebook.com\/gohike.shop\/","article_modified_time":"2025-12-30T14:24:19+00:00","og_image":[{"width":900,"height":900,"url":"https:\/\/gohike.lv\/wp-content\/uploads\/2025\/08\/Stout70_.webp","type":"image\/webp"}],"twitter_card":"summary_large_image","twitter_title":"Gregory - Stout 70 p\u0101rg\u0101jienu mugursoma","twitter_misc":{"\u041f\u0440\u0438\u043c\u0435\u0440\u043d\u043e\u0435 \u0432\u0440\u0435\u043c\u044f \u0434\u043b\u044f \u0447\u0442\u0435\u043d\u0438\u044f":"2 \u043c\u0438\u043d\u0443\u0442\u0430"},"schema":{"@context":"https:\/\/schema.org","@graph":[{"@type":["WebPage","ItemPage"],"@id":"https:\/\/gohike.lv\/ru\/produkts\/gregory-stout-70-pargajienu-mugursoma\/","url":"https:\/\/gohike.lv\/ru\/produkts\/gregory-stout-70-pargajienu-mugursoma\/","name":"Gregory - Stout 70 p\u0101rg\u0101jienu mugursoma","isPartOf":{"@id":"https:\/\/gohike.lv\/ru\/#website"},"primaryImageOfPage":{"@id":"https:\/\/gohike.lv\/ru\/produkts\/gregory-stout-70-pargajienu-mugursoma\/#primaryimage"},"image":{"@id":"https:\/\/gohike.lv\/ru\/produkts\/gregory-stout-70-pargajienu-mugursoma\/#primaryimage"},"thumbnailUrl":"https:\/\/gohike.lv\/wp-content\/uploads\/2025\/08\/Stout70_.webp","datePublished":"2025-08-14T13:28:44+00:00","dateModified":"2025-12-30T14:24:19+00:00","description":"Ietilp\u012bga (70 L) p\u0101rg\u0101jienu mugursoma ar regul\u0113jamu VersaFit sist\u0113mu, elpojo\u0161u 3D putu muguras paneli, alum\u012bnija r\u0101mi un milz\u012bg\u0101m jostas kabat\u0101m. Maksim\u0101l\u0101 slodze \u2013 23 kg, svars tikai 1,71 kg.","breadcrumb":{"@id":"https:\/\/gohike.lv\/ru\/produkts\/gregory-stout-70-pargajienu-mugursoma\/#breadcrumb"},"inLanguage":"ru-RU","potentialAction":[{"@type":"ReadAction","target":["https:\/\/gohike.lv\/ru\/produkts\/gregory-stout-70-pargajienu-mugursoma\/"]}]},{"@type":"ImageObject","inLanguage":"ru-RU","@id":"https:\/\/gohike.lv\/ru\/produkts\/gregory-stout-70-pargajienu-mugursoma\/#primaryimage","url":"https:\/\/gohike.lv\/wp-content\/uploads\/2025\/08\/Stout70_.webp","contentUrl":"https:\/\/gohike.lv\/wp-content\/uploads\/2025\/08\/Stout70_.webp","width":900,"height":900},{"@type":"BreadcrumbList","@id":"https:\/\/gohike.lv\/ru\/produkts\/gregory-stout-70-pargajienu-mugursoma\/#breadcrumb","itemListElement":[{"@type":"ListItem","position":1,"name":"\u0413\u043b\u0430\u0432\u043d\u0430\u044f","item":"https:\/\/gohike.lv\/ru\/"},{"@type":"ListItem","position":2,"name":"\u041a\u0430\u0442\u0435\u0433\u043e\u0440\u0438\u0438 \u0442\u043e\u0432\u0430\u0440\u043e\u0432","item":"https:\/\/gohike.lv\/%d0%ba%d0%b0%d1%82%d0%b5%d0%b3%d0%be%d1%80%d0%b8%d0%b8-%d1%82%d0%be%d0%b2%d0%b0%d1%80%d0%be%d0%b2\/"},{"@type":"ListItem","position":3,"name":"Gregory &#8211; Stout 70 p\u0101rg\u0101jienu mugursoma"}]},{"@type":"WebSite","@id":"https:\/\/gohike.lv\/ru\/#website","url":"https:\/\/gohike.lv\/ru\/","name":"GoHike","description":"","publisher":{"@id":"https:\/\/gohike.lv\/ru\/#organization"},"potentialAction":[{"@type":"SearchAction","target":{"@type":"EntryPoint","urlTemplate":"https:\/\/gohike.lv\/ru\/?s={search_term_string}"},"query-input":{"@type":"PropertyValueSpecification","valueRequired":true,"valueName":"search_term_string"}}],"inLanguage":"ru-RU"},{"@type":"Organization","@id":"https:\/\/gohike.lv\/ru\/#organization","name":"GoHike","url":"https:\/\/gohike.lv\/ru\/","logo":{"@type":"ImageObject","inLanguage":"ru-RU","@id":"https:\/\/gohike.lv\/ru\/#\/schema\/logo\/image\/","url":"https:\/\/gohike.lv\/wp-content\/uploads\/2023\/08\/Logo_GoHike.webp","contentUrl":"https:\/\/gohike.lv\/wp-content\/uploads\/2023\/08\/Logo_GoHike.webp","width":512,"height":512,"caption":"GoHike"},"image":{"@id":"https:\/\/gohike.lv\/ru\/#\/schema\/logo\/image\/"},"sameAs":["https:\/\/www.facebook.com\/gohike.shop\/","https:\/\/www.instagram.com\/gohike.shop\/"]}]}},"jetpack_sharing_enabled":true,"_links":{"self":[{"href":"https:\/\/gohike.lv\/ru\/wp-json\/wp\/v2\/product\/113036","targetHints":{"allow":["GET"]}}],"collection":[{"href":"https:\/\/gohike.lv\/ru\/wp-json\/wp\/v2\/product"}],"about":[{"href":"https:\/\/gohike.lv\/ru\/wp-json\/wp\/v2\/types\/product"}],"version-history":[{"count":0,"href":"https:\/\/gohike.lv\/ru\/wp-json\/wp\/v2\/product\/113036\/revisions"}],"wp:featuredmedia":[{"embeddable":true,"href":"https:\/\/gohike.lv\/ru\/wp-json\/wp\/v2\/media\/113038"}],"wp:attachment":[{"href":"https:\/\/gohike.lv\/ru\/wp-json\/wp\/v2\/media?parent=113036"}],"wp:term":[{"taxonomy":"product_brand","embeddable":true,"href":"https:\/\/gohike.lv\/ru\/wp-json\/wp\/v2\/product_brand?post=113036"},{"taxonomy":"product_cat","embeddable":true,"href":"https:\/\/gohike.lv\/ru\/wp-json\/wp\/v2\/product_cat?post=113036"},{"taxonomy":"product_tag","embeddable":true,"href":"https:\/\/gohike.lv\/ru\/wp-json\/wp\/v2\/product_tag?post=113036"}],"curies":[{"name":"wp","href":"https:\/\/api.w.org\/{rel}","templated":true}]}}