{"id":113034,"date":"2025-08-14T16:28:44","date_gmt":"2025-08-14T13:28:44","guid":{"rendered":"https:\/\/gohike.lv\/produkts\/gregory-focal-38-pargajienu-mugursoma\/"},"modified":"2025-12-30T17:24:19","modified_gmt":"2025-12-30T14:24:19","slug":"gregory-focal-38-pargajienu-mugursoma","status":"publish","type":"product","link":"https:\/\/gohike.lv\/ru\/produkts\/gregory-focal-38-pargajienu-mugursoma\/","title":{"rendered":"Gregory &#8212; Focal 38 p\u0101rg\u0101jienu mugursoma"},"content":{"rendered":"<p>Focal 38 nodro\u0161ina dinamisku komfortu, pateicoties Gregory FreeFloat hipbelt sist\u0113mai un piln\u012bgi ventil\u0113tam t\u012bklenes panelim, kas piel\u0101gojas \u0137erme\u0146a kust\u012bb\u0101m. R\u0101mis ar alum\u012bnija un stikla \u0161\u0137iedras konstrukciju nodro\u0161ina stabilit\u0101ti un zemu svaru, saglab\u0101jot augstu n\u0113s\u0101\u0161anas komfortu pat ar maksim\u0101lo slodzi 14 kg.<br \/>\nPolygiene\u00ae p\u0101rkl\u0101jums muguras panel\u012b samazina nepat\u012bkamu arom\u0101tu veido\u0161anos ilgsto\u0161as lieto\u0161anas laik\u0101. Pla\u0161\u0101s zip kabatas jostas da\u013c\u0101, elast\u012bg\u0101s s\u0101nu un priek\u0161\u0113j\u0101s kabatas, no\u0146emamais aug\u0161\u0113jais v\u0101ks ar diviem nodal\u012bjumiem, SpeedClip hidrosist\u0113mas nodal\u012bjums un iek\u013cautais lietus p\u0101rvalks nodro\u0161ina lielisku organiz\u0101ciju un gatav\u012bbu jebkuriem laikapst\u0101k\u013ciem.<br \/>\nGalven\u0101s priek\u0161roc\u012bbas:<br \/>\n\u2714 FreeFloat ventil\u0113ts hipbelt un piln\u012bgi gais\u012bgs muguras panelis<br \/>\n\u2714 Polygiene\u00ae odora kontrole \u2013 ilgsto\u0161a svaiguma saj\u016bta<br \/>\n\u2714 \u0112rtas un ietilp\u012bgas jostas kabatas<br \/>\n\u2714 Alum\u012bnija r\u0101mis \u2013 viegls, stabils un iztur\u012bgs<br \/>\n\u2714 Organiz\u0113ti nodal\u012bjumi, hidrosist\u0113mas sader\u012bba un lietus p\u0101rvalks komplekt\u0101<br \/>\nTehniskie dati:<br \/>\n\u2022 Izm\u0113ri: 66 \u00d7 33 \u00d7 22 cm<br \/>\n\u2022 Svars: 1,13 kg<br \/>\n\u2022 Tilpums: 38 L<br \/>\n\u2022 Maks. slodze: 14 kg<br \/>\n\u2022 R\u0101mis: alum\u012bnija + stikla \u0161\u0137iedras konstrukcija + HDPE<br \/>\n\u2022 Materi\u0101li: 100D + 210D p\u0101rstr\u0101d\u0101ts neilons ar PFAS-bez DWR<br \/>\n\u2022 Kr\u0101sa: Ozone Black<\/p>\n","protected":false},"excerpt":{"rendered":"<p>Focal 38 p\u0101rg\u0101jienu mugursoma<\/p>\n","protected":false},"featured_media":113148,"template":"","meta":[],"product_brand":[9717],"product_cat":[1827],"product_tag":[],"class_list":{"0":"post-113034","1":"product","2":"type-product","3":"status-publish","4":"has-post-thumbnail","6":"product_brand-gregory","7":"product_cat-mugursomas","8":"pa_izmeriscm-14548","9":"pa_izturiba-14kg","10":"pa_materiali-100d-210d-parstradats-neilons-ar-pfas-bez-dwr","11":"pa_produkta-tips-pargajienu-mugursomas","13":"first","14":"instock","15":"taxable","16":"shipping-taxable","17":"purchasable","18":"product-type-simple"},"raw_content":{"name":"Gregory - Focal 38 p\u0101rg\u0101jienu mugursoma","description":"Focal 38 nodro\u0161ina dinamisku komfortu, pateicoties Gregory FreeFloat hipbelt sist\u0113mai un piln\u012bgi ventil\u0113tam t\u012bklenes panelim, kas piel\u0101gojas \u0137erme\u0146a kust\u012bb\u0101m. R\u0101mis ar alum\u012bnija un stikla \u0161\u0137iedras konstrukciju nodro\u0161ina stabilit\u0101ti un zemu svaru, saglab\u0101jot augstu n\u0113s\u0101\u0161anas komfortu pat ar maksim\u0101lo slodzi 14 kg.\r\nPolygiene\u00ae p\u0101rkl\u0101jums muguras panel\u012b samazina nepat\u012bkamu arom\u0101tu veido\u0161anos ilgsto\u0161as lieto\u0161anas laik\u0101. Pla\u0161\u0101s zip kabatas jostas da\u013c\u0101, elast\u012bg\u0101s s\u0101nu un priek\u0161\u0113j\u0101s kabatas, no\u0146emamais aug\u0161\u0113jais v\u0101ks ar diviem nodal\u012bjumiem, SpeedClip hidrosist\u0113mas nodal\u012bjums un iek\u013cautais lietus p\u0101rvalks nodro\u0161ina lielisku organiz\u0101ciju un gatav\u012bbu jebkuriem laikapst\u0101k\u013ciem.\r\nGalven\u0101s priek\u0161roc\u012bbas:\r\n\u2714 FreeFloat ventil\u0113ts hipbelt un piln\u012bgi gais\u012bgs muguras panelis\r\n\u2714 Polygiene\u00ae odora kontrole \u2013 ilgsto\u0161a svaiguma saj\u016bta\r\n\u2714 \u0112rtas un ietilp\u012bgas jostas kabatas\r\n\u2714 Alum\u012bnija r\u0101mis \u2013 viegls, stabils un iztur\u012bgs\r\n\u2714 Organiz\u0113ti nodal\u012bjumi, hidrosist\u0113mas sader\u012bba un lietus p\u0101rvalks komplekt\u0101\r\nTehniskie dati:\r\n\u2022 Izm\u0113ri: 66 \u00d7 33 \u00d7 22 cm\r\n\u2022 Svars: 1,13 kg\r\n\u2022 Tilpums: 38 L\r\n\u2022 Maks. slodze: 14 kg\r\n\u2022 R\u0101mis: alum\u012bnija + stikla \u0161\u0137iedras konstrukcija + HDPE\r\n\u2022 Materi\u0101li: 100D + 210D p\u0101rstr\u0101d\u0101ts neilons ar PFAS-bez DWR\r\n\u2022 Kr\u0101sa: Ozone Black","short_description":"Focal 38 p\u0101rg\u0101jienu mugursoma","status":"publish","sku":"5400520198518","original":113034},"wpml":{"translation_type":1,"has_translations":true,"original":113034,"duplicates":[],"translations":{"lv":113034,"en":113064,"ru":null}},"supplier_id":null,"supplier_sku":"","barcode":null,"atum_controlled":true,"out_stock_date":null,"out_stock_threshold":null,"inheritable":false,"inbound_stock":0,"stock_on_hold":0,"sold_today":0,"sales_last_days":0,"reserved_stock":0,"customer_returns":0,"warehouse_damage":0,"lost_in_post":0,"other_logs":0,"out_stock_days":0,"lost_sales":0,"has_location":false,"update_date":"2025-12-30T14:30:27","atum_locations":[],"atum_stock_status":"instock","restock_status":false,"low_stock_amount":"","sales_update_date":"2025-11-13T14:08:31","calc_backorders":null,"yoast_head":"<!-- This site is optimized with the Yoast SEO plugin v27.3 - https:\/\/yoast.com\/product\/yoast-seo-wordpress\/ -->\n<title>Gregory - Focal 38 p\u0101rg\u0101jienu mugursoma<\/title>\n<meta name=\"description\" content=\"Focal 38 p\u0101rg\u0101jienu mugursoma\" \/>\n<meta name=\"robots\" content=\"index, follow, max-snippet:-1, max-image-preview:large, max-video-preview:-1\" \/>\n<link rel=\"canonical\" href=\"https:\/\/gohike.lv\/ru\/produkts\/gregory-focal-38-pargajienu-mugursoma\/\" \/>\n<meta property=\"og:locale\" content=\"ru_RU\" \/>\n<meta property=\"og:type\" content=\"article\" \/>\n<meta property=\"og:title\" content=\"Gregory - Focal 38 p\u0101rg\u0101jienu mugursoma\" \/>\n<meta property=\"og:description\" content=\"Focal 38 p\u0101rg\u0101jienu mugursoma\" \/>\n<meta property=\"og:url\" content=\"https:\/\/gohike.lv\/ru\/produkts\/gregory-focal-38-pargajienu-mugursoma\/\" \/>\n<meta property=\"og:site_name\" content=\"GoHike\" \/>\n<meta property=\"article:publisher\" content=\"https:\/\/www.facebook.com\/gohike.shop\/\" \/>\n<meta property=\"article:modified_time\" content=\"2025-12-30T14:24:19+00:00\" \/>\n<meta property=\"og:image\" content=\"https:\/\/gohike.lv\/wp-content\/uploads\/2025\/08\/Focal38_-1.webp\" \/>\n\t<meta property=\"og:image:width\" content=\"900\" \/>\n\t<meta property=\"og:image:height\" content=\"897\" \/>\n\t<meta property=\"og:image:type\" content=\"image\/webp\" \/>\n<meta name=\"twitter:card\" content=\"summary_large_image\" \/>\n<meta name=\"twitter:title\" content=\"Gregory - Focal 38 p\u0101rg\u0101jienu mugursoma\" \/>\n<meta name=\"twitter:label1\" content=\"\u041f\u0440\u0438\u043c\u0435\u0440\u043d\u043e\u0435 \u0432\u0440\u0435\u043c\u044f \u0434\u043b\u044f \u0447\u0442\u0435\u043d\u0438\u044f\" \/>\n\t<meta name=\"twitter:data1\" content=\"2 \u043c\u0438\u043d\u0443\u0442\u0430\" \/>\n<script type=\"application\/ld+json\" class=\"yoast-schema-graph\">{\"@context\":\"https:\\\/\\\/schema.org\",\"@graph\":[{\"@type\":[\"WebPage\",\"ItemPage\"],\"@id\":\"https:\\\/\\\/gohike.lv\\\/ru\\\/produkts\\\/gregory-focal-38-pargajienu-mugursoma\\\/\",\"url\":\"https:\\\/\\\/gohike.lv\\\/ru\\\/produkts\\\/gregory-focal-38-pargajienu-mugursoma\\\/\",\"name\":\"Gregory - Focal 38 p\u0101rg\u0101jienu mugursoma\",\"isPartOf\":{\"@id\":\"https:\\\/\\\/gohike.lv\\\/ru\\\/#website\"},\"primaryImageOfPage\":{\"@id\":\"https:\\\/\\\/gohike.lv\\\/ru\\\/produkts\\\/gregory-focal-38-pargajienu-mugursoma\\\/#primaryimage\"},\"image\":{\"@id\":\"https:\\\/\\\/gohike.lv\\\/ru\\\/produkts\\\/gregory-focal-38-pargajienu-mugursoma\\\/#primaryimage\"},\"thumbnailUrl\":\"https:\\\/\\\/gohike.lv\\\/wp-content\\\/uploads\\\/2025\\\/08\\\/Focal38_-1.webp\",\"datePublished\":\"2025-08-14T13:28:44+00:00\",\"dateModified\":\"2025-12-30T14:24:19+00:00\",\"description\":\"Focal 38 p\u0101rg\u0101jienu mugursoma\",\"breadcrumb\":{\"@id\":\"https:\\\/\\\/gohike.lv\\\/ru\\\/produkts\\\/gregory-focal-38-pargajienu-mugursoma\\\/#breadcrumb\"},\"inLanguage\":\"ru-RU\",\"potentialAction\":[{\"@type\":\"ReadAction\",\"target\":[\"https:\\\/\\\/gohike.lv\\\/ru\\\/produkts\\\/gregory-focal-38-pargajienu-mugursoma\\\/\"]}]},{\"@type\":\"ImageObject\",\"inLanguage\":\"ru-RU\",\"@id\":\"https:\\\/\\\/gohike.lv\\\/ru\\\/produkts\\\/gregory-focal-38-pargajienu-mugursoma\\\/#primaryimage\",\"url\":\"https:\\\/\\\/gohike.lv\\\/wp-content\\\/uploads\\\/2025\\\/08\\\/Focal38_-1.webp\",\"contentUrl\":\"https:\\\/\\\/gohike.lv\\\/wp-content\\\/uploads\\\/2025\\\/08\\\/Focal38_-1.webp\",\"width\":900,\"height\":897},{\"@type\":\"BreadcrumbList\",\"@id\":\"https:\\\/\\\/gohike.lv\\\/ru\\\/produkts\\\/gregory-focal-38-pargajienu-mugursoma\\\/#breadcrumb\",\"itemListElement\":[{\"@type\":\"ListItem\",\"position\":1,\"name\":\"\u0413\u043b\u0430\u0432\u043d\u0430\u044f\",\"item\":\"https:\\\/\\\/gohike.lv\\\/ru\\\/\"},{\"@type\":\"ListItem\",\"position\":2,\"name\":\"\u041a\u0430\u0442\u0435\u0433\u043e\u0440\u0438\u0438 \u0442\u043e\u0432\u0430\u0440\u043e\u0432\",\"item\":\"https:\\\/\\\/gohike.lv\\\/%d0%ba%d0%b0%d1%82%d0%b5%d0%b3%d0%be%d1%80%d0%b8%d0%b8-%d1%82%d0%be%d0%b2%d0%b0%d1%80%d0%be%d0%b2\\\/\"},{\"@type\":\"ListItem\",\"position\":3,\"name\":\"Gregory &#8211; Focal 38 p\u0101rg\u0101jienu mugursoma\"}]},{\"@type\":\"WebSite\",\"@id\":\"https:\\\/\\\/gohike.lv\\\/ru\\\/#website\",\"url\":\"https:\\\/\\\/gohike.lv\\\/ru\\\/\",\"name\":\"GoHike\",\"description\":\"\",\"publisher\":{\"@id\":\"https:\\\/\\\/gohike.lv\\\/ru\\\/#organization\"},\"potentialAction\":[{\"@type\":\"SearchAction\",\"target\":{\"@type\":\"EntryPoint\",\"urlTemplate\":\"https:\\\/\\\/gohike.lv\\\/ru\\\/?s={search_term_string}\"},\"query-input\":{\"@type\":\"PropertyValueSpecification\",\"valueRequired\":true,\"valueName\":\"search_term_string\"}}],\"inLanguage\":\"ru-RU\"},{\"@type\":\"Organization\",\"@id\":\"https:\\\/\\\/gohike.lv\\\/ru\\\/#organization\",\"name\":\"GoHike\",\"url\":\"https:\\\/\\\/gohike.lv\\\/ru\\\/\",\"logo\":{\"@type\":\"ImageObject\",\"inLanguage\":\"ru-RU\",\"@id\":\"https:\\\/\\\/gohike.lv\\\/ru\\\/#\\\/schema\\\/logo\\\/image\\\/\",\"url\":\"https:\\\/\\\/gohike.lv\\\/wp-content\\\/uploads\\\/2023\\\/08\\\/Logo_GoHike.webp\",\"contentUrl\":\"https:\\\/\\\/gohike.lv\\\/wp-content\\\/uploads\\\/2023\\\/08\\\/Logo_GoHike.webp\",\"width\":512,\"height\":512,\"caption\":\"GoHike\"},\"image\":{\"@id\":\"https:\\\/\\\/gohike.lv\\\/ru\\\/#\\\/schema\\\/logo\\\/image\\\/\"},\"sameAs\":[\"https:\\\/\\\/www.facebook.com\\\/gohike.shop\\\/\",\"https:\\\/\\\/www.instagram.com\\\/gohike.shop\\\/\"]}]}<\/script>\n<!-- \/ Yoast SEO plugin. -->","yoast_head_json":{"title":"Gregory - Focal 38 p\u0101rg\u0101jienu mugursoma","description":"Focal 38 p\u0101rg\u0101jienu mugursoma","robots":{"index":"index","follow":"follow","max-snippet":"max-snippet:-1","max-image-preview":"max-image-preview:large","max-video-preview":"max-video-preview:-1"},"canonical":"https:\/\/gohike.lv\/ru\/produkts\/gregory-focal-38-pargajienu-mugursoma\/","og_locale":"ru_RU","og_type":"article","og_title":"Gregory - Focal 38 p\u0101rg\u0101jienu mugursoma","og_description":"Focal 38 p\u0101rg\u0101jienu mugursoma","og_url":"https:\/\/gohike.lv\/ru\/produkts\/gregory-focal-38-pargajienu-mugursoma\/","og_site_name":"GoHike","article_publisher":"https:\/\/www.facebook.com\/gohike.shop\/","article_modified_time":"2025-12-30T14:24:19+00:00","og_image":[{"width":900,"height":897,"url":"https:\/\/gohike.lv\/wp-content\/uploads\/2025\/08\/Focal38_-1.webp","type":"image\/webp"}],"twitter_card":"summary_large_image","twitter_title":"Gregory - Focal 38 p\u0101rg\u0101jienu mugursoma","twitter_misc":{"\u041f\u0440\u0438\u043c\u0435\u0440\u043d\u043e\u0435 \u0432\u0440\u0435\u043c\u044f \u0434\u043b\u044f \u0447\u0442\u0435\u043d\u0438\u044f":"2 \u043c\u0438\u043d\u0443\u0442\u0430"},"schema":{"@context":"https:\/\/schema.org","@graph":[{"@type":["WebPage","ItemPage"],"@id":"https:\/\/gohike.lv\/ru\/produkts\/gregory-focal-38-pargajienu-mugursoma\/","url":"https:\/\/gohike.lv\/ru\/produkts\/gregory-focal-38-pargajienu-mugursoma\/","name":"Gregory - Focal 38 p\u0101rg\u0101jienu mugursoma","isPartOf":{"@id":"https:\/\/gohike.lv\/ru\/#website"},"primaryImageOfPage":{"@id":"https:\/\/gohike.lv\/ru\/produkts\/gregory-focal-38-pargajienu-mugursoma\/#primaryimage"},"image":{"@id":"https:\/\/gohike.lv\/ru\/produkts\/gregory-focal-38-pargajienu-mugursoma\/#primaryimage"},"thumbnailUrl":"https:\/\/gohike.lv\/wp-content\/uploads\/2025\/08\/Focal38_-1.webp","datePublished":"2025-08-14T13:28:44+00:00","dateModified":"2025-12-30T14:24:19+00:00","description":"Focal 38 p\u0101rg\u0101jienu mugursoma","breadcrumb":{"@id":"https:\/\/gohike.lv\/ru\/produkts\/gregory-focal-38-pargajienu-mugursoma\/#breadcrumb"},"inLanguage":"ru-RU","potentialAction":[{"@type":"ReadAction","target":["https:\/\/gohike.lv\/ru\/produkts\/gregory-focal-38-pargajienu-mugursoma\/"]}]},{"@type":"ImageObject","inLanguage":"ru-RU","@id":"https:\/\/gohike.lv\/ru\/produkts\/gregory-focal-38-pargajienu-mugursoma\/#primaryimage","url":"https:\/\/gohike.lv\/wp-content\/uploads\/2025\/08\/Focal38_-1.webp","contentUrl":"https:\/\/gohike.lv\/wp-content\/uploads\/2025\/08\/Focal38_-1.webp","width":900,"height":897},{"@type":"BreadcrumbList","@id":"https:\/\/gohike.lv\/ru\/produkts\/gregory-focal-38-pargajienu-mugursoma\/#breadcrumb","itemListElement":[{"@type":"ListItem","position":1,"name":"\u0413\u043b\u0430\u0432\u043d\u0430\u044f","item":"https:\/\/gohike.lv\/ru\/"},{"@type":"ListItem","position":2,"name":"\u041a\u0430\u0442\u0435\u0433\u043e\u0440\u0438\u0438 \u0442\u043e\u0432\u0430\u0440\u043e\u0432","item":"https:\/\/gohike.lv\/%d0%ba%d0%b0%d1%82%d0%b5%d0%b3%d0%be%d1%80%d0%b8%d0%b8-%d1%82%d0%be%d0%b2%d0%b0%d1%80%d0%be%d0%b2\/"},{"@type":"ListItem","position":3,"name":"Gregory &#8211; Focal 38 p\u0101rg\u0101jienu mugursoma"}]},{"@type":"WebSite","@id":"https:\/\/gohike.lv\/ru\/#website","url":"https:\/\/gohike.lv\/ru\/","name":"GoHike","description":"","publisher":{"@id":"https:\/\/gohike.lv\/ru\/#organization"},"potentialAction":[{"@type":"SearchAction","target":{"@type":"EntryPoint","urlTemplate":"https:\/\/gohike.lv\/ru\/?s={search_term_string}"},"query-input":{"@type":"PropertyValueSpecification","valueRequired":true,"valueName":"search_term_string"}}],"inLanguage":"ru-RU"},{"@type":"Organization","@id":"https:\/\/gohike.lv\/ru\/#organization","name":"GoHike","url":"https:\/\/gohike.lv\/ru\/","logo":{"@type":"ImageObject","inLanguage":"ru-RU","@id":"https:\/\/gohike.lv\/ru\/#\/schema\/logo\/image\/","url":"https:\/\/gohike.lv\/wp-content\/uploads\/2023\/08\/Logo_GoHike.webp","contentUrl":"https:\/\/gohike.lv\/wp-content\/uploads\/2023\/08\/Logo_GoHike.webp","width":512,"height":512,"caption":"GoHike"},"image":{"@id":"https:\/\/gohike.lv\/ru\/#\/schema\/logo\/image\/"},"sameAs":["https:\/\/www.facebook.com\/gohike.shop\/","https:\/\/www.instagram.com\/gohike.shop\/"]}]}},"jetpack_sharing_enabled":true,"_links":{"self":[{"href":"https:\/\/gohike.lv\/ru\/wp-json\/wp\/v2\/product\/113034","targetHints":{"allow":["GET"]}}],"collection":[{"href":"https:\/\/gohike.lv\/ru\/wp-json\/wp\/v2\/product"}],"about":[{"href":"https:\/\/gohike.lv\/ru\/wp-json\/wp\/v2\/types\/product"}],"version-history":[{"count":0,"href":"https:\/\/gohike.lv\/ru\/wp-json\/wp\/v2\/product\/113034\/revisions"}],"wp:featuredmedia":[{"embeddable":true,"href":"https:\/\/gohike.lv\/ru\/wp-json\/wp\/v2\/media\/113148"}],"wp:attachment":[{"href":"https:\/\/gohike.lv\/ru\/wp-json\/wp\/v2\/media?parent=113034"}],"wp:term":[{"taxonomy":"product_brand","embeddable":true,"href":"https:\/\/gohike.lv\/ru\/wp-json\/wp\/v2\/product_brand?post=113034"},{"taxonomy":"product_cat","embeddable":true,"href":"https:\/\/gohike.lv\/ru\/wp-json\/wp\/v2\/product_cat?post=113034"},{"taxonomy":"product_tag","embeddable":true,"href":"https:\/\/gohike.lv\/ru\/wp-json\/wp\/v2\/product_tag?post=113034"}],"curies":[{"name":"wp","href":"https:\/\/api.w.org\/{rel}","templated":true}]}}