{"id":112922,"date":"2025-08-14T15:00:45","date_gmt":"2025-08-14T12:00:45","guid":{"rendered":"https:\/\/gohike.lv\/produkts\/hydrapak-stow-ultra-viegla-kabatas-udens-pudele-1-l\/"},"modified":"2025-12-30T17:25:00","modified_gmt":"2025-12-30T14:25:00","slug":"hydrapak-stow-ultra-viegla-kabatas-udens-pudele-1-l","status":"publish","type":"product","link":"https:\/\/gohike.lv\/ru\/produkts\/hydrapak-stow-ultra-viegla-kabatas-udens-pudele-1-l\/","title":{"rendered":"HydraPak &#8212; Stow\u2122 ultra-viegl\u0101 kabatas \u016bdens pudele, 1 L"},"content":{"rendered":"<p>Galven\u0101s \u012bpa\u0161\u012bbas:<br \/>\n\u2714 \u012apa\u0161i viegla \u2013 tikai 57 g, 80 % viegl\u0101ka nek\u0101 tradicion\u0101l\u0101s ciet\u0101s pudeles;<br \/>\n\u2714 Iek\u0161\u0113jais baffle ieliekums \u2013 \u0113rt\u0101ka satver\u0161ana un slaids profils, kad pilna;<br \/>\n\u2714 Herm\u0113tisks flip-top v\u0101ci\u0146\u0161 ar pa\u0161bl\u012bv\u0113jo\u0161u silikona iemuti \u2013 dro\u0161a dzer\u0161ana kust\u012bb\u0101;<br \/>\n\u2714 Salok\u0101ms bail-handle rokturis \u2013 \u0113rts p\u0101rn\u0113s\u0101\u0161anai, piek\u0101r\u0161anai un uzpild\u012b\u0161anai no dabas \u016bdens avotiem;<br \/>\n\u2714 Salok\u0101ma l\u012bdz kabatas izm\u0113ram \u2013 minim\u0101ls vietas pat\u0113ri\u0146\u0161 som\u0101;<br \/>\n\u2714 Sader\u012bga ar 28 mm \u016bdens filtriem (t.sk. HydraPak 28 mm Filter Kit).<br \/>\nSpecifik\u0101cijas:<br \/>\nTilpums: 1 L \/ 32 fl oz<br \/>\nSvars: 57 g \/ 2.0 oz<br \/>\nIzm\u0113ri (pilna): 230 \u00d7 130 mm (9.0\u2033 \u00d7 5.1\u2033)<br \/>\nMateri\u0101li: TPU, PP, Silikons; BPA\/PVC br\u012bva<br \/>\nFiltr\u0101cijas sader\u012bba: 28 mm filtri<br \/>\nLieto\u0161anas ieteikumi:<br \/>\nIde\u0101la p\u0101rg\u0101jieniem, skrie\u0161anai, med\u012bb\u0101m, mak\u0161\u0137er\u0113\u0161anai, sl\u0113po\u0161anai, snovbordam un ikdienas lieto\u0161anai, kad nepiecie\u0161ama viegla, kompakta un uzticama \u016bdens uzglab\u0101\u0161anas sist\u0113ma.<\/p>\n","protected":false},"excerpt":{"rendered":"<p>HydraPak Stow\u2122 1 L ir daudzfunkcion\u0101la, \u012bpa\u0161i viegla un kompakta \u016bdens pudele ar iek\u0161\u0113jo baffle sist\u0113mu \u0113rt\u0101kai satver\u0161anai un stabil\u0101kai formai. Ar flip-top v\u0101ci\u0146u un pa\u0161bl\u012bv\u0113jo\u0161u silikona iemuti, t\u0101 ir ide\u0101li piem\u0113rota p\u0101rg\u0101jieniem, skr\u0113jieniem, med\u012bb\u0101m un cit\u0101m aktivit\u0101t\u0113m.<\/p>\n","protected":false},"featured_media":112946,"template":"","meta":[],"product_brand":[13274],"product_cat":[12743],"product_tag":[],"class_list":{"0":"post-112922","1":"product","2":"type-product","3":"status-publish","4":"has-post-thumbnail","6":"product_brand-hydrapak-ru","7":"product_cat-12743","8":"pa_izmeriscm-14547","9":"pa_produkta-tips-13272","10":"pa_spalva-peleks","11":"pa_spalva-sarkans","13":"first","14":"instock","15":"taxable","16":"shipping-taxable","17":"purchasable","18":"product-type-variable"},"raw_content":{"name":"HydraPak - Stow\u2122 ultra-viegl\u0101 kabatas \u016bdens pudele, 1 L","description":"Galven\u0101s \u012bpa\u0161\u012bbas:\r\n\u2714 \u012apa\u0161i viegla \u2013 tikai 57 g, 80 % viegl\u0101ka nek\u0101 tradicion\u0101l\u0101s ciet\u0101s pudeles;\r\n\u2714 Iek\u0161\u0113jais baffle ieliekums \u2013 \u0113rt\u0101ka satver\u0161ana un slaids profils, kad pilna;\r\n\u2714 Herm\u0113tisks flip-top v\u0101ci\u0146\u0161 ar pa\u0161bl\u012bv\u0113jo\u0161u silikona iemuti \u2013 dro\u0161a dzer\u0161ana kust\u012bb\u0101;\r\n\u2714 Salok\u0101ms bail-handle rokturis \u2013 \u0113rts p\u0101rn\u0113s\u0101\u0161anai, piek\u0101r\u0161anai un uzpild\u012b\u0161anai no dabas \u016bdens avotiem;\r\n\u2714 Salok\u0101ma l\u012bdz kabatas izm\u0113ram \u2013 minim\u0101ls vietas pat\u0113ri\u0146\u0161 som\u0101;\r\n\u2714 Sader\u012bga ar 28 mm \u016bdens filtriem (t.sk. HydraPak 28 mm Filter Kit).\r\nSpecifik\u0101cijas:\r\nTilpums: 1 L \/ 32 fl oz\r\nSvars: 57 g \/ 2.0 oz\r\nIzm\u0113ri (pilna): 230 \u00d7 130 mm (9.0\u2033 \u00d7 5.1\u2033)\r\nMateri\u0101li: TPU, PP, Silikons; BPA\/PVC br\u012bva\r\nFiltr\u0101cijas sader\u012bba: 28 mm filtri\r\nLieto\u0161anas ieteikumi:\r\nIde\u0101la p\u0101rg\u0101jieniem, skrie\u0161anai, med\u012bb\u0101m, mak\u0161\u0137er\u0113\u0161anai, sl\u0113po\u0161anai, snovbordam un ikdienas lieto\u0161anai, kad nepiecie\u0161ama viegla, kompakta un uzticama \u016bdens uzglab\u0101\u0161anas sist\u0113ma.","short_description":"HydraPak Stow\u2122 1 L ir daudzfunkcion\u0101la, \u012bpa\u0161i viegla un kompakta \u016bdens pudele ar iek\u0161\u0113jo baffle sist\u0113mu \u0113rt\u0101kai satver\u0161anai un stabil\u0101kai formai. Ar flip-top v\u0101ci\u0146u un pa\u0161bl\u012bv\u0113jo\u0161u silikona iemuti, t\u0101 ir ide\u0101li piem\u0113rota p\u0101rg\u0101jieniem, skr\u0113jieniem, med\u012bb\u0101m un cit\u0101m aktivit\u0101t\u0113m.","status":"publish","sku":"hdrpk35","original":112922},"wpml":{"translation_type":1,"has_translations":true,"original":112922,"duplicates":[],"translations":{"lv":112922,"en":112930,"ru":null}},"supplier_id":null,"supplier_sku":"","barcode":null,"atum_controlled":true,"out_stock_date":"2025-08-14 15:00:47","out_stock_threshold":null,"inheritable":true,"inbound_stock":0,"stock_on_hold":0,"sold_today":0,"sales_last_days":0,"reserved_stock":0,"customer_returns":0,"warehouse_damage":0,"lost_in_post":0,"other_logs":0,"out_stock_days":90,"lost_sales":0,"has_location":false,"update_date":"2025-12-30T14:30:27","atum_locations":[],"atum_stock_status":"instock","restock_status":false,"low_stock_amount":"","sales_update_date":"2025-11-13T14:08:31","calc_backorders":null,"yoast_head":"<!-- This site is optimized with the Yoast SEO plugin v27.3 - https:\/\/yoast.com\/product\/yoast-seo-wordpress\/ -->\n<title>HydraPak - Stow\u2122 ultra-viegl\u0101 kabatas \u016bdens pudele, 1 L<\/title>\n<meta name=\"description\" content=\"HydraPak Stow\u2122 1 L ir daudzfunkcion\u0101la, \u012bpa\u0161i viegla un kompakta \u016bdens pudele ar iek\u0161\u0113jo baffle sist\u0113mu \u0113rt\u0101kai satver\u0161anai un stabil\u0101kai formai. Ar flip-top v\u0101ci\u0146u un pa\u0161bl\u012bv\u0113jo\u0161u silikona iemuti, t\u0101 ir ide\u0101li piem\u0113rota p\u0101rg\u0101jieniem, skr\u0113jieniem, med\u012bb\u0101m un cit\u0101m aktivit\u0101t\u0113m.\" \/>\n<meta name=\"robots\" content=\"index, follow, max-snippet:-1, max-image-preview:large, max-video-preview:-1\" \/>\n<link rel=\"canonical\" href=\"https:\/\/gohike.lv\/ru\/produkts\/hydrapak-stow-ultra-viegla-kabatas-udens-pudele-1-l\/\" \/>\n<meta property=\"og:locale\" content=\"ru_RU\" \/>\n<meta property=\"og:type\" content=\"article\" \/>\n<meta property=\"og:title\" content=\"HydraPak - Stow\u2122 ultra-viegl\u0101 kabatas \u016bdens pudele, 1 L\" \/>\n<meta property=\"og:description\" content=\"HydraPak Stow\u2122 1 L ir daudzfunkcion\u0101la, \u012bpa\u0161i viegla un kompakta \u016bdens pudele ar iek\u0161\u0113jo baffle sist\u0113mu \u0113rt\u0101kai satver\u0161anai un stabil\u0101kai formai. Ar flip-top v\u0101ci\u0146u un pa\u0161bl\u012bv\u0113jo\u0161u silikona iemuti, t\u0101 ir ide\u0101li piem\u0113rota p\u0101rg\u0101jieniem, skr\u0113jieniem, med\u012bb\u0101m un cit\u0101m aktivit\u0101t\u0113m.\" \/>\n<meta property=\"og:url\" content=\"https:\/\/gohike.lv\/ru\/produkts\/hydrapak-stow-ultra-viegla-kabatas-udens-pudele-1-l\/\" \/>\n<meta property=\"og:site_name\" content=\"GoHike\" \/>\n<meta property=\"article:publisher\" content=\"https:\/\/www.facebook.com\/gohike.shop\/\" \/>\n<meta property=\"article:modified_time\" content=\"2025-12-30T14:25:00+00:00\" \/>\n<meta property=\"og:image\" content=\"https:\/\/gohike.lv\/wp-content\/uploads\/2025\/08\/Stow_red_3.webp\" \/>\n\t<meta property=\"og:image:width\" content=\"500\" \/>\n\t<meta property=\"og:image:height\" content=\"500\" \/>\n\t<meta property=\"og:image:type\" content=\"image\/webp\" \/>\n<meta name=\"twitter:card\" content=\"summary_large_image\" \/>\n<meta name=\"twitter:title\" content=\"HydraPak - Stow\u2122 ultra-viegl\u0101 kabatas \u016bdens pudele, 1 L\" \/>\n<meta name=\"twitter:label1\" content=\"\u041f\u0440\u0438\u043c\u0435\u0440\u043d\u043e\u0435 \u0432\u0440\u0435\u043c\u044f \u0434\u043b\u044f \u0447\u0442\u0435\u043d\u0438\u044f\" \/>\n\t<meta name=\"twitter:data1\" content=\"1 \u043c\u0438\u043d\u0443\u0442\u0430\" \/>\n<script type=\"application\/ld+json\" class=\"yoast-schema-graph\">{\"@context\":\"https:\\\/\\\/schema.org\",\"@graph\":[{\"@type\":[\"WebPage\",\"ItemPage\"],\"@id\":\"https:\\\/\\\/gohike.lv\\\/ru\\\/produkts\\\/hydrapak-stow-ultra-viegla-kabatas-udens-pudele-1-l\\\/\",\"url\":\"https:\\\/\\\/gohike.lv\\\/ru\\\/produkts\\\/hydrapak-stow-ultra-viegla-kabatas-udens-pudele-1-l\\\/\",\"name\":\"HydraPak - Stow\u2122 ultra-viegl\u0101 kabatas \u016bdens pudele, 1 L\",\"isPartOf\":{\"@id\":\"https:\\\/\\\/gohike.lv\\\/ru\\\/#website\"},\"primaryImageOfPage\":{\"@id\":\"https:\\\/\\\/gohike.lv\\\/ru\\\/produkts\\\/hydrapak-stow-ultra-viegla-kabatas-udens-pudele-1-l\\\/#primaryimage\"},\"image\":{\"@id\":\"https:\\\/\\\/gohike.lv\\\/ru\\\/produkts\\\/hydrapak-stow-ultra-viegla-kabatas-udens-pudele-1-l\\\/#primaryimage\"},\"thumbnailUrl\":\"https:\\\/\\\/gohike.lv\\\/wp-content\\\/uploads\\\/2025\\\/08\\\/Stow_red_3.webp\",\"datePublished\":\"2025-08-14T12:00:45+00:00\",\"dateModified\":\"2025-12-30T14:25:00+00:00\",\"description\":\"HydraPak Stow\u2122 1 L ir daudzfunkcion\u0101la, \u012bpa\u0161i viegla un kompakta \u016bdens pudele ar iek\u0161\u0113jo baffle sist\u0113mu \u0113rt\u0101kai satver\u0161anai un stabil\u0101kai formai. Ar flip-top v\u0101ci\u0146u un pa\u0161bl\u012bv\u0113jo\u0161u silikona iemuti, t\u0101 ir ide\u0101li piem\u0113rota p\u0101rg\u0101jieniem, skr\u0113jieniem, med\u012bb\u0101m un cit\u0101m aktivit\u0101t\u0113m.\",\"breadcrumb\":{\"@id\":\"https:\\\/\\\/gohike.lv\\\/ru\\\/produkts\\\/hydrapak-stow-ultra-viegla-kabatas-udens-pudele-1-l\\\/#breadcrumb\"},\"inLanguage\":\"ru-RU\",\"potentialAction\":[{\"@type\":\"ReadAction\",\"target\":[\"https:\\\/\\\/gohike.lv\\\/ru\\\/produkts\\\/hydrapak-stow-ultra-viegla-kabatas-udens-pudele-1-l\\\/\"]}]},{\"@type\":\"ImageObject\",\"inLanguage\":\"ru-RU\",\"@id\":\"https:\\\/\\\/gohike.lv\\\/ru\\\/produkts\\\/hydrapak-stow-ultra-viegla-kabatas-udens-pudele-1-l\\\/#primaryimage\",\"url\":\"https:\\\/\\\/gohike.lv\\\/wp-content\\\/uploads\\\/2025\\\/08\\\/Stow_red_3.webp\",\"contentUrl\":\"https:\\\/\\\/gohike.lv\\\/wp-content\\\/uploads\\\/2025\\\/08\\\/Stow_red_3.webp\",\"width\":500,\"height\":500},{\"@type\":\"BreadcrumbList\",\"@id\":\"https:\\\/\\\/gohike.lv\\\/ru\\\/produkts\\\/hydrapak-stow-ultra-viegla-kabatas-udens-pudele-1-l\\\/#breadcrumb\",\"itemListElement\":[{\"@type\":\"ListItem\",\"position\":1,\"name\":\"\u0413\u043b\u0430\u0432\u043d\u0430\u044f\",\"item\":\"https:\\\/\\\/gohike.lv\\\/ru\\\/\"},{\"@type\":\"ListItem\",\"position\":2,\"name\":\"\u041a\u0430\u0442\u0435\u0433\u043e\u0440\u0438\u0438 \u0442\u043e\u0432\u0430\u0440\u043e\u0432\",\"item\":\"https:\\\/\\\/gohike.lv\\\/%d0%ba%d0%b0%d1%82%d0%b5%d0%b3%d0%be%d1%80%d0%b8%d0%b8-%d1%82%d0%be%d0%b2%d0%b0%d1%80%d0%be%d0%b2\\\/\"},{\"@type\":\"ListItem\",\"position\":3,\"name\":\"HydraPak &#8211; Stow\u2122 ultra-viegl\u0101 kabatas \u016bdens pudele, 1 L\"}]},{\"@type\":\"WebSite\",\"@id\":\"https:\\\/\\\/gohike.lv\\\/ru\\\/#website\",\"url\":\"https:\\\/\\\/gohike.lv\\\/ru\\\/\",\"name\":\"GoHike\",\"description\":\"\",\"publisher\":{\"@id\":\"https:\\\/\\\/gohike.lv\\\/ru\\\/#organization\"},\"potentialAction\":[{\"@type\":\"SearchAction\",\"target\":{\"@type\":\"EntryPoint\",\"urlTemplate\":\"https:\\\/\\\/gohike.lv\\\/ru\\\/?s={search_term_string}\"},\"query-input\":{\"@type\":\"PropertyValueSpecification\",\"valueRequired\":true,\"valueName\":\"search_term_string\"}}],\"inLanguage\":\"ru-RU\"},{\"@type\":\"Organization\",\"@id\":\"https:\\\/\\\/gohike.lv\\\/ru\\\/#organization\",\"name\":\"GoHike\",\"url\":\"https:\\\/\\\/gohike.lv\\\/ru\\\/\",\"logo\":{\"@type\":\"ImageObject\",\"inLanguage\":\"ru-RU\",\"@id\":\"https:\\\/\\\/gohike.lv\\\/ru\\\/#\\\/schema\\\/logo\\\/image\\\/\",\"url\":\"https:\\\/\\\/gohike.lv\\\/wp-content\\\/uploads\\\/2023\\\/08\\\/Logo_GoHike.webp\",\"contentUrl\":\"https:\\\/\\\/gohike.lv\\\/wp-content\\\/uploads\\\/2023\\\/08\\\/Logo_GoHike.webp\",\"width\":512,\"height\":512,\"caption\":\"GoHike\"},\"image\":{\"@id\":\"https:\\\/\\\/gohike.lv\\\/ru\\\/#\\\/schema\\\/logo\\\/image\\\/\"},\"sameAs\":[\"https:\\\/\\\/www.facebook.com\\\/gohike.shop\\\/\",\"https:\\\/\\\/www.instagram.com\\\/gohike.shop\\\/\"]}]}<\/script>\n<!-- \/ Yoast SEO plugin. -->","yoast_head_json":{"title":"HydraPak - Stow\u2122 ultra-viegl\u0101 kabatas \u016bdens pudele, 1 L","description":"HydraPak Stow\u2122 1 L ir daudzfunkcion\u0101la, \u012bpa\u0161i viegla un kompakta \u016bdens pudele ar iek\u0161\u0113jo baffle sist\u0113mu \u0113rt\u0101kai satver\u0161anai un stabil\u0101kai formai. Ar flip-top v\u0101ci\u0146u un pa\u0161bl\u012bv\u0113jo\u0161u silikona iemuti, t\u0101 ir ide\u0101li piem\u0113rota p\u0101rg\u0101jieniem, skr\u0113jieniem, med\u012bb\u0101m un cit\u0101m aktivit\u0101t\u0113m.","robots":{"index":"index","follow":"follow","max-snippet":"max-snippet:-1","max-image-preview":"max-image-preview:large","max-video-preview":"max-video-preview:-1"},"canonical":"https:\/\/gohike.lv\/ru\/produkts\/hydrapak-stow-ultra-viegla-kabatas-udens-pudele-1-l\/","og_locale":"ru_RU","og_type":"article","og_title":"HydraPak - Stow\u2122 ultra-viegl\u0101 kabatas \u016bdens pudele, 1 L","og_description":"HydraPak Stow\u2122 1 L ir daudzfunkcion\u0101la, \u012bpa\u0161i viegla un kompakta \u016bdens pudele ar iek\u0161\u0113jo baffle sist\u0113mu \u0113rt\u0101kai satver\u0161anai un stabil\u0101kai formai. Ar flip-top v\u0101ci\u0146u un pa\u0161bl\u012bv\u0113jo\u0161u silikona iemuti, t\u0101 ir ide\u0101li piem\u0113rota p\u0101rg\u0101jieniem, skr\u0113jieniem, med\u012bb\u0101m un cit\u0101m aktivit\u0101t\u0113m.","og_url":"https:\/\/gohike.lv\/ru\/produkts\/hydrapak-stow-ultra-viegla-kabatas-udens-pudele-1-l\/","og_site_name":"GoHike","article_publisher":"https:\/\/www.facebook.com\/gohike.shop\/","article_modified_time":"2025-12-30T14:25:00+00:00","og_image":[{"width":500,"height":500,"url":"https:\/\/gohike.lv\/wp-content\/uploads\/2025\/08\/Stow_red_3.webp","type":"image\/webp"}],"twitter_card":"summary_large_image","twitter_title":"HydraPak - Stow\u2122 ultra-viegl\u0101 kabatas \u016bdens pudele, 1 L","twitter_misc":{"\u041f\u0440\u0438\u043c\u0435\u0440\u043d\u043e\u0435 \u0432\u0440\u0435\u043c\u044f \u0434\u043b\u044f \u0447\u0442\u0435\u043d\u0438\u044f":"1 \u043c\u0438\u043d\u0443\u0442\u0430"},"schema":{"@context":"https:\/\/schema.org","@graph":[{"@type":["WebPage","ItemPage"],"@id":"https:\/\/gohike.lv\/ru\/produkts\/hydrapak-stow-ultra-viegla-kabatas-udens-pudele-1-l\/","url":"https:\/\/gohike.lv\/ru\/produkts\/hydrapak-stow-ultra-viegla-kabatas-udens-pudele-1-l\/","name":"HydraPak - Stow\u2122 ultra-viegl\u0101 kabatas \u016bdens pudele, 1 L","isPartOf":{"@id":"https:\/\/gohike.lv\/ru\/#website"},"primaryImageOfPage":{"@id":"https:\/\/gohike.lv\/ru\/produkts\/hydrapak-stow-ultra-viegla-kabatas-udens-pudele-1-l\/#primaryimage"},"image":{"@id":"https:\/\/gohike.lv\/ru\/produkts\/hydrapak-stow-ultra-viegla-kabatas-udens-pudele-1-l\/#primaryimage"},"thumbnailUrl":"https:\/\/gohike.lv\/wp-content\/uploads\/2025\/08\/Stow_red_3.webp","datePublished":"2025-08-14T12:00:45+00:00","dateModified":"2025-12-30T14:25:00+00:00","description":"HydraPak Stow\u2122 1 L ir daudzfunkcion\u0101la, \u012bpa\u0161i viegla un kompakta \u016bdens pudele ar iek\u0161\u0113jo baffle sist\u0113mu \u0113rt\u0101kai satver\u0161anai un stabil\u0101kai formai. Ar flip-top v\u0101ci\u0146u un pa\u0161bl\u012bv\u0113jo\u0161u silikona iemuti, t\u0101 ir ide\u0101li piem\u0113rota p\u0101rg\u0101jieniem, skr\u0113jieniem, med\u012bb\u0101m un cit\u0101m aktivit\u0101t\u0113m.","breadcrumb":{"@id":"https:\/\/gohike.lv\/ru\/produkts\/hydrapak-stow-ultra-viegla-kabatas-udens-pudele-1-l\/#breadcrumb"},"inLanguage":"ru-RU","potentialAction":[{"@type":"ReadAction","target":["https:\/\/gohike.lv\/ru\/produkts\/hydrapak-stow-ultra-viegla-kabatas-udens-pudele-1-l\/"]}]},{"@type":"ImageObject","inLanguage":"ru-RU","@id":"https:\/\/gohike.lv\/ru\/produkts\/hydrapak-stow-ultra-viegla-kabatas-udens-pudele-1-l\/#primaryimage","url":"https:\/\/gohike.lv\/wp-content\/uploads\/2025\/08\/Stow_red_3.webp","contentUrl":"https:\/\/gohike.lv\/wp-content\/uploads\/2025\/08\/Stow_red_3.webp","width":500,"height":500},{"@type":"BreadcrumbList","@id":"https:\/\/gohike.lv\/ru\/produkts\/hydrapak-stow-ultra-viegla-kabatas-udens-pudele-1-l\/#breadcrumb","itemListElement":[{"@type":"ListItem","position":1,"name":"\u0413\u043b\u0430\u0432\u043d\u0430\u044f","item":"https:\/\/gohike.lv\/ru\/"},{"@type":"ListItem","position":2,"name":"\u041a\u0430\u0442\u0435\u0433\u043e\u0440\u0438\u0438 \u0442\u043e\u0432\u0430\u0440\u043e\u0432","item":"https:\/\/gohike.lv\/%d0%ba%d0%b0%d1%82%d0%b5%d0%b3%d0%be%d1%80%d0%b8%d0%b8-%d1%82%d0%be%d0%b2%d0%b0%d1%80%d0%be%d0%b2\/"},{"@type":"ListItem","position":3,"name":"HydraPak &#8211; Stow\u2122 ultra-viegl\u0101 kabatas \u016bdens pudele, 1 L"}]},{"@type":"WebSite","@id":"https:\/\/gohike.lv\/ru\/#website","url":"https:\/\/gohike.lv\/ru\/","name":"GoHike","description":"","publisher":{"@id":"https:\/\/gohike.lv\/ru\/#organization"},"potentialAction":[{"@type":"SearchAction","target":{"@type":"EntryPoint","urlTemplate":"https:\/\/gohike.lv\/ru\/?s={search_term_string}"},"query-input":{"@type":"PropertyValueSpecification","valueRequired":true,"valueName":"search_term_string"}}],"inLanguage":"ru-RU"},{"@type":"Organization","@id":"https:\/\/gohike.lv\/ru\/#organization","name":"GoHike","url":"https:\/\/gohike.lv\/ru\/","logo":{"@type":"ImageObject","inLanguage":"ru-RU","@id":"https:\/\/gohike.lv\/ru\/#\/schema\/logo\/image\/","url":"https:\/\/gohike.lv\/wp-content\/uploads\/2023\/08\/Logo_GoHike.webp","contentUrl":"https:\/\/gohike.lv\/wp-content\/uploads\/2023\/08\/Logo_GoHike.webp","width":512,"height":512,"caption":"GoHike"},"image":{"@id":"https:\/\/gohike.lv\/ru\/#\/schema\/logo\/image\/"},"sameAs":["https:\/\/www.facebook.com\/gohike.shop\/","https:\/\/www.instagram.com\/gohike.shop\/"]}]}},"jetpack_sharing_enabled":true,"_links":{"self":[{"href":"https:\/\/gohike.lv\/ru\/wp-json\/wp\/v2\/product\/112922","targetHints":{"allow":["GET"]}}],"collection":[{"href":"https:\/\/gohike.lv\/ru\/wp-json\/wp\/v2\/product"}],"about":[{"href":"https:\/\/gohike.lv\/ru\/wp-json\/wp\/v2\/types\/product"}],"version-history":[{"count":0,"href":"https:\/\/gohike.lv\/ru\/wp-json\/wp\/v2\/product\/112922\/revisions"}],"wp:featuredmedia":[{"embeddable":true,"href":"https:\/\/gohike.lv\/ru\/wp-json\/wp\/v2\/media\/112946"}],"wp:attachment":[{"href":"https:\/\/gohike.lv\/ru\/wp-json\/wp\/v2\/media?parent=112922"}],"wp:term":[{"taxonomy":"product_brand","embeddable":true,"href":"https:\/\/gohike.lv\/ru\/wp-json\/wp\/v2\/product_brand?post=112922"},{"taxonomy":"product_cat","embeddable":true,"href":"https:\/\/gohike.lv\/ru\/wp-json\/wp\/v2\/product_cat?post=112922"},{"taxonomy":"product_tag","embeddable":true,"href":"https:\/\/gohike.lv\/ru\/wp-json\/wp\/v2\/product_tag?post=112922"}],"curies":[{"name":"wp","href":"https:\/\/api.w.org\/{rel}","templated":true}]}}