{"id":112918,"date":"2025-08-14T15:00:32","date_gmt":"2025-08-14T12:00:32","guid":{"rendered":"https:\/\/gohike.lv\/produkts\/julbo-creek-saulesbrilles\/"},"modified":"2026-01-22T20:22:57","modified_gmt":"2026-01-22T17:22:57","slug":"julbo-creek-saulesbrilles","status":"publish","type":"product","link":"https:\/\/gohike.lv\/ru\/produkts\/julbo-creek-saulesbrilles\/","title":{"rendered":"Julbo &#8212; Creek saulesbrilles"},"content":{"rendered":"<p>Galven\u0101s \u012bpa\u0161\u012bbas:<br \/>\n\u2714 Spectron 3 polikarbon\u0101ta l\u0113cas \u2013 13% gaismas caurlaid\u012bba, triecieniztur\u012bgas;<br \/>\n\u2714 \u013boti vieglas \u2013 tikai 22 g;<br \/>\n\u2714 Ergonomiskas liektas k\u0101ji\u0146as \u2013 dro\u0161a un \u0113rta piegul\u0113\u0161ana;<br \/>\n\u2714 Univers\u0101ls dizains \u2013 piem\u0113rots da\u017e\u0101d\u0101m aktivit\u0101t\u0113m.<br \/>\nTehniskie parametri:<br \/>\nL\u0113cu tips: Spectron 3 (Cat. 3) polikarbon\u0101ts<br \/>\nGaismas caurlaid\u012bba: 13%<br \/>\nUV aizsardz\u012bba: 100% UV400<br \/>\nSvars: 22 g<br \/>\nIzm\u0113ri:<br \/>\nL\u0113cas augstums: 1,7 cm<br \/>\nL\u0113cas garums: 5,2 cm<br \/>\nK\u0101ji\u0146u garums: 13,5 cm<br \/>\nDeguna balsta platums: 4,5 cm<br \/>\nPriek\u0161roc\u012bbas:<br \/>\n\u2705 Piem\u0113rotas sportam un ikdienas valk\u0101\u0161anai;<br \/>\n\u2705 Komforts ilgsto\u0161ai lieto\u0161anai;<br \/>\n\u2705 Klasiska un daudzpus\u012bga forma.<br \/>\nKomplekt\u0101cija:<br \/>\nJulbo mikro\u0161\u0137iedras maisi\u0146\u0161<br \/>\nInstrukcija<br \/>\nIeteicams:<br \/>\n\u2022 Ikdienas lieto\u0161anai pils\u0113t\u0101 un dab\u0101<br \/>\n\u2022 Sporta aktivit\u0101t\u0113m un ce\u013cojumiem<\/p>\n","protected":false},"excerpt":{"rendered":"<p>Klasiska un sportiska silueta saulesbrilles ar Spectron 3 (Cat. 3) polikarbon\u0101ta l\u0113c\u0101m. \u0112rts, viegls r\u0101mis, kas der da\u017e\u0101d\u0101m sejas form\u0101m, piem\u0113rotas gan ikdienai, gan sportam.<\/p>\n","protected":false},"featured_media":112934,"template":"","meta":[],"product_brand":[12860],"product_cat":[6942],"product_tag":[],"class_list":{"0":"post-112918","1":"product","2":"type-product","3":"status-publish","4":"has-post-thumbnail","6":"product_brand-julbo","7":"product_cat-saulesbrilles","8":"pa_produkta-tips-saulesbrilles","9":"pa_spalva-oranzs","10":"pa_spalva-violets","12":"first","13":"instock","14":"taxable","15":"shipping-taxable","16":"purchasable","17":"product-type-variable"},"raw_content":{"name":"Julbo - Creek saulesbrilles","description":"Galven\u0101s \u012bpa\u0161\u012bbas:\r\n\u2714 Spectron 3 polikarbon\u0101ta l\u0113cas \u2013 13% gaismas caurlaid\u012bba, triecieniztur\u012bgas;\r\n\u2714 \u013boti vieglas \u2013 tikai 22 g;\r\n\u2714 Ergonomiskas liektas k\u0101ji\u0146as \u2013 dro\u0161a un \u0113rta piegul\u0113\u0161ana;\r\n\u2714 Univers\u0101ls dizains \u2013 piem\u0113rots da\u017e\u0101d\u0101m aktivit\u0101t\u0113m.\r\nTehniskie parametri:\r\nL\u0113cu tips: Spectron 3 (Cat. 3) polikarbon\u0101ts\r\nGaismas caurlaid\u012bba: 13%\r\nUV aizsardz\u012bba: 100% UV400\r\nSvars: 22 g\r\nIzm\u0113ri:\r\nL\u0113cas augstums: 1,7 cm\r\nL\u0113cas garums: 5,2 cm\r\nK\u0101ji\u0146u garums: 13,5 cm\r\nDeguna balsta platums: 4,5 cm\r\nPriek\u0161roc\u012bbas:\r\n\u2705 Piem\u0113rotas sportam un ikdienas valk\u0101\u0161anai;\r\n\u2705 Komforts ilgsto\u0161ai lieto\u0161anai;\r\n\u2705 Klasiska un daudzpus\u012bga forma.\r\nKomplekt\u0101cija:\r\nJulbo mikro\u0161\u0137iedras maisi\u0146\u0161\r\nInstrukcija\r\nIeteicams:\r\n\u2022 Ikdienas lieto\u0161anai pils\u0113t\u0101 un dab\u0101\r\n\u2022 Sporta aktivit\u0101t\u0113m un ce\u013cojumiem","short_description":"Klasiska un sportiska silueta saulesbrilles ar Spectron 3 (Cat. 3) polikarbon\u0101ta l\u0113c\u0101m. \u0112rts, viegls r\u0101mis, kas der da\u017e\u0101d\u0101m sejas form\u0101m, piem\u0113rotas gan ikdienai, gan sportam.","status":"publish","sku":"julbo0002","original":112918},"wpml":{"translation_type":1,"has_translations":true,"original":112918,"duplicates":[],"translations":{"lv":112918,"en":112926,"ru":null}},"supplier_id":null,"supplier_sku":"","barcode":null,"atum_controlled":true,"out_stock_date":"2025-08-14 15:10:31","out_stock_threshold":null,"inheritable":true,"inbound_stock":0,"stock_on_hold":0,"sold_today":0,"sales_last_days":0,"reserved_stock":0,"customer_returns":0,"warehouse_damage":0,"lost_in_post":0,"other_logs":0,"out_stock_days":90,"lost_sales":0,"has_location":false,"update_date":"2025-12-30T14:30:27","atum_locations":[],"atum_stock_status":"instock","restock_status":false,"low_stock_amount":"","sales_update_date":"2025-11-13T14:08:31","calc_backorders":null,"yoast_head":"<!-- This site is optimized with the Yoast SEO plugin v27.3 - https:\/\/yoast.com\/product\/yoast-seo-wordpress\/ -->\n<title>Julbo - Creek saulesbrilles<\/title>\n<meta name=\"description\" content=\"Klasiska un sportiska silueta saulesbrilles ar Spectron 3 (Cat. 3) polikarbon\u0101ta l\u0113c\u0101m. \u0112rts, viegls r\u0101mis, kas der da\u017e\u0101d\u0101m sejas form\u0101m, piem\u0113rotas gan ikdienai, gan sportam.\" \/>\n<meta name=\"robots\" content=\"index, follow, max-snippet:-1, max-image-preview:large, max-video-preview:-1\" \/>\n<link rel=\"canonical\" href=\"https:\/\/gohike.lv\/ru\/produkts\/julbo-creek-saulesbrilles\/\" \/>\n<meta property=\"og:locale\" content=\"ru_RU\" \/>\n<meta property=\"og:type\" content=\"article\" \/>\n<meta property=\"og:title\" content=\"Julbo - Creek saulesbrilles\" \/>\n<meta property=\"og:description\" content=\"Klasiska un sportiska silueta saulesbrilles ar Spectron 3 (Cat. 3) polikarbon\u0101ta l\u0113c\u0101m. \u0112rts, viegls r\u0101mis, kas der da\u017e\u0101d\u0101m sejas form\u0101m, piem\u0113rotas gan ikdienai, gan sportam.\" \/>\n<meta property=\"og:url\" content=\"https:\/\/gohike.lv\/ru\/produkts\/julbo-creek-saulesbrilles\/\" \/>\n<meta property=\"og:site_name\" content=\"GoHike\" \/>\n<meta property=\"article:publisher\" content=\"https:\/\/www.facebook.com\/gohike.shop\/\" \/>\n<meta property=\"article:modified_time\" content=\"2026-01-22T17:22:57+00:00\" \/>\n<meta property=\"og:image\" content=\"https:\/\/gohike.lv\/wp-content\/uploads\/2025\/08\/Creek_violet_.jpg\" \/>\n\t<meta property=\"og:image:width\" content=\"992\" \/>\n\t<meta property=\"og:image:height\" content=\"992\" \/>\n\t<meta property=\"og:image:type\" content=\"image\/jpeg\" \/>\n<meta name=\"twitter:card\" content=\"summary_large_image\" \/>\n<meta name=\"twitter:title\" content=\"Julbo - Creek saulesbrilles\" \/>\n<meta name=\"twitter:label1\" content=\"\u041f\u0440\u0438\u043c\u0435\u0440\u043d\u043e\u0435 \u0432\u0440\u0435\u043c\u044f \u0434\u043b\u044f \u0447\u0442\u0435\u043d\u0438\u044f\" \/>\n\t<meta name=\"twitter:data1\" content=\"1 \u043c\u0438\u043d\u0443\u0442\u0430\" \/>\n<script type=\"application\/ld+json\" class=\"yoast-schema-graph\">{\"@context\":\"https:\\\/\\\/schema.org\",\"@graph\":[{\"@type\":[\"WebPage\",\"ItemPage\"],\"@id\":\"https:\\\/\\\/gohike.lv\\\/ru\\\/produkts\\\/julbo-creek-saulesbrilles\\\/\",\"url\":\"https:\\\/\\\/gohike.lv\\\/ru\\\/produkts\\\/julbo-creek-saulesbrilles\\\/\",\"name\":\"Julbo - Creek saulesbrilles\",\"isPartOf\":{\"@id\":\"https:\\\/\\\/gohike.lv\\\/ru\\\/#website\"},\"primaryImageOfPage\":{\"@id\":\"https:\\\/\\\/gohike.lv\\\/ru\\\/produkts\\\/julbo-creek-saulesbrilles\\\/#primaryimage\"},\"image\":{\"@id\":\"https:\\\/\\\/gohike.lv\\\/ru\\\/produkts\\\/julbo-creek-saulesbrilles\\\/#primaryimage\"},\"thumbnailUrl\":\"https:\\\/\\\/gohike.lv\\\/wp-content\\\/uploads\\\/2025\\\/08\\\/Creek_violet_.jpg\",\"datePublished\":\"2025-08-14T12:00:32+00:00\",\"dateModified\":\"2026-01-22T17:22:57+00:00\",\"description\":\"Klasiska un sportiska silueta saulesbrilles ar Spectron 3 (Cat. 3) polikarbon\u0101ta l\u0113c\u0101m. \u0112rts, viegls r\u0101mis, kas der da\u017e\u0101d\u0101m sejas form\u0101m, piem\u0113rotas gan ikdienai, gan sportam.\",\"breadcrumb\":{\"@id\":\"https:\\\/\\\/gohike.lv\\\/ru\\\/produkts\\\/julbo-creek-saulesbrilles\\\/#breadcrumb\"},\"inLanguage\":\"ru-RU\",\"potentialAction\":[{\"@type\":\"ReadAction\",\"target\":[\"https:\\\/\\\/gohike.lv\\\/ru\\\/produkts\\\/julbo-creek-saulesbrilles\\\/\"]}]},{\"@type\":\"ImageObject\",\"inLanguage\":\"ru-RU\",\"@id\":\"https:\\\/\\\/gohike.lv\\\/ru\\\/produkts\\\/julbo-creek-saulesbrilles\\\/#primaryimage\",\"url\":\"https:\\\/\\\/gohike.lv\\\/wp-content\\\/uploads\\\/2025\\\/08\\\/Creek_violet_.jpg\",\"contentUrl\":\"https:\\\/\\\/gohike.lv\\\/wp-content\\\/uploads\\\/2025\\\/08\\\/Creek_violet_.jpg\",\"width\":992,\"height\":992},{\"@type\":\"BreadcrumbList\",\"@id\":\"https:\\\/\\\/gohike.lv\\\/ru\\\/produkts\\\/julbo-creek-saulesbrilles\\\/#breadcrumb\",\"itemListElement\":[{\"@type\":\"ListItem\",\"position\":1,\"name\":\"\u0413\u043b\u0430\u0432\u043d\u0430\u044f\",\"item\":\"https:\\\/\\\/gohike.lv\\\/ru\\\/\"},{\"@type\":\"ListItem\",\"position\":2,\"name\":\"\u041a\u0430\u0442\u0435\u0433\u043e\u0440\u0438\u0438 \u0442\u043e\u0432\u0430\u0440\u043e\u0432\",\"item\":\"https:\\\/\\\/gohike.lv\\\/%d0%ba%d0%b0%d1%82%d0%b5%d0%b3%d0%be%d1%80%d0%b8%d0%b8-%d1%82%d0%be%d0%b2%d0%b0%d1%80%d0%be%d0%b2\\\/\"},{\"@type\":\"ListItem\",\"position\":3,\"name\":\"Julbo &#8211; Creek saulesbrilles\"}]},{\"@type\":\"WebSite\",\"@id\":\"https:\\\/\\\/gohike.lv\\\/ru\\\/#website\",\"url\":\"https:\\\/\\\/gohike.lv\\\/ru\\\/\",\"name\":\"GoHike\",\"description\":\"\",\"publisher\":{\"@id\":\"https:\\\/\\\/gohike.lv\\\/ru\\\/#organization\"},\"potentialAction\":[{\"@type\":\"SearchAction\",\"target\":{\"@type\":\"EntryPoint\",\"urlTemplate\":\"https:\\\/\\\/gohike.lv\\\/ru\\\/?s={search_term_string}\"},\"query-input\":{\"@type\":\"PropertyValueSpecification\",\"valueRequired\":true,\"valueName\":\"search_term_string\"}}],\"inLanguage\":\"ru-RU\"},{\"@type\":\"Organization\",\"@id\":\"https:\\\/\\\/gohike.lv\\\/ru\\\/#organization\",\"name\":\"GoHike\",\"url\":\"https:\\\/\\\/gohike.lv\\\/ru\\\/\",\"logo\":{\"@type\":\"ImageObject\",\"inLanguage\":\"ru-RU\",\"@id\":\"https:\\\/\\\/gohike.lv\\\/ru\\\/#\\\/schema\\\/logo\\\/image\\\/\",\"url\":\"https:\\\/\\\/gohike.lv\\\/wp-content\\\/uploads\\\/2023\\\/08\\\/Logo_GoHike.webp\",\"contentUrl\":\"https:\\\/\\\/gohike.lv\\\/wp-content\\\/uploads\\\/2023\\\/08\\\/Logo_GoHike.webp\",\"width\":512,\"height\":512,\"caption\":\"GoHike\"},\"image\":{\"@id\":\"https:\\\/\\\/gohike.lv\\\/ru\\\/#\\\/schema\\\/logo\\\/image\\\/\"},\"sameAs\":[\"https:\\\/\\\/www.facebook.com\\\/gohike.shop\\\/\",\"https:\\\/\\\/www.instagram.com\\\/gohike.shop\\\/\"]}]}<\/script>\n<!-- \/ Yoast SEO plugin. -->","yoast_head_json":{"title":"Julbo - Creek saulesbrilles","description":"Klasiska un sportiska silueta saulesbrilles ar Spectron 3 (Cat. 3) polikarbon\u0101ta l\u0113c\u0101m. \u0112rts, viegls r\u0101mis, kas der da\u017e\u0101d\u0101m sejas form\u0101m, piem\u0113rotas gan ikdienai, gan sportam.","robots":{"index":"index","follow":"follow","max-snippet":"max-snippet:-1","max-image-preview":"max-image-preview:large","max-video-preview":"max-video-preview:-1"},"canonical":"https:\/\/gohike.lv\/ru\/produkts\/julbo-creek-saulesbrilles\/","og_locale":"ru_RU","og_type":"article","og_title":"Julbo - Creek saulesbrilles","og_description":"Klasiska un sportiska silueta saulesbrilles ar Spectron 3 (Cat. 3) polikarbon\u0101ta l\u0113c\u0101m. \u0112rts, viegls r\u0101mis, kas der da\u017e\u0101d\u0101m sejas form\u0101m, piem\u0113rotas gan ikdienai, gan sportam.","og_url":"https:\/\/gohike.lv\/ru\/produkts\/julbo-creek-saulesbrilles\/","og_site_name":"GoHike","article_publisher":"https:\/\/www.facebook.com\/gohike.shop\/","article_modified_time":"2026-01-22T17:22:57+00:00","og_image":[{"width":992,"height":992,"url":"https:\/\/gohike.lv\/wp-content\/uploads\/2025\/08\/Creek_violet_.jpg","type":"image\/jpeg"}],"twitter_card":"summary_large_image","twitter_title":"Julbo - Creek saulesbrilles","twitter_misc":{"\u041f\u0440\u0438\u043c\u0435\u0440\u043d\u043e\u0435 \u0432\u0440\u0435\u043c\u044f \u0434\u043b\u044f \u0447\u0442\u0435\u043d\u0438\u044f":"1 \u043c\u0438\u043d\u0443\u0442\u0430"},"schema":{"@context":"https:\/\/schema.org","@graph":[{"@type":["WebPage","ItemPage"],"@id":"https:\/\/gohike.lv\/ru\/produkts\/julbo-creek-saulesbrilles\/","url":"https:\/\/gohike.lv\/ru\/produkts\/julbo-creek-saulesbrilles\/","name":"Julbo - Creek saulesbrilles","isPartOf":{"@id":"https:\/\/gohike.lv\/ru\/#website"},"primaryImageOfPage":{"@id":"https:\/\/gohike.lv\/ru\/produkts\/julbo-creek-saulesbrilles\/#primaryimage"},"image":{"@id":"https:\/\/gohike.lv\/ru\/produkts\/julbo-creek-saulesbrilles\/#primaryimage"},"thumbnailUrl":"https:\/\/gohike.lv\/wp-content\/uploads\/2025\/08\/Creek_violet_.jpg","datePublished":"2025-08-14T12:00:32+00:00","dateModified":"2026-01-22T17:22:57+00:00","description":"Klasiska un sportiska silueta saulesbrilles ar Spectron 3 (Cat. 3) polikarbon\u0101ta l\u0113c\u0101m. \u0112rts, viegls r\u0101mis, kas der da\u017e\u0101d\u0101m sejas form\u0101m, piem\u0113rotas gan ikdienai, gan sportam.","breadcrumb":{"@id":"https:\/\/gohike.lv\/ru\/produkts\/julbo-creek-saulesbrilles\/#breadcrumb"},"inLanguage":"ru-RU","potentialAction":[{"@type":"ReadAction","target":["https:\/\/gohike.lv\/ru\/produkts\/julbo-creek-saulesbrilles\/"]}]},{"@type":"ImageObject","inLanguage":"ru-RU","@id":"https:\/\/gohike.lv\/ru\/produkts\/julbo-creek-saulesbrilles\/#primaryimage","url":"https:\/\/gohike.lv\/wp-content\/uploads\/2025\/08\/Creek_violet_.jpg","contentUrl":"https:\/\/gohike.lv\/wp-content\/uploads\/2025\/08\/Creek_violet_.jpg","width":992,"height":992},{"@type":"BreadcrumbList","@id":"https:\/\/gohike.lv\/ru\/produkts\/julbo-creek-saulesbrilles\/#breadcrumb","itemListElement":[{"@type":"ListItem","position":1,"name":"\u0413\u043b\u0430\u0432\u043d\u0430\u044f","item":"https:\/\/gohike.lv\/ru\/"},{"@type":"ListItem","position":2,"name":"\u041a\u0430\u0442\u0435\u0433\u043e\u0440\u0438\u0438 \u0442\u043e\u0432\u0430\u0440\u043e\u0432","item":"https:\/\/gohike.lv\/%d0%ba%d0%b0%d1%82%d0%b5%d0%b3%d0%be%d1%80%d0%b8%d0%b8-%d1%82%d0%be%d0%b2%d0%b0%d1%80%d0%be%d0%b2\/"},{"@type":"ListItem","position":3,"name":"Julbo &#8211; Creek saulesbrilles"}]},{"@type":"WebSite","@id":"https:\/\/gohike.lv\/ru\/#website","url":"https:\/\/gohike.lv\/ru\/","name":"GoHike","description":"","publisher":{"@id":"https:\/\/gohike.lv\/ru\/#organization"},"potentialAction":[{"@type":"SearchAction","target":{"@type":"EntryPoint","urlTemplate":"https:\/\/gohike.lv\/ru\/?s={search_term_string}"},"query-input":{"@type":"PropertyValueSpecification","valueRequired":true,"valueName":"search_term_string"}}],"inLanguage":"ru-RU"},{"@type":"Organization","@id":"https:\/\/gohike.lv\/ru\/#organization","name":"GoHike","url":"https:\/\/gohike.lv\/ru\/","logo":{"@type":"ImageObject","inLanguage":"ru-RU","@id":"https:\/\/gohike.lv\/ru\/#\/schema\/logo\/image\/","url":"https:\/\/gohike.lv\/wp-content\/uploads\/2023\/08\/Logo_GoHike.webp","contentUrl":"https:\/\/gohike.lv\/wp-content\/uploads\/2023\/08\/Logo_GoHike.webp","width":512,"height":512,"caption":"GoHike"},"image":{"@id":"https:\/\/gohike.lv\/ru\/#\/schema\/logo\/image\/"},"sameAs":["https:\/\/www.facebook.com\/gohike.shop\/","https:\/\/www.instagram.com\/gohike.shop\/"]}]}},"jetpack_sharing_enabled":true,"_links":{"self":[{"href":"https:\/\/gohike.lv\/ru\/wp-json\/wp\/v2\/product\/112918","targetHints":{"allow":["GET"]}}],"collection":[{"href":"https:\/\/gohike.lv\/ru\/wp-json\/wp\/v2\/product"}],"about":[{"href":"https:\/\/gohike.lv\/ru\/wp-json\/wp\/v2\/types\/product"}],"version-history":[{"count":0,"href":"https:\/\/gohike.lv\/ru\/wp-json\/wp\/v2\/product\/112918\/revisions"}],"wp:featuredmedia":[{"embeddable":true,"href":"https:\/\/gohike.lv\/ru\/wp-json\/wp\/v2\/media\/112934"}],"wp:attachment":[{"href":"https:\/\/gohike.lv\/ru\/wp-json\/wp\/v2\/media?parent=112918"}],"wp:term":[{"taxonomy":"product_brand","embeddable":true,"href":"https:\/\/gohike.lv\/ru\/wp-json\/wp\/v2\/product_brand?post=112918"},{"taxonomy":"product_cat","embeddable":true,"href":"https:\/\/gohike.lv\/ru\/wp-json\/wp\/v2\/product_cat?post=112918"},{"taxonomy":"product_tag","embeddable":true,"href":"https:\/\/gohike.lv\/ru\/wp-json\/wp\/v2\/product_tag?post=112918"}],"curies":[{"name":"wp","href":"https:\/\/api.w.org\/{rel}","templated":true}]}}