{"id":112693,"date":"2025-08-14T16:28:44","date_gmt":"2025-08-14T13:28:44","guid":{"rendered":"https:\/\/gohike.lv\/produkts\/espereanza-digitalie-bagazas-svari-globetrotter\/"},"modified":"2025-12-30T17:24:19","modified_gmt":"2025-12-30T14:24:19","slug":"espereanza-digitalie-bagazas-svari-globetrotter","status":"publish","type":"product","link":"https:\/\/gohike.lv\/ru\/produkts\/espereanza-digitalie-bagazas-svari-globetrotter\/","title":{"rendered":"Espereanza &#8212; Digit\u0101lie bag\u0101\u017eas svari Globetrotter"},"content":{"rendered":"<p>Digit\u0101lie bag\u0101\u017eas svari Globetrotter pal\u012bdz\u0113s izvair\u012bties no p\u0101rmaksas par lieko svaru lidost\u0101s, nodro\u0161inot prec\u012bzu m\u0113r\u012bjumu l\u012bdz pat 50 kg. Tie ir viegli un kompakti, \u0113rti pa\u0146emami l\u012bdzi jebkur\u0101 ce\u013cojum\u0101. Ieb\u016bv\u0113tais temperat\u016bras displejs r\u0101da gan \u00b0C, gan \u00b0F, bet tare funkcija \u013cauj nosv\u0113rt bag\u0101\u017eu ar jebkuru iepakojumu.<br \/>\nPateicoties div\u0101m m\u0113rvien\u012bbu opcij\u0101m (kg\/lb) un \u0113rtam LCD ekr\u0101nam, lieto\u0161ana ir \u0101tra un vienk\u0101r\u0161a. Ir ar\u012b zemas baterijas un p\u0101rslodzes indik\u0101cija.<br \/>\nSpecifik\u0101cija:<br \/>\nMaks. ietilp\u012bba: 50 kg<br \/>\nSolis: 100 g<br \/>\nM\u0113rvien\u012bbas: kg\/lb<br \/>\nTemperat\u016bras displejs: \u00b0C un \u00b0F<br \/>\nTare funkcija<br \/>\nBaro\u0161ana: 1\u00d7CR2032 litija baterija<br \/>\nZemas baterijas un p\u0101rslodzes indik\u0101cija<br \/>\nIzm\u0113ri: 141 \u00d7 31 \u00d7 28 mm<\/p>\n","protected":false},"excerpt":{"rendered":"<p>Kompakti digit\u0101lie bag\u0101\u017eas svari ar 50 kg ietilp\u012bbu, kg\/lb m\u0113rvien\u012bb\u0101m, temperat\u016bras displeju un tare funkciju ce\u013cojumiem.<\/p>\n","protected":false},"featured_media":112776,"template":"","meta":[],"product_brand":[],"product_cat":[4140],"product_tag":[],"class_list":{"0":"post-112693","1":"product","2":"type-product","3":"status-publish","4":"has-post-thumbnail","6":"product_cat-noderigas-lietas","7":"pa_izmeriscm-14527","9":"first","10":"outofstock","11":"taxable","12":"shipping-taxable","13":"purchasable","14":"product-type-simple"},"raw_content":{"name":"Espereanza - Digit\u0101lie bag\u0101\u017eas svari Globetrotter","description":"Digit\u0101lie bag\u0101\u017eas svari Globetrotter pal\u012bdz\u0113s izvair\u012bties no p\u0101rmaksas par lieko svaru lidost\u0101s, nodro\u0161inot prec\u012bzu m\u0113r\u012bjumu l\u012bdz pat 50 kg. Tie ir viegli un kompakti, \u0113rti pa\u0146emami l\u012bdzi jebkur\u0101 ce\u013cojum\u0101. Ieb\u016bv\u0113tais temperat\u016bras displejs r\u0101da gan \u00b0C, gan \u00b0F, bet tare funkcija \u013cauj nosv\u0113rt bag\u0101\u017eu ar jebkuru iepakojumu.\nPateicoties div\u0101m m\u0113rvien\u012bbu opcij\u0101m (kg\/lb) un \u0113rtam LCD ekr\u0101nam, lieto\u0161ana ir \u0101tra un vienk\u0101r\u0161a. Ir ar\u012b zemas baterijas un p\u0101rslodzes indik\u0101cija.\nSpecifik\u0101cija:\nMaks. ietilp\u012bba: 50 kg\nSolis: 100 g\nM\u0113rvien\u012bbas: kg\/lb\nTemperat\u016bras displejs: \u00b0C un \u00b0F\nTare funkcija\nBaro\u0161ana: 1\u00d7CR2032 litija baterija\nZemas baterijas un p\u0101rslodzes indik\u0101cija\nIzm\u0113ri: 141 \u00d7 31 \u00d7 28 mm","short_description":"Kompakti digit\u0101lie bag\u0101\u017eas svari ar 50 kg ietilp\u012bbu, kg\/lb m\u0113rvien\u012bb\u0101m, temperat\u016bras displeju un tare funkciju ce\u013cojumiem.","status":"publish","sku":"5901299914564","original":112693},"wpml":{"translation_type":1,"has_translations":true,"original":112693,"duplicates":[],"translations":{"lv":112693,"en":112709,"ru":null}},"supplier_id":null,"supplier_sku":"","barcode":null,"atum_controlled":true,"out_stock_date":"2025-10-17 17:35:49","out_stock_threshold":null,"inheritable":false,"inbound_stock":0,"stock_on_hold":0,"sold_today":0,"sales_last_days":0,"reserved_stock":0,"customer_returns":0,"warehouse_damage":0,"lost_in_post":0,"other_logs":0,"out_stock_days":26,"lost_sales":0,"has_location":false,"update_date":"2025-12-30T14:30:27","atum_locations":[],"atum_stock_status":"outofstock","restock_status":false,"low_stock_amount":"","sales_update_date":"2025-11-13T14:08:45","calc_backorders":null,"yoast_head":"<!-- This site is optimized with the Yoast SEO plugin v27.3 - https:\/\/yoast.com\/product\/yoast-seo-wordpress\/ -->\n<title>Espereanza - Digit\u0101lie bag\u0101\u017eas svari Globetrotter<\/title>\n<meta name=\"description\" content=\"Kompakti digit\u0101lie bag\u0101\u017eas svari ar 50 kg ietilp\u012bbu, kg\/lb m\u0113rvien\u012bb\u0101m, temperat\u016bras displeju un tare funkciju ce\u013cojumiem.\" \/>\n<meta name=\"robots\" content=\"index, follow, max-snippet:-1, max-image-preview:large, max-video-preview:-1\" \/>\n<link rel=\"canonical\" href=\"https:\/\/gohike.lv\/ru\/produkts\/espereanza-digitalie-bagazas-svari-globetrotter\/\" \/>\n<meta property=\"og:locale\" content=\"ru_RU\" \/>\n<meta property=\"og:type\" content=\"article\" \/>\n<meta property=\"og:title\" content=\"Espereanza - Digit\u0101lie bag\u0101\u017eas svari Globetrotter\" \/>\n<meta property=\"og:description\" content=\"Kompakti digit\u0101lie bag\u0101\u017eas svari ar 50 kg ietilp\u012bbu, kg\/lb m\u0113rvien\u012bb\u0101m, temperat\u016bras displeju un tare funkciju ce\u013cojumiem.\" \/>\n<meta property=\"og:url\" content=\"https:\/\/gohike.lv\/ru\/produkts\/espereanza-digitalie-bagazas-svari-globetrotter\/\" \/>\n<meta property=\"og:site_name\" content=\"GoHike\" \/>\n<meta property=\"article:publisher\" content=\"https:\/\/www.facebook.com\/gohike.shop\/\" \/>\n<meta property=\"article:modified_time\" content=\"2025-12-30T14:24:19+00:00\" \/>\n<meta property=\"og:image\" content=\"https:\/\/gohike.lv\/wp-content\/uploads\/2025\/08\/ESPERANZA_.jpg\" \/>\n\t<meta property=\"og:image:width\" content=\"600\" \/>\n\t<meta property=\"og:image:height\" content=\"600\" \/>\n\t<meta property=\"og:image:type\" content=\"image\/jpeg\" \/>\n<meta name=\"twitter:card\" content=\"summary_large_image\" \/>\n<meta name=\"twitter:title\" content=\"Espereanza - Digit\u0101lie bag\u0101\u017eas svari Globetrotter\" \/>\n<meta name=\"twitter:label1\" content=\"\u041f\u0440\u0438\u043c\u0435\u0440\u043d\u043e\u0435 \u0432\u0440\u0435\u043c\u044f \u0434\u043b\u044f \u0447\u0442\u0435\u043d\u0438\u044f\" \/>\n\t<meta name=\"twitter:data1\" content=\"1 \u043c\u0438\u043d\u0443\u0442\u0430\" \/>\n<script type=\"application\/ld+json\" class=\"yoast-schema-graph\">{\"@context\":\"https:\\\/\\\/schema.org\",\"@graph\":[{\"@type\":[\"WebPage\",\"ItemPage\"],\"@id\":\"https:\\\/\\\/gohike.lv\\\/ru\\\/produkts\\\/espereanza-digitalie-bagazas-svari-globetrotter\\\/\",\"url\":\"https:\\\/\\\/gohike.lv\\\/ru\\\/produkts\\\/espereanza-digitalie-bagazas-svari-globetrotter\\\/\",\"name\":\"Espereanza - Digit\u0101lie bag\u0101\u017eas svari Globetrotter\",\"isPartOf\":{\"@id\":\"https:\\\/\\\/gohike.lv\\\/ru\\\/#website\"},\"primaryImageOfPage\":{\"@id\":\"https:\\\/\\\/gohike.lv\\\/ru\\\/produkts\\\/espereanza-digitalie-bagazas-svari-globetrotter\\\/#primaryimage\"},\"image\":{\"@id\":\"https:\\\/\\\/gohike.lv\\\/ru\\\/produkts\\\/espereanza-digitalie-bagazas-svari-globetrotter\\\/#primaryimage\"},\"thumbnailUrl\":\"https:\\\/\\\/gohike.lv\\\/wp-content\\\/uploads\\\/2025\\\/08\\\/ESPERANZA_.jpg\",\"datePublished\":\"2025-08-14T13:28:44+00:00\",\"dateModified\":\"2025-12-30T14:24:19+00:00\",\"description\":\"Kompakti digit\u0101lie bag\u0101\u017eas svari ar 50 kg ietilp\u012bbu, kg\\\/lb m\u0113rvien\u012bb\u0101m, temperat\u016bras displeju un tare funkciju ce\u013cojumiem.\",\"breadcrumb\":{\"@id\":\"https:\\\/\\\/gohike.lv\\\/ru\\\/produkts\\\/espereanza-digitalie-bagazas-svari-globetrotter\\\/#breadcrumb\"},\"inLanguage\":\"ru-RU\",\"potentialAction\":[{\"@type\":\"ReadAction\",\"target\":[\"https:\\\/\\\/gohike.lv\\\/ru\\\/produkts\\\/espereanza-digitalie-bagazas-svari-globetrotter\\\/\"]}]},{\"@type\":\"ImageObject\",\"inLanguage\":\"ru-RU\",\"@id\":\"https:\\\/\\\/gohike.lv\\\/ru\\\/produkts\\\/espereanza-digitalie-bagazas-svari-globetrotter\\\/#primaryimage\",\"url\":\"https:\\\/\\\/gohike.lv\\\/wp-content\\\/uploads\\\/2025\\\/08\\\/ESPERANZA_.jpg\",\"contentUrl\":\"https:\\\/\\\/gohike.lv\\\/wp-content\\\/uploads\\\/2025\\\/08\\\/ESPERANZA_.jpg\",\"width\":600,\"height\":600},{\"@type\":\"BreadcrumbList\",\"@id\":\"https:\\\/\\\/gohike.lv\\\/ru\\\/produkts\\\/espereanza-digitalie-bagazas-svari-globetrotter\\\/#breadcrumb\",\"itemListElement\":[{\"@type\":\"ListItem\",\"position\":1,\"name\":\"\u0413\u043b\u0430\u0432\u043d\u0430\u044f\",\"item\":\"https:\\\/\\\/gohike.lv\\\/ru\\\/\"},{\"@type\":\"ListItem\",\"position\":2,\"name\":\"\u041a\u0430\u0442\u0435\u0433\u043e\u0440\u0438\u0438 \u0442\u043e\u0432\u0430\u0440\u043e\u0432\",\"item\":\"https:\\\/\\\/gohike.lv\\\/%d0%ba%d0%b0%d1%82%d0%b5%d0%b3%d0%be%d1%80%d0%b8%d0%b8-%d1%82%d0%be%d0%b2%d0%b0%d1%80%d0%be%d0%b2\\\/\"},{\"@type\":\"ListItem\",\"position\":3,\"name\":\"Espereanza &#8211; Digit\u0101lie bag\u0101\u017eas svari Globetrotter\"}]},{\"@type\":\"WebSite\",\"@id\":\"https:\\\/\\\/gohike.lv\\\/ru\\\/#website\",\"url\":\"https:\\\/\\\/gohike.lv\\\/ru\\\/\",\"name\":\"GoHike\",\"description\":\"\",\"publisher\":{\"@id\":\"https:\\\/\\\/gohike.lv\\\/ru\\\/#organization\"},\"potentialAction\":[{\"@type\":\"SearchAction\",\"target\":{\"@type\":\"EntryPoint\",\"urlTemplate\":\"https:\\\/\\\/gohike.lv\\\/ru\\\/?s={search_term_string}\"},\"query-input\":{\"@type\":\"PropertyValueSpecification\",\"valueRequired\":true,\"valueName\":\"search_term_string\"}}],\"inLanguage\":\"ru-RU\"},{\"@type\":\"Organization\",\"@id\":\"https:\\\/\\\/gohike.lv\\\/ru\\\/#organization\",\"name\":\"GoHike\",\"url\":\"https:\\\/\\\/gohike.lv\\\/ru\\\/\",\"logo\":{\"@type\":\"ImageObject\",\"inLanguage\":\"ru-RU\",\"@id\":\"https:\\\/\\\/gohike.lv\\\/ru\\\/#\\\/schema\\\/logo\\\/image\\\/\",\"url\":\"https:\\\/\\\/gohike.lv\\\/wp-content\\\/uploads\\\/2023\\\/08\\\/Logo_GoHike.webp\",\"contentUrl\":\"https:\\\/\\\/gohike.lv\\\/wp-content\\\/uploads\\\/2023\\\/08\\\/Logo_GoHike.webp\",\"width\":512,\"height\":512,\"caption\":\"GoHike\"},\"image\":{\"@id\":\"https:\\\/\\\/gohike.lv\\\/ru\\\/#\\\/schema\\\/logo\\\/image\\\/\"},\"sameAs\":[\"https:\\\/\\\/www.facebook.com\\\/gohike.shop\\\/\",\"https:\\\/\\\/www.instagram.com\\\/gohike.shop\\\/\"]}]}<\/script>\n<!-- \/ Yoast SEO plugin. -->","yoast_head_json":{"title":"Espereanza - Digit\u0101lie bag\u0101\u017eas svari Globetrotter","description":"Kompakti digit\u0101lie bag\u0101\u017eas svari ar 50 kg ietilp\u012bbu, kg\/lb m\u0113rvien\u012bb\u0101m, temperat\u016bras displeju un tare funkciju ce\u013cojumiem.","robots":{"index":"index","follow":"follow","max-snippet":"max-snippet:-1","max-image-preview":"max-image-preview:large","max-video-preview":"max-video-preview:-1"},"canonical":"https:\/\/gohike.lv\/ru\/produkts\/espereanza-digitalie-bagazas-svari-globetrotter\/","og_locale":"ru_RU","og_type":"article","og_title":"Espereanza - Digit\u0101lie bag\u0101\u017eas svari Globetrotter","og_description":"Kompakti digit\u0101lie bag\u0101\u017eas svari ar 50 kg ietilp\u012bbu, kg\/lb m\u0113rvien\u012bb\u0101m, temperat\u016bras displeju un tare funkciju ce\u013cojumiem.","og_url":"https:\/\/gohike.lv\/ru\/produkts\/espereanza-digitalie-bagazas-svari-globetrotter\/","og_site_name":"GoHike","article_publisher":"https:\/\/www.facebook.com\/gohike.shop\/","article_modified_time":"2025-12-30T14:24:19+00:00","og_image":[{"width":600,"height":600,"url":"https:\/\/gohike.lv\/wp-content\/uploads\/2025\/08\/ESPERANZA_.jpg","type":"image\/jpeg"}],"twitter_card":"summary_large_image","twitter_title":"Espereanza - Digit\u0101lie bag\u0101\u017eas svari Globetrotter","twitter_misc":{"\u041f\u0440\u0438\u043c\u0435\u0440\u043d\u043e\u0435 \u0432\u0440\u0435\u043c\u044f \u0434\u043b\u044f \u0447\u0442\u0435\u043d\u0438\u044f":"1 \u043c\u0438\u043d\u0443\u0442\u0430"},"schema":{"@context":"https:\/\/schema.org","@graph":[{"@type":["WebPage","ItemPage"],"@id":"https:\/\/gohike.lv\/ru\/produkts\/espereanza-digitalie-bagazas-svari-globetrotter\/","url":"https:\/\/gohike.lv\/ru\/produkts\/espereanza-digitalie-bagazas-svari-globetrotter\/","name":"Espereanza - Digit\u0101lie bag\u0101\u017eas svari Globetrotter","isPartOf":{"@id":"https:\/\/gohike.lv\/ru\/#website"},"primaryImageOfPage":{"@id":"https:\/\/gohike.lv\/ru\/produkts\/espereanza-digitalie-bagazas-svari-globetrotter\/#primaryimage"},"image":{"@id":"https:\/\/gohike.lv\/ru\/produkts\/espereanza-digitalie-bagazas-svari-globetrotter\/#primaryimage"},"thumbnailUrl":"https:\/\/gohike.lv\/wp-content\/uploads\/2025\/08\/ESPERANZA_.jpg","datePublished":"2025-08-14T13:28:44+00:00","dateModified":"2025-12-30T14:24:19+00:00","description":"Kompakti digit\u0101lie bag\u0101\u017eas svari ar 50 kg ietilp\u012bbu, kg\/lb m\u0113rvien\u012bb\u0101m, temperat\u016bras displeju un tare funkciju ce\u013cojumiem.","breadcrumb":{"@id":"https:\/\/gohike.lv\/ru\/produkts\/espereanza-digitalie-bagazas-svari-globetrotter\/#breadcrumb"},"inLanguage":"ru-RU","potentialAction":[{"@type":"ReadAction","target":["https:\/\/gohike.lv\/ru\/produkts\/espereanza-digitalie-bagazas-svari-globetrotter\/"]}]},{"@type":"ImageObject","inLanguage":"ru-RU","@id":"https:\/\/gohike.lv\/ru\/produkts\/espereanza-digitalie-bagazas-svari-globetrotter\/#primaryimage","url":"https:\/\/gohike.lv\/wp-content\/uploads\/2025\/08\/ESPERANZA_.jpg","contentUrl":"https:\/\/gohike.lv\/wp-content\/uploads\/2025\/08\/ESPERANZA_.jpg","width":600,"height":600},{"@type":"BreadcrumbList","@id":"https:\/\/gohike.lv\/ru\/produkts\/espereanza-digitalie-bagazas-svari-globetrotter\/#breadcrumb","itemListElement":[{"@type":"ListItem","position":1,"name":"\u0413\u043b\u0430\u0432\u043d\u0430\u044f","item":"https:\/\/gohike.lv\/ru\/"},{"@type":"ListItem","position":2,"name":"\u041a\u0430\u0442\u0435\u0433\u043e\u0440\u0438\u0438 \u0442\u043e\u0432\u0430\u0440\u043e\u0432","item":"https:\/\/gohike.lv\/%d0%ba%d0%b0%d1%82%d0%b5%d0%b3%d0%be%d1%80%d0%b8%d0%b8-%d1%82%d0%be%d0%b2%d0%b0%d1%80%d0%be%d0%b2\/"},{"@type":"ListItem","position":3,"name":"Espereanza &#8211; Digit\u0101lie bag\u0101\u017eas svari Globetrotter"}]},{"@type":"WebSite","@id":"https:\/\/gohike.lv\/ru\/#website","url":"https:\/\/gohike.lv\/ru\/","name":"GoHike","description":"","publisher":{"@id":"https:\/\/gohike.lv\/ru\/#organization"},"potentialAction":[{"@type":"SearchAction","target":{"@type":"EntryPoint","urlTemplate":"https:\/\/gohike.lv\/ru\/?s={search_term_string}"},"query-input":{"@type":"PropertyValueSpecification","valueRequired":true,"valueName":"search_term_string"}}],"inLanguage":"ru-RU"},{"@type":"Organization","@id":"https:\/\/gohike.lv\/ru\/#organization","name":"GoHike","url":"https:\/\/gohike.lv\/ru\/","logo":{"@type":"ImageObject","inLanguage":"ru-RU","@id":"https:\/\/gohike.lv\/ru\/#\/schema\/logo\/image\/","url":"https:\/\/gohike.lv\/wp-content\/uploads\/2023\/08\/Logo_GoHike.webp","contentUrl":"https:\/\/gohike.lv\/wp-content\/uploads\/2023\/08\/Logo_GoHike.webp","width":512,"height":512,"caption":"GoHike"},"image":{"@id":"https:\/\/gohike.lv\/ru\/#\/schema\/logo\/image\/"},"sameAs":["https:\/\/www.facebook.com\/gohike.shop\/","https:\/\/www.instagram.com\/gohike.shop\/"]}]}},"jetpack_sharing_enabled":true,"_links":{"self":[{"href":"https:\/\/gohike.lv\/ru\/wp-json\/wp\/v2\/product\/112693","targetHints":{"allow":["GET"]}}],"collection":[{"href":"https:\/\/gohike.lv\/ru\/wp-json\/wp\/v2\/product"}],"about":[{"href":"https:\/\/gohike.lv\/ru\/wp-json\/wp\/v2\/types\/product"}],"version-history":[{"count":0,"href":"https:\/\/gohike.lv\/ru\/wp-json\/wp\/v2\/product\/112693\/revisions"}],"wp:featuredmedia":[{"embeddable":true,"href":"https:\/\/gohike.lv\/ru\/wp-json\/wp\/v2\/media\/112776"}],"wp:attachment":[{"href":"https:\/\/gohike.lv\/ru\/wp-json\/wp\/v2\/media?parent=112693"}],"wp:term":[{"taxonomy":"product_brand","embeddable":true,"href":"https:\/\/gohike.lv\/ru\/wp-json\/wp\/v2\/product_brand?post=112693"},{"taxonomy":"product_cat","embeddable":true,"href":"https:\/\/gohike.lv\/ru\/wp-json\/wp\/v2\/product_cat?post=112693"},{"taxonomy":"product_tag","embeddable":true,"href":"https:\/\/gohike.lv\/ru\/wp-json\/wp\/v2\/product_tag?post=112693"}],"curies":[{"name":"wp","href":"https:\/\/api.w.org\/{rel}","templated":true}]}}