{"id":112691,"date":"2025-08-14T16:28:44","date_gmt":"2025-08-14T13:28:44","guid":{"rendered":"https:\/\/gohike.lv\/produkts\/hydrapak-seeker-3-l-ultra-viegla-udens-soma-ar-iebuvetu-filtru\/"},"modified":"2025-12-30T17:24:19","modified_gmt":"2025-12-30T14:24:19","slug":"hydrapak-seeker-3-l-ultra-viegla-udens-soma-ar-iebuvetu-filtru","status":"publish","type":"product","link":"https:\/\/gohike.lv\/ru\/produkts\/hydrapak-seeker-3-l-ultra-viegla-udens-soma-ar-iebuvetu-filtru\/","title":{"rendered":"HydraPak &#8212; Seeker\u2122+ 3 L ultra-viegl\u0101 \u016bdens pudele ar ieb\u016bv\u0113tu filtru"},"content":{"rendered":"<p>Seeker\u2122+ 3 L apvieno ultra-vieglu \u016bdens somu ar ieb\u016bv\u0113tu augstas pl\u016bsmas filtru, nodro\u0161inot dro\u0161u dzeramo \u016bdeni jebkur\u0101 viet\u0101. Iztur\u012bgais p\u0101rkl\u0101tais rokturis \u013cauj viegli p\u0101rn\u0113s\u0101t un liet, savuk\u0101rt v\u012bt\u0146ot\u0101 filtra uzgalis ar putek\u013cu v\u0101ci\u0146u nodro\u0161ina \u0101tru un \u0113rtu uzpildi vai dzer\u0161anu. Divi s\u0101nu stiprin\u0101juma punkti \u013cauj somu piestiprin\u0101t pie mugursomas vai izmantot gravit\u0101cijas filtr\u0101cijai.<br \/>\nTuk\u0161a soma salok\u0101s l\u012bdz kabatas izm\u0113ram un ietilpst komplekt\u0101 eso\u0161aj\u0101 maci\u0146\u0101, kur\u0101 filtru var uzglab\u0101t dro\u0161i.<br \/>\nSpecifik\u0101cija:<br \/>\nTilpums: 3 L<br \/>\nSvars: 127 g<br \/>\nIzm\u0113ri: 360 \u00d7 140 mm<br \/>\nFiltr\u0101cijas jauda: ~1500 L (&gt;1 L\/min)<br \/>\nNo\u0146em: E.coli, Giardia, Cryptosporidium (99,999 %\/99,9999 %)<br \/>\nMateri\u0101li: TPU, PP, TPU p\u0101rkl\u0101ts neilons, POM, ABS, dob\u0101s \u0161\u0137iedras filtrs<br \/>\nPiederumi: maci\u0146\u0161, ieb\u016bv\u0113ts filtrs<br \/>\nFunkcijas: putek\u013cu v\u0101ci\u0146\u0161, zema profila rokturis, s\u0101nu stiprin\u0101juma punkti<\/p>\n","protected":false},"excerpt":{"rendered":"<p>Salok\u0101ma 3 L \u016bdens soma ar integr\u0113tu filtru, 42 mm v\u012btni, iztur\u012bgu rokturi un kompakto uzglab\u0101\u0161anu p\u0101rg\u0101jieniem, kempingam, med\u012bb\u0101m un mak\u0161\u0137er\u0113\u0161anai.<\/p>\n","protected":false},"featured_media":112752,"template":"","meta":[],"product_brand":[13266],"product_cat":[1375,1012],"product_tag":[],"class_list":{"0":"post-112691","1":"product","2":"type-product","3":"status-publish","4":"has-post-thumbnail","6":"product_brand-hydrapak","7":"product_cat-udens-attirisana","8":"product_cat-virtuves-piederumi","9":"pa_izmeriscm-14526","10":"pa_produkta-tips-termosi-un-pudeles","12":"first","13":"instock","14":"taxable","15":"shipping-taxable","16":"purchasable","17":"product-type-simple"},"raw_content":{"name":"HydraPak - Seeker\u2122+ 3 L ultra-viegl\u0101 \u016bdens pudele ar ieb\u016bv\u0113tu filtru","description":"Seeker\u2122+ 3 L apvieno ultra-vieglu \u016bdens somu ar ieb\u016bv\u0113tu augstas pl\u016bsmas filtru, nodro\u0161inot dro\u0161u dzeramo \u016bdeni jebkur\u0101 viet\u0101. Iztur\u012bgais p\u0101rkl\u0101tais rokturis \u013cauj viegli p\u0101rn\u0113s\u0101t un liet, savuk\u0101rt v\u012bt\u0146ot\u0101 filtra uzgalis ar putek\u013cu v\u0101ci\u0146u nodro\u0161ina \u0101tru un \u0113rtu uzpildi vai dzer\u0161anu. Divi s\u0101nu stiprin\u0101juma punkti \u013cauj somu piestiprin\u0101t pie mugursomas vai izmantot gravit\u0101cijas filtr\u0101cijai.\nTuk\u0161a soma salok\u0101s l\u012bdz kabatas izm\u0113ram un ietilpst komplekt\u0101 eso\u0161aj\u0101 maci\u0146\u0101, kur\u0101 filtru var uzglab\u0101t dro\u0161i.\nSpecifik\u0101cija:\nTilpums: 3 L\nSvars: 127 g\nIzm\u0113ri: 360 \u00d7 140 mm\nFiltr\u0101cijas jauda: ~1500 L (&gt;1 L\/min)\nNo\u0146em: E.coli, Giardia, Cryptosporidium (99,999 %\/99,9999 %)\nMateri\u0101li: TPU, PP, TPU p\u0101rkl\u0101ts neilons, POM, ABS, dob\u0101s \u0161\u0137iedras filtrs\nPiederumi: maci\u0146\u0161, ieb\u016bv\u0113ts filtrs\nFunkcijas: putek\u013cu v\u0101ci\u0146\u0161, zema profila rokturis, s\u0101nu stiprin\u0101juma punkti","short_description":"Salok\u0101ma 3 L \u016bdens soma ar integr\u0113tu filtru, 42 mm v\u012btni, iztur\u012bgu rokturi un kompakto uzglab\u0101\u0161anu p\u0101rg\u0101jieniem, kempingam, med\u012bb\u0101m un mak\u0161\u0137er\u0113\u0161anai.","status":"publish","sku":"834456002994","original":112691},"wpml":{"translation_type":1,"has_translations":true,"original":112691,"duplicates":[],"translations":{"lv":112691,"en":112707,"ru":null}},"supplier_id":null,"supplier_sku":"","barcode":null,"atum_controlled":true,"out_stock_date":null,"out_stock_threshold":null,"inheritable":false,"inbound_stock":0,"stock_on_hold":0,"sold_today":0,"sales_last_days":0,"reserved_stock":0,"customer_returns":0,"warehouse_damage":0,"lost_in_post":0,"other_logs":0,"out_stock_days":0,"lost_sales":0,"has_location":false,"update_date":"2025-12-30T14:30:27","atum_locations":[],"atum_stock_status":"instock","restock_status":false,"low_stock_amount":"","sales_update_date":"2025-12-20T11:20:42","calc_backorders":null,"yoast_head":"<!-- This site is optimized with the Yoast SEO plugin v27.3 - https:\/\/yoast.com\/product\/yoast-seo-wordpress\/ -->\n<title>HydraPak - Seeker\u2122+ 3 L ultra-viegl\u0101 \u016bdens soma ar ieb\u016bv\u0113tu filtru<\/title>\n<meta name=\"description\" content=\"Salok\u0101ma 3 L \u016bdens soma ar integr\u0113tu filtru, 42 mm v\u012btni, iztur\u012bgu rokturi un kompakto uzglab\u0101\u0161anu p\u0101rg\u0101jieniem, kempingam, med\u012bb\u0101m un mak\u0161\u0137er\u0113\u0161anai.\" \/>\n<meta name=\"robots\" content=\"index, follow, max-snippet:-1, max-image-preview:large, max-video-preview:-1\" \/>\n<link rel=\"canonical\" href=\"https:\/\/gohike.lv\/ru\/produkts\/hydrapak-seeker-3-l-ultra-viegla-udens-soma-ar-iebuvetu-filtru\/\" \/>\n<meta property=\"og:locale\" content=\"ru_RU\" \/>\n<meta property=\"og:type\" content=\"article\" \/>\n<meta property=\"og:title\" content=\"HydraPak - Seeker\u2122+ 3 L ultra-viegl\u0101 \u016bdens soma ar ieb\u016bv\u0113tu filtru\" \/>\n<meta property=\"og:description\" content=\"Salok\u0101ma 3 L \u016bdens soma ar integr\u0113tu filtru, 42 mm v\u012btni, iztur\u012bgu rokturi un kompakto uzglab\u0101\u0161anu p\u0101rg\u0101jieniem, kempingam, med\u012bb\u0101m un mak\u0161\u0137er\u0113\u0161anai.\" \/>\n<meta property=\"og:url\" content=\"https:\/\/gohike.lv\/ru\/produkts\/hydrapak-seeker-3-l-ultra-viegla-udens-soma-ar-iebuvetu-filtru\/\" \/>\n<meta property=\"og:site_name\" content=\"GoHike\" \/>\n<meta property=\"article:publisher\" content=\"https:\/\/www.facebook.com\/gohike.shop\/\" \/>\n<meta property=\"article:modified_time\" content=\"2025-12-30T14:24:19+00:00\" \/>\n<meta property=\"og:image\" content=\"https:\/\/gohike.lv\/wp-content\/uploads\/2025\/08\/3lFilter_.webp\" \/>\n\t<meta property=\"og:image:width\" content=\"1080\" \/>\n\t<meta property=\"og:image:height\" content=\"1080\" \/>\n\t<meta property=\"og:image:type\" content=\"image\/webp\" \/>\n<meta name=\"twitter:card\" content=\"summary_large_image\" \/>\n<meta name=\"twitter:title\" content=\"HydraPak - Seeker\u2122+ 3 L ultra-viegl\u0101 \u016bdens soma ar ieb\u016bv\u0113tu filtru\" \/>\n<meta name=\"twitter:label1\" content=\"\u041f\u0440\u0438\u043c\u0435\u0440\u043d\u043e\u0435 \u0432\u0440\u0435\u043c\u044f \u0434\u043b\u044f \u0447\u0442\u0435\u043d\u0438\u044f\" \/>\n\t<meta name=\"twitter:data1\" content=\"1 \u043c\u0438\u043d\u0443\u0442\u0430\" \/>\n<script type=\"application\/ld+json\" class=\"yoast-schema-graph\">{\"@context\":\"https:\\\/\\\/schema.org\",\"@graph\":[{\"@type\":[\"WebPage\",\"ItemPage\"],\"@id\":\"https:\\\/\\\/gohike.lv\\\/ru\\\/produkts\\\/hydrapak-seeker-3-l-ultra-viegla-udens-soma-ar-iebuvetu-filtru\\\/\",\"url\":\"https:\\\/\\\/gohike.lv\\\/ru\\\/produkts\\\/hydrapak-seeker-3-l-ultra-viegla-udens-soma-ar-iebuvetu-filtru\\\/\",\"name\":\"HydraPak - Seeker\u2122+ 3 L ultra-viegl\u0101 \u016bdens soma ar ieb\u016bv\u0113tu filtru\",\"isPartOf\":{\"@id\":\"https:\\\/\\\/gohike.lv\\\/ru\\\/#website\"},\"primaryImageOfPage\":{\"@id\":\"https:\\\/\\\/gohike.lv\\\/ru\\\/produkts\\\/hydrapak-seeker-3-l-ultra-viegla-udens-soma-ar-iebuvetu-filtru\\\/#primaryimage\"},\"image\":{\"@id\":\"https:\\\/\\\/gohike.lv\\\/ru\\\/produkts\\\/hydrapak-seeker-3-l-ultra-viegla-udens-soma-ar-iebuvetu-filtru\\\/#primaryimage\"},\"thumbnailUrl\":\"https:\\\/\\\/gohike.lv\\\/wp-content\\\/uploads\\\/2025\\\/08\\\/3lFilter_.webp\",\"datePublished\":\"2025-08-14T13:28:44+00:00\",\"dateModified\":\"2025-12-30T14:24:19+00:00\",\"description\":\"Salok\u0101ma 3 L \u016bdens soma ar integr\u0113tu filtru, 42 mm v\u012btni, iztur\u012bgu rokturi un kompakto uzglab\u0101\u0161anu p\u0101rg\u0101jieniem, kempingam, med\u012bb\u0101m un mak\u0161\u0137er\u0113\u0161anai.\",\"breadcrumb\":{\"@id\":\"https:\\\/\\\/gohike.lv\\\/ru\\\/produkts\\\/hydrapak-seeker-3-l-ultra-viegla-udens-soma-ar-iebuvetu-filtru\\\/#breadcrumb\"},\"inLanguage\":\"ru-RU\",\"potentialAction\":[{\"@type\":\"ReadAction\",\"target\":[\"https:\\\/\\\/gohike.lv\\\/ru\\\/produkts\\\/hydrapak-seeker-3-l-ultra-viegla-udens-soma-ar-iebuvetu-filtru\\\/\"]}]},{\"@type\":\"ImageObject\",\"inLanguage\":\"ru-RU\",\"@id\":\"https:\\\/\\\/gohike.lv\\\/ru\\\/produkts\\\/hydrapak-seeker-3-l-ultra-viegla-udens-soma-ar-iebuvetu-filtru\\\/#primaryimage\",\"url\":\"https:\\\/\\\/gohike.lv\\\/wp-content\\\/uploads\\\/2025\\\/08\\\/3lFilter_.webp\",\"contentUrl\":\"https:\\\/\\\/gohike.lv\\\/wp-content\\\/uploads\\\/2025\\\/08\\\/3lFilter_.webp\",\"width\":1080,\"height\":1080},{\"@type\":\"BreadcrumbList\",\"@id\":\"https:\\\/\\\/gohike.lv\\\/ru\\\/produkts\\\/hydrapak-seeker-3-l-ultra-viegla-udens-soma-ar-iebuvetu-filtru\\\/#breadcrumb\",\"itemListElement\":[{\"@type\":\"ListItem\",\"position\":1,\"name\":\"\u0413\u043b\u0430\u0432\u043d\u0430\u044f\",\"item\":\"https:\\\/\\\/gohike.lv\\\/ru\\\/\"},{\"@type\":\"ListItem\",\"position\":2,\"name\":\"\u041a\u0430\u0442\u0435\u0433\u043e\u0440\u0438\u0438 \u0442\u043e\u0432\u0430\u0440\u043e\u0432\",\"item\":\"https:\\\/\\\/gohike.lv\\\/%d0%ba%d0%b0%d1%82%d0%b5%d0%b3%d0%be%d1%80%d0%b8%d0%b8-%d1%82%d0%be%d0%b2%d0%b0%d1%80%d0%be%d0%b2\\\/\"},{\"@type\":\"ListItem\",\"position\":3,\"name\":\"HydraPak &#8211; Seeker\u2122+ 3 L ultra-viegl\u0101 \u016bdens pudele ar ieb\u016bv\u0113tu filtru\"}]},{\"@type\":\"WebSite\",\"@id\":\"https:\\\/\\\/gohike.lv\\\/ru\\\/#website\",\"url\":\"https:\\\/\\\/gohike.lv\\\/ru\\\/\",\"name\":\"GoHike\",\"description\":\"\",\"publisher\":{\"@id\":\"https:\\\/\\\/gohike.lv\\\/ru\\\/#organization\"},\"potentialAction\":[{\"@type\":\"SearchAction\",\"target\":{\"@type\":\"EntryPoint\",\"urlTemplate\":\"https:\\\/\\\/gohike.lv\\\/ru\\\/?s={search_term_string}\"},\"query-input\":{\"@type\":\"PropertyValueSpecification\",\"valueRequired\":true,\"valueName\":\"search_term_string\"}}],\"inLanguage\":\"ru-RU\"},{\"@type\":\"Organization\",\"@id\":\"https:\\\/\\\/gohike.lv\\\/ru\\\/#organization\",\"name\":\"GoHike\",\"url\":\"https:\\\/\\\/gohike.lv\\\/ru\\\/\",\"logo\":{\"@type\":\"ImageObject\",\"inLanguage\":\"ru-RU\",\"@id\":\"https:\\\/\\\/gohike.lv\\\/ru\\\/#\\\/schema\\\/logo\\\/image\\\/\",\"url\":\"https:\\\/\\\/gohike.lv\\\/wp-content\\\/uploads\\\/2023\\\/08\\\/Logo_GoHike.webp\",\"contentUrl\":\"https:\\\/\\\/gohike.lv\\\/wp-content\\\/uploads\\\/2023\\\/08\\\/Logo_GoHike.webp\",\"width\":512,\"height\":512,\"caption\":\"GoHike\"},\"image\":{\"@id\":\"https:\\\/\\\/gohike.lv\\\/ru\\\/#\\\/schema\\\/logo\\\/image\\\/\"},\"sameAs\":[\"https:\\\/\\\/www.facebook.com\\\/gohike.shop\\\/\",\"https:\\\/\\\/www.instagram.com\\\/gohike.shop\\\/\"]}]}<\/script>\n<!-- \/ Yoast SEO plugin. -->","yoast_head_json":{"title":"HydraPak - Seeker\u2122+ 3 L ultra-viegl\u0101 \u016bdens soma ar ieb\u016bv\u0113tu filtru","description":"Salok\u0101ma 3 L \u016bdens soma ar integr\u0113tu filtru, 42 mm v\u012btni, iztur\u012bgu rokturi un kompakto uzglab\u0101\u0161anu p\u0101rg\u0101jieniem, kempingam, med\u012bb\u0101m un mak\u0161\u0137er\u0113\u0161anai.","robots":{"index":"index","follow":"follow","max-snippet":"max-snippet:-1","max-image-preview":"max-image-preview:large","max-video-preview":"max-video-preview:-1"},"canonical":"https:\/\/gohike.lv\/ru\/produkts\/hydrapak-seeker-3-l-ultra-viegla-udens-soma-ar-iebuvetu-filtru\/","og_locale":"ru_RU","og_type":"article","og_title":"HydraPak - Seeker\u2122+ 3 L ultra-viegl\u0101 \u016bdens soma ar ieb\u016bv\u0113tu filtru","og_description":"Salok\u0101ma 3 L \u016bdens soma ar integr\u0113tu filtru, 42 mm v\u012btni, iztur\u012bgu rokturi un kompakto uzglab\u0101\u0161anu p\u0101rg\u0101jieniem, kempingam, med\u012bb\u0101m un mak\u0161\u0137er\u0113\u0161anai.","og_url":"https:\/\/gohike.lv\/ru\/produkts\/hydrapak-seeker-3-l-ultra-viegla-udens-soma-ar-iebuvetu-filtru\/","og_site_name":"GoHike","article_publisher":"https:\/\/www.facebook.com\/gohike.shop\/","article_modified_time":"2025-12-30T14:24:19+00:00","og_image":[{"width":1080,"height":1080,"url":"https:\/\/gohike.lv\/wp-content\/uploads\/2025\/08\/3lFilter_.webp","type":"image\/webp"}],"twitter_card":"summary_large_image","twitter_title":"HydraPak - Seeker\u2122+ 3 L ultra-viegl\u0101 \u016bdens soma ar ieb\u016bv\u0113tu filtru","twitter_misc":{"\u041f\u0440\u0438\u043c\u0435\u0440\u043d\u043e\u0435 \u0432\u0440\u0435\u043c\u044f \u0434\u043b\u044f \u0447\u0442\u0435\u043d\u0438\u044f":"1 \u043c\u0438\u043d\u0443\u0442\u0430"},"schema":{"@context":"https:\/\/schema.org","@graph":[{"@type":["WebPage","ItemPage"],"@id":"https:\/\/gohike.lv\/ru\/produkts\/hydrapak-seeker-3-l-ultra-viegla-udens-soma-ar-iebuvetu-filtru\/","url":"https:\/\/gohike.lv\/ru\/produkts\/hydrapak-seeker-3-l-ultra-viegla-udens-soma-ar-iebuvetu-filtru\/","name":"HydraPak - Seeker\u2122+ 3 L ultra-viegl\u0101 \u016bdens soma ar ieb\u016bv\u0113tu filtru","isPartOf":{"@id":"https:\/\/gohike.lv\/ru\/#website"},"primaryImageOfPage":{"@id":"https:\/\/gohike.lv\/ru\/produkts\/hydrapak-seeker-3-l-ultra-viegla-udens-soma-ar-iebuvetu-filtru\/#primaryimage"},"image":{"@id":"https:\/\/gohike.lv\/ru\/produkts\/hydrapak-seeker-3-l-ultra-viegla-udens-soma-ar-iebuvetu-filtru\/#primaryimage"},"thumbnailUrl":"https:\/\/gohike.lv\/wp-content\/uploads\/2025\/08\/3lFilter_.webp","datePublished":"2025-08-14T13:28:44+00:00","dateModified":"2025-12-30T14:24:19+00:00","description":"Salok\u0101ma 3 L \u016bdens soma ar integr\u0113tu filtru, 42 mm v\u012btni, iztur\u012bgu rokturi un kompakto uzglab\u0101\u0161anu p\u0101rg\u0101jieniem, kempingam, med\u012bb\u0101m un mak\u0161\u0137er\u0113\u0161anai.","breadcrumb":{"@id":"https:\/\/gohike.lv\/ru\/produkts\/hydrapak-seeker-3-l-ultra-viegla-udens-soma-ar-iebuvetu-filtru\/#breadcrumb"},"inLanguage":"ru-RU","potentialAction":[{"@type":"ReadAction","target":["https:\/\/gohike.lv\/ru\/produkts\/hydrapak-seeker-3-l-ultra-viegla-udens-soma-ar-iebuvetu-filtru\/"]}]},{"@type":"ImageObject","inLanguage":"ru-RU","@id":"https:\/\/gohike.lv\/ru\/produkts\/hydrapak-seeker-3-l-ultra-viegla-udens-soma-ar-iebuvetu-filtru\/#primaryimage","url":"https:\/\/gohike.lv\/wp-content\/uploads\/2025\/08\/3lFilter_.webp","contentUrl":"https:\/\/gohike.lv\/wp-content\/uploads\/2025\/08\/3lFilter_.webp","width":1080,"height":1080},{"@type":"BreadcrumbList","@id":"https:\/\/gohike.lv\/ru\/produkts\/hydrapak-seeker-3-l-ultra-viegla-udens-soma-ar-iebuvetu-filtru\/#breadcrumb","itemListElement":[{"@type":"ListItem","position":1,"name":"\u0413\u043b\u0430\u0432\u043d\u0430\u044f","item":"https:\/\/gohike.lv\/ru\/"},{"@type":"ListItem","position":2,"name":"\u041a\u0430\u0442\u0435\u0433\u043e\u0440\u0438\u0438 \u0442\u043e\u0432\u0430\u0440\u043e\u0432","item":"https:\/\/gohike.lv\/%d0%ba%d0%b0%d1%82%d0%b5%d0%b3%d0%be%d1%80%d0%b8%d0%b8-%d1%82%d0%be%d0%b2%d0%b0%d1%80%d0%be%d0%b2\/"},{"@type":"ListItem","position":3,"name":"HydraPak &#8211; Seeker\u2122+ 3 L ultra-viegl\u0101 \u016bdens pudele ar ieb\u016bv\u0113tu filtru"}]},{"@type":"WebSite","@id":"https:\/\/gohike.lv\/ru\/#website","url":"https:\/\/gohike.lv\/ru\/","name":"GoHike","description":"","publisher":{"@id":"https:\/\/gohike.lv\/ru\/#organization"},"potentialAction":[{"@type":"SearchAction","target":{"@type":"EntryPoint","urlTemplate":"https:\/\/gohike.lv\/ru\/?s={search_term_string}"},"query-input":{"@type":"PropertyValueSpecification","valueRequired":true,"valueName":"search_term_string"}}],"inLanguage":"ru-RU"},{"@type":"Organization","@id":"https:\/\/gohike.lv\/ru\/#organization","name":"GoHike","url":"https:\/\/gohike.lv\/ru\/","logo":{"@type":"ImageObject","inLanguage":"ru-RU","@id":"https:\/\/gohike.lv\/ru\/#\/schema\/logo\/image\/","url":"https:\/\/gohike.lv\/wp-content\/uploads\/2023\/08\/Logo_GoHike.webp","contentUrl":"https:\/\/gohike.lv\/wp-content\/uploads\/2023\/08\/Logo_GoHike.webp","width":512,"height":512,"caption":"GoHike"},"image":{"@id":"https:\/\/gohike.lv\/ru\/#\/schema\/logo\/image\/"},"sameAs":["https:\/\/www.facebook.com\/gohike.shop\/","https:\/\/www.instagram.com\/gohike.shop\/"]}]}},"jetpack_sharing_enabled":true,"_links":{"self":[{"href":"https:\/\/gohike.lv\/ru\/wp-json\/wp\/v2\/product\/112691","targetHints":{"allow":["GET"]}}],"collection":[{"href":"https:\/\/gohike.lv\/ru\/wp-json\/wp\/v2\/product"}],"about":[{"href":"https:\/\/gohike.lv\/ru\/wp-json\/wp\/v2\/types\/product"}],"version-history":[{"count":1,"href":"https:\/\/gohike.lv\/ru\/wp-json\/wp\/v2\/product\/112691\/revisions"}],"predecessor-version":[{"id":118995,"href":"https:\/\/gohike.lv\/ru\/wp-json\/wp\/v2\/product\/112691\/revisions\/118995"}],"wp:featuredmedia":[{"embeddable":true,"href":"https:\/\/gohike.lv\/ru\/wp-json\/wp\/v2\/media\/112752"}],"wp:attachment":[{"href":"https:\/\/gohike.lv\/ru\/wp-json\/wp\/v2\/media?parent=112691"}],"wp:term":[{"taxonomy":"product_brand","embeddable":true,"href":"https:\/\/gohike.lv\/ru\/wp-json\/wp\/v2\/product_brand?post=112691"},{"taxonomy":"product_cat","embeddable":true,"href":"https:\/\/gohike.lv\/ru\/wp-json\/wp\/v2\/product_cat?post=112691"},{"taxonomy":"product_tag","embeddable":true,"href":"https:\/\/gohike.lv\/ru\/wp-json\/wp\/v2\/product_tag?post=112691"}],"curies":[{"name":"wp","href":"https:\/\/api.w.org\/{rel}","templated":true}]}}