{"id":112689,"date":"2025-08-14T16:28:44","date_gmt":"2025-08-14T13:28:44","guid":{"rendered":"https:\/\/gohike.lv\/produkts\/hydrapak-seeker-ultra-viegla-salokama-udens-soma-4-l\/"},"modified":"2026-01-01T19:07:03","modified_gmt":"2026-01-01T16:07:03","slug":"hydrapak-seeker-ultra-viegla-salokama-udens-soma-4-l","status":"publish","type":"product","link":"https:\/\/gohike.lv\/ru\/produkts\/hydrapak-seeker-ultra-viegla-salokama-udens-soma-4-l\/","title":{"rendered":"HydraPak &#8212; Seeker\u2122 ultra-viegl\u0101 salok\u0101m\u0101 \u016bdens soma, 4 L"},"content":{"rendered":"<p>Seeker\u2122 4 L ir viegla, salok\u0101ma \u016bdens soma ar lielu ietilp\u012bbu, piem\u0113rota gar\u0101m distanc\u0113m un daudzveid\u012bg\u0101m aktivit\u0101t\u0113m. Pateicoties iztur\u012bgajam p\u0101rkl\u0101tajam rokturim, \u016bdeni ir \u0113rti p\u0101rn\u0113s\u0101t un liet. Soma viegli salok\u0101s un ietilpst komplekt\u0101 eso\u0161aj\u0101 maci\u0146\u0101.<br \/>\nPla\u0161\u0101 42 mm atvere \u013cauj \u0101tri uzpild\u012bt \u016bdeni un ir sader\u012bga ar vairumu v\u012bt\u0146oto \u016bdens filtru, tostarp HydraPak 42 mm Filter Cap un Katadyn BeFree. Divi s\u0101nu stiprin\u0101juma punkti \u013cauj piestiprin\u0101t somu pie mugursomas vai izmantot gravit\u0101cijas padevei.<br \/>\nIzgatavota no iztur\u012bga TPU ar PP un neilona elementiem, kas nodro\u0161ina ilgu kalpo\u0161anas laiku.<br \/>\nSpecifik\u0101cija:<br \/>\nTilpums: 4 L<br \/>\nSvars: 104 g<br \/>\nIzm\u0113ri: 420 \u00d7 150 mm<br \/>\nAtvere: 42 mm, ar piesietu v\u0101ci\u0146u<br \/>\nMateri\u0101ls: TPU, PP, neilons<br \/>\nKomplekt\u0101: uzglab\u0101\u0161anas maci\u0146\u0161<\/p>\n","protected":false},"excerpt":{"rendered":"<p>Salok\u0101ma 4 L \u016bdens soma ar 42 mm filtru sader\u012bbu, iztur\u012bgu rokturi un kompakto glab\u0101\u0161anu p\u0101rg\u0101jieniem, rite\u0146brauk\u0161anai, med\u012bb\u0101m un mak\u0161\u0137er\u0113\u0161anai.<\/p>\n","protected":false},"featured_media":112728,"template":"","meta":[],"product_brand":[13266],"product_cat":[1012],"product_tag":[],"class_list":{"0":"post-112689","1":"product","2":"type-product","3":"status-publish","4":"has-post-thumbnail","6":"product_brand-hydrapak","7":"product_cat-virtuves-piederumi","8":"pa_izmeriscm-14525","9":"pa_produkta-tips-termosi-un-pudeles","11":"first","12":"instock","13":"taxable","14":"shipping-taxable","15":"purchasable","16":"product-type-simple"},"raw_content":{"name":"HydraPak - Seeker\u2122 ultra-viegl\u0101 salok\u0101m\u0101 \u016bdens soma, 4 L","description":"Seeker\u2122 4 L ir viegla, salok\u0101ma \u016bdens soma ar lielu ietilp\u012bbu, piem\u0113rota gar\u0101m distanc\u0113m un daudzveid\u012bg\u0101m aktivit\u0101t\u0113m. Pateicoties iztur\u012bgajam p\u0101rkl\u0101tajam rokturim, \u016bdeni ir \u0113rti p\u0101rn\u0113s\u0101t un liet. Soma viegli salok\u0101s un ietilpst komplekt\u0101 eso\u0161aj\u0101 maci\u0146\u0101.\nPla\u0161\u0101 42 mm atvere \u013cauj \u0101tri uzpild\u012bt \u016bdeni un ir sader\u012bga ar vairumu v\u012bt\u0146oto \u016bdens filtru, tostarp HydraPak 42 mm Filter Cap un Katadyn BeFree. Divi s\u0101nu stiprin\u0101juma punkti \u013cauj piestiprin\u0101t somu pie mugursomas vai izmantot gravit\u0101cijas padevei.\nIzgatavota no iztur\u012bga TPU ar PP un neilona elementiem, kas nodro\u0161ina ilgu kalpo\u0161anas laiku.\nSpecifik\u0101cija:\nTilpums: 4 L\nSvars: 104 g\nIzm\u0113ri: 420 \u00d7 150 mm\nAtvere: 42 mm, ar piesietu v\u0101ci\u0146u\nMateri\u0101ls: TPU, PP, neilons\nKomplekt\u0101: uzglab\u0101\u0161anas maci\u0146\u0161","short_description":"Salok\u0101ma 4 L \u016bdens soma ar 42 mm filtru sader\u012bbu, iztur\u012bgu rokturi un kompakto glab\u0101\u0161anu p\u0101rg\u0101jieniem, rite\u0146brauk\u0161anai, med\u012bb\u0101m un mak\u0161\u0137er\u0113\u0161anai.","status":"publish","sku":"834456002499","original":112689},"wpml":{"translation_type":1,"has_translations":true,"original":112689,"duplicates":[],"translations":{"lv":112689,"en":112705,"ru":null}},"supplier_id":null,"supplier_sku":"","barcode":null,"atum_controlled":true,"out_stock_date":null,"out_stock_threshold":null,"inheritable":false,"inbound_stock":0,"stock_on_hold":0,"sold_today":0,"sales_last_days":0,"reserved_stock":0,"customer_returns":0,"warehouse_damage":0,"lost_in_post":0,"other_logs":0,"out_stock_days":0,"lost_sales":0,"has_location":false,"update_date":"2026-01-01T16:07:04","atum_locations":[],"atum_stock_status":"instock","restock_status":false,"low_stock_amount":"","sales_update_date":"2025-11-13T14:09:01","calc_backorders":null,"yoast_head":"<!-- This site is optimized with the Yoast SEO plugin v27.3 - https:\/\/yoast.com\/product\/yoast-seo-wordpress\/ -->\n<title>HydraPak - Seeker\u2122 ultra-viegl\u0101 salok\u0101m\u0101 \u016bdens soma, 4 L<\/title>\n<meta name=\"description\" content=\"Salok\u0101ma 4 L \u016bdens soma ar 42 mm filtru sader\u012bbu, iztur\u012bgu rokturi un kompakto glab\u0101\u0161anu p\u0101rg\u0101jieniem, rite\u0146brauk\u0161anai, med\u012bb\u0101m un mak\u0161\u0137er\u0113\u0161anai.\" \/>\n<meta name=\"robots\" content=\"index, follow, max-snippet:-1, max-image-preview:large, max-video-preview:-1\" \/>\n<link rel=\"canonical\" href=\"https:\/\/gohike.lv\/ru\/produkts\/hydrapak-seeker-ultra-viegla-salokama-udens-soma-4-l\/\" \/>\n<meta property=\"og:locale\" content=\"ru_RU\" \/>\n<meta property=\"og:type\" content=\"article\" \/>\n<meta property=\"og:title\" content=\"HydraPak - Seeker\u2122 ultra-viegl\u0101 salok\u0101m\u0101 \u016bdens soma, 4 L\" \/>\n<meta property=\"og:description\" content=\"Salok\u0101ma 4 L \u016bdens soma ar 42 mm filtru sader\u012bbu, iztur\u012bgu rokturi un kompakto glab\u0101\u0161anu p\u0101rg\u0101jieniem, rite\u0146brauk\u0161anai, med\u012bb\u0101m un mak\u0161\u0137er\u0113\u0161anai.\" \/>\n<meta property=\"og:url\" content=\"https:\/\/gohike.lv\/ru\/produkts\/hydrapak-seeker-ultra-viegla-salokama-udens-soma-4-l\/\" \/>\n<meta property=\"og:site_name\" content=\"GoHike\" \/>\n<meta property=\"article:publisher\" content=\"https:\/\/www.facebook.com\/gohike.shop\/\" \/>\n<meta property=\"article:modified_time\" content=\"2026-01-01T16:07:03+00:00\" \/>\n<meta property=\"og:image\" content=\"https:\/\/gohike.lv\/wp-content\/uploads\/2025\/08\/Seeker4L_.webp\" \/>\n\t<meta property=\"og:image:width\" content=\"500\" \/>\n\t<meta property=\"og:image:height\" content=\"500\" \/>\n\t<meta property=\"og:image:type\" content=\"image\/webp\" \/>\n<meta name=\"twitter:card\" content=\"summary_large_image\" \/>\n<meta name=\"twitter:title\" content=\"HydraPak - Seeker\u2122 ultra-viegl\u0101 salok\u0101m\u0101 \u016bdens soma, 4 L\" \/>\n<meta name=\"twitter:label1\" content=\"\u041f\u0440\u0438\u043c\u0435\u0440\u043d\u043e\u0435 \u0432\u0440\u0435\u043c\u044f \u0434\u043b\u044f \u0447\u0442\u0435\u043d\u0438\u044f\" \/>\n\t<meta name=\"twitter:data1\" content=\"1 \u043c\u0438\u043d\u0443\u0442\u0430\" \/>\n<script type=\"application\/ld+json\" class=\"yoast-schema-graph\">{\"@context\":\"https:\\\/\\\/schema.org\",\"@graph\":[{\"@type\":[\"WebPage\",\"ItemPage\"],\"@id\":\"https:\\\/\\\/gohike.lv\\\/ru\\\/produkts\\\/hydrapak-seeker-ultra-viegla-salokama-udens-soma-4-l\\\/\",\"url\":\"https:\\\/\\\/gohike.lv\\\/ru\\\/produkts\\\/hydrapak-seeker-ultra-viegla-salokama-udens-soma-4-l\\\/\",\"name\":\"HydraPak - Seeker\u2122 ultra-viegl\u0101 salok\u0101m\u0101 \u016bdens soma, 4 L\",\"isPartOf\":{\"@id\":\"https:\\\/\\\/gohike.lv\\\/ru\\\/#website\"},\"primaryImageOfPage\":{\"@id\":\"https:\\\/\\\/gohike.lv\\\/ru\\\/produkts\\\/hydrapak-seeker-ultra-viegla-salokama-udens-soma-4-l\\\/#primaryimage\"},\"image\":{\"@id\":\"https:\\\/\\\/gohike.lv\\\/ru\\\/produkts\\\/hydrapak-seeker-ultra-viegla-salokama-udens-soma-4-l\\\/#primaryimage\"},\"thumbnailUrl\":\"https:\\\/\\\/gohike.lv\\\/wp-content\\\/uploads\\\/2025\\\/08\\\/Seeker4L_.webp\",\"datePublished\":\"2025-08-14T13:28:44+00:00\",\"dateModified\":\"2026-01-01T16:07:03+00:00\",\"description\":\"Salok\u0101ma 4 L \u016bdens soma ar 42 mm filtru sader\u012bbu, iztur\u012bgu rokturi un kompakto glab\u0101\u0161anu p\u0101rg\u0101jieniem, rite\u0146brauk\u0161anai, med\u012bb\u0101m un mak\u0161\u0137er\u0113\u0161anai.\",\"breadcrumb\":{\"@id\":\"https:\\\/\\\/gohike.lv\\\/ru\\\/produkts\\\/hydrapak-seeker-ultra-viegla-salokama-udens-soma-4-l\\\/#breadcrumb\"},\"inLanguage\":\"ru-RU\",\"potentialAction\":[{\"@type\":\"ReadAction\",\"target\":[\"https:\\\/\\\/gohike.lv\\\/ru\\\/produkts\\\/hydrapak-seeker-ultra-viegla-salokama-udens-soma-4-l\\\/\"]}]},{\"@type\":\"ImageObject\",\"inLanguage\":\"ru-RU\",\"@id\":\"https:\\\/\\\/gohike.lv\\\/ru\\\/produkts\\\/hydrapak-seeker-ultra-viegla-salokama-udens-soma-4-l\\\/#primaryimage\",\"url\":\"https:\\\/\\\/gohike.lv\\\/wp-content\\\/uploads\\\/2025\\\/08\\\/Seeker4L_.webp\",\"contentUrl\":\"https:\\\/\\\/gohike.lv\\\/wp-content\\\/uploads\\\/2025\\\/08\\\/Seeker4L_.webp\",\"width\":500,\"height\":500},{\"@type\":\"BreadcrumbList\",\"@id\":\"https:\\\/\\\/gohike.lv\\\/ru\\\/produkts\\\/hydrapak-seeker-ultra-viegla-salokama-udens-soma-4-l\\\/#breadcrumb\",\"itemListElement\":[{\"@type\":\"ListItem\",\"position\":1,\"name\":\"\u0413\u043b\u0430\u0432\u043d\u0430\u044f\",\"item\":\"https:\\\/\\\/gohike.lv\\\/ru\\\/\"},{\"@type\":\"ListItem\",\"position\":2,\"name\":\"\u041a\u0430\u0442\u0435\u0433\u043e\u0440\u0438\u0438 \u0442\u043e\u0432\u0430\u0440\u043e\u0432\",\"item\":\"https:\\\/\\\/gohike.lv\\\/%d0%ba%d0%b0%d1%82%d0%b5%d0%b3%d0%be%d1%80%d0%b8%d0%b8-%d1%82%d0%be%d0%b2%d0%b0%d1%80%d0%be%d0%b2\\\/\"},{\"@type\":\"ListItem\",\"position\":3,\"name\":\"HydraPak &#8211; Seeker\u2122 ultra-viegl\u0101 salok\u0101m\u0101 \u016bdens soma, 4 L\"}]},{\"@type\":\"WebSite\",\"@id\":\"https:\\\/\\\/gohike.lv\\\/ru\\\/#website\",\"url\":\"https:\\\/\\\/gohike.lv\\\/ru\\\/\",\"name\":\"GoHike\",\"description\":\"\",\"publisher\":{\"@id\":\"https:\\\/\\\/gohike.lv\\\/ru\\\/#organization\"},\"potentialAction\":[{\"@type\":\"SearchAction\",\"target\":{\"@type\":\"EntryPoint\",\"urlTemplate\":\"https:\\\/\\\/gohike.lv\\\/ru\\\/?s={search_term_string}\"},\"query-input\":{\"@type\":\"PropertyValueSpecification\",\"valueRequired\":true,\"valueName\":\"search_term_string\"}}],\"inLanguage\":\"ru-RU\"},{\"@type\":\"Organization\",\"@id\":\"https:\\\/\\\/gohike.lv\\\/ru\\\/#organization\",\"name\":\"GoHike\",\"url\":\"https:\\\/\\\/gohike.lv\\\/ru\\\/\",\"logo\":{\"@type\":\"ImageObject\",\"inLanguage\":\"ru-RU\",\"@id\":\"https:\\\/\\\/gohike.lv\\\/ru\\\/#\\\/schema\\\/logo\\\/image\\\/\",\"url\":\"https:\\\/\\\/gohike.lv\\\/wp-content\\\/uploads\\\/2023\\\/08\\\/Logo_GoHike.webp\",\"contentUrl\":\"https:\\\/\\\/gohike.lv\\\/wp-content\\\/uploads\\\/2023\\\/08\\\/Logo_GoHike.webp\",\"width\":512,\"height\":512,\"caption\":\"GoHike\"},\"image\":{\"@id\":\"https:\\\/\\\/gohike.lv\\\/ru\\\/#\\\/schema\\\/logo\\\/image\\\/\"},\"sameAs\":[\"https:\\\/\\\/www.facebook.com\\\/gohike.shop\\\/\",\"https:\\\/\\\/www.instagram.com\\\/gohike.shop\\\/\"]}]}<\/script>\n<!-- \/ Yoast SEO plugin. -->","yoast_head_json":{"title":"HydraPak - Seeker\u2122 ultra-viegl\u0101 salok\u0101m\u0101 \u016bdens soma, 4 L","description":"Salok\u0101ma 4 L \u016bdens soma ar 42 mm filtru sader\u012bbu, iztur\u012bgu rokturi un kompakto glab\u0101\u0161anu p\u0101rg\u0101jieniem, rite\u0146brauk\u0161anai, med\u012bb\u0101m un mak\u0161\u0137er\u0113\u0161anai.","robots":{"index":"index","follow":"follow","max-snippet":"max-snippet:-1","max-image-preview":"max-image-preview:large","max-video-preview":"max-video-preview:-1"},"canonical":"https:\/\/gohike.lv\/ru\/produkts\/hydrapak-seeker-ultra-viegla-salokama-udens-soma-4-l\/","og_locale":"ru_RU","og_type":"article","og_title":"HydraPak - Seeker\u2122 ultra-viegl\u0101 salok\u0101m\u0101 \u016bdens soma, 4 L","og_description":"Salok\u0101ma 4 L \u016bdens soma ar 42 mm filtru sader\u012bbu, iztur\u012bgu rokturi un kompakto glab\u0101\u0161anu p\u0101rg\u0101jieniem, rite\u0146brauk\u0161anai, med\u012bb\u0101m un mak\u0161\u0137er\u0113\u0161anai.","og_url":"https:\/\/gohike.lv\/ru\/produkts\/hydrapak-seeker-ultra-viegla-salokama-udens-soma-4-l\/","og_site_name":"GoHike","article_publisher":"https:\/\/www.facebook.com\/gohike.shop\/","article_modified_time":"2026-01-01T16:07:03+00:00","og_image":[{"width":500,"height":500,"url":"https:\/\/gohike.lv\/wp-content\/uploads\/2025\/08\/Seeker4L_.webp","type":"image\/webp"}],"twitter_card":"summary_large_image","twitter_title":"HydraPak - Seeker\u2122 ultra-viegl\u0101 salok\u0101m\u0101 \u016bdens soma, 4 L","twitter_misc":{"\u041f\u0440\u0438\u043c\u0435\u0440\u043d\u043e\u0435 \u0432\u0440\u0435\u043c\u044f \u0434\u043b\u044f \u0447\u0442\u0435\u043d\u0438\u044f":"1 \u043c\u0438\u043d\u0443\u0442\u0430"},"schema":{"@context":"https:\/\/schema.org","@graph":[{"@type":["WebPage","ItemPage"],"@id":"https:\/\/gohike.lv\/ru\/produkts\/hydrapak-seeker-ultra-viegla-salokama-udens-soma-4-l\/","url":"https:\/\/gohike.lv\/ru\/produkts\/hydrapak-seeker-ultra-viegla-salokama-udens-soma-4-l\/","name":"HydraPak - Seeker\u2122 ultra-viegl\u0101 salok\u0101m\u0101 \u016bdens soma, 4 L","isPartOf":{"@id":"https:\/\/gohike.lv\/ru\/#website"},"primaryImageOfPage":{"@id":"https:\/\/gohike.lv\/ru\/produkts\/hydrapak-seeker-ultra-viegla-salokama-udens-soma-4-l\/#primaryimage"},"image":{"@id":"https:\/\/gohike.lv\/ru\/produkts\/hydrapak-seeker-ultra-viegla-salokama-udens-soma-4-l\/#primaryimage"},"thumbnailUrl":"https:\/\/gohike.lv\/wp-content\/uploads\/2025\/08\/Seeker4L_.webp","datePublished":"2025-08-14T13:28:44+00:00","dateModified":"2026-01-01T16:07:03+00:00","description":"Salok\u0101ma 4 L \u016bdens soma ar 42 mm filtru sader\u012bbu, iztur\u012bgu rokturi un kompakto glab\u0101\u0161anu p\u0101rg\u0101jieniem, rite\u0146brauk\u0161anai, med\u012bb\u0101m un mak\u0161\u0137er\u0113\u0161anai.","breadcrumb":{"@id":"https:\/\/gohike.lv\/ru\/produkts\/hydrapak-seeker-ultra-viegla-salokama-udens-soma-4-l\/#breadcrumb"},"inLanguage":"ru-RU","potentialAction":[{"@type":"ReadAction","target":["https:\/\/gohike.lv\/ru\/produkts\/hydrapak-seeker-ultra-viegla-salokama-udens-soma-4-l\/"]}]},{"@type":"ImageObject","inLanguage":"ru-RU","@id":"https:\/\/gohike.lv\/ru\/produkts\/hydrapak-seeker-ultra-viegla-salokama-udens-soma-4-l\/#primaryimage","url":"https:\/\/gohike.lv\/wp-content\/uploads\/2025\/08\/Seeker4L_.webp","contentUrl":"https:\/\/gohike.lv\/wp-content\/uploads\/2025\/08\/Seeker4L_.webp","width":500,"height":500},{"@type":"BreadcrumbList","@id":"https:\/\/gohike.lv\/ru\/produkts\/hydrapak-seeker-ultra-viegla-salokama-udens-soma-4-l\/#breadcrumb","itemListElement":[{"@type":"ListItem","position":1,"name":"\u0413\u043b\u0430\u0432\u043d\u0430\u044f","item":"https:\/\/gohike.lv\/ru\/"},{"@type":"ListItem","position":2,"name":"\u041a\u0430\u0442\u0435\u0433\u043e\u0440\u0438\u0438 \u0442\u043e\u0432\u0430\u0440\u043e\u0432","item":"https:\/\/gohike.lv\/%d0%ba%d0%b0%d1%82%d0%b5%d0%b3%d0%be%d1%80%d0%b8%d0%b8-%d1%82%d0%be%d0%b2%d0%b0%d1%80%d0%be%d0%b2\/"},{"@type":"ListItem","position":3,"name":"HydraPak &#8211; Seeker\u2122 ultra-viegl\u0101 salok\u0101m\u0101 \u016bdens soma, 4 L"}]},{"@type":"WebSite","@id":"https:\/\/gohike.lv\/ru\/#website","url":"https:\/\/gohike.lv\/ru\/","name":"GoHike","description":"","publisher":{"@id":"https:\/\/gohike.lv\/ru\/#organization"},"potentialAction":[{"@type":"SearchAction","target":{"@type":"EntryPoint","urlTemplate":"https:\/\/gohike.lv\/ru\/?s={search_term_string}"},"query-input":{"@type":"PropertyValueSpecification","valueRequired":true,"valueName":"search_term_string"}}],"inLanguage":"ru-RU"},{"@type":"Organization","@id":"https:\/\/gohike.lv\/ru\/#organization","name":"GoHike","url":"https:\/\/gohike.lv\/ru\/","logo":{"@type":"ImageObject","inLanguage":"ru-RU","@id":"https:\/\/gohike.lv\/ru\/#\/schema\/logo\/image\/","url":"https:\/\/gohike.lv\/wp-content\/uploads\/2023\/08\/Logo_GoHike.webp","contentUrl":"https:\/\/gohike.lv\/wp-content\/uploads\/2023\/08\/Logo_GoHike.webp","width":512,"height":512,"caption":"GoHike"},"image":{"@id":"https:\/\/gohike.lv\/ru\/#\/schema\/logo\/image\/"},"sameAs":["https:\/\/www.facebook.com\/gohike.shop\/","https:\/\/www.instagram.com\/gohike.shop\/"]}]}},"jetpack_sharing_enabled":true,"_links":{"self":[{"href":"https:\/\/gohike.lv\/ru\/wp-json\/wp\/v2\/product\/112689","targetHints":{"allow":["GET"]}}],"collection":[{"href":"https:\/\/gohike.lv\/ru\/wp-json\/wp\/v2\/product"}],"about":[{"href":"https:\/\/gohike.lv\/ru\/wp-json\/wp\/v2\/types\/product"}],"version-history":[{"count":1,"href":"https:\/\/gohike.lv\/ru\/wp-json\/wp\/v2\/product\/112689\/revisions"}],"predecessor-version":[{"id":118994,"href":"https:\/\/gohike.lv\/ru\/wp-json\/wp\/v2\/product\/112689\/revisions\/118994"}],"wp:featuredmedia":[{"embeddable":true,"href":"https:\/\/gohike.lv\/ru\/wp-json\/wp\/v2\/media\/112728"}],"wp:attachment":[{"href":"https:\/\/gohike.lv\/ru\/wp-json\/wp\/v2\/media?parent=112689"}],"wp:term":[{"taxonomy":"product_brand","embeddable":true,"href":"https:\/\/gohike.lv\/ru\/wp-json\/wp\/v2\/product_brand?post=112689"},{"taxonomy":"product_cat","embeddable":true,"href":"https:\/\/gohike.lv\/ru\/wp-json\/wp\/v2\/product_cat?post=112689"},{"taxonomy":"product_tag","embeddable":true,"href":"https:\/\/gohike.lv\/ru\/wp-json\/wp\/v2\/product_tag?post=112689"}],"curies":[{"name":"wp","href":"https:\/\/api.w.org\/{rel}","templated":true}]}}