{"id":112687,"date":"2025-08-14T16:28:44","date_gmt":"2025-08-14T13:28:44","guid":{"rendered":"https:\/\/gohike.lv\/produkts\/hydrapak-28-mm-filtra-vacins\/"},"modified":"2025-12-30T17:24:19","modified_gmt":"2025-12-30T14:24:19","slug":"hydrapak-28-mm-udens-filtrs","status":"publish","type":"product","link":"https:\/\/gohike.lv\/ru\/produkts\/hydrapak-28-mm-udens-filtrs\/","title":{"rendered":"HydraPak &#8212; 28 mm \u016bdens filtrs"},"content":{"rendered":"<p>28 mm filtra v\u0101ci\u0146\u0161 ir daudzpus\u012bgs \u016bdens att\u012br\u012b\u0161anas risin\u0101jums p\u0101rg\u0101jieniem un kempingiem. To var tie\u0161i uzskr\u016bv\u0113t uz popul\u0101r\u0101m 28 mm pudel\u0113m un kolb\u0101m, piem\u0113ram, HydraPak Stow (500 ml, 1 l) vai 1 l SmartWater\u2122, k\u0101 ar\u012b pievienot HydraPak rezervu\u0101riem ar Plug-N-Play\u2122 sist\u0113mu.<br \/>\nIeb\u016bv\u0113tais dob\u0101s \u0161\u0137iedras filtrs att\u012bra l\u012bdz 1500 litriem \u016bdens, no\u0146emot 99,9999 % E.coli un paraz\u012btu cistas, ar pl\u016bsmu virs 1 l\/min. Komplekt\u0101 ietilpst v\u0101ci\u0146a adapteris un pretpl\u016bsmas adapteris filtra t\u012br\u012b\u0161anai.<br \/>\nFiltrs sver tikai 47 g, ir kompakts un aiz\u0146em minim\u0101lu vietu som\u0101. Ra\u017eots no PP\/POM, EPDM, silikona un dob\u0101s \u0161\u0137iedras materi\u0101liem.<br \/>\nSpecifik\u0101cija:<br \/>\nSvars: 47 g<br \/>\nIzm\u0113ri: 34 \u00d7 129 mm<br \/>\nFiltr\u0113\u0161anas jauda: ~1500 l<br \/>\nSavienojums: 28 mm v\u012btne + Plug-N-Play\u2122<br \/>\nKomplekt\u0101: v\u0101ci\u0146a adapteris, pretpl\u016bsmas adapteris<\/p>\n","protected":false},"excerpt":{"rendered":"<p>Viegls un kompakts 28 mm \u016bdens filtrs ar Plug-N-Play savienojumu, piem\u0113rots Stow, SmartWater\u2122 pudel\u0113m un HydraPak rezervu\u0101riem.<\/p>\n","protected":false},"featured_media":112712,"template":"","meta":[],"product_brand":[13266],"product_cat":[1375],"product_tag":[],"class_list":{"0":"post-112687","1":"product","2":"type-product","3":"status-publish","4":"has-post-thumbnail","6":"product_brand-hydrapak","7":"product_cat-udens-attirisana","8":"pa_izmeriscm-12-93-4","10":"first","11":"instock","12":"taxable","13":"shipping-taxable","14":"purchasable","15":"product-type-simple"},"raw_content":{"name":"HydraPak - 28 mm \u016bdens filtrs","description":"28 mm filtra v\u0101ci\u0146\u0161 ir daudzpus\u012bgs \u016bdens att\u012br\u012b\u0161anas risin\u0101jums p\u0101rg\u0101jieniem un kempingiem. To var tie\u0161i uzskr\u016bv\u0113t uz popul\u0101r\u0101m 28 mm pudel\u0113m un kolb\u0101m, piem\u0113ram, HydraPak Stow (500 ml, 1 l) vai 1 l SmartWater\u2122, k\u0101 ar\u012b pievienot HydraPak rezervu\u0101riem ar Plug-N-Play\u2122 sist\u0113mu.\r\nIeb\u016bv\u0113tais dob\u0101s \u0161\u0137iedras filtrs att\u012bra l\u012bdz 1500 litriem \u016bdens, no\u0146emot 99,9999 % E.coli un paraz\u012btu cistas, ar pl\u016bsmu virs 1 l\/min. Komplekt\u0101 ietilpst v\u0101ci\u0146a adapteris un pretpl\u016bsmas adapteris filtra t\u012br\u012b\u0161anai.\r\nFiltrs sver tikai 47 g, ir kompakts un aiz\u0146em minim\u0101lu vietu som\u0101. Ra\u017eots no PP\/POM, EPDM, silikona un dob\u0101s \u0161\u0137iedras materi\u0101liem.\r\nSpecifik\u0101cija:\r\nSvars: 47 g\r\nIzm\u0113ri: 34 \u00d7 129 mm\r\nFiltr\u0113\u0161anas jauda: ~1500 l\r\nSavienojums: 28 mm v\u012btne + Plug-N-Play\u2122\r\nKomplekt\u0101: v\u0101ci\u0146a adapteris, pretpl\u016bsmas adapteris","short_description":"Viegls un kompakts 28 mm \u016bdens filtrs ar Plug-N-Play savienojumu, piem\u0113rots Stow, SmartWater\u2122 pudel\u0113m un HydraPak rezervu\u0101riem.","status":"publish","sku":"834456003229","original":112687},"wpml":{"translation_type":1,"has_translations":true,"original":112687,"duplicates":[],"translations":{"lv":112687,"en":112703,"ru":null}},"supplier_id":null,"supplier_sku":"","barcode":null,"atum_controlled":true,"out_stock_date":null,"out_stock_threshold":null,"inheritable":false,"inbound_stock":0,"stock_on_hold":0,"sold_today":0,"sales_last_days":0,"reserved_stock":0,"customer_returns":0,"warehouse_damage":0,"lost_in_post":0,"other_logs":0,"out_stock_days":0,"lost_sales":0,"has_location":false,"update_date":"2025-12-30T14:30:27","atum_locations":[],"atum_stock_status":"instock","restock_status":false,"low_stock_amount":"","sales_update_date":"2025-11-13T14:08:31","calc_backorders":null,"yoast_head":"<!-- This site is optimized with the Yoast SEO plugin v27.3 - https:\/\/yoast.com\/product\/yoast-seo-wordpress\/ -->\n<title>HydraPak - 28 mm \u016bdens filtrs<\/title>\n<meta name=\"description\" content=\"Viegls un kompakts 28 mm \u016bdens filtrs ar Plug-N-Play savienojumu, piem\u0113rots Stow, SmartWater\u2122 pudel\u0113m un HydraPak rezervu\u0101riem.\" \/>\n<meta name=\"robots\" content=\"index, follow, max-snippet:-1, max-image-preview:large, max-video-preview:-1\" \/>\n<link rel=\"canonical\" href=\"https:\/\/gohike.lv\/ru\/produkts\/hydrapak-28-mm-udens-filtrs\/\" \/>\n<meta property=\"og:locale\" content=\"ru_RU\" \/>\n<meta property=\"og:type\" content=\"article\" \/>\n<meta property=\"og:title\" content=\"HydraPak - 28 mm \u016bdens filtrs\" \/>\n<meta property=\"og:description\" content=\"Viegls un kompakts 28 mm \u016bdens filtrs ar Plug-N-Play savienojumu, piem\u0113rots Stow, SmartWater\u2122 pudel\u0113m un HydraPak rezervu\u0101riem.\" \/>\n<meta property=\"og:url\" content=\"https:\/\/gohike.lv\/ru\/produkts\/hydrapak-28-mm-udens-filtrs\/\" \/>\n<meta property=\"og:site_name\" content=\"GoHike\" \/>\n<meta property=\"article:publisher\" content=\"https:\/\/www.facebook.com\/gohike.shop\/\" \/>\n<meta property=\"article:modified_time\" content=\"2025-12-30T14:24:19+00:00\" \/>\n<meta property=\"og:image\" content=\"https:\/\/gohike.lv\/wp-content\/uploads\/2025\/08\/48mm_.webp\" \/>\n\t<meta property=\"og:image:width\" content=\"500\" \/>\n\t<meta property=\"og:image:height\" content=\"500\" \/>\n\t<meta property=\"og:image:type\" content=\"image\/webp\" \/>\n<meta name=\"twitter:card\" content=\"summary_large_image\" \/>\n<meta name=\"twitter:title\" content=\"HydraPak - 28 mm \u016bdens filtrs\" \/>\n<meta name=\"twitter:label1\" content=\"\u041f\u0440\u0438\u043c\u0435\u0440\u043d\u043e\u0435 \u0432\u0440\u0435\u043c\u044f \u0434\u043b\u044f \u0447\u0442\u0435\u043d\u0438\u044f\" \/>\n\t<meta name=\"twitter:data1\" content=\"1 \u043c\u0438\u043d\u0443\u0442\u0430\" \/>\n<script type=\"application\/ld+json\" class=\"yoast-schema-graph\">{\"@context\":\"https:\\\/\\\/schema.org\",\"@graph\":[{\"@type\":[\"WebPage\",\"ItemPage\"],\"@id\":\"https:\\\/\\\/gohike.lv\\\/ru\\\/produkts\\\/hydrapak-28-mm-udens-filtrs\\\/\",\"url\":\"https:\\\/\\\/gohike.lv\\\/ru\\\/produkts\\\/hydrapak-28-mm-udens-filtrs\\\/\",\"name\":\"HydraPak - 28 mm \u016bdens filtrs\",\"isPartOf\":{\"@id\":\"https:\\\/\\\/gohike.lv\\\/ru\\\/#website\"},\"primaryImageOfPage\":{\"@id\":\"https:\\\/\\\/gohike.lv\\\/ru\\\/produkts\\\/hydrapak-28-mm-udens-filtrs\\\/#primaryimage\"},\"image\":{\"@id\":\"https:\\\/\\\/gohike.lv\\\/ru\\\/produkts\\\/hydrapak-28-mm-udens-filtrs\\\/#primaryimage\"},\"thumbnailUrl\":\"https:\\\/\\\/gohike.lv\\\/wp-content\\\/uploads\\\/2025\\\/08\\\/48mm_.webp\",\"datePublished\":\"2025-08-14T13:28:44+00:00\",\"dateModified\":\"2025-12-30T14:24:19+00:00\",\"description\":\"Viegls un kompakts 28 mm \u016bdens filtrs ar Plug-N-Play savienojumu, piem\u0113rots Stow, SmartWater\u2122 pudel\u0113m un HydraPak rezervu\u0101riem.\",\"breadcrumb\":{\"@id\":\"https:\\\/\\\/gohike.lv\\\/ru\\\/produkts\\\/hydrapak-28-mm-udens-filtrs\\\/#breadcrumb\"},\"inLanguage\":\"ru-RU\",\"potentialAction\":[{\"@type\":\"ReadAction\",\"target\":[\"https:\\\/\\\/gohike.lv\\\/ru\\\/produkts\\\/hydrapak-28-mm-udens-filtrs\\\/\"]}]},{\"@type\":\"ImageObject\",\"inLanguage\":\"ru-RU\",\"@id\":\"https:\\\/\\\/gohike.lv\\\/ru\\\/produkts\\\/hydrapak-28-mm-udens-filtrs\\\/#primaryimage\",\"url\":\"https:\\\/\\\/gohike.lv\\\/wp-content\\\/uploads\\\/2025\\\/08\\\/48mm_.webp\",\"contentUrl\":\"https:\\\/\\\/gohike.lv\\\/wp-content\\\/uploads\\\/2025\\\/08\\\/48mm_.webp\",\"width\":500,\"height\":500},{\"@type\":\"BreadcrumbList\",\"@id\":\"https:\\\/\\\/gohike.lv\\\/ru\\\/produkts\\\/hydrapak-28-mm-udens-filtrs\\\/#breadcrumb\",\"itemListElement\":[{\"@type\":\"ListItem\",\"position\":1,\"name\":\"\u0413\u043b\u0430\u0432\u043d\u0430\u044f\",\"item\":\"https:\\\/\\\/gohike.lv\\\/ru\\\/\"},{\"@type\":\"ListItem\",\"position\":2,\"name\":\"\u041a\u0430\u0442\u0435\u0433\u043e\u0440\u0438\u0438 \u0442\u043e\u0432\u0430\u0440\u043e\u0432\",\"item\":\"https:\\\/\\\/gohike.lv\\\/%d0%ba%d0%b0%d1%82%d0%b5%d0%b3%d0%be%d1%80%d0%b8%d0%b8-%d1%82%d0%be%d0%b2%d0%b0%d1%80%d0%be%d0%b2\\\/\"},{\"@type\":\"ListItem\",\"position\":3,\"name\":\"HydraPak &#8211; 28 mm \u016bdens filtrs\"}]},{\"@type\":\"WebSite\",\"@id\":\"https:\\\/\\\/gohike.lv\\\/ru\\\/#website\",\"url\":\"https:\\\/\\\/gohike.lv\\\/ru\\\/\",\"name\":\"GoHike\",\"description\":\"\",\"publisher\":{\"@id\":\"https:\\\/\\\/gohike.lv\\\/ru\\\/#organization\"},\"potentialAction\":[{\"@type\":\"SearchAction\",\"target\":{\"@type\":\"EntryPoint\",\"urlTemplate\":\"https:\\\/\\\/gohike.lv\\\/ru\\\/?s={search_term_string}\"},\"query-input\":{\"@type\":\"PropertyValueSpecification\",\"valueRequired\":true,\"valueName\":\"search_term_string\"}}],\"inLanguage\":\"ru-RU\"},{\"@type\":\"Organization\",\"@id\":\"https:\\\/\\\/gohike.lv\\\/ru\\\/#organization\",\"name\":\"GoHike\",\"url\":\"https:\\\/\\\/gohike.lv\\\/ru\\\/\",\"logo\":{\"@type\":\"ImageObject\",\"inLanguage\":\"ru-RU\",\"@id\":\"https:\\\/\\\/gohike.lv\\\/ru\\\/#\\\/schema\\\/logo\\\/image\\\/\",\"url\":\"https:\\\/\\\/gohike.lv\\\/wp-content\\\/uploads\\\/2023\\\/08\\\/Logo_GoHike.webp\",\"contentUrl\":\"https:\\\/\\\/gohike.lv\\\/wp-content\\\/uploads\\\/2023\\\/08\\\/Logo_GoHike.webp\",\"width\":512,\"height\":512,\"caption\":\"GoHike\"},\"image\":{\"@id\":\"https:\\\/\\\/gohike.lv\\\/ru\\\/#\\\/schema\\\/logo\\\/image\\\/\"},\"sameAs\":[\"https:\\\/\\\/www.facebook.com\\\/gohike.shop\\\/\",\"https:\\\/\\\/www.instagram.com\\\/gohike.shop\\\/\"]}]}<\/script>\n<!-- \/ Yoast SEO plugin. -->","yoast_head_json":{"title":"HydraPak - 28 mm \u016bdens filtrs","description":"Viegls un kompakts 28 mm \u016bdens filtrs ar Plug-N-Play savienojumu, piem\u0113rots Stow, SmartWater\u2122 pudel\u0113m un HydraPak rezervu\u0101riem.","robots":{"index":"index","follow":"follow","max-snippet":"max-snippet:-1","max-image-preview":"max-image-preview:large","max-video-preview":"max-video-preview:-1"},"canonical":"https:\/\/gohike.lv\/ru\/produkts\/hydrapak-28-mm-udens-filtrs\/","og_locale":"ru_RU","og_type":"article","og_title":"HydraPak - 28 mm \u016bdens filtrs","og_description":"Viegls un kompakts 28 mm \u016bdens filtrs ar Plug-N-Play savienojumu, piem\u0113rots Stow, SmartWater\u2122 pudel\u0113m un HydraPak rezervu\u0101riem.","og_url":"https:\/\/gohike.lv\/ru\/produkts\/hydrapak-28-mm-udens-filtrs\/","og_site_name":"GoHike","article_publisher":"https:\/\/www.facebook.com\/gohike.shop\/","article_modified_time":"2025-12-30T14:24:19+00:00","og_image":[{"width":500,"height":500,"url":"https:\/\/gohike.lv\/wp-content\/uploads\/2025\/08\/48mm_.webp","type":"image\/webp"}],"twitter_card":"summary_large_image","twitter_title":"HydraPak - 28 mm \u016bdens filtrs","twitter_misc":{"\u041f\u0440\u0438\u043c\u0435\u0440\u043d\u043e\u0435 \u0432\u0440\u0435\u043c\u044f \u0434\u043b\u044f \u0447\u0442\u0435\u043d\u0438\u044f":"1 \u043c\u0438\u043d\u0443\u0442\u0430"},"schema":{"@context":"https:\/\/schema.org","@graph":[{"@type":["WebPage","ItemPage"],"@id":"https:\/\/gohike.lv\/ru\/produkts\/hydrapak-28-mm-udens-filtrs\/","url":"https:\/\/gohike.lv\/ru\/produkts\/hydrapak-28-mm-udens-filtrs\/","name":"HydraPak - 28 mm \u016bdens filtrs","isPartOf":{"@id":"https:\/\/gohike.lv\/ru\/#website"},"primaryImageOfPage":{"@id":"https:\/\/gohike.lv\/ru\/produkts\/hydrapak-28-mm-udens-filtrs\/#primaryimage"},"image":{"@id":"https:\/\/gohike.lv\/ru\/produkts\/hydrapak-28-mm-udens-filtrs\/#primaryimage"},"thumbnailUrl":"https:\/\/gohike.lv\/wp-content\/uploads\/2025\/08\/48mm_.webp","datePublished":"2025-08-14T13:28:44+00:00","dateModified":"2025-12-30T14:24:19+00:00","description":"Viegls un kompakts 28 mm \u016bdens filtrs ar Plug-N-Play savienojumu, piem\u0113rots Stow, SmartWater\u2122 pudel\u0113m un HydraPak rezervu\u0101riem.","breadcrumb":{"@id":"https:\/\/gohike.lv\/ru\/produkts\/hydrapak-28-mm-udens-filtrs\/#breadcrumb"},"inLanguage":"ru-RU","potentialAction":[{"@type":"ReadAction","target":["https:\/\/gohike.lv\/ru\/produkts\/hydrapak-28-mm-udens-filtrs\/"]}]},{"@type":"ImageObject","inLanguage":"ru-RU","@id":"https:\/\/gohike.lv\/ru\/produkts\/hydrapak-28-mm-udens-filtrs\/#primaryimage","url":"https:\/\/gohike.lv\/wp-content\/uploads\/2025\/08\/48mm_.webp","contentUrl":"https:\/\/gohike.lv\/wp-content\/uploads\/2025\/08\/48mm_.webp","width":500,"height":500},{"@type":"BreadcrumbList","@id":"https:\/\/gohike.lv\/ru\/produkts\/hydrapak-28-mm-udens-filtrs\/#breadcrumb","itemListElement":[{"@type":"ListItem","position":1,"name":"\u0413\u043b\u0430\u0432\u043d\u0430\u044f","item":"https:\/\/gohike.lv\/ru\/"},{"@type":"ListItem","position":2,"name":"\u041a\u0430\u0442\u0435\u0433\u043e\u0440\u0438\u0438 \u0442\u043e\u0432\u0430\u0440\u043e\u0432","item":"https:\/\/gohike.lv\/%d0%ba%d0%b0%d1%82%d0%b5%d0%b3%d0%be%d1%80%d0%b8%d0%b8-%d1%82%d0%be%d0%b2%d0%b0%d1%80%d0%be%d0%b2\/"},{"@type":"ListItem","position":3,"name":"HydraPak &#8211; 28 mm \u016bdens filtrs"}]},{"@type":"WebSite","@id":"https:\/\/gohike.lv\/ru\/#website","url":"https:\/\/gohike.lv\/ru\/","name":"GoHike","description":"","publisher":{"@id":"https:\/\/gohike.lv\/ru\/#organization"},"potentialAction":[{"@type":"SearchAction","target":{"@type":"EntryPoint","urlTemplate":"https:\/\/gohike.lv\/ru\/?s={search_term_string}"},"query-input":{"@type":"PropertyValueSpecification","valueRequired":true,"valueName":"search_term_string"}}],"inLanguage":"ru-RU"},{"@type":"Organization","@id":"https:\/\/gohike.lv\/ru\/#organization","name":"GoHike","url":"https:\/\/gohike.lv\/ru\/","logo":{"@type":"ImageObject","inLanguage":"ru-RU","@id":"https:\/\/gohike.lv\/ru\/#\/schema\/logo\/image\/","url":"https:\/\/gohike.lv\/wp-content\/uploads\/2023\/08\/Logo_GoHike.webp","contentUrl":"https:\/\/gohike.lv\/wp-content\/uploads\/2023\/08\/Logo_GoHike.webp","width":512,"height":512,"caption":"GoHike"},"image":{"@id":"https:\/\/gohike.lv\/ru\/#\/schema\/logo\/image\/"},"sameAs":["https:\/\/www.facebook.com\/gohike.shop\/","https:\/\/www.instagram.com\/gohike.shop\/"]}]}},"jetpack_sharing_enabled":true,"_links":{"self":[{"href":"https:\/\/gohike.lv\/ru\/wp-json\/wp\/v2\/product\/112687","targetHints":{"allow":["GET"]}}],"collection":[{"href":"https:\/\/gohike.lv\/ru\/wp-json\/wp\/v2\/product"}],"about":[{"href":"https:\/\/gohike.lv\/ru\/wp-json\/wp\/v2\/types\/product"}],"version-history":[{"count":0,"href":"https:\/\/gohike.lv\/ru\/wp-json\/wp\/v2\/product\/112687\/revisions"}],"wp:featuredmedia":[{"embeddable":true,"href":"https:\/\/gohike.lv\/ru\/wp-json\/wp\/v2\/media\/112712"}],"wp:attachment":[{"href":"https:\/\/gohike.lv\/ru\/wp-json\/wp\/v2\/media?parent=112687"}],"wp:term":[{"taxonomy":"product_brand","embeddable":true,"href":"https:\/\/gohike.lv\/ru\/wp-json\/wp\/v2\/product_brand?post=112687"},{"taxonomy":"product_cat","embeddable":true,"href":"https:\/\/gohike.lv\/ru\/wp-json\/wp\/v2\/product_cat?post=112687"},{"taxonomy":"product_tag","embeddable":true,"href":"https:\/\/gohike.lv\/ru\/wp-json\/wp\/v2\/product_tag?post=112687"}],"curies":[{"name":"wp","href":"https:\/\/api.w.org\/{rel}","templated":true}]}}