{"id":104880,"date":"2025-07-22T10:09:45","date_gmt":"2025-07-22T07:09:45","guid":{"rendered":"https:\/\/gohike.lv\/produkts\/uz-space-iron-gradient-termo-pudele-600ml\/"},"modified":"2025-12-30T17:24:19","modified_gmt":"2025-12-30T14:24:19","slug":"uz-space-iron-gradient-termo-pudele-600ml","status":"publish","type":"product","link":"https:\/\/gohike.lv\/ru\/produkts\/uz-space-iron-gradient-termo-pudele-600ml\/","title":{"rendered":"UZ Space &#8212; Iron Gradient termo pudele \u2013 600ml"},"content":{"rendered":"<p>Uzspace Iron Gradient 4203 apvieno stil\u012bgu gradient dizainu ar iztur\u012bgu konstrukciju no 316 sve\u0137u iek\u0161puses un 304 \u0101rpuses ner\u016bs\u0113jo\u0161\u0101 t\u0113rauda. Dubult\u0101 vakuuma izol\u0101cija uztur dz\u0113rienu karstu l\u012bdz 12 stund\u0101m un aukstu l\u012bdz 24 stund\u0101m. V\u0101ci\u0146\u0161 ar dro\u0161\u012bbas klip-lock sist\u0113mu nov\u0113r\u0161 iz\u0161\u013cakst\u012b\u0161anos, un rokturis \u013cauj \u0113rtu n\u0113s\u0101\u0161anu som\u0101 vai rok\u0101. Gradient apdare pie\u0161\u0137ir modernu un skaistu izskatu \u2014 lieliski piem\u0113rota gan ikdienai, gan d\u0101vanai.<br \/>\nTehniskie dati:<br \/>\nTilpums: 600\u202fml<br \/>\nMateri\u0101ls: 316\u202fSS iek\u0161puse \/ 304\u202fSS \u0101rpuse<br \/>\nSvars: ~350\u202fg<br \/>\nIzm\u0113ri: \u00d8\u202f7,5\u202f\u00d7\u202fH\u202f22,9\u202fcm<br \/>\nTemperat\u016bras saglab\u0101\u0161ana: karsts l\u012bdz 12\u202fh, auksts l\u012bdz 24\u202fh<br \/>\nV\u0101ci\u0146\u0161: klip-lock, silikona bl\u012bv\u0113jums<\/p>\n","protected":false},"excerpt":{"rendered":"<p>Vakuma izol\u0113ta ner\u016bs\u0113jo\u0161\u0101 t\u0113rauda pudele 600\u202fml ar gradient kr\u0101sojumu, cie\u0161i nosl\u0113dzamu v\u0101ci\u0146u un rokturi \u2013 saglab\u0101 siltumu l\u012bdz 12\u202fh, aukstumu l\u012bdz 24\u202fh.<\/p>\n","protected":false},"featured_media":104922,"template":"","meta":[],"product_brand":[1944],"product_cat":[1012],"product_tag":[],"class_list":{"0":"post-104880","1":"product","2":"type-product","3":"status-publish","4":"has-post-thumbnail","6":"product_brand-uz-space-lv","7":"product_cat-virtuves-piederumi","8":"pa_materiali-316-ss-iekspuse-304-ss-arpuse","9":"pa_produkta-tips-termosi-un-pudeles","10":"pa_tilpums-600ml","12":"first","13":"instock","14":"taxable","15":"shipping-taxable","16":"purchasable","17":"product-type-simple"},"raw_content":{"name":"UZ Space - Iron Gradient termo pudele \u2013 600ml","description":"Uzspace Iron Gradient 4203 apvieno stil\u012bgu gradient dizainu ar iztur\u012bgu konstrukciju no 316 sve\u0137u iek\u0161puses un 304 \u0101rpuses ner\u016bs\u0113jo\u0161\u0101 t\u0113rauda. Dubult\u0101 vakuuma izol\u0101cija uztur dz\u0113rienu karstu l\u012bdz 12 stund\u0101m un aukstu l\u012bdz 24 stund\u0101m. V\u0101ci\u0146\u0161 ar dro\u0161\u012bbas klip-lock sist\u0113mu nov\u0113r\u0161 iz\u0161\u013cakst\u012b\u0161anos, un rokturis \u013cauj \u0113rtu n\u0113s\u0101\u0161anu som\u0101 vai rok\u0101. Gradient apdare pie\u0161\u0137ir modernu un skaistu izskatu \u2014 lieliski piem\u0113rota gan ikdienai, gan d\u0101vanai.\nTehniskie dati:\nTilpums: 600\u202fml\nMateri\u0101ls: 316\u202fSS iek\u0161puse \/ 304\u202fSS \u0101rpuse\nSvars: ~350\u202fg\nIzm\u0113ri: \u00d8\u202f7,5\u202f\u00d7\u202fH\u202f22,9\u202fcm\nTemperat\u016bras saglab\u0101\u0161ana: karsts l\u012bdz 12\u202fh, auksts l\u012bdz 24\u202fh\nV\u0101ci\u0146\u0161: klip-lock, silikona bl\u012bv\u0113jums","short_description":"Vakuma izol\u0113ta ner\u016bs\u0113jo\u0161\u0101 t\u0113rauda pudele 600\u202fml ar gradient kr\u0101sojumu, cie\u0161i nosl\u0113dzamu v\u0101ci\u0146u un rokturi \u2013 saglab\u0101 siltumu l\u012bdz 12\u202fh, aukstumu l\u012bdz 24\u202fh.","status":"publish","sku":"4203","original":104880},"wpml":{"translation_type":1,"has_translations":true,"original":104880,"duplicates":[],"translations":{"lv":104880,"en":104949,"ru":null}},"supplier_id":null,"supplier_sku":"","barcode":null,"atum_controlled":true,"out_stock_date":null,"out_stock_threshold":null,"inheritable":false,"inbound_stock":0,"stock_on_hold":0,"sold_today":0,"sales_last_days":0,"reserved_stock":0,"customer_returns":0,"warehouse_damage":0,"lost_in_post":0,"other_logs":0,"out_stock_days":0,"lost_sales":0,"has_location":false,"update_date":"2025-12-30T14:30:27","atum_locations":[],"atum_stock_status":"instock","restock_status":false,"low_stock_amount":"","sales_update_date":"2025-11-13T14:08:24","calc_backorders":null,"yoast_head":"<!-- This site is optimized with the Yoast SEO plugin v27.3 - https:\/\/yoast.com\/product\/yoast-seo-wordpress\/ -->\n<title>UZ Space Iron Gradient termo pudele \u2013 600ml<\/title>\n<meta name=\"description\" content=\"Vakuma izol\u0113ta ner\u016bs\u0113jo\u0161\u0101 t\u0113rauda pudele 600\u202fml ar gradient kr\u0101sojumu, cie\u0161i nosl\u0113dzamu v\u0101ci\u0146u un rokturi \u2013 saglab\u0101 siltumu l\u012bdz 12\u202fh, aukstumu l\u012bdz 24\u202fh.\" \/>\n<meta name=\"robots\" content=\"index, follow, max-snippet:-1, max-image-preview:large, max-video-preview:-1\" \/>\n<link rel=\"canonical\" href=\"https:\/\/gohike.lv\/ru\/produkts\/uz-space-iron-gradient-termo-pudele-600ml\/\" \/>\n<meta property=\"og:locale\" content=\"ru_RU\" \/>\n<meta property=\"og:type\" content=\"article\" \/>\n<meta property=\"og:title\" content=\"UZ Space Iron Gradient termo pudele \u2013 600ml\" \/>\n<meta property=\"og:description\" content=\"Vakuma izol\u0113ta ner\u016bs\u0113jo\u0161\u0101 t\u0113rauda pudele 600\u202fml ar gradient kr\u0101sojumu, cie\u0161i nosl\u0113dzamu v\u0101ci\u0146u un rokturi \u2013 saglab\u0101 siltumu l\u012bdz 12\u202fh, aukstumu l\u012bdz 24\u202fh.\" \/>\n<meta property=\"og:url\" content=\"https:\/\/gohike.lv\/ru\/produkts\/uz-space-iron-gradient-termo-pudele-600ml\/\" \/>\n<meta property=\"og:site_name\" content=\"GoHike\" \/>\n<meta property=\"article:publisher\" content=\"https:\/\/www.facebook.com\/gohike.shop\/\" \/>\n<meta property=\"article:modified_time\" content=\"2025-12-30T14:24:19+00:00\" \/>\n<meta property=\"og:image\" content=\"https:\/\/gohike.lv\/wp-content\/uploads\/2025\/07\/4203red_.jpg\" \/>\n\t<meta property=\"og:image:width\" content=\"800\" \/>\n\t<meta property=\"og:image:height\" content=\"800\" \/>\n\t<meta property=\"og:image:type\" content=\"image\/jpeg\" \/>\n<meta name=\"twitter:card\" content=\"summary_large_image\" \/>\n<meta name=\"twitter:title\" content=\"UZ Space Iron Gradient termo pudele \u2013 600ml\" \/>\n<meta name=\"twitter:label1\" content=\"\u041f\u0440\u0438\u043c\u0435\u0440\u043d\u043e\u0435 \u0432\u0440\u0435\u043c\u044f \u0434\u043b\u044f \u0447\u0442\u0435\u043d\u0438\u044f\" \/>\n\t<meta name=\"twitter:data1\" content=\"1 \u043c\u0438\u043d\u0443\u0442\u0430\" \/>\n<script type=\"application\/ld+json\" class=\"yoast-schema-graph\">{\"@context\":\"https:\\\/\\\/schema.org\",\"@graph\":[{\"@type\":[\"WebPage\",\"ItemPage\"],\"@id\":\"https:\\\/\\\/gohike.lv\\\/ru\\\/produkts\\\/uz-space-iron-gradient-termo-pudele-600ml\\\/\",\"url\":\"https:\\\/\\\/gohike.lv\\\/ru\\\/produkts\\\/uz-space-iron-gradient-termo-pudele-600ml\\\/\",\"name\":\"UZ Space Iron Gradient termo pudele \u2013 600ml\",\"isPartOf\":{\"@id\":\"https:\\\/\\\/gohike.lv\\\/ru\\\/#website\"},\"primaryImageOfPage\":{\"@id\":\"https:\\\/\\\/gohike.lv\\\/ru\\\/produkts\\\/uz-space-iron-gradient-termo-pudele-600ml\\\/#primaryimage\"},\"image\":{\"@id\":\"https:\\\/\\\/gohike.lv\\\/ru\\\/produkts\\\/uz-space-iron-gradient-termo-pudele-600ml\\\/#primaryimage\"},\"thumbnailUrl\":\"https:\\\/\\\/gohike.lv\\\/wp-content\\\/uploads\\\/2025\\\/07\\\/4203red_.jpg\",\"datePublished\":\"2025-07-22T07:09:45+00:00\",\"dateModified\":\"2025-12-30T14:24:19+00:00\",\"description\":\"Vakuma izol\u0113ta ner\u016bs\u0113jo\u0161\u0101 t\u0113rauda pudele 600\u202fml ar gradient kr\u0101sojumu, cie\u0161i nosl\u0113dzamu v\u0101ci\u0146u un rokturi \u2013 saglab\u0101 siltumu l\u012bdz 12\u202fh, aukstumu l\u012bdz 24\u202fh.\",\"breadcrumb\":{\"@id\":\"https:\\\/\\\/gohike.lv\\\/ru\\\/produkts\\\/uz-space-iron-gradient-termo-pudele-600ml\\\/#breadcrumb\"},\"inLanguage\":\"ru-RU\",\"potentialAction\":[{\"@type\":\"ReadAction\",\"target\":[\"https:\\\/\\\/gohike.lv\\\/ru\\\/produkts\\\/uz-space-iron-gradient-termo-pudele-600ml\\\/\"]}]},{\"@type\":\"ImageObject\",\"inLanguage\":\"ru-RU\",\"@id\":\"https:\\\/\\\/gohike.lv\\\/ru\\\/produkts\\\/uz-space-iron-gradient-termo-pudele-600ml\\\/#primaryimage\",\"url\":\"https:\\\/\\\/gohike.lv\\\/wp-content\\\/uploads\\\/2025\\\/07\\\/4203red_.jpg\",\"contentUrl\":\"https:\\\/\\\/gohike.lv\\\/wp-content\\\/uploads\\\/2025\\\/07\\\/4203red_.jpg\",\"width\":800,\"height\":800},{\"@type\":\"BreadcrumbList\",\"@id\":\"https:\\\/\\\/gohike.lv\\\/ru\\\/produkts\\\/uz-space-iron-gradient-termo-pudele-600ml\\\/#breadcrumb\",\"itemListElement\":[{\"@type\":\"ListItem\",\"position\":1,\"name\":\"\u0413\u043b\u0430\u0432\u043d\u0430\u044f\",\"item\":\"https:\\\/\\\/gohike.lv\\\/ru\\\/\"},{\"@type\":\"ListItem\",\"position\":2,\"name\":\"\u041a\u0430\u0442\u0435\u0433\u043e\u0440\u0438\u0438 \u0442\u043e\u0432\u0430\u0440\u043e\u0432\",\"item\":\"https:\\\/\\\/gohike.lv\\\/%d0%ba%d0%b0%d1%82%d0%b5%d0%b3%d0%be%d1%80%d0%b8%d0%b8-%d1%82%d0%be%d0%b2%d0%b0%d1%80%d0%be%d0%b2\\\/\"},{\"@type\":\"ListItem\",\"position\":3,\"name\":\"UZ Space &#8211; Iron Gradient termo pudele \u2013 600ml\"}]},{\"@type\":\"WebSite\",\"@id\":\"https:\\\/\\\/gohike.lv\\\/ru\\\/#website\",\"url\":\"https:\\\/\\\/gohike.lv\\\/ru\\\/\",\"name\":\"GoHike\",\"description\":\"\",\"publisher\":{\"@id\":\"https:\\\/\\\/gohike.lv\\\/ru\\\/#organization\"},\"potentialAction\":[{\"@type\":\"SearchAction\",\"target\":{\"@type\":\"EntryPoint\",\"urlTemplate\":\"https:\\\/\\\/gohike.lv\\\/ru\\\/?s={search_term_string}\"},\"query-input\":{\"@type\":\"PropertyValueSpecification\",\"valueRequired\":true,\"valueName\":\"search_term_string\"}}],\"inLanguage\":\"ru-RU\"},{\"@type\":\"Organization\",\"@id\":\"https:\\\/\\\/gohike.lv\\\/ru\\\/#organization\",\"name\":\"GoHike\",\"url\":\"https:\\\/\\\/gohike.lv\\\/ru\\\/\",\"logo\":{\"@type\":\"ImageObject\",\"inLanguage\":\"ru-RU\",\"@id\":\"https:\\\/\\\/gohike.lv\\\/ru\\\/#\\\/schema\\\/logo\\\/image\\\/\",\"url\":\"https:\\\/\\\/gohike.lv\\\/wp-content\\\/uploads\\\/2023\\\/08\\\/Logo_GoHike.webp\",\"contentUrl\":\"https:\\\/\\\/gohike.lv\\\/wp-content\\\/uploads\\\/2023\\\/08\\\/Logo_GoHike.webp\",\"width\":512,\"height\":512,\"caption\":\"GoHike\"},\"image\":{\"@id\":\"https:\\\/\\\/gohike.lv\\\/ru\\\/#\\\/schema\\\/logo\\\/image\\\/\"},\"sameAs\":[\"https:\\\/\\\/www.facebook.com\\\/gohike.shop\\\/\",\"https:\\\/\\\/www.instagram.com\\\/gohike.shop\\\/\"]}]}<\/script>\n<!-- \/ Yoast SEO plugin. -->","yoast_head_json":{"title":"UZ Space Iron Gradient termo pudele \u2013 600ml","description":"Vakuma izol\u0113ta ner\u016bs\u0113jo\u0161\u0101 t\u0113rauda pudele 600\u202fml ar gradient kr\u0101sojumu, cie\u0161i nosl\u0113dzamu v\u0101ci\u0146u un rokturi \u2013 saglab\u0101 siltumu l\u012bdz 12\u202fh, aukstumu l\u012bdz 24\u202fh.","robots":{"index":"index","follow":"follow","max-snippet":"max-snippet:-1","max-image-preview":"max-image-preview:large","max-video-preview":"max-video-preview:-1"},"canonical":"https:\/\/gohike.lv\/ru\/produkts\/uz-space-iron-gradient-termo-pudele-600ml\/","og_locale":"ru_RU","og_type":"article","og_title":"UZ Space Iron Gradient termo pudele \u2013 600ml","og_description":"Vakuma izol\u0113ta ner\u016bs\u0113jo\u0161\u0101 t\u0113rauda pudele 600\u202fml ar gradient kr\u0101sojumu, cie\u0161i nosl\u0113dzamu v\u0101ci\u0146u un rokturi \u2013 saglab\u0101 siltumu l\u012bdz 12\u202fh, aukstumu l\u012bdz 24\u202fh.","og_url":"https:\/\/gohike.lv\/ru\/produkts\/uz-space-iron-gradient-termo-pudele-600ml\/","og_site_name":"GoHike","article_publisher":"https:\/\/www.facebook.com\/gohike.shop\/","article_modified_time":"2025-12-30T14:24:19+00:00","og_image":[{"width":800,"height":800,"url":"https:\/\/gohike.lv\/wp-content\/uploads\/2025\/07\/4203red_.jpg","type":"image\/jpeg"}],"twitter_card":"summary_large_image","twitter_title":"UZ Space Iron Gradient termo pudele \u2013 600ml","twitter_misc":{"\u041f\u0440\u0438\u043c\u0435\u0440\u043d\u043e\u0435 \u0432\u0440\u0435\u043c\u044f \u0434\u043b\u044f \u0447\u0442\u0435\u043d\u0438\u044f":"1 \u043c\u0438\u043d\u0443\u0442\u0430"},"schema":{"@context":"https:\/\/schema.org","@graph":[{"@type":["WebPage","ItemPage"],"@id":"https:\/\/gohike.lv\/ru\/produkts\/uz-space-iron-gradient-termo-pudele-600ml\/","url":"https:\/\/gohike.lv\/ru\/produkts\/uz-space-iron-gradient-termo-pudele-600ml\/","name":"UZ Space Iron Gradient termo pudele \u2013 600ml","isPartOf":{"@id":"https:\/\/gohike.lv\/ru\/#website"},"primaryImageOfPage":{"@id":"https:\/\/gohike.lv\/ru\/produkts\/uz-space-iron-gradient-termo-pudele-600ml\/#primaryimage"},"image":{"@id":"https:\/\/gohike.lv\/ru\/produkts\/uz-space-iron-gradient-termo-pudele-600ml\/#primaryimage"},"thumbnailUrl":"https:\/\/gohike.lv\/wp-content\/uploads\/2025\/07\/4203red_.jpg","datePublished":"2025-07-22T07:09:45+00:00","dateModified":"2025-12-30T14:24:19+00:00","description":"Vakuma izol\u0113ta ner\u016bs\u0113jo\u0161\u0101 t\u0113rauda pudele 600\u202fml ar gradient kr\u0101sojumu, cie\u0161i nosl\u0113dzamu v\u0101ci\u0146u un rokturi \u2013 saglab\u0101 siltumu l\u012bdz 12\u202fh, aukstumu l\u012bdz 24\u202fh.","breadcrumb":{"@id":"https:\/\/gohike.lv\/ru\/produkts\/uz-space-iron-gradient-termo-pudele-600ml\/#breadcrumb"},"inLanguage":"ru-RU","potentialAction":[{"@type":"ReadAction","target":["https:\/\/gohike.lv\/ru\/produkts\/uz-space-iron-gradient-termo-pudele-600ml\/"]}]},{"@type":"ImageObject","inLanguage":"ru-RU","@id":"https:\/\/gohike.lv\/ru\/produkts\/uz-space-iron-gradient-termo-pudele-600ml\/#primaryimage","url":"https:\/\/gohike.lv\/wp-content\/uploads\/2025\/07\/4203red_.jpg","contentUrl":"https:\/\/gohike.lv\/wp-content\/uploads\/2025\/07\/4203red_.jpg","width":800,"height":800},{"@type":"BreadcrumbList","@id":"https:\/\/gohike.lv\/ru\/produkts\/uz-space-iron-gradient-termo-pudele-600ml\/#breadcrumb","itemListElement":[{"@type":"ListItem","position":1,"name":"\u0413\u043b\u0430\u0432\u043d\u0430\u044f","item":"https:\/\/gohike.lv\/ru\/"},{"@type":"ListItem","position":2,"name":"\u041a\u0430\u0442\u0435\u0433\u043e\u0440\u0438\u0438 \u0442\u043e\u0432\u0430\u0440\u043e\u0432","item":"https:\/\/gohike.lv\/%d0%ba%d0%b0%d1%82%d0%b5%d0%b3%d0%be%d1%80%d0%b8%d0%b8-%d1%82%d0%be%d0%b2%d0%b0%d1%80%d0%be%d0%b2\/"},{"@type":"ListItem","position":3,"name":"UZ Space &#8211; Iron Gradient termo pudele \u2013 600ml"}]},{"@type":"WebSite","@id":"https:\/\/gohike.lv\/ru\/#website","url":"https:\/\/gohike.lv\/ru\/","name":"GoHike","description":"","publisher":{"@id":"https:\/\/gohike.lv\/ru\/#organization"},"potentialAction":[{"@type":"SearchAction","target":{"@type":"EntryPoint","urlTemplate":"https:\/\/gohike.lv\/ru\/?s={search_term_string}"},"query-input":{"@type":"PropertyValueSpecification","valueRequired":true,"valueName":"search_term_string"}}],"inLanguage":"ru-RU"},{"@type":"Organization","@id":"https:\/\/gohike.lv\/ru\/#organization","name":"GoHike","url":"https:\/\/gohike.lv\/ru\/","logo":{"@type":"ImageObject","inLanguage":"ru-RU","@id":"https:\/\/gohike.lv\/ru\/#\/schema\/logo\/image\/","url":"https:\/\/gohike.lv\/wp-content\/uploads\/2023\/08\/Logo_GoHike.webp","contentUrl":"https:\/\/gohike.lv\/wp-content\/uploads\/2023\/08\/Logo_GoHike.webp","width":512,"height":512,"caption":"GoHike"},"image":{"@id":"https:\/\/gohike.lv\/ru\/#\/schema\/logo\/image\/"},"sameAs":["https:\/\/www.facebook.com\/gohike.shop\/","https:\/\/www.instagram.com\/gohike.shop\/"]}]}},"jetpack_sharing_enabled":true,"_links":{"self":[{"href":"https:\/\/gohike.lv\/ru\/wp-json\/wp\/v2\/product\/104880","targetHints":{"allow":["GET"]}}],"collection":[{"href":"https:\/\/gohike.lv\/ru\/wp-json\/wp\/v2\/product"}],"about":[{"href":"https:\/\/gohike.lv\/ru\/wp-json\/wp\/v2\/types\/product"}],"version-history":[{"count":0,"href":"https:\/\/gohike.lv\/ru\/wp-json\/wp\/v2\/product\/104880\/revisions"}],"wp:featuredmedia":[{"embeddable":true,"href":"https:\/\/gohike.lv\/ru\/wp-json\/wp\/v2\/media\/104922"}],"wp:attachment":[{"href":"https:\/\/gohike.lv\/ru\/wp-json\/wp\/v2\/media?parent=104880"}],"wp:term":[{"taxonomy":"product_brand","embeddable":true,"href":"https:\/\/gohike.lv\/ru\/wp-json\/wp\/v2\/product_brand?post=104880"},{"taxonomy":"product_cat","embeddable":true,"href":"https:\/\/gohike.lv\/ru\/wp-json\/wp\/v2\/product_cat?post=104880"},{"taxonomy":"product_tag","embeddable":true,"href":"https:\/\/gohike.lv\/ru\/wp-json\/wp\/v2\/product_tag?post=104880"}],"curies":[{"name":"wp","href":"https:\/\/api.w.org\/{rel}","templated":true}]}}