{"id":104878,"date":"2025-07-22T10:09:45","date_gmt":"2025-07-22T07:09:45","guid":{"rendered":"https:\/\/gohike.lv\/produkts\/uz-space-tritan-udens-pudele-berniem-700ml\/"},"modified":"2026-01-04T07:19:04","modified_gmt":"2026-01-04T04:19:04","slug":"uz-space-tritan-udens-pudele-berniem-700ml","status":"publish","type":"product","link":"https:\/\/gohike.lv\/ru\/produkts\/uz-space-tritan-udens-pudele-berniem-700ml\/","title":{"rendered":"UZ Space &#8212; Tritan \u016bdens pudele b\u0113rniem \u2013 700ml"},"content":{"rendered":"<p>\u0160\u012b 700\u202fml pudele izgatavota no augstv\u0113rt\u012bgas Tritan plastmasas (100\u202f% bez BPA), kas neziedina plastmasas gar\u0161u. Apr\u012bkota ar flip\u2011v\u0101ci\u0146u, kas cie\u0161i aizveras, un no\u0146emamu silikona siksni\u0146u \u0113rtai n\u0113s\u0101\u0161anai. Pipete ar ventil\u0101cijas v\u0101rstu nodro\u0161ina vieglu un gludu dzer\u0161anas pieredzi. Ergonomiska forma un silikona josla \u013cauj \u0113rti satvert pat lietot v\u0113jain\u0101 vai slapj\u0101 laik\u0101. Viegli t\u012br\u0101ma ar rok\u0101m \u2013 ide\u0101li uztur\u0113\u0161anai un lieto\u0161anai ilgtermi\u0146\u0101.<br \/>\nTehniskie parametri:<br \/>\nTilpums: 700\u202fml<br \/>\nMateri\u0101ls: Tritan plastmasa, BPA\u202f\u2011br\u012bva<br \/>\nPipete ar ventil\u0101cijas v\u0101rstu<br \/>\nV\u0101ci\u0146\u0161: flip\u2011tip herm\u0113tisks<br \/>\nSiksni\u0146a: silikons, no\u0146emama<br \/>\nSvars: ap 200\u2013220\u202fg (l\u012bdz\u012bgi k\u0101 650\u202fml modelim)<br \/>\nTemperat\u016bras diapazons: \u201310\u202f\u00b0C l\u012bdz +90\u202f\u00b0C<br \/>\nKr\u0101sa: motiv\u0113jo\u0161s dizains ar laika mar\u0137ieriem (Elyphine motiv\u0101cijas motiv\u0101cija)<\/p>\n","protected":false},"excerpt":{"rendered":"<p>Liela (700\u202fml) ergonomiska Tritan pudele ar pipeti, herm\u0113tisku flip\u2011v\u0101ci\u0146u un \u0113rti p\u0101rvad\u0101mu siksni\u0146u \u2013 ide\u0101li piem\u0113rota sportam, fitnesam, skolas vai biroja lieto\u0161anai.<\/p>\n","protected":false},"featured_media":104918,"template":"","meta":[],"product_brand":[1944],"product_cat":[9459,1012],"product_tag":[],"class_list":{"0":"post-104878","1":"product","2":"type-product","3":"status-publish","4":"has-post-thumbnail","6":"product_brand-uz-space-lv","7":"product_cat-berniem","8":"product_cat-virtuves-piederumi","9":"pa_materiali-bpabriva","10":"pa_materiali-tritan-plastmasa","11":"pa_materiali-tritan-plastmasa-bpabriva","12":"pa_materiali-tritan-plastmasa-bpa-briva","13":"pa_produkta-tips-termosi-un-pudeles","14":"pa_tilpums-700ml","16":"first","17":"instock","18":"taxable","19":"shipping-taxable","20":"purchasable","21":"product-type-simple"},"raw_content":{"name":"UZ Space - Tritan \u016bdens pudele b\u0113rniem \u2013 700ml","description":"\u0160\u012b 700\u202fml pudele izgatavota no augstv\u0113rt\u012bgas Tritan plastmasas (100\u202f% bez BPA), kas neziedina plastmasas gar\u0161u. Apr\u012bkota ar flip\u2011v\u0101ci\u0146u, kas cie\u0161i aizveras, un no\u0146emamu silikona siksni\u0146u \u0113rtai n\u0113s\u0101\u0161anai. Pipete ar ventil\u0101cijas v\u0101rstu nodro\u0161ina vieglu un gludu dzer\u0161anas pieredzi. Ergonomiska forma un silikona josla \u013cauj \u0113rti satvert pat lietot v\u0113jain\u0101 vai slapj\u0101 laik\u0101. Viegli t\u012br\u0101ma ar rok\u0101m \u2013 ide\u0101li uztur\u0113\u0161anai un lieto\u0161anai ilgtermi\u0146\u0101.\nTehniskie parametri:\nTilpums: 700\u202fml\nMateri\u0101ls: Tritan plastmasa, BPA\u202f\u2011br\u012bva\nPipete ar ventil\u0101cijas v\u0101rstu\nV\u0101ci\u0146\u0161: flip\u2011tip herm\u0113tisks\nSiksni\u0146a: silikons, no\u0146emama\nSvars: ap 200\u2013220\u202fg (l\u012bdz\u012bgi k\u0101 650\u202fml modelim)\nTemperat\u016bras diapazons: \u201310\u202f\u00b0C l\u012bdz +90\u202f\u00b0C\nKr\u0101sa: motiv\u0113jo\u0161s dizains ar laika mar\u0137ieriem (Elyphine motiv\u0101cijas motiv\u0101cija)","short_description":"Liela (700\u202fml) ergonomiska Tritan pudele ar pipeti, herm\u0113tisku flip\u2011v\u0101ci\u0146u un \u0113rti p\u0101rvad\u0101mu siksni\u0146u \u2013 ide\u0101li piem\u0113rota sportam, fitnesam, skolas vai biroja lieto\u0161anai.","status":"publish","sku":"2044","original":104878},"wpml":{"translation_type":1,"has_translations":true,"original":104878,"duplicates":[],"translations":{"lv":104878,"en":104946,"ru":null}},"supplier_id":null,"supplier_sku":"","barcode":null,"atum_controlled":true,"out_stock_date":null,"out_stock_threshold":null,"inheritable":false,"inbound_stock":0,"stock_on_hold":0,"sold_today":0,"sales_last_days":0,"reserved_stock":0,"customer_returns":0,"warehouse_damage":0,"lost_in_post":0,"other_logs":0,"out_stock_days":0,"lost_sales":0,"has_location":false,"update_date":"2026-01-04T04:19:06","atum_locations":[],"atum_stock_status":"instock","restock_status":false,"low_stock_amount":"","sales_update_date":"2025-11-13T14:08:24","calc_backorders":null,"yoast_head":"<!-- This site is optimized with the Yoast SEO plugin v27.3 - https:\/\/yoast.com\/product\/yoast-seo-wordpress\/ -->\n<title>UZ Space Tritan \u016bdens pudele b\u0113rniem \u2013 700ml<\/title>\n<meta name=\"description\" content=\"Liela (700\u202fml) ergonomiska Tritan pudele ar pipeti, herm\u0113tisku flip\u2011v\u0101ci\u0146u un \u0113rti p\u0101rvad\u0101mu siksni\u0146u \u2013 ide\u0101li piem\u0113rota sportam, fitnesam, skolas vai biroja lieto\u0161anai.\" \/>\n<meta name=\"robots\" content=\"index, follow, max-snippet:-1, max-image-preview:large, max-video-preview:-1\" \/>\n<link rel=\"canonical\" href=\"https:\/\/gohike.lv\/ru\/produkts\/uz-space-tritan-udens-pudele-berniem-700ml\/\" \/>\n<meta property=\"og:locale\" content=\"ru_RU\" \/>\n<meta property=\"og:type\" content=\"article\" \/>\n<meta property=\"og:title\" content=\"UZ Space Tritan \u016bdens pudele b\u0113rniem \u2013 700ml\" \/>\n<meta property=\"og:description\" content=\"Liela (700\u202fml) ergonomiska Tritan pudele ar pipeti, herm\u0113tisku flip\u2011v\u0101ci\u0146u un \u0113rti p\u0101rvad\u0101mu siksni\u0146u \u2013 ide\u0101li piem\u0113rota sportam, fitnesam, skolas vai biroja lieto\u0161anai.\" \/>\n<meta property=\"og:url\" content=\"https:\/\/gohike.lv\/ru\/produkts\/uz-space-tritan-udens-pudele-berniem-700ml\/\" \/>\n<meta property=\"og:site_name\" content=\"GoHike\" \/>\n<meta property=\"article:publisher\" content=\"https:\/\/www.facebook.com\/gohike.shop\/\" \/>\n<meta property=\"article:modified_time\" content=\"2026-01-04T04:19:04+00:00\" \/>\n<meta property=\"og:image\" content=\"https:\/\/gohike.lv\/wp-content\/uploads\/2025\/07\/2044green_.webp\" \/>\n\t<meta property=\"og:image:width\" content=\"750\" \/>\n\t<meta property=\"og:image:height\" content=\"784\" \/>\n\t<meta property=\"og:image:type\" content=\"image\/webp\" \/>\n<meta name=\"twitter:card\" content=\"summary_large_image\" \/>\n<meta name=\"twitter:title\" content=\"UZ Space Tritan \u016bdens pudele b\u0113rniem \u2013 700ml\" \/>\n<meta name=\"twitter:label1\" content=\"\u041f\u0440\u0438\u043c\u0435\u0440\u043d\u043e\u0435 \u0432\u0440\u0435\u043c\u044f \u0434\u043b\u044f \u0447\u0442\u0435\u043d\u0438\u044f\" \/>\n\t<meta name=\"twitter:data1\" content=\"1 \u043c\u0438\u043d\u0443\u0442\u0430\" \/>\n<script type=\"application\/ld+json\" class=\"yoast-schema-graph\">{\"@context\":\"https:\\\/\\\/schema.org\",\"@graph\":[{\"@type\":[\"WebPage\",\"ItemPage\"],\"@id\":\"https:\\\/\\\/gohike.lv\\\/ru\\\/produkts\\\/uz-space-tritan-udens-pudele-berniem-700ml\\\/\",\"url\":\"https:\\\/\\\/gohike.lv\\\/ru\\\/produkts\\\/uz-space-tritan-udens-pudele-berniem-700ml\\\/\",\"name\":\"UZ Space Tritan \u016bdens pudele b\u0113rniem \u2013 700ml\",\"isPartOf\":{\"@id\":\"https:\\\/\\\/gohike.lv\\\/ru\\\/#website\"},\"primaryImageOfPage\":{\"@id\":\"https:\\\/\\\/gohike.lv\\\/ru\\\/produkts\\\/uz-space-tritan-udens-pudele-berniem-700ml\\\/#primaryimage\"},\"image\":{\"@id\":\"https:\\\/\\\/gohike.lv\\\/ru\\\/produkts\\\/uz-space-tritan-udens-pudele-berniem-700ml\\\/#primaryimage\"},\"thumbnailUrl\":\"https:\\\/\\\/gohike.lv\\\/wp-content\\\/uploads\\\/2025\\\/07\\\/2044green_.webp\",\"datePublished\":\"2025-07-22T07:09:45+00:00\",\"dateModified\":\"2026-01-04T04:19:04+00:00\",\"description\":\"Liela (700\u202fml) ergonomiska Tritan pudele ar pipeti, herm\u0113tisku flip\u2011v\u0101ci\u0146u un \u0113rti p\u0101rvad\u0101mu siksni\u0146u \u2013 ide\u0101li piem\u0113rota sportam, fitnesam, skolas vai biroja lieto\u0161anai.\",\"breadcrumb\":{\"@id\":\"https:\\\/\\\/gohike.lv\\\/ru\\\/produkts\\\/uz-space-tritan-udens-pudele-berniem-700ml\\\/#breadcrumb\"},\"inLanguage\":\"ru-RU\",\"potentialAction\":[{\"@type\":\"ReadAction\",\"target\":[\"https:\\\/\\\/gohike.lv\\\/ru\\\/produkts\\\/uz-space-tritan-udens-pudele-berniem-700ml\\\/\"]}]},{\"@type\":\"ImageObject\",\"inLanguage\":\"ru-RU\",\"@id\":\"https:\\\/\\\/gohike.lv\\\/ru\\\/produkts\\\/uz-space-tritan-udens-pudele-berniem-700ml\\\/#primaryimage\",\"url\":\"https:\\\/\\\/gohike.lv\\\/wp-content\\\/uploads\\\/2025\\\/07\\\/2044green_.webp\",\"contentUrl\":\"https:\\\/\\\/gohike.lv\\\/wp-content\\\/uploads\\\/2025\\\/07\\\/2044green_.webp\",\"width\":750,\"height\":784},{\"@type\":\"BreadcrumbList\",\"@id\":\"https:\\\/\\\/gohike.lv\\\/ru\\\/produkts\\\/uz-space-tritan-udens-pudele-berniem-700ml\\\/#breadcrumb\",\"itemListElement\":[{\"@type\":\"ListItem\",\"position\":1,\"name\":\"\u0413\u043b\u0430\u0432\u043d\u0430\u044f\",\"item\":\"https:\\\/\\\/gohike.lv\\\/ru\\\/\"},{\"@type\":\"ListItem\",\"position\":2,\"name\":\"\u041a\u0430\u0442\u0435\u0433\u043e\u0440\u0438\u0438 \u0442\u043e\u0432\u0430\u0440\u043e\u0432\",\"item\":\"https:\\\/\\\/gohike.lv\\\/%d0%ba%d0%b0%d1%82%d0%b5%d0%b3%d0%be%d1%80%d0%b8%d0%b8-%d1%82%d0%be%d0%b2%d0%b0%d1%80%d0%be%d0%b2\\\/\"},{\"@type\":\"ListItem\",\"position\":3,\"name\":\"UZ Space &#8211; Tritan \u016bdens pudele b\u0113rniem \u2013 700ml\"}]},{\"@type\":\"WebSite\",\"@id\":\"https:\\\/\\\/gohike.lv\\\/ru\\\/#website\",\"url\":\"https:\\\/\\\/gohike.lv\\\/ru\\\/\",\"name\":\"GoHike\",\"description\":\"\",\"publisher\":{\"@id\":\"https:\\\/\\\/gohike.lv\\\/ru\\\/#organization\"},\"potentialAction\":[{\"@type\":\"SearchAction\",\"target\":{\"@type\":\"EntryPoint\",\"urlTemplate\":\"https:\\\/\\\/gohike.lv\\\/ru\\\/?s={search_term_string}\"},\"query-input\":{\"@type\":\"PropertyValueSpecification\",\"valueRequired\":true,\"valueName\":\"search_term_string\"}}],\"inLanguage\":\"ru-RU\"},{\"@type\":\"Organization\",\"@id\":\"https:\\\/\\\/gohike.lv\\\/ru\\\/#organization\",\"name\":\"GoHike\",\"url\":\"https:\\\/\\\/gohike.lv\\\/ru\\\/\",\"logo\":{\"@type\":\"ImageObject\",\"inLanguage\":\"ru-RU\",\"@id\":\"https:\\\/\\\/gohike.lv\\\/ru\\\/#\\\/schema\\\/logo\\\/image\\\/\",\"url\":\"https:\\\/\\\/gohike.lv\\\/wp-content\\\/uploads\\\/2023\\\/08\\\/Logo_GoHike.webp\",\"contentUrl\":\"https:\\\/\\\/gohike.lv\\\/wp-content\\\/uploads\\\/2023\\\/08\\\/Logo_GoHike.webp\",\"width\":512,\"height\":512,\"caption\":\"GoHike\"},\"image\":{\"@id\":\"https:\\\/\\\/gohike.lv\\\/ru\\\/#\\\/schema\\\/logo\\\/image\\\/\"},\"sameAs\":[\"https:\\\/\\\/www.facebook.com\\\/gohike.shop\\\/\",\"https:\\\/\\\/www.instagram.com\\\/gohike.shop\\\/\"]}]}<\/script>\n<!-- \/ Yoast SEO plugin. -->","yoast_head_json":{"title":"UZ Space Tritan \u016bdens pudele b\u0113rniem \u2013 700ml","description":"Liela (700\u202fml) ergonomiska Tritan pudele ar pipeti, herm\u0113tisku flip\u2011v\u0101ci\u0146u un \u0113rti p\u0101rvad\u0101mu siksni\u0146u \u2013 ide\u0101li piem\u0113rota sportam, fitnesam, skolas vai biroja lieto\u0161anai.","robots":{"index":"index","follow":"follow","max-snippet":"max-snippet:-1","max-image-preview":"max-image-preview:large","max-video-preview":"max-video-preview:-1"},"canonical":"https:\/\/gohike.lv\/ru\/produkts\/uz-space-tritan-udens-pudele-berniem-700ml\/","og_locale":"ru_RU","og_type":"article","og_title":"UZ Space Tritan \u016bdens pudele b\u0113rniem \u2013 700ml","og_description":"Liela (700\u202fml) ergonomiska Tritan pudele ar pipeti, herm\u0113tisku flip\u2011v\u0101ci\u0146u un \u0113rti p\u0101rvad\u0101mu siksni\u0146u \u2013 ide\u0101li piem\u0113rota sportam, fitnesam, skolas vai biroja lieto\u0161anai.","og_url":"https:\/\/gohike.lv\/ru\/produkts\/uz-space-tritan-udens-pudele-berniem-700ml\/","og_site_name":"GoHike","article_publisher":"https:\/\/www.facebook.com\/gohike.shop\/","article_modified_time":"2026-01-04T04:19:04+00:00","og_image":[{"width":750,"height":784,"url":"https:\/\/gohike.lv\/wp-content\/uploads\/2025\/07\/2044green_.webp","type":"image\/webp"}],"twitter_card":"summary_large_image","twitter_title":"UZ Space Tritan \u016bdens pudele b\u0113rniem \u2013 700ml","twitter_misc":{"\u041f\u0440\u0438\u043c\u0435\u0440\u043d\u043e\u0435 \u0432\u0440\u0435\u043c\u044f \u0434\u043b\u044f \u0447\u0442\u0435\u043d\u0438\u044f":"1 \u043c\u0438\u043d\u0443\u0442\u0430"},"schema":{"@context":"https:\/\/schema.org","@graph":[{"@type":["WebPage","ItemPage"],"@id":"https:\/\/gohike.lv\/ru\/produkts\/uz-space-tritan-udens-pudele-berniem-700ml\/","url":"https:\/\/gohike.lv\/ru\/produkts\/uz-space-tritan-udens-pudele-berniem-700ml\/","name":"UZ Space Tritan \u016bdens pudele b\u0113rniem \u2013 700ml","isPartOf":{"@id":"https:\/\/gohike.lv\/ru\/#website"},"primaryImageOfPage":{"@id":"https:\/\/gohike.lv\/ru\/produkts\/uz-space-tritan-udens-pudele-berniem-700ml\/#primaryimage"},"image":{"@id":"https:\/\/gohike.lv\/ru\/produkts\/uz-space-tritan-udens-pudele-berniem-700ml\/#primaryimage"},"thumbnailUrl":"https:\/\/gohike.lv\/wp-content\/uploads\/2025\/07\/2044green_.webp","datePublished":"2025-07-22T07:09:45+00:00","dateModified":"2026-01-04T04:19:04+00:00","description":"Liela (700\u202fml) ergonomiska Tritan pudele ar pipeti, herm\u0113tisku flip\u2011v\u0101ci\u0146u un \u0113rti p\u0101rvad\u0101mu siksni\u0146u \u2013 ide\u0101li piem\u0113rota sportam, fitnesam, skolas vai biroja lieto\u0161anai.","breadcrumb":{"@id":"https:\/\/gohike.lv\/ru\/produkts\/uz-space-tritan-udens-pudele-berniem-700ml\/#breadcrumb"},"inLanguage":"ru-RU","potentialAction":[{"@type":"ReadAction","target":["https:\/\/gohike.lv\/ru\/produkts\/uz-space-tritan-udens-pudele-berniem-700ml\/"]}]},{"@type":"ImageObject","inLanguage":"ru-RU","@id":"https:\/\/gohike.lv\/ru\/produkts\/uz-space-tritan-udens-pudele-berniem-700ml\/#primaryimage","url":"https:\/\/gohike.lv\/wp-content\/uploads\/2025\/07\/2044green_.webp","contentUrl":"https:\/\/gohike.lv\/wp-content\/uploads\/2025\/07\/2044green_.webp","width":750,"height":784},{"@type":"BreadcrumbList","@id":"https:\/\/gohike.lv\/ru\/produkts\/uz-space-tritan-udens-pudele-berniem-700ml\/#breadcrumb","itemListElement":[{"@type":"ListItem","position":1,"name":"\u0413\u043b\u0430\u0432\u043d\u0430\u044f","item":"https:\/\/gohike.lv\/ru\/"},{"@type":"ListItem","position":2,"name":"\u041a\u0430\u0442\u0435\u0433\u043e\u0440\u0438\u0438 \u0442\u043e\u0432\u0430\u0440\u043e\u0432","item":"https:\/\/gohike.lv\/%d0%ba%d0%b0%d1%82%d0%b5%d0%b3%d0%be%d1%80%d0%b8%d0%b8-%d1%82%d0%be%d0%b2%d0%b0%d1%80%d0%be%d0%b2\/"},{"@type":"ListItem","position":3,"name":"UZ Space &#8211; Tritan \u016bdens pudele b\u0113rniem \u2013 700ml"}]},{"@type":"WebSite","@id":"https:\/\/gohike.lv\/ru\/#website","url":"https:\/\/gohike.lv\/ru\/","name":"GoHike","description":"","publisher":{"@id":"https:\/\/gohike.lv\/ru\/#organization"},"potentialAction":[{"@type":"SearchAction","target":{"@type":"EntryPoint","urlTemplate":"https:\/\/gohike.lv\/ru\/?s={search_term_string}"},"query-input":{"@type":"PropertyValueSpecification","valueRequired":true,"valueName":"search_term_string"}}],"inLanguage":"ru-RU"},{"@type":"Organization","@id":"https:\/\/gohike.lv\/ru\/#organization","name":"GoHike","url":"https:\/\/gohike.lv\/ru\/","logo":{"@type":"ImageObject","inLanguage":"ru-RU","@id":"https:\/\/gohike.lv\/ru\/#\/schema\/logo\/image\/","url":"https:\/\/gohike.lv\/wp-content\/uploads\/2023\/08\/Logo_GoHike.webp","contentUrl":"https:\/\/gohike.lv\/wp-content\/uploads\/2023\/08\/Logo_GoHike.webp","width":512,"height":512,"caption":"GoHike"},"image":{"@id":"https:\/\/gohike.lv\/ru\/#\/schema\/logo\/image\/"},"sameAs":["https:\/\/www.facebook.com\/gohike.shop\/","https:\/\/www.instagram.com\/gohike.shop\/"]}]}},"jetpack_sharing_enabled":true,"_links":{"self":[{"href":"https:\/\/gohike.lv\/ru\/wp-json\/wp\/v2\/product\/104878","targetHints":{"allow":["GET"]}}],"collection":[{"href":"https:\/\/gohike.lv\/ru\/wp-json\/wp\/v2\/product"}],"about":[{"href":"https:\/\/gohike.lv\/ru\/wp-json\/wp\/v2\/types\/product"}],"version-history":[{"count":0,"href":"https:\/\/gohike.lv\/ru\/wp-json\/wp\/v2\/product\/104878\/revisions"}],"wp:featuredmedia":[{"embeddable":true,"href":"https:\/\/gohike.lv\/ru\/wp-json\/wp\/v2\/media\/104918"}],"wp:attachment":[{"href":"https:\/\/gohike.lv\/ru\/wp-json\/wp\/v2\/media?parent=104878"}],"wp:term":[{"taxonomy":"product_brand","embeddable":true,"href":"https:\/\/gohike.lv\/ru\/wp-json\/wp\/v2\/product_brand?post=104878"},{"taxonomy":"product_cat","embeddable":true,"href":"https:\/\/gohike.lv\/ru\/wp-json\/wp\/v2\/product_cat?post=104878"},{"taxonomy":"product_tag","embeddable":true,"href":"https:\/\/gohike.lv\/ru\/wp-json\/wp\/v2\/product_tag?post=104878"}],"curies":[{"name":"wp","href":"https:\/\/api.w.org\/{rel}","templated":true}]}}