{"id":104876,"date":"2025-07-22T10:09:45","date_gmt":"2025-07-22T07:09:45","guid":{"rendered":"https:\/\/gohike.lv\/produkts\/uz-space-termo-pudele-berniem-360-ml\/"},"modified":"2026-04-02T23:56:45","modified_gmt":"2026-04-02T20:56:45","slug":"uz-space-termo-pudele-berniem-360-ml","status":"publish","type":"product","link":"https:\/\/gohike.lv\/ru\/produkts\/uz-space-termo-pudele-berniem-360-ml\/","title":{"rendered":"UZ Space &#8212; Termo pudele b\u0113rniem \u2013 360\u202fml"},"content":{"rendered":"<p>\u0160\u012b 360\u202fml termo pudele b\u0113rniem izgatavota no augstas kvalit\u0101tes 316 ner\u016bs\u0113jo\u0161\u0101 t\u0113rauda, kas nodro\u0161ina gan iztur\u012bbu, gan ilgsto\u0161u gar\u0161as svaigumu. Dubult\u0101 sienu konstrukcija uztur dz\u0113rienu karstu l\u012bdz 6\u202fh un aukstu l\u012bdz 12\u202fh\u202f. Ergonomiska, viegli atverama klip\u2011v\u0101ci\u0146a ar silikona bl\u012bv\u0113jumu nodro\u0161ina herm\u0113tiskumu un aizsardz\u012bbu pret nopl\u016bd\u0113m\u202f. Pudelei ir \u0113rts silikona rokturis un reflekt\u0113jo\u0161s p\u0101rkl\u0101jums \u2014 dro\u0161ai lieto\u0161anai un vieglai atpaz\u012b\u0161anai.<br \/>\nTehniskie parametri:<br \/>\nTilpums: 360\u202fml<br \/>\nMateri\u0101ls: 316 ner\u016bs\u0113jo\u0161ais t\u0113rauds, \u0101r\u0113jais apvalks plastmasa + rokturis<br \/>\nSvars: ~250\u202fg (proporcionalit\u0101te no 580\u202fml pudeles \u2013 310\u202fg)\u202f<br \/>\nTemperat\u016bras iztur\u012bba: karsts l\u012bdz 6\u202fh \/ auksts l\u012bdz 12\u202fh\u202f<br \/>\nKlip\u2011v\u0101ci\u0146\u0161 ar dro\u0161\u012bbas sl\u0113dzi un silikona bl\u012bv\u0113jumu<\/p>\n","protected":false},"excerpt":{"rendered":"<p>Vakuma izol\u0113ta ner\u016bs\u0113jo\u0161\u0101 t\u0113rauda pudele (316\u202fSS) \u2013 360\u202fml, ar dro\u0161u klip\u2011v\u0101ci\u0146u, silikona rokturi un siltuma notur\u012bbu l\u012bdz 12\u202fstund\u0101m.<\/p>\n","protected":false},"featured_media":104914,"template":"","meta":[],"product_brand":[1944],"product_cat":[9459,1012],"product_tag":[],"class_list":{"0":"post-104876","1":"product","2":"type-product","3":"status-publish","4":"has-post-thumbnail","6":"product_brand-uz-space-lv","7":"product_cat-berniem","8":"product_cat-virtuves-piederumi","9":"pa_materiali-316-nerusejosais-terauds","10":"pa_materiali-316-nerusejosais-terauds-arejais-apvalks-plastmasa-rokturis","11":"pa_materiali-316-nerusejosais-terauds-arejais-apvalks-plastmasa-rokturis-2","12":"pa_materiali-arejais-apvalks-plastmasa-rokturis","13":"pa_produkta-tips-termosi-un-pudeles","14":"pa_tilpums-360ml","16":"first","17":"instock","18":"taxable","19":"shipping-taxable","20":"purchasable","21":"product-type-simple"},"raw_content":{"name":"UZ Space - Termo pudele b\u0113rniem \u2013 360\u202fml","description":"\u0160\u012b 360\u202fml termo pudele b\u0113rniem izgatavota no augstas kvalit\u0101tes 316 ner\u016bs\u0113jo\u0161\u0101 t\u0113rauda, kas nodro\u0161ina gan iztur\u012bbu, gan ilgsto\u0161u gar\u0161as svaigumu. Dubult\u0101 sienu konstrukcija uztur dz\u0113rienu karstu l\u012bdz 6\u202fh un aukstu l\u012bdz 12\u202fh\u202f. Ergonomiska, viegli atverama klip\u2011v\u0101ci\u0146a ar silikona bl\u012bv\u0113jumu nodro\u0161ina herm\u0113tiskumu un aizsardz\u012bbu pret nopl\u016bd\u0113m\u202f. Pudelei ir \u0113rts silikona rokturis un reflekt\u0113jo\u0161s p\u0101rkl\u0101jums \u2014 dro\u0161ai lieto\u0161anai un vieglai atpaz\u012b\u0161anai.\nTehniskie parametri:\nTilpums: 360\u202fml\nMateri\u0101ls: 316 ner\u016bs\u0113jo\u0161ais t\u0113rauds, \u0101r\u0113jais apvalks plastmasa + rokturis\nSvars: ~250\u202fg (proporcionalit\u0101te no 580\u202fml pudeles \u2013 310\u202fg)\u202f\nTemperat\u016bras iztur\u012bba: karsts l\u012bdz 6\u202fh \/ auksts l\u012bdz 12\u202fh\u202f\nKlip\u2011v\u0101ci\u0146\u0161 ar dro\u0161\u012bbas sl\u0113dzi un silikona bl\u012bv\u0113jumu","short_description":"Vakuma izol\u0113ta ner\u016bs\u0113jo\u0161\u0101 t\u0113rauda pudele (316\u202fSS) \u2013 360\u202fml, ar dro\u0161u klip\u2011v\u0101ci\u0146u, silikona rokturi un siltuma notur\u012bbu l\u012bdz 12\u202fstund\u0101m.","status":"publish","sku":"2206","original":104876},"wpml":{"translation_type":1,"has_translations":true,"original":104876,"duplicates":[],"translations":{"lv":104876,"en":104943,"ru":null}},"supplier_id":null,"supplier_sku":"","barcode":null,"atum_controlled":true,"out_stock_date":null,"out_stock_threshold":null,"inheritable":false,"inbound_stock":0,"stock_on_hold":0,"sold_today":0,"sales_last_days":0,"reserved_stock":0,"customer_returns":0,"warehouse_damage":0,"lost_in_post":0,"other_logs":0,"out_stock_days":0,"lost_sales":0,"has_location":false,"update_date":"2026-04-02T20:56:50","atum_locations":[],"atum_stock_status":"instock","restock_status":false,"low_stock_amount":"","sales_update_date":"2025-11-13T14:08:24","calc_backorders":null,"yoast_head":"<!-- This site is optimized with the Yoast SEO plugin v27.3 - https:\/\/yoast.com\/product\/yoast-seo-wordpress\/ -->\n<title>UZ Space Termo pudele b\u0113rniem \u2013 360\u202fml<\/title>\n<meta name=\"description\" content=\"Vakuma izol\u0113ta ner\u016bs\u0113jo\u0161\u0101 t\u0113rauda pudele (316\u202fSS) \u2013 360\u202fml, ar dro\u0161u klip\u2011v\u0101ci\u0146u, silikona rokturi un siltuma notur\u012bbu l\u012bdz 12\u202fstund\u0101m.\" \/>\n<meta name=\"robots\" content=\"index, follow, max-snippet:-1, max-image-preview:large, max-video-preview:-1\" \/>\n<link rel=\"canonical\" href=\"https:\/\/gohike.lv\/ru\/produkts\/uz-space-termo-pudele-berniem-360-ml\/\" \/>\n<meta property=\"og:locale\" content=\"ru_RU\" \/>\n<meta property=\"og:type\" content=\"article\" \/>\n<meta property=\"og:title\" content=\"UZ Space Termo pudele b\u0113rniem \u2013 360\u202fml\" \/>\n<meta property=\"og:description\" content=\"Vakuma izol\u0113ta ner\u016bs\u0113jo\u0161\u0101 t\u0113rauda pudele (316\u202fSS) \u2013 360\u202fml, ar dro\u0161u klip\u2011v\u0101ci\u0146u, silikona rokturi un siltuma notur\u012bbu l\u012bdz 12\u202fstund\u0101m.\" \/>\n<meta property=\"og:url\" content=\"https:\/\/gohike.lv\/ru\/produkts\/uz-space-termo-pudele-berniem-360-ml\/\" \/>\n<meta property=\"og:site_name\" content=\"GoHike\" \/>\n<meta property=\"article:publisher\" content=\"https:\/\/www.facebook.com\/gohike.shop\/\" \/>\n<meta property=\"article:modified_time\" content=\"2026-04-02T20:56:45+00:00\" \/>\n<meta property=\"og:image\" content=\"https:\/\/gohike.lv\/wp-content\/uploads\/2025\/07\/2206_.webp\" \/>\n\t<meta property=\"og:image:width\" content=\"400\" \/>\n\t<meta property=\"og:image:height\" content=\"400\" \/>\n\t<meta property=\"og:image:type\" content=\"image\/webp\" \/>\n<meta name=\"twitter:card\" content=\"summary_large_image\" \/>\n<meta name=\"twitter:title\" content=\"UZ Space Termo pudele b\u0113rniem \u2013 360\u202fml\" \/>\n<meta name=\"twitter:label1\" content=\"\u041f\u0440\u0438\u043c\u0435\u0440\u043d\u043e\u0435 \u0432\u0440\u0435\u043c\u044f \u0434\u043b\u044f \u0447\u0442\u0435\u043d\u0438\u044f\" \/>\n\t<meta name=\"twitter:data1\" content=\"1 \u043c\u0438\u043d\u0443\u0442\u0430\" \/>\n<script type=\"application\/ld+json\" class=\"yoast-schema-graph\">{\"@context\":\"https:\\\/\\\/schema.org\",\"@graph\":[{\"@type\":[\"WebPage\",\"ItemPage\"],\"@id\":\"https:\\\/\\\/gohike.lv\\\/ru\\\/produkts\\\/uz-space-termo-pudele-berniem-360-ml\\\/\",\"url\":\"https:\\\/\\\/gohike.lv\\\/ru\\\/produkts\\\/uz-space-termo-pudele-berniem-360-ml\\\/\",\"name\":\"UZ Space Termo pudele b\u0113rniem \u2013 360\u202fml\",\"isPartOf\":{\"@id\":\"https:\\\/\\\/gohike.lv\\\/ru\\\/#website\"},\"primaryImageOfPage\":{\"@id\":\"https:\\\/\\\/gohike.lv\\\/ru\\\/produkts\\\/uz-space-termo-pudele-berniem-360-ml\\\/#primaryimage\"},\"image\":{\"@id\":\"https:\\\/\\\/gohike.lv\\\/ru\\\/produkts\\\/uz-space-termo-pudele-berniem-360-ml\\\/#primaryimage\"},\"thumbnailUrl\":\"https:\\\/\\\/gohike.lv\\\/wp-content\\\/uploads\\\/2025\\\/07\\\/2206_.webp\",\"datePublished\":\"2025-07-22T07:09:45+00:00\",\"dateModified\":\"2026-04-02T20:56:45+00:00\",\"description\":\"Vakuma izol\u0113ta ner\u016bs\u0113jo\u0161\u0101 t\u0113rauda pudele (316\u202fSS) \u2013 360\u202fml, ar dro\u0161u klip\u2011v\u0101ci\u0146u, silikona rokturi un siltuma notur\u012bbu l\u012bdz 12\u202fstund\u0101m.\",\"breadcrumb\":{\"@id\":\"https:\\\/\\\/gohike.lv\\\/ru\\\/produkts\\\/uz-space-termo-pudele-berniem-360-ml\\\/#breadcrumb\"},\"inLanguage\":\"ru-RU\",\"potentialAction\":[{\"@type\":\"ReadAction\",\"target\":[\"https:\\\/\\\/gohike.lv\\\/ru\\\/produkts\\\/uz-space-termo-pudele-berniem-360-ml\\\/\"]}]},{\"@type\":\"ImageObject\",\"inLanguage\":\"ru-RU\",\"@id\":\"https:\\\/\\\/gohike.lv\\\/ru\\\/produkts\\\/uz-space-termo-pudele-berniem-360-ml\\\/#primaryimage\",\"url\":\"https:\\\/\\\/gohike.lv\\\/wp-content\\\/uploads\\\/2025\\\/07\\\/2206_.webp\",\"contentUrl\":\"https:\\\/\\\/gohike.lv\\\/wp-content\\\/uploads\\\/2025\\\/07\\\/2206_.webp\",\"width\":400,\"height\":400},{\"@type\":\"BreadcrumbList\",\"@id\":\"https:\\\/\\\/gohike.lv\\\/ru\\\/produkts\\\/uz-space-termo-pudele-berniem-360-ml\\\/#breadcrumb\",\"itemListElement\":[{\"@type\":\"ListItem\",\"position\":1,\"name\":\"\u0413\u043b\u0430\u0432\u043d\u0430\u044f\",\"item\":\"https:\\\/\\\/gohike.lv\\\/ru\\\/\"},{\"@type\":\"ListItem\",\"position\":2,\"name\":\"\u041a\u0430\u0442\u0435\u0433\u043e\u0440\u0438\u0438 \u0442\u043e\u0432\u0430\u0440\u043e\u0432\",\"item\":\"https:\\\/\\\/gohike.lv\\\/%d0%ba%d0%b0%d1%82%d0%b5%d0%b3%d0%be%d1%80%d0%b8%d0%b8-%d1%82%d0%be%d0%b2%d0%b0%d1%80%d0%be%d0%b2\\\/\"},{\"@type\":\"ListItem\",\"position\":3,\"name\":\"UZ Space &#8211; Termo pudele b\u0113rniem \u2013 360\u202fml\"}]},{\"@type\":\"WebSite\",\"@id\":\"https:\\\/\\\/gohike.lv\\\/ru\\\/#website\",\"url\":\"https:\\\/\\\/gohike.lv\\\/ru\\\/\",\"name\":\"GoHike\",\"description\":\"\",\"publisher\":{\"@id\":\"https:\\\/\\\/gohike.lv\\\/ru\\\/#organization\"},\"potentialAction\":[{\"@type\":\"SearchAction\",\"target\":{\"@type\":\"EntryPoint\",\"urlTemplate\":\"https:\\\/\\\/gohike.lv\\\/ru\\\/?s={search_term_string}\"},\"query-input\":{\"@type\":\"PropertyValueSpecification\",\"valueRequired\":true,\"valueName\":\"search_term_string\"}}],\"inLanguage\":\"ru-RU\"},{\"@type\":\"Organization\",\"@id\":\"https:\\\/\\\/gohike.lv\\\/ru\\\/#organization\",\"name\":\"GoHike\",\"url\":\"https:\\\/\\\/gohike.lv\\\/ru\\\/\",\"logo\":{\"@type\":\"ImageObject\",\"inLanguage\":\"ru-RU\",\"@id\":\"https:\\\/\\\/gohike.lv\\\/ru\\\/#\\\/schema\\\/logo\\\/image\\\/\",\"url\":\"https:\\\/\\\/gohike.lv\\\/wp-content\\\/uploads\\\/2023\\\/08\\\/Logo_GoHike.webp\",\"contentUrl\":\"https:\\\/\\\/gohike.lv\\\/wp-content\\\/uploads\\\/2023\\\/08\\\/Logo_GoHike.webp\",\"width\":512,\"height\":512,\"caption\":\"GoHike\"},\"image\":{\"@id\":\"https:\\\/\\\/gohike.lv\\\/ru\\\/#\\\/schema\\\/logo\\\/image\\\/\"},\"sameAs\":[\"https:\\\/\\\/www.facebook.com\\\/gohike.shop\\\/\",\"https:\\\/\\\/www.instagram.com\\\/gohike.shop\\\/\"]}]}<\/script>\n<!-- \/ Yoast SEO plugin. -->","yoast_head_json":{"title":"UZ Space Termo pudele b\u0113rniem \u2013 360\u202fml","description":"Vakuma izol\u0113ta ner\u016bs\u0113jo\u0161\u0101 t\u0113rauda pudele (316\u202fSS) \u2013 360\u202fml, ar dro\u0161u klip\u2011v\u0101ci\u0146u, silikona rokturi un siltuma notur\u012bbu l\u012bdz 12\u202fstund\u0101m.","robots":{"index":"index","follow":"follow","max-snippet":"max-snippet:-1","max-image-preview":"max-image-preview:large","max-video-preview":"max-video-preview:-1"},"canonical":"https:\/\/gohike.lv\/ru\/produkts\/uz-space-termo-pudele-berniem-360-ml\/","og_locale":"ru_RU","og_type":"article","og_title":"UZ Space Termo pudele b\u0113rniem \u2013 360\u202fml","og_description":"Vakuma izol\u0113ta ner\u016bs\u0113jo\u0161\u0101 t\u0113rauda pudele (316\u202fSS) \u2013 360\u202fml, ar dro\u0161u klip\u2011v\u0101ci\u0146u, silikona rokturi un siltuma notur\u012bbu l\u012bdz 12\u202fstund\u0101m.","og_url":"https:\/\/gohike.lv\/ru\/produkts\/uz-space-termo-pudele-berniem-360-ml\/","og_site_name":"GoHike","article_publisher":"https:\/\/www.facebook.com\/gohike.shop\/","article_modified_time":"2026-04-02T20:56:45+00:00","og_image":[{"width":400,"height":400,"url":"https:\/\/gohike.lv\/wp-content\/uploads\/2025\/07\/2206_.webp","type":"image\/webp"}],"twitter_card":"summary_large_image","twitter_title":"UZ Space Termo pudele b\u0113rniem \u2013 360\u202fml","twitter_misc":{"\u041f\u0440\u0438\u043c\u0435\u0440\u043d\u043e\u0435 \u0432\u0440\u0435\u043c\u044f \u0434\u043b\u044f \u0447\u0442\u0435\u043d\u0438\u044f":"1 \u043c\u0438\u043d\u0443\u0442\u0430"},"schema":{"@context":"https:\/\/schema.org","@graph":[{"@type":["WebPage","ItemPage"],"@id":"https:\/\/gohike.lv\/ru\/produkts\/uz-space-termo-pudele-berniem-360-ml\/","url":"https:\/\/gohike.lv\/ru\/produkts\/uz-space-termo-pudele-berniem-360-ml\/","name":"UZ Space Termo pudele b\u0113rniem \u2013 360\u202fml","isPartOf":{"@id":"https:\/\/gohike.lv\/ru\/#website"},"primaryImageOfPage":{"@id":"https:\/\/gohike.lv\/ru\/produkts\/uz-space-termo-pudele-berniem-360-ml\/#primaryimage"},"image":{"@id":"https:\/\/gohike.lv\/ru\/produkts\/uz-space-termo-pudele-berniem-360-ml\/#primaryimage"},"thumbnailUrl":"https:\/\/gohike.lv\/wp-content\/uploads\/2025\/07\/2206_.webp","datePublished":"2025-07-22T07:09:45+00:00","dateModified":"2026-04-02T20:56:45+00:00","description":"Vakuma izol\u0113ta ner\u016bs\u0113jo\u0161\u0101 t\u0113rauda pudele (316\u202fSS) \u2013 360\u202fml, ar dro\u0161u klip\u2011v\u0101ci\u0146u, silikona rokturi un siltuma notur\u012bbu l\u012bdz 12\u202fstund\u0101m.","breadcrumb":{"@id":"https:\/\/gohike.lv\/ru\/produkts\/uz-space-termo-pudele-berniem-360-ml\/#breadcrumb"},"inLanguage":"ru-RU","potentialAction":[{"@type":"ReadAction","target":["https:\/\/gohike.lv\/ru\/produkts\/uz-space-termo-pudele-berniem-360-ml\/"]}]},{"@type":"ImageObject","inLanguage":"ru-RU","@id":"https:\/\/gohike.lv\/ru\/produkts\/uz-space-termo-pudele-berniem-360-ml\/#primaryimage","url":"https:\/\/gohike.lv\/wp-content\/uploads\/2025\/07\/2206_.webp","contentUrl":"https:\/\/gohike.lv\/wp-content\/uploads\/2025\/07\/2206_.webp","width":400,"height":400},{"@type":"BreadcrumbList","@id":"https:\/\/gohike.lv\/ru\/produkts\/uz-space-termo-pudele-berniem-360-ml\/#breadcrumb","itemListElement":[{"@type":"ListItem","position":1,"name":"\u0413\u043b\u0430\u0432\u043d\u0430\u044f","item":"https:\/\/gohike.lv\/ru\/"},{"@type":"ListItem","position":2,"name":"\u041a\u0430\u0442\u0435\u0433\u043e\u0440\u0438\u0438 \u0442\u043e\u0432\u0430\u0440\u043e\u0432","item":"https:\/\/gohike.lv\/%d0%ba%d0%b0%d1%82%d0%b5%d0%b3%d0%be%d1%80%d0%b8%d0%b8-%d1%82%d0%be%d0%b2%d0%b0%d1%80%d0%be%d0%b2\/"},{"@type":"ListItem","position":3,"name":"UZ Space &#8211; Termo pudele b\u0113rniem \u2013 360\u202fml"}]},{"@type":"WebSite","@id":"https:\/\/gohike.lv\/ru\/#website","url":"https:\/\/gohike.lv\/ru\/","name":"GoHike","description":"","publisher":{"@id":"https:\/\/gohike.lv\/ru\/#organization"},"potentialAction":[{"@type":"SearchAction","target":{"@type":"EntryPoint","urlTemplate":"https:\/\/gohike.lv\/ru\/?s={search_term_string}"},"query-input":{"@type":"PropertyValueSpecification","valueRequired":true,"valueName":"search_term_string"}}],"inLanguage":"ru-RU"},{"@type":"Organization","@id":"https:\/\/gohike.lv\/ru\/#organization","name":"GoHike","url":"https:\/\/gohike.lv\/ru\/","logo":{"@type":"ImageObject","inLanguage":"ru-RU","@id":"https:\/\/gohike.lv\/ru\/#\/schema\/logo\/image\/","url":"https:\/\/gohike.lv\/wp-content\/uploads\/2023\/08\/Logo_GoHike.webp","contentUrl":"https:\/\/gohike.lv\/wp-content\/uploads\/2023\/08\/Logo_GoHike.webp","width":512,"height":512,"caption":"GoHike"},"image":{"@id":"https:\/\/gohike.lv\/ru\/#\/schema\/logo\/image\/"},"sameAs":["https:\/\/www.facebook.com\/gohike.shop\/","https:\/\/www.instagram.com\/gohike.shop\/"]}]}},"jetpack_sharing_enabled":true,"_links":{"self":[{"href":"https:\/\/gohike.lv\/ru\/wp-json\/wp\/v2\/product\/104876","targetHints":{"allow":["GET"]}}],"collection":[{"href":"https:\/\/gohike.lv\/ru\/wp-json\/wp\/v2\/product"}],"about":[{"href":"https:\/\/gohike.lv\/ru\/wp-json\/wp\/v2\/types\/product"}],"version-history":[{"count":0,"href":"https:\/\/gohike.lv\/ru\/wp-json\/wp\/v2\/product\/104876\/revisions"}],"wp:featuredmedia":[{"embeddable":true,"href":"https:\/\/gohike.lv\/ru\/wp-json\/wp\/v2\/media\/104914"}],"wp:attachment":[{"href":"https:\/\/gohike.lv\/ru\/wp-json\/wp\/v2\/media?parent=104876"}],"wp:term":[{"taxonomy":"product_brand","embeddable":true,"href":"https:\/\/gohike.lv\/ru\/wp-json\/wp\/v2\/product_brand?post=104876"},{"taxonomy":"product_cat","embeddable":true,"href":"https:\/\/gohike.lv\/ru\/wp-json\/wp\/v2\/product_cat?post=104876"},{"taxonomy":"product_tag","embeddable":true,"href":"https:\/\/gohike.lv\/ru\/wp-json\/wp\/v2\/product_tag?post=104876"}],"curies":[{"name":"wp","href":"https:\/\/api.w.org\/{rel}","templated":true}]}}