{"id":104872,"date":"2025-07-22T10:09:45","date_gmt":"2025-07-22T07:09:45","guid":{"rendered":"https:\/\/gohike.lv\/produkts\/uz-space-tritan-udens-pudele-650ml\/"},"modified":"2026-01-03T07:46:07","modified_gmt":"2026-01-03T04:46:07","slug":"uz-space-tritan-udens-pudele-650ml","status":"publish","type":"product","link":"https:\/\/gohike.lv\/ru\/produkts\/uz-space-tritan-udens-pudele-650ml\/","title":{"rendered":"UZ Space &#8212; Tritan \u016bdens pudele \u2013 650ml"},"content":{"rendered":"<p>\u0160\u012b 650\u202fml pudel\u012bte ir izgatavota no augstas kvalit\u0101tes Tritan materi\u0101la \u2013 iztur\u012bga, bez BPA un negar\u0161o p\u0113c plastmasas. Speci\u0101ls v\u0101ci\u0146\u0161 ar bl\u012bv\u0113jumu un aizsl\u0113gu nodro\u0161ina piln\u012bgu nopl\u016b\u017eu nov\u0113r\u0161anu, lai dro\u0161i glab\u0101tu som\u0101 vai automa\u0161\u012bn\u0101. \u0100r\u0113j\u0101 silikona lenta liek \u0113rti satvert un pasniedz papildus burtisku pievilk\u0161an\u0101s saj\u016btu. Komplekt\u0101 \u0113rts n\u0113s\u0101\u0161anas rokturis. Pudele paredz\u0113ta gan karst\u0101m, gan aukst\u0101m \u0161\u0137idrumam, un ir viegli mazg\u0101jama ar rok\u0101m, kas pagarina t\u0101s lieto\u0161anas ilgumu.<br \/>\nTehniskie parametri:<br \/>\nTilpums: 650\u202fml<br \/>\nMateri\u0101ls: Tritan plastmasa, 100\u202f% bez BPA<br \/>\nSvars: apm\u0113ram 166\u202fg<br \/>\nTemperat\u016bras diapazons:\u00a0\u201310\u202f\u00b0C l\u012bdz\u00a090\u202f\u00b0C<br \/>\nIzm\u0113ri:\u00a0224\u202f\u00d7\u202f77\u202fmm<\/p>\n","protected":false},"excerpt":{"rendered":"<p>Ergonomiska un iztur\u012bga 650\u202fml Tritan pudel\u0113 bez BPA ar dro\u0161u aizsl\u0113dzamu kapuci, nopl\u016bdes dro\u0161\u012bbu un rokturi sportam, ikdienas lieto\u0161anai un ce\u013cojumiem.<\/p>\n","protected":false},"featured_media":104902,"template":"","meta":[],"product_brand":[1944],"product_cat":[1012],"product_tag":[],"class_list":{"0":"post-104872","1":"product","2":"type-product","3":"status-publish","4":"has-post-thumbnail","6":"product_brand-uz-space-lv","7":"product_cat-virtuves-piederumi","8":"pa_materiali-bpabriva","9":"pa_materiali-tritan-plastmasa","10":"pa_materiali-tritan-plastmasa-bpabriva","11":"pa_materiali-tritan-plastmasa-bpa-briva","12":"pa_produkta-tips-termosi-un-pudeles","13":"pa_tilpums-650ml","15":"first","16":"instock","17":"taxable","18":"shipping-taxable","19":"purchasable","20":"product-type-simple"},"raw_content":{"name":"UZ Space - Tritan \u016bdens pudele \u2013 650ml","description":"\u0160\u012b 650\u202fml pudel\u012bte ir izgatavota no augstas kvalit\u0101tes Tritan materi\u0101la \u2013 iztur\u012bga, bez BPA un negar\u0161o p\u0113c plastmasas. Speci\u0101ls v\u0101ci\u0146\u0161 ar bl\u012bv\u0113jumu un aizsl\u0113gu nodro\u0161ina piln\u012bgu nopl\u016b\u017eu nov\u0113r\u0161anu, lai dro\u0161i glab\u0101tu som\u0101 vai automa\u0161\u012bn\u0101. \u0100r\u0113j\u0101 silikona lenta liek \u0113rti satvert un pasniedz papildus burtisku pievilk\u0161an\u0101s saj\u016btu. Komplekt\u0101 \u0113rts n\u0113s\u0101\u0161anas rokturis. Pudele paredz\u0113ta gan karst\u0101m, gan aukst\u0101m \u0161\u0137idrumam, un ir viegli mazg\u0101jama ar rok\u0101m, kas pagarina t\u0101s lieto\u0161anas ilgumu.\nTehniskie parametri:\nTilpums: 650\u202fml\nMateri\u0101ls: Tritan plastmasa, 100\u202f% bez BPA\nSvars: apm\u0113ram 166\u202fg\nTemperat\u016bras diapazons:\u00a0\u201310\u202f\u00b0C l\u012bdz\u00a090\u202f\u00b0C\nIzm\u0113ri:\u00a0224\u202f\u00d7\u202f77\u202fmm","short_description":"Ergonomiska un iztur\u012bga 650\u202fml Tritan pudel\u0113 bez BPA ar dro\u0161u aizsl\u0113dzamu kapuci, nopl\u016bdes dro\u0161\u012bbu un rokturi sportam, ikdienas lieto\u0161anai un ce\u013cojumiem.","status":"publish","sku":"5029","original":104872},"wpml":{"translation_type":1,"has_translations":true,"original":104872,"duplicates":[],"translations":{"lv":104872,"en":104937,"ru":null}},"supplier_id":null,"supplier_sku":"","barcode":null,"atum_controlled":true,"out_stock_date":null,"out_stock_threshold":null,"inheritable":false,"inbound_stock":0,"stock_on_hold":0,"sold_today":0,"sales_last_days":0,"reserved_stock":0,"customer_returns":0,"warehouse_damage":0,"lost_in_post":0,"other_logs":0,"out_stock_days":0,"lost_sales":0,"has_location":false,"update_date":"2026-01-03T04:46:09","atum_locations":[],"atum_stock_status":"instock","restock_status":false,"low_stock_amount":"","sales_update_date":"2025-11-13T14:08:48","calc_backorders":null,"yoast_head":"<!-- This site is optimized with the Yoast SEO plugin v27.3 - https:\/\/yoast.com\/product\/yoast-seo-wordpress\/ -->\n<title>UZ Space Tritan \u016bdens pudele \u2013 650ml<\/title>\n<meta name=\"description\" content=\"Ergonomiska un iztur\u012bga 650\u202fml Tritan pudel\u0113 bez BPA ar dro\u0161u aizsl\u0113dzamu kapuci, nopl\u016bdes dro\u0161\u012bbu un rokturi sportam, ikdienas lieto\u0161anai un ce\u013cojumiem.\" \/>\n<meta name=\"robots\" content=\"index, follow, max-snippet:-1, max-image-preview:large, max-video-preview:-1\" \/>\n<link rel=\"canonical\" href=\"https:\/\/gohike.lv\/ru\/produkts\/uz-space-tritan-udens-pudele-650ml\/\" \/>\n<meta property=\"og:locale\" content=\"ru_RU\" \/>\n<meta property=\"og:type\" content=\"article\" \/>\n<meta property=\"og:title\" content=\"UZ Space Tritan \u016bdens pudele \u2013 650ml\" \/>\n<meta property=\"og:description\" content=\"Ergonomiska un iztur\u012bga 650\u202fml Tritan pudel\u0113 bez BPA ar dro\u0161u aizsl\u0113dzamu kapuci, nopl\u016bdes dro\u0161\u012bbu un rokturi sportam, ikdienas lieto\u0161anai un ce\u013cojumiem.\" \/>\n<meta property=\"og:url\" content=\"https:\/\/gohike.lv\/ru\/produkts\/uz-space-tritan-udens-pudele-650ml\/\" \/>\n<meta property=\"og:site_name\" content=\"GoHike\" \/>\n<meta property=\"article:publisher\" content=\"https:\/\/www.facebook.com\/gohike.shop\/\" \/>\n<meta property=\"article:modified_time\" content=\"2026-01-03T04:46:07+00:00\" \/>\n<meta property=\"og:image\" content=\"https:\/\/gohike.lv\/wp-content\/uploads\/2025\/07\/5029green_.jpg\" \/>\n\t<meta property=\"og:image:width\" content=\"582\" \/>\n\t<meta property=\"og:image:height\" content=\"640\" \/>\n\t<meta property=\"og:image:type\" content=\"image\/jpeg\" \/>\n<meta name=\"twitter:card\" content=\"summary_large_image\" \/>\n<meta name=\"twitter:title\" content=\"UZ Space Tritan \u016bdens pudele \u2013 650ml\" \/>\n<meta name=\"twitter:label1\" content=\"\u041f\u0440\u0438\u043c\u0435\u0440\u043d\u043e\u0435 \u0432\u0440\u0435\u043c\u044f \u0434\u043b\u044f \u0447\u0442\u0435\u043d\u0438\u044f\" \/>\n\t<meta name=\"twitter:data1\" content=\"1 \u043c\u0438\u043d\u0443\u0442\u0430\" \/>\n<script type=\"application\/ld+json\" class=\"yoast-schema-graph\">{\"@context\":\"https:\\\/\\\/schema.org\",\"@graph\":[{\"@type\":[\"WebPage\",\"ItemPage\"],\"@id\":\"https:\\\/\\\/gohike.lv\\\/ru\\\/produkts\\\/uz-space-tritan-udens-pudele-650ml\\\/\",\"url\":\"https:\\\/\\\/gohike.lv\\\/ru\\\/produkts\\\/uz-space-tritan-udens-pudele-650ml\\\/\",\"name\":\"UZ Space Tritan \u016bdens pudele \u2013 650ml\",\"isPartOf\":{\"@id\":\"https:\\\/\\\/gohike.lv\\\/ru\\\/#website\"},\"primaryImageOfPage\":{\"@id\":\"https:\\\/\\\/gohike.lv\\\/ru\\\/produkts\\\/uz-space-tritan-udens-pudele-650ml\\\/#primaryimage\"},\"image\":{\"@id\":\"https:\\\/\\\/gohike.lv\\\/ru\\\/produkts\\\/uz-space-tritan-udens-pudele-650ml\\\/#primaryimage\"},\"thumbnailUrl\":\"https:\\\/\\\/gohike.lv\\\/wp-content\\\/uploads\\\/2025\\\/07\\\/5029green_.jpg\",\"datePublished\":\"2025-07-22T07:09:45+00:00\",\"dateModified\":\"2026-01-03T04:46:07+00:00\",\"description\":\"Ergonomiska un iztur\u012bga 650\u202fml Tritan pudel\u0113 bez BPA ar dro\u0161u aizsl\u0113dzamu kapuci, nopl\u016bdes dro\u0161\u012bbu un rokturi sportam, ikdienas lieto\u0161anai un ce\u013cojumiem.\",\"breadcrumb\":{\"@id\":\"https:\\\/\\\/gohike.lv\\\/ru\\\/produkts\\\/uz-space-tritan-udens-pudele-650ml\\\/#breadcrumb\"},\"inLanguage\":\"ru-RU\",\"potentialAction\":[{\"@type\":\"ReadAction\",\"target\":[\"https:\\\/\\\/gohike.lv\\\/ru\\\/produkts\\\/uz-space-tritan-udens-pudele-650ml\\\/\"]}]},{\"@type\":\"ImageObject\",\"inLanguage\":\"ru-RU\",\"@id\":\"https:\\\/\\\/gohike.lv\\\/ru\\\/produkts\\\/uz-space-tritan-udens-pudele-650ml\\\/#primaryimage\",\"url\":\"https:\\\/\\\/gohike.lv\\\/wp-content\\\/uploads\\\/2025\\\/07\\\/5029green_.jpg\",\"contentUrl\":\"https:\\\/\\\/gohike.lv\\\/wp-content\\\/uploads\\\/2025\\\/07\\\/5029green_.jpg\",\"width\":582,\"height\":640},{\"@type\":\"BreadcrumbList\",\"@id\":\"https:\\\/\\\/gohike.lv\\\/ru\\\/produkts\\\/uz-space-tritan-udens-pudele-650ml\\\/#breadcrumb\",\"itemListElement\":[{\"@type\":\"ListItem\",\"position\":1,\"name\":\"\u0413\u043b\u0430\u0432\u043d\u0430\u044f\",\"item\":\"https:\\\/\\\/gohike.lv\\\/ru\\\/\"},{\"@type\":\"ListItem\",\"position\":2,\"name\":\"\u041a\u0430\u0442\u0435\u0433\u043e\u0440\u0438\u0438 \u0442\u043e\u0432\u0430\u0440\u043e\u0432\",\"item\":\"https:\\\/\\\/gohike.lv\\\/%d0%ba%d0%b0%d1%82%d0%b5%d0%b3%d0%be%d1%80%d0%b8%d0%b8-%d1%82%d0%be%d0%b2%d0%b0%d1%80%d0%be%d0%b2\\\/\"},{\"@type\":\"ListItem\",\"position\":3,\"name\":\"UZ Space &#8211; Tritan \u016bdens pudele \u2013 650ml\"}]},{\"@type\":\"WebSite\",\"@id\":\"https:\\\/\\\/gohike.lv\\\/ru\\\/#website\",\"url\":\"https:\\\/\\\/gohike.lv\\\/ru\\\/\",\"name\":\"GoHike\",\"description\":\"\",\"publisher\":{\"@id\":\"https:\\\/\\\/gohike.lv\\\/ru\\\/#organization\"},\"potentialAction\":[{\"@type\":\"SearchAction\",\"target\":{\"@type\":\"EntryPoint\",\"urlTemplate\":\"https:\\\/\\\/gohike.lv\\\/ru\\\/?s={search_term_string}\"},\"query-input\":{\"@type\":\"PropertyValueSpecification\",\"valueRequired\":true,\"valueName\":\"search_term_string\"}}],\"inLanguage\":\"ru-RU\"},{\"@type\":\"Organization\",\"@id\":\"https:\\\/\\\/gohike.lv\\\/ru\\\/#organization\",\"name\":\"GoHike\",\"url\":\"https:\\\/\\\/gohike.lv\\\/ru\\\/\",\"logo\":{\"@type\":\"ImageObject\",\"inLanguage\":\"ru-RU\",\"@id\":\"https:\\\/\\\/gohike.lv\\\/ru\\\/#\\\/schema\\\/logo\\\/image\\\/\",\"url\":\"https:\\\/\\\/gohike.lv\\\/wp-content\\\/uploads\\\/2023\\\/08\\\/Logo_GoHike.webp\",\"contentUrl\":\"https:\\\/\\\/gohike.lv\\\/wp-content\\\/uploads\\\/2023\\\/08\\\/Logo_GoHike.webp\",\"width\":512,\"height\":512,\"caption\":\"GoHike\"},\"image\":{\"@id\":\"https:\\\/\\\/gohike.lv\\\/ru\\\/#\\\/schema\\\/logo\\\/image\\\/\"},\"sameAs\":[\"https:\\\/\\\/www.facebook.com\\\/gohike.shop\\\/\",\"https:\\\/\\\/www.instagram.com\\\/gohike.shop\\\/\"]}]}<\/script>\n<!-- \/ Yoast SEO plugin. -->","yoast_head_json":{"title":"UZ Space Tritan \u016bdens pudele \u2013 650ml","description":"Ergonomiska un iztur\u012bga 650\u202fml Tritan pudel\u0113 bez BPA ar dro\u0161u aizsl\u0113dzamu kapuci, nopl\u016bdes dro\u0161\u012bbu un rokturi sportam, ikdienas lieto\u0161anai un ce\u013cojumiem.","robots":{"index":"index","follow":"follow","max-snippet":"max-snippet:-1","max-image-preview":"max-image-preview:large","max-video-preview":"max-video-preview:-1"},"canonical":"https:\/\/gohike.lv\/ru\/produkts\/uz-space-tritan-udens-pudele-650ml\/","og_locale":"ru_RU","og_type":"article","og_title":"UZ Space Tritan \u016bdens pudele \u2013 650ml","og_description":"Ergonomiska un iztur\u012bga 650\u202fml Tritan pudel\u0113 bez BPA ar dro\u0161u aizsl\u0113dzamu kapuci, nopl\u016bdes dro\u0161\u012bbu un rokturi sportam, ikdienas lieto\u0161anai un ce\u013cojumiem.","og_url":"https:\/\/gohike.lv\/ru\/produkts\/uz-space-tritan-udens-pudele-650ml\/","og_site_name":"GoHike","article_publisher":"https:\/\/www.facebook.com\/gohike.shop\/","article_modified_time":"2026-01-03T04:46:07+00:00","og_image":[{"width":582,"height":640,"url":"https:\/\/gohike.lv\/wp-content\/uploads\/2025\/07\/5029green_.jpg","type":"image\/jpeg"}],"twitter_card":"summary_large_image","twitter_title":"UZ Space Tritan \u016bdens pudele \u2013 650ml","twitter_misc":{"\u041f\u0440\u0438\u043c\u0435\u0440\u043d\u043e\u0435 \u0432\u0440\u0435\u043c\u044f \u0434\u043b\u044f \u0447\u0442\u0435\u043d\u0438\u044f":"1 \u043c\u0438\u043d\u0443\u0442\u0430"},"schema":{"@context":"https:\/\/schema.org","@graph":[{"@type":["WebPage","ItemPage"],"@id":"https:\/\/gohike.lv\/ru\/produkts\/uz-space-tritan-udens-pudele-650ml\/","url":"https:\/\/gohike.lv\/ru\/produkts\/uz-space-tritan-udens-pudele-650ml\/","name":"UZ Space Tritan \u016bdens pudele \u2013 650ml","isPartOf":{"@id":"https:\/\/gohike.lv\/ru\/#website"},"primaryImageOfPage":{"@id":"https:\/\/gohike.lv\/ru\/produkts\/uz-space-tritan-udens-pudele-650ml\/#primaryimage"},"image":{"@id":"https:\/\/gohike.lv\/ru\/produkts\/uz-space-tritan-udens-pudele-650ml\/#primaryimage"},"thumbnailUrl":"https:\/\/gohike.lv\/wp-content\/uploads\/2025\/07\/5029green_.jpg","datePublished":"2025-07-22T07:09:45+00:00","dateModified":"2026-01-03T04:46:07+00:00","description":"Ergonomiska un iztur\u012bga 650\u202fml Tritan pudel\u0113 bez BPA ar dro\u0161u aizsl\u0113dzamu kapuci, nopl\u016bdes dro\u0161\u012bbu un rokturi sportam, ikdienas lieto\u0161anai un ce\u013cojumiem.","breadcrumb":{"@id":"https:\/\/gohike.lv\/ru\/produkts\/uz-space-tritan-udens-pudele-650ml\/#breadcrumb"},"inLanguage":"ru-RU","potentialAction":[{"@type":"ReadAction","target":["https:\/\/gohike.lv\/ru\/produkts\/uz-space-tritan-udens-pudele-650ml\/"]}]},{"@type":"ImageObject","inLanguage":"ru-RU","@id":"https:\/\/gohike.lv\/ru\/produkts\/uz-space-tritan-udens-pudele-650ml\/#primaryimage","url":"https:\/\/gohike.lv\/wp-content\/uploads\/2025\/07\/5029green_.jpg","contentUrl":"https:\/\/gohike.lv\/wp-content\/uploads\/2025\/07\/5029green_.jpg","width":582,"height":640},{"@type":"BreadcrumbList","@id":"https:\/\/gohike.lv\/ru\/produkts\/uz-space-tritan-udens-pudele-650ml\/#breadcrumb","itemListElement":[{"@type":"ListItem","position":1,"name":"\u0413\u043b\u0430\u0432\u043d\u0430\u044f","item":"https:\/\/gohike.lv\/ru\/"},{"@type":"ListItem","position":2,"name":"\u041a\u0430\u0442\u0435\u0433\u043e\u0440\u0438\u0438 \u0442\u043e\u0432\u0430\u0440\u043e\u0432","item":"https:\/\/gohike.lv\/%d0%ba%d0%b0%d1%82%d0%b5%d0%b3%d0%be%d1%80%d0%b8%d0%b8-%d1%82%d0%be%d0%b2%d0%b0%d1%80%d0%be%d0%b2\/"},{"@type":"ListItem","position":3,"name":"UZ Space &#8211; Tritan \u016bdens pudele \u2013 650ml"}]},{"@type":"WebSite","@id":"https:\/\/gohike.lv\/ru\/#website","url":"https:\/\/gohike.lv\/ru\/","name":"GoHike","description":"","publisher":{"@id":"https:\/\/gohike.lv\/ru\/#organization"},"potentialAction":[{"@type":"SearchAction","target":{"@type":"EntryPoint","urlTemplate":"https:\/\/gohike.lv\/ru\/?s={search_term_string}"},"query-input":{"@type":"PropertyValueSpecification","valueRequired":true,"valueName":"search_term_string"}}],"inLanguage":"ru-RU"},{"@type":"Organization","@id":"https:\/\/gohike.lv\/ru\/#organization","name":"GoHike","url":"https:\/\/gohike.lv\/ru\/","logo":{"@type":"ImageObject","inLanguage":"ru-RU","@id":"https:\/\/gohike.lv\/ru\/#\/schema\/logo\/image\/","url":"https:\/\/gohike.lv\/wp-content\/uploads\/2023\/08\/Logo_GoHike.webp","contentUrl":"https:\/\/gohike.lv\/wp-content\/uploads\/2023\/08\/Logo_GoHike.webp","width":512,"height":512,"caption":"GoHike"},"image":{"@id":"https:\/\/gohike.lv\/ru\/#\/schema\/logo\/image\/"},"sameAs":["https:\/\/www.facebook.com\/gohike.shop\/","https:\/\/www.instagram.com\/gohike.shop\/"]}]}},"jetpack_sharing_enabled":true,"_links":{"self":[{"href":"https:\/\/gohike.lv\/ru\/wp-json\/wp\/v2\/product\/104872","targetHints":{"allow":["GET"]}}],"collection":[{"href":"https:\/\/gohike.lv\/ru\/wp-json\/wp\/v2\/product"}],"about":[{"href":"https:\/\/gohike.lv\/ru\/wp-json\/wp\/v2\/types\/product"}],"version-history":[{"count":0,"href":"https:\/\/gohike.lv\/ru\/wp-json\/wp\/v2\/product\/104872\/revisions"}],"wp:featuredmedia":[{"embeddable":true,"href":"https:\/\/gohike.lv\/ru\/wp-json\/wp\/v2\/media\/104902"}],"wp:attachment":[{"href":"https:\/\/gohike.lv\/ru\/wp-json\/wp\/v2\/media?parent=104872"}],"wp:term":[{"taxonomy":"product_brand","embeddable":true,"href":"https:\/\/gohike.lv\/ru\/wp-json\/wp\/v2\/product_brand?post=104872"},{"taxonomy":"product_cat","embeddable":true,"href":"https:\/\/gohike.lv\/ru\/wp-json\/wp\/v2\/product_cat?post=104872"},{"taxonomy":"product_tag","embeddable":true,"href":"https:\/\/gohike.lv\/ru\/wp-json\/wp\/v2\/product_tag?post=104872"}],"curies":[{"name":"wp","href":"https:\/\/api.w.org\/{rel}","templated":true}]}}