{"id":104870,"date":"2025-07-22T10:09:45","date_gmt":"2025-07-22T07:09:45","guid":{"rendered":"https:\/\/gohike.lv\/produkts\/uz-space-sporta-pudele-530ml\/"},"modified":"2026-01-03T07:17:38","modified_gmt":"2026-01-03T04:17:38","slug":"uz-space-sporta-pudele-530ml","status":"publish","type":"product","link":"https:\/\/gohike.lv\/ru\/produkts\/uz-space-sporta-pudele-530ml\/","title":{"rendered":"UZ Space &#8212; Sporta pudele &#8212; 530ml"},"content":{"rendered":"<p>Uzspace\u202f5060 Marr\u00f3n 530\u202fml ir iztur\u012bga Tritan plastmasas pudele ar ergonomisku dizainu \u0113rtai satver\u0161anai. V\u0101ci\u0146\u0161 nodro\u0161ina piln\u012bgu nopl\u016bdes aizsardz\u012bbu, lai pudeli var uzticami transport\u0113t som\u0101. Pudele ir ra\u017eota no BPA\u2011br\u012bvas materi\u0101la, kas garant\u0113 dro\u0161u \u016bdens dzer\u0161anu. Komplekt\u0101 ietilpst no\u0146emama roktura siksni\u0146a \u0113rt\u0101kai n\u0113s\u0101\u0161anai. T\u0101 ir viegla un kompakta \u2014 perfekta treni\u0146iem, p\u0101rg\u0101jieniem vai skolas somai. Pieejama vair\u0101kos kr\u0101su to\u0146os, lai atbilstu stilam un izmantotajam scen\u0101rijam.<br \/>\nTehniskie dati:<br \/>\nTilpums\u202f\u2013\u202f530\u202fml<br \/>\nMateri\u0101ls\u202f\u2013\u202fTritan plastmasa, BPA\u2011br\u012bva<br \/>\nIztur\u012bga un nopl\u016bdesiztur\u012bga<br \/>\nErgonomisks dizains ar siksni\u0146u<br \/>\nViegla \u2013 ap 170\u202fg<\/p>\n","protected":false},"excerpt":{"rendered":"<p>Ergonomiska, BPA\u2011br\u012bva Tritan plastmasas pudele (530\u202fml) ar dro\u0161u v\u0101ci\u0146u un \u0113rti p\u0101rvad\u0101jamu siksni\u0146u \u2013 ide\u0101la sportam, ce\u013cojumiem un ikdienas lieto\u0161anai.<\/p>\n","protected":false},"featured_media":104882,"template":"","meta":[],"product_brand":[1944],"product_cat":[1012],"product_tag":[],"class_list":{"0":"post-104870","1":"product","2":"type-product","3":"status-publish","4":"has-post-thumbnail","6":"product_brand-uz-space-lv","7":"product_cat-virtuves-piederumi","8":"pa_materiali-bpabriva","9":"pa_materiali-tritan-plastmasa","10":"pa_materiali-tritan-plastmasa-bpabriva","11":"pa_materiali-tritan-plastmasa-bpa-briva","12":"pa_produkta-tips-termosi-un-pudeles","13":"pa_tilpums-530ml","15":"first","16":"instock","17":"taxable","18":"shipping-taxable","19":"purchasable","20":"product-type-simple"},"raw_content":{"name":"UZ Space - Sporta pudele - 530ml","description":"Uzspace\u202f5060 Marr\u00f3n 530\u202fml ir iztur\u012bga Tritan plastmasas pudele ar ergonomisku dizainu \u0113rtai satver\u0161anai. V\u0101ci\u0146\u0161 nodro\u0161ina piln\u012bgu nopl\u016bdes aizsardz\u012bbu, lai pudeli var uzticami transport\u0113t som\u0101. Pudele ir ra\u017eota no BPA\u2011br\u012bvas materi\u0101la, kas garant\u0113 dro\u0161u \u016bdens dzer\u0161anu. Komplekt\u0101 ietilpst no\u0146emama roktura siksni\u0146a \u0113rt\u0101kai n\u0113s\u0101\u0161anai. T\u0101 ir viegla un kompakta \u2014 perfekta treni\u0146iem, p\u0101rg\u0101jieniem vai skolas somai. Pieejama vair\u0101kos kr\u0101su to\u0146os, lai atbilstu stilam un izmantotajam scen\u0101rijam.\nTehniskie dati:\nTilpums\u202f\u2013\u202f530\u202fml\nMateri\u0101ls\u202f\u2013\u202fTritan plastmasa, BPA\u2011br\u012bva\nIztur\u012bga un nopl\u016bdesiztur\u012bga\nErgonomisks dizains ar siksni\u0146u\nViegla \u2013 ap 170\u202fg","short_description":"Ergonomiska, BPA\u2011br\u012bva Tritan plastmasas pudele (530\u202fml) ar dro\u0161u v\u0101ci\u0146u un \u0113rti p\u0101rvad\u0101jamu siksni\u0146u \u2013 ide\u0101la sportam, ce\u013cojumiem un ikdienas lieto\u0161anai.","status":"publish","sku":"5060","original":104870},"wpml":{"translation_type":1,"has_translations":true,"original":104870,"duplicates":[],"translations":{"lv":104870,"en":67770,"ru":null}},"supplier_id":null,"supplier_sku":"","barcode":null,"atum_controlled":true,"out_stock_date":null,"out_stock_threshold":null,"inheritable":false,"inbound_stock":0,"stock_on_hold":0,"sold_today":0,"sales_last_days":0,"reserved_stock":0,"customer_returns":0,"warehouse_damage":0,"lost_in_post":0,"other_logs":0,"out_stock_days":0,"lost_sales":0,"has_location":false,"update_date":"2026-01-03T04:17:39","atum_locations":[],"atum_stock_status":"instock","restock_status":false,"low_stock_amount":"","sales_update_date":"2025-11-13T14:07:42","calc_backorders":null,"yoast_head":"<!-- This site is optimized with the Yoast SEO plugin v27.3 - https:\/\/yoast.com\/product\/yoast-seo-wordpress\/ -->\n<title>UZ Space Sporta pudele - 530ml<\/title>\n<meta name=\"description\" content=\"Ergonomiska, BPA\u2011br\u012bva Tritan plastmasas pudele (530\u202fml) ar dro\u0161u v\u0101ci\u0146u un \u0113rti p\u0101rvad\u0101jamu siksni\u0146u \u2013 ide\u0101la sportam, ce\u013cojumiem un ikdienas lieto\u0161anai.\" \/>\n<meta name=\"robots\" content=\"index, follow, max-snippet:-1, max-image-preview:large, max-video-preview:-1\" \/>\n<link rel=\"canonical\" href=\"https:\/\/gohike.lv\/ru\/produkts\/uz-space-sporta-pudele-530ml\/\" \/>\n<meta property=\"og:locale\" content=\"ru_RU\" \/>\n<meta property=\"og:type\" content=\"article\" \/>\n<meta property=\"og:title\" content=\"UZ Space Sporta pudele - 530ml\" \/>\n<meta property=\"og:description\" content=\"Ergonomiska, BPA\u2011br\u012bva Tritan plastmasas pudele (530\u202fml) ar dro\u0161u v\u0101ci\u0146u un \u0113rti p\u0101rvad\u0101jamu siksni\u0146u \u2013 ide\u0101la sportam, ce\u013cojumiem un ikdienas lieto\u0161anai.\" \/>\n<meta property=\"og:url\" content=\"https:\/\/gohike.lv\/ru\/produkts\/uz-space-sporta-pudele-530ml\/\" \/>\n<meta property=\"og:site_name\" content=\"GoHike\" \/>\n<meta property=\"article:publisher\" content=\"https:\/\/www.facebook.com\/gohike.shop\/\" \/>\n<meta property=\"article:modified_time\" content=\"2026-01-03T04:17:38+00:00\" \/>\n<meta property=\"og:image\" content=\"https:\/\/gohike.lv\/wp-content\/uploads\/2025\/07\/5060_brown_.webp\" \/>\n\t<meta property=\"og:image:width\" content=\"1024\" \/>\n\t<meta property=\"og:image:height\" content=\"1024\" \/>\n\t<meta property=\"og:image:type\" content=\"image\/webp\" \/>\n<meta name=\"twitter:card\" content=\"summary_large_image\" \/>\n<meta name=\"twitter:title\" content=\"UZ Space Sporta pudele - 530ml\" \/>\n<meta name=\"twitter:label1\" content=\"\u041f\u0440\u0438\u043c\u0435\u0440\u043d\u043e\u0435 \u0432\u0440\u0435\u043c\u044f \u0434\u043b\u044f \u0447\u0442\u0435\u043d\u0438\u044f\" \/>\n\t<meta name=\"twitter:data1\" content=\"1 \u043c\u0438\u043d\u0443\u0442\u0430\" \/>\n<script type=\"application\/ld+json\" class=\"yoast-schema-graph\">{\"@context\":\"https:\\\/\\\/schema.org\",\"@graph\":[{\"@type\":[\"WebPage\",\"ItemPage\"],\"@id\":\"https:\\\/\\\/gohike.lv\\\/ru\\\/produkts\\\/uz-space-sporta-pudele-530ml\\\/\",\"url\":\"https:\\\/\\\/gohike.lv\\\/ru\\\/produkts\\\/uz-space-sporta-pudele-530ml\\\/\",\"name\":\"UZ Space Sporta pudele - 530ml\",\"isPartOf\":{\"@id\":\"https:\\\/\\\/gohike.lv\\\/ru\\\/#website\"},\"primaryImageOfPage\":{\"@id\":\"https:\\\/\\\/gohike.lv\\\/ru\\\/produkts\\\/uz-space-sporta-pudele-530ml\\\/#primaryimage\"},\"image\":{\"@id\":\"https:\\\/\\\/gohike.lv\\\/ru\\\/produkts\\\/uz-space-sporta-pudele-530ml\\\/#primaryimage\"},\"thumbnailUrl\":\"https:\\\/\\\/gohike.lv\\\/wp-content\\\/uploads\\\/2025\\\/07\\\/5060_brown_.webp\",\"datePublished\":\"2025-07-22T07:09:45+00:00\",\"dateModified\":\"2026-01-03T04:17:38+00:00\",\"description\":\"Ergonomiska, BPA\u2011br\u012bva Tritan plastmasas pudele (530\u202fml) ar dro\u0161u v\u0101ci\u0146u un \u0113rti p\u0101rvad\u0101jamu siksni\u0146u \u2013 ide\u0101la sportam, ce\u013cojumiem un ikdienas lieto\u0161anai.\",\"breadcrumb\":{\"@id\":\"https:\\\/\\\/gohike.lv\\\/ru\\\/produkts\\\/uz-space-sporta-pudele-530ml\\\/#breadcrumb\"},\"inLanguage\":\"ru-RU\",\"potentialAction\":[{\"@type\":\"ReadAction\",\"target\":[\"https:\\\/\\\/gohike.lv\\\/ru\\\/produkts\\\/uz-space-sporta-pudele-530ml\\\/\"]}]},{\"@type\":\"ImageObject\",\"inLanguage\":\"ru-RU\",\"@id\":\"https:\\\/\\\/gohike.lv\\\/ru\\\/produkts\\\/uz-space-sporta-pudele-530ml\\\/#primaryimage\",\"url\":\"https:\\\/\\\/gohike.lv\\\/wp-content\\\/uploads\\\/2025\\\/07\\\/5060_brown_.webp\",\"contentUrl\":\"https:\\\/\\\/gohike.lv\\\/wp-content\\\/uploads\\\/2025\\\/07\\\/5060_brown_.webp\",\"width\":1024,\"height\":1024},{\"@type\":\"BreadcrumbList\",\"@id\":\"https:\\\/\\\/gohike.lv\\\/ru\\\/produkts\\\/uz-space-sporta-pudele-530ml\\\/#breadcrumb\",\"itemListElement\":[{\"@type\":\"ListItem\",\"position\":1,\"name\":\"\u0413\u043b\u0430\u0432\u043d\u0430\u044f\",\"item\":\"https:\\\/\\\/gohike.lv\\\/ru\\\/\"},{\"@type\":\"ListItem\",\"position\":2,\"name\":\"\u041a\u0430\u0442\u0435\u0433\u043e\u0440\u0438\u0438 \u0442\u043e\u0432\u0430\u0440\u043e\u0432\",\"item\":\"https:\\\/\\\/gohike.lv\\\/%d0%ba%d0%b0%d1%82%d0%b5%d0%b3%d0%be%d1%80%d0%b8%d0%b8-%d1%82%d0%be%d0%b2%d0%b0%d1%80%d0%be%d0%b2\\\/\"},{\"@type\":\"ListItem\",\"position\":3,\"name\":\"UZ Space &#8211; Sporta pudele &#8211; 530ml\"}]},{\"@type\":\"WebSite\",\"@id\":\"https:\\\/\\\/gohike.lv\\\/ru\\\/#website\",\"url\":\"https:\\\/\\\/gohike.lv\\\/ru\\\/\",\"name\":\"GoHike\",\"description\":\"\",\"publisher\":{\"@id\":\"https:\\\/\\\/gohike.lv\\\/ru\\\/#organization\"},\"potentialAction\":[{\"@type\":\"SearchAction\",\"target\":{\"@type\":\"EntryPoint\",\"urlTemplate\":\"https:\\\/\\\/gohike.lv\\\/ru\\\/?s={search_term_string}\"},\"query-input\":{\"@type\":\"PropertyValueSpecification\",\"valueRequired\":true,\"valueName\":\"search_term_string\"}}],\"inLanguage\":\"ru-RU\"},{\"@type\":\"Organization\",\"@id\":\"https:\\\/\\\/gohike.lv\\\/ru\\\/#organization\",\"name\":\"GoHike\",\"url\":\"https:\\\/\\\/gohike.lv\\\/ru\\\/\",\"logo\":{\"@type\":\"ImageObject\",\"inLanguage\":\"ru-RU\",\"@id\":\"https:\\\/\\\/gohike.lv\\\/ru\\\/#\\\/schema\\\/logo\\\/image\\\/\",\"url\":\"https:\\\/\\\/gohike.lv\\\/wp-content\\\/uploads\\\/2023\\\/08\\\/Logo_GoHike.webp\",\"contentUrl\":\"https:\\\/\\\/gohike.lv\\\/wp-content\\\/uploads\\\/2023\\\/08\\\/Logo_GoHike.webp\",\"width\":512,\"height\":512,\"caption\":\"GoHike\"},\"image\":{\"@id\":\"https:\\\/\\\/gohike.lv\\\/ru\\\/#\\\/schema\\\/logo\\\/image\\\/\"},\"sameAs\":[\"https:\\\/\\\/www.facebook.com\\\/gohike.shop\\\/\",\"https:\\\/\\\/www.instagram.com\\\/gohike.shop\\\/\"]}]}<\/script>\n<!-- \/ Yoast SEO plugin. -->","yoast_head_json":{"title":"UZ Space Sporta pudele - 530ml","description":"Ergonomiska, BPA\u2011br\u012bva Tritan plastmasas pudele (530\u202fml) ar dro\u0161u v\u0101ci\u0146u un \u0113rti p\u0101rvad\u0101jamu siksni\u0146u \u2013 ide\u0101la sportam, ce\u013cojumiem un ikdienas lieto\u0161anai.","robots":{"index":"index","follow":"follow","max-snippet":"max-snippet:-1","max-image-preview":"max-image-preview:large","max-video-preview":"max-video-preview:-1"},"canonical":"https:\/\/gohike.lv\/ru\/produkts\/uz-space-sporta-pudele-530ml\/","og_locale":"ru_RU","og_type":"article","og_title":"UZ Space Sporta pudele - 530ml","og_description":"Ergonomiska, BPA\u2011br\u012bva Tritan plastmasas pudele (530\u202fml) ar dro\u0161u v\u0101ci\u0146u un \u0113rti p\u0101rvad\u0101jamu siksni\u0146u \u2013 ide\u0101la sportam, ce\u013cojumiem un ikdienas lieto\u0161anai.","og_url":"https:\/\/gohike.lv\/ru\/produkts\/uz-space-sporta-pudele-530ml\/","og_site_name":"GoHike","article_publisher":"https:\/\/www.facebook.com\/gohike.shop\/","article_modified_time":"2026-01-03T04:17:38+00:00","og_image":[{"width":1024,"height":1024,"url":"https:\/\/gohike.lv\/wp-content\/uploads\/2025\/07\/5060_brown_.webp","type":"image\/webp"}],"twitter_card":"summary_large_image","twitter_title":"UZ Space Sporta pudele - 530ml","twitter_misc":{"\u041f\u0440\u0438\u043c\u0435\u0440\u043d\u043e\u0435 \u0432\u0440\u0435\u043c\u044f \u0434\u043b\u044f \u0447\u0442\u0435\u043d\u0438\u044f":"1 \u043c\u0438\u043d\u0443\u0442\u0430"},"schema":{"@context":"https:\/\/schema.org","@graph":[{"@type":["WebPage","ItemPage"],"@id":"https:\/\/gohike.lv\/ru\/produkts\/uz-space-sporta-pudele-530ml\/","url":"https:\/\/gohike.lv\/ru\/produkts\/uz-space-sporta-pudele-530ml\/","name":"UZ Space Sporta pudele - 530ml","isPartOf":{"@id":"https:\/\/gohike.lv\/ru\/#website"},"primaryImageOfPage":{"@id":"https:\/\/gohike.lv\/ru\/produkts\/uz-space-sporta-pudele-530ml\/#primaryimage"},"image":{"@id":"https:\/\/gohike.lv\/ru\/produkts\/uz-space-sporta-pudele-530ml\/#primaryimage"},"thumbnailUrl":"https:\/\/gohike.lv\/wp-content\/uploads\/2025\/07\/5060_brown_.webp","datePublished":"2025-07-22T07:09:45+00:00","dateModified":"2026-01-03T04:17:38+00:00","description":"Ergonomiska, BPA\u2011br\u012bva Tritan plastmasas pudele (530\u202fml) ar dro\u0161u v\u0101ci\u0146u un \u0113rti p\u0101rvad\u0101jamu siksni\u0146u \u2013 ide\u0101la sportam, ce\u013cojumiem un ikdienas lieto\u0161anai.","breadcrumb":{"@id":"https:\/\/gohike.lv\/ru\/produkts\/uz-space-sporta-pudele-530ml\/#breadcrumb"},"inLanguage":"ru-RU","potentialAction":[{"@type":"ReadAction","target":["https:\/\/gohike.lv\/ru\/produkts\/uz-space-sporta-pudele-530ml\/"]}]},{"@type":"ImageObject","inLanguage":"ru-RU","@id":"https:\/\/gohike.lv\/ru\/produkts\/uz-space-sporta-pudele-530ml\/#primaryimage","url":"https:\/\/gohike.lv\/wp-content\/uploads\/2025\/07\/5060_brown_.webp","contentUrl":"https:\/\/gohike.lv\/wp-content\/uploads\/2025\/07\/5060_brown_.webp","width":1024,"height":1024},{"@type":"BreadcrumbList","@id":"https:\/\/gohike.lv\/ru\/produkts\/uz-space-sporta-pudele-530ml\/#breadcrumb","itemListElement":[{"@type":"ListItem","position":1,"name":"\u0413\u043b\u0430\u0432\u043d\u0430\u044f","item":"https:\/\/gohike.lv\/ru\/"},{"@type":"ListItem","position":2,"name":"\u041a\u0430\u0442\u0435\u0433\u043e\u0440\u0438\u0438 \u0442\u043e\u0432\u0430\u0440\u043e\u0432","item":"https:\/\/gohike.lv\/%d0%ba%d0%b0%d1%82%d0%b5%d0%b3%d0%be%d1%80%d0%b8%d0%b8-%d1%82%d0%be%d0%b2%d0%b0%d1%80%d0%be%d0%b2\/"},{"@type":"ListItem","position":3,"name":"UZ Space &#8211; Sporta pudele &#8211; 530ml"}]},{"@type":"WebSite","@id":"https:\/\/gohike.lv\/ru\/#website","url":"https:\/\/gohike.lv\/ru\/","name":"GoHike","description":"","publisher":{"@id":"https:\/\/gohike.lv\/ru\/#organization"},"potentialAction":[{"@type":"SearchAction","target":{"@type":"EntryPoint","urlTemplate":"https:\/\/gohike.lv\/ru\/?s={search_term_string}"},"query-input":{"@type":"PropertyValueSpecification","valueRequired":true,"valueName":"search_term_string"}}],"inLanguage":"ru-RU"},{"@type":"Organization","@id":"https:\/\/gohike.lv\/ru\/#organization","name":"GoHike","url":"https:\/\/gohike.lv\/ru\/","logo":{"@type":"ImageObject","inLanguage":"ru-RU","@id":"https:\/\/gohike.lv\/ru\/#\/schema\/logo\/image\/","url":"https:\/\/gohike.lv\/wp-content\/uploads\/2023\/08\/Logo_GoHike.webp","contentUrl":"https:\/\/gohike.lv\/wp-content\/uploads\/2023\/08\/Logo_GoHike.webp","width":512,"height":512,"caption":"GoHike"},"image":{"@id":"https:\/\/gohike.lv\/ru\/#\/schema\/logo\/image\/"},"sameAs":["https:\/\/www.facebook.com\/gohike.shop\/","https:\/\/www.instagram.com\/gohike.shop\/"]}]}},"jetpack_sharing_enabled":true,"_links":{"self":[{"href":"https:\/\/gohike.lv\/ru\/wp-json\/wp\/v2\/product\/104870","targetHints":{"allow":["GET"]}}],"collection":[{"href":"https:\/\/gohike.lv\/ru\/wp-json\/wp\/v2\/product"}],"about":[{"href":"https:\/\/gohike.lv\/ru\/wp-json\/wp\/v2\/types\/product"}],"version-history":[{"count":0,"href":"https:\/\/gohike.lv\/ru\/wp-json\/wp\/v2\/product\/104870\/revisions"}],"wp:featuredmedia":[{"embeddable":true,"href":"https:\/\/gohike.lv\/ru\/wp-json\/wp\/v2\/media\/104882"}],"wp:attachment":[{"href":"https:\/\/gohike.lv\/ru\/wp-json\/wp\/v2\/media?parent=104870"}],"wp:term":[{"taxonomy":"product_brand","embeddable":true,"href":"https:\/\/gohike.lv\/ru\/wp-json\/wp\/v2\/product_brand?post=104870"},{"taxonomy":"product_cat","embeddable":true,"href":"https:\/\/gohike.lv\/ru\/wp-json\/wp\/v2\/product_cat?post=104870"},{"taxonomy":"product_tag","embeddable":true,"href":"https:\/\/gohike.lv\/ru\/wp-json\/wp\/v2\/product_tag?post=104870"}],"curies":[{"name":"wp","href":"https:\/\/api.w.org\/{rel}","templated":true}]}}