{"id":94254,"date":"2025-06-06T18:53:30","date_gmt":"2025-06-06T15:53:30","guid":{"rendered":"https:\/\/gohike.lv\/?post_type=product&#038;p=94254"},"modified":"2025-12-30T17:24:20","modified_gmt":"2025-12-30T14:24:20","slug":"gear-aid-revivex-pro-cleaner-auduma-tirisanas-lidzeklis-250ml","status":"publish","type":"product","link":"https:\/\/gohike.lv\/en\/produkts\/gear-aid-revivex-pro-cleaner-auduma-tirisanas-lidzeklis-250ml\/","title":{"rendered":"Gear Aid \u2013 Revivex Pro Cleaner auduma t\u012br\u012b\u0161anas l\u012bdzeklis, 250ml"},"content":{"rendered":"<p>Revivex Pro Cleaner ir augstas efektivit\u0101tes t\u012br\u012b\u0161anas l\u012bdzeklis, kas paredz\u0113ts tehnisk\u0101 \u0101ra ap\u0123\u0113rba un apr\u012bkojuma kop\u0161anai. T\u0101 maiga formula dro\u0161i att\u012bra GORE-TEX\u00ae, Dermizax un citus sint\u0113tiskos audumus, neatst\u0101jot atlikumus un uzlabojot \u016bdens atgr\u016b\u0161anas sp\u0113jas, no\u0146emot net\u012brumus un e\u013c\u013cas. Ide\u0101li piem\u0113rots sl\u0113po\u0161anas jak\u0101m, biks\u0113m, telt\u012bm, gu\u013cammaisiem un citiem \u0101ra ap\u0123\u0113rbiem.<br \/>\nGalven\u0101s \u012bpa\u0161\u012bbas:<br \/>\nMaigs t\u012br\u012bt\u0101js \u2013 \u016bdens b\u0101zes formula efekt\u012bvi un dro\u0161i att\u012bra \u0101ra apr\u012bkojumu, tostarp izol\u0101ciju un GORE-TEX\u00ae izstr\u0101d\u0101jumus<br \/>\nBez smar\u017eviel\u0101m \u2013 nesatur smar\u017evielas, m\u012bkstin\u0101t\u0101jus vai optiskos balin\u0101t\u0101jus<br \/>\nMaksimiz\u0113 elpojam\u012bbu \u2013 uztur sl\u0113po\u0161anas, lietus un \u016bdensnecaurlaid\u012bgo ap\u0123\u0113rbu t\u012bru un optim\u0101li funkcion\u0113jo\u0161u<br \/>\nDaudzfunkcion\u0101ls \u2013 atjauno visu veidu sint\u0113tisko virsdr\u0113bju, tostarp cimdu, fl\u012bsa un softshell ap\u0123\u0113rbu, svaigumu<br \/>\nKoncentr\u0113ts \u2013 ietaupa laiku un naudu; viena 250 ml pudele att\u012bra l\u012bdz 16 jak\u0101m<br \/>\nSpecifik\u0101cijas:<br \/>\nTilpums: 250 ml<br \/>\nLietojums: l\u012bdz 16 jak\u0101m vai 5 gu\u013cammaisiem<br \/>\nLieto\u0161anas veids: roku mazg\u0101\u0161ana vai ma\u0161\u012bnas mazg\u0101\u0161ana<br \/>\nBiolo\u0123iski no\u0101rd\u0101ms: j\u0101<br \/>\nBez smar\u017eviel\u0101m: j\u0101<br \/>\nSader\u012bgs ar HE ve\u013cas ma\u0161\u012bn\u0101m: j\u0101<br \/>\nIzcelsmes valsts: ASV<\/p>\n","protected":false},"excerpt":{"rendered":"<p>Maigs, \u016bdens b\u0101zes t\u012br\u012b\u0161anas l\u012bdzeklis bez smar\u017eviel\u0101m, piem\u0113rots GORE-TEX\u00ae, Dermizax un citu sint\u0113tisko audumu kop\u0161anai.<\/p>\n","protected":false},"featured_media":94255,"template":"","meta":[],"product_brand":[12836],"product_cat":[1617],"product_tag":[],"class_list":{"0":"post-94254","1":"product","2":"type-product","3":"status-publish","4":"has-post-thumbnail","6":"product_brand-gear-aid","7":"product_cat-instrumenti-un-kopsana","8":"pa_tilpums-250ml","10":"first","11":"instock","12":"taxable","13":"shipping-taxable","14":"purchasable","15":"product-type-simple"},"raw_content":{"name":"Gear Aid \u2013 Revivex Pro Cleaner auduma t\u012br\u012b\u0161anas l\u012bdzeklis, 250ml","description":"Revivex Pro Cleaner ir augstas efektivit\u0101tes t\u012br\u012b\u0161anas l\u012bdzeklis, kas paredz\u0113ts tehnisk\u0101 \u0101ra ap\u0123\u0113rba un apr\u012bkojuma kop\u0161anai. T\u0101 maiga formula dro\u0161i att\u012bra GORE-TEX\u00ae, Dermizax un citus sint\u0113tiskos audumus, neatst\u0101jot atlikumus un uzlabojot \u016bdens atgr\u016b\u0161anas sp\u0113jas, no\u0146emot net\u012brumus un e\u013c\u013cas. Ide\u0101li piem\u0113rots sl\u0113po\u0161anas jak\u0101m, biks\u0113m, telt\u012bm, gu\u013cammaisiem un citiem \u0101ra ap\u0123\u0113rbiem.\nGalven\u0101s \u012bpa\u0161\u012bbas:\nMaigs t\u012br\u012bt\u0101js \u2013 \u016bdens b\u0101zes formula efekt\u012bvi un dro\u0161i att\u012bra \u0101ra apr\u012bkojumu, tostarp izol\u0101ciju un GORE-TEX\u00ae izstr\u0101d\u0101jumus\nBez smar\u017eviel\u0101m \u2013 nesatur smar\u017evielas, m\u012bkstin\u0101t\u0101jus vai optiskos balin\u0101t\u0101jus\nMaksimiz\u0113 elpojam\u012bbu \u2013 uztur sl\u0113po\u0161anas, lietus un \u016bdensnecaurlaid\u012bgo ap\u0123\u0113rbu t\u012bru un optim\u0101li funkcion\u0113jo\u0161u\nDaudzfunkcion\u0101ls \u2013 atjauno visu veidu sint\u0113tisko virsdr\u0113bju, tostarp cimdu, fl\u012bsa un softshell ap\u0123\u0113rbu, svaigumu\nKoncentr\u0113ts \u2013 ietaupa laiku un naudu; viena 250 ml pudele att\u012bra l\u012bdz 16 jak\u0101m\nSpecifik\u0101cijas:\nTilpums: 250 ml\nLietojums: l\u012bdz 16 jak\u0101m vai 5 gu\u013cammaisiem\nLieto\u0161anas veids: roku mazg\u0101\u0161ana vai ma\u0161\u012bnas mazg\u0101\u0161ana\nBiolo\u0123iski no\u0101rd\u0101ms: j\u0101\nBez smar\u017eviel\u0101m: j\u0101\nSader\u012bgs ar HE ve\u013cas ma\u0161\u012bn\u0101m: j\u0101\nIzcelsmes valsts: ASV","short_description":"Maigs, \u016bdens b\u0101zes t\u012br\u012b\u0161anas l\u012bdzeklis bez smar\u017eviel\u0101m, piem\u0113rots GORE-TEX\u00ae, Dermizax un citu sint\u0113tisko audumu kop\u0161anai.\r\n","status":"publish","sku":"21563362954","original":94254},"wpml":{"translation_type":0,"has_translations":false,"original":94254,"duplicates":[],"translations":{"lv":94254,"en":null,"ru":null}},"supplier_id":null,"supplier_sku":"","barcode":"21563362954","atum_controlled":true,"out_stock_date":null,"out_stock_threshold":null,"inheritable":false,"inbound_stock":0,"stock_on_hold":0,"sold_today":0,"sales_last_days":0,"reserved_stock":0,"customer_returns":0,"warehouse_damage":0,"lost_in_post":0,"other_logs":0,"out_stock_days":0,"lost_sales":0,"has_location":false,"update_date":"2025-12-30T14:25:11","atum_locations":[],"atum_stock_status":"instock","restock_status":false,"low_stock_amount":"","sales_update_date":"2025-11-13T14:07:55","calc_backorders":null,"yoast_head":"<!-- This site is optimized with the Yoast SEO plugin v27.3 - https:\/\/yoast.com\/product\/yoast-seo-wordpress\/ -->\n<title>Gear Aid \u2013 Revivex Pro Cleaner auduma t\u012br\u012b\u0161anas l\u012bdzeklis, 250ml - GoHike<\/title>\n<meta name=\"description\" content=\"Maigs, \u016bdens b\u0101zes t\u012br\u012b\u0161anas l\u012bdzeklis bez smar\u017eviel\u0101m, piem\u0113rots GORE-TEX\u00ae, Dermizax un citu sint\u0113tisko audumu kop\u0161anai.\" \/>\n<meta name=\"robots\" content=\"index, follow, max-snippet:-1, max-image-preview:large, max-video-preview:-1\" \/>\n<link rel=\"canonical\" href=\"https:\/\/gohike.lv\/en\/produkts\/gear-aid-revivex-pro-cleaner-auduma-tirisanas-lidzeklis-250ml\/\" \/>\n<meta property=\"og:locale\" content=\"en_US\" \/>\n<meta property=\"og:type\" content=\"article\" \/>\n<meta property=\"og:title\" content=\"Gear Aid \u2013 Revivex Pro Cleaner auduma t\u012br\u012b\u0161anas l\u012bdzeklis, 250ml - GoHike\" \/>\n<meta property=\"og:description\" content=\"Maigs, \u016bdens b\u0101zes t\u012br\u012b\u0161anas l\u012bdzeklis bez smar\u017eviel\u0101m, piem\u0113rots GORE-TEX\u00ae, Dermizax un citu sint\u0113tisko audumu kop\u0161anai.\" \/>\n<meta property=\"og:url\" content=\"https:\/\/gohike.lv\/en\/produkts\/gear-aid-revivex-pro-cleaner-auduma-tirisanas-lidzeklis-250ml\/\" \/>\n<meta property=\"og:site_name\" content=\"GoHike\" \/>\n<meta property=\"article:publisher\" content=\"https:\/\/www.facebook.com\/gohike.shop\/\" \/>\n<meta property=\"article:modified_time\" content=\"2025-12-30T14:24:20+00:00\" \/>\n<meta property=\"og:image\" content=\"https:\/\/gohike.lv\/wp-content\/uploads\/2025\/06\/Cleaner_.webp\" \/>\n\t<meta property=\"og:image:width\" content=\"1200\" \/>\n\t<meta property=\"og:image:height\" content=\"1200\" \/>\n\t<meta property=\"og:image:type\" content=\"image\/webp\" \/>\n<meta name=\"twitter:card\" content=\"summary_large_image\" \/>\n<meta name=\"twitter:label1\" content=\"Est. reading time\" \/>\n\t<meta name=\"twitter:data1\" content=\"1 minute\" \/>\n<script type=\"application\/ld+json\" class=\"yoast-schema-graph\">{\"@context\":\"https:\\\/\\\/schema.org\",\"@graph\":[{\"@type\":[\"WebPage\",\"ItemPage\"],\"@id\":\"https:\\\/\\\/gohike.lv\\\/en\\\/produkts\\\/gear-aid-revivex-pro-cleaner-auduma-tirisanas-lidzeklis-250ml\\\/\",\"url\":\"https:\\\/\\\/gohike.lv\\\/en\\\/produkts\\\/gear-aid-revivex-pro-cleaner-auduma-tirisanas-lidzeklis-250ml\\\/\",\"name\":\"Gear Aid \u2013 Revivex Pro Cleaner auduma t\u012br\u012b\u0161anas l\u012bdzeklis, 250ml - GoHike\",\"isPartOf\":{\"@id\":\"https:\\\/\\\/gohike.lv\\\/en\\\/#website\"},\"primaryImageOfPage\":{\"@id\":\"https:\\\/\\\/gohike.lv\\\/en\\\/produkts\\\/gear-aid-revivex-pro-cleaner-auduma-tirisanas-lidzeklis-250ml\\\/#primaryimage\"},\"image\":{\"@id\":\"https:\\\/\\\/gohike.lv\\\/en\\\/produkts\\\/gear-aid-revivex-pro-cleaner-auduma-tirisanas-lidzeklis-250ml\\\/#primaryimage\"},\"thumbnailUrl\":\"https:\\\/\\\/gohike.lv\\\/wp-content\\\/uploads\\\/2025\\\/06\\\/Cleaner_.webp\",\"datePublished\":\"2025-06-06T15:53:30+00:00\",\"dateModified\":\"2025-12-30T14:24:20+00:00\",\"description\":\"Maigs, \u016bdens b\u0101zes t\u012br\u012b\u0161anas l\u012bdzeklis bez smar\u017eviel\u0101m, piem\u0113rots GORE-TEX\u00ae, Dermizax un citu sint\u0113tisko audumu kop\u0161anai.\",\"breadcrumb\":{\"@id\":\"https:\\\/\\\/gohike.lv\\\/en\\\/produkts\\\/gear-aid-revivex-pro-cleaner-auduma-tirisanas-lidzeklis-250ml\\\/#breadcrumb\"},\"inLanguage\":\"en-US\",\"potentialAction\":[{\"@type\":\"ReadAction\",\"target\":[\"https:\\\/\\\/gohike.lv\\\/en\\\/produkts\\\/gear-aid-revivex-pro-cleaner-auduma-tirisanas-lidzeklis-250ml\\\/\"]}]},{\"@type\":\"ImageObject\",\"inLanguage\":\"en-US\",\"@id\":\"https:\\\/\\\/gohike.lv\\\/en\\\/produkts\\\/gear-aid-revivex-pro-cleaner-auduma-tirisanas-lidzeklis-250ml\\\/#primaryimage\",\"url\":\"https:\\\/\\\/gohike.lv\\\/wp-content\\\/uploads\\\/2025\\\/06\\\/Cleaner_.webp\",\"contentUrl\":\"https:\\\/\\\/gohike.lv\\\/wp-content\\\/uploads\\\/2025\\\/06\\\/Cleaner_.webp\",\"width\":1200,\"height\":1200},{\"@type\":\"BreadcrumbList\",\"@id\":\"https:\\\/\\\/gohike.lv\\\/en\\\/produkts\\\/gear-aid-revivex-pro-cleaner-auduma-tirisanas-lidzeklis-250ml\\\/#breadcrumb\",\"itemListElement\":[{\"@type\":\"ListItem\",\"position\":1,\"name\":\"Home\",\"item\":\"https:\\\/\\\/gohike.lv\\\/en\\\/\"},{\"@type\":\"ListItem\",\"position\":2,\"name\":\"Product categories\",\"item\":\"https:\\\/\\\/gohike.lv\\\/en\\\/product-categories\\\/\"},{\"@type\":\"ListItem\",\"position\":3,\"name\":\"Gear Aid \u2013 Revivex Pro Cleaner auduma t\u012br\u012b\u0161anas l\u012bdzeklis, 250ml\"}]},{\"@type\":\"WebSite\",\"@id\":\"https:\\\/\\\/gohike.lv\\\/en\\\/#website\",\"url\":\"https:\\\/\\\/gohike.lv\\\/en\\\/\",\"name\":\"GoHike\",\"description\":\"\",\"publisher\":{\"@id\":\"https:\\\/\\\/gohike.lv\\\/en\\\/#organization\"},\"potentialAction\":[{\"@type\":\"SearchAction\",\"target\":{\"@type\":\"EntryPoint\",\"urlTemplate\":\"https:\\\/\\\/gohike.lv\\\/en\\\/?s={search_term_string}\"},\"query-input\":{\"@type\":\"PropertyValueSpecification\",\"valueRequired\":true,\"valueName\":\"search_term_string\"}}],\"inLanguage\":\"en-US\"},{\"@type\":\"Organization\",\"@id\":\"https:\\\/\\\/gohike.lv\\\/en\\\/#organization\",\"name\":\"GoHike\",\"url\":\"https:\\\/\\\/gohike.lv\\\/en\\\/\",\"logo\":{\"@type\":\"ImageObject\",\"inLanguage\":\"en-US\",\"@id\":\"https:\\\/\\\/gohike.lv\\\/en\\\/#\\\/schema\\\/logo\\\/image\\\/\",\"url\":\"https:\\\/\\\/gohike.lv\\\/wp-content\\\/uploads\\\/2023\\\/08\\\/Logo_GoHike.webp\",\"contentUrl\":\"https:\\\/\\\/gohike.lv\\\/wp-content\\\/uploads\\\/2023\\\/08\\\/Logo_GoHike.webp\",\"width\":512,\"height\":512,\"caption\":\"GoHike\"},\"image\":{\"@id\":\"https:\\\/\\\/gohike.lv\\\/en\\\/#\\\/schema\\\/logo\\\/image\\\/\"},\"sameAs\":[\"https:\\\/\\\/www.facebook.com\\\/gohike.shop\\\/\",\"https:\\\/\\\/www.instagram.com\\\/gohike.shop\\\/\"]}]}<\/script>\n<!-- \/ Yoast SEO plugin. -->","yoast_head_json":{"title":"Gear Aid \u2013 Revivex Pro Cleaner auduma t\u012br\u012b\u0161anas l\u012bdzeklis, 250ml - GoHike","description":"Maigs, \u016bdens b\u0101zes t\u012br\u012b\u0161anas l\u012bdzeklis bez smar\u017eviel\u0101m, piem\u0113rots GORE-TEX\u00ae, Dermizax un citu sint\u0113tisko audumu kop\u0161anai.","robots":{"index":"index","follow":"follow","max-snippet":"max-snippet:-1","max-image-preview":"max-image-preview:large","max-video-preview":"max-video-preview:-1"},"canonical":"https:\/\/gohike.lv\/en\/produkts\/gear-aid-revivex-pro-cleaner-auduma-tirisanas-lidzeklis-250ml\/","og_locale":"en_US","og_type":"article","og_title":"Gear Aid \u2013 Revivex Pro Cleaner auduma t\u012br\u012b\u0161anas l\u012bdzeklis, 250ml - GoHike","og_description":"Maigs, \u016bdens b\u0101zes t\u012br\u012b\u0161anas l\u012bdzeklis bez smar\u017eviel\u0101m, piem\u0113rots GORE-TEX\u00ae, Dermizax un citu sint\u0113tisko audumu kop\u0161anai.","og_url":"https:\/\/gohike.lv\/en\/produkts\/gear-aid-revivex-pro-cleaner-auduma-tirisanas-lidzeklis-250ml\/","og_site_name":"GoHike","article_publisher":"https:\/\/www.facebook.com\/gohike.shop\/","article_modified_time":"2025-12-30T14:24:20+00:00","og_image":[{"width":1200,"height":1200,"url":"https:\/\/gohike.lv\/wp-content\/uploads\/2025\/06\/Cleaner_.webp","type":"image\/webp"}],"twitter_card":"summary_large_image","twitter_misc":{"Est. reading time":"1 minute"},"schema":{"@context":"https:\/\/schema.org","@graph":[{"@type":["WebPage","ItemPage"],"@id":"https:\/\/gohike.lv\/en\/produkts\/gear-aid-revivex-pro-cleaner-auduma-tirisanas-lidzeklis-250ml\/","url":"https:\/\/gohike.lv\/en\/produkts\/gear-aid-revivex-pro-cleaner-auduma-tirisanas-lidzeklis-250ml\/","name":"Gear Aid \u2013 Revivex Pro Cleaner auduma t\u012br\u012b\u0161anas l\u012bdzeklis, 250ml - GoHike","isPartOf":{"@id":"https:\/\/gohike.lv\/en\/#website"},"primaryImageOfPage":{"@id":"https:\/\/gohike.lv\/en\/produkts\/gear-aid-revivex-pro-cleaner-auduma-tirisanas-lidzeklis-250ml\/#primaryimage"},"image":{"@id":"https:\/\/gohike.lv\/en\/produkts\/gear-aid-revivex-pro-cleaner-auduma-tirisanas-lidzeklis-250ml\/#primaryimage"},"thumbnailUrl":"https:\/\/gohike.lv\/wp-content\/uploads\/2025\/06\/Cleaner_.webp","datePublished":"2025-06-06T15:53:30+00:00","dateModified":"2025-12-30T14:24:20+00:00","description":"Maigs, \u016bdens b\u0101zes t\u012br\u012b\u0161anas l\u012bdzeklis bez smar\u017eviel\u0101m, piem\u0113rots GORE-TEX\u00ae, Dermizax un citu sint\u0113tisko audumu kop\u0161anai.","breadcrumb":{"@id":"https:\/\/gohike.lv\/en\/produkts\/gear-aid-revivex-pro-cleaner-auduma-tirisanas-lidzeklis-250ml\/#breadcrumb"},"inLanguage":"en-US","potentialAction":[{"@type":"ReadAction","target":["https:\/\/gohike.lv\/en\/produkts\/gear-aid-revivex-pro-cleaner-auduma-tirisanas-lidzeklis-250ml\/"]}]},{"@type":"ImageObject","inLanguage":"en-US","@id":"https:\/\/gohike.lv\/en\/produkts\/gear-aid-revivex-pro-cleaner-auduma-tirisanas-lidzeklis-250ml\/#primaryimage","url":"https:\/\/gohike.lv\/wp-content\/uploads\/2025\/06\/Cleaner_.webp","contentUrl":"https:\/\/gohike.lv\/wp-content\/uploads\/2025\/06\/Cleaner_.webp","width":1200,"height":1200},{"@type":"BreadcrumbList","@id":"https:\/\/gohike.lv\/en\/produkts\/gear-aid-revivex-pro-cleaner-auduma-tirisanas-lidzeklis-250ml\/#breadcrumb","itemListElement":[{"@type":"ListItem","position":1,"name":"Home","item":"https:\/\/gohike.lv\/en\/"},{"@type":"ListItem","position":2,"name":"Product categories","item":"https:\/\/gohike.lv\/en\/product-categories\/"},{"@type":"ListItem","position":3,"name":"Gear Aid \u2013 Revivex Pro Cleaner auduma t\u012br\u012b\u0161anas l\u012bdzeklis, 250ml"}]},{"@type":"WebSite","@id":"https:\/\/gohike.lv\/en\/#website","url":"https:\/\/gohike.lv\/en\/","name":"GoHike","description":"","publisher":{"@id":"https:\/\/gohike.lv\/en\/#organization"},"potentialAction":[{"@type":"SearchAction","target":{"@type":"EntryPoint","urlTemplate":"https:\/\/gohike.lv\/en\/?s={search_term_string}"},"query-input":{"@type":"PropertyValueSpecification","valueRequired":true,"valueName":"search_term_string"}}],"inLanguage":"en-US"},{"@type":"Organization","@id":"https:\/\/gohike.lv\/en\/#organization","name":"GoHike","url":"https:\/\/gohike.lv\/en\/","logo":{"@type":"ImageObject","inLanguage":"en-US","@id":"https:\/\/gohike.lv\/en\/#\/schema\/logo\/image\/","url":"https:\/\/gohike.lv\/wp-content\/uploads\/2023\/08\/Logo_GoHike.webp","contentUrl":"https:\/\/gohike.lv\/wp-content\/uploads\/2023\/08\/Logo_GoHike.webp","width":512,"height":512,"caption":"GoHike"},"image":{"@id":"https:\/\/gohike.lv\/en\/#\/schema\/logo\/image\/"},"sameAs":["https:\/\/www.facebook.com\/gohike.shop\/","https:\/\/www.instagram.com\/gohike.shop\/"]}]}},"jetpack_sharing_enabled":true,"_links":{"self":[{"href":"https:\/\/gohike.lv\/en\/wp-json\/wp\/v2\/product\/94254","targetHints":{"allow":["GET"]}}],"collection":[{"href":"https:\/\/gohike.lv\/en\/wp-json\/wp\/v2\/product"}],"about":[{"href":"https:\/\/gohike.lv\/en\/wp-json\/wp\/v2\/types\/product"}],"version-history":[{"count":0,"href":"https:\/\/gohike.lv\/en\/wp-json\/wp\/v2\/product\/94254\/revisions"}],"wp:featuredmedia":[{"embeddable":true,"href":"https:\/\/gohike.lv\/en\/wp-json\/wp\/v2\/media\/94255"}],"wp:attachment":[{"href":"https:\/\/gohike.lv\/en\/wp-json\/wp\/v2\/media?parent=94254"}],"wp:term":[{"taxonomy":"product_brand","embeddable":true,"href":"https:\/\/gohike.lv\/en\/wp-json\/wp\/v2\/product_brand?post=94254"},{"taxonomy":"product_cat","embeddable":true,"href":"https:\/\/gohike.lv\/en\/wp-json\/wp\/v2\/product_cat?post=94254"},{"taxonomy":"product_tag","embeddable":true,"href":"https:\/\/gohike.lv\/en\/wp-json\/wp\/v2\/product_tag?post=94254"}],"curies":[{"name":"wp","href":"https:\/\/api.w.org\/{rel}","templated":true}]}}