{"id":78218,"date":"2025-04-13T12:08:33","date_gmt":"2025-04-13T09:08:33","guid":{"rendered":"https:\/\/gohike.lv\/produkts\/julbo-explorer-2-0-reactiv-saulesbrilles\/"},"modified":"2025-12-30T17:24:22","modified_gmt":"2025-12-30T14:24:22","slug":"julbo-explorer-2-0-reactiv-saulesbrilles","status":"publish","type":"product","link":"https:\/\/gohike.lv\/en\/produkts\/julbo-explorer-2-0-reactiv-saulesbrilles\/","title":{"rendered":"Julbo &#8211; Explorer 2.0 Reactiv saulesbrilles"},"content":{"rendered":"<p>Galven\u0101s tehnolo\u0123ijas:<br \/>\n\u2714 Reactiv 2-4 Polarized &#8211; \u0101tra piel\u0101go\u0161an\u0101s no 5% l\u012bdz 20%;<br \/>\n\u2714 360\u00b0 regul\u0113jamas k\u0101ji\u0146as &#8211; ide\u0101la piegul\u0161ana ar\/bez \u0137iveres;<br \/>\n\u2714 Grip Tech &#8211; nesl\u012bdo\u0161i, matiem draudz\u012bgi k\u0101ji\u0146u uzga\u013ci;<br \/>\n\u2714 Front\u0101l\u0101 ventil\u0101cija &#8211; nov\u0113r\u0161 kondens\u0101ta veido\u0161anos;<br \/>\n\u2714 No\u0146emami s\u0101nu aizsargi &#8211; piln\u012bga aizsardz\u012bba ekstr\u0113mos apst\u0101k\u013cos.<br \/>\nTehniskie parametri:<br \/>\nL\u0113cu tips: Reactiv 2-4 Polarized;<br \/>\nGaismas caurlaid\u012bba: 5-20%;<br \/>\nUV aizsardz\u012bba: 100% UV400;<br \/>\nPolariz\u0101cija: J\u0101;<br \/>\nSvars: 44 g.<br \/>\nIzm\u0113rs: L.<br \/>\nOptimiz\u0113ts dizains:<br \/>\n\u2705 Pla\u0161s aizsarglaukums \u2013 maksim\u0101la aizsardz\u012bba;<br \/>\n\u2705 Materi\u0101ls, kas nav jut\u012bgs pret temperat\u016bras sv\u0101rst\u012bb\u0101m \u2013 nodro\u0161ina uzticamu darb\u012bbu jebkuros apst\u0101k\u013cos<br \/>\n\u2705 E\u013c\u013cu atgr\u016bdo\u0161s p\u0101rkl\u0101jums \u2013 vieglai kop\u0161anai<br \/>\n\u2705 Br\u016bns ton\u0113jums \u2013 uzlabota reljefa uztvere<br \/>\nIzm\u0113ri (mm):<br \/>\nL\u0113cas augstums: 11;<br \/>\nDeguna balsta platums: 47;<br \/>\nL\u0113cas platums: 47;<br \/>\nK\u0101ji\u0146u garums: 135.<br \/>\nKomplekt\u0101cija:<br \/>\nNo\u0146emami s\u0101nu aizsargi;<br \/>\nAizsardz\u012bbas aukli\u0146a;<br \/>\nJulbo mikro\u0161\u0137iedras uzglab\u0101\u0161anas maisi\u0146\u0161.<br \/>\nIeteicamie lietojumi:<br \/>\n\u25b8 Augstkalnu alp\u012bnisms (8000+);<br \/>\n\u25b8 Led\u0101ju eksped\u012bcijas;<br \/>\n\u25b8 Ekstr\u0113mas ziemas sporta veidi;<br \/>\n\u25b8 Eksped\u012bcijas tuksnes\u012b.<br \/>\nPiez\u012bme: EXPLORER 2.0 apvieno Julbo vado\u0161\u0101s tehnolo\u0123ijas ar uzlabotu ergonomiku un stilu.<br \/>\n<iframe title=\"How to clean the lenses of your goggles, glasses and helmet&#039;s visor?\" width=\"1200\" height=\"675\" src=\"https:\/\/www.youtube.com\/embed\/ZJZKDECR4cU?feature=oembed\" frameborder=\"0\" allow=\"accelerometer; autoplay; clipboard-write; encrypted-media; gyroscope; picture-in-picture; web-share\" referrerpolicy=\"strict-origin-when-cross-origin\" allowfullscreen><\/iframe><\/p>\n","protected":false},"excerpt":{"rendered":"<p>Nrilles ar Reactiv 2-4 Polarized l\u0113c\u0101m (5-20% gaismas caurlaid\u012bba), 360\u00b0 regul\u0113jam\u0101m k\u0101ji\u0146\u0101m un no\u0146emamiem s\u0101nu aizsargiem. Rad\u012btas ekstr\u0113miem kalnu apst\u0101k\u013ciem.<\/p>\n","protected":false},"featured_media":78430,"template":"","meta":[],"product_brand":[12860],"product_cat":[6942],"product_tag":[],"class_list":{"0":"post-78218","1":"product","2":"type-product","3":"status-publish","4":"has-post-thumbnail","6":"product_brand-julbo","7":"product_cat-saulesbrilles","8":"pa_produkta-tips-saulesbrilles","10":"first","11":"instock","12":"taxable","13":"shipping-taxable","14":"purchasable","15":"product-type-simple"},"raw_content":{"name":"Julbo - Explorer 2.0 Reactiv saulesbrilles","description":"Galven\u0101s tehnolo\u0123ijas:\n\u2714 Reactiv 2-4 Polarized - \u0101tra piel\u0101go\u0161an\u0101s no 5% l\u012bdz 20%;\n\u2714 360\u00b0 regul\u0113jamas k\u0101ji\u0146as - ide\u0101la piegul\u0161ana ar\/bez \u0137iveres;\n\u2714 Grip Tech - nesl\u012bdo\u0161i, matiem draudz\u012bgi k\u0101ji\u0146u uzga\u013ci;\n\u2714 Front\u0101l\u0101 ventil\u0101cija - nov\u0113r\u0161 kondens\u0101ta veido\u0161anos;\n\u2714 No\u0146emami s\u0101nu aizsargi - piln\u012bga aizsardz\u012bba ekstr\u0113mos apst\u0101k\u013cos.\nTehniskie parametri:\nL\u0113cu tips: Reactiv 2-4 Polarized;\nGaismas caurlaid\u012bba: 5-20%;\nUV aizsardz\u012bba: 100% UV400;\nPolariz\u0101cija: J\u0101;\nSvars: 44 g.\nIzm\u0113rs: L.\nOptimiz\u0113ts dizains:\n\u2705 Pla\u0161s aizsarglaukums \u2013 maksim\u0101la aizsardz\u012bba;\n\u2705 Materi\u0101ls, kas nav jut\u012bgs pret temperat\u016bras sv\u0101rst\u012bb\u0101m \u2013 nodro\u0161ina uzticamu darb\u012bbu jebkuros apst\u0101k\u013cos\n\u2705 E\u013c\u013cu atgr\u016bdo\u0161s p\u0101rkl\u0101jums \u2013 vieglai kop\u0161anai\n\u2705 Br\u016bns ton\u0113jums \u2013 uzlabota reljefa uztvere\nIzm\u0113ri (mm):\nL\u0113cas augstums: 11;\nDeguna balsta platums: 47;\nL\u0113cas platums: 47;\nK\u0101ji\u0146u garums: 135.\nKomplekt\u0101cija:\nNo\u0146emami s\u0101nu aizsargi;\nAizsardz\u012bbas aukli\u0146a;\nJulbo mikro\u0161\u0137iedras uzglab\u0101\u0161anas maisi\u0146\u0161.\nIeteicamie lietojumi:\n\u25b8 Augstkalnu alp\u012bnisms (8000+);\n\u25b8 Led\u0101ju eksped\u012bcijas;\n\u25b8 Ekstr\u0113mas ziemas sporta veidi;\n\u25b8 Eksped\u012bcijas tuksnes\u012b.\nPiez\u012bme: EXPLORER 2.0 apvieno Julbo vado\u0161\u0101s tehnolo\u0123ijas ar uzlabotu ergonomiku un stilu.\nhttps:\/\/www.youtube.com\/watch?v=ZJZKDECR4cU","short_description":"Nrilles ar Reactiv 2-4 Polarized l\u0113c\u0101m (5-20% gaismas caurlaid\u012bba), 360\u00b0 regul\u0113jam\u0101m k\u0101ji\u0146\u0101m un no\u0146emamiem s\u0101nu aizsargiem. Rad\u012btas ekstr\u0113miem kalnu apst\u0101k\u013ciem.","status":"publish","sku":"J4975012","original":78218},"wpml":{"translation_type":0,"has_translations":false,"original":78218,"duplicates":[],"translations":{"lv":78218,"en":null,"ru":null}},"supplier_id":null,"supplier_sku":"","barcode":null,"atum_controlled":true,"out_stock_date":null,"out_stock_threshold":null,"inheritable":false,"inbound_stock":0,"stock_on_hold":0,"sold_today":0,"sales_last_days":0,"reserved_stock":0,"customer_returns":0,"warehouse_damage":0,"lost_in_post":0,"other_logs":0,"out_stock_days":0,"lost_sales":0,"has_location":false,"update_date":"2025-12-30T14:25:12","atum_locations":[],"atum_stock_status":"instock","restock_status":false,"low_stock_amount":"","sales_update_date":"2025-11-13T14:09:05","calc_backorders":null,"yoast_head":"<!-- This site is optimized with the Yoast SEO plugin v27.3 - https:\/\/yoast.com\/product\/yoast-seo-wordpress\/ -->\n<title>Julbo Explorer 2.0 Reactiv saulesbrilles<\/title>\n<meta name=\"description\" content=\"Nrilles ar Reactiv 2-4 Polarized l\u0113c\u0101m (5-20% gaismas caurlaid\u012bba), 360\u00b0 regul\u0113jam\u0101m k\u0101ji\u0146\u0101m un no\u0146emamiem s\u0101nu aizsargiem. Rad\u012btas ekstr\u0113miem kalnu apst\u0101k\u013ciem.\" \/>\n<meta name=\"robots\" content=\"index, follow, max-snippet:-1, max-image-preview:large, max-video-preview:-1\" \/>\n<link rel=\"canonical\" href=\"https:\/\/gohike.lv\/en\/produkts\/julbo-explorer-2-0-reactiv-saulesbrilles\/\" \/>\n<meta property=\"og:locale\" content=\"en_US\" \/>\n<meta property=\"og:type\" content=\"article\" \/>\n<meta property=\"og:title\" content=\"Julbo Explorer 2.0 Reactiv saulesbrilles\" \/>\n<meta property=\"og:description\" content=\"Nrilles ar Reactiv 2-4 Polarized l\u0113c\u0101m (5-20% gaismas caurlaid\u012bba), 360\u00b0 regul\u0113jam\u0101m k\u0101ji\u0146\u0101m un no\u0146emamiem s\u0101nu aizsargiem. Rad\u012btas ekstr\u0113miem kalnu apst\u0101k\u013ciem.\" \/>\n<meta property=\"og:url\" content=\"https:\/\/gohike.lv\/en\/produkts\/julbo-explorer-2-0-reactiv-saulesbrilles\/\" \/>\n<meta property=\"og:site_name\" content=\"GoHike\" \/>\n<meta property=\"article:publisher\" content=\"https:\/\/www.facebook.com\/gohike.shop\/\" \/>\n<meta property=\"article:modified_time\" content=\"2025-12-30T14:24:22+00:00\" \/>\n<meta property=\"og:image\" content=\"https:\/\/gohike.lv\/wp-content\/uploads\/2025\/04\/ExpolrerReaktiv_.webp\" \/>\n\t<meta property=\"og:image:width\" content=\"823\" \/>\n\t<meta property=\"og:image:height\" content=\"823\" \/>\n\t<meta property=\"og:image:type\" content=\"image\/webp\" \/>\n<meta name=\"twitter:card\" content=\"summary_large_image\" \/>\n<meta name=\"twitter:title\" content=\"Julbo Explorer 2.0 Reactiv saulesbrilles\" \/>\n<meta name=\"twitter:label1\" content=\"Est. reading time\" \/>\n\t<meta name=\"twitter:data1\" content=\"2 minutes\" \/>\n<script type=\"application\/ld+json\" class=\"yoast-schema-graph\">{\"@context\":\"https:\\\/\\\/schema.org\",\"@graph\":[{\"@type\":[\"WebPage\",\"ItemPage\"],\"@id\":\"https:\\\/\\\/gohike.lv\\\/en\\\/produkts\\\/julbo-explorer-2-0-reactiv-saulesbrilles\\\/\",\"url\":\"https:\\\/\\\/gohike.lv\\\/en\\\/produkts\\\/julbo-explorer-2-0-reactiv-saulesbrilles\\\/\",\"name\":\"Julbo Explorer 2.0 Reactiv saulesbrilles\",\"isPartOf\":{\"@id\":\"https:\\\/\\\/gohike.lv\\\/en\\\/#website\"},\"primaryImageOfPage\":{\"@id\":\"https:\\\/\\\/gohike.lv\\\/en\\\/produkts\\\/julbo-explorer-2-0-reactiv-saulesbrilles\\\/#primaryimage\"},\"image\":{\"@id\":\"https:\\\/\\\/gohike.lv\\\/en\\\/produkts\\\/julbo-explorer-2-0-reactiv-saulesbrilles\\\/#primaryimage\"},\"thumbnailUrl\":\"https:\\\/\\\/gohike.lv\\\/wp-content\\\/uploads\\\/2025\\\/04\\\/ExpolrerReaktiv_.webp\",\"datePublished\":\"2025-04-13T09:08:33+00:00\",\"dateModified\":\"2025-12-30T14:24:22+00:00\",\"description\":\"Nrilles ar Reactiv 2-4 Polarized l\u0113c\u0101m (5-20% gaismas caurlaid\u012bba), 360\u00b0 regul\u0113jam\u0101m k\u0101ji\u0146\u0101m un no\u0146emamiem s\u0101nu aizsargiem. Rad\u012btas ekstr\u0113miem kalnu apst\u0101k\u013ciem.\",\"breadcrumb\":{\"@id\":\"https:\\\/\\\/gohike.lv\\\/en\\\/produkts\\\/julbo-explorer-2-0-reactiv-saulesbrilles\\\/#breadcrumb\"},\"inLanguage\":\"en-US\",\"potentialAction\":[{\"@type\":\"ReadAction\",\"target\":[\"https:\\\/\\\/gohike.lv\\\/en\\\/produkts\\\/julbo-explorer-2-0-reactiv-saulesbrilles\\\/\"]}]},{\"@type\":\"ImageObject\",\"inLanguage\":\"en-US\",\"@id\":\"https:\\\/\\\/gohike.lv\\\/en\\\/produkts\\\/julbo-explorer-2-0-reactiv-saulesbrilles\\\/#primaryimage\",\"url\":\"https:\\\/\\\/gohike.lv\\\/wp-content\\\/uploads\\\/2025\\\/04\\\/ExpolrerReaktiv_.webp\",\"contentUrl\":\"https:\\\/\\\/gohike.lv\\\/wp-content\\\/uploads\\\/2025\\\/04\\\/ExpolrerReaktiv_.webp\",\"width\":823,\"height\":823},{\"@type\":\"BreadcrumbList\",\"@id\":\"https:\\\/\\\/gohike.lv\\\/en\\\/produkts\\\/julbo-explorer-2-0-reactiv-saulesbrilles\\\/#breadcrumb\",\"itemListElement\":[{\"@type\":\"ListItem\",\"position\":1,\"name\":\"Home\",\"item\":\"https:\\\/\\\/gohike.lv\\\/en\\\/\"},{\"@type\":\"ListItem\",\"position\":2,\"name\":\"Product categories\",\"item\":\"https:\\\/\\\/gohike.lv\\\/en\\\/product-categories\\\/\"},{\"@type\":\"ListItem\",\"position\":3,\"name\":\"Julbo &#8211; Explorer 2.0 Reactiv saulesbrilles\"}]},{\"@type\":\"WebSite\",\"@id\":\"https:\\\/\\\/gohike.lv\\\/en\\\/#website\",\"url\":\"https:\\\/\\\/gohike.lv\\\/en\\\/\",\"name\":\"GoHike\",\"description\":\"\",\"publisher\":{\"@id\":\"https:\\\/\\\/gohike.lv\\\/en\\\/#organization\"},\"potentialAction\":[{\"@type\":\"SearchAction\",\"target\":{\"@type\":\"EntryPoint\",\"urlTemplate\":\"https:\\\/\\\/gohike.lv\\\/en\\\/?s={search_term_string}\"},\"query-input\":{\"@type\":\"PropertyValueSpecification\",\"valueRequired\":true,\"valueName\":\"search_term_string\"}}],\"inLanguage\":\"en-US\"},{\"@type\":\"Organization\",\"@id\":\"https:\\\/\\\/gohike.lv\\\/en\\\/#organization\",\"name\":\"GoHike\",\"url\":\"https:\\\/\\\/gohike.lv\\\/en\\\/\",\"logo\":{\"@type\":\"ImageObject\",\"inLanguage\":\"en-US\",\"@id\":\"https:\\\/\\\/gohike.lv\\\/en\\\/#\\\/schema\\\/logo\\\/image\\\/\",\"url\":\"https:\\\/\\\/gohike.lv\\\/wp-content\\\/uploads\\\/2023\\\/08\\\/Logo_GoHike.webp\",\"contentUrl\":\"https:\\\/\\\/gohike.lv\\\/wp-content\\\/uploads\\\/2023\\\/08\\\/Logo_GoHike.webp\",\"width\":512,\"height\":512,\"caption\":\"GoHike\"},\"image\":{\"@id\":\"https:\\\/\\\/gohike.lv\\\/en\\\/#\\\/schema\\\/logo\\\/image\\\/\"},\"sameAs\":[\"https:\\\/\\\/www.facebook.com\\\/gohike.shop\\\/\",\"https:\\\/\\\/www.instagram.com\\\/gohike.shop\\\/\"]}]}<\/script>\n<!-- \/ Yoast SEO plugin. -->","yoast_head_json":{"title":"Julbo Explorer 2.0 Reactiv saulesbrilles","description":"Nrilles ar Reactiv 2-4 Polarized l\u0113c\u0101m (5-20% gaismas caurlaid\u012bba), 360\u00b0 regul\u0113jam\u0101m k\u0101ji\u0146\u0101m un no\u0146emamiem s\u0101nu aizsargiem. Rad\u012btas ekstr\u0113miem kalnu apst\u0101k\u013ciem.","robots":{"index":"index","follow":"follow","max-snippet":"max-snippet:-1","max-image-preview":"max-image-preview:large","max-video-preview":"max-video-preview:-1"},"canonical":"https:\/\/gohike.lv\/en\/produkts\/julbo-explorer-2-0-reactiv-saulesbrilles\/","og_locale":"en_US","og_type":"article","og_title":"Julbo Explorer 2.0 Reactiv saulesbrilles","og_description":"Nrilles ar Reactiv 2-4 Polarized l\u0113c\u0101m (5-20% gaismas caurlaid\u012bba), 360\u00b0 regul\u0113jam\u0101m k\u0101ji\u0146\u0101m un no\u0146emamiem s\u0101nu aizsargiem. Rad\u012btas ekstr\u0113miem kalnu apst\u0101k\u013ciem.","og_url":"https:\/\/gohike.lv\/en\/produkts\/julbo-explorer-2-0-reactiv-saulesbrilles\/","og_site_name":"GoHike","article_publisher":"https:\/\/www.facebook.com\/gohike.shop\/","article_modified_time":"2025-12-30T14:24:22+00:00","og_image":[{"width":823,"height":823,"url":"https:\/\/gohike.lv\/wp-content\/uploads\/2025\/04\/ExpolrerReaktiv_.webp","type":"image\/webp"}],"twitter_card":"summary_large_image","twitter_title":"Julbo Explorer 2.0 Reactiv saulesbrilles","twitter_misc":{"Est. reading time":"2 minutes"},"schema":{"@context":"https:\/\/schema.org","@graph":[{"@type":["WebPage","ItemPage"],"@id":"https:\/\/gohike.lv\/en\/produkts\/julbo-explorer-2-0-reactiv-saulesbrilles\/","url":"https:\/\/gohike.lv\/en\/produkts\/julbo-explorer-2-0-reactiv-saulesbrilles\/","name":"Julbo Explorer 2.0 Reactiv saulesbrilles","isPartOf":{"@id":"https:\/\/gohike.lv\/en\/#website"},"primaryImageOfPage":{"@id":"https:\/\/gohike.lv\/en\/produkts\/julbo-explorer-2-0-reactiv-saulesbrilles\/#primaryimage"},"image":{"@id":"https:\/\/gohike.lv\/en\/produkts\/julbo-explorer-2-0-reactiv-saulesbrilles\/#primaryimage"},"thumbnailUrl":"https:\/\/gohike.lv\/wp-content\/uploads\/2025\/04\/ExpolrerReaktiv_.webp","datePublished":"2025-04-13T09:08:33+00:00","dateModified":"2025-12-30T14:24:22+00:00","description":"Nrilles ar Reactiv 2-4 Polarized l\u0113c\u0101m (5-20% gaismas caurlaid\u012bba), 360\u00b0 regul\u0113jam\u0101m k\u0101ji\u0146\u0101m un no\u0146emamiem s\u0101nu aizsargiem. Rad\u012btas ekstr\u0113miem kalnu apst\u0101k\u013ciem.","breadcrumb":{"@id":"https:\/\/gohike.lv\/en\/produkts\/julbo-explorer-2-0-reactiv-saulesbrilles\/#breadcrumb"},"inLanguage":"en-US","potentialAction":[{"@type":"ReadAction","target":["https:\/\/gohike.lv\/en\/produkts\/julbo-explorer-2-0-reactiv-saulesbrilles\/"]}]},{"@type":"ImageObject","inLanguage":"en-US","@id":"https:\/\/gohike.lv\/en\/produkts\/julbo-explorer-2-0-reactiv-saulesbrilles\/#primaryimage","url":"https:\/\/gohike.lv\/wp-content\/uploads\/2025\/04\/ExpolrerReaktiv_.webp","contentUrl":"https:\/\/gohike.lv\/wp-content\/uploads\/2025\/04\/ExpolrerReaktiv_.webp","width":823,"height":823},{"@type":"BreadcrumbList","@id":"https:\/\/gohike.lv\/en\/produkts\/julbo-explorer-2-0-reactiv-saulesbrilles\/#breadcrumb","itemListElement":[{"@type":"ListItem","position":1,"name":"Home","item":"https:\/\/gohike.lv\/en\/"},{"@type":"ListItem","position":2,"name":"Product categories","item":"https:\/\/gohike.lv\/en\/product-categories\/"},{"@type":"ListItem","position":3,"name":"Julbo &#8211; Explorer 2.0 Reactiv saulesbrilles"}]},{"@type":"WebSite","@id":"https:\/\/gohike.lv\/en\/#website","url":"https:\/\/gohike.lv\/en\/","name":"GoHike","description":"","publisher":{"@id":"https:\/\/gohike.lv\/en\/#organization"},"potentialAction":[{"@type":"SearchAction","target":{"@type":"EntryPoint","urlTemplate":"https:\/\/gohike.lv\/en\/?s={search_term_string}"},"query-input":{"@type":"PropertyValueSpecification","valueRequired":true,"valueName":"search_term_string"}}],"inLanguage":"en-US"},{"@type":"Organization","@id":"https:\/\/gohike.lv\/en\/#organization","name":"GoHike","url":"https:\/\/gohike.lv\/en\/","logo":{"@type":"ImageObject","inLanguage":"en-US","@id":"https:\/\/gohike.lv\/en\/#\/schema\/logo\/image\/","url":"https:\/\/gohike.lv\/wp-content\/uploads\/2023\/08\/Logo_GoHike.webp","contentUrl":"https:\/\/gohike.lv\/wp-content\/uploads\/2023\/08\/Logo_GoHike.webp","width":512,"height":512,"caption":"GoHike"},"image":{"@id":"https:\/\/gohike.lv\/en\/#\/schema\/logo\/image\/"},"sameAs":["https:\/\/www.facebook.com\/gohike.shop\/","https:\/\/www.instagram.com\/gohike.shop\/"]}]}},"jetpack_sharing_enabled":true,"_links":{"self":[{"href":"https:\/\/gohike.lv\/en\/wp-json\/wp\/v2\/product\/78218","targetHints":{"allow":["GET"]}}],"collection":[{"href":"https:\/\/gohike.lv\/en\/wp-json\/wp\/v2\/product"}],"about":[{"href":"https:\/\/gohike.lv\/en\/wp-json\/wp\/v2\/types\/product"}],"version-history":[{"count":1,"href":"https:\/\/gohike.lv\/en\/wp-json\/wp\/v2\/product\/78218\/revisions"}],"predecessor-version":[{"id":118774,"href":"https:\/\/gohike.lv\/en\/wp-json\/wp\/v2\/product\/78218\/revisions\/118774"}],"wp:featuredmedia":[{"embeddable":true,"href":"https:\/\/gohike.lv\/en\/wp-json\/wp\/v2\/media\/78430"}],"wp:attachment":[{"href":"https:\/\/gohike.lv\/en\/wp-json\/wp\/v2\/media?parent=78218"}],"wp:term":[{"taxonomy":"product_brand","embeddable":true,"href":"https:\/\/gohike.lv\/en\/wp-json\/wp\/v2\/product_brand?post=78218"},{"taxonomy":"product_cat","embeddable":true,"href":"https:\/\/gohike.lv\/en\/wp-json\/wp\/v2\/product_cat?post=78218"},{"taxonomy":"product_tag","embeddable":true,"href":"https:\/\/gohike.lv\/en\/wp-json\/wp\/v2\/product_tag?post=78218"}],"curies":[{"name":"wp","href":"https:\/\/api.w.org\/{rel}","templated":true}]}}